{"id":113669,"date":"2021-05-07T10:08:34","date_gmt":"2021-05-07T17:08:34","guid":{"rendered":"https:\/\/www.mercadokeys.com\/product\/xcom-chimera-squad-steam-cd-key-2\/"},"modified":"2026-04-27T12:47:45","modified_gmt":"2026-04-27T19:47:45","slug":"xcom-chimera-squad-steam-cd-key-2","status":"publish","type":"product","link":"https:\/\/www.mercadokeys.com.mx\/eng\/product\/xcom-chimera-squad-steam-cd-key-2\/","title":{"rendered":"XCOM: Chimera Squad Steam CD Key"},"content":{"rendered":"<p>XCOM: Chimera Squad es una nueva historia que se desarrolla como una experiencia de combate t\u00e1ctico por turnos en el universo XCOM.<\/p>\n<p>La humanidad gan\u00f3 la guerra por la Tierra tras a\u00f1os de dominio alien\u00edgena; pero al huir, los Overlords dejaron atr\u00e1s a quienes fueran sus soldados. Ahora, cinco a\u00f1os despu\u00e9s de los eventos de XCOM 2, humanos y alien\u00edgenas trabajan unidos por una civilizaci\u00f3n de cooperaci\u00f3n y coexistencia.<\/p>","protected":false},"excerpt":{"rendered":"<p>XCOM: Chimera Squad es una nueva historia que se desarrolla como una experiencia de combate t\u00e1ctico por turnos en el universo XCOM. La humanidad gan\u00f3 la guerra por la Tierra tras a\u00f1os de dominio alien\u00edgena; pero al huir, los Overlords dejaron atr\u00e1s a quienes fueran sus soldados. Ahora, cinco a\u00f1os despu\u00e9s de los eventos de&#8230;<\/p>","protected":false},"featured_media":121312,"template":"","meta":{"_monsterinsights_skip_tracking":false,"_monsterinsights_sitenote_active":false,"_monsterinsights_sitenote_note":"","_monsterinsights_sitenote_category":0},"product_brand":[],"product_cat":[1501,2981,3596,1271,3164,1283,1280,1273,1392,1401,1424,1423],"product_tag":[1526,2847,2846],"class_list":{"0":"post-113669","1":"product","2":"type-product","3":"status-publish","4":"has-post-thumbnail","6":"product_cat-tienda-de-videojuegos-ultimos-juegos-tijuana-mexico","7":"product_cat-destacados","8":"product_cat-tienda-de-videojuegos-steam-recomendados-en-tijuana-mexico","9":"product_cat-tienda-de-videojuegos-tijuana-mexico","10":"product_cat-tienda-de-videojuegos-baratos-economicos-tijuana-mexico","11":"product_cat-tienda-de-videojuegos-plataformas-tijuana-mexico","12":"product_cat-tienda-de-videojuegos-pc-tijuana-mexico","13":"product_cat-tienda-de-videojuegos-steam-key-tijuana-mexico","14":"product_cat-tienda-de-videojuegos-accion-tijuana-mexico","15":"product_cat-tienda-de-videojuegos-estrategia-tijuana-mexico","16":"product_cat-tienda-de-videojuegos-lo-mas-jugados-tijuana-mexico","17":"product_cat-tienda-de-videojuegos-nuevos-lanzamientos-tijuana-mexico","18":"product_tag-steam","19":"product_tag-xcom","20":"product_tag-xcom-chimera-squad","22":"first","23":"instock","24":"shipping-taxable","25":"purchasable","26":"product-type-simple"},"yoast_head":"<!-- This site is optimized with the Yoast SEO plugin v27.0 - https:\/\/yoast.com\/product\/yoast-seo-wordpress\/ -->\n<title>XCOM: Chimera Squad Steam CD Key - MERCADOKEYS<\/title>\n<meta name=\"description\" content=\"XCOM: Chimera Squad es una nueva historia que se desarrolla como una experiencia de combate t\u00e1ctico por turnos en el universo XCOM.\" \/>\n<meta name=\"robots\" content=\"index, follow, max-snippet:-1, max-image-preview:large, max-video-preview:-1\" \/>\n<link rel=\"canonical\" href=\"https:\/\/www.mercadokeys.com\/product\/xcom-chimera-squad-steam-cd-key-2\/\" \/>\n<meta property=\"og:locale\" content=\"en_GB\" \/>\n<meta property=\"og:type\" content=\"article\" \/>\n<meta property=\"og:title\" content=\"XCOM: Chimera Squad Steam CD Key - MERCADOKEYS\" \/>\n<meta property=\"og:description\" content=\"XCOM: Chimera Squad es una nueva historia que se desarrolla como una experiencia de combate t\u00e1ctico por turnos en el universo XCOM.\" \/>\n<meta property=\"og:url\" content=\"https:\/\/www.mercadokeys.com\/product\/xcom-chimera-squad-steam-cd-key-2\/\" \/>\n<meta property=\"og:site_name\" content=\"MERCADOKEYS\" \/>\n<meta property=\"article:modified_time\" content=\"2026-04-27T19:47:45+00:00\" \/>\n<meta property=\"og:image\" content=\"https:\/\/www.mercadokeys.com\/wp-content\/uploads\/2021\/05\/XCOM-Chimera-Squad-Steam-CD-Key-1.jpg\" \/>\n\t<meta property=\"og:image:width\" content=\"460\" \/>\n\t<meta property=\"og:image:height\" content=\"672\" \/>\n\t<meta property=\"og:image:type\" content=\"image\/jpeg\" \/>\n<meta name=\"twitter:card\" content=\"summary_large_image\" \/>\n<meta name=\"twitter:label1\" content=\"Estimated reading time\" \/>\n\t<meta name=\"twitter:data1\" content=\"1 minute\" \/>\n<script type=\"application\/ld+json\" class=\"yoast-schema-graph\">{\"@context\":\"https:\/\/schema.org\",\"@graph\":[{\"@type\":\"WebPage\",\"@id\":\"https:\/\/www.mercadokeys.com\/product\/xcom-chimera-squad-steam-cd-key-2\/\",\"url\":\"https:\/\/www.mercadokeys.com\/product\/xcom-chimera-squad-steam-cd-key-2\/\",\"name\":\"XCOM: Chimera Squad Steam CD Key - MERCADOKEYS\",\"isPartOf\":{\"@id\":\"https:\/\/www.mercadokeys.com\/eng\/#website\"},\"primaryImageOfPage\":{\"@id\":\"https:\/\/www.mercadokeys.com\/product\/xcom-chimera-squad-steam-cd-key-2\/#primaryimage\"},\"image\":{\"@id\":\"https:\/\/www.mercadokeys.com\/product\/xcom-chimera-squad-steam-cd-key-2\/#primaryimage\"},\"thumbnailUrl\":\"https:\/\/www.mercadokeys.com.mx\/wp-content\/uploads\/2021\/05\/XCOM-Chimera-Squad-Steam-CD-Key-1.jpg\",\"datePublished\":\"2021-05-07T17:08:34+00:00\",\"dateModified\":\"2026-04-27T19:47:45+00:00\",\"description\":\"XCOM: Chimera Squad es una nueva historia que se desarrolla como una experiencia de combate t\u00e1ctico por turnos en el universo XCOM.\",\"breadcrumb\":{\"@id\":\"https:\/\/www.mercadokeys.com\/product\/xcom-chimera-squad-steam-cd-key-2\/#breadcrumb\"},\"inLanguage\":\"en-GB\",\"potentialAction\":[{\"@type\":\"ReadAction\",\"target\":[\"https:\/\/www.mercadokeys.com\/product\/xcom-chimera-squad-steam-cd-key-2\/\"]}]},{\"@type\":\"ImageObject\",\"inLanguage\":\"en-GB\",\"@id\":\"https:\/\/www.mercadokeys.com\/product\/xcom-chimera-squad-steam-cd-key-2\/#primaryimage\",\"url\":\"https:\/\/www.mercadokeys.com.mx\/wp-content\/uploads\/2021\/05\/XCOM-Chimera-Squad-Steam-CD-Key-1.jpg\",\"contentUrl\":\"https:\/\/www.mercadokeys.com.mx\/wp-content\/uploads\/2021\/05\/XCOM-Chimera-Squad-Steam-CD-Key-1.jpg\",\"width\":460,\"height\":672,\"caption\":\"XCOM: Chimera Squad Steam CD Key\"},{\"@type\":\"BreadcrumbList\",\"@id\":\"https:\/\/www.mercadokeys.com\/product\/xcom-chimera-squad-steam-cd-key-2\/#breadcrumb\",\"itemListElement\":[{\"@type\":\"ListItem\",\"position\":1,\"name\":\"Inicio\",\"item\":\"https:\/\/www.mercadokeys.com.mx\/\"},{\"@type\":\"ListItem\",\"position\":2,\"name\":\"Tienda\",\"item\":\"https:\/\/www.mercadokeys.com\/shop\/\"},{\"@type\":\"ListItem\",\"position\":3,\"name\":\"XCOM: Chimera Squad Steam CD Key\"}]},{\"@type\":\"WebSite\",\"@id\":\"https:\/\/www.mercadokeys.com\/eng\/#website\",\"url\":\"https:\/\/www.mercadokeys.com\/eng\/\",\"name\":\"MERCADOKEYS\",\"description\":\"Tu Tienda de videojuegos digitales en Mexico!\",\"potentialAction\":[{\"@type\":\"SearchAction\",\"target\":{\"@type\":\"EntryPoint\",\"urlTemplate\":\"https:\/\/www.mercadokeys.com\/eng\/?s={search_term_string}\"},\"query-input\":{\"@type\":\"PropertyValueSpecification\",\"valueRequired\":true,\"valueName\":\"search_term_string\"}}],\"inLanguage\":\"en-GB\"}]}<\/script>\n<!-- \/ Yoast SEO plugin. -->","yoast_head_json":{"title":"XCOM: Chimera Squad Steam CD Key - MERCADOKEYS","description":"XCOM: Chimera Squad es una nueva historia que se desarrolla como una experiencia de combate t\u00e1ctico por turnos en el universo XCOM.","robots":{"index":"index","follow":"follow","max-snippet":"max-snippet:-1","max-image-preview":"max-image-preview:large","max-video-preview":"max-video-preview:-1"},"canonical":"https:\/\/www.mercadokeys.com\/product\/xcom-chimera-squad-steam-cd-key-2\/","og_locale":"en_GB","og_type":"article","og_title":"XCOM: Chimera Squad Steam CD Key - MERCADOKEYS","og_description":"XCOM: Chimera Squad es una nueva historia que se desarrolla como una experiencia de combate t\u00e1ctico por turnos en el universo XCOM.","og_url":"https:\/\/www.mercadokeys.com\/product\/xcom-chimera-squad-steam-cd-key-2\/","og_site_name":"MERCADOKEYS","article_modified_time":"2026-04-27T19:47:45+00:00","og_image":[{"width":460,"height":672,"url":"https:\/\/www.mercadokeys.com\/wp-content\/uploads\/2021\/05\/XCOM-Chimera-Squad-Steam-CD-Key-1.jpg","type":"image\/jpeg"}],"twitter_card":"summary_large_image","twitter_misc":{"Estimated reading time":"1 minute"},"schema":{"@context":"https:\/\/schema.org","@graph":[{"@type":"WebPage","@id":"https:\/\/www.mercadokeys.com\/product\/xcom-chimera-squad-steam-cd-key-2\/","url":"https:\/\/www.mercadokeys.com\/product\/xcom-chimera-squad-steam-cd-key-2\/","name":"XCOM: Chimera Squad Steam CD Key - MERCADOKEYS","isPartOf":{"@id":"https:\/\/www.mercadokeys.com\/eng\/#website"},"primaryImageOfPage":{"@id":"https:\/\/www.mercadokeys.com\/product\/xcom-chimera-squad-steam-cd-key-2\/#primaryimage"},"image":{"@id":"https:\/\/www.mercadokeys.com\/product\/xcom-chimera-squad-steam-cd-key-2\/#primaryimage"},"thumbnailUrl":"https:\/\/www.mercadokeys.com.mx\/wp-content\/uploads\/2021\/05\/XCOM-Chimera-Squad-Steam-CD-Key-1.jpg","datePublished":"2021-05-07T17:08:34+00:00","dateModified":"2026-04-27T19:47:45+00:00","description":"XCOM: Chimera Squad es una nueva historia que se desarrolla como una experiencia de combate t\u00e1ctico por turnos en el universo XCOM.","breadcrumb":{"@id":"https:\/\/www.mercadokeys.com\/product\/xcom-chimera-squad-steam-cd-key-2\/#breadcrumb"},"inLanguage":"en-GB","potentialAction":[{"@type":"ReadAction","target":["https:\/\/www.mercadokeys.com\/product\/xcom-chimera-squad-steam-cd-key-2\/"]}]},{"@type":"ImageObject","inLanguage":"en-GB","@id":"https:\/\/www.mercadokeys.com\/product\/xcom-chimera-squad-steam-cd-key-2\/#primaryimage","url":"https:\/\/www.mercadokeys.com.mx\/wp-content\/uploads\/2021\/05\/XCOM-Chimera-Squad-Steam-CD-Key-1.jpg","contentUrl":"https:\/\/www.mercadokeys.com.mx\/wp-content\/uploads\/2021\/05\/XCOM-Chimera-Squad-Steam-CD-Key-1.jpg","width":460,"height":672,"caption":"XCOM: Chimera Squad Steam CD Key"},{"@type":"BreadcrumbList","@id":"https:\/\/www.mercadokeys.com\/product\/xcom-chimera-squad-steam-cd-key-2\/#breadcrumb","itemListElement":[{"@type":"ListItem","position":1,"name":"Inicio","item":"https:\/\/www.mercadokeys.com.mx\/"},{"@type":"ListItem","position":2,"name":"Tienda","item":"https:\/\/www.mercadokeys.com\/shop\/"},{"@type":"ListItem","position":3,"name":"XCOM: Chimera Squad Steam CD Key"}]},{"@type":"WebSite","@id":"https:\/\/www.mercadokeys.com\/eng\/#website","url":"https:\/\/www.mercadokeys.com\/eng\/","name":"MERCADOKEYS","description":"Tu Tienda de videojuegos digitales en Mexico!","potentialAction":[{"@type":"SearchAction","target":{"@type":"EntryPoint","urlTemplate":"https:\/\/www.mercadokeys.com\/eng\/?s={search_term_string}"},"query-input":{"@type":"PropertyValueSpecification","valueRequired":true,"valueName":"search_term_string"}}],"inLanguage":"en-GB"}]}},"df_price":78.782904,"df_sale_price":78.782904,"df_regular_price":78.782904,"df_image_link":"https:\/\/www.mercadokeys.com.mx\/wp-content\/uploads\/2021\/05\/XCOM-Chimera-Squad-Steam-CD-Key-1-205x300.jpg","_links":{"self":[{"href":"https:\/\/www.mercadokeys.com.mx\/eng\/wp-json\/wp\/v2\/product\/113669","targetHints":{"allow":["GET"]}}],"collection":[{"href":"https:\/\/www.mercadokeys.com.mx\/eng\/wp-json\/wp\/v2\/product"}],"about":[{"href":"https:\/\/www.mercadokeys.com.mx\/eng\/wp-json\/wp\/v2\/types\/product"}],"wp:featuredmedia":[{"embeddable":true,"href":"https:\/\/www.mercadokeys.com.mx\/eng\/wp-json\/wp\/v2\/media\/121312"}],"wp:attachment":[{"href":"https:\/\/www.mercadokeys.com.mx\/eng\/wp-json\/wp\/v2\/media?parent=113669"}],"wp:term":[{"taxonomy":"product_brand","embeddable":true,"href":"https:\/\/www.mercadokeys.com.mx\/eng\/wp-json\/wp\/v2\/product_brand?post=113669"},{"taxonomy":"product_cat","embeddable":true,"href":"https:\/\/www.mercadokeys.com.mx\/eng\/wp-json\/wp\/v2\/product_cat?post=113669"},{"taxonomy":"product_tag","embeddable":true,"href":"https:\/\/www.mercadokeys.com.mx\/eng\/wp-json\/wp\/v2\/product_tag?post=113669"}],"curies":[{"name":"wp","href":"https:\/\/api.w.org\/{rel}","templated":true}]}}