{"id":113525,"date":"2021-05-04T16:21:36","date_gmt":"2021-05-04T23:21:36","guid":{"rendered":"https:\/\/www.mercadokeys.com\/product\/shapez-io-steam-cd-key\/"},"modified":"2022-06-29T06:07:35","modified_gmt":"2022-06-29T13:07:35","slug":"shapez-io-steam-cd-key","status":"publish","type":"product","link":"https:\/\/www.mercadokeys.com.mx\/eng\/product\/shapez-io-steam-cd-key\/","title":{"rendered":"shapez.io Steam CD Key"},"content":{"rendered":"<p>Shapez.io es un juego tranquilo en el que tienes que construir f\u00e1bricas para la producci\u00f3n automatizada de formas geom\u00e9tricas.<\/p>\n<p>A medida que el nivel aumenta, las formas se vuelven m\u00e1s y m\u00e1s complejas, y tienes que extenderte en un mapa infinito.<\/p>\n<p>Y por si fuera poco, tambi\u00e9n tienes que producir exponencialmente m\u00e1s para satisfacer las demandas &#8211; \u00a1lo \u00fanico que ayuda es ampliar!<\/p>\n<p>Mientras que s\u00f3lo procesas formas al principio, tienes que colorearlas despu\u00e9s &#8211; \u00a1para ello tienes que extraer y mezclar colores!<\/p>\n<p>Comprando el juego en Steam tienes acceso a la versi\u00f3n completa, \u00a1pero tambi\u00e9n puedes jugar una demo en shapez.io primero y decidir despu\u00e9s!<\/p>","protected":false},"excerpt":{"rendered":"<p>Shapez.io es un juego tranquilo en el que tienes que construir f\u00e1bricas para la producci\u00f3n automatizada de formas geom\u00e9tricas. A medida que el nivel aumenta, las formas se vuelven m\u00e1s y m\u00e1s complejas, y tienes que extenderte en un mapa infinito. Y por si fuera poco, tambi\u00e9n tienes que producir exponencialmente m\u00e1s para satisfacer las&#8230;<\/p>","protected":false},"featured_media":118663,"template":"","meta":{"_monsterinsights_skip_tracking":false,"_monsterinsights_sitenote_active":false,"_monsterinsights_sitenote_note":"","_monsterinsights_sitenote_category":0},"product_brand":[],"product_cat":[1501,2981,3596,1271,3164,1283,1280,1273,1395,1396,1401,1425],"product_tag":[2714,2715,1526],"class_list":{"0":"post-113525","1":"product","2":"type-product","3":"status-publish","4":"has-post-thumbnail","6":"product_cat-tienda-de-videojuegos-ultimos-juegos-tijuana-mexico","7":"product_cat-destacados","8":"product_cat-tienda-de-videojuegos-steam-recomendados-en-tijuana-mexico","9":"product_cat-tienda-de-videojuegos-tijuana-mexico","10":"product_cat-tienda-de-videojuegos-baratos-economicos-tijuana-mexico","11":"product_cat-tienda-de-videojuegos-plataformas-tijuana-mexico","12":"product_cat-tienda-de-videojuegos-pc-tijuana-mexico","13":"product_cat-tienda-de-videojuegos-steam-key-tijuana-mexico","14":"product_cat-tienda-de-videojuegos-casual-tijuana-mexico","15":"product_cat-tienda-de-videojuegos-simulacion-tijuana-mexico","16":"product_cat-tienda-de-videojuegos-estrategia-tijuana-mexico","17":"product_cat-tienda-de-videojuegos-acceso-anticipado-tijuana-mexico","18":"product_tag-shapez-io","19":"product_tag-shapez-io-steam","20":"product_tag-steam","22":"first","23":"instock","24":"shipping-taxable","25":"purchasable","26":"product-type-simple"},"yoast_head":"<!-- This site is optimized with the Yoast SEO plugin v27.0 - https:\/\/yoast.com\/product\/yoast-seo-wordpress\/ -->\n<title>shapez.io Steam CD Key - MERCADOKEYS<\/title>\n<meta name=\"description\" content=\"Shapez.io es un juego tranquilo en el que tienes que construir f\u00e1bricas para la producci\u00f3n automatizada de formas geom\u00e9tricas.\" \/>\n<meta name=\"robots\" content=\"index, follow, max-snippet:-1, max-image-preview:large, max-video-preview:-1\" \/>\n<link rel=\"canonical\" href=\"https:\/\/www.mercadokeys.com\/product\/shapez-io-steam-cd-key\/\" \/>\n<meta property=\"og:locale\" content=\"en_GB\" \/>\n<meta property=\"og:type\" content=\"article\" \/>\n<meta property=\"og:title\" content=\"shapez.io Steam CD Key - MERCADOKEYS\" \/>\n<meta property=\"og:description\" content=\"Shapez.io es un juego tranquilo en el que tienes que construir f\u00e1bricas para la producci\u00f3n automatizada de formas geom\u00e9tricas.\" \/>\n<meta property=\"og:url\" content=\"https:\/\/www.mercadokeys.com\/product\/shapez-io-steam-cd-key\/\" \/>\n<meta property=\"og:site_name\" content=\"MERCADOKEYS\" \/>\n<meta property=\"article:modified_time\" content=\"2022-06-29T13:07:35+00:00\" \/>\n<meta property=\"og:image\" content=\"https:\/\/www.mercadokeys.com\/wp-content\/uploads\/2021\/05\/shapez.io-Steam-CD-Key.jpg\" \/>\n\t<meta property=\"og:image:width\" content=\"487\" \/>\n\t<meta property=\"og:image:height\" content=\"676\" \/>\n\t<meta property=\"og:image:type\" content=\"image\/jpeg\" \/>\n<meta name=\"twitter:card\" content=\"summary_large_image\" \/>\n<meta name=\"twitter:label1\" content=\"Estimated reading time\" \/>\n\t<meta name=\"twitter:data1\" content=\"1 minute\" \/>\n<script type=\"application\/ld+json\" class=\"yoast-schema-graph\">{\"@context\":\"https:\/\/schema.org\",\"@graph\":[{\"@type\":\"WebPage\",\"@id\":\"https:\/\/www.mercadokeys.com\/product\/shapez-io-steam-cd-key\/\",\"url\":\"https:\/\/www.mercadokeys.com\/product\/shapez-io-steam-cd-key\/\",\"name\":\"shapez.io Steam CD Key - MERCADOKEYS\",\"isPartOf\":{\"@id\":\"https:\/\/www.mercadokeys.com\/eng\/#website\"},\"primaryImageOfPage\":{\"@id\":\"https:\/\/www.mercadokeys.com\/product\/shapez-io-steam-cd-key\/#primaryimage\"},\"image\":{\"@id\":\"https:\/\/www.mercadokeys.com\/product\/shapez-io-steam-cd-key\/#primaryimage\"},\"thumbnailUrl\":\"https:\/\/www.mercadokeys.com.mx\/wp-content\/uploads\/2021\/05\/shapez.io-Steam-CD-Key.jpg\",\"datePublished\":\"2021-05-04T23:21:36+00:00\",\"dateModified\":\"2022-06-29T13:07:35+00:00\",\"description\":\"Shapez.io es un juego tranquilo en el que tienes que construir f\u00e1bricas para la producci\u00f3n automatizada de formas geom\u00e9tricas.\",\"breadcrumb\":{\"@id\":\"https:\/\/www.mercadokeys.com\/product\/shapez-io-steam-cd-key\/#breadcrumb\"},\"inLanguage\":\"en-GB\",\"potentialAction\":[{\"@type\":\"ReadAction\",\"target\":[\"https:\/\/www.mercadokeys.com\/product\/shapez-io-steam-cd-key\/\"]}]},{\"@type\":\"ImageObject\",\"inLanguage\":\"en-GB\",\"@id\":\"https:\/\/www.mercadokeys.com\/product\/shapez-io-steam-cd-key\/#primaryimage\",\"url\":\"https:\/\/www.mercadokeys.com.mx\/wp-content\/uploads\/2021\/05\/shapez.io-Steam-CD-Key.jpg\",\"contentUrl\":\"https:\/\/www.mercadokeys.com.mx\/wp-content\/uploads\/2021\/05\/shapez.io-Steam-CD-Key.jpg\",\"width\":487,\"height\":676,\"caption\":\"shapez.io Steam CD Key\"},{\"@type\":\"BreadcrumbList\",\"@id\":\"https:\/\/www.mercadokeys.com\/product\/shapez-io-steam-cd-key\/#breadcrumb\",\"itemListElement\":[{\"@type\":\"ListItem\",\"position\":1,\"name\":\"Inicio\",\"item\":\"https:\/\/www.mercadokeys.com.mx\/\"},{\"@type\":\"ListItem\",\"position\":2,\"name\":\"Tienda\",\"item\":\"https:\/\/www.mercadokeys.com\/shop\/\"},{\"@type\":\"ListItem\",\"position\":3,\"name\":\"shapez.io Steam CD Key\"}]},{\"@type\":\"WebSite\",\"@id\":\"https:\/\/www.mercadokeys.com\/eng\/#website\",\"url\":\"https:\/\/www.mercadokeys.com\/eng\/\",\"name\":\"MERCADOKEYS\",\"description\":\"Tu Tienda de videojuegos digitales en Mexico!\",\"potentialAction\":[{\"@type\":\"SearchAction\",\"target\":{\"@type\":\"EntryPoint\",\"urlTemplate\":\"https:\/\/www.mercadokeys.com\/eng\/?s={search_term_string}\"},\"query-input\":{\"@type\":\"PropertyValueSpecification\",\"valueRequired\":true,\"valueName\":\"search_term_string\"}}],\"inLanguage\":\"en-GB\"}]}<\/script>\n<!-- \/ Yoast SEO plugin. -->","yoast_head_json":{"title":"shapez.io Steam CD Key - MERCADOKEYS","description":"Shapez.io es un juego tranquilo en el que tienes que construir f\u00e1bricas para la producci\u00f3n automatizada de formas geom\u00e9tricas.","robots":{"index":"index","follow":"follow","max-snippet":"max-snippet:-1","max-image-preview":"max-image-preview:large","max-video-preview":"max-video-preview:-1"},"canonical":"https:\/\/www.mercadokeys.com\/product\/shapez-io-steam-cd-key\/","og_locale":"en_GB","og_type":"article","og_title":"shapez.io Steam CD Key - MERCADOKEYS","og_description":"Shapez.io es un juego tranquilo en el que tienes que construir f\u00e1bricas para la producci\u00f3n automatizada de formas geom\u00e9tricas.","og_url":"https:\/\/www.mercadokeys.com\/product\/shapez-io-steam-cd-key\/","og_site_name":"MERCADOKEYS","article_modified_time":"2022-06-29T13:07:35+00:00","og_image":[{"width":487,"height":676,"url":"https:\/\/www.mercadokeys.com\/wp-content\/uploads\/2021\/05\/shapez.io-Steam-CD-Key.jpg","type":"image\/jpeg"}],"twitter_card":"summary_large_image","twitter_misc":{"Estimated reading time":"1 minute"},"schema":{"@context":"https:\/\/schema.org","@graph":[{"@type":"WebPage","@id":"https:\/\/www.mercadokeys.com\/product\/shapez-io-steam-cd-key\/","url":"https:\/\/www.mercadokeys.com\/product\/shapez-io-steam-cd-key\/","name":"shapez.io Steam CD Key - MERCADOKEYS","isPartOf":{"@id":"https:\/\/www.mercadokeys.com\/eng\/#website"},"primaryImageOfPage":{"@id":"https:\/\/www.mercadokeys.com\/product\/shapez-io-steam-cd-key\/#primaryimage"},"image":{"@id":"https:\/\/www.mercadokeys.com\/product\/shapez-io-steam-cd-key\/#primaryimage"},"thumbnailUrl":"https:\/\/www.mercadokeys.com.mx\/wp-content\/uploads\/2021\/05\/shapez.io-Steam-CD-Key.jpg","datePublished":"2021-05-04T23:21:36+00:00","dateModified":"2022-06-29T13:07:35+00:00","description":"Shapez.io es un juego tranquilo en el que tienes que construir f\u00e1bricas para la producci\u00f3n automatizada de formas geom\u00e9tricas.","breadcrumb":{"@id":"https:\/\/www.mercadokeys.com\/product\/shapez-io-steam-cd-key\/#breadcrumb"},"inLanguage":"en-GB","potentialAction":[{"@type":"ReadAction","target":["https:\/\/www.mercadokeys.com\/product\/shapez-io-steam-cd-key\/"]}]},{"@type":"ImageObject","inLanguage":"en-GB","@id":"https:\/\/www.mercadokeys.com\/product\/shapez-io-steam-cd-key\/#primaryimage","url":"https:\/\/www.mercadokeys.com.mx\/wp-content\/uploads\/2021\/05\/shapez.io-Steam-CD-Key.jpg","contentUrl":"https:\/\/www.mercadokeys.com.mx\/wp-content\/uploads\/2021\/05\/shapez.io-Steam-CD-Key.jpg","width":487,"height":676,"caption":"shapez.io Steam CD Key"},{"@type":"BreadcrumbList","@id":"https:\/\/www.mercadokeys.com\/product\/shapez-io-steam-cd-key\/#breadcrumb","itemListElement":[{"@type":"ListItem","position":1,"name":"Inicio","item":"https:\/\/www.mercadokeys.com.mx\/"},{"@type":"ListItem","position":2,"name":"Tienda","item":"https:\/\/www.mercadokeys.com\/shop\/"},{"@type":"ListItem","position":3,"name":"shapez.io Steam CD Key"}]},{"@type":"WebSite","@id":"https:\/\/www.mercadokeys.com\/eng\/#website","url":"https:\/\/www.mercadokeys.com\/eng\/","name":"MERCADOKEYS","description":"Tu Tienda de videojuegos digitales en Mexico!","potentialAction":[{"@type":"SearchAction","target":{"@type":"EntryPoint","urlTemplate":"https:\/\/www.mercadokeys.com\/eng\/?s={search_term_string}"},"query-input":{"@type":"PropertyValueSpecification","valueRequired":true,"valueName":"search_term_string"}}],"inLanguage":"en-GB"}]}},"df_price":113.218657,"df_sale_price":113.218657,"df_regular_price":113.218657,"df_image_link":"https:\/\/www.mercadokeys.com.mx\/wp-content\/uploads\/2021\/05\/shapez.io-Steam-CD-Key-216x300.jpg","_links":{"self":[{"href":"https:\/\/www.mercadokeys.com.mx\/eng\/wp-json\/wp\/v2\/product\/113525","targetHints":{"allow":["GET"]}}],"collection":[{"href":"https:\/\/www.mercadokeys.com.mx\/eng\/wp-json\/wp\/v2\/product"}],"about":[{"href":"https:\/\/www.mercadokeys.com.mx\/eng\/wp-json\/wp\/v2\/types\/product"}],"wp:featuredmedia":[{"embeddable":true,"href":"https:\/\/www.mercadokeys.com.mx\/eng\/wp-json\/wp\/v2\/media\/118663"}],"wp:attachment":[{"href":"https:\/\/www.mercadokeys.com.mx\/eng\/wp-json\/wp\/v2\/media?parent=113525"}],"wp:term":[{"taxonomy":"product_brand","embeddable":true,"href":"https:\/\/www.mercadokeys.com.mx\/eng\/wp-json\/wp\/v2\/product_brand?post=113525"},{"taxonomy":"product_cat","embeddable":true,"href":"https:\/\/www.mercadokeys.com.mx\/eng\/wp-json\/wp\/v2\/product_cat?post=113525"},{"taxonomy":"product_tag","embeddable":true,"href":"https:\/\/www.mercadokeys.com.mx\/eng\/wp-json\/wp\/v2\/product_tag?post=113525"}],"curies":[{"name":"wp","href":"https:\/\/api.w.org\/{rel}","templated":true}]}}