{"id":113503,"date":"2021-05-02T12:37:29","date_gmt":"2021-05-02T19:37:29","guid":{"rendered":"https:\/\/www.mercadokeys.com\/product\/random-steam-cd-key\/"},"modified":"2022-06-29T06:03:54","modified_gmt":"2022-06-29T13:03:54","slug":"steam-random-1-key-plata-global","status":"publish","type":"product","link":"https:\/\/www.mercadokeys.com.mx\/eng\/product\/steam-random-1-key-plata-global\/","title":{"rendered":"Steam Random 1 Key Plata GLOBAL"},"content":{"rendered":"<p><img loading=\"lazy\" decoding=\"async\" class=\"alignnone wp-image-110785 size-full\" src=\"https:\/\/www.mercadokeys.com.mx\/wp-content\/uploads\/2021\/01\/CHICO-CON-SUERTE-MERCADO-KEYS-RANDO-KEY-PLATA-x.png\" alt=\"\" width=\"1077\" height=\"216\" srcset=\"https:\/\/www.mercadokeys.com.mx\/wp-content\/uploads\/2021\/01\/CHICO-CON-SUERTE-MERCADO-KEYS-RANDO-KEY-PLATA-x.png 1077w, https:\/\/www.mercadokeys.com.mx\/wp-content\/uploads\/2021\/01\/CHICO-CON-SUERTE-MERCADO-KEYS-RANDO-KEY-PLATA-x-300x60.png 300w, https:\/\/www.mercadokeys.com.mx\/wp-content\/uploads\/2021\/01\/CHICO-CON-SUERTE-MERCADO-KEYS-RANDO-KEY-PLATA-x-600x120.png 600w, https:\/\/www.mercadokeys.com.mx\/wp-content\/uploads\/2021\/01\/CHICO-CON-SUERTE-MERCADO-KEYS-RANDO-KEY-PLATA-x-1024x205.png 1024w, https:\/\/www.mercadokeys.com.mx\/wp-content\/uploads\/2021\/01\/CHICO-CON-SUERTE-MERCADO-KEYS-RANDO-KEY-PLATA-x-768x154.png 768w, https:\/\/www.mercadokeys.com.mx\/wp-content\/uploads\/2021\/01\/CHICO-CON-SUERTE-MERCADO-KEYS-RANDO-KEY-PLATA-x-16x3.png 16w\" sizes=\"auto, (max-width: 1077px) 100vw, 1077px\" \/><\/p>\n<p><span style=\"color: #ffcc00;\"><strong>Would you like to buy a good game at a super price?<\/strong><\/span> <span style=\"color: #000000;\">This is the product for you! With our<\/span> <span style=\"color: #999999;\"><span style=\"color: #ffcc00;\"><strong>Steam Random Key Plata<\/strong><\/span>\u00a0<span style=\"color: #000000;\"><b>you will have<\/b><b style=\"color: #000000;\"> la oportunidad de ganar un videojuego de un valor estimado de hasta $246.28 MXN<\/b> or more (Compared to the Steam global store price in Euros); from a great variety<\/span><\/span><span style=\"color: #000000;\"> from renowned and independent studios. All at a super price! In this great selection with a bit of fortune you could find video games of all genres; all games with very good reputation in METACRITIC and very good<\/span> <strong><span style=\"color: #ffcc00;\">Everything will depend on your luck!<\/span><\/strong><\/p>\n<p>All you have to do is buy one of our <span style=\"color: #ffcc00;\"><strong>Steam Random Key Plata <\/strong><span style=\"color: #000000;\">and our automated system will sign you a random Steam video game.<br \/>\n<\/span><\/span><\/p>\n<p><span style=\"color: #ffcc00;\"><span style=\"color: #000000;\"><strong>GAME QUALITY GUARANTEE:<\/strong><\/span><\/span><\/p>\n<ol>\n<li><span style=\"color: #ffcc00;\"><strong>Al menos el 10% de todas las Steam Random Key Plata <\/strong><\/span>of this product contain video games valued at <strong><span style=\"color: #000000;\">$246.28 MXN <\/span><\/strong>or even more based on Steam's base prices. <span style=\"color: #999999;\"><span style=\"color: #000000;\">(Compared to the Steam global store price in Euros)<\/span><\/span><\/li>\n<li>No DLC\u2019s.<\/li>\n<li>No free games.<\/li>\n<\/ol>\n<p><span style=\"color: #ffcc00;\"><strong>This product provides a unique random video game key that can be activated on the Steam platform.<\/strong><\/span><\/p>","protected":false},"excerpt":{"rendered":"<p>\u00bfTe gustaria adquirir un buen juego a un super precio? \u00a1Este es el producto para ti! Con nuestra Steam Random Key Plata\u00a0tendr\u00e1s la oportunidad de ganar un videojuego de un valor estimado de hasta $246.28 MXN o m\u00e1s (En comparaci\u00f3n con el precio de la tienda global de Steam en Euros); de entre una gran&#8230;<\/p>","protected":false},"featured_media":110660,"template":"","meta":{"_monsterinsights_skip_tracking":false,"_monsterinsights_sitenote_active":false,"_monsterinsights_sitenote_note":"","_monsterinsights_sitenote_category":0},"product_brand":[],"product_cat":[1501,1271,1280,1273,1454,1378],"product_tag":[1576,1526,1575],"class_list":{"0":"post-113503","1":"product","2":"type-product","3":"status-publish","4":"has-post-thumbnail","6":"product_cat-tienda-de-videojuegos-ultimos-juegos-tijuana-mexico","7":"product_cat-tienda-de-videojuegos-tijuana-mexico","8":"product_cat-tienda-de-videojuegos-pc-tijuana-mexico","9":"product_cat-tienda-de-videojuegos-steam-key-tijuana-mexico","10":"product_cat-tienda-de-videojuegos-steam-random-keys-tijuana-mexico","11":"product_cat-tienda-de-videojuegos-mas-vendidos-tijuana-mexico","12":"product_tag-random-key","13":"product_tag-steam","14":"product_tag-steam-random-key","16":"first","17":"instock","18":"shipping-taxable","19":"purchasable","20":"product-type-simple"},"yoast_head":"<!-- This site is optimized with the Yoast SEO plugin v27.0 - https:\/\/yoast.com\/product\/yoast-seo-wordpress\/ -->\n<title>Steam Random 1 Key Plata GLOBAL - MERCADOKEYS<\/title>\n<meta name=\"description\" content=\"Con nuestra Steam Random Key Plata\u00a0tendr\u00e1s\u00a0la oportunidad de ganar un videojuego de un valor estimado de $246.28 MXN o m\u00e1s\" \/>\n<meta name=\"robots\" content=\"index, follow, max-snippet:-1, max-image-preview:large, max-video-preview:-1\" \/>\n<link rel=\"canonical\" href=\"https:\/\/www.mercadokeys.com\/product\/steam-random-1-key-plata-global\/\" \/>\n<meta property=\"og:locale\" content=\"en_GB\" \/>\n<meta property=\"og:type\" content=\"article\" \/>\n<meta property=\"og:title\" content=\"Steam Random 1 Key Plata GLOBAL - MERCADOKEYS\" \/>\n<meta property=\"og:description\" content=\"Con nuestra Steam Random Key Plata\u00a0tendr\u00e1s\u00a0la oportunidad de ganar un videojuego de un valor estimado de $246.28 MXN o m\u00e1s\" \/>\n<meta property=\"og:url\" content=\"https:\/\/www.mercadokeys.com\/product\/steam-random-1-key-plata-global\/\" \/>\n<meta property=\"og:site_name\" content=\"MERCADOKEYS\" \/>\n<meta property=\"article:modified_time\" content=\"2022-06-29T13:03:54+00:00\" \/>\n<meta property=\"og:image\" content=\"https:\/\/www.mercadokeys.com\/wp-content\/uploads\/2021\/01\/Random-Steam-Key-Plata-GX-01.jpg\" \/>\n\t<meta property=\"og:image:width\" content=\"230\" \/>\n\t<meta property=\"og:image:height\" content=\"336\" \/>\n\t<meta property=\"og:image:type\" content=\"image\/jpeg\" \/>\n<meta name=\"twitter:card\" content=\"summary_large_image\" \/>\n<meta name=\"twitter:label1\" content=\"Estimated reading time\" \/>\n\t<meta name=\"twitter:data1\" content=\"2 minutes\" \/>\n<script type=\"application\/ld+json\" class=\"yoast-schema-graph\">{\"@context\":\"https:\/\/schema.org\",\"@graph\":[{\"@type\":\"WebPage\",\"@id\":\"https:\/\/www.mercadokeys.com\/product\/steam-random-1-key-plata-global\/\",\"url\":\"https:\/\/www.mercadokeys.com\/product\/steam-random-1-key-plata-global\/\",\"name\":\"Steam Random 1 Key Plata GLOBAL - MERCADOKEYS\",\"isPartOf\":{\"@id\":\"https:\/\/www.mercadokeys.com\/eng\/#website\"},\"primaryImageOfPage\":{\"@id\":\"https:\/\/www.mercadokeys.com\/product\/steam-random-1-key-plata-global\/#primaryimage\"},\"image\":{\"@id\":\"https:\/\/www.mercadokeys.com\/product\/steam-random-1-key-plata-global\/#primaryimage\"},\"thumbnailUrl\":\"https:\/\/www.mercadokeys.com.mx\/wp-content\/uploads\/2021\/01\/Random-Steam-Key-Plata-GX-01.jpg\",\"datePublished\":\"2021-05-02T19:37:29+00:00\",\"dateModified\":\"2022-06-29T13:03:54+00:00\",\"description\":\"Con nuestra Steam Random Key Plata\u00a0tendr\u00e1s\u00a0la oportunidad de ganar un videojuego de un valor estimado de $246.28 MXN o m\u00e1s\",\"breadcrumb\":{\"@id\":\"https:\/\/www.mercadokeys.com\/product\/steam-random-1-key-plata-global\/#breadcrumb\"},\"inLanguage\":\"en-GB\",\"potentialAction\":[{\"@type\":\"ReadAction\",\"target\":[\"https:\/\/www.mercadokeys.com\/product\/steam-random-1-key-plata-global\/\"]}]},{\"@type\":\"ImageObject\",\"inLanguage\":\"en-GB\",\"@id\":\"https:\/\/www.mercadokeys.com\/product\/steam-random-1-key-plata-global\/#primaryimage\",\"url\":\"https:\/\/www.mercadokeys.com.mx\/wp-content\/uploads\/2021\/01\/Random-Steam-Key-Plata-GX-01.jpg\",\"contentUrl\":\"https:\/\/www.mercadokeys.com.mx\/wp-content\/uploads\/2021\/01\/Random-Steam-Key-Plata-GX-01.jpg\",\"width\":230,\"height\":336,\"caption\":\"Con nuestra Steam Random Key Plata\u00a0tendr\u00e1s\u00a0la oportunidad de ganar un videojuego de un valor estimado de $246.28 MXN o m\u00e1s\"},{\"@type\":\"BreadcrumbList\",\"@id\":\"https:\/\/www.mercadokeys.com\/product\/steam-random-1-key-plata-global\/#breadcrumb\",\"itemListElement\":[{\"@type\":\"ListItem\",\"position\":1,\"name\":\"Inicio\",\"item\":\"https:\/\/www.mercadokeys.com.mx\/\"},{\"@type\":\"ListItem\",\"position\":2,\"name\":\"Tienda\",\"item\":\"https:\/\/www.mercadokeys.com\/shop\/\"},{\"@type\":\"ListItem\",\"position\":3,\"name\":\"Steam Random 1 Key Plata GLOBAL\"}]},{\"@type\":\"WebSite\",\"@id\":\"https:\/\/www.mercadokeys.com\/eng\/#website\",\"url\":\"https:\/\/www.mercadokeys.com\/eng\/\",\"name\":\"MERCADOKEYS\",\"description\":\"Tu Tienda de videojuegos digitales en Mexico!\",\"potentialAction\":[{\"@type\":\"SearchAction\",\"target\":{\"@type\":\"EntryPoint\",\"urlTemplate\":\"https:\/\/www.mercadokeys.com\/eng\/?s={search_term_string}\"},\"query-input\":{\"@type\":\"PropertyValueSpecification\",\"valueRequired\":true,\"valueName\":\"search_term_string\"}}],\"inLanguage\":\"en-GB\"}]}<\/script>\n<!-- \/ Yoast SEO plugin. -->","yoast_head_json":{"title":"Steam Random 1 Key Plata GLOBAL - MERCADOKEYS","description":"Con nuestra Steam Random Key Plata\u00a0tendr\u00e1s\u00a0la oportunidad de ganar un videojuego de un valor estimado de $246.28 MXN o m\u00e1s","robots":{"index":"index","follow":"follow","max-snippet":"max-snippet:-1","max-image-preview":"max-image-preview:large","max-video-preview":"max-video-preview:-1"},"canonical":"https:\/\/www.mercadokeys.com\/product\/steam-random-1-key-plata-global\/","og_locale":"en_GB","og_type":"article","og_title":"Steam Random 1 Key Plata GLOBAL - MERCADOKEYS","og_description":"Con nuestra Steam Random Key Plata\u00a0tendr\u00e1s\u00a0la oportunidad de ganar un videojuego de un valor estimado de $246.28 MXN o m\u00e1s","og_url":"https:\/\/www.mercadokeys.com\/product\/steam-random-1-key-plata-global\/","og_site_name":"MERCADOKEYS","article_modified_time":"2022-06-29T13:03:54+00:00","og_image":[{"width":230,"height":336,"url":"https:\/\/www.mercadokeys.com\/wp-content\/uploads\/2021\/01\/Random-Steam-Key-Plata-GX-01.jpg","type":"image\/jpeg"}],"twitter_card":"summary_large_image","twitter_misc":{"Estimated reading time":"2 minutes"},"schema":{"@context":"https:\/\/schema.org","@graph":[{"@type":"WebPage","@id":"https:\/\/www.mercadokeys.com\/product\/steam-random-1-key-plata-global\/","url":"https:\/\/www.mercadokeys.com\/product\/steam-random-1-key-plata-global\/","name":"Steam Random 1 Key Plata GLOBAL - MERCADOKEYS","isPartOf":{"@id":"https:\/\/www.mercadokeys.com\/eng\/#website"},"primaryImageOfPage":{"@id":"https:\/\/www.mercadokeys.com\/product\/steam-random-1-key-plata-global\/#primaryimage"},"image":{"@id":"https:\/\/www.mercadokeys.com\/product\/steam-random-1-key-plata-global\/#primaryimage"},"thumbnailUrl":"https:\/\/www.mercadokeys.com.mx\/wp-content\/uploads\/2021\/01\/Random-Steam-Key-Plata-GX-01.jpg","datePublished":"2021-05-02T19:37:29+00:00","dateModified":"2022-06-29T13:03:54+00:00","description":"Con nuestra Steam Random Key Plata\u00a0tendr\u00e1s\u00a0la oportunidad de ganar un videojuego de un valor estimado de $246.28 MXN o m\u00e1s","breadcrumb":{"@id":"https:\/\/www.mercadokeys.com\/product\/steam-random-1-key-plata-global\/#breadcrumb"},"inLanguage":"en-GB","potentialAction":[{"@type":"ReadAction","target":["https:\/\/www.mercadokeys.com\/product\/steam-random-1-key-plata-global\/"]}]},{"@type":"ImageObject","inLanguage":"en-GB","@id":"https:\/\/www.mercadokeys.com\/product\/steam-random-1-key-plata-global\/#primaryimage","url":"https:\/\/www.mercadokeys.com.mx\/wp-content\/uploads\/2021\/01\/Random-Steam-Key-Plata-GX-01.jpg","contentUrl":"https:\/\/www.mercadokeys.com.mx\/wp-content\/uploads\/2021\/01\/Random-Steam-Key-Plata-GX-01.jpg","width":230,"height":336,"caption":"Con nuestra Steam Random Key Plata\u00a0tendr\u00e1s\u00a0la oportunidad de ganar un videojuego de un valor estimado de $246.28 MXN o m\u00e1s"},{"@type":"BreadcrumbList","@id":"https:\/\/www.mercadokeys.com\/product\/steam-random-1-key-plata-global\/#breadcrumb","itemListElement":[{"@type":"ListItem","position":1,"name":"Inicio","item":"https:\/\/www.mercadokeys.com.mx\/"},{"@type":"ListItem","position":2,"name":"Tienda","item":"https:\/\/www.mercadokeys.com\/shop\/"},{"@type":"ListItem","position":3,"name":"Steam Random 1 Key Plata GLOBAL"}]},{"@type":"WebSite","@id":"https:\/\/www.mercadokeys.com\/eng\/#website","url":"https:\/\/www.mercadokeys.com\/eng\/","name":"MERCADOKEYS","description":"Tu Tienda de videojuegos digitales en Mexico!","potentialAction":[{"@type":"SearchAction","target":{"@type":"EntryPoint","urlTemplate":"https:\/\/www.mercadokeys.com\/eng\/?s={search_term_string}"},"query-input":{"@type":"PropertyValueSpecification","valueRequired":true,"valueName":"search_term_string"}}],"inLanguage":"en-GB"}]}},"df_price":22.882198,"df_sale_price":22.882198,"df_regular_price":22.882198,"df_image_link":"https:\/\/www.mercadokeys.com.mx\/wp-content\/uploads\/2021\/01\/Random-Steam-Key-Plata-GX-01-205x300.jpg","_links":{"self":[{"href":"https:\/\/www.mercadokeys.com.mx\/eng\/wp-json\/wp\/v2\/product\/113503","targetHints":{"allow":["GET"]}}],"collection":[{"href":"https:\/\/www.mercadokeys.com.mx\/eng\/wp-json\/wp\/v2\/product"}],"about":[{"href":"https:\/\/www.mercadokeys.com.mx\/eng\/wp-json\/wp\/v2\/types\/product"}],"wp:featuredmedia":[{"embeddable":true,"href":"https:\/\/www.mercadokeys.com.mx\/eng\/wp-json\/wp\/v2\/media\/110660"}],"wp:attachment":[{"href":"https:\/\/www.mercadokeys.com.mx\/eng\/wp-json\/wp\/v2\/media?parent=113503"}],"wp:term":[{"taxonomy":"product_brand","embeddable":true,"href":"https:\/\/www.mercadokeys.com.mx\/eng\/wp-json\/wp\/v2\/product_brand?post=113503"},{"taxonomy":"product_cat","embeddable":true,"href":"https:\/\/www.mercadokeys.com.mx\/eng\/wp-json\/wp\/v2\/product_cat?post=113503"},{"taxonomy":"product_tag","embeddable":true,"href":"https:\/\/www.mercadokeys.com.mx\/eng\/wp-json\/wp\/v2\/product_tag?post=113503"}],"curies":[{"name":"wp","href":"https:\/\/api.w.org\/{rel}","templated":true}]}}