{"id":113426,"date":"2021-05-02T07:58:32","date_gmt":"2021-05-02T14:58:32","guid":{"rendered":"https:\/\/www.mercadokeys.com\/product\/project-winter-steam-cd-key-2\/"},"modified":"2022-06-29T06:06:10","modified_gmt":"2022-06-29T13:06:10","slug":"project-winter-steam-cd-key-2","status":"publish","type":"product","link":"https:\/\/www.mercadokeys.com.mx\/eng\/product\/project-winter-steam-cd-key-2\/","title":{"rendered":"Project Winter Steam CD Key"},"content":{"rendered":"<p>En Project Winter traiciona a tus amigos en este multijugador para 8 personas centrado en el enga\u00f1o social y la supervivencia.<\/p>\n<p>La comunicaci\u00f3n y el trabajo en equipo son esenciales para el objetivo final de escape de los sobrevivientes. Re\u00fana recursos, repara estructuras y desaf\u00eda juntos la naturaleza salvaje. Solo tenga en cuenta que hay traidores dentro del grupo que ir\u00e1n ganando fuerza a medida que avanza el partido. El \u00fanico objetivo de los traidores es detener a los supervivientes por cualquier medio necesario.<\/p>\n<h3>Caracter\u00edsticas de Project Winter<\/h3>\n<p>Escape para sobrevivir<br \/>\nComo sobreviviente entre un grupo de extra\u00f1os, tendr\u00e1 que recolectar recursos, luchar contra los elementos y completar una serie de tareas para llamar a uno de los varios veh\u00edculos de rescate.<\/p>\n<p>Roles ocultos<br \/>\nEntre el grupo de supervivientes, acechan traidores no identificados. Los traidores se conocen entre s\u00ed, pero no los supervivientes. Su objetivo es evitar que los sobrevivientes escapen sin ser identificados y asesinados.<\/p>\n<p>Trabajo en equipo Los<br \/>\nsupervivientes no pueden escapar a menos que trabajen juntos. Los jugadores que se alejen solos tendr\u00e1n dificultades para sobrevivir a los elementos, pueden ser v\u00edctimas de la vida salvaje hostil o convertirse en objetivos f\u00e1ciles para los traidores.<\/p>\n<p>Comunicaci\u00f3n<br \/>\nHay varias formas de comunicarse con otros jugadores, incluido el chat de voz de proximidad, los canales de radio de chat de voz privados, el chat de texto y los gestos; la comunicaci\u00f3n es clave si los sobrevivientes tienen alguna esperanza de completar sus tareas y defenderse de los traidores.<\/p>\n<p>Traici\u00f3n y enga\u00f1o<br \/>\nLos traidores son superados en n\u00famero y d\u00e9biles cuando comienza el juego, pueden infiltrarse en los supervivientes y ganarse su confianza mientras acumulan sus fuerzas. Los supervivientes nunca pueden estar 100% seguros de en qui\u00e9n confiar. Los traidores pueden aprovechar esto difundiendo mentiras y enfrentando a los supervivientes entre s\u00ed.<\/p>","protected":false},"excerpt":{"rendered":"<p>En Project Winter traiciona a tus amigos en este multijugador para 8 personas centrado en el enga\u00f1o social y la supervivencia. La comunicaci\u00f3n y el trabajo en equipo son esenciales para el objetivo final de escape de los sobrevivientes. Re\u00fana recursos, repara estructuras y desaf\u00eda juntos la naturaleza salvaje. Solo tenga en cuenta que hay&#8230;<\/p>","protected":false},"featured_media":118638,"template":"","meta":{"_monsterinsights_skip_tracking":false,"_monsterinsights_sitenote_active":false,"_monsterinsights_sitenote_note":"","_monsterinsights_sitenote_category":0},"product_brand":[],"product_cat":[1501,2981,1271,1420,1283,1280,1273,1428,1427],"product_tag":[2641,2640,1526],"class_list":{"0":"post-113426","1":"product","2":"type-product","3":"status-publish","4":"has-post-thumbnail","6":"product_cat-tienda-de-videojuegos-ultimos-juegos-tijuana-mexico","7":"product_cat-destacados","8":"product_cat-tienda-de-videojuegos-tijuana-mexico","9":"product_cat-tienda-de-videojuegos-populares-tijuana-mexico","10":"product_cat-tienda-de-videojuegos-plataformas-tijuana-mexico","11":"product_cat-tienda-de-videojuegos-pc-tijuana-mexico","12":"product_cat-tienda-de-videojuegos-steam-key-tijuana-mexico","13":"product_cat-tienda-de-videojuegos-cooperativos-tijuana-mexico","14":"product_cat-tienda-de-videojuegos-juegos-para-mando-tijuana-mexico","15":"product_tag-project-winter","16":"product_tag-project-winter-steam","17":"product_tag-steam","19":"first","20":"instock","21":"shipping-taxable","22":"purchasable","23":"product-type-simple"},"yoast_head":"<!-- This site is optimized with the Yoast SEO plugin v27.0 - https:\/\/yoast.com\/product\/yoast-seo-wordpress\/ -->\n<title>Project Winter Steam CD Key - MERCADOKEYS<\/title>\n<meta name=\"description\" content=\"En Project Winter traiciona a tus amigos en este multijugador para 8 personas centrado en el enga\u00f1o social y la supervivencia.\" \/>\n<meta name=\"robots\" content=\"index, follow, max-snippet:-1, max-image-preview:large, max-video-preview:-1\" \/>\n<link rel=\"canonical\" href=\"https:\/\/www.mercadokeys.com\/product\/project-winter-steam-cd-key-2\/\" \/>\n<meta property=\"og:locale\" content=\"en_GB\" \/>\n<meta property=\"og:type\" content=\"article\" \/>\n<meta property=\"og:title\" content=\"Project Winter Steam CD Key - MERCADOKEYS\" \/>\n<meta property=\"og:description\" content=\"En Project Winter traiciona a tus amigos en este multijugador para 8 personas centrado en el enga\u00f1o social y la supervivencia.\" \/>\n<meta property=\"og:url\" content=\"https:\/\/www.mercadokeys.com\/product\/project-winter-steam-cd-key-2\/\" \/>\n<meta property=\"og:site_name\" content=\"MERCADOKEYS\" \/>\n<meta property=\"article:modified_time\" content=\"2022-06-29T13:06:10+00:00\" \/>\n<meta property=\"og:image\" content=\"https:\/\/www.mercadokeys.com\/wp-content\/uploads\/2021\/05\/project-winter-videojuegos-steam.jpg\" \/>\n\t<meta property=\"og:image:width\" content=\"230\" \/>\n\t<meta property=\"og:image:height\" content=\"336\" \/>\n\t<meta property=\"og:image:type\" content=\"image\/jpeg\" \/>\n<meta name=\"twitter:card\" content=\"summary_large_image\" \/>\n<meta name=\"twitter:label1\" content=\"Estimated reading time\" \/>\n\t<meta name=\"twitter:data1\" content=\"2 minutes\" \/>\n<script type=\"application\/ld+json\" class=\"yoast-schema-graph\">{\"@context\":\"https:\/\/schema.org\",\"@graph\":[{\"@type\":\"WebPage\",\"@id\":\"https:\/\/www.mercadokeys.com\/product\/project-winter-steam-cd-key-2\/\",\"url\":\"https:\/\/www.mercadokeys.com\/product\/project-winter-steam-cd-key-2\/\",\"name\":\"Project Winter Steam CD Key - MERCADOKEYS\",\"isPartOf\":{\"@id\":\"https:\/\/www.mercadokeys.com\/eng\/#website\"},\"primaryImageOfPage\":{\"@id\":\"https:\/\/www.mercadokeys.com\/product\/project-winter-steam-cd-key-2\/#primaryimage\"},\"image\":{\"@id\":\"https:\/\/www.mercadokeys.com\/product\/project-winter-steam-cd-key-2\/#primaryimage\"},\"thumbnailUrl\":\"https:\/\/www.mercadokeys.com.mx\/wp-content\/uploads\/2021\/05\/project-winter-videojuegos-steam.jpg\",\"datePublished\":\"2021-05-02T14:58:32+00:00\",\"dateModified\":\"2022-06-29T13:06:10+00:00\",\"description\":\"En Project Winter traiciona a tus amigos en este multijugador para 8 personas centrado en el enga\u00f1o social y la supervivencia.\",\"breadcrumb\":{\"@id\":\"https:\/\/www.mercadokeys.com\/product\/project-winter-steam-cd-key-2\/#breadcrumb\"},\"inLanguage\":\"en-GB\",\"potentialAction\":[{\"@type\":\"ReadAction\",\"target\":[\"https:\/\/www.mercadokeys.com\/product\/project-winter-steam-cd-key-2\/\"]}]},{\"@type\":\"ImageObject\",\"inLanguage\":\"en-GB\",\"@id\":\"https:\/\/www.mercadokeys.com\/product\/project-winter-steam-cd-key-2\/#primaryimage\",\"url\":\"https:\/\/www.mercadokeys.com.mx\/wp-content\/uploads\/2021\/05\/project-winter-videojuegos-steam.jpg\",\"contentUrl\":\"https:\/\/www.mercadokeys.com.mx\/wp-content\/uploads\/2021\/05\/project-winter-videojuegos-steam.jpg\",\"width\":230,\"height\":336},{\"@type\":\"BreadcrumbList\",\"@id\":\"https:\/\/www.mercadokeys.com\/product\/project-winter-steam-cd-key-2\/#breadcrumb\",\"itemListElement\":[{\"@type\":\"ListItem\",\"position\":1,\"name\":\"Inicio\",\"item\":\"https:\/\/www.mercadokeys.com.mx\/\"},{\"@type\":\"ListItem\",\"position\":2,\"name\":\"Tienda\",\"item\":\"https:\/\/www.mercadokeys.com\/shop\/\"},{\"@type\":\"ListItem\",\"position\":3,\"name\":\"Project Winter Steam CD Key\"}]},{\"@type\":\"WebSite\",\"@id\":\"https:\/\/www.mercadokeys.com\/eng\/#website\",\"url\":\"https:\/\/www.mercadokeys.com\/eng\/\",\"name\":\"MERCADOKEYS\",\"description\":\"Tu Tienda de videojuegos digitales en Mexico!\",\"potentialAction\":[{\"@type\":\"SearchAction\",\"target\":{\"@type\":\"EntryPoint\",\"urlTemplate\":\"https:\/\/www.mercadokeys.com\/eng\/?s={search_term_string}\"},\"query-input\":{\"@type\":\"PropertyValueSpecification\",\"valueRequired\":true,\"valueName\":\"search_term_string\"}}],\"inLanguage\":\"en-GB\"}]}<\/script>\n<!-- \/ Yoast SEO plugin. -->","yoast_head_json":{"title":"Project Winter Steam CD Key - MERCADOKEYS","description":"En Project Winter traiciona a tus amigos en este multijugador para 8 personas centrado en el enga\u00f1o social y la supervivencia.","robots":{"index":"index","follow":"follow","max-snippet":"max-snippet:-1","max-image-preview":"max-image-preview:large","max-video-preview":"max-video-preview:-1"},"canonical":"https:\/\/www.mercadokeys.com\/product\/project-winter-steam-cd-key-2\/","og_locale":"en_GB","og_type":"article","og_title":"Project Winter Steam CD Key - MERCADOKEYS","og_description":"En Project Winter traiciona a tus amigos en este multijugador para 8 personas centrado en el enga\u00f1o social y la supervivencia.","og_url":"https:\/\/www.mercadokeys.com\/product\/project-winter-steam-cd-key-2\/","og_site_name":"MERCADOKEYS","article_modified_time":"2022-06-29T13:06:10+00:00","og_image":[{"width":230,"height":336,"url":"https:\/\/www.mercadokeys.com\/wp-content\/uploads\/2021\/05\/project-winter-videojuegos-steam.jpg","type":"image\/jpeg"}],"twitter_card":"summary_large_image","twitter_misc":{"Estimated reading time":"2 minutes"},"schema":{"@context":"https:\/\/schema.org","@graph":[{"@type":"WebPage","@id":"https:\/\/www.mercadokeys.com\/product\/project-winter-steam-cd-key-2\/","url":"https:\/\/www.mercadokeys.com\/product\/project-winter-steam-cd-key-2\/","name":"Project Winter Steam CD Key - MERCADOKEYS","isPartOf":{"@id":"https:\/\/www.mercadokeys.com\/eng\/#website"},"primaryImageOfPage":{"@id":"https:\/\/www.mercadokeys.com\/product\/project-winter-steam-cd-key-2\/#primaryimage"},"image":{"@id":"https:\/\/www.mercadokeys.com\/product\/project-winter-steam-cd-key-2\/#primaryimage"},"thumbnailUrl":"https:\/\/www.mercadokeys.com.mx\/wp-content\/uploads\/2021\/05\/project-winter-videojuegos-steam.jpg","datePublished":"2021-05-02T14:58:32+00:00","dateModified":"2022-06-29T13:06:10+00:00","description":"En Project Winter traiciona a tus amigos en este multijugador para 8 personas centrado en el enga\u00f1o social y la supervivencia.","breadcrumb":{"@id":"https:\/\/www.mercadokeys.com\/product\/project-winter-steam-cd-key-2\/#breadcrumb"},"inLanguage":"en-GB","potentialAction":[{"@type":"ReadAction","target":["https:\/\/www.mercadokeys.com\/product\/project-winter-steam-cd-key-2\/"]}]},{"@type":"ImageObject","inLanguage":"en-GB","@id":"https:\/\/www.mercadokeys.com\/product\/project-winter-steam-cd-key-2\/#primaryimage","url":"https:\/\/www.mercadokeys.com.mx\/wp-content\/uploads\/2021\/05\/project-winter-videojuegos-steam.jpg","contentUrl":"https:\/\/www.mercadokeys.com.mx\/wp-content\/uploads\/2021\/05\/project-winter-videojuegos-steam.jpg","width":230,"height":336},{"@type":"BreadcrumbList","@id":"https:\/\/www.mercadokeys.com\/product\/project-winter-steam-cd-key-2\/#breadcrumb","itemListElement":[{"@type":"ListItem","position":1,"name":"Inicio","item":"https:\/\/www.mercadokeys.com.mx\/"},{"@type":"ListItem","position":2,"name":"Tienda","item":"https:\/\/www.mercadokeys.com\/shop\/"},{"@type":"ListItem","position":3,"name":"Project Winter Steam CD Key"}]},{"@type":"WebSite","@id":"https:\/\/www.mercadokeys.com\/eng\/#website","url":"https:\/\/www.mercadokeys.com\/eng\/","name":"MERCADOKEYS","description":"Tu Tienda de videojuegos digitales en Mexico!","potentialAction":[{"@type":"SearchAction","target":{"@type":"EntryPoint","urlTemplate":"https:\/\/www.mercadokeys.com\/eng\/?s={search_term_string}"},"query-input":{"@type":"PropertyValueSpecification","valueRequired":true,"valueName":"search_term_string"}}],"inLanguage":"en-GB"}]}},"df_price":138.664265,"df_sale_price":138.664265,"df_regular_price":138.664265,"df_image_link":"https:\/\/www.mercadokeys.com.mx\/wp-content\/uploads\/2021\/05\/project-winter-videojuegos-steam-205x300.jpg","_links":{"self":[{"href":"https:\/\/www.mercadokeys.com.mx\/eng\/wp-json\/wp\/v2\/product\/113426","targetHints":{"allow":["GET"]}}],"collection":[{"href":"https:\/\/www.mercadokeys.com.mx\/eng\/wp-json\/wp\/v2\/product"}],"about":[{"href":"https:\/\/www.mercadokeys.com.mx\/eng\/wp-json\/wp\/v2\/types\/product"}],"wp:featuredmedia":[{"embeddable":true,"href":"https:\/\/www.mercadokeys.com.mx\/eng\/wp-json\/wp\/v2\/media\/118638"}],"wp:attachment":[{"href":"https:\/\/www.mercadokeys.com.mx\/eng\/wp-json\/wp\/v2\/media?parent=113426"}],"wp:term":[{"taxonomy":"product_brand","embeddable":true,"href":"https:\/\/www.mercadokeys.com.mx\/eng\/wp-json\/wp\/v2\/product_brand?post=113426"},{"taxonomy":"product_cat","embeddable":true,"href":"https:\/\/www.mercadokeys.com.mx\/eng\/wp-json\/wp\/v2\/product_cat?post=113426"},{"taxonomy":"product_tag","embeddable":true,"href":"https:\/\/www.mercadokeys.com.mx\/eng\/wp-json\/wp\/v2\/product_tag?post=113426"}],"curies":[{"name":"wp","href":"https:\/\/api.w.org\/{rel}","templated":true}]}}