{"id":113405,"date":"2021-05-01T11:10:58","date_gmt":"2021-05-01T18:10:58","guid":{"rendered":"https:\/\/www.mercadokeys.com\/product\/lego-harry-potter-years-5-7-steam-cd-key\/"},"modified":"2022-06-29T06:07:19","modified_gmt":"2022-06-29T13:07:19","slug":"lego-harry-potter-years-5-7-steam-cd-key","status":"publish","type":"product","link":"https:\/\/www.mercadokeys.com.mx\/eng\/product\/lego-harry-potter-years-5-7-steam-cd-key\/","title":{"rendered":"LEGO Harry Potter Years 5-7 Steam CD Key"},"content":{"rendered":"<p><span style=\"vertical-align: inherit;\">El mago m\u00e1s famoso como juguete de Lego brinda doble diversi\u00f3n no solo para los ni\u00f1os y no solo para los amantes de Lego. Comprueba el juego LEGO Harry Potter Years 5-7 <\/span><span style=\"vertical-align: inherit;\">y resuelve todos los acertijos m\u00e1gicos para salvar al mundo contra el peor se\u00f1or de todos, cuyo nombre no se pronuncia &#8230;<\/span><\/p>\n<h3 style=\"font-size: 16px;\"><span style=\"vertical-align: inherit;\">Temas principales<\/span><\/h3>\n<p><span style=\"vertical-align: inherit;\">Convi\u00e9rtete en un ni\u00f1o peque\u00f1o gigantesco con una cicatriz en forma de un mini personaje de Lego de pl\u00e1stico y s\u00fabete a tu retorcido camino para obtener poderes m\u00e1gicos. El viaje lleva a los jugadores a trav\u00e9s de calles de aspecto normal de las ciudades de Muggles en Private Drive y, por supuesto, a trav\u00e9s de incre\u00edbles mundos de magos.<\/span><\/p>\n<p><span style=\"vertical-align: inherit;\">Disfruta de la amistad con otros peque\u00f1os magos de Lego en tu equipo, quienes te ayudar\u00e1n a completar muchas tareas con sus varitas m\u00e1gicas y poderosos hechizos. Experimenta tu primer amor de cachorro y un primer beso de Lego. Tenga cuidado con el mal que acecha detr\u00e1s de cada esquina. Participa con valent\u00eda en situaciones de combate \u00e9picas y misterios sombr\u00edos.<\/span><\/p>\n<p><span style=\"vertical-align: inherit;\">Camine por las c\u00e1maras y pasillos para encontrar nuevos objetos y pasajes secretos. Sin embargo, no todo es tan dram\u00e1tico, la historia est\u00e1 llena de humor y juegos de palabras divertidos. Resuelve montones de acertijos sencillos y m\u00e1s complicados.<\/span><\/p>\n<h3 style=\"font-size: 16px;\"><span style=\"vertical-align: inherit;\">Buenos personajes de Harry Potter en el juego de Lego<\/span><\/h3>\n<p><span style=\"vertical-align: inherit;\">Re\u00fanete con ellos, tus personajes favoritos de los \u00faltimos 3 vol\u00famenes de la serie Harry Potter. Libera m\u00e1s de 100 personajes, como el profesor Slughorn, Bellatrix Lestrange, Fenrir Greyback, y recolecta fichas de personajes.<\/span><\/p>\n<h3 style=\"font-size: 16px;\"><span style=\"vertical-align: inherit;\">Hechizos y amuletos<\/span><\/h3>\n<p><span style=\"vertical-align: inherit;\">En este juego, aprende una larga lista de poderosos hechizos y encantamientos m\u00e1gicos. Apaga el fuego con hechizos m\u00e1s fuertes que AGUAMENTI y usa sabiamente maldiciones imperdonables.<\/span><\/p>\n<h3 style=\"font-size: 16px;\"><span style=\"vertical-align: inherit;\">Duelos<\/span><\/h3>\n<p><span style=\"vertical-align: inherit;\">Harry y sus amigos necesitan ganar esta guerra duradera contra el malvado mago Voldemort. As\u00ed, no pierdas el tiempo y en la academia de magia, llamada Hogwart, aprende m\u00e1s que solo hechizos y recetas de elixires, aprende a luchar y vencer.<\/span><\/p>\n<p><span style=\"vertical-align: inherit;\">Los mort\u00edfagos no jugar\u00e1n al ajedrez contigo. Practica una variedad de habilidades de lucha. Defiende tu posici\u00f3n en escenas de combate r\u00e1pidas y sorprendentes llenas de fuegos ardientes y bolas de energ\u00eda explosivas. Lucha contra los oponentes y participa en emocionantes duelos de magos.<\/span><\/p>\n<h3 style=\"font-size: 16px;\"><span style=\"vertical-align: inherit;\">Ubicaciones originales y atm\u00f3sfera \u00fanica de LEGO Harry Potter Years 5-7<\/span><\/h3>\n<p><span style=\"vertical-align: inherit;\">Godric&#8217;s Hollow, el Ministerio de Magia o Grimmauld Place, estos son lugares bien conocidos por los amantes de HP. El juego te llevar\u00e1 all\u00ed y a muchos otros lugares descritos por la Sra. JK Rowling.<\/span><\/p>\n<p><span style=\"vertical-align: inherit;\">Camina y corre por los interminables pasillos de Lego Hogwart. Admire los ricos interiores, que se ven incre\u00edbles a la luz de antorchas bien animadas. Tenga cuidado con los candelabros que caen, observe hermosos adornos, decoraciones, escudos de armas, vidrieras, diamantes y cristales para coleccionar. <\/span><strong><span style=\"vertical-align: inherit;\">Disfruta del estilo Lego<\/span><\/strong><span style=\"vertical-align: inherit;\"> lleno de coloridas animaciones extravagantes y escucha m\u00fasica conocida de pel\u00edculas.<\/span><\/p>\n<h3 style=\"font-size: 16px;\"><span style=\"vertical-align: inherit;\">Modo de cooperaci\u00f3n local<\/span><\/h3>\n<p><span style=\"font-size: 13px; float: none;\"><b><span style=\"vertical-align: inherit;\">LEGO Harry Potter: A\u00f1os 5-7<\/span><\/b><span style=\"vertical-align: inherit;\"> tiene modo cooperativo para que puedas\u00a0<\/span><\/span><span style=\"vertical-align: inherit;\"> jugar con un amigo o familia y compartir la alegr\u00eda. Mire la pantalla dividida para seguir las aventuras del otro jugador en una ubicaci\u00f3n diferente.<\/span><\/p>","protected":false},"excerpt":{"rendered":"<p>El mago m\u00e1s famoso como juguete de Lego brinda doble diversi\u00f3n no solo para los ni\u00f1os y no solo para los amantes de Lego. Comprueba el juego LEGO Harry Potter Years 5-7 y resuelve todos los acertijos m\u00e1gicos para salvar al mundo contra el peor se\u00f1or de todos, cuyo nombre no se pronuncia &#8230; Temas&#8230;<\/p>","protected":false},"featured_media":110590,"template":"","meta":{"_monsterinsights_skip_tracking":false,"_monsterinsights_sitenote_active":false,"_monsterinsights_sitenote_note":"","_monsterinsights_sitenote_category":0},"product_brand":[],"product_cat":[1501,2981,3596,1271,3164,1420,1283,1280,1273,1428],"product_tag":[2616,2615,2614,1526],"class_list":{"0":"post-113405","1":"product","2":"type-product","3":"status-publish","4":"has-post-thumbnail","6":"product_cat-tienda-de-videojuegos-ultimos-juegos-tijuana-mexico","7":"product_cat-destacados","8":"product_cat-tienda-de-videojuegos-steam-recomendados-en-tijuana-mexico","9":"product_cat-tienda-de-videojuegos-tijuana-mexico","10":"product_cat-tienda-de-videojuegos-baratos-economicos-tijuana-mexico","11":"product_cat-tienda-de-videojuegos-populares-tijuana-mexico","12":"product_cat-tienda-de-videojuegos-plataformas-tijuana-mexico","13":"product_cat-tienda-de-videojuegos-pc-tijuana-mexico","14":"product_cat-tienda-de-videojuegos-steam-key-tijuana-mexico","15":"product_cat-tienda-de-videojuegos-cooperativos-tijuana-mexico","16":"product_tag-lego-harry-potter","17":"product_tag-lego-harry-potter-years-5-7","18":"product_tag-lego-harry-potter-years-5-7-steam","19":"product_tag-steam","21":"first","22":"instock","23":"shipping-taxable","24":"purchasable","25":"product-type-simple"},"yoast_head":"<!-- This site is optimized with the Yoast SEO plugin v27.0 - https:\/\/yoast.com\/product\/yoast-seo-wordpress\/ -->\n<title>LEGO Harry Potter Years 5-7 Steam CD Key - MERCADOKEYS<\/title>\n<meta name=\"description\" content=\"LEGO Harry Potter Years 5-7 y resuelve todos los acertijos m\u00e1gicos para salvar al mundo contra el peor se\u00f1or de todos los tiempos\" \/>\n<meta name=\"robots\" content=\"index, follow, max-snippet:-1, max-image-preview:large, max-video-preview:-1\" \/>\n<link rel=\"canonical\" href=\"https:\/\/www.mercadokeys.com\/product\/lego-harry-potter-years-5-7-steam-cd-key\/\" \/>\n<meta property=\"og:locale\" content=\"en_GB\" \/>\n<meta property=\"og:type\" content=\"article\" \/>\n<meta property=\"og:title\" content=\"LEGO Harry Potter Years 5-7 Steam CD Key - MERCADOKEYS\" \/>\n<meta property=\"og:description\" content=\"LEGO Harry Potter Years 5-7 y resuelve todos los acertijos m\u00e1gicos para salvar al mundo contra el peor se\u00f1or de todos los tiempos\" \/>\n<meta property=\"og:url\" content=\"https:\/\/www.mercadokeys.com\/product\/lego-harry-potter-years-5-7-steam-cd-key\/\" \/>\n<meta property=\"og:site_name\" content=\"MERCADOKEYS\" \/>\n<meta property=\"article:modified_time\" content=\"2022-06-29T13:07:19+00:00\" \/>\n<meta property=\"og:image\" content=\"https:\/\/www.mercadokeys.com\/wp-content\/uploads\/2021\/01\/28207.jpg\" \/>\n\t<meta property=\"og:image:width\" content=\"230\" \/>\n\t<meta property=\"og:image:height\" content=\"336\" \/>\n\t<meta property=\"og:image:type\" content=\"image\/jpeg\" \/>\n<meta name=\"twitter:card\" content=\"summary_large_image\" \/>\n<meta name=\"twitter:label1\" content=\"Estimated reading time\" \/>\n\t<meta name=\"twitter:data1\" content=\"3 minutes\" \/>\n<script type=\"application\/ld+json\" class=\"yoast-schema-graph\">{\"@context\":\"https:\/\/schema.org\",\"@graph\":[{\"@type\":\"WebPage\",\"@id\":\"https:\/\/www.mercadokeys.com\/product\/lego-harry-potter-years-5-7-steam-cd-key\/\",\"url\":\"https:\/\/www.mercadokeys.com\/product\/lego-harry-potter-years-5-7-steam-cd-key\/\",\"name\":\"LEGO Harry Potter Years 5-7 Steam CD Key - MERCADOKEYS\",\"isPartOf\":{\"@id\":\"https:\/\/www.mercadokeys.com\/eng\/#website\"},\"primaryImageOfPage\":{\"@id\":\"https:\/\/www.mercadokeys.com\/product\/lego-harry-potter-years-5-7-steam-cd-key\/#primaryimage\"},\"image\":{\"@id\":\"https:\/\/www.mercadokeys.com\/product\/lego-harry-potter-years-5-7-steam-cd-key\/#primaryimage\"},\"thumbnailUrl\":\"https:\/\/www.mercadokeys.com.mx\/wp-content\/uploads\/2021\/01\/28207.jpg\",\"datePublished\":\"2021-05-01T18:10:58+00:00\",\"dateModified\":\"2022-06-29T13:07:19+00:00\",\"description\":\"LEGO Harry Potter Years 5-7 y resuelve todos los acertijos m\u00e1gicos para salvar al mundo contra el peor se\u00f1or de todos los tiempos\",\"breadcrumb\":{\"@id\":\"https:\/\/www.mercadokeys.com\/product\/lego-harry-potter-years-5-7-steam-cd-key\/#breadcrumb\"},\"inLanguage\":\"en-GB\",\"potentialAction\":[{\"@type\":\"ReadAction\",\"target\":[\"https:\/\/www.mercadokeys.com\/product\/lego-harry-potter-years-5-7-steam-cd-key\/\"]}]},{\"@type\":\"ImageObject\",\"inLanguage\":\"en-GB\",\"@id\":\"https:\/\/www.mercadokeys.com\/product\/lego-harry-potter-years-5-7-steam-cd-key\/#primaryimage\",\"url\":\"https:\/\/www.mercadokeys.com.mx\/wp-content\/uploads\/2021\/01\/28207.jpg\",\"contentUrl\":\"https:\/\/www.mercadokeys.com.mx\/wp-content\/uploads\/2021\/01\/28207.jpg\",\"width\":230,\"height\":336,\"caption\":\"LEGO Harry Potter: A\u00f1os 5-7 y resuelve todos los acertijos m\u00e1gicos para salvar al mundo contra el peor se\u00f1or de todos\"},{\"@type\":\"BreadcrumbList\",\"@id\":\"https:\/\/www.mercadokeys.com\/product\/lego-harry-potter-years-5-7-steam-cd-key\/#breadcrumb\",\"itemListElement\":[{\"@type\":\"ListItem\",\"position\":1,\"name\":\"Inicio\",\"item\":\"https:\/\/www.mercadokeys.com.mx\/\"},{\"@type\":\"ListItem\",\"position\":2,\"name\":\"Tienda\",\"item\":\"https:\/\/www.mercadokeys.com\/shop\/\"},{\"@type\":\"ListItem\",\"position\":3,\"name\":\"LEGO Harry Potter Years 5-7 Steam CD Key\"}]},{\"@type\":\"WebSite\",\"@id\":\"https:\/\/www.mercadokeys.com\/eng\/#website\",\"url\":\"https:\/\/www.mercadokeys.com\/eng\/\",\"name\":\"MERCADOKEYS\",\"description\":\"Tu Tienda de videojuegos digitales en Mexico!\",\"potentialAction\":[{\"@type\":\"SearchAction\",\"target\":{\"@type\":\"EntryPoint\",\"urlTemplate\":\"https:\/\/www.mercadokeys.com\/eng\/?s={search_term_string}\"},\"query-input\":{\"@type\":\"PropertyValueSpecification\",\"valueRequired\":true,\"valueName\":\"search_term_string\"}}],\"inLanguage\":\"en-GB\"}]}<\/script>\n<!-- \/ Yoast SEO plugin. -->","yoast_head_json":{"title":"LEGO Harry Potter Years 5-7 Steam CD Key - MERCADOKEYS","description":"LEGO Harry Potter Years 5-7 y resuelve todos los acertijos m\u00e1gicos para salvar al mundo contra el peor se\u00f1or de todos los tiempos","robots":{"index":"index","follow":"follow","max-snippet":"max-snippet:-1","max-image-preview":"max-image-preview:large","max-video-preview":"max-video-preview:-1"},"canonical":"https:\/\/www.mercadokeys.com\/product\/lego-harry-potter-years-5-7-steam-cd-key\/","og_locale":"en_GB","og_type":"article","og_title":"LEGO Harry Potter Years 5-7 Steam CD Key - MERCADOKEYS","og_description":"LEGO Harry Potter Years 5-7 y resuelve todos los acertijos m\u00e1gicos para salvar al mundo contra el peor se\u00f1or de todos los tiempos","og_url":"https:\/\/www.mercadokeys.com\/product\/lego-harry-potter-years-5-7-steam-cd-key\/","og_site_name":"MERCADOKEYS","article_modified_time":"2022-06-29T13:07:19+00:00","og_image":[{"width":230,"height":336,"url":"https:\/\/www.mercadokeys.com\/wp-content\/uploads\/2021\/01\/28207.jpg","type":"image\/jpeg"}],"twitter_card":"summary_large_image","twitter_misc":{"Estimated reading time":"3 minutes"},"schema":{"@context":"https:\/\/schema.org","@graph":[{"@type":"WebPage","@id":"https:\/\/www.mercadokeys.com\/product\/lego-harry-potter-years-5-7-steam-cd-key\/","url":"https:\/\/www.mercadokeys.com\/product\/lego-harry-potter-years-5-7-steam-cd-key\/","name":"LEGO Harry Potter Years 5-7 Steam CD Key - MERCADOKEYS","isPartOf":{"@id":"https:\/\/www.mercadokeys.com\/eng\/#website"},"primaryImageOfPage":{"@id":"https:\/\/www.mercadokeys.com\/product\/lego-harry-potter-years-5-7-steam-cd-key\/#primaryimage"},"image":{"@id":"https:\/\/www.mercadokeys.com\/product\/lego-harry-potter-years-5-7-steam-cd-key\/#primaryimage"},"thumbnailUrl":"https:\/\/www.mercadokeys.com.mx\/wp-content\/uploads\/2021\/01\/28207.jpg","datePublished":"2021-05-01T18:10:58+00:00","dateModified":"2022-06-29T13:07:19+00:00","description":"LEGO Harry Potter Years 5-7 y resuelve todos los acertijos m\u00e1gicos para salvar al mundo contra el peor se\u00f1or de todos los tiempos","breadcrumb":{"@id":"https:\/\/www.mercadokeys.com\/product\/lego-harry-potter-years-5-7-steam-cd-key\/#breadcrumb"},"inLanguage":"en-GB","potentialAction":[{"@type":"ReadAction","target":["https:\/\/www.mercadokeys.com\/product\/lego-harry-potter-years-5-7-steam-cd-key\/"]}]},{"@type":"ImageObject","inLanguage":"en-GB","@id":"https:\/\/www.mercadokeys.com\/product\/lego-harry-potter-years-5-7-steam-cd-key\/#primaryimage","url":"https:\/\/www.mercadokeys.com.mx\/wp-content\/uploads\/2021\/01\/28207.jpg","contentUrl":"https:\/\/www.mercadokeys.com.mx\/wp-content\/uploads\/2021\/01\/28207.jpg","width":230,"height":336,"caption":"LEGO Harry Potter: A\u00f1os 5-7 y resuelve todos los acertijos m\u00e1gicos para salvar al mundo contra el peor se\u00f1or de todos"},{"@type":"BreadcrumbList","@id":"https:\/\/www.mercadokeys.com\/product\/lego-harry-potter-years-5-7-steam-cd-key\/#breadcrumb","itemListElement":[{"@type":"ListItem","position":1,"name":"Inicio","item":"https:\/\/www.mercadokeys.com.mx\/"},{"@type":"ListItem","position":2,"name":"Tienda","item":"https:\/\/www.mercadokeys.com\/shop\/"},{"@type":"ListItem","position":3,"name":"LEGO Harry Potter Years 5-7 Steam CD Key"}]},{"@type":"WebSite","@id":"https:\/\/www.mercadokeys.com\/eng\/#website","url":"https:\/\/www.mercadokeys.com\/eng\/","name":"MERCADOKEYS","description":"Tu Tienda de videojuegos digitales en Mexico!","potentialAction":[{"@type":"SearchAction","target":{"@type":"EntryPoint","urlTemplate":"https:\/\/www.mercadokeys.com\/eng\/?s={search_term_string}"},"query-input":{"@type":"PropertyValueSpecification","valueRequired":true,"valueName":"search_term_string"}}],"inLanguage":"en-GB"}]}},"df_price":68.331462,"df_sale_price":68.331462,"df_regular_price":68.331462,"df_image_link":"https:\/\/www.mercadokeys.com.mx\/wp-content\/uploads\/2021\/01\/28207-205x300.jpg","_links":{"self":[{"href":"https:\/\/www.mercadokeys.com.mx\/eng\/wp-json\/wp\/v2\/product\/113405","targetHints":{"allow":["GET"]}}],"collection":[{"href":"https:\/\/www.mercadokeys.com.mx\/eng\/wp-json\/wp\/v2\/product"}],"about":[{"href":"https:\/\/www.mercadokeys.com.mx\/eng\/wp-json\/wp\/v2\/types\/product"}],"wp:featuredmedia":[{"embeddable":true,"href":"https:\/\/www.mercadokeys.com.mx\/eng\/wp-json\/wp\/v2\/media\/110590"}],"wp:attachment":[{"href":"https:\/\/www.mercadokeys.com.mx\/eng\/wp-json\/wp\/v2\/media?parent=113405"}],"wp:term":[{"taxonomy":"product_brand","embeddable":true,"href":"https:\/\/www.mercadokeys.com.mx\/eng\/wp-json\/wp\/v2\/product_brand?post=113405"},{"taxonomy":"product_cat","embeddable":true,"href":"https:\/\/www.mercadokeys.com.mx\/eng\/wp-json\/wp\/v2\/product_cat?post=113405"},{"taxonomy":"product_tag","embeddable":true,"href":"https:\/\/www.mercadokeys.com.mx\/eng\/wp-json\/wp\/v2\/product_tag?post=113405"}],"curies":[{"name":"wp","href":"https:\/\/api.w.org\/{rel}","templated":true}]}}