{"id":113339,"date":"2021-04-30T12:59:13","date_gmt":"2021-04-30T19:59:13","guid":{"rendered":"https:\/\/www.mercadokeys.com\/product\/contra-anniversary-collection-steam-cd-key\/"},"modified":"2022-06-29T06:06:22","modified_gmt":"2022-06-29T13:06:22","slug":"contra-anniversary-collection-steam-cd-key","status":"publish","type":"product","link":"https:\/\/www.mercadokeys.com.mx\/eng\/product\/contra-anniversary-collection-steam-cd-key\/","title":{"rendered":"Contra Anniversary Collection Steam CD Key"},"content":{"rendered":"<p><span style=\"vertical-align: inherit\">Contra Anniversary Collection trae esta franquicia cl\u00e1sica de Run and Gun a las plataformas modernas y a una nueva generaci\u00f3n de jugadores. <\/span><\/p>\n<p><span style=\"vertical-align: inherit\">En Contra Anniversary Collection coge potenciadores y \u00e1brete camino a trav\u00e9s de oleadas de enemigos y jefes amenazantes que pondr\u00e1n a prueba tus habilidades de reacci\u00f3n. Tambi\u00e9n se incluye un Libro de bonificaci\u00f3n digital con toneladas de documentos conceptuales y bocetos, la cronolog\u00eda oficial de la franquicia, una entrevista exclusiva con el productor veterano de la serie, \u00a1y m\u00e1s! <\/span><\/p>\n<p><span style=\"vertical-align: inherit\">Solo o con un amigo, Contra proporciona horas de acci\u00f3n para morderse las u\u00f1as. En caso de apuro; \u00a1aseg\u00farese de conocer el c\u00f3digo! <\/span><\/p>\n<p><span style=\"vertical-align: inherit\">Contra (Arcade) <\/span><br \/>\n<span style=\"vertical-align: inherit\">Super Contra <\/span><br \/>\n<span style=\"vertical-align: inherit\">Contra (NA) <\/span><br \/>\n<span style=\"vertical-align: inherit\">Contra (JP) <\/span><br \/>\n<span style=\"vertical-align: inherit\">Super C <\/span><br \/>\n<span style=\"vertical-align: inherit\">Contra III: The Alien Wars <\/span><br \/>\n<span style=\"vertical-align: inherit\">Operation C <\/span><br \/>\n<span style=\"vertical-align: inherit\">Contra Hard Corps<\/span><br \/>\n<span style=\"vertical-align: inherit\">S\u00faper Probotector rebeldes extranjeros <\/span><br \/>\n<span style=\"vertical-align: inherit\">Probotector<\/span><\/p>","protected":false},"excerpt":{"rendered":"<p>Contra Anniversary Collection trae esta franquicia cl\u00e1sica de Run and Gun a las plataformas modernas y a una nueva generaci\u00f3n de jugadores. En Contra Anniversary Collection coge potenciadores y \u00e1brete camino a trav\u00e9s de oleadas de enemigos y jefes amenazantes que pondr\u00e1n a prueba tus habilidades de reacci\u00f3n. Tambi\u00e9n se incluye un Libro de bonificaci\u00f3n&#8230;<\/p>","protected":false},"featured_media":110685,"template":"","meta":{"_monsterinsights_skip_tracking":false,"_monsterinsights_sitenote_active":false,"_monsterinsights_sitenote_note":"","_monsterinsights_sitenote_category":0},"product_brand":[],"product_cat":[1501,2981,1271,1420,1283,1280,1273,1428],"product_tag":[2566,2565,1526],"class_list":{"0":"post-113339","1":"product","2":"type-product","3":"status-publish","4":"has-post-thumbnail","6":"product_cat-tienda-de-videojuegos-ultimos-juegos-tijuana-mexico","7":"product_cat-destacados","8":"product_cat-tienda-de-videojuegos-tijuana-mexico","9":"product_cat-tienda-de-videojuegos-populares-tijuana-mexico","10":"product_cat-tienda-de-videojuegos-plataformas-tijuana-mexico","11":"product_cat-tienda-de-videojuegos-pc-tijuana-mexico","12":"product_cat-tienda-de-videojuegos-steam-key-tijuana-mexico","13":"product_cat-tienda-de-videojuegos-cooperativos-tijuana-mexico","14":"product_tag-contra-anniversary-collection","15":"product_tag-contra-anniversary-collection-steam","16":"product_tag-steam","18":"first","19":"instock","20":"shipping-taxable","21":"purchasable","22":"product-type-simple"},"yoast_head":"<!-- This site is optimized with the Yoast SEO plugin v27.0 - https:\/\/yoast.com\/product\/yoast-seo-wordpress\/ -->\n<title>Contra Anniversary Collection Steam CD Key - MERCADOKEYS<\/title>\n<meta name=\"description\" content=\"Contra Anniversary Collection trae esta franquicia cl\u00e1sica de Run and Gun a las plataformas modernas y a una nueva generaci\u00f3n de jugadores.\" \/>\n<meta name=\"robots\" content=\"index, follow, max-snippet:-1, max-image-preview:large, max-video-preview:-1\" \/>\n<link rel=\"canonical\" href=\"https:\/\/www.mercadokeys.com\/product\/contra-anniversary-collection-steam-cd-key\/\" \/>\n<meta property=\"og:locale\" content=\"en_GB\" \/>\n<meta property=\"og:type\" content=\"article\" \/>\n<meta property=\"og:title\" content=\"Contra Anniversary Collection Steam CD Key - MERCADOKEYS\" \/>\n<meta property=\"og:description\" content=\"Contra Anniversary Collection trae esta franquicia cl\u00e1sica de Run and Gun a las plataformas modernas y a una nueva generaci\u00f3n de jugadores.\" \/>\n<meta property=\"og:url\" content=\"https:\/\/www.mercadokeys.com\/product\/contra-anniversary-collection-steam-cd-key\/\" \/>\n<meta property=\"og:site_name\" content=\"MERCADOKEYS\" \/>\n<meta property=\"article:modified_time\" content=\"2022-06-29T13:06:22+00:00\" \/>\n<meta property=\"og:image\" content=\"https:\/\/www.mercadokeys.com\/wp-content\/uploads\/2021\/01\/56809.jpg\" \/>\n\t<meta property=\"og:image:width\" content=\"230\" \/>\n\t<meta property=\"og:image:height\" content=\"336\" \/>\n\t<meta property=\"og:image:type\" content=\"image\/jpeg\" \/>\n<meta name=\"twitter:card\" content=\"summary_large_image\" \/>\n<meta name=\"twitter:label1\" content=\"Estimated reading time\" \/>\n\t<meta name=\"twitter:data1\" content=\"1 minute\" \/>\n<script type=\"application\/ld+json\" class=\"yoast-schema-graph\">{\"@context\":\"https:\/\/schema.org\",\"@graph\":[{\"@type\":\"WebPage\",\"@id\":\"https:\/\/www.mercadokeys.com\/product\/contra-anniversary-collection-steam-cd-key\/\",\"url\":\"https:\/\/www.mercadokeys.com\/product\/contra-anniversary-collection-steam-cd-key\/\",\"name\":\"Contra Anniversary Collection Steam CD Key - MERCADOKEYS\",\"isPartOf\":{\"@id\":\"https:\/\/www.mercadokeys.com\/eng\/#website\"},\"primaryImageOfPage\":{\"@id\":\"https:\/\/www.mercadokeys.com\/product\/contra-anniversary-collection-steam-cd-key\/#primaryimage\"},\"image\":{\"@id\":\"https:\/\/www.mercadokeys.com\/product\/contra-anniversary-collection-steam-cd-key\/#primaryimage\"},\"thumbnailUrl\":\"https:\/\/www.mercadokeys.com.mx\/wp-content\/uploads\/2021\/01\/56809.jpg\",\"datePublished\":\"2021-04-30T19:59:13+00:00\",\"dateModified\":\"2022-06-29T13:06:22+00:00\",\"description\":\"Contra Anniversary Collection trae esta franquicia cl\u00e1sica de Run and Gun a las plataformas modernas y a una nueva generaci\u00f3n de jugadores.\",\"breadcrumb\":{\"@id\":\"https:\/\/www.mercadokeys.com\/product\/contra-anniversary-collection-steam-cd-key\/#breadcrumb\"},\"inLanguage\":\"en-GB\",\"potentialAction\":[{\"@type\":\"ReadAction\",\"target\":[\"https:\/\/www.mercadokeys.com\/product\/contra-anniversary-collection-steam-cd-key\/\"]}]},{\"@type\":\"ImageObject\",\"inLanguage\":\"en-GB\",\"@id\":\"https:\/\/www.mercadokeys.com\/product\/contra-anniversary-collection-steam-cd-key\/#primaryimage\",\"url\":\"https:\/\/www.mercadokeys.com.mx\/wp-content\/uploads\/2021\/01\/56809.jpg\",\"contentUrl\":\"https:\/\/www.mercadokeys.com.mx\/wp-content\/uploads\/2021\/01\/56809.jpg\",\"width\":230,\"height\":336,\"caption\":\"Contra Anniversary Collection trae esta franquicia cl\u00e1sica de Run and Gun a las plataformas modernas y a una nueva generaci\u00f3n de jugadores.\"},{\"@type\":\"BreadcrumbList\",\"@id\":\"https:\/\/www.mercadokeys.com\/product\/contra-anniversary-collection-steam-cd-key\/#breadcrumb\",\"itemListElement\":[{\"@type\":\"ListItem\",\"position\":1,\"name\":\"Inicio\",\"item\":\"https:\/\/www.mercadokeys.com.mx\/\"},{\"@type\":\"ListItem\",\"position\":2,\"name\":\"Tienda\",\"item\":\"https:\/\/www.mercadokeys.com\/shop\/\"},{\"@type\":\"ListItem\",\"position\":3,\"name\":\"Contra Anniversary Collection Steam CD Key\"}]},{\"@type\":\"WebSite\",\"@id\":\"https:\/\/www.mercadokeys.com\/eng\/#website\",\"url\":\"https:\/\/www.mercadokeys.com\/eng\/\",\"name\":\"MERCADOKEYS\",\"description\":\"Tu Tienda de videojuegos digitales en Mexico!\",\"potentialAction\":[{\"@type\":\"SearchAction\",\"target\":{\"@type\":\"EntryPoint\",\"urlTemplate\":\"https:\/\/www.mercadokeys.com\/eng\/?s={search_term_string}\"},\"query-input\":{\"@type\":\"PropertyValueSpecification\",\"valueRequired\":true,\"valueName\":\"search_term_string\"}}],\"inLanguage\":\"en-GB\"}]}<\/script>\n<!-- \/ Yoast SEO plugin. -->","yoast_head_json":{"title":"Contra Anniversary Collection Steam CD Key - MERCADOKEYS","description":"Contra Anniversary Collection trae esta franquicia cl\u00e1sica de Run and Gun a las plataformas modernas y a una nueva generaci\u00f3n de jugadores.","robots":{"index":"index","follow":"follow","max-snippet":"max-snippet:-1","max-image-preview":"max-image-preview:large","max-video-preview":"max-video-preview:-1"},"canonical":"https:\/\/www.mercadokeys.com\/product\/contra-anniversary-collection-steam-cd-key\/","og_locale":"en_GB","og_type":"article","og_title":"Contra Anniversary Collection Steam CD Key - MERCADOKEYS","og_description":"Contra Anniversary Collection trae esta franquicia cl\u00e1sica de Run and Gun a las plataformas modernas y a una nueva generaci\u00f3n de jugadores.","og_url":"https:\/\/www.mercadokeys.com\/product\/contra-anniversary-collection-steam-cd-key\/","og_site_name":"MERCADOKEYS","article_modified_time":"2022-06-29T13:06:22+00:00","og_image":[{"width":230,"height":336,"url":"https:\/\/www.mercadokeys.com\/wp-content\/uploads\/2021\/01\/56809.jpg","type":"image\/jpeg"}],"twitter_card":"summary_large_image","twitter_misc":{"Estimated reading time":"1 minute"},"schema":{"@context":"https:\/\/schema.org","@graph":[{"@type":"WebPage","@id":"https:\/\/www.mercadokeys.com\/product\/contra-anniversary-collection-steam-cd-key\/","url":"https:\/\/www.mercadokeys.com\/product\/contra-anniversary-collection-steam-cd-key\/","name":"Contra Anniversary Collection Steam CD Key - MERCADOKEYS","isPartOf":{"@id":"https:\/\/www.mercadokeys.com\/eng\/#website"},"primaryImageOfPage":{"@id":"https:\/\/www.mercadokeys.com\/product\/contra-anniversary-collection-steam-cd-key\/#primaryimage"},"image":{"@id":"https:\/\/www.mercadokeys.com\/product\/contra-anniversary-collection-steam-cd-key\/#primaryimage"},"thumbnailUrl":"https:\/\/www.mercadokeys.com.mx\/wp-content\/uploads\/2021\/01\/56809.jpg","datePublished":"2021-04-30T19:59:13+00:00","dateModified":"2022-06-29T13:06:22+00:00","description":"Contra Anniversary Collection trae esta franquicia cl\u00e1sica de Run and Gun a las plataformas modernas y a una nueva generaci\u00f3n de jugadores.","breadcrumb":{"@id":"https:\/\/www.mercadokeys.com\/product\/contra-anniversary-collection-steam-cd-key\/#breadcrumb"},"inLanguage":"en-GB","potentialAction":[{"@type":"ReadAction","target":["https:\/\/www.mercadokeys.com\/product\/contra-anniversary-collection-steam-cd-key\/"]}]},{"@type":"ImageObject","inLanguage":"en-GB","@id":"https:\/\/www.mercadokeys.com\/product\/contra-anniversary-collection-steam-cd-key\/#primaryimage","url":"https:\/\/www.mercadokeys.com.mx\/wp-content\/uploads\/2021\/01\/56809.jpg","contentUrl":"https:\/\/www.mercadokeys.com.mx\/wp-content\/uploads\/2021\/01\/56809.jpg","width":230,"height":336,"caption":"Contra Anniversary Collection trae esta franquicia cl\u00e1sica de Run and Gun a las plataformas modernas y a una nueva generaci\u00f3n de jugadores."},{"@type":"BreadcrumbList","@id":"https:\/\/www.mercadokeys.com\/product\/contra-anniversary-collection-steam-cd-key\/#breadcrumb","itemListElement":[{"@type":"ListItem","position":1,"name":"Inicio","item":"https:\/\/www.mercadokeys.com.mx\/"},{"@type":"ListItem","position":2,"name":"Tienda","item":"https:\/\/www.mercadokeys.com\/shop\/"},{"@type":"ListItem","position":3,"name":"Contra Anniversary Collection Steam CD Key"}]},{"@type":"WebSite","@id":"https:\/\/www.mercadokeys.com\/eng\/#website","url":"https:\/\/www.mercadokeys.com\/eng\/","name":"MERCADOKEYS","description":"Tu Tienda de videojuegos digitales en Mexico!","potentialAction":[{"@type":"SearchAction","target":{"@type":"EntryPoint","urlTemplate":"https:\/\/www.mercadokeys.com\/eng\/?s={search_term_string}"},"query-input":{"@type":"PropertyValueSpecification","valueRequired":true,"valueName":"search_term_string"}}],"inLanguage":"en-GB"}]}},"df_price":94.920692,"df_sale_price":94.920692,"df_regular_price":94.920692,"df_image_link":"https:\/\/www.mercadokeys.com.mx\/wp-content\/uploads\/2021\/01\/56809-205x300.jpg","_links":{"self":[{"href":"https:\/\/www.mercadokeys.com.mx\/eng\/wp-json\/wp\/v2\/product\/113339","targetHints":{"allow":["GET"]}}],"collection":[{"href":"https:\/\/www.mercadokeys.com.mx\/eng\/wp-json\/wp\/v2\/product"}],"about":[{"href":"https:\/\/www.mercadokeys.com.mx\/eng\/wp-json\/wp\/v2\/types\/product"}],"wp:featuredmedia":[{"embeddable":true,"href":"https:\/\/www.mercadokeys.com.mx\/eng\/wp-json\/wp\/v2\/media\/110685"}],"wp:attachment":[{"href":"https:\/\/www.mercadokeys.com.mx\/eng\/wp-json\/wp\/v2\/media?parent=113339"}],"wp:term":[{"taxonomy":"product_brand","embeddable":true,"href":"https:\/\/www.mercadokeys.com.mx\/eng\/wp-json\/wp\/v2\/product_brand?post=113339"},{"taxonomy":"product_cat","embeddable":true,"href":"https:\/\/www.mercadokeys.com.mx\/eng\/wp-json\/wp\/v2\/product_cat?post=113339"},{"taxonomy":"product_tag","embeddable":true,"href":"https:\/\/www.mercadokeys.com.mx\/eng\/wp-json\/wp\/v2\/product_tag?post=113339"}],"curies":[{"name":"wp","href":"https:\/\/api.w.org\/{rel}","templated":true}]}}