{"id":113338,"date":"2021-04-30T12:57:07","date_gmt":"2021-04-30T19:57:07","guid":{"rendered":"https:\/\/www.mercadokeys.com\/product\/n-nplusplus-steam-cd-key-2\/"},"modified":"2022-06-29T06:05:02","modified_gmt":"2022-06-29T13:05:02","slug":"n-nplusplus-steam-cd-key-2","status":"publish","type":"product","link":"https:\/\/www.mercadokeys.com.mx\/eng\/product\/n-nplusplus-steam-cd-key-2\/","title":{"rendered":"N++ (NPLUSPLUS) Steam CD Key"},"content":{"rendered":"<p><span style=\"vertical-align: inherit;\">N ++ es un juego de plataformas de ritmo r\u00e1pido basado en el impulso sobre c\u00f3mo lanzarse alrededor de obst\u00e1culos, evadir enemigos por poco y recolectar oro en un hermoso paisaje minimalista. Sin embargo, es el primer juego de N en PC desde 2004 y hemos pasado esos 12 a\u00f1os perfeccionando el juego de plataformas.<\/span><\/p>\n<p>Narrativa<\/p>\n<p><span style=\"vertical-align: inherit;\">Asimismo, N ++\u00a0 trata de usar tu impulso para completar niveles y obtener puntuaciones altas, pero en este mundo de ciencia ficci\u00f3n.\u00a0 Hay una gran cantidad de robots enemigos homicidas inadvertidos que intentan evitar que completes tu objetivo. <\/span><\/p>\n<p><span style=\"vertical-align: inherit;\">Por su parte, a trav\u00e9s de los niveles hechos a mano (NO generados por procedimientos), experimentar\u00e1s las plataformas en su punto m\u00e1s intenso. Usando solo su movimiento fluido, necesita &#8216;resolver&#8217; cada nivel y llegar a la salida.<\/span><\/p>","protected":false},"excerpt":{"rendered":"<p>N ++ es un juego de plataformas de ritmo r\u00e1pido basado en el impulso sobre c\u00f3mo lanzarse alrededor de obst\u00e1culos, evadir enemigos por poco y recolectar oro en un hermoso paisaje minimalista. Sin embargo, es el primer juego de N en PC desde 2004 y hemos pasado esos 12 a\u00f1os perfeccionando el juego de plataformas&#8230;.<\/p>","protected":false},"featured_media":118654,"template":"","meta":{"_monsterinsights_skip_tracking":false,"_monsterinsights_sitenote_active":false,"_monsterinsights_sitenote_note":"","_monsterinsights_sitenote_category":0},"product_brand":[],"product_cat":[1501,2981,1271,1420,1283,1280,1273,1428],"product_tag":[2554,2553,1526],"class_list":{"0":"post-113338","1":"product","2":"type-product","3":"status-publish","4":"has-post-thumbnail","6":"product_cat-tienda-de-videojuegos-ultimos-juegos-tijuana-mexico","7":"product_cat-destacados","8":"product_cat-tienda-de-videojuegos-tijuana-mexico","9":"product_cat-tienda-de-videojuegos-populares-tijuana-mexico","10":"product_cat-tienda-de-videojuegos-plataformas-tijuana-mexico","11":"product_cat-tienda-de-videojuegos-pc-tijuana-mexico","12":"product_cat-tienda-de-videojuegos-steam-key-tijuana-mexico","13":"product_cat-tienda-de-videojuegos-cooperativos-tijuana-mexico","14":"product_tag-n-nplusplus","15":"product_tag-n-nplusplus-steam","16":"product_tag-steam","18":"first","19":"instock","20":"shipping-taxable","21":"purchasable","22":"product-type-simple"},"yoast_head":"<!-- This site is optimized with the Yoast SEO plugin v27.0 - https:\/\/yoast.com\/product\/yoast-seo-wordpress\/ -->\n<title>N++ (NPLUSPLUS) Steam CD Key - MERCADOKEYS<\/title>\n<meta name=\"description\" content=\"N ++ es un juego de plataformas de ritmo r\u00e1pido basado en el impulso sobre c\u00f3mo lanzarse alrededor de obst\u00e1culos, evadir enemigos por poco\" \/>\n<meta name=\"robots\" content=\"index, follow, max-snippet:-1, max-image-preview:large, max-video-preview:-1\" \/>\n<link rel=\"canonical\" href=\"https:\/\/www.mercadokeys.com\/product\/n-nplusplus-steam-cd-key-2\/\" \/>\n<meta property=\"og:locale\" content=\"en_GB\" \/>\n<meta property=\"og:type\" content=\"article\" \/>\n<meta property=\"og:title\" content=\"N++ (NPLUSPLUS) Steam CD Key - MERCADOKEYS\" \/>\n<meta property=\"og:description\" content=\"N ++ es un juego de plataformas de ritmo r\u00e1pido basado en el impulso sobre c\u00f3mo lanzarse alrededor de obst\u00e1culos, evadir enemigos por poco\" \/>\n<meta property=\"og:url\" content=\"https:\/\/www.mercadokeys.com\/product\/n-nplusplus-steam-cd-key-2\/\" \/>\n<meta property=\"og:site_name\" content=\"MERCADOKEYS\" \/>\n<meta property=\"article:modified_time\" content=\"2022-06-29T13:05:02+00:00\" \/>\n<meta property=\"og:image\" content=\"https:\/\/www.mercadokeys.com\/wp-content\/uploads\/2021\/04\/N-NPLUSPLUS-STEAM-mercadokeys.jpg\" \/>\n\t<meta property=\"og:image:width\" content=\"230\" \/>\n\t<meta property=\"og:image:height\" content=\"336\" \/>\n\t<meta property=\"og:image:type\" content=\"image\/jpeg\" \/>\n<meta name=\"twitter:card\" content=\"summary_large_image\" \/>\n<meta name=\"twitter:label1\" content=\"Estimated reading time\" \/>\n\t<meta name=\"twitter:data1\" content=\"1 minute\" \/>\n<script type=\"application\/ld+json\" class=\"yoast-schema-graph\">{\"@context\":\"https:\/\/schema.org\",\"@graph\":[{\"@type\":\"WebPage\",\"@id\":\"https:\/\/www.mercadokeys.com\/product\/n-nplusplus-steam-cd-key-2\/\",\"url\":\"https:\/\/www.mercadokeys.com\/product\/n-nplusplus-steam-cd-key-2\/\",\"name\":\"N++ (NPLUSPLUS) Steam CD Key - MERCADOKEYS\",\"isPartOf\":{\"@id\":\"https:\/\/www.mercadokeys.com\/eng\/#website\"},\"primaryImageOfPage\":{\"@id\":\"https:\/\/www.mercadokeys.com\/product\/n-nplusplus-steam-cd-key-2\/#primaryimage\"},\"image\":{\"@id\":\"https:\/\/www.mercadokeys.com\/product\/n-nplusplus-steam-cd-key-2\/#primaryimage\"},\"thumbnailUrl\":\"https:\/\/www.mercadokeys.com.mx\/wp-content\/uploads\/2021\/04\/N-NPLUSPLUS-STEAM-mercadokeys.jpg\",\"datePublished\":\"2021-04-30T19:57:07+00:00\",\"dateModified\":\"2022-06-29T13:05:02+00:00\",\"description\":\"N ++ es un juego de plataformas de ritmo r\u00e1pido basado en el impulso sobre c\u00f3mo lanzarse alrededor de obst\u00e1culos, evadir enemigos por poco\",\"breadcrumb\":{\"@id\":\"https:\/\/www.mercadokeys.com\/product\/n-nplusplus-steam-cd-key-2\/#breadcrumb\"},\"inLanguage\":\"en-GB\",\"potentialAction\":[{\"@type\":\"ReadAction\",\"target\":[\"https:\/\/www.mercadokeys.com\/product\/n-nplusplus-steam-cd-key-2\/\"]}]},{\"@type\":\"ImageObject\",\"inLanguage\":\"en-GB\",\"@id\":\"https:\/\/www.mercadokeys.com\/product\/n-nplusplus-steam-cd-key-2\/#primaryimage\",\"url\":\"https:\/\/www.mercadokeys.com.mx\/wp-content\/uploads\/2021\/04\/N-NPLUSPLUS-STEAM-mercadokeys.jpg\",\"contentUrl\":\"https:\/\/www.mercadokeys.com.mx\/wp-content\/uploads\/2021\/04\/N-NPLUSPLUS-STEAM-mercadokeys.jpg\",\"width\":230,\"height\":336},{\"@type\":\"BreadcrumbList\",\"@id\":\"https:\/\/www.mercadokeys.com\/product\/n-nplusplus-steam-cd-key-2\/#breadcrumb\",\"itemListElement\":[{\"@type\":\"ListItem\",\"position\":1,\"name\":\"Inicio\",\"item\":\"https:\/\/www.mercadokeys.com.mx\/\"},{\"@type\":\"ListItem\",\"position\":2,\"name\":\"Tienda\",\"item\":\"https:\/\/www.mercadokeys.com\/shop\/\"},{\"@type\":\"ListItem\",\"position\":3,\"name\":\"N++ (NPLUSPLUS) Steam CD Key\"}]},{\"@type\":\"WebSite\",\"@id\":\"https:\/\/www.mercadokeys.com\/eng\/#website\",\"url\":\"https:\/\/www.mercadokeys.com\/eng\/\",\"name\":\"MERCADOKEYS\",\"description\":\"Tu Tienda de videojuegos digitales en Mexico!\",\"potentialAction\":[{\"@type\":\"SearchAction\",\"target\":{\"@type\":\"EntryPoint\",\"urlTemplate\":\"https:\/\/www.mercadokeys.com\/eng\/?s={search_term_string}\"},\"query-input\":{\"@type\":\"PropertyValueSpecification\",\"valueRequired\":true,\"valueName\":\"search_term_string\"}}],\"inLanguage\":\"en-GB\"}]}<\/script>\n<!-- \/ Yoast SEO plugin. -->","yoast_head_json":{"title":"N++ (NPLUSPLUS) Steam CD Key - MERCADOKEYS","description":"N ++ es un juego de plataformas de ritmo r\u00e1pido basado en el impulso sobre c\u00f3mo lanzarse alrededor de obst\u00e1culos, evadir enemigos por poco","robots":{"index":"index","follow":"follow","max-snippet":"max-snippet:-1","max-image-preview":"max-image-preview:large","max-video-preview":"max-video-preview:-1"},"canonical":"https:\/\/www.mercadokeys.com\/product\/n-nplusplus-steam-cd-key-2\/","og_locale":"en_GB","og_type":"article","og_title":"N++ (NPLUSPLUS) Steam CD Key - MERCADOKEYS","og_description":"N ++ es un juego de plataformas de ritmo r\u00e1pido basado en el impulso sobre c\u00f3mo lanzarse alrededor de obst\u00e1culos, evadir enemigos por poco","og_url":"https:\/\/www.mercadokeys.com\/product\/n-nplusplus-steam-cd-key-2\/","og_site_name":"MERCADOKEYS","article_modified_time":"2022-06-29T13:05:02+00:00","og_image":[{"width":230,"height":336,"url":"https:\/\/www.mercadokeys.com\/wp-content\/uploads\/2021\/04\/N-NPLUSPLUS-STEAM-mercadokeys.jpg","type":"image\/jpeg"}],"twitter_card":"summary_large_image","twitter_misc":{"Estimated reading time":"1 minute"},"schema":{"@context":"https:\/\/schema.org","@graph":[{"@type":"WebPage","@id":"https:\/\/www.mercadokeys.com\/product\/n-nplusplus-steam-cd-key-2\/","url":"https:\/\/www.mercadokeys.com\/product\/n-nplusplus-steam-cd-key-2\/","name":"N++ (NPLUSPLUS) Steam CD Key - MERCADOKEYS","isPartOf":{"@id":"https:\/\/www.mercadokeys.com\/eng\/#website"},"primaryImageOfPage":{"@id":"https:\/\/www.mercadokeys.com\/product\/n-nplusplus-steam-cd-key-2\/#primaryimage"},"image":{"@id":"https:\/\/www.mercadokeys.com\/product\/n-nplusplus-steam-cd-key-2\/#primaryimage"},"thumbnailUrl":"https:\/\/www.mercadokeys.com.mx\/wp-content\/uploads\/2021\/04\/N-NPLUSPLUS-STEAM-mercadokeys.jpg","datePublished":"2021-04-30T19:57:07+00:00","dateModified":"2022-06-29T13:05:02+00:00","description":"N ++ es un juego de plataformas de ritmo r\u00e1pido basado en el impulso sobre c\u00f3mo lanzarse alrededor de obst\u00e1culos, evadir enemigos por poco","breadcrumb":{"@id":"https:\/\/www.mercadokeys.com\/product\/n-nplusplus-steam-cd-key-2\/#breadcrumb"},"inLanguage":"en-GB","potentialAction":[{"@type":"ReadAction","target":["https:\/\/www.mercadokeys.com\/product\/n-nplusplus-steam-cd-key-2\/"]}]},{"@type":"ImageObject","inLanguage":"en-GB","@id":"https:\/\/www.mercadokeys.com\/product\/n-nplusplus-steam-cd-key-2\/#primaryimage","url":"https:\/\/www.mercadokeys.com.mx\/wp-content\/uploads\/2021\/04\/N-NPLUSPLUS-STEAM-mercadokeys.jpg","contentUrl":"https:\/\/www.mercadokeys.com.mx\/wp-content\/uploads\/2021\/04\/N-NPLUSPLUS-STEAM-mercadokeys.jpg","width":230,"height":336},{"@type":"BreadcrumbList","@id":"https:\/\/www.mercadokeys.com\/product\/n-nplusplus-steam-cd-key-2\/#breadcrumb","itemListElement":[{"@type":"ListItem","position":1,"name":"Inicio","item":"https:\/\/www.mercadokeys.com.mx\/"},{"@type":"ListItem","position":2,"name":"Tienda","item":"https:\/\/www.mercadokeys.com\/shop\/"},{"@type":"ListItem","position":3,"name":"N++ (NPLUSPLUS) Steam CD Key"}]},{"@type":"WebSite","@id":"https:\/\/www.mercadokeys.com\/eng\/#website","url":"https:\/\/www.mercadokeys.com\/eng\/","name":"MERCADOKEYS","description":"Tu Tienda de videojuegos digitales en Mexico!","potentialAction":[{"@type":"SearchAction","target":{"@type":"EntryPoint","urlTemplate":"https:\/\/www.mercadokeys.com\/eng\/?s={search_term_string}"},"query-input":{"@type":"PropertyValueSpecification","valueRequired":true,"valueName":"search_term_string"}}],"inLanguage":"en-GB"}]}},"df_price":68.045557,"df_sale_price":68.045557,"df_regular_price":68.045557,"df_image_link":"https:\/\/www.mercadokeys.com.mx\/wp-content\/uploads\/2021\/04\/N-NPLUSPLUS-STEAM-mercadokeys-205x300.jpg","_links":{"self":[{"href":"https:\/\/www.mercadokeys.com.mx\/eng\/wp-json\/wp\/v2\/product\/113338","targetHints":{"allow":["GET"]}}],"collection":[{"href":"https:\/\/www.mercadokeys.com.mx\/eng\/wp-json\/wp\/v2\/product"}],"about":[{"href":"https:\/\/www.mercadokeys.com.mx\/eng\/wp-json\/wp\/v2\/types\/product"}],"wp:featuredmedia":[{"embeddable":true,"href":"https:\/\/www.mercadokeys.com.mx\/eng\/wp-json\/wp\/v2\/media\/118654"}],"wp:attachment":[{"href":"https:\/\/www.mercadokeys.com.mx\/eng\/wp-json\/wp\/v2\/media?parent=113338"}],"wp:term":[{"taxonomy":"product_brand","embeddable":true,"href":"https:\/\/www.mercadokeys.com.mx\/eng\/wp-json\/wp\/v2\/product_brand?post=113338"},{"taxonomy":"product_cat","embeddable":true,"href":"https:\/\/www.mercadokeys.com.mx\/eng\/wp-json\/wp\/v2\/product_cat?post=113338"},{"taxonomy":"product_tag","embeddable":true,"href":"https:\/\/www.mercadokeys.com.mx\/eng\/wp-json\/wp\/v2\/product_tag?post=113338"}],"curies":[{"name":"wp","href":"https:\/\/api.w.org\/{rel}","templated":true}]}}