{"id":113334,"date":"2021-04-30T12:56:17","date_gmt":"2021-04-30T19:56:17","guid":{"rendered":"https:\/\/www.mercadokeys.com\/product\/black-future-88-steam-cd-key-2\/"},"modified":"2022-06-28T06:13:59","modified_gmt":"2022-06-28T13:13:59","slug":"black-future-88-steam-cd-key-2","status":"publish","type":"product","link":"https:\/\/www.mercadokeys.com.mx\/eng\/product\/black-future-88-steam-cd-key-2\/","title":{"rendered":"Black Future &#8217;88 Steam CD Key"},"content":{"rendered":"<p>Black Future &#8217;88 es un shooter de acci\u00f3n 2D roguelike de Synth-Punk. Sube verticalmente a una torre de procedimientos en constante evoluci\u00f3n para llegar a la cima y matar a su loco due\u00f1o &#8230; Antes de que tu coraz\u00f3n explote. Dispara, corta, corre y actual\u00edzate para sobrevivir a las interminables oleadas de trampas mortales, IA homicida, adictos enloquecidos y guardias colosales que se interponen en tu camino en una elegante versi\u00f3n alternativa de 1988.<\/p>\n<p>El mundo se est\u00e1 recuperando de un cataclismo nuclear, creado por Duncan, el arquitecto de la torre. La primera de sus bombas cay\u00f3 en el verano de 1988, y en diciembre hab\u00edan oscurecido el sol con una lluvia interminable. Decidimos dejar de llevar el tiempo despu\u00e9s de esto, y ha sido 1988 desde entonces. Todo lo que vivi\u00f3 el ataque inicial morir\u00e1 en las inundaciones extremas que siguieron. Son los tiempos posteriores, donde ya no quedan meses, ni siquiera semanas\u2026 todo se mide en minutos de vida.<\/p>\n<p>Ponte el manto de uno de los \u00faltimos supervivientes inadaptados que quedan y \u00e1brete camino hasta la cima de la torre para matar al arquitecto y detener la interminable lluvia nuclear. Asciende para morir y muere para sobrevivir.<\/p>\n<h3>Caracter\u00edsticas de Black Future &#8217;88<\/h3>\n<ul>\n<li>Death Ascendant: sube a una torre de procedimientos en constante evoluci\u00f3n y lucha por sobrevivir a trav\u00e9s de un ataque constante de muerte por fuego, l\u00e1seres y cortes.<\/li>\n<li>Unique Synth-Punk World: juega a trav\u00e9s de una versi\u00f3n \u00fanica de una distop\u00eda retro cyberpunk y lucha por sobrevivir a trav\u00e9s de 5 zonas distintas, cada una con sus propios desaf\u00edos.<\/li>\n<li>Elige tu veneno: juega como uno de los 5 personajes jugables; cada uno con sus propias ventajas y debilidades \u00fanicas.<br \/>\nRuin Friendships: Pon a prueba tu ingenio y reflejos con un amigo en el modo cooperativo del sof\u00e1 y experimenta una versi\u00f3n completamente \u00fanica del roguelike cooperativo.<\/li>\n<li>Mata a los guardianes: lucha por la supervivencia desafiando a los numerosos jefes \u00fanicos que protegen cada una de las zonas del juego.<\/li>\n<li>M\u00e1quinas de niebla y rayos l\u00e1ser: lleva una pistola y una espada l\u00e1ser a un tiroteo arm\u00e1ndote con una selecci\u00f3n de las 50 armas \u00fanicas disponibles en el juego, cada una con sus propios efectos \u00fanicos.<\/li>\n<li>Evoluciona para sobrevivir: la \u00fanica forma de sobrevivir cuando todo, incluido tu propio coraz\u00f3n, est\u00e1 tratando de matarte es impulsarte o maldecirte con cuidado eligiendo estrat\u00e9gicamente y combinando 30 ventajas y maldiciones distintas.<\/li>\n<li>Diarios: todos los d\u00edas, se genera un nuevo desaf\u00edo con atributos \u00fanicos que pondr\u00e1n a prueba tu temple y te permitir\u00e1n ver c\u00f3mo se comparan tus habilidades con las de otros jugadores en una tabla de clasificaci\u00f3n global. \u00a1Lucha no solo por la supervivencia, sino tambi\u00e9n por la supremac\u00eda!<\/li>\n<\/ul>\n<p>Ear Candy: Death nunca son\u00f3 tan bien gracias a una banda sonora original de sintetizador anal\u00f3gico. Todo esto en Black Future &#8217;88<\/p>","protected":false},"excerpt":{"rendered":"<p>Black Future &#8217;88 es un shooter de acci\u00f3n 2D roguelike de Synth-Punk. Sube verticalmente a una torre de procedimientos en constante evoluci\u00f3n para llegar a la cima y matar a su loco due\u00f1o &#8230; Antes de que tu coraz\u00f3n explote. Dispara, corta, corre y actual\u00edzate para sobrevivir a las interminables oleadas de trampas mortales, IA&#8230;<\/p>","protected":false},"featured_media":118658,"template":"","meta":{"_monsterinsights_skip_tracking":false,"_monsterinsights_sitenote_active":false,"_monsterinsights_sitenote_note":"","_monsterinsights_sitenote_category":0},"product_brand":[],"product_cat":[1501,2981,1271,1420,1283,1280,1273,1428],"product_tag":[2550,2549,1526],"class_list":{"0":"post-113334","1":"product","2":"type-product","3":"status-publish","4":"has-post-thumbnail","6":"product_cat-tienda-de-videojuegos-ultimos-juegos-tijuana-mexico","7":"product_cat-destacados","8":"product_cat-tienda-de-videojuegos-tijuana-mexico","9":"product_cat-tienda-de-videojuegos-populares-tijuana-mexico","10":"product_cat-tienda-de-videojuegos-plataformas-tijuana-mexico","11":"product_cat-tienda-de-videojuegos-pc-tijuana-mexico","12":"product_cat-tienda-de-videojuegos-steam-key-tijuana-mexico","13":"product_cat-tienda-de-videojuegos-cooperativos-tijuana-mexico","14":"product_tag-black-future-88","15":"product_tag-black-future-88-steam","16":"product_tag-steam","18":"first","19":"instock","20":"shipping-taxable","21":"purchasable","22":"product-type-simple"},"yoast_head":"<!-- This site is optimized with the Yoast SEO plugin v27.0 - https:\/\/yoast.com\/product\/yoast-seo-wordpress\/ -->\n<title>Black Future &#039;88 Steam CD Key - MERCADOKEYS<\/title>\n<meta name=\"description\" content=\"Black Future &#039;88 es un shooter de acci\u00f3n 2D roguelike de Synth-Punk. Sube verticalmente a una torre de procedimientos en constante evoluci\u00f3n\" \/>\n<meta name=\"robots\" content=\"index, follow, max-snippet:-1, max-image-preview:large, max-video-preview:-1\" \/>\n<link rel=\"canonical\" href=\"https:\/\/www.mercadokeys.com\/product\/black-future-88-steam-cd-key-2\/\" \/>\n<meta property=\"og:locale\" content=\"en_GB\" \/>\n<meta property=\"og:type\" content=\"article\" \/>\n<meta property=\"og:title\" content=\"Black Future &#039;88 Steam CD Key - MERCADOKEYS\" \/>\n<meta property=\"og:description\" content=\"Black Future &#039;88 es un shooter de acci\u00f3n 2D roguelike de Synth-Punk. Sube verticalmente a una torre de procedimientos en constante evoluci\u00f3n\" \/>\n<meta property=\"og:url\" content=\"https:\/\/www.mercadokeys.com\/product\/black-future-88-steam-cd-key-2\/\" \/>\n<meta property=\"og:site_name\" content=\"MERCADOKEYS\" \/>\n<meta property=\"article:modified_time\" content=\"2022-06-28T13:13:59+00:00\" \/>\n<meta property=\"og:image\" content=\"https:\/\/www.mercadokeys.com\/wp-content\/uploads\/2021\/04\/Black-future-steam-videjuego-mercadokeys.jpg\" \/>\n\t<meta property=\"og:image:width\" content=\"230\" \/>\n\t<meta property=\"og:image:height\" content=\"336\" \/>\n\t<meta property=\"og:image:type\" content=\"image\/jpeg\" \/>\n<meta name=\"twitter:card\" content=\"summary_large_image\" \/>\n<meta name=\"twitter:label1\" content=\"Estimated reading time\" \/>\n\t<meta name=\"twitter:data1\" content=\"3 minutes\" \/>\n<script type=\"application\/ld+json\" class=\"yoast-schema-graph\">{\"@context\":\"https:\/\/schema.org\",\"@graph\":[{\"@type\":\"WebPage\",\"@id\":\"https:\/\/www.mercadokeys.com\/product\/black-future-88-steam-cd-key-2\/\",\"url\":\"https:\/\/www.mercadokeys.com\/product\/black-future-88-steam-cd-key-2\/\",\"name\":\"Black Future '88 Steam CD Key - MERCADOKEYS\",\"isPartOf\":{\"@id\":\"https:\/\/www.mercadokeys.com\/eng\/#website\"},\"primaryImageOfPage\":{\"@id\":\"https:\/\/www.mercadokeys.com\/product\/black-future-88-steam-cd-key-2\/#primaryimage\"},\"image\":{\"@id\":\"https:\/\/www.mercadokeys.com\/product\/black-future-88-steam-cd-key-2\/#primaryimage\"},\"thumbnailUrl\":\"https:\/\/www.mercadokeys.com.mx\/wp-content\/uploads\/2021\/04\/Black-future-steam-videjuego-mercadokeys.jpg\",\"datePublished\":\"2021-04-30T19:56:17+00:00\",\"dateModified\":\"2022-06-28T13:13:59+00:00\",\"description\":\"Black Future '88 es un shooter de acci\u00f3n 2D roguelike de Synth-Punk. Sube verticalmente a una torre de procedimientos en constante evoluci\u00f3n\",\"breadcrumb\":{\"@id\":\"https:\/\/www.mercadokeys.com\/product\/black-future-88-steam-cd-key-2\/#breadcrumb\"},\"inLanguage\":\"en-GB\",\"potentialAction\":[{\"@type\":\"ReadAction\",\"target\":[\"https:\/\/www.mercadokeys.com\/product\/black-future-88-steam-cd-key-2\/\"]}]},{\"@type\":\"ImageObject\",\"inLanguage\":\"en-GB\",\"@id\":\"https:\/\/www.mercadokeys.com\/product\/black-future-88-steam-cd-key-2\/#primaryimage\",\"url\":\"https:\/\/www.mercadokeys.com.mx\/wp-content\/uploads\/2021\/04\/Black-future-steam-videjuego-mercadokeys.jpg\",\"contentUrl\":\"https:\/\/www.mercadokeys.com.mx\/wp-content\/uploads\/2021\/04\/Black-future-steam-videjuego-mercadokeys.jpg\",\"width\":230,\"height\":336},{\"@type\":\"BreadcrumbList\",\"@id\":\"https:\/\/www.mercadokeys.com\/product\/black-future-88-steam-cd-key-2\/#breadcrumb\",\"itemListElement\":[{\"@type\":\"ListItem\",\"position\":1,\"name\":\"Inicio\",\"item\":\"https:\/\/www.mercadokeys.com.mx\/\"},{\"@type\":\"ListItem\",\"position\":2,\"name\":\"Tienda\",\"item\":\"https:\/\/www.mercadokeys.com\/shop\/\"},{\"@type\":\"ListItem\",\"position\":3,\"name\":\"Black Future &#8217;88 Steam CD Key\"}]},{\"@type\":\"WebSite\",\"@id\":\"https:\/\/www.mercadokeys.com\/eng\/#website\",\"url\":\"https:\/\/www.mercadokeys.com\/eng\/\",\"name\":\"MERCADOKEYS\",\"description\":\"Tu Tienda de videojuegos digitales en Mexico!\",\"potentialAction\":[{\"@type\":\"SearchAction\",\"target\":{\"@type\":\"EntryPoint\",\"urlTemplate\":\"https:\/\/www.mercadokeys.com\/eng\/?s={search_term_string}\"},\"query-input\":{\"@type\":\"PropertyValueSpecification\",\"valueRequired\":true,\"valueName\":\"search_term_string\"}}],\"inLanguage\":\"en-GB\"}]}<\/script>\n<!-- \/ Yoast SEO plugin. -->","yoast_head_json":{"title":"Black Future '88 Steam CD Key - MERCADOKEYS","description":"Black Future '88 es un shooter de acci\u00f3n 2D roguelike de Synth-Punk. Sube verticalmente a una torre de procedimientos en constante evoluci\u00f3n","robots":{"index":"index","follow":"follow","max-snippet":"max-snippet:-1","max-image-preview":"max-image-preview:large","max-video-preview":"max-video-preview:-1"},"canonical":"https:\/\/www.mercadokeys.com\/product\/black-future-88-steam-cd-key-2\/","og_locale":"en_GB","og_type":"article","og_title":"Black Future '88 Steam CD Key - MERCADOKEYS","og_description":"Black Future '88 es un shooter de acci\u00f3n 2D roguelike de Synth-Punk. Sube verticalmente a una torre de procedimientos en constante evoluci\u00f3n","og_url":"https:\/\/www.mercadokeys.com\/product\/black-future-88-steam-cd-key-2\/","og_site_name":"MERCADOKEYS","article_modified_time":"2022-06-28T13:13:59+00:00","og_image":[{"width":230,"height":336,"url":"https:\/\/www.mercadokeys.com\/wp-content\/uploads\/2021\/04\/Black-future-steam-videjuego-mercadokeys.jpg","type":"image\/jpeg"}],"twitter_card":"summary_large_image","twitter_misc":{"Estimated reading time":"3 minutes"},"schema":{"@context":"https:\/\/schema.org","@graph":[{"@type":"WebPage","@id":"https:\/\/www.mercadokeys.com\/product\/black-future-88-steam-cd-key-2\/","url":"https:\/\/www.mercadokeys.com\/product\/black-future-88-steam-cd-key-2\/","name":"Black Future '88 Steam CD Key - MERCADOKEYS","isPartOf":{"@id":"https:\/\/www.mercadokeys.com\/eng\/#website"},"primaryImageOfPage":{"@id":"https:\/\/www.mercadokeys.com\/product\/black-future-88-steam-cd-key-2\/#primaryimage"},"image":{"@id":"https:\/\/www.mercadokeys.com\/product\/black-future-88-steam-cd-key-2\/#primaryimage"},"thumbnailUrl":"https:\/\/www.mercadokeys.com.mx\/wp-content\/uploads\/2021\/04\/Black-future-steam-videjuego-mercadokeys.jpg","datePublished":"2021-04-30T19:56:17+00:00","dateModified":"2022-06-28T13:13:59+00:00","description":"Black Future '88 es un shooter de acci\u00f3n 2D roguelike de Synth-Punk. Sube verticalmente a una torre de procedimientos en constante evoluci\u00f3n","breadcrumb":{"@id":"https:\/\/www.mercadokeys.com\/product\/black-future-88-steam-cd-key-2\/#breadcrumb"},"inLanguage":"en-GB","potentialAction":[{"@type":"ReadAction","target":["https:\/\/www.mercadokeys.com\/product\/black-future-88-steam-cd-key-2\/"]}]},{"@type":"ImageObject","inLanguage":"en-GB","@id":"https:\/\/www.mercadokeys.com\/product\/black-future-88-steam-cd-key-2\/#primaryimage","url":"https:\/\/www.mercadokeys.com.mx\/wp-content\/uploads\/2021\/04\/Black-future-steam-videjuego-mercadokeys.jpg","contentUrl":"https:\/\/www.mercadokeys.com.mx\/wp-content\/uploads\/2021\/04\/Black-future-steam-videjuego-mercadokeys.jpg","width":230,"height":336},{"@type":"BreadcrumbList","@id":"https:\/\/www.mercadokeys.com\/product\/black-future-88-steam-cd-key-2\/#breadcrumb","itemListElement":[{"@type":"ListItem","position":1,"name":"Inicio","item":"https:\/\/www.mercadokeys.com.mx\/"},{"@type":"ListItem","position":2,"name":"Tienda","item":"https:\/\/www.mercadokeys.com\/shop\/"},{"@type":"ListItem","position":3,"name":"Black Future &#8217;88 Steam CD Key"}]},{"@type":"WebSite","@id":"https:\/\/www.mercadokeys.com\/eng\/#website","url":"https:\/\/www.mercadokeys.com\/eng\/","name":"MERCADOKEYS","description":"Tu Tienda de videojuegos digitales en Mexico!","potentialAction":[{"@type":"SearchAction","target":{"@type":"EntryPoint","urlTemplate":"https:\/\/www.mercadokeys.com\/eng\/?s={search_term_string}"},"query-input":{"@type":"PropertyValueSpecification","valueRequired":true,"valueName":"search_term_string"}}],"inLanguage":"en-GB"}]}},"df_price":22.920787,"df_sale_price":22.920787,"df_regular_price":22.920787,"df_image_link":"https:\/\/www.mercadokeys.com.mx\/wp-content\/uploads\/2021\/04\/Black-future-steam-videjuego-mercadokeys-205x300.jpg","_links":{"self":[{"href":"https:\/\/www.mercadokeys.com.mx\/eng\/wp-json\/wp\/v2\/product\/113334","targetHints":{"allow":["GET"]}}],"collection":[{"href":"https:\/\/www.mercadokeys.com.mx\/eng\/wp-json\/wp\/v2\/product"}],"about":[{"href":"https:\/\/www.mercadokeys.com.mx\/eng\/wp-json\/wp\/v2\/types\/product"}],"wp:featuredmedia":[{"embeddable":true,"href":"https:\/\/www.mercadokeys.com.mx\/eng\/wp-json\/wp\/v2\/media\/118658"}],"wp:attachment":[{"href":"https:\/\/www.mercadokeys.com.mx\/eng\/wp-json\/wp\/v2\/media?parent=113334"}],"wp:term":[{"taxonomy":"product_brand","embeddable":true,"href":"https:\/\/www.mercadokeys.com.mx\/eng\/wp-json\/wp\/v2\/product_brand?post=113334"},{"taxonomy":"product_cat","embeddable":true,"href":"https:\/\/www.mercadokeys.com.mx\/eng\/wp-json\/wp\/v2\/product_cat?post=113334"},{"taxonomy":"product_tag","embeddable":true,"href":"https:\/\/www.mercadokeys.com.mx\/eng\/wp-json\/wp\/v2\/product_tag?post=113334"}],"curies":[{"name":"wp","href":"https:\/\/api.w.org\/{rel}","templated":true}]}}