{"id":113326,"date":"2021-04-30T12:29:12","date_gmt":"2021-04-30T19:29:12","guid":{"rendered":"https:\/\/www.mercadokeys.com\/product\/disney-epic-mickey-2-the-power-of-two-steam-cd-key\/"},"modified":"2022-06-28T06:12:48","modified_gmt":"2022-06-28T13:12:48","slug":"disney-epic-mickey-2-the-power-of-two-steam-cd-key","status":"publish","type":"product","link":"https:\/\/www.mercadokeys.com.mx\/eng\/product\/disney-epic-mickey-2-the-power-of-two-steam-cd-key\/","title":{"rendered":"Disney Epic Mickey 2: The Power of Two Steam CD Key"},"content":{"rendered":"<p><span style=\"vertical-align: inherit\">On <\/span><strong><span style=\"vertical-align: inherit\">Disney Epic Mickey 2: The Power of Two<\/span><\/strong><span style=\"vertical-align: inherit\">, los jugadores jugar\u00e1n como Mickey Mouse y, por primera vez, Oswald the Lucky Rabbit, la primera estrella de dibujos animados de Walt Disney, en una nueva aventura de creatividad y descubrimiento.\u00a0<\/span><\/p>\n<p><span style=\"vertical-align: inherit\">Creado por la estrella de la industria Warren Spector y el estudio de desarrollo de juegos Junction Point de Disney Interactive, Disney Epic Mickey 2: The Power of Two devuelve la franquicia a trav\u00e9s de PC. Disney Epic Mickey 2: The Power of Two devuelve a Mickey Mouse y Oswald the Lucky Rabbit a Wasteland; un mundo alternativo lleno de 80 a\u00f1os de personajes de Disney olvidados y atracciones de parques tem\u00e1ticos. Pero por primera vez, Mickey y Oswald unir\u00e1n fuerzas como verdaderos socios; Mickey con su pincel m\u00e1gico que maneja pintura y diluyente, y Oswald con su poderoso control remoto que le permite controlar la electricidad.\u00a0<\/span><\/p>\n<h3>Enfoque de Disney Epic Mickey 2: The Power of Two<\/h3>\n<p><span style=\"vertical-align: inherit\">Este nuevo juego cooperativo combinado con una f\u00edsica mejorada en el juego mejorar\u00e1 a\u00fan m\u00e1s la idea de que &#8220;PlayStyle Matters&#8221;; un enfoque \u00fanico del juego iniciado por Warren Spector en el que los jugadores afrontan de forma din\u00e1mica diferentes desaf\u00edos para explorar todas las posibilidades e historias, pero con consecuencias de sus acciones elegidas.<\/span><\/p>","protected":false},"excerpt":{"rendered":"<p>En Disney Epic Mickey 2: The Power of Two, los jugadores jugar\u00e1n como Mickey Mouse y, por primera vez, Oswald the Lucky Rabbit, la primera estrella de dibujos animados de Walt Disney, en una nueva aventura de creatividad y descubrimiento.\u00a0 Creado por la estrella de la industria Warren Spector y el estudio de desarrollo de&#8230;<\/p>","protected":false},"featured_media":110725,"template":"","meta":{"_monsterinsights_skip_tracking":false,"_monsterinsights_sitenote_active":false,"_monsterinsights_sitenote_note":"","_monsterinsights_sitenote_category":0},"product_brand":[],"product_cat":[1501,2981,3596,1271,3164,1420,1283,1280,1273,1428],"product_tag":[2541,2542,1526],"class_list":{"0":"post-113326","1":"product","2":"type-product","3":"status-publish","4":"has-post-thumbnail","6":"product_cat-tienda-de-videojuegos-ultimos-juegos-tijuana-mexico","7":"product_cat-destacados","8":"product_cat-tienda-de-videojuegos-steam-recomendados-en-tijuana-mexico","9":"product_cat-tienda-de-videojuegos-tijuana-mexico","10":"product_cat-tienda-de-videojuegos-baratos-economicos-tijuana-mexico","11":"product_cat-tienda-de-videojuegos-populares-tijuana-mexico","12":"product_cat-tienda-de-videojuegos-plataformas-tijuana-mexico","13":"product_cat-tienda-de-videojuegos-pc-tijuana-mexico","14":"product_cat-tienda-de-videojuegos-steam-key-tijuana-mexico","15":"product_cat-tienda-de-videojuegos-cooperativos-tijuana-mexico","16":"product_tag-disney-epic-mickey-2-the-power-of-two","17":"product_tag-disney-epic-mickey-2-the-power-of-two-steam","18":"product_tag-steam","20":"first","21":"instock","22":"shipping-taxable","23":"purchasable","24":"product-type-simple"},"yoast_head":"<!-- This site is optimized with the Yoast SEO plugin v27.0 - https:\/\/yoast.com\/product\/yoast-seo-wordpress\/ -->\n<title>Disney Epic Mickey 2: The Power of Two Steam CD Key - MERCADOKEYS<\/title>\n<meta name=\"description\" content=\"En Disney Epic Mickey 2: The Power of Two, los jugadores jugar\u00e1n como Mickey Mouse y, por primera vez, Oswald the Lucky Rabbit\" \/>\n<meta name=\"robots\" content=\"index, follow, max-snippet:-1, max-image-preview:large, max-video-preview:-1\" \/>\n<link rel=\"canonical\" href=\"https:\/\/www.mercadokeys.com\/product\/disney-epic-mickey-2-the-power-of-two-steam-cd-key\/\" \/>\n<meta property=\"og:locale\" content=\"en_GB\" \/>\n<meta property=\"og:type\" content=\"article\" \/>\n<meta property=\"og:title\" content=\"Disney Epic Mickey 2: The Power of Two Steam CD Key - MERCADOKEYS\" \/>\n<meta property=\"og:description\" content=\"En Disney Epic Mickey 2: The Power of Two, los jugadores jugar\u00e1n como Mickey Mouse y, por primera vez, Oswald the Lucky Rabbit\" \/>\n<meta property=\"og:url\" content=\"https:\/\/www.mercadokeys.com\/product\/disney-epic-mickey-2-the-power-of-two-steam-cd-key\/\" \/>\n<meta property=\"og:site_name\" content=\"MERCADOKEYS\" \/>\n<meta property=\"article:modified_time\" content=\"2022-06-28T13:12:48+00:00\" \/>\n<meta property=\"og:image\" content=\"https:\/\/www.mercadokeys.com\/wp-content\/uploads\/2021\/01\/48943.jpg\" \/>\n\t<meta property=\"og:image:width\" content=\"230\" \/>\n\t<meta property=\"og:image:height\" content=\"336\" \/>\n\t<meta property=\"og:image:type\" content=\"image\/jpeg\" \/>\n<meta name=\"twitter:card\" content=\"summary_large_image\" \/>\n<meta name=\"twitter:label1\" content=\"Estimated reading time\" \/>\n\t<meta name=\"twitter:data1\" content=\"1 minute\" \/>\n<script type=\"application\/ld+json\" class=\"yoast-schema-graph\">{\"@context\":\"https:\/\/schema.org\",\"@graph\":[{\"@type\":\"WebPage\",\"@id\":\"https:\/\/www.mercadokeys.com\/product\/disney-epic-mickey-2-the-power-of-two-steam-cd-key\/\",\"url\":\"https:\/\/www.mercadokeys.com\/product\/disney-epic-mickey-2-the-power-of-two-steam-cd-key\/\",\"name\":\"Disney Epic Mickey 2: The Power of Two Steam CD Key - MERCADOKEYS\",\"isPartOf\":{\"@id\":\"https:\/\/www.mercadokeys.com\/eng\/#website\"},\"primaryImageOfPage\":{\"@id\":\"https:\/\/www.mercadokeys.com\/product\/disney-epic-mickey-2-the-power-of-two-steam-cd-key\/#primaryimage\"},\"image\":{\"@id\":\"https:\/\/www.mercadokeys.com\/product\/disney-epic-mickey-2-the-power-of-two-steam-cd-key\/#primaryimage\"},\"thumbnailUrl\":\"https:\/\/www.mercadokeys.com.mx\/wp-content\/uploads\/2021\/01\/48943.jpg\",\"datePublished\":\"2021-04-30T19:29:12+00:00\",\"dateModified\":\"2022-06-28T13:12:48+00:00\",\"description\":\"En Disney Epic Mickey 2: The Power of Two, los jugadores jugar\u00e1n como Mickey Mouse y, por primera vez, Oswald the Lucky Rabbit\",\"breadcrumb\":{\"@id\":\"https:\/\/www.mercadokeys.com\/product\/disney-epic-mickey-2-the-power-of-two-steam-cd-key\/#breadcrumb\"},\"inLanguage\":\"en-GB\",\"potentialAction\":[{\"@type\":\"ReadAction\",\"target\":[\"https:\/\/www.mercadokeys.com\/product\/disney-epic-mickey-2-the-power-of-two-steam-cd-key\/\"]}]},{\"@type\":\"ImageObject\",\"inLanguage\":\"en-GB\",\"@id\":\"https:\/\/www.mercadokeys.com\/product\/disney-epic-mickey-2-the-power-of-two-steam-cd-key\/#primaryimage\",\"url\":\"https:\/\/www.mercadokeys.com.mx\/wp-content\/uploads\/2021\/01\/48943.jpg\",\"contentUrl\":\"https:\/\/www.mercadokeys.com.mx\/wp-content\/uploads\/2021\/01\/48943.jpg\",\"width\":230,\"height\":336,\"caption\":\"En Disney Epic Mickey 2: The Power of Two, los jugadores jugar\u00e1n como Mickey Mouse y, por primera vez, Oswald the Lucky Rabbit\"},{\"@type\":\"BreadcrumbList\",\"@id\":\"https:\/\/www.mercadokeys.com\/product\/disney-epic-mickey-2-the-power-of-two-steam-cd-key\/#breadcrumb\",\"itemListElement\":[{\"@type\":\"ListItem\",\"position\":1,\"name\":\"Inicio\",\"item\":\"https:\/\/www.mercadokeys.com.mx\/\"},{\"@type\":\"ListItem\",\"position\":2,\"name\":\"Tienda\",\"item\":\"https:\/\/www.mercadokeys.com\/shop\/\"},{\"@type\":\"ListItem\",\"position\":3,\"name\":\"Disney Epic Mickey 2: The Power of Two Steam CD Key\"}]},{\"@type\":\"WebSite\",\"@id\":\"https:\/\/www.mercadokeys.com\/eng\/#website\",\"url\":\"https:\/\/www.mercadokeys.com\/eng\/\",\"name\":\"MERCADOKEYS\",\"description\":\"Tu Tienda de videojuegos digitales en Mexico!\",\"potentialAction\":[{\"@type\":\"SearchAction\",\"target\":{\"@type\":\"EntryPoint\",\"urlTemplate\":\"https:\/\/www.mercadokeys.com\/eng\/?s={search_term_string}\"},\"query-input\":{\"@type\":\"PropertyValueSpecification\",\"valueRequired\":true,\"valueName\":\"search_term_string\"}}],\"inLanguage\":\"en-GB\"}]}<\/script>\n<!-- \/ Yoast SEO plugin. -->","yoast_head_json":{"title":"Disney Epic Mickey 2: The Power of Two Steam CD Key - MERCADOKEYS","description":"En Disney Epic Mickey 2: The Power of Two, los jugadores jugar\u00e1n como Mickey Mouse y, por primera vez, Oswald the Lucky Rabbit","robots":{"index":"index","follow":"follow","max-snippet":"max-snippet:-1","max-image-preview":"max-image-preview:large","max-video-preview":"max-video-preview:-1"},"canonical":"https:\/\/www.mercadokeys.com\/product\/disney-epic-mickey-2-the-power-of-two-steam-cd-key\/","og_locale":"en_GB","og_type":"article","og_title":"Disney Epic Mickey 2: The Power of Two Steam CD Key - MERCADOKEYS","og_description":"En Disney Epic Mickey 2: The Power of Two, los jugadores jugar\u00e1n como Mickey Mouse y, por primera vez, Oswald the Lucky Rabbit","og_url":"https:\/\/www.mercadokeys.com\/product\/disney-epic-mickey-2-the-power-of-two-steam-cd-key\/","og_site_name":"MERCADOKEYS","article_modified_time":"2022-06-28T13:12:48+00:00","og_image":[{"width":230,"height":336,"url":"https:\/\/www.mercadokeys.com\/wp-content\/uploads\/2021\/01\/48943.jpg","type":"image\/jpeg"}],"twitter_card":"summary_large_image","twitter_misc":{"Estimated reading time":"1 minute"},"schema":{"@context":"https:\/\/schema.org","@graph":[{"@type":"WebPage","@id":"https:\/\/www.mercadokeys.com\/product\/disney-epic-mickey-2-the-power-of-two-steam-cd-key\/","url":"https:\/\/www.mercadokeys.com\/product\/disney-epic-mickey-2-the-power-of-two-steam-cd-key\/","name":"Disney Epic Mickey 2: The Power of Two Steam CD Key - MERCADOKEYS","isPartOf":{"@id":"https:\/\/www.mercadokeys.com\/eng\/#website"},"primaryImageOfPage":{"@id":"https:\/\/www.mercadokeys.com\/product\/disney-epic-mickey-2-the-power-of-two-steam-cd-key\/#primaryimage"},"image":{"@id":"https:\/\/www.mercadokeys.com\/product\/disney-epic-mickey-2-the-power-of-two-steam-cd-key\/#primaryimage"},"thumbnailUrl":"https:\/\/www.mercadokeys.com.mx\/wp-content\/uploads\/2021\/01\/48943.jpg","datePublished":"2021-04-30T19:29:12+00:00","dateModified":"2022-06-28T13:12:48+00:00","description":"En Disney Epic Mickey 2: The Power of Two, los jugadores jugar\u00e1n como Mickey Mouse y, por primera vez, Oswald the Lucky Rabbit","breadcrumb":{"@id":"https:\/\/www.mercadokeys.com\/product\/disney-epic-mickey-2-the-power-of-two-steam-cd-key\/#breadcrumb"},"inLanguage":"en-GB","potentialAction":[{"@type":"ReadAction","target":["https:\/\/www.mercadokeys.com\/product\/disney-epic-mickey-2-the-power-of-two-steam-cd-key\/"]}]},{"@type":"ImageObject","inLanguage":"en-GB","@id":"https:\/\/www.mercadokeys.com\/product\/disney-epic-mickey-2-the-power-of-two-steam-cd-key\/#primaryimage","url":"https:\/\/www.mercadokeys.com.mx\/wp-content\/uploads\/2021\/01\/48943.jpg","contentUrl":"https:\/\/www.mercadokeys.com.mx\/wp-content\/uploads\/2021\/01\/48943.jpg","width":230,"height":336,"caption":"En Disney Epic Mickey 2: The Power of Two, los jugadores jugar\u00e1n como Mickey Mouse y, por primera vez, Oswald the Lucky Rabbit"},{"@type":"BreadcrumbList","@id":"https:\/\/www.mercadokeys.com\/product\/disney-epic-mickey-2-the-power-of-two-steam-cd-key\/#breadcrumb","itemListElement":[{"@type":"ListItem","position":1,"name":"Inicio","item":"https:\/\/www.mercadokeys.com.mx\/"},{"@type":"ListItem","position":2,"name":"Tienda","item":"https:\/\/www.mercadokeys.com\/shop\/"},{"@type":"ListItem","position":3,"name":"Disney Epic Mickey 2: The Power of Two Steam CD Key"}]},{"@type":"WebSite","@id":"https:\/\/www.mercadokeys.com\/eng\/#website","url":"https:\/\/www.mercadokeys.com\/eng\/","name":"MERCADOKEYS","description":"Tu Tienda de videojuegos digitales en Mexico!","potentialAction":[{"@type":"SearchAction","target":{"@type":"EntryPoint","urlTemplate":"https:\/\/www.mercadokeys.com\/eng\/?s={search_term_string}"},"query-input":{"@type":"PropertyValueSpecification","valueRequired":true,"valueName":"search_term_string"}}],"inLanguage":"en-GB"}]}},"df_price":70.816384,"df_sale_price":70.816384,"df_regular_price":70.816384,"df_image_link":"https:\/\/www.mercadokeys.com.mx\/wp-content\/uploads\/2021\/01\/48943-205x300.jpg","_links":{"self":[{"href":"https:\/\/www.mercadokeys.com.mx\/eng\/wp-json\/wp\/v2\/product\/113326","targetHints":{"allow":["GET"]}}],"collection":[{"href":"https:\/\/www.mercadokeys.com.mx\/eng\/wp-json\/wp\/v2\/product"}],"about":[{"href":"https:\/\/www.mercadokeys.com.mx\/eng\/wp-json\/wp\/v2\/types\/product"}],"wp:featuredmedia":[{"embeddable":true,"href":"https:\/\/www.mercadokeys.com.mx\/eng\/wp-json\/wp\/v2\/media\/110725"}],"wp:attachment":[{"href":"https:\/\/www.mercadokeys.com.mx\/eng\/wp-json\/wp\/v2\/media?parent=113326"}],"wp:term":[{"taxonomy":"product_brand","embeddable":true,"href":"https:\/\/www.mercadokeys.com.mx\/eng\/wp-json\/wp\/v2\/product_brand?post=113326"},{"taxonomy":"product_cat","embeddable":true,"href":"https:\/\/www.mercadokeys.com.mx\/eng\/wp-json\/wp\/v2\/product_cat?post=113326"},{"taxonomy":"product_tag","embeddable":true,"href":"https:\/\/www.mercadokeys.com.mx\/eng\/wp-json\/wp\/v2\/product_tag?post=113326"}],"curies":[{"name":"wp","href":"https:\/\/api.w.org\/{rel}","templated":true}]}}