{"id":113325,"date":"2021-04-30T12:28:57","date_gmt":"2021-04-30T19:28:57","guid":{"rendered":"https:\/\/www.mercadokeys.com\/product\/asterix-obelix-xxl-3-the-crystal-menhir-steam-cd-key-2\/"},"modified":"2022-06-28T06:13:39","modified_gmt":"2022-06-28T13:13:39","slug":"asterix-obelix-xxl-3-the-crystal-menhir-steam-cd-key-2","status":"publish","type":"product","link":"https:\/\/www.mercadokeys.com.mx\/eng\/product\/asterix-obelix-xxl-3-the-crystal-menhir-steam-cd-key-2\/","title":{"rendered":"Asterix &amp; Obelix XXL 3 &#8211; The Crystal Menhir Steam CD Key"},"content":{"rendered":"<p>En Asterix &amp; Obelix XXL 3 &#8211; The Crystal Menhir la paz reina en la peque\u00f1a aldea de Arm\u00f3rica, donde los aldeanos atienden sus ocupaciones habituales. Nuestros dos h\u00e9roes, Ast\u00e9rix y Ob\u00e9lix, cazan jabal\u00edes; el herrero y el pescadero discuten y el jefe de la aldea, encaramado a su escudo, se pasea por la plaza de la aldea.<\/p>\n<p>Durante un bonito d\u00eda, el druida de la aldea, Panor\u00e1mix, recibe un extra\u00f1o correo. Es una carta de Hella Finidrir, \u00a1la gran sacerdotisa de Tule! Esta le anuncia que una gran amenaza se cierne sobre su pueblo y pide al druida que saque de su escondite un misterioso menhir&#8230;<\/p>\n<p>\u00a1Sum\u00e9rgete en el universo de Asterix &amp; Obelix XXL 3 &#8211; The Crystal Menhir y emb\u00e1rcate en una trepidante aventura! \u00a1En solitario o en modo cooperativo, recorre las tierras del imperio romano y descubre el misterio del Menhir de Cristal y de sus incre\u00edbles poderes!<\/p>","protected":false},"excerpt":{"rendered":"<p>En Asterix &amp; Obelix XXL 3 &#8211; The Crystal Menhir la paz reina en la peque\u00f1a aldea de Arm\u00f3rica, donde los aldeanos atienden sus ocupaciones habituales. Nuestros dos h\u00e9roes, Ast\u00e9rix y Ob\u00e9lix, cazan jabal\u00edes; el herrero y el pescadero discuten y el jefe de la aldea, encaramado a su escudo, se pasea por la plaza&#8230;<\/p>","protected":false},"featured_media":118657,"template":"","meta":{"_monsterinsights_skip_tracking":false,"_monsterinsights_sitenote_active":false,"_monsterinsights_sitenote_note":"","_monsterinsights_sitenote_category":0},"product_brand":[],"product_cat":[1501,2981,1271,1420,1283,1280,1273,1394,1428],"product_tag":[1793,2544,2543],"class_list":{"0":"post-113325","1":"product","2":"type-product","3":"status-publish","4":"has-post-thumbnail","6":"product_cat-tienda-de-videojuegos-ultimos-juegos-tijuana-mexico","7":"product_cat-destacados","8":"product_cat-tienda-de-videojuegos-tijuana-mexico","9":"product_cat-tienda-de-videojuegos-populares-tijuana-mexico","10":"product_cat-tienda-de-videojuegos-plataformas-tijuana-mexico","11":"product_cat-tienda-de-videojuegos-pc-tijuana-mexico","12":"product_cat-tienda-de-videojuegos-steam-key-tijuana-mexico","13":"product_cat-tienda-de-videojuegos-aventura-tijuana-mexico","14":"product_cat-tienda-de-videojuegos-cooperativos-tijuana-mexico","15":"product_tag-000-dawn-of-war-ii-chaos-rising-steam","16":"product_tag-asterix-obelix-xxl-3-the-crystal-menhir","17":"product_tag-asterix-obelix-xxl-3-the-crystal-menhir-steam","19":"first","20":"instock","21":"shipping-taxable","22":"purchasable","23":"product-type-simple"},"yoast_head":"<!-- This site is optimized with the Yoast SEO plugin v27.0 - https:\/\/yoast.com\/product\/yoast-seo-wordpress\/ -->\n<title>Asterix &amp; Obelix XXL 3 - The Crystal Menhir Steam CD Key - MERCADOKEYS<\/title>\n<meta name=\"description\" content=\"En Asterix &amp; Obelix XXL 3 - The Crystal Menhir la paz reina en la peque\u00f1a aldea de Arm\u00f3rica, donde los aldeanos atienden sus ocupaciones habituales\" \/>\n<meta name=\"robots\" content=\"index, follow, max-snippet:-1, max-image-preview:large, max-video-preview:-1\" \/>\n<link rel=\"canonical\" href=\"https:\/\/www.mercadokeys.com\/product\/asterix-obelix-xxl-3-the-crystal-menhir-steam-cd-key-2\/\" \/>\n<meta property=\"og:locale\" content=\"en_GB\" \/>\n<meta property=\"og:type\" content=\"article\" \/>\n<meta property=\"og:title\" content=\"Asterix &amp; Obelix XXL 3 - The Crystal Menhir Steam CD Key - MERCADOKEYS\" \/>\n<meta property=\"og:description\" content=\"En Asterix &amp; Obelix XXL 3 - The Crystal Menhir la paz reina en la peque\u00f1a aldea de Arm\u00f3rica, donde los aldeanos atienden sus ocupaciones habituales\" \/>\n<meta property=\"og:url\" content=\"https:\/\/www.mercadokeys.com\/product\/asterix-obelix-xxl-3-the-crystal-menhir-steam-cd-key-2\/\" \/>\n<meta property=\"og:site_name\" content=\"MERCADOKEYS\" \/>\n<meta property=\"article:modified_time\" content=\"2022-06-28T13:13:39+00:00\" \/>\n<meta property=\"og:image\" content=\"https:\/\/www.mercadokeys.com\/wp-content\/uploads\/2021\/04\/ASTERIX-OBELIX-XXL-3-\u2013-THE-CRYSTAL-MENHIR-steam.jpg\" \/>\n\t<meta property=\"og:image:width\" content=\"230\" \/>\n\t<meta property=\"og:image:height\" content=\"336\" \/>\n\t<meta property=\"og:image:type\" content=\"image\/jpeg\" \/>\n<meta name=\"twitter:card\" content=\"summary_large_image\" \/>\n<meta name=\"twitter:label1\" content=\"Estimated reading time\" \/>\n\t<meta name=\"twitter:data1\" content=\"1 minute\" \/>\n<script type=\"application\/ld+json\" class=\"yoast-schema-graph\">{\"@context\":\"https:\/\/schema.org\",\"@graph\":[{\"@type\":\"WebPage\",\"@id\":\"https:\/\/www.mercadokeys.com\/product\/asterix-obelix-xxl-3-the-crystal-menhir-steam-cd-key-2\/\",\"url\":\"https:\/\/www.mercadokeys.com\/product\/asterix-obelix-xxl-3-the-crystal-menhir-steam-cd-key-2\/\",\"name\":\"Asterix &amp; Obelix XXL 3 - The Crystal Menhir Steam CD Key - MERCADOKEYS\",\"isPartOf\":{\"@id\":\"https:\/\/www.mercadokeys.com\/eng\/#website\"},\"primaryImageOfPage\":{\"@id\":\"https:\/\/www.mercadokeys.com\/product\/asterix-obelix-xxl-3-the-crystal-menhir-steam-cd-key-2\/#primaryimage\"},\"image\":{\"@id\":\"https:\/\/www.mercadokeys.com\/product\/asterix-obelix-xxl-3-the-crystal-menhir-steam-cd-key-2\/#primaryimage\"},\"thumbnailUrl\":\"https:\/\/www.mercadokeys.com.mx\/wp-content\/uploads\/2021\/04\/ASTERIX-OBELIX-XXL-3-\u2013-THE-CRYSTAL-MENHIR-steam.jpg\",\"datePublished\":\"2021-04-30T19:28:57+00:00\",\"dateModified\":\"2022-06-28T13:13:39+00:00\",\"description\":\"En Asterix & Obelix XXL 3 - The Crystal Menhir la paz reina en la peque\u00f1a aldea de Arm\u00f3rica, donde los aldeanos atienden sus ocupaciones habituales\",\"breadcrumb\":{\"@id\":\"https:\/\/www.mercadokeys.com\/product\/asterix-obelix-xxl-3-the-crystal-menhir-steam-cd-key-2\/#breadcrumb\"},\"inLanguage\":\"en-GB\",\"potentialAction\":[{\"@type\":\"ReadAction\",\"target\":[\"https:\/\/www.mercadokeys.com\/product\/asterix-obelix-xxl-3-the-crystal-menhir-steam-cd-key-2\/\"]}]},{\"@type\":\"ImageObject\",\"inLanguage\":\"en-GB\",\"@id\":\"https:\/\/www.mercadokeys.com\/product\/asterix-obelix-xxl-3-the-crystal-menhir-steam-cd-key-2\/#primaryimage\",\"url\":\"https:\/\/www.mercadokeys.com.mx\/wp-content\/uploads\/2021\/04\/ASTERIX-OBELIX-XXL-3-\u2013-THE-CRYSTAL-MENHIR-steam.jpg\",\"contentUrl\":\"https:\/\/www.mercadokeys.com.mx\/wp-content\/uploads\/2021\/04\/ASTERIX-OBELIX-XXL-3-\u2013-THE-CRYSTAL-MENHIR-steam.jpg\",\"width\":230,\"height\":336},{\"@type\":\"BreadcrumbList\",\"@id\":\"https:\/\/www.mercadokeys.com\/product\/asterix-obelix-xxl-3-the-crystal-menhir-steam-cd-key-2\/#breadcrumb\",\"itemListElement\":[{\"@type\":\"ListItem\",\"position\":1,\"name\":\"Inicio\",\"item\":\"https:\/\/www.mercadokeys.com.mx\/\"},{\"@type\":\"ListItem\",\"position\":2,\"name\":\"Tienda\",\"item\":\"https:\/\/www.mercadokeys.com\/shop\/\"},{\"@type\":\"ListItem\",\"position\":3,\"name\":\"Asterix &amp; Obelix XXL 3 &#8211; The Crystal Menhir Steam CD Key\"}]},{\"@type\":\"WebSite\",\"@id\":\"https:\/\/www.mercadokeys.com\/eng\/#website\",\"url\":\"https:\/\/www.mercadokeys.com\/eng\/\",\"name\":\"MERCADOKEYS\",\"description\":\"Tu Tienda de videojuegos digitales en Mexico!\",\"potentialAction\":[{\"@type\":\"SearchAction\",\"target\":{\"@type\":\"EntryPoint\",\"urlTemplate\":\"https:\/\/www.mercadokeys.com\/eng\/?s={search_term_string}\"},\"query-input\":{\"@type\":\"PropertyValueSpecification\",\"valueRequired\":true,\"valueName\":\"search_term_string\"}}],\"inLanguage\":\"en-GB\"}]}<\/script>\n<!-- \/ Yoast SEO plugin. -->","yoast_head_json":{"title":"Asterix &amp; Obelix XXL 3 - The Crystal Menhir Steam CD Key - MERCADOKEYS","description":"En Asterix & Obelix XXL 3 - The Crystal Menhir la paz reina en la peque\u00f1a aldea de Arm\u00f3rica, donde los aldeanos atienden sus ocupaciones habituales","robots":{"index":"index","follow":"follow","max-snippet":"max-snippet:-1","max-image-preview":"max-image-preview:large","max-video-preview":"max-video-preview:-1"},"canonical":"https:\/\/www.mercadokeys.com\/product\/asterix-obelix-xxl-3-the-crystal-menhir-steam-cd-key-2\/","og_locale":"en_GB","og_type":"article","og_title":"Asterix &amp; Obelix XXL 3 - The Crystal Menhir Steam CD Key - MERCADOKEYS","og_description":"En Asterix & Obelix XXL 3 - The Crystal Menhir la paz reina en la peque\u00f1a aldea de Arm\u00f3rica, donde los aldeanos atienden sus ocupaciones habituales","og_url":"https:\/\/www.mercadokeys.com\/product\/asterix-obelix-xxl-3-the-crystal-menhir-steam-cd-key-2\/","og_site_name":"MERCADOKEYS","article_modified_time":"2022-06-28T13:13:39+00:00","og_image":[{"width":230,"height":336,"url":"https:\/\/www.mercadokeys.com\/wp-content\/uploads\/2021\/04\/ASTERIX-OBELIX-XXL-3-\u2013-THE-CRYSTAL-MENHIR-steam.jpg","type":"image\/jpeg"}],"twitter_card":"summary_large_image","twitter_misc":{"Estimated reading time":"1 minute"},"schema":{"@context":"https:\/\/schema.org","@graph":[{"@type":"WebPage","@id":"https:\/\/www.mercadokeys.com\/product\/asterix-obelix-xxl-3-the-crystal-menhir-steam-cd-key-2\/","url":"https:\/\/www.mercadokeys.com\/product\/asterix-obelix-xxl-3-the-crystal-menhir-steam-cd-key-2\/","name":"Asterix &amp; Obelix XXL 3 - The Crystal Menhir Steam CD Key - MERCADOKEYS","isPartOf":{"@id":"https:\/\/www.mercadokeys.com\/eng\/#website"},"primaryImageOfPage":{"@id":"https:\/\/www.mercadokeys.com\/product\/asterix-obelix-xxl-3-the-crystal-menhir-steam-cd-key-2\/#primaryimage"},"image":{"@id":"https:\/\/www.mercadokeys.com\/product\/asterix-obelix-xxl-3-the-crystal-menhir-steam-cd-key-2\/#primaryimage"},"thumbnailUrl":"https:\/\/www.mercadokeys.com.mx\/wp-content\/uploads\/2021\/04\/ASTERIX-OBELIX-XXL-3-\u2013-THE-CRYSTAL-MENHIR-steam.jpg","datePublished":"2021-04-30T19:28:57+00:00","dateModified":"2022-06-28T13:13:39+00:00","description":"En Asterix & Obelix XXL 3 - The Crystal Menhir la paz reina en la peque\u00f1a aldea de Arm\u00f3rica, donde los aldeanos atienden sus ocupaciones habituales","breadcrumb":{"@id":"https:\/\/www.mercadokeys.com\/product\/asterix-obelix-xxl-3-the-crystal-menhir-steam-cd-key-2\/#breadcrumb"},"inLanguage":"en-GB","potentialAction":[{"@type":"ReadAction","target":["https:\/\/www.mercadokeys.com\/product\/asterix-obelix-xxl-3-the-crystal-menhir-steam-cd-key-2\/"]}]},{"@type":"ImageObject","inLanguage":"en-GB","@id":"https:\/\/www.mercadokeys.com\/product\/asterix-obelix-xxl-3-the-crystal-menhir-steam-cd-key-2\/#primaryimage","url":"https:\/\/www.mercadokeys.com.mx\/wp-content\/uploads\/2021\/04\/ASTERIX-OBELIX-XXL-3-\u2013-THE-CRYSTAL-MENHIR-steam.jpg","contentUrl":"https:\/\/www.mercadokeys.com.mx\/wp-content\/uploads\/2021\/04\/ASTERIX-OBELIX-XXL-3-\u2013-THE-CRYSTAL-MENHIR-steam.jpg","width":230,"height":336},{"@type":"BreadcrumbList","@id":"https:\/\/www.mercadokeys.com\/product\/asterix-obelix-xxl-3-the-crystal-menhir-steam-cd-key-2\/#breadcrumb","itemListElement":[{"@type":"ListItem","position":1,"name":"Inicio","item":"https:\/\/www.mercadokeys.com.mx\/"},{"@type":"ListItem","position":2,"name":"Tienda","item":"https:\/\/www.mercadokeys.com\/shop\/"},{"@type":"ListItem","position":3,"name":"Asterix &amp; Obelix XXL 3 &#8211; The Crystal Menhir Steam CD Key"}]},{"@type":"WebSite","@id":"https:\/\/www.mercadokeys.com\/eng\/#website","url":"https:\/\/www.mercadokeys.com\/eng\/","name":"MERCADOKEYS","description":"Tu Tienda de videojuegos digitales en Mexico!","potentialAction":[{"@type":"SearchAction","target":{"@type":"EntryPoint","urlTemplate":"https:\/\/www.mercadokeys.com\/eng\/?s={search_term_string}"},"query-input":{"@type":"PropertyValueSpecification","valueRequired":true,"valueName":"search_term_string"}}],"inLanguage":"en-GB"}]}},"df_price":69.478636,"df_sale_price":69.478636,"df_regular_price":69.478636,"df_image_link":"https:\/\/www.mercadokeys.com.mx\/wp-content\/uploads\/2021\/04\/ASTERIX-OBELIX-XXL-3-\u2013-THE-CRYSTAL-MENHIR-steam-205x300.jpg","_links":{"self":[{"href":"https:\/\/www.mercadokeys.com.mx\/eng\/wp-json\/wp\/v2\/product\/113325","targetHints":{"allow":["GET"]}}],"collection":[{"href":"https:\/\/www.mercadokeys.com.mx\/eng\/wp-json\/wp\/v2\/product"}],"about":[{"href":"https:\/\/www.mercadokeys.com.mx\/eng\/wp-json\/wp\/v2\/types\/product"}],"wp:featuredmedia":[{"embeddable":true,"href":"https:\/\/www.mercadokeys.com.mx\/eng\/wp-json\/wp\/v2\/media\/118657"}],"wp:attachment":[{"href":"https:\/\/www.mercadokeys.com.mx\/eng\/wp-json\/wp\/v2\/media?parent=113325"}],"wp:term":[{"taxonomy":"product_brand","embeddable":true,"href":"https:\/\/www.mercadokeys.com.mx\/eng\/wp-json\/wp\/v2\/product_brand?post=113325"},{"taxonomy":"product_cat","embeddable":true,"href":"https:\/\/www.mercadokeys.com.mx\/eng\/wp-json\/wp\/v2\/product_cat?post=113325"},{"taxonomy":"product_tag","embeddable":true,"href":"https:\/\/www.mercadokeys.com.mx\/eng\/wp-json\/wp\/v2\/product_tag?post=113325"}],"curies":[{"name":"wp","href":"https:\/\/api.w.org\/{rel}","templated":true}]}}