{"id":113315,"date":"2021-04-30T11:24:43","date_gmt":"2021-04-30T18:24:43","guid":{"rendered":"https:\/\/www.mercadokeys.com\/product\/assault-android-cactus-steam-cd-key-2\/"},"modified":"2022-06-28T06:12:41","modified_gmt":"2022-06-28T13:12:41","slug":"assault-android-cactus-steam-cd-key-2","status":"publish","type":"product","link":"https:\/\/www.mercadokeys.com.mx\/eng\/product\/assault-android-cactus-steam-cd-key-2\/","title":{"rendered":"Assault Android Cactus Steam CD Key"},"content":{"rendered":"<p>Cuando est\u00e9 funcionando con bater\u00eda, \u00a1haga que cada segundo cuente!<\/p>\n<p>Assault Android Cactus es un juego de disparos de doble palanca de estilo arcade ambientado en un v\u00edvido universo de ciencia ficci\u00f3n. Junior Constable Cactus est\u00e1 fuera de su nivel de pago cuando responde a una llamada de socorro y termina varada en un carguero espacial paralizado bajo el ataque de sus propios trabajadores robot.<\/p>\n<h3>Mec\u00e1nica de Assault Android Cactus<\/h3>\n<p>Utilizando una mec\u00e1nica de bater\u00eda agotadora en lugar de vidas, Assault Android Cactus te desaf\u00eda a pensar r\u00e1pido y mantener las balas volando. Combinando la jugabilidad de los tiradores de arena de estilo occidental con aspectos del infierno de balas de estilo japon\u00e9s mientras cargas de cabeza a trav\u00e9s de etapas de transformaci\u00f3n, jefe masivo batallas; adem\u00e1s de un elenco ecl\u00e9ctico de personajes en camino a salvar el d\u00eda.<\/p>","protected":false},"excerpt":{"rendered":"<p>Cuando est\u00e9 funcionando con bater\u00eda, \u00a1haga que cada segundo cuente! Assault Android Cactus es un juego de disparos de doble palanca de estilo arcade ambientado en un v\u00edvido universo de ciencia ficci\u00f3n. Junior Constable Cactus est\u00e1 fuera de su nivel de pago cuando responde a una llamada de socorro y termina varada en un carguero&#8230;<\/p>","protected":false},"featured_media":110744,"template":"","meta":{"_monsterinsights_skip_tracking":false,"_monsterinsights_sitenote_active":false,"_monsterinsights_sitenote_note":"","_monsterinsights_sitenote_category":0},"product_brand":[],"product_cat":[1501,2981,3596,1271,3164,1420,1283,1280,1273,1428],"product_tag":[2532,2531,1526],"class_list":{"0":"post-113315","1":"product","2":"type-product","3":"status-publish","4":"has-post-thumbnail","6":"product_cat-tienda-de-videojuegos-ultimos-juegos-tijuana-mexico","7":"product_cat-destacados","8":"product_cat-tienda-de-videojuegos-steam-recomendados-en-tijuana-mexico","9":"product_cat-tienda-de-videojuegos-tijuana-mexico","10":"product_cat-tienda-de-videojuegos-baratos-economicos-tijuana-mexico","11":"product_cat-tienda-de-videojuegos-populares-tijuana-mexico","12":"product_cat-tienda-de-videojuegos-plataformas-tijuana-mexico","13":"product_cat-tienda-de-videojuegos-pc-tijuana-mexico","14":"product_cat-tienda-de-videojuegos-steam-key-tijuana-mexico","15":"product_cat-tienda-de-videojuegos-cooperativos-tijuana-mexico","16":"product_tag-assault-android-cactus","17":"product_tag-assault-android-cactus-steam","18":"product_tag-steam","20":"first","21":"instock","22":"shipping-taxable","23":"purchasable","24":"product-type-simple"},"yoast_head":"<!-- This site is optimized with the Yoast SEO plugin v27.0 - https:\/\/yoast.com\/product\/yoast-seo-wordpress\/ -->\n<title>Assault Android Cactus Steam CD Key - MERCADOKEYS<\/title>\n<meta name=\"description\" content=\"Assault Android Cactus es un juego de disparos de doble palanca de estilo arcade ambientado en un v\u00edvido universo de ciencia ficci\u00f3n.\" \/>\n<meta name=\"robots\" content=\"index, follow, max-snippet:-1, max-image-preview:large, max-video-preview:-1\" \/>\n<link rel=\"canonical\" href=\"https:\/\/www.mercadokeys.com\/product\/assault-android-cactus-steam-cd-key-2\/\" \/>\n<meta property=\"og:locale\" content=\"en_GB\" \/>\n<meta property=\"og:type\" content=\"article\" \/>\n<meta property=\"og:title\" content=\"Assault Android Cactus Steam CD Key - MERCADOKEYS\" \/>\n<meta property=\"og:description\" content=\"Assault Android Cactus es un juego de disparos de doble palanca de estilo arcade ambientado en un v\u00edvido universo de ciencia ficci\u00f3n.\" \/>\n<meta property=\"og:url\" content=\"https:\/\/www.mercadokeys.com\/product\/assault-android-cactus-steam-cd-key-2\/\" \/>\n<meta property=\"og:site_name\" content=\"MERCADOKEYS\" \/>\n<meta property=\"article:modified_time\" content=\"2022-06-28T13:12:41+00:00\" \/>\n<meta property=\"og:image\" content=\"https:\/\/www.mercadokeys.com\/wp-content\/uploads\/2021\/01\/175205.jpg\" \/>\n\t<meta property=\"og:image:width\" content=\"230\" \/>\n\t<meta property=\"og:image:height\" content=\"336\" \/>\n\t<meta property=\"og:image:type\" content=\"image\/jpeg\" \/>\n<meta name=\"twitter:card\" content=\"summary_large_image\" \/>\n<meta name=\"twitter:label1\" content=\"Estimated reading time\" \/>\n\t<meta name=\"twitter:data1\" content=\"1 minute\" \/>\n<script type=\"application\/ld+json\" class=\"yoast-schema-graph\">{\"@context\":\"https:\/\/schema.org\",\"@graph\":[{\"@type\":\"WebPage\",\"@id\":\"https:\/\/www.mercadokeys.com\/product\/assault-android-cactus-steam-cd-key-2\/\",\"url\":\"https:\/\/www.mercadokeys.com\/product\/assault-android-cactus-steam-cd-key-2\/\",\"name\":\"Assault Android Cactus Steam CD Key - MERCADOKEYS\",\"isPartOf\":{\"@id\":\"https:\/\/www.mercadokeys.com\/eng\/#website\"},\"primaryImageOfPage\":{\"@id\":\"https:\/\/www.mercadokeys.com\/product\/assault-android-cactus-steam-cd-key-2\/#primaryimage\"},\"image\":{\"@id\":\"https:\/\/www.mercadokeys.com\/product\/assault-android-cactus-steam-cd-key-2\/#primaryimage\"},\"thumbnailUrl\":\"https:\/\/www.mercadokeys.com.mx\/wp-content\/uploads\/2021\/01\/175205.jpg\",\"datePublished\":\"2021-04-30T18:24:43+00:00\",\"dateModified\":\"2022-06-28T13:12:41+00:00\",\"description\":\"Assault Android Cactus es un juego de disparos de doble palanca de estilo arcade ambientado en un v\u00edvido universo de ciencia ficci\u00f3n.\",\"breadcrumb\":{\"@id\":\"https:\/\/www.mercadokeys.com\/product\/assault-android-cactus-steam-cd-key-2\/#breadcrumb\"},\"inLanguage\":\"en-GB\",\"potentialAction\":[{\"@type\":\"ReadAction\",\"target\":[\"https:\/\/www.mercadokeys.com\/product\/assault-android-cactus-steam-cd-key-2\/\"]}]},{\"@type\":\"ImageObject\",\"inLanguage\":\"en-GB\",\"@id\":\"https:\/\/www.mercadokeys.com\/product\/assault-android-cactus-steam-cd-key-2\/#primaryimage\",\"url\":\"https:\/\/www.mercadokeys.com.mx\/wp-content\/uploads\/2021\/01\/175205.jpg\",\"contentUrl\":\"https:\/\/www.mercadokeys.com.mx\/wp-content\/uploads\/2021\/01\/175205.jpg\",\"width\":230,\"height\":336,\"caption\":\"Assault Android Cactus es un juego de disparos de doble palanca de estilo arcade ambientado en un v\u00edvido universo de ciencia ficci\u00f3n.\"},{\"@type\":\"BreadcrumbList\",\"@id\":\"https:\/\/www.mercadokeys.com\/product\/assault-android-cactus-steam-cd-key-2\/#breadcrumb\",\"itemListElement\":[{\"@type\":\"ListItem\",\"position\":1,\"name\":\"Inicio\",\"item\":\"https:\/\/www.mercadokeys.com.mx\/\"},{\"@type\":\"ListItem\",\"position\":2,\"name\":\"Tienda\",\"item\":\"https:\/\/www.mercadokeys.com\/shop\/\"},{\"@type\":\"ListItem\",\"position\":3,\"name\":\"Assault Android Cactus Steam CD Key\"}]},{\"@type\":\"WebSite\",\"@id\":\"https:\/\/www.mercadokeys.com\/eng\/#website\",\"url\":\"https:\/\/www.mercadokeys.com\/eng\/\",\"name\":\"MERCADOKEYS\",\"description\":\"Tu Tienda de videojuegos digitales en Mexico!\",\"potentialAction\":[{\"@type\":\"SearchAction\",\"target\":{\"@type\":\"EntryPoint\",\"urlTemplate\":\"https:\/\/www.mercadokeys.com\/eng\/?s={search_term_string}\"},\"query-input\":{\"@type\":\"PropertyValueSpecification\",\"valueRequired\":true,\"valueName\":\"search_term_string\"}}],\"inLanguage\":\"en-GB\"}]}<\/script>\n<!-- \/ Yoast SEO plugin. -->","yoast_head_json":{"title":"Assault Android Cactus Steam CD Key - MERCADOKEYS","description":"Assault Android Cactus es un juego de disparos de doble palanca de estilo arcade ambientado en un v\u00edvido universo de ciencia ficci\u00f3n.","robots":{"index":"index","follow":"follow","max-snippet":"max-snippet:-1","max-image-preview":"max-image-preview:large","max-video-preview":"max-video-preview:-1"},"canonical":"https:\/\/www.mercadokeys.com\/product\/assault-android-cactus-steam-cd-key-2\/","og_locale":"en_GB","og_type":"article","og_title":"Assault Android Cactus Steam CD Key - MERCADOKEYS","og_description":"Assault Android Cactus es un juego de disparos de doble palanca de estilo arcade ambientado en un v\u00edvido universo de ciencia ficci\u00f3n.","og_url":"https:\/\/www.mercadokeys.com\/product\/assault-android-cactus-steam-cd-key-2\/","og_site_name":"MERCADOKEYS","article_modified_time":"2022-06-28T13:12:41+00:00","og_image":[{"width":230,"height":336,"url":"https:\/\/www.mercadokeys.com\/wp-content\/uploads\/2021\/01\/175205.jpg","type":"image\/jpeg"}],"twitter_card":"summary_large_image","twitter_misc":{"Estimated reading time":"1 minute"},"schema":{"@context":"https:\/\/schema.org","@graph":[{"@type":"WebPage","@id":"https:\/\/www.mercadokeys.com\/product\/assault-android-cactus-steam-cd-key-2\/","url":"https:\/\/www.mercadokeys.com\/product\/assault-android-cactus-steam-cd-key-2\/","name":"Assault Android Cactus Steam CD Key - MERCADOKEYS","isPartOf":{"@id":"https:\/\/www.mercadokeys.com\/eng\/#website"},"primaryImageOfPage":{"@id":"https:\/\/www.mercadokeys.com\/product\/assault-android-cactus-steam-cd-key-2\/#primaryimage"},"image":{"@id":"https:\/\/www.mercadokeys.com\/product\/assault-android-cactus-steam-cd-key-2\/#primaryimage"},"thumbnailUrl":"https:\/\/www.mercadokeys.com.mx\/wp-content\/uploads\/2021\/01\/175205.jpg","datePublished":"2021-04-30T18:24:43+00:00","dateModified":"2022-06-28T13:12:41+00:00","description":"Assault Android Cactus es un juego de disparos de doble palanca de estilo arcade ambientado en un v\u00edvido universo de ciencia ficci\u00f3n.","breadcrumb":{"@id":"https:\/\/www.mercadokeys.com\/product\/assault-android-cactus-steam-cd-key-2\/#breadcrumb"},"inLanguage":"en-GB","potentialAction":[{"@type":"ReadAction","target":["https:\/\/www.mercadokeys.com\/product\/assault-android-cactus-steam-cd-key-2\/"]}]},{"@type":"ImageObject","inLanguage":"en-GB","@id":"https:\/\/www.mercadokeys.com\/product\/assault-android-cactus-steam-cd-key-2\/#primaryimage","url":"https:\/\/www.mercadokeys.com.mx\/wp-content\/uploads\/2021\/01\/175205.jpg","contentUrl":"https:\/\/www.mercadokeys.com.mx\/wp-content\/uploads\/2021\/01\/175205.jpg","width":230,"height":336,"caption":"Assault Android Cactus es un juego de disparos de doble palanca de estilo arcade ambientado en un v\u00edvido universo de ciencia ficci\u00f3n."},{"@type":"BreadcrumbList","@id":"https:\/\/www.mercadokeys.com\/product\/assault-android-cactus-steam-cd-key-2\/#breadcrumb","itemListElement":[{"@type":"ListItem","position":1,"name":"Inicio","item":"https:\/\/www.mercadokeys.com.mx\/"},{"@type":"ListItem","position":2,"name":"Tienda","item":"https:\/\/www.mercadokeys.com\/shop\/"},{"@type":"ListItem","position":3,"name":"Assault Android Cactus Steam CD Key"}]},{"@type":"WebSite","@id":"https:\/\/www.mercadokeys.com\/eng\/#website","url":"https:\/\/www.mercadokeys.com\/eng\/","name":"MERCADOKEYS","description":"Tu Tienda de videojuegos digitales en Mexico!","potentialAction":[{"@type":"SearchAction","target":{"@type":"EntryPoint","urlTemplate":"https:\/\/www.mercadokeys.com\/eng\/?s={search_term_string}"},"query-input":{"@type":"PropertyValueSpecification","valueRequired":true,"valueName":"search_term_string"}}],"inLanguage":"en-GB"}]}},"df_price":62.568693,"df_sale_price":62.568693,"df_regular_price":62.568693,"df_image_link":"https:\/\/www.mercadokeys.com.mx\/wp-content\/uploads\/2021\/01\/175205-205x300.jpg","_links":{"self":[{"href":"https:\/\/www.mercadokeys.com.mx\/eng\/wp-json\/wp\/v2\/product\/113315","targetHints":{"allow":["GET"]}}],"collection":[{"href":"https:\/\/www.mercadokeys.com.mx\/eng\/wp-json\/wp\/v2\/product"}],"about":[{"href":"https:\/\/www.mercadokeys.com.mx\/eng\/wp-json\/wp\/v2\/types\/product"}],"wp:featuredmedia":[{"embeddable":true,"href":"https:\/\/www.mercadokeys.com.mx\/eng\/wp-json\/wp\/v2\/media\/110744"}],"wp:attachment":[{"href":"https:\/\/www.mercadokeys.com.mx\/eng\/wp-json\/wp\/v2\/media?parent=113315"}],"wp:term":[{"taxonomy":"product_brand","embeddable":true,"href":"https:\/\/www.mercadokeys.com.mx\/eng\/wp-json\/wp\/v2\/product_brand?post=113315"},{"taxonomy":"product_cat","embeddable":true,"href":"https:\/\/www.mercadokeys.com.mx\/eng\/wp-json\/wp\/v2\/product_cat?post=113315"},{"taxonomy":"product_tag","embeddable":true,"href":"https:\/\/www.mercadokeys.com.mx\/eng\/wp-json\/wp\/v2\/product_tag?post=113315"}],"curies":[{"name":"wp","href":"https:\/\/api.w.org\/{rel}","templated":true}]}}