{"id":113247,"date":"2021-04-28T13:06:41","date_gmt":"2021-04-28T20:06:41","guid":{"rendered":"https:\/\/www.mercadokeys.com\/product\/moving-out-steam-cd-key-2\/"},"modified":"2022-06-28T06:13:49","modified_gmt":"2022-06-28T13:13:49","slug":"moving-out-steam-cd-key-2","status":"publish","type":"product","link":"https:\/\/www.mercadokeys.com.mx\/eng\/product\/moving-out-steam-cd-key-2\/","title":{"rendered":"Moving Out Steam CD Key"},"content":{"rendered":"<p>\u00a1Moving Out es un divertido simulador de mudanzas basado en la f\u00edsica que da un nuevo significado al modo cooperativo!<\/p>\n<p>\u00bfEst\u00e1s listo para ser un experto en mudanzas? Como nuevo t\u00e9cnico certificado en traslado y colocaci\u00f3n de muebles, te encargar\u00e1s de los trabajos de mudanza a lo largo de Packmore. Tal vez Smooth Moves no sea la mayor compa\u00f1\u00eda de mudanzas, pero no hay una tarea demasiado peligrosa o extra\u00f1a para este ocupado equipo de emprendedores. \u00a1Haz crecer tu negocio hacia nuevas dimensiones, recluta a personajes coloridos y no dejes que los muebles da\u00f1en tu ciudad!<\/p>\n<p><strong>Cooperative<\/strong><br \/>\nDisfruta del juego en solitario como contratista independiente o forma un equipo con amigos. Hasta cuatro jugadores pueden sentarse c\u00f3modamente en el sof\u00e1 y debatir la mejor manera de trasladar un sof\u00e1. \u00a1Pon a prueba tus habilidades y tu amistad!<\/p>","protected":false},"excerpt":{"rendered":"<p>\u00a1Moving Out es un divertido simulador de mudanzas basado en la f\u00edsica que da un nuevo significado al modo cooperativo! \u00bfEst\u00e1s listo para ser un experto en mudanzas? Como nuevo t\u00e9cnico certificado en traslado y colocaci\u00f3n de muebles, te encargar\u00e1s de los trabajos de mudanza a lo largo de Packmore. Tal vez Smooth Moves no&#8230;<\/p>","protected":false},"featured_media":118668,"template":"","meta":{"_monsterinsights_skip_tracking":false,"_monsterinsights_sitenote_active":false,"_monsterinsights_sitenote_note":"","_monsterinsights_sitenote_category":0},"product_brand":[],"product_cat":[1501,2981,3596,1271,3164,1420,1283,1280,1273,1395,1393,1428],"product_tag":[1567,1526],"class_list":{"0":"post-113247","1":"product","2":"type-product","3":"status-publish","4":"has-post-thumbnail","6":"product_cat-tienda-de-videojuegos-ultimos-juegos-tijuana-mexico","7":"product_cat-destacados","8":"product_cat-tienda-de-videojuegos-steam-recomendados-en-tijuana-mexico","9":"product_cat-tienda-de-videojuegos-tijuana-mexico","10":"product_cat-tienda-de-videojuegos-baratos-economicos-tijuana-mexico","11":"product_cat-tienda-de-videojuegos-populares-tijuana-mexico","12":"product_cat-tienda-de-videojuegos-plataformas-tijuana-mexico","13":"product_cat-tienda-de-videojuegos-pc-tijuana-mexico","14":"product_cat-tienda-de-videojuegos-steam-key-tijuana-mexico","15":"product_cat-tienda-de-videojuegos-casual-tijuana-mexico","16":"product_cat-tienda-de-videojuegos-indie-tijuana-mexico","17":"product_cat-tienda-de-videojuegos-cooperativos-tijuana-mexico","18":"product_tag-moving-out","19":"product_tag-steam","21":"first","22":"instock","23":"shipping-taxable","24":"purchasable","25":"product-type-simple"},"yoast_head":"<!-- This site is optimized with the Yoast SEO plugin v27.0 - https:\/\/yoast.com\/product\/yoast-seo-wordpress\/ -->\n<title>Moving Out Steam CD Key - MERCADOKEYS<\/title>\n<meta name=\"description\" content=\"En Moving Out te encargar\u00e1s de los trabajos de mudanza a lo largo de Packmore. Tal vez Smooth Moves no sea la mayor compa\u00f1\u00eda de mudanzas\" \/>\n<meta name=\"robots\" content=\"index, follow, max-snippet:-1, max-image-preview:large, max-video-preview:-1\" \/>\n<link rel=\"canonical\" href=\"https:\/\/www.mercadokeys.com\/product\/moving-out-steam-cd-key-2\/\" \/>\n<meta property=\"og:locale\" content=\"en_GB\" \/>\n<meta property=\"og:type\" content=\"article\" \/>\n<meta property=\"og:title\" content=\"Moving Out Steam CD Key - MERCADOKEYS\" \/>\n<meta property=\"og:description\" content=\"En Moving Out te encargar\u00e1s de los trabajos de mudanza a lo largo de Packmore. Tal vez Smooth Moves no sea la mayor compa\u00f1\u00eda de mudanzas\" \/>\n<meta property=\"og:url\" content=\"https:\/\/www.mercadokeys.com\/product\/moving-out-steam-cd-key-2\/\" \/>\n<meta property=\"og:site_name\" content=\"MERCADOKEYS\" \/>\n<meta property=\"article:modified_time\" content=\"2022-06-28T13:13:49+00:00\" \/>\n<meta property=\"og:image\" content=\"https:\/\/www.mercadokeys.com\/wp-content\/uploads\/2021\/04\/Moving-out-steam-videojuegos-mercadokeys.jpg\" \/>\n\t<meta property=\"og:image:width\" content=\"230\" \/>\n\t<meta property=\"og:image:height\" content=\"336\" \/>\n\t<meta property=\"og:image:type\" content=\"image\/jpeg\" \/>\n<meta name=\"twitter:card\" content=\"summary_large_image\" \/>\n<meta name=\"twitter:label1\" content=\"Estimated reading time\" \/>\n\t<meta name=\"twitter:data1\" content=\"1 minute\" \/>\n<script type=\"application\/ld+json\" class=\"yoast-schema-graph\">{\"@context\":\"https:\/\/schema.org\",\"@graph\":[{\"@type\":\"WebPage\",\"@id\":\"https:\/\/www.mercadokeys.com\/product\/moving-out-steam-cd-key-2\/\",\"url\":\"https:\/\/www.mercadokeys.com\/product\/moving-out-steam-cd-key-2\/\",\"name\":\"Moving Out Steam CD Key - MERCADOKEYS\",\"isPartOf\":{\"@id\":\"https:\/\/www.mercadokeys.com\/eng\/#website\"},\"primaryImageOfPage\":{\"@id\":\"https:\/\/www.mercadokeys.com\/product\/moving-out-steam-cd-key-2\/#primaryimage\"},\"image\":{\"@id\":\"https:\/\/www.mercadokeys.com\/product\/moving-out-steam-cd-key-2\/#primaryimage\"},\"thumbnailUrl\":\"https:\/\/www.mercadokeys.com.mx\/wp-content\/uploads\/2021\/04\/Moving-out-steam-videojuegos-mercadokeys.jpg\",\"datePublished\":\"2021-04-28T20:06:41+00:00\",\"dateModified\":\"2022-06-28T13:13:49+00:00\",\"description\":\"En Moving Out te encargar\u00e1s de los trabajos de mudanza a lo largo de Packmore. Tal vez Smooth Moves no sea la mayor compa\u00f1\u00eda de mudanzas\",\"breadcrumb\":{\"@id\":\"https:\/\/www.mercadokeys.com\/product\/moving-out-steam-cd-key-2\/#breadcrumb\"},\"inLanguage\":\"en-GB\",\"potentialAction\":[{\"@type\":\"ReadAction\",\"target\":[\"https:\/\/www.mercadokeys.com\/product\/moving-out-steam-cd-key-2\/\"]}]},{\"@type\":\"ImageObject\",\"inLanguage\":\"en-GB\",\"@id\":\"https:\/\/www.mercadokeys.com\/product\/moving-out-steam-cd-key-2\/#primaryimage\",\"url\":\"https:\/\/www.mercadokeys.com.mx\/wp-content\/uploads\/2021\/04\/Moving-out-steam-videojuegos-mercadokeys.jpg\",\"contentUrl\":\"https:\/\/www.mercadokeys.com.mx\/wp-content\/uploads\/2021\/04\/Moving-out-steam-videojuegos-mercadokeys.jpg\",\"width\":230,\"height\":336},{\"@type\":\"BreadcrumbList\",\"@id\":\"https:\/\/www.mercadokeys.com\/product\/moving-out-steam-cd-key-2\/#breadcrumb\",\"itemListElement\":[{\"@type\":\"ListItem\",\"position\":1,\"name\":\"Inicio\",\"item\":\"https:\/\/www.mercadokeys.com.mx\/\"},{\"@type\":\"ListItem\",\"position\":2,\"name\":\"Tienda\",\"item\":\"https:\/\/www.mercadokeys.com\/shop\/\"},{\"@type\":\"ListItem\",\"position\":3,\"name\":\"Moving Out Steam CD Key\"}]},{\"@type\":\"WebSite\",\"@id\":\"https:\/\/www.mercadokeys.com\/eng\/#website\",\"url\":\"https:\/\/www.mercadokeys.com\/eng\/\",\"name\":\"MERCADOKEYS\",\"description\":\"Tu Tienda de videojuegos digitales en Mexico!\",\"potentialAction\":[{\"@type\":\"SearchAction\",\"target\":{\"@type\":\"EntryPoint\",\"urlTemplate\":\"https:\/\/www.mercadokeys.com\/eng\/?s={search_term_string}\"},\"query-input\":{\"@type\":\"PropertyValueSpecification\",\"valueRequired\":true,\"valueName\":\"search_term_string\"}}],\"inLanguage\":\"en-GB\"}]}<\/script>\n<!-- \/ Yoast SEO plugin. -->","yoast_head_json":{"title":"Moving Out Steam CD Key - MERCADOKEYS","description":"En Moving Out te encargar\u00e1s de los trabajos de mudanza a lo largo de Packmore. Tal vez Smooth Moves no sea la mayor compa\u00f1\u00eda de mudanzas","robots":{"index":"index","follow":"follow","max-snippet":"max-snippet:-1","max-image-preview":"max-image-preview:large","max-video-preview":"max-video-preview:-1"},"canonical":"https:\/\/www.mercadokeys.com\/product\/moving-out-steam-cd-key-2\/","og_locale":"en_GB","og_type":"article","og_title":"Moving Out Steam CD Key - MERCADOKEYS","og_description":"En Moving Out te encargar\u00e1s de los trabajos de mudanza a lo largo de Packmore. Tal vez Smooth Moves no sea la mayor compa\u00f1\u00eda de mudanzas","og_url":"https:\/\/www.mercadokeys.com\/product\/moving-out-steam-cd-key-2\/","og_site_name":"MERCADOKEYS","article_modified_time":"2022-06-28T13:13:49+00:00","og_image":[{"width":230,"height":336,"url":"https:\/\/www.mercadokeys.com\/wp-content\/uploads\/2021\/04\/Moving-out-steam-videojuegos-mercadokeys.jpg","type":"image\/jpeg"}],"twitter_card":"summary_large_image","twitter_misc":{"Estimated reading time":"1 minute"},"schema":{"@context":"https:\/\/schema.org","@graph":[{"@type":"WebPage","@id":"https:\/\/www.mercadokeys.com\/product\/moving-out-steam-cd-key-2\/","url":"https:\/\/www.mercadokeys.com\/product\/moving-out-steam-cd-key-2\/","name":"Moving Out Steam CD Key - MERCADOKEYS","isPartOf":{"@id":"https:\/\/www.mercadokeys.com\/eng\/#website"},"primaryImageOfPage":{"@id":"https:\/\/www.mercadokeys.com\/product\/moving-out-steam-cd-key-2\/#primaryimage"},"image":{"@id":"https:\/\/www.mercadokeys.com\/product\/moving-out-steam-cd-key-2\/#primaryimage"},"thumbnailUrl":"https:\/\/www.mercadokeys.com.mx\/wp-content\/uploads\/2021\/04\/Moving-out-steam-videojuegos-mercadokeys.jpg","datePublished":"2021-04-28T20:06:41+00:00","dateModified":"2022-06-28T13:13:49+00:00","description":"En Moving Out te encargar\u00e1s de los trabajos de mudanza a lo largo de Packmore. Tal vez Smooth Moves no sea la mayor compa\u00f1\u00eda de mudanzas","breadcrumb":{"@id":"https:\/\/www.mercadokeys.com\/product\/moving-out-steam-cd-key-2\/#breadcrumb"},"inLanguage":"en-GB","potentialAction":[{"@type":"ReadAction","target":["https:\/\/www.mercadokeys.com\/product\/moving-out-steam-cd-key-2\/"]}]},{"@type":"ImageObject","inLanguage":"en-GB","@id":"https:\/\/www.mercadokeys.com\/product\/moving-out-steam-cd-key-2\/#primaryimage","url":"https:\/\/www.mercadokeys.com.mx\/wp-content\/uploads\/2021\/04\/Moving-out-steam-videojuegos-mercadokeys.jpg","contentUrl":"https:\/\/www.mercadokeys.com.mx\/wp-content\/uploads\/2021\/04\/Moving-out-steam-videojuegos-mercadokeys.jpg","width":230,"height":336},{"@type":"BreadcrumbList","@id":"https:\/\/www.mercadokeys.com\/product\/moving-out-steam-cd-key-2\/#breadcrumb","itemListElement":[{"@type":"ListItem","position":1,"name":"Inicio","item":"https:\/\/www.mercadokeys.com.mx\/"},{"@type":"ListItem","position":2,"name":"Tienda","item":"https:\/\/www.mercadokeys.com\/shop\/"},{"@type":"ListItem","position":3,"name":"Moving Out Steam CD Key"}]},{"@type":"WebSite","@id":"https:\/\/www.mercadokeys.com\/eng\/#website","url":"https:\/\/www.mercadokeys.com\/eng\/","name":"MERCADOKEYS","description":"Tu Tienda de videojuegos digitales en Mexico!","potentialAction":[{"@type":"SearchAction","target":{"@type":"EntryPoint","urlTemplate":"https:\/\/www.mercadokeys.com\/eng\/?s={search_term_string}"},"query-input":{"@type":"PropertyValueSpecification","valueRequired":true,"valueName":"search_term_string"}}],"inLanguage":"en-GB"}]}},"df_price":107.219988,"df_sale_price":107.219988,"df_regular_price":107.219988,"df_image_link":"https:\/\/www.mercadokeys.com.mx\/wp-content\/uploads\/2021\/04\/Moving-out-steam-videojuegos-mercadokeys-205x300.jpg","_links":{"self":[{"href":"https:\/\/www.mercadokeys.com.mx\/eng\/wp-json\/wp\/v2\/product\/113247","targetHints":{"allow":["GET"]}}],"collection":[{"href":"https:\/\/www.mercadokeys.com.mx\/eng\/wp-json\/wp\/v2\/product"}],"about":[{"href":"https:\/\/www.mercadokeys.com.mx\/eng\/wp-json\/wp\/v2\/types\/product"}],"wp:featuredmedia":[{"embeddable":true,"href":"https:\/\/www.mercadokeys.com.mx\/eng\/wp-json\/wp\/v2\/media\/118668"}],"wp:attachment":[{"href":"https:\/\/www.mercadokeys.com.mx\/eng\/wp-json\/wp\/v2\/media?parent=113247"}],"wp:term":[{"taxonomy":"product_brand","embeddable":true,"href":"https:\/\/www.mercadokeys.com.mx\/eng\/wp-json\/wp\/v2\/product_brand?post=113247"},{"taxonomy":"product_cat","embeddable":true,"href":"https:\/\/www.mercadokeys.com.mx\/eng\/wp-json\/wp\/v2\/product_cat?post=113247"},{"taxonomy":"product_tag","embeddable":true,"href":"https:\/\/www.mercadokeys.com.mx\/eng\/wp-json\/wp\/v2\/product_tag?post=113247"}],"curies":[{"name":"wp","href":"https:\/\/api.w.org\/{rel}","templated":true}]}}