{"id":113229,"date":"2021-04-28T13:05:08","date_gmt":"2021-04-28T20:05:08","guid":{"rendered":"https:\/\/www.mercadokeys.com\/product\/a-year-of-rain-steam-cd-key-2\/"},"modified":"2022-06-28T06:13:37","modified_gmt":"2022-06-28T13:13:37","slug":"a-year-of-rain-steam-cd-key-2","status":"publish","type":"product","link":"https:\/\/www.mercadokeys.com.mx\/eng\/product\/a-year-of-rain-steam-cd-key-2\/","title":{"rendered":"A Year Of Rain Steam CD Key"},"content":{"rendered":"<h3><span style=\"vertical-align: inherit\">Story<\/span><\/h3>\n<p><span style=\"vertical-align: inherit\">Este mundo es un lugar duro e implacable. <\/span><\/p>\n<p><span style=\"vertical-align: inherit\">Su gente tiene que luchar por cada chatarra. Tribus tenaces, clanes n\u00f3madas o aquellos api\u00f1ados a la sombra de los que tienen el poder &#8230; todos est\u00e1n atrapados en un ciclo de guerra y violencia, para arrebatarle a la tierra el poco sustento que proporciona. <\/span><\/p>\n<p><span style=\"vertical-align: inherit\">Dos viejos amigos quieren romper ese ciclo y crear un para\u00edso en medio de la desolaci\u00f3n. Una tempestad de cambios se avecina en el horizonte. <\/span><\/p>\n<p><span style=\"vertical-align: inherit\">Estrategia en tiempo real <\/span><br \/>\n<span style=\"vertical-align: inherit\">Elige una de las tres facciones rivales y sum\u00e9rgete en una combinaci\u00f3n de juego de construcci\u00f3n de bases, recolecci\u00f3n de recursos, reclutamiento de unidades y lucha contra o junto a otros jugadores en los modos de campa\u00f1a o escaramuza. Las estructuras y unidades se pueden actualizar para mejorar la eficiencia y la potencia.<\/span><\/p>\n<p><span style=\"vertical-align: inherit\">\u00a1Conquista a tus enemigos con tu ej\u00e9rcito cuidadosamente reunido dirigido por un h\u00e9roe legendario! <\/span><\/p>\n<p><span style=\"vertical-align: inherit\">Juego y roles en equipo <\/span><br \/>\n<span style=\"vertical-align: inherit\">El mejor equipo de estrategia en tiempo real: \u00a1jueguen juntos en todos los modos de juego! Seleccione uno de los tres roles para desbloquear tecnolog\u00edas especiales y coordine con su aliado para determinar la estrategia de su equipo. Alternativamente, siempre puede ordenar a su compa\u00f1ero de IA que despliegue sus tropas de acuerdo con su plan maestro.<\/span><\/p>\n<h3>Campaign<\/h3>\n<p><span style=\"vertical-align: inherit\">cooperativa La campa\u00f1a cooperativa de A Year Of Rain est\u00e1 dise\u00f1ada con un equipo de dos en mente. <\/span><br \/>\n<span style=\"vertical-align: inherit\">La historia \u00e9pica presenta una variedad de personajes y lugares ic\u00f3nicos. Durante su viaje, debe crear estrategias, sobrevivir a las emboscadas, descubrir secretos y librar la guerra, siempre con la opci\u00f3n de experimentar la historia junto con otro jugador. <\/span><\/p>\n<p><span style=\"vertical-align: inherit\">Multijugador competitivo<\/span><br \/>\n<span style=\"vertical-align: inherit\">El modo cl\u00e1sico de escaramuza se est\u00e1 desarrollando para partidas competitivas desde el principio, incluidas repeticiones, estad\u00edsticas y un modo de observador. Los nuevos en el g\u00e9nero pueden usar \u00f3rdenes de construcci\u00f3n integradas para orientarse, mientras que los jugadores experimentados encontrar\u00e1n estad\u00edsticas detalladas de partidos para mejorar a\u00fan m\u00e1s su juego: \u00a1f\u00e1cil de aprender, dif\u00edcil de dominar!<\/span><\/p>\n<p>&nbsp;<\/p>\n<h3><span style=\"vertical-align: inherit\">Facciones y h\u00e9roes<\/span><\/h3>\n<p><span style=\"vertical-align: inherit\">En el mundo de A Year Of Rain, tres facciones \u00fanicas se encuentran en una lucha por el poder. Cada facci\u00f3n cuenta con tres h\u00e9roes poderosos para encabezar tus ej\u00e9rcitos. <\/span><\/p>\n<p><span style=\"vertical-align: inherit\">La casa Rupah est\u00e1 dirigida por un hombre ambicioso del noroeste, llamado Jaidee Rupah. Est\u00e1 listo para reclamar tierras no reclamadas para hacerse un nombre y un legado.<\/span><\/p>\n<p><span style=\"vertical-align: inherit\">El regimiento inquieto. Liderados por la infame Lady Llorona, todos bailan sobre sus cuerdas y la sirven con una obediencia sin sentido o una devoci\u00f3n entusiasta alimentada por un prop\u00f3sito singular e impulsor o el tormento de los recuerdos marciales. <\/span><\/p>\n<p><span style=\"vertical-align: inherit\">Los Wild Banners son una coalici\u00f3n de n\u00f3madas, cazadores, tribus, civilizaciones olvidadas y ca\u00eddas, as\u00ed como vagabundos solitarios. Eligieron no pertenecer al lugar donde prospera la llamada civilizaci\u00f3n. Son unos salvajes bestiales para algunos y supervivientes tenaces para otros. <\/span><br \/>\n<span style=\"vertical-align: inherit\">Caracter\u00edsticas <\/span><br \/>\n<span style=\"vertical-align: inherit\">Lo \u00faltimo en estrategia en tiempo real del equipo. Jueguen juntos en todos los modos de juego. <\/span><br \/>\n<span style=\"vertical-align: inherit\">Campa\u00f1a ambiciosa, dise\u00f1ada para la experiencia cooperativa <\/span><br \/>\n<span style=\"vertical-align: inherit\">Un modo de escaramuza 2v2 que est\u00e1 realmente dise\u00f1ado para el juego en equipo <\/span><br \/>\n<span style=\"vertical-align: inherit\">Tres facciones \u00fanicas: House Rupah, los Wild Banners y el Restless Regiment<\/span><br \/>\n<span style=\"vertical-align: inherit\">Historia convincente de m\u00faltiples capas que abarca todas las facciones <\/span><br \/>\n<span style=\"vertical-align: inherit\">Arte elaborado y estilizado <\/span><br \/>\n<span style=\"vertical-align: inherit\">H\u00e9roes ic\u00f3nicos poderosos para liderar tu ej\u00e9rcito <\/span><br \/>\n<span style=\"vertical-align: inherit\">Banda sonora del galardonado compositor Neal Acree<\/span><\/p>","protected":false},"excerpt":{"rendered":"<p>Historia Este mundo es un lugar duro e implacable. Su gente tiene que luchar por cada chatarra. Tribus tenaces, clanes n\u00f3madas o aquellos api\u00f1ados a la sombra de los que tienen el poder &#8230; todos est\u00e1n atrapados en un ciclo de guerra y violencia, para arrebatarle a la tierra el poco sustento que proporciona. Dos&#8230;<\/p>","protected":false},"featured_media":113230,"template":"","meta":{"_monsterinsights_skip_tracking":false,"_monsterinsights_sitenote_active":false,"_monsterinsights_sitenote_note":"","_monsterinsights_sitenote_category":0},"product_brand":[],"product_cat":[1501,2981,3596,1271,3164,1420,1283,1280,1273,1393,1428],"product_tag":[1586,1526],"class_list":{"0":"post-113229","1":"product","2":"type-product","3":"status-publish","4":"has-post-thumbnail","6":"product_cat-tienda-de-videojuegos-ultimos-juegos-tijuana-mexico","7":"product_cat-destacados","8":"product_cat-tienda-de-videojuegos-steam-recomendados-en-tijuana-mexico","9":"product_cat-tienda-de-videojuegos-tijuana-mexico","10":"product_cat-tienda-de-videojuegos-baratos-economicos-tijuana-mexico","11":"product_cat-tienda-de-videojuegos-populares-tijuana-mexico","12":"product_cat-tienda-de-videojuegos-plataformas-tijuana-mexico","13":"product_cat-tienda-de-videojuegos-pc-tijuana-mexico","14":"product_cat-tienda-de-videojuegos-steam-key-tijuana-mexico","15":"product_cat-tienda-de-videojuegos-indie-tijuana-mexico","16":"product_cat-tienda-de-videojuegos-cooperativos-tijuana-mexico","17":"product_tag-a-year-of-rain","18":"product_tag-steam","20":"first","21":"instock","22":"shipping-taxable","23":"purchasable","24":"product-type-simple"},"yoast_head":"<!-- This site is optimized with the Yoast SEO plugin v27.0 - https:\/\/yoast.com\/product\/yoast-seo-wordpress\/ -->\n<title>A Year Of Rain Steam CD Key - MERCADOKEYS<\/title>\n<meta name=\"description\" content=\"La campa\u00f1a cooperativa de A Year Of Rain est\u00e1 dise\u00f1ada con un equipo de dos en mente. Presenta una variedad de personajes y lugares ic\u00f3nicos\" \/>\n<meta name=\"robots\" content=\"index, follow, max-snippet:-1, max-image-preview:large, max-video-preview:-1\" \/>\n<link rel=\"canonical\" href=\"https:\/\/www.mercadokeys.com\/product\/a-year-of-rain-steam-cd-key-2\/\" \/>\n<meta property=\"og:locale\" content=\"en_GB\" \/>\n<meta property=\"og:type\" content=\"article\" \/>\n<meta property=\"og:title\" content=\"A Year Of Rain Steam CD Key - MERCADOKEYS\" \/>\n<meta property=\"og:description\" content=\"La campa\u00f1a cooperativa de A Year Of Rain est\u00e1 dise\u00f1ada con un equipo de dos en mente. Presenta una variedad de personajes y lugares ic\u00f3nicos\" \/>\n<meta property=\"og:url\" content=\"https:\/\/www.mercadokeys.com\/product\/a-year-of-rain-steam-cd-key-2\/\" \/>\n<meta property=\"og:site_name\" content=\"MERCADOKEYS\" \/>\n<meta property=\"article:modified_time\" content=\"2022-06-28T13:13:37+00:00\" \/>\n<meta property=\"og:image\" content=\"https:\/\/www.mercadokeys.com\/wp-content\/uploads\/2021\/04\/a-year-of-rain_cover_original.jpg\" \/>\n\t<meta property=\"og:image:width\" content=\"600\" \/>\n\t<meta property=\"og:image:height\" content=\"800\" \/>\n\t<meta property=\"og:image:type\" content=\"image\/jpeg\" \/>\n<meta name=\"twitter:card\" content=\"summary_large_image\" \/>\n<meta name=\"twitter:label1\" content=\"Estimated reading time\" \/>\n\t<meta name=\"twitter:data1\" content=\"3 minutes\" \/>\n<script type=\"application\/ld+json\" class=\"yoast-schema-graph\">{\"@context\":\"https:\/\/schema.org\",\"@graph\":[{\"@type\":\"WebPage\",\"@id\":\"https:\/\/www.mercadokeys.com\/product\/a-year-of-rain-steam-cd-key-2\/\",\"url\":\"https:\/\/www.mercadokeys.com\/product\/a-year-of-rain-steam-cd-key-2\/\",\"name\":\"A Year Of Rain Steam CD Key - MERCADOKEYS\",\"isPartOf\":{\"@id\":\"https:\/\/www.mercadokeys.com\/eng\/#website\"},\"primaryImageOfPage\":{\"@id\":\"https:\/\/www.mercadokeys.com\/product\/a-year-of-rain-steam-cd-key-2\/#primaryimage\"},\"image\":{\"@id\":\"https:\/\/www.mercadokeys.com\/product\/a-year-of-rain-steam-cd-key-2\/#primaryimage\"},\"thumbnailUrl\":\"https:\/\/www.mercadokeys.com.mx\/wp-content\/uploads\/2021\/04\/a-year-of-rain_cover_original.jpg\",\"datePublished\":\"2021-04-28T20:05:08+00:00\",\"dateModified\":\"2022-06-28T13:13:37+00:00\",\"description\":\"La campa\u00f1a cooperativa de A Year Of Rain est\u00e1 dise\u00f1ada con un equipo de dos en mente. Presenta una variedad de personajes y lugares ic\u00f3nicos\",\"breadcrumb\":{\"@id\":\"https:\/\/www.mercadokeys.com\/product\/a-year-of-rain-steam-cd-key-2\/#breadcrumb\"},\"inLanguage\":\"en-GB\",\"potentialAction\":[{\"@type\":\"ReadAction\",\"target\":[\"https:\/\/www.mercadokeys.com\/product\/a-year-of-rain-steam-cd-key-2\/\"]}]},{\"@type\":\"ImageObject\",\"inLanguage\":\"en-GB\",\"@id\":\"https:\/\/www.mercadokeys.com\/product\/a-year-of-rain-steam-cd-key-2\/#primaryimage\",\"url\":\"https:\/\/www.mercadokeys.com.mx\/wp-content\/uploads\/2021\/04\/a-year-of-rain_cover_original.jpg\",\"contentUrl\":\"https:\/\/www.mercadokeys.com.mx\/wp-content\/uploads\/2021\/04\/a-year-of-rain_cover_original.jpg\",\"width\":600,\"height\":800},{\"@type\":\"BreadcrumbList\",\"@id\":\"https:\/\/www.mercadokeys.com\/product\/a-year-of-rain-steam-cd-key-2\/#breadcrumb\",\"itemListElement\":[{\"@type\":\"ListItem\",\"position\":1,\"name\":\"Inicio\",\"item\":\"https:\/\/www.mercadokeys.com.mx\/\"},{\"@type\":\"ListItem\",\"position\":2,\"name\":\"Tienda\",\"item\":\"https:\/\/www.mercadokeys.com\/shop\/\"},{\"@type\":\"ListItem\",\"position\":3,\"name\":\"A Year Of Rain Steam CD Key\"}]},{\"@type\":\"WebSite\",\"@id\":\"https:\/\/www.mercadokeys.com\/eng\/#website\",\"url\":\"https:\/\/www.mercadokeys.com\/eng\/\",\"name\":\"MERCADOKEYS\",\"description\":\"Tu Tienda de videojuegos digitales en Mexico!\",\"potentialAction\":[{\"@type\":\"SearchAction\",\"target\":{\"@type\":\"EntryPoint\",\"urlTemplate\":\"https:\/\/www.mercadokeys.com\/eng\/?s={search_term_string}\"},\"query-input\":{\"@type\":\"PropertyValueSpecification\",\"valueRequired\":true,\"valueName\":\"search_term_string\"}}],\"inLanguage\":\"en-GB\"}]}<\/script>\n<!-- \/ Yoast SEO plugin. -->","yoast_head_json":{"title":"A Year Of Rain Steam CD Key - MERCADOKEYS","description":"La campa\u00f1a cooperativa de A Year Of Rain est\u00e1 dise\u00f1ada con un equipo de dos en mente. Presenta una variedad de personajes y lugares ic\u00f3nicos","robots":{"index":"index","follow":"follow","max-snippet":"max-snippet:-1","max-image-preview":"max-image-preview:large","max-video-preview":"max-video-preview:-1"},"canonical":"https:\/\/www.mercadokeys.com\/product\/a-year-of-rain-steam-cd-key-2\/","og_locale":"en_GB","og_type":"article","og_title":"A Year Of Rain Steam CD Key - MERCADOKEYS","og_description":"La campa\u00f1a cooperativa de A Year Of Rain est\u00e1 dise\u00f1ada con un equipo de dos en mente. Presenta una variedad de personajes y lugares ic\u00f3nicos","og_url":"https:\/\/www.mercadokeys.com\/product\/a-year-of-rain-steam-cd-key-2\/","og_site_name":"MERCADOKEYS","article_modified_time":"2022-06-28T13:13:37+00:00","og_image":[{"width":600,"height":800,"url":"https:\/\/www.mercadokeys.com\/wp-content\/uploads\/2021\/04\/a-year-of-rain_cover_original.jpg","type":"image\/jpeg"}],"twitter_card":"summary_large_image","twitter_misc":{"Estimated reading time":"3 minutes"},"schema":{"@context":"https:\/\/schema.org","@graph":[{"@type":"WebPage","@id":"https:\/\/www.mercadokeys.com\/product\/a-year-of-rain-steam-cd-key-2\/","url":"https:\/\/www.mercadokeys.com\/product\/a-year-of-rain-steam-cd-key-2\/","name":"A Year Of Rain Steam CD Key - MERCADOKEYS","isPartOf":{"@id":"https:\/\/www.mercadokeys.com\/eng\/#website"},"primaryImageOfPage":{"@id":"https:\/\/www.mercadokeys.com\/product\/a-year-of-rain-steam-cd-key-2\/#primaryimage"},"image":{"@id":"https:\/\/www.mercadokeys.com\/product\/a-year-of-rain-steam-cd-key-2\/#primaryimage"},"thumbnailUrl":"https:\/\/www.mercadokeys.com.mx\/wp-content\/uploads\/2021\/04\/a-year-of-rain_cover_original.jpg","datePublished":"2021-04-28T20:05:08+00:00","dateModified":"2022-06-28T13:13:37+00:00","description":"La campa\u00f1a cooperativa de A Year Of Rain est\u00e1 dise\u00f1ada con un equipo de dos en mente. Presenta una variedad de personajes y lugares ic\u00f3nicos","breadcrumb":{"@id":"https:\/\/www.mercadokeys.com\/product\/a-year-of-rain-steam-cd-key-2\/#breadcrumb"},"inLanguage":"en-GB","potentialAction":[{"@type":"ReadAction","target":["https:\/\/www.mercadokeys.com\/product\/a-year-of-rain-steam-cd-key-2\/"]}]},{"@type":"ImageObject","inLanguage":"en-GB","@id":"https:\/\/www.mercadokeys.com\/product\/a-year-of-rain-steam-cd-key-2\/#primaryimage","url":"https:\/\/www.mercadokeys.com.mx\/wp-content\/uploads\/2021\/04\/a-year-of-rain_cover_original.jpg","contentUrl":"https:\/\/www.mercadokeys.com.mx\/wp-content\/uploads\/2021\/04\/a-year-of-rain_cover_original.jpg","width":600,"height":800},{"@type":"BreadcrumbList","@id":"https:\/\/www.mercadokeys.com\/product\/a-year-of-rain-steam-cd-key-2\/#breadcrumb","itemListElement":[{"@type":"ListItem","position":1,"name":"Inicio","item":"https:\/\/www.mercadokeys.com.mx\/"},{"@type":"ListItem","position":2,"name":"Tienda","item":"https:\/\/www.mercadokeys.com\/shop\/"},{"@type":"ListItem","position":3,"name":"A Year Of Rain Steam CD Key"}]},{"@type":"WebSite","@id":"https:\/\/www.mercadokeys.com\/eng\/#website","url":"https:\/\/www.mercadokeys.com\/eng\/","name":"MERCADOKEYS","description":"Tu Tienda de videojuegos digitales en Mexico!","potentialAction":[{"@type":"SearchAction","target":{"@type":"EntryPoint","urlTemplate":"https:\/\/www.mercadokeys.com\/eng\/?s={search_term_string}"},"query-input":{"@type":"PropertyValueSpecification","valueRequired":true,"valueName":"search_term_string"}}],"inLanguage":"en-GB"}]}},"df_price":47.990398,"df_sale_price":47.990398,"df_regular_price":47.990398,"df_image_link":"https:\/\/www.mercadokeys.com.mx\/wp-content\/uploads\/2021\/04\/a-year-of-rain_cover_original-225x300.jpg","_links":{"self":[{"href":"https:\/\/www.mercadokeys.com.mx\/eng\/wp-json\/wp\/v2\/product\/113229","targetHints":{"allow":["GET"]}}],"collection":[{"href":"https:\/\/www.mercadokeys.com.mx\/eng\/wp-json\/wp\/v2\/product"}],"about":[{"href":"https:\/\/www.mercadokeys.com.mx\/eng\/wp-json\/wp\/v2\/types\/product"}],"wp:featuredmedia":[{"embeddable":true,"href":"https:\/\/www.mercadokeys.com.mx\/eng\/wp-json\/wp\/v2\/media\/113230"}],"wp:attachment":[{"href":"https:\/\/www.mercadokeys.com.mx\/eng\/wp-json\/wp\/v2\/media?parent=113229"}],"wp:term":[{"taxonomy":"product_brand","embeddable":true,"href":"https:\/\/www.mercadokeys.com.mx\/eng\/wp-json\/wp\/v2\/product_brand?post=113229"},{"taxonomy":"product_cat","embeddable":true,"href":"https:\/\/www.mercadokeys.com.mx\/eng\/wp-json\/wp\/v2\/product_cat?post=113229"},{"taxonomy":"product_tag","embeddable":true,"href":"https:\/\/www.mercadokeys.com.mx\/eng\/wp-json\/wp\/v2\/product_tag?post=113229"}],"curies":[{"name":"wp","href":"https:\/\/api.w.org\/{rel}","templated":true}]}}