{"id":113219,"date":"2021-04-28T13:04:07","date_gmt":"2021-04-28T20:04:07","guid":{"rendered":"https:\/\/www.mercadokeys.com\/product\/generation-zero-steam-cd-key\/"},"modified":"2022-06-28T06:13:12","modified_gmt":"2022-06-28T13:13:12","slug":"generation-zero-steam-cd-key","status":"publish","type":"product","link":"https:\/\/www.mercadokeys.com.mx\/eng\/product\/generation-zero-steam-cd-key\/","title":{"rendered":"Generation Zero Steam CD Key"},"content":{"rendered":"<p><strong><span style=\"vertical-align: inherit;\">Generation Zero<\/span><\/strong><span style=\"vertical-align: inherit;\"> es un juego de aventuras de acci\u00f3n en primera persona de mundo abierto ambientado en la versi\u00f3n reinventada de la Suecia de los 80. Interpretar\u00e1s el papel de un adolescente que regresa de un viaje a las islas cercanas con amigos. Tu barco fue atacado y apenas llegaste a la orilla. Ahora tienes que averiguar qu\u00e9 est\u00e1 pasando.\u00a0<\/span><span style=\"color: inherit;\"><span style=\"vertical-align: inherit;\">El juego fue desarrollado y publicado por Avalanche Studios en 2019. Est\u00e1 disponible para PC (Windows 10). Funciona con el motor Apex.<\/span><\/span><\/p>\n<h3><span style=\"vertical-align: inherit;\">Jugabilidad: sobrevive en un mundo abierto hostil<\/span><\/h3>\n<p><span style=\"vertical-align: inherit;\">El juego se juega desde la perspectiva de la primera persona. Gira en torno a explorar, saquear, luchar contra las m\u00e1quinas y desarrollar el personaje. Las misiones de la historia principal te ayudar\u00e1n a desentra\u00f1ar las razones detr\u00e1s de la aparici\u00f3n de robots hostiles, y las misiones secundarias te mantendr\u00e1n ocupado mientras tanto.\u00a0<\/span><span style=\"color: inherit;\"><span style=\"vertical-align: inherit;\">Las armas que se encuentran en el juego pueden tener 5 calidades diferentes y pueden mejorarse a\u00fan m\u00e1s con accesorios adicionales <\/span><\/span><span style=\"color: inherit;\"><span style=\"vertical-align: inherit;\">. <\/span><\/span><span style=\"color: inherit;\"><span style=\"vertical-align: inherit;\">Otros elementos que pueden ayudarte a progresar en el juego incluyen, entre otros, botiquines de primeros auxilios, bengalas, explosivos, se\u00f1uelos y granadas.<\/span><\/span><\/p>\n<p><span style=\"vertical-align: inherit;\">El combate es inevitable, pero a menudo es mejor adoptar un enfoque m\u00e1s t\u00e1ctico y utilizar el entorno para hacerlo m\u00e1s f\u00e1cil, que apresurar ciegamente a los enemigos.\u00a0<\/span><strong style=\"color: inherit;\"><span style=\"vertical-align: inherit;\">Matar robots te otorga puntos de experiencia que aumentan el nivel de tu personaje. <\/span><\/strong><span style=\"color: inherit;\"><span style=\"vertical-align: inherit;\">Cada nivel permite gastar puntos adicionales en bonificaciones pasivas, como retroceso reducido, mayor da\u00f1o o mayor rango de objetos arrojadizos.\u00a0<\/span><\/span><span style=\"color: inherit;\"><span style=\"vertical-align: inherit;\">Navegar por el mundo abierto es f\u00e1cil, gracias al mapa incorporado, que tambi\u00e9n permite viajar r\u00e1pidamente a los lugares visitados anteriormente.<\/span><\/span><\/p>\n<h3><span style=\"vertical-align: inherit;\">Lucha contra las M\u00e1quinas<\/span><\/h3>\n<p><span style=\"vertical-align: inherit;\">Generation Zero se enfoca en luchar contra las m\u00e1quinas usando t\u00e1cticas de guerrilla, que implican el uso no solo de armas tradicionales como pistolas, escopetas, rifles de asalto y subfusiles, sino tambi\u00e9n atraer enemigos con cebos y usar el entorno para obtener una ventaja.<\/span><\/p>\n<p><span style=\"vertical-align: inherit;\">Las m\u00e1quinas suelen tener alg\u00fan tipo de puntos d\u00e9biles para facilitar los encuentros, pero atacarlos es otra historia: los robots se mueven r\u00e1pidamente y no esperar\u00e1n simplemente a que explotes su debilidad. <\/span><strong><span style=\"vertical-align: inherit;\">Piensa en una estrategia y ac\u00e9rcate a los enemigos de forma inteligente.<\/span><\/strong><\/p>\n<h3><span style=\"vertical-align: inherit;\">Forma equipo en el modo multijugador<\/span><\/h3>\n<p><span style=\"vertical-align: inherit;\">El juego permite jugar en modo cooperativo multijugador, donde puedes divertirte con hasta 3 personas m\u00e1s, ya sean amigos o completos desconocidos. Pueden experimentar la historia y explorar el mundo juntos: repeler a los invasores y luchar por su supervivencia. Haz uso de las habilidades de apoyo: cura a tus amigos, resalta a los enemigos de tu equipo y reduce el tiempo necesario para revivir a los compa\u00f1eros de equipo ca\u00eddos.<\/span><\/p>\n<h3><span style=\"vertical-align: inherit;\">Reception<\/span><\/h3>\n<p><strong><span style=\"vertical-align: inherit;\">Generation 0<\/span><\/strong><span style=\"vertical-align: inherit;\"> es una producci\u00f3n s\u00f3lida cuyos elementos m\u00e1s elogiados son las impresionantes im\u00e1genes, los excelentes efectos de sonido y la posibilidad de jugar en l\u00ednea en modo cooperativo, no solo con amigos sino tambi\u00e9n con completos desconocidos. Los cr\u00edticos tambi\u00e9n apreciaron la sensaci\u00f3n de filmaci\u00f3n y la atm\u00f3sfera general del escenario de los 80.<\/span><\/p>","protected":false},"excerpt":{"rendered":"<p>Generation Zero es un juego de aventuras de acci\u00f3n en primera persona de mundo abierto ambientado en la versi\u00f3n reinventada de la Suecia de los 80. Interpretar\u00e1s el papel de un adolescente que regresa de un viaje a las islas cercanas con amigos. Tu barco fue atacado y apenas llegaste a la orilla. Ahora tienes&#8230;<\/p>","protected":false},"featured_media":118673,"template":"","meta":{"_monsterinsights_skip_tracking":false,"_monsterinsights_sitenote_active":false,"_monsterinsights_sitenote_note":"","_monsterinsights_sitenote_category":0},"product_brand":[],"product_cat":[1501,2981,1271,1420,1283,1280,1273,1316,1428],"product_tag":[1613,1614,1526],"class_list":{"0":"post-113219","1":"product","2":"type-product","3":"status-publish","4":"has-post-thumbnail","6":"product_cat-tienda-de-videojuegos-ultimos-juegos-tijuana-mexico","7":"product_cat-destacados","8":"product_cat-tienda-de-videojuegos-tijuana-mexico","9":"product_cat-tienda-de-videojuegos-populares-tijuana-mexico","10":"product_cat-tienda-de-videojuegos-plataformas-tijuana-mexico","11":"product_cat-tienda-de-videojuegos-pc-tijuana-mexico","12":"product_cat-tienda-de-videojuegos-steam-key-tijuana-mexico","13":"product_cat-tienda-de-videojuegos-fps-tijuana-mexico","14":"product_cat-tienda-de-videojuegos-cooperativos-tijuana-mexico","15":"product_tag-generation-zero","16":"product_tag-generation-zero-steam","17":"product_tag-steam","19":"first","20":"instock","21":"shipping-taxable","22":"purchasable","23":"product-type-simple"},"yoast_head":"<!-- This site is optimized with the Yoast SEO plugin v27.0 - https:\/\/yoast.com\/product\/yoast-seo-wordpress\/ -->\n<title>Generation Zero Steam CD Key - MERCADOKEYS<\/title>\n<meta name=\"description\" content=\"Generation Zero es un juego de aventuras de acci\u00f3n en primera persona de mundo abierto ambientado en la versi\u00f3n reinventada de la Suecia de los 80\" \/>\n<meta name=\"robots\" content=\"index, follow, max-snippet:-1, max-image-preview:large, max-video-preview:-1\" \/>\n<link rel=\"canonical\" href=\"https:\/\/www.mercadokeys.com\/product\/generation-zero-steam-cd-key\/\" \/>\n<meta property=\"og:locale\" content=\"en_GB\" \/>\n<meta property=\"og:type\" content=\"article\" \/>\n<meta property=\"og:title\" content=\"Generation Zero Steam CD Key - MERCADOKEYS\" \/>\n<meta property=\"og:description\" content=\"Generation Zero es un juego de aventuras de acci\u00f3n en primera persona de mundo abierto ambientado en la versi\u00f3n reinventada de la Suecia de los 80\" \/>\n<meta property=\"og:url\" content=\"https:\/\/www.mercadokeys.com\/product\/generation-zero-steam-cd-key\/\" \/>\n<meta property=\"og:site_name\" content=\"MERCADOKEYS\" \/>\n<meta property=\"article:modified_time\" content=\"2022-06-28T13:13:12+00:00\" \/>\n<meta property=\"og:image\" content=\"https:\/\/www.mercadokeys.com\/wp-content\/uploads\/2021\/04\/GENERATION-ZERO-STEAM-MERCADOKEYS.jpg\" \/>\n\t<meta property=\"og:image:width\" content=\"230\" \/>\n\t<meta property=\"og:image:height\" content=\"336\" \/>\n\t<meta property=\"og:image:type\" content=\"image\/jpeg\" \/>\n<meta name=\"twitter:card\" content=\"summary_large_image\" \/>\n<meta name=\"twitter:label1\" content=\"Estimated reading time\" \/>\n\t<meta name=\"twitter:data1\" content=\"3 minutes\" \/>\n<script type=\"application\/ld+json\" class=\"yoast-schema-graph\">{\"@context\":\"https:\/\/schema.org\",\"@graph\":[{\"@type\":\"WebPage\",\"@id\":\"https:\/\/www.mercadokeys.com\/product\/generation-zero-steam-cd-key\/\",\"url\":\"https:\/\/www.mercadokeys.com\/product\/generation-zero-steam-cd-key\/\",\"name\":\"Generation Zero Steam CD Key - MERCADOKEYS\",\"isPartOf\":{\"@id\":\"https:\/\/www.mercadokeys.com\/eng\/#website\"},\"primaryImageOfPage\":{\"@id\":\"https:\/\/www.mercadokeys.com\/product\/generation-zero-steam-cd-key\/#primaryimage\"},\"image\":{\"@id\":\"https:\/\/www.mercadokeys.com\/product\/generation-zero-steam-cd-key\/#primaryimage\"},\"thumbnailUrl\":\"https:\/\/www.mercadokeys.com.mx\/wp-content\/uploads\/2021\/04\/GENERATION-ZERO-STEAM-MERCADOKEYS.jpg\",\"datePublished\":\"2021-04-28T20:04:07+00:00\",\"dateModified\":\"2022-06-28T13:13:12+00:00\",\"description\":\"Generation Zero es un juego de aventuras de acci\u00f3n en primera persona de mundo abierto ambientado en la versi\u00f3n reinventada de la Suecia de los 80\",\"breadcrumb\":{\"@id\":\"https:\/\/www.mercadokeys.com\/product\/generation-zero-steam-cd-key\/#breadcrumb\"},\"inLanguage\":\"en-GB\",\"potentialAction\":[{\"@type\":\"ReadAction\",\"target\":[\"https:\/\/www.mercadokeys.com\/product\/generation-zero-steam-cd-key\/\"]}]},{\"@type\":\"ImageObject\",\"inLanguage\":\"en-GB\",\"@id\":\"https:\/\/www.mercadokeys.com\/product\/generation-zero-steam-cd-key\/#primaryimage\",\"url\":\"https:\/\/www.mercadokeys.com.mx\/wp-content\/uploads\/2021\/04\/GENERATION-ZERO-STEAM-MERCADOKEYS.jpg\",\"contentUrl\":\"https:\/\/www.mercadokeys.com.mx\/wp-content\/uploads\/2021\/04\/GENERATION-ZERO-STEAM-MERCADOKEYS.jpg\",\"width\":230,\"height\":336},{\"@type\":\"BreadcrumbList\",\"@id\":\"https:\/\/www.mercadokeys.com\/product\/generation-zero-steam-cd-key\/#breadcrumb\",\"itemListElement\":[{\"@type\":\"ListItem\",\"position\":1,\"name\":\"Inicio\",\"item\":\"https:\/\/www.mercadokeys.com.mx\/\"},{\"@type\":\"ListItem\",\"position\":2,\"name\":\"Tienda\",\"item\":\"https:\/\/www.mercadokeys.com\/shop\/\"},{\"@type\":\"ListItem\",\"position\":3,\"name\":\"Generation Zero Steam CD Key\"}]},{\"@type\":\"WebSite\",\"@id\":\"https:\/\/www.mercadokeys.com\/eng\/#website\",\"url\":\"https:\/\/www.mercadokeys.com\/eng\/\",\"name\":\"MERCADOKEYS\",\"description\":\"Tu Tienda de videojuegos digitales en Mexico!\",\"potentialAction\":[{\"@type\":\"SearchAction\",\"target\":{\"@type\":\"EntryPoint\",\"urlTemplate\":\"https:\/\/www.mercadokeys.com\/eng\/?s={search_term_string}\"},\"query-input\":{\"@type\":\"PropertyValueSpecification\",\"valueRequired\":true,\"valueName\":\"search_term_string\"}}],\"inLanguage\":\"en-GB\"}]}<\/script>\n<!-- \/ Yoast SEO plugin. -->","yoast_head_json":{"title":"Generation Zero Steam CD Key - MERCADOKEYS","description":"Generation Zero es un juego de aventuras de acci\u00f3n en primera persona de mundo abierto ambientado en la versi\u00f3n reinventada de la Suecia de los 80","robots":{"index":"index","follow":"follow","max-snippet":"max-snippet:-1","max-image-preview":"max-image-preview:large","max-video-preview":"max-video-preview:-1"},"canonical":"https:\/\/www.mercadokeys.com\/product\/generation-zero-steam-cd-key\/","og_locale":"en_GB","og_type":"article","og_title":"Generation Zero Steam CD Key - MERCADOKEYS","og_description":"Generation Zero es un juego de aventuras de acci\u00f3n en primera persona de mundo abierto ambientado en la versi\u00f3n reinventada de la Suecia de los 80","og_url":"https:\/\/www.mercadokeys.com\/product\/generation-zero-steam-cd-key\/","og_site_name":"MERCADOKEYS","article_modified_time":"2022-06-28T13:13:12+00:00","og_image":[{"width":230,"height":336,"url":"https:\/\/www.mercadokeys.com\/wp-content\/uploads\/2021\/04\/GENERATION-ZERO-STEAM-MERCADOKEYS.jpg","type":"image\/jpeg"}],"twitter_card":"summary_large_image","twitter_misc":{"Estimated reading time":"3 minutes"},"schema":{"@context":"https:\/\/schema.org","@graph":[{"@type":"WebPage","@id":"https:\/\/www.mercadokeys.com\/product\/generation-zero-steam-cd-key\/","url":"https:\/\/www.mercadokeys.com\/product\/generation-zero-steam-cd-key\/","name":"Generation Zero Steam CD Key - MERCADOKEYS","isPartOf":{"@id":"https:\/\/www.mercadokeys.com\/eng\/#website"},"primaryImageOfPage":{"@id":"https:\/\/www.mercadokeys.com\/product\/generation-zero-steam-cd-key\/#primaryimage"},"image":{"@id":"https:\/\/www.mercadokeys.com\/product\/generation-zero-steam-cd-key\/#primaryimage"},"thumbnailUrl":"https:\/\/www.mercadokeys.com.mx\/wp-content\/uploads\/2021\/04\/GENERATION-ZERO-STEAM-MERCADOKEYS.jpg","datePublished":"2021-04-28T20:04:07+00:00","dateModified":"2022-06-28T13:13:12+00:00","description":"Generation Zero es un juego de aventuras de acci\u00f3n en primera persona de mundo abierto ambientado en la versi\u00f3n reinventada de la Suecia de los 80","breadcrumb":{"@id":"https:\/\/www.mercadokeys.com\/product\/generation-zero-steam-cd-key\/#breadcrumb"},"inLanguage":"en-GB","potentialAction":[{"@type":"ReadAction","target":["https:\/\/www.mercadokeys.com\/product\/generation-zero-steam-cd-key\/"]}]},{"@type":"ImageObject","inLanguage":"en-GB","@id":"https:\/\/www.mercadokeys.com\/product\/generation-zero-steam-cd-key\/#primaryimage","url":"https:\/\/www.mercadokeys.com.mx\/wp-content\/uploads\/2021\/04\/GENERATION-ZERO-STEAM-MERCADOKEYS.jpg","contentUrl":"https:\/\/www.mercadokeys.com.mx\/wp-content\/uploads\/2021\/04\/GENERATION-ZERO-STEAM-MERCADOKEYS.jpg","width":230,"height":336},{"@type":"BreadcrumbList","@id":"https:\/\/www.mercadokeys.com\/product\/generation-zero-steam-cd-key\/#breadcrumb","itemListElement":[{"@type":"ListItem","position":1,"name":"Inicio","item":"https:\/\/www.mercadokeys.com.mx\/"},{"@type":"ListItem","position":2,"name":"Tienda","item":"https:\/\/www.mercadokeys.com\/shop\/"},{"@type":"ListItem","position":3,"name":"Generation Zero Steam CD Key"}]},{"@type":"WebSite","@id":"https:\/\/www.mercadokeys.com\/eng\/#website","url":"https:\/\/www.mercadokeys.com\/eng\/","name":"MERCADOKEYS","description":"Tu Tienda de videojuegos digitales en Mexico!","potentialAction":[{"@type":"SearchAction","target":{"@type":"EntryPoint","urlTemplate":"https:\/\/www.mercadokeys.com\/eng\/?s={search_term_string}"},"query-input":{"@type":"PropertyValueSpecification","valueRequired":true,"valueName":"search_term_string"}}],"inLanguage":"en-GB"}]}},"df_price":134.238287,"df_sale_price":134.238287,"df_regular_price":134.238287,"df_image_link":"https:\/\/www.mercadokeys.com.mx\/wp-content\/uploads\/2021\/04\/GENERATION-ZERO-STEAM-MERCADOKEYS-205x300.jpg","_links":{"self":[{"href":"https:\/\/www.mercadokeys.com.mx\/eng\/wp-json\/wp\/v2\/product\/113219","targetHints":{"allow":["GET"]}}],"collection":[{"href":"https:\/\/www.mercadokeys.com.mx\/eng\/wp-json\/wp\/v2\/product"}],"about":[{"href":"https:\/\/www.mercadokeys.com.mx\/eng\/wp-json\/wp\/v2\/types\/product"}],"wp:featuredmedia":[{"embeddable":true,"href":"https:\/\/www.mercadokeys.com.mx\/eng\/wp-json\/wp\/v2\/media\/118673"}],"wp:attachment":[{"href":"https:\/\/www.mercadokeys.com.mx\/eng\/wp-json\/wp\/v2\/media?parent=113219"}],"wp:term":[{"taxonomy":"product_brand","embeddable":true,"href":"https:\/\/www.mercadokeys.com.mx\/eng\/wp-json\/wp\/v2\/product_brand?post=113219"},{"taxonomy":"product_cat","embeddable":true,"href":"https:\/\/www.mercadokeys.com.mx\/eng\/wp-json\/wp\/v2\/product_cat?post=113219"},{"taxonomy":"product_tag","embeddable":true,"href":"https:\/\/www.mercadokeys.com.mx\/eng\/wp-json\/wp\/v2\/product_tag?post=113219"}],"curies":[{"name":"wp","href":"https:\/\/api.w.org\/{rel}","templated":true}]}}