{"id":113190,"date":"2021-04-28T10:40:47","date_gmt":"2021-04-28T17:40:47","guid":{"rendered":"https:\/\/www.mercadokeys.com\/product\/warhammer-chaosbane-steam-cd-key\/"},"modified":"2022-06-28T06:13:25","modified_gmt":"2022-06-28T13:13:25","slug":"warhammer-chaosbane-steam-cd-key","status":"publish","type":"product","link":"https:\/\/www.mercadokeys.com.mx\/eng\/product\/warhammer-chaosbane-steam-cd-key\/","title":{"rendered":"Warhammer: Chaosbane Steam CD Key"},"content":{"rendered":"<p><b><span style=\"vertical-align: inherit;\">Warhammer Chaosbane<\/span><\/b><span style=\"vertical-align: inherit;\"> \u00a0es un juego de rol de acci\u00f3n para PC, desarrollado por Eko Software y publicado por Bigben Interactive. Es el \u00a0juego n\u00famero 27 ambientado en el mundo de Warhammer Fantasy, una serie iniciada en 1991 por HeroQuest. El juego presenta personajes y ubicaciones conocidas de juegos anteriores de Warhammer y los coloca en la mec\u00e1nica de juego de hack&#8217;n&#8217;slash, inspirada en t\u00edtulos como Diablo III.<\/span><\/p>\n<p><span style=\"vertical-align: inherit;\">En Chaosbane, los jugadores pueden elegir entre 4 clases de personajes: Soldado del Imperio, Asesino enano, Mago de los elfos altos, Explorador de elfos de los bosques, y usarlos y sus habilidades en una batalla contra las hordas demon\u00edacas del Imperio. El juego emplea el modo cooperativo, donde hasta 4 jugadores pueden trabajar juntos para progresar a trav\u00e9s de mapas meticulosamente dise\u00f1ados.<\/span><\/p>\n<h3><span style=\"vertical-align: inherit;\">How to play<\/span><\/h3>\n<p><b><span style=\"vertical-align: inherit;\">Chaosbane se<\/span><\/b><span style=\"vertical-align: inherit;\"> \u00a0inspira mucho en otros juegos de rol de acci\u00f3n, incluido el m\u00e1s popular de todos: Diablo. El jugador controla un solo personaje en un mapa 3D, visto desde la perspectiva de arriba hacia abajo, de manera similar a la serie Blizzard. Los mapas incluyen lugares conocidos de los juegos anteriores de Warhammer, como la Ciudad Maldita de Praag y la antigua capital imperial: Nuln.<\/span><\/p>\n<p><span style=\"vertical-align: inherit;\">La mec\u00e1nica de combate en Warhammer: Chaosbane depende de la clase de personaje que elija el jugador: Empire Soldier, Dwarf Slayer, High Elf Mage y Wood Elf Scout. El Soldado, Konrad Vollen, es un personaje cuerpo a cuerpo t\u00edpico, que se basa en ataques que causan mucho da\u00f1o a corta distancia y potencia a los aliados con su habilidad de estandarte. Elontir, el mago de los altos elfos, se especializa en hechizos de larga distancia y \u00e1rea amplia. Dwarf Slayer Bragi Axebiter act\u00faa como un personaje de tipo berserker, repartiendo fuertes ataques continuos. Las habilidades de Elessa the Wood Elf Scout le permiten pedir apoyo y los ataques b\u00e1sicos tienen la posibilidad de infligir da\u00f1o por veneno durante un per\u00edodo de tiempo.<\/span><\/p>\n<h3><span style=\"vertical-align: inherit;\">Historia y personajes<\/span><\/h3>\n<p><span style=\"vertical-align: inherit;\">A\u00f1os antes, la horda demon\u00edaca del Caos lleg\u00f3 desde el norte, amenazando con conquistar el Imperio del Hombre. Cuando toda esperanza de victoria parec\u00eda perdida y la ca\u00edda de la humanidad era casi segura, Magnus el Piadoso reuni\u00f3 a los hombres de Nuln contra el enemigo y derrot\u00f3 a Everchosen, el l\u00edder de la Horda del Caos, dispersando sus fuerzas. Ahora la amenaza del Caos vuelve a surgir, y cuatro valientes h\u00e9roes (Konrad Vollen, Bragi Axebiter, Elontir y Elessa) deben detenerla antes de que sea demasiado tarde &#8230;<\/span><\/p>\n<h3><span style=\"vertical-align: inherit;\">Recepci\u00f3n inicial<\/span><\/h3>\n<p><span style=\"vertical-align: inherit;\">Las primeras impresiones de\u00a0 <\/span><b><span style=\"vertical-align: inherit;\">Warhammer: Chaosbane<\/span><\/b><span style=\"vertical-align: inherit;\"> \u00a0fueron casi universalmente buenas. La versi\u00f3n beta lanzada en marzo de 2019 recibi\u00f3 comentarios positivos, y los cr\u00edticos elogiaron la mec\u00e1nica de juego intuitiva, lo que hizo que la versi\u00f3n beta fuera una experiencia muy divertida. Otra caracter\u00edstica muy elogiada por los comentaristas fue el sistema de bot\u00edn, que recompensa a cada h\u00e9roe con armaduras y armas espec\u00edficas. El sistema de desarrollo de habilidades, que obliga a los jugadores a administrar una cantidad limitada de puntos de equipamiento, tambi\u00e9n fue muy apreciado por los cr\u00edticos.\u00a0<\/span><\/p>\n<p><span style=\"vertical-align: inherit;\">Todo fan\u00e1tico de los buenos juegos de rol de acci\u00f3n deber\u00eda tener Chaosbane en su colecci\u00f3n. La raz\u00f3n de esto es obvia: es la combinaci\u00f3n perfecta del rico mundo de Warhammer Fantasy con una mec\u00e1nica de juego n\u00edtida popularizada por Diablo y otros juegos de rol de acci\u00f3n.\u00a0<\/span><span style=\"color: inherit;\"><span style=\"vertical-align: inherit;\">Al comprar la clave digital de WH Chaosbane para Steam, puede ingresar al mundo de la fantas\u00eda y la magia como nunca antes, y eliminar algunos monstruos mientras est\u00e1 all\u00ed.<\/span><\/span><\/p>","protected":false},"excerpt":{"rendered":"<p>Warhammer Chaosbane \u00a0es un juego de rol de acci\u00f3n para PC, desarrollado por Eko Software y publicado por Bigben Interactive. Es el \u00a0juego n\u00famero 27 ambientado en el mundo de Warhammer Fantasy, una serie iniciada en 1991 por HeroQuest. El juego presenta personajes y ubicaciones conocidas de juegos anteriores de Warhammer y los coloca en&#8230;<\/p>","protected":false},"featured_media":118676,"template":"","meta":{"_monsterinsights_skip_tracking":false,"_monsterinsights_sitenote_active":false,"_monsterinsights_sitenote_note":"","_monsterinsights_sitenote_category":0},"product_brand":[],"product_cat":[1501,2981,3596,1271,3164,1420,1283,1280,1273,1405,1428],"product_tag":[1526,1606,1605],"class_list":{"0":"post-113190","1":"product","2":"type-product","3":"status-publish","4":"has-post-thumbnail","6":"product_cat-tienda-de-videojuegos-ultimos-juegos-tijuana-mexico","7":"product_cat-destacados","8":"product_cat-tienda-de-videojuegos-steam-recomendados-en-tijuana-mexico","9":"product_cat-tienda-de-videojuegos-tijuana-mexico","10":"product_cat-tienda-de-videojuegos-baratos-economicos-tijuana-mexico","11":"product_cat-tienda-de-videojuegos-populares-tijuana-mexico","12":"product_cat-tienda-de-videojuegos-plataformas-tijuana-mexico","13":"product_cat-tienda-de-videojuegos-pc-tijuana-mexico","14":"product_cat-tienda-de-videojuegos-steam-key-tijuana-mexico","15":"product_cat-tienda-de-videojuegos-rpg-tijuana-mexico","16":"product_cat-tienda-de-videojuegos-cooperativos-tijuana-mexico","17":"product_tag-steam","18":"product_tag-warhammer","19":"product_tag-warhammer-chaosbane","21":"first","22":"instock","23":"shipping-taxable","24":"purchasable","25":"product-type-simple"},"yoast_head":"<!-- This site is optimized with the Yoast SEO plugin v27.0 - https:\/\/yoast.com\/product\/yoast-seo-wordpress\/ -->\n<title>Warhammer: Chaosbane Steam CD Key - MERCADOKEYS<\/title>\n<meta name=\"description\" content=\"Warhammer Chaosbane \u00a0es un juego de rol de acci\u00f3n para PC, desarrollado por Eko Software y publicado por Bigben Interactive\" \/>\n<meta name=\"robots\" content=\"index, follow, max-snippet:-1, max-image-preview:large, max-video-preview:-1\" \/>\n<link rel=\"canonical\" href=\"https:\/\/www.mercadokeys.com\/product\/warhammer-chaosbane-steam-cd-key\/\" \/>\n<meta property=\"og:locale\" content=\"en_GB\" \/>\n<meta property=\"og:type\" content=\"article\" \/>\n<meta property=\"og:title\" content=\"Warhammer: Chaosbane Steam CD Key - MERCADOKEYS\" \/>\n<meta property=\"og:description\" content=\"Warhammer Chaosbane \u00a0es un juego de rol de acci\u00f3n para PC, desarrollado por Eko Software y publicado por Bigben Interactive\" \/>\n<meta property=\"og:url\" content=\"https:\/\/www.mercadokeys.com\/product\/warhammer-chaosbane-steam-cd-key\/\" \/>\n<meta property=\"og:site_name\" content=\"MERCADOKEYS\" \/>\n<meta property=\"article:modified_time\" content=\"2022-06-28T13:13:25+00:00\" \/>\n<meta property=\"og:image\" content=\"https:\/\/www.mercadokeys.com\/wp-content\/uploads\/2021\/04\/juego-steam-warhammer-chaosbane-cover.jpg\" \/>\n\t<meta property=\"og:image:width\" content=\"230\" \/>\n\t<meta property=\"og:image:height\" content=\"336\" \/>\n\t<meta property=\"og:image:type\" content=\"image\/jpeg\" \/>\n<meta name=\"twitter:card\" content=\"summary_large_image\" \/>\n<meta name=\"twitter:label1\" content=\"Estimated reading time\" \/>\n\t<meta name=\"twitter:data1\" content=\"3 minutes\" \/>\n<script type=\"application\/ld+json\" class=\"yoast-schema-graph\">{\"@context\":\"https:\/\/schema.org\",\"@graph\":[{\"@type\":\"WebPage\",\"@id\":\"https:\/\/www.mercadokeys.com\/product\/warhammer-chaosbane-steam-cd-key\/\",\"url\":\"https:\/\/www.mercadokeys.com\/product\/warhammer-chaosbane-steam-cd-key\/\",\"name\":\"Warhammer: Chaosbane Steam CD Key - MERCADOKEYS\",\"isPartOf\":{\"@id\":\"https:\/\/www.mercadokeys.com\/eng\/#website\"},\"primaryImageOfPage\":{\"@id\":\"https:\/\/www.mercadokeys.com\/product\/warhammer-chaosbane-steam-cd-key\/#primaryimage\"},\"image\":{\"@id\":\"https:\/\/www.mercadokeys.com\/product\/warhammer-chaosbane-steam-cd-key\/#primaryimage\"},\"thumbnailUrl\":\"https:\/\/www.mercadokeys.com.mx\/wp-content\/uploads\/2021\/04\/juego-steam-warhammer-chaosbane-cover.jpg\",\"datePublished\":\"2021-04-28T17:40:47+00:00\",\"dateModified\":\"2022-06-28T13:13:25+00:00\",\"description\":\"Warhammer Chaosbane \u00a0es un juego de rol de acci\u00f3n para PC, desarrollado por Eko Software y publicado por Bigben Interactive\",\"breadcrumb\":{\"@id\":\"https:\/\/www.mercadokeys.com\/product\/warhammer-chaosbane-steam-cd-key\/#breadcrumb\"},\"inLanguage\":\"en-GB\",\"potentialAction\":[{\"@type\":\"ReadAction\",\"target\":[\"https:\/\/www.mercadokeys.com\/product\/warhammer-chaosbane-steam-cd-key\/\"]}]},{\"@type\":\"ImageObject\",\"inLanguage\":\"en-GB\",\"@id\":\"https:\/\/www.mercadokeys.com\/product\/warhammer-chaosbane-steam-cd-key\/#primaryimage\",\"url\":\"https:\/\/www.mercadokeys.com.mx\/wp-content\/uploads\/2021\/04\/juego-steam-warhammer-chaosbane-cover.jpg\",\"contentUrl\":\"https:\/\/www.mercadokeys.com.mx\/wp-content\/uploads\/2021\/04\/juego-steam-warhammer-chaosbane-cover.jpg\",\"width\":230,\"height\":336},{\"@type\":\"BreadcrumbList\",\"@id\":\"https:\/\/www.mercadokeys.com\/product\/warhammer-chaosbane-steam-cd-key\/#breadcrumb\",\"itemListElement\":[{\"@type\":\"ListItem\",\"position\":1,\"name\":\"Inicio\",\"item\":\"https:\/\/www.mercadokeys.com.mx\/\"},{\"@type\":\"ListItem\",\"position\":2,\"name\":\"Tienda\",\"item\":\"https:\/\/www.mercadokeys.com\/shop\/\"},{\"@type\":\"ListItem\",\"position\":3,\"name\":\"Warhammer: Chaosbane Steam CD Key\"}]},{\"@type\":\"WebSite\",\"@id\":\"https:\/\/www.mercadokeys.com\/eng\/#website\",\"url\":\"https:\/\/www.mercadokeys.com\/eng\/\",\"name\":\"MERCADOKEYS\",\"description\":\"Tu Tienda de videojuegos digitales en Mexico!\",\"potentialAction\":[{\"@type\":\"SearchAction\",\"target\":{\"@type\":\"EntryPoint\",\"urlTemplate\":\"https:\/\/www.mercadokeys.com\/eng\/?s={search_term_string}\"},\"query-input\":{\"@type\":\"PropertyValueSpecification\",\"valueRequired\":true,\"valueName\":\"search_term_string\"}}],\"inLanguage\":\"en-GB\"}]}<\/script>\n<!-- \/ Yoast SEO plugin. -->","yoast_head_json":{"title":"Warhammer: Chaosbane Steam CD Key - MERCADOKEYS","description":"Warhammer Chaosbane \u00a0es un juego de rol de acci\u00f3n para PC, desarrollado por Eko Software y publicado por Bigben Interactive","robots":{"index":"index","follow":"follow","max-snippet":"max-snippet:-1","max-image-preview":"max-image-preview:large","max-video-preview":"max-video-preview:-1"},"canonical":"https:\/\/www.mercadokeys.com\/product\/warhammer-chaosbane-steam-cd-key\/","og_locale":"en_GB","og_type":"article","og_title":"Warhammer: Chaosbane Steam CD Key - MERCADOKEYS","og_description":"Warhammer Chaosbane \u00a0es un juego de rol de acci\u00f3n para PC, desarrollado por Eko Software y publicado por Bigben Interactive","og_url":"https:\/\/www.mercadokeys.com\/product\/warhammer-chaosbane-steam-cd-key\/","og_site_name":"MERCADOKEYS","article_modified_time":"2022-06-28T13:13:25+00:00","og_image":[{"width":230,"height":336,"url":"https:\/\/www.mercadokeys.com\/wp-content\/uploads\/2021\/04\/juego-steam-warhammer-chaosbane-cover.jpg","type":"image\/jpeg"}],"twitter_card":"summary_large_image","twitter_misc":{"Estimated reading time":"3 minutes"},"schema":{"@context":"https:\/\/schema.org","@graph":[{"@type":"WebPage","@id":"https:\/\/www.mercadokeys.com\/product\/warhammer-chaosbane-steam-cd-key\/","url":"https:\/\/www.mercadokeys.com\/product\/warhammer-chaosbane-steam-cd-key\/","name":"Warhammer: Chaosbane Steam CD Key - MERCADOKEYS","isPartOf":{"@id":"https:\/\/www.mercadokeys.com\/eng\/#website"},"primaryImageOfPage":{"@id":"https:\/\/www.mercadokeys.com\/product\/warhammer-chaosbane-steam-cd-key\/#primaryimage"},"image":{"@id":"https:\/\/www.mercadokeys.com\/product\/warhammer-chaosbane-steam-cd-key\/#primaryimage"},"thumbnailUrl":"https:\/\/www.mercadokeys.com.mx\/wp-content\/uploads\/2021\/04\/juego-steam-warhammer-chaosbane-cover.jpg","datePublished":"2021-04-28T17:40:47+00:00","dateModified":"2022-06-28T13:13:25+00:00","description":"Warhammer Chaosbane \u00a0es un juego de rol de acci\u00f3n para PC, desarrollado por Eko Software y publicado por Bigben Interactive","breadcrumb":{"@id":"https:\/\/www.mercadokeys.com\/product\/warhammer-chaosbane-steam-cd-key\/#breadcrumb"},"inLanguage":"en-GB","potentialAction":[{"@type":"ReadAction","target":["https:\/\/www.mercadokeys.com\/product\/warhammer-chaosbane-steam-cd-key\/"]}]},{"@type":"ImageObject","inLanguage":"en-GB","@id":"https:\/\/www.mercadokeys.com\/product\/warhammer-chaosbane-steam-cd-key\/#primaryimage","url":"https:\/\/www.mercadokeys.com.mx\/wp-content\/uploads\/2021\/04\/juego-steam-warhammer-chaosbane-cover.jpg","contentUrl":"https:\/\/www.mercadokeys.com.mx\/wp-content\/uploads\/2021\/04\/juego-steam-warhammer-chaosbane-cover.jpg","width":230,"height":336},{"@type":"BreadcrumbList","@id":"https:\/\/www.mercadokeys.com\/product\/warhammer-chaosbane-steam-cd-key\/#breadcrumb","itemListElement":[{"@type":"ListItem","position":1,"name":"Inicio","item":"https:\/\/www.mercadokeys.com.mx\/"},{"@type":"ListItem","position":2,"name":"Tienda","item":"https:\/\/www.mercadokeys.com\/shop\/"},{"@type":"ListItem","position":3,"name":"Warhammer: Chaosbane Steam CD Key"}]},{"@type":"WebSite","@id":"https:\/\/www.mercadokeys.com\/eng\/#website","url":"https:\/\/www.mercadokeys.com\/eng\/","name":"MERCADOKEYS","description":"Tu Tienda de videojuegos digitales en Mexico!","potentialAction":[{"@type":"SearchAction","target":{"@type":"EntryPoint","urlTemplate":"https:\/\/www.mercadokeys.com\/eng\/?s={search_term_string}"},"query-input":{"@type":"PropertyValueSpecification","valueRequired":true,"valueName":"search_term_string"}}],"inLanguage":"en-GB"}]}},"df_price":61.715484,"df_sale_price":61.715484,"df_regular_price":61.715484,"df_image_link":"https:\/\/www.mercadokeys.com.mx\/wp-content\/uploads\/2021\/04\/juego-steam-warhammer-chaosbane-cover-205x300.jpg","_links":{"self":[{"href":"https:\/\/www.mercadokeys.com.mx\/eng\/wp-json\/wp\/v2\/product\/113190","targetHints":{"allow":["GET"]}}],"collection":[{"href":"https:\/\/www.mercadokeys.com.mx\/eng\/wp-json\/wp\/v2\/product"}],"about":[{"href":"https:\/\/www.mercadokeys.com.mx\/eng\/wp-json\/wp\/v2\/types\/product"}],"wp:featuredmedia":[{"embeddable":true,"href":"https:\/\/www.mercadokeys.com.mx\/eng\/wp-json\/wp\/v2\/media\/118676"}],"wp:attachment":[{"href":"https:\/\/www.mercadokeys.com.mx\/eng\/wp-json\/wp\/v2\/media?parent=113190"}],"wp:term":[{"taxonomy":"product_brand","embeddable":true,"href":"https:\/\/www.mercadokeys.com.mx\/eng\/wp-json\/wp\/v2\/product_brand?post=113190"},{"taxonomy":"product_cat","embeddable":true,"href":"https:\/\/www.mercadokeys.com.mx\/eng\/wp-json\/wp\/v2\/product_cat?post=113190"},{"taxonomy":"product_tag","embeddable":true,"href":"https:\/\/www.mercadokeys.com.mx\/eng\/wp-json\/wp\/v2\/product_tag?post=113190"}],"curies":[{"name":"wp","href":"https:\/\/api.w.org\/{rel}","templated":true}]}}