{"id":113187,"date":"2021-04-28T10:40:40","date_gmt":"2021-04-28T17:40:40","guid":{"rendered":"https:\/\/www.mercadokeys.com\/product\/sniper-elite-v2-remastered-steam-cd-key\/"},"modified":"2022-06-28T06:13:23","modified_gmt":"2022-06-28T13:13:23","slug":"sniper-elite-v2-remastered-steam-cd-key","status":"publish","type":"product","link":"https:\/\/www.mercadokeys.com.mx\/eng\/product\/sniper-elite-v2-remastered-steam-cd-key\/","title":{"rendered":"Sniper Elite V2 Remastered Steam CD Key"},"content":{"rendered":"<p>Dentro de Sniper Elite V2 Remastered eres Karl Fairburne, francotirador de \u00e9lite, quien cae en paraca\u00eddas en el centro de Berl\u00edn, en el \u00faltimo basti\u00f3n alem\u00e1n. Tu misi\u00f3n es evitar que la tecnolog\u00eda del cohete Nazi V2 caiga en las manos del Ej\u00e9rcito Rojo. Ayuda a los cient\u00edficos claves a desertar a los EE. UU., y elimina a aquellos que se interpongan en tu camino. El sigilo es clave, ya que est\u00e1s en medio de dos ej\u00e9rcitos en una carrera contra el tiempo.<\/p>\n<p>Domina armamento real, acecha a tu enemigo, fortifica tu posici\u00f3n, calcula tu disparo y usa tu habilidad, paciencia e inteligencia para lograr tu misi\u00f3n. La nueva tecnolog\u00eda de gr\u00e1ficos y renderizado te ofrecen detalles mejorados en la c\u00e1mara de asesinatos que te asombrar\u00e1n. S\u00e9 testigo del terrible poder de tu bala al penetrar en el cuerpo del enemigo.<\/p>\n<p>Sniper Elite V2 Remastered\u00a0 incluye nuevas misiones como contenido adicional, pon el destino de la guerra en tus manos y caza al F\u00fchrer t\u00fa mismo.<br \/>\nCaracter\u00edsticas nuevas de la remasterizaci\u00f3n\u2026<\/p>","protected":false},"excerpt":{"rendered":"<p>Dentro de Sniper Elite V2 Remastered eres Karl Fairburne, francotirador de \u00e9lite, quien cae en paraca\u00eddas en el centro de Berl\u00edn, en el \u00faltimo basti\u00f3n alem\u00e1n. Tu misi\u00f3n es evitar que la tecnolog\u00eda del cohete Nazi V2 caiga en las manos del Ej\u00e9rcito Rojo. Ayuda a los cient\u00edficos claves a desertar a los EE. UU.,&#8230;<\/p>","protected":false},"featured_media":113188,"template":"","meta":{"_monsterinsights_skip_tracking":false,"_monsterinsights_sitenote_active":false,"_monsterinsights_sitenote_note":"","_monsterinsights_sitenote_category":0},"product_brand":[],"product_cat":[1501,2981,1271,1420,1283,1280,1273,1392,1428],"product_tag":[1603,1602,1604,1526],"class_list":{"0":"post-113187","1":"product","2":"type-product","3":"status-publish","4":"has-post-thumbnail","6":"product_cat-tienda-de-videojuegos-ultimos-juegos-tijuana-mexico","7":"product_cat-destacados","8":"product_cat-tienda-de-videojuegos-tijuana-mexico","9":"product_cat-tienda-de-videojuegos-populares-tijuana-mexico","10":"product_cat-tienda-de-videojuegos-plataformas-tijuana-mexico","11":"product_cat-tienda-de-videojuegos-pc-tijuana-mexico","12":"product_cat-tienda-de-videojuegos-steam-key-tijuana-mexico","13":"product_cat-tienda-de-videojuegos-accion-tijuana-mexico","14":"product_cat-tienda-de-videojuegos-cooperativos-tijuana-mexico","15":"product_tag-sniper-elite","16":"product_tag-sniper-elite-v2-remastered","17":"product_tag-sniper-elite-v2-remastered-steam","18":"product_tag-steam","20":"first","21":"instock","22":"shipping-taxable","23":"purchasable","24":"product-type-simple"},"yoast_head":"<!-- This site is optimized with the Yoast SEO plugin v27.0 - https:\/\/yoast.com\/product\/yoast-seo-wordpress\/ -->\n<title>Sniper Elite V2 Remastered Steam CD Key - MERCADOKEYS<\/title>\n<meta name=\"description\" content=\"Dentro de Sniper Elite V2 Remastered eres Karl Fairburne, francotirador de \u00e9lite, quien cae en paraca\u00eddas en el centro de Berl\u00edn\" \/>\n<meta name=\"robots\" content=\"index, follow, max-snippet:-1, max-image-preview:large, max-video-preview:-1\" \/>\n<link rel=\"canonical\" href=\"https:\/\/www.mercadokeys.com\/product\/sniper-elite-v2-remastered-steam-cd-key\/\" \/>\n<meta property=\"og:locale\" content=\"en_GB\" \/>\n<meta property=\"og:type\" content=\"article\" \/>\n<meta property=\"og:title\" content=\"Sniper Elite V2 Remastered Steam CD Key - MERCADOKEYS\" \/>\n<meta property=\"og:description\" content=\"Dentro de Sniper Elite V2 Remastered eres Karl Fairburne, francotirador de \u00e9lite, quien cae en paraca\u00eddas en el centro de Berl\u00edn\" \/>\n<meta property=\"og:url\" content=\"https:\/\/www.mercadokeys.com\/product\/sniper-elite-v2-remastered-steam-cd-key\/\" \/>\n<meta property=\"og:site_name\" content=\"MERCADOKEYS\" \/>\n<meta property=\"article:modified_time\" content=\"2022-06-28T13:13:23+00:00\" \/>\n<meta property=\"og:image\" content=\"https:\/\/www.mercadokeys.com\/wp-content\/uploads\/2021\/04\/sniper-elite-v2-remastered_cover_original.jpg\" \/>\n\t<meta property=\"og:image:width\" content=\"360\" \/>\n\t<meta property=\"og:image:height\" content=\"490\" \/>\n\t<meta property=\"og:image:type\" content=\"image\/jpeg\" \/>\n<meta name=\"twitter:card\" content=\"summary_large_image\" \/>\n<meta name=\"twitter:label1\" content=\"Estimated reading time\" \/>\n\t<meta name=\"twitter:data1\" content=\"1 minute\" \/>\n<script type=\"application\/ld+json\" class=\"yoast-schema-graph\">{\"@context\":\"https:\/\/schema.org\",\"@graph\":[{\"@type\":\"WebPage\",\"@id\":\"https:\/\/www.mercadokeys.com\/product\/sniper-elite-v2-remastered-steam-cd-key\/\",\"url\":\"https:\/\/www.mercadokeys.com\/product\/sniper-elite-v2-remastered-steam-cd-key\/\",\"name\":\"Sniper Elite V2 Remastered Steam CD Key - MERCADOKEYS\",\"isPartOf\":{\"@id\":\"https:\/\/www.mercadokeys.com\/eng\/#website\"},\"primaryImageOfPage\":{\"@id\":\"https:\/\/www.mercadokeys.com\/product\/sniper-elite-v2-remastered-steam-cd-key\/#primaryimage\"},\"image\":{\"@id\":\"https:\/\/www.mercadokeys.com\/product\/sniper-elite-v2-remastered-steam-cd-key\/#primaryimage\"},\"thumbnailUrl\":\"https:\/\/www.mercadokeys.com.mx\/wp-content\/uploads\/2021\/04\/sniper-elite-v2-remastered_cover_original.jpg\",\"datePublished\":\"2021-04-28T17:40:40+00:00\",\"dateModified\":\"2022-06-28T13:13:23+00:00\",\"description\":\"Dentro de Sniper Elite V2 Remastered eres Karl Fairburne, francotirador de \u00e9lite, quien cae en paraca\u00eddas en el centro de Berl\u00edn\",\"breadcrumb\":{\"@id\":\"https:\/\/www.mercadokeys.com\/product\/sniper-elite-v2-remastered-steam-cd-key\/#breadcrumb\"},\"inLanguage\":\"en-GB\",\"potentialAction\":[{\"@type\":\"ReadAction\",\"target\":[\"https:\/\/www.mercadokeys.com\/product\/sniper-elite-v2-remastered-steam-cd-key\/\"]}]},{\"@type\":\"ImageObject\",\"inLanguage\":\"en-GB\",\"@id\":\"https:\/\/www.mercadokeys.com\/product\/sniper-elite-v2-remastered-steam-cd-key\/#primaryimage\",\"url\":\"https:\/\/www.mercadokeys.com.mx\/wp-content\/uploads\/2021\/04\/sniper-elite-v2-remastered_cover_original.jpg\",\"contentUrl\":\"https:\/\/www.mercadokeys.com.mx\/wp-content\/uploads\/2021\/04\/sniper-elite-v2-remastered_cover_original.jpg\",\"width\":360,\"height\":490},{\"@type\":\"BreadcrumbList\",\"@id\":\"https:\/\/www.mercadokeys.com\/product\/sniper-elite-v2-remastered-steam-cd-key\/#breadcrumb\",\"itemListElement\":[{\"@type\":\"ListItem\",\"position\":1,\"name\":\"Inicio\",\"item\":\"https:\/\/www.mercadokeys.com.mx\/\"},{\"@type\":\"ListItem\",\"position\":2,\"name\":\"Tienda\",\"item\":\"https:\/\/www.mercadokeys.com\/shop\/\"},{\"@type\":\"ListItem\",\"position\":3,\"name\":\"Sniper Elite V2 Remastered Steam CD Key\"}]},{\"@type\":\"WebSite\",\"@id\":\"https:\/\/www.mercadokeys.com\/eng\/#website\",\"url\":\"https:\/\/www.mercadokeys.com\/eng\/\",\"name\":\"MERCADOKEYS\",\"description\":\"Tu Tienda de videojuegos digitales en Mexico!\",\"potentialAction\":[{\"@type\":\"SearchAction\",\"target\":{\"@type\":\"EntryPoint\",\"urlTemplate\":\"https:\/\/www.mercadokeys.com\/eng\/?s={search_term_string}\"},\"query-input\":{\"@type\":\"PropertyValueSpecification\",\"valueRequired\":true,\"valueName\":\"search_term_string\"}}],\"inLanguage\":\"en-GB\"}]}<\/script>\n<!-- \/ Yoast SEO plugin. -->","yoast_head_json":{"title":"Sniper Elite V2 Remastered Steam CD Key - MERCADOKEYS","description":"Dentro de Sniper Elite V2 Remastered eres Karl Fairburne, francotirador de \u00e9lite, quien cae en paraca\u00eddas en el centro de Berl\u00edn","robots":{"index":"index","follow":"follow","max-snippet":"max-snippet:-1","max-image-preview":"max-image-preview:large","max-video-preview":"max-video-preview:-1"},"canonical":"https:\/\/www.mercadokeys.com\/product\/sniper-elite-v2-remastered-steam-cd-key\/","og_locale":"en_GB","og_type":"article","og_title":"Sniper Elite V2 Remastered Steam CD Key - MERCADOKEYS","og_description":"Dentro de Sniper Elite V2 Remastered eres Karl Fairburne, francotirador de \u00e9lite, quien cae en paraca\u00eddas en el centro de Berl\u00edn","og_url":"https:\/\/www.mercadokeys.com\/product\/sniper-elite-v2-remastered-steam-cd-key\/","og_site_name":"MERCADOKEYS","article_modified_time":"2022-06-28T13:13:23+00:00","og_image":[{"width":360,"height":490,"url":"https:\/\/www.mercadokeys.com\/wp-content\/uploads\/2021\/04\/sniper-elite-v2-remastered_cover_original.jpg","type":"image\/jpeg"}],"twitter_card":"summary_large_image","twitter_misc":{"Estimated reading time":"1 minute"},"schema":{"@context":"https:\/\/schema.org","@graph":[{"@type":"WebPage","@id":"https:\/\/www.mercadokeys.com\/product\/sniper-elite-v2-remastered-steam-cd-key\/","url":"https:\/\/www.mercadokeys.com\/product\/sniper-elite-v2-remastered-steam-cd-key\/","name":"Sniper Elite V2 Remastered Steam CD Key - MERCADOKEYS","isPartOf":{"@id":"https:\/\/www.mercadokeys.com\/eng\/#website"},"primaryImageOfPage":{"@id":"https:\/\/www.mercadokeys.com\/product\/sniper-elite-v2-remastered-steam-cd-key\/#primaryimage"},"image":{"@id":"https:\/\/www.mercadokeys.com\/product\/sniper-elite-v2-remastered-steam-cd-key\/#primaryimage"},"thumbnailUrl":"https:\/\/www.mercadokeys.com.mx\/wp-content\/uploads\/2021\/04\/sniper-elite-v2-remastered_cover_original.jpg","datePublished":"2021-04-28T17:40:40+00:00","dateModified":"2022-06-28T13:13:23+00:00","description":"Dentro de Sniper Elite V2 Remastered eres Karl Fairburne, francotirador de \u00e9lite, quien cae en paraca\u00eddas en el centro de Berl\u00edn","breadcrumb":{"@id":"https:\/\/www.mercadokeys.com\/product\/sniper-elite-v2-remastered-steam-cd-key\/#breadcrumb"},"inLanguage":"en-GB","potentialAction":[{"@type":"ReadAction","target":["https:\/\/www.mercadokeys.com\/product\/sniper-elite-v2-remastered-steam-cd-key\/"]}]},{"@type":"ImageObject","inLanguage":"en-GB","@id":"https:\/\/www.mercadokeys.com\/product\/sniper-elite-v2-remastered-steam-cd-key\/#primaryimage","url":"https:\/\/www.mercadokeys.com.mx\/wp-content\/uploads\/2021\/04\/sniper-elite-v2-remastered_cover_original.jpg","contentUrl":"https:\/\/www.mercadokeys.com.mx\/wp-content\/uploads\/2021\/04\/sniper-elite-v2-remastered_cover_original.jpg","width":360,"height":490},{"@type":"BreadcrumbList","@id":"https:\/\/www.mercadokeys.com\/product\/sniper-elite-v2-remastered-steam-cd-key\/#breadcrumb","itemListElement":[{"@type":"ListItem","position":1,"name":"Inicio","item":"https:\/\/www.mercadokeys.com.mx\/"},{"@type":"ListItem","position":2,"name":"Tienda","item":"https:\/\/www.mercadokeys.com\/shop\/"},{"@type":"ListItem","position":3,"name":"Sniper Elite V2 Remastered Steam CD Key"}]},{"@type":"WebSite","@id":"https:\/\/www.mercadokeys.com\/eng\/#website","url":"https:\/\/www.mercadokeys.com\/eng\/","name":"MERCADOKEYS","description":"Tu Tienda de videojuegos digitales en Mexico!","potentialAction":[{"@type":"SearchAction","target":{"@type":"EntryPoint","urlTemplate":"https:\/\/www.mercadokeys.com\/eng\/?s={search_term_string}"},"query-input":{"@type":"PropertyValueSpecification","valueRequired":true,"valueName":"search_term_string"}}],"inLanguage":"en-GB"}]}},"df_price":268.476574,"df_sale_price":268.476574,"df_regular_price":268.476574,"df_image_link":"https:\/\/www.mercadokeys.com.mx\/wp-content\/uploads\/2021\/04\/sniper-elite-v2-remastered_cover_original-220x300.jpg","_links":{"self":[{"href":"https:\/\/www.mercadokeys.com.mx\/eng\/wp-json\/wp\/v2\/product\/113187","targetHints":{"allow":["GET"]}}],"collection":[{"href":"https:\/\/www.mercadokeys.com.mx\/eng\/wp-json\/wp\/v2\/product"}],"about":[{"href":"https:\/\/www.mercadokeys.com.mx\/eng\/wp-json\/wp\/v2\/types\/product"}],"wp:featuredmedia":[{"embeddable":true,"href":"https:\/\/www.mercadokeys.com.mx\/eng\/wp-json\/wp\/v2\/media\/113188"}],"wp:attachment":[{"href":"https:\/\/www.mercadokeys.com.mx\/eng\/wp-json\/wp\/v2\/media?parent=113187"}],"wp:term":[{"taxonomy":"product_brand","embeddable":true,"href":"https:\/\/www.mercadokeys.com.mx\/eng\/wp-json\/wp\/v2\/product_brand?post=113187"},{"taxonomy":"product_cat","embeddable":true,"href":"https:\/\/www.mercadokeys.com.mx\/eng\/wp-json\/wp\/v2\/product_cat?post=113187"},{"taxonomy":"product_tag","embeddable":true,"href":"https:\/\/www.mercadokeys.com.mx\/eng\/wp-json\/wp\/v2\/product_tag?post=113187"}],"curies":[{"name":"wp","href":"https:\/\/api.w.org\/{rel}","templated":true}]}}