{"id":113175,"date":"2021-04-28T10:39:57","date_gmt":"2021-04-28T17:39:57","guid":{"rendered":"https:\/\/www.mercadokeys.com\/product\/toejam-earl-back-in-the-groove-steam-cd-key\/"},"modified":"2022-06-28T06:13:15","modified_gmt":"2022-06-28T13:13:15","slug":"toejam-earl-back-in-the-groove-steam-cd-key","status":"publish","type":"product","link":"https:\/\/www.mercadokeys.com.mx\/eng\/product\/toejam-earl-back-in-the-groove-steam-cd-key\/","title":{"rendered":"ToeJam &amp; Earl: Back in the Groove! Steam CD Key"},"content":{"rendered":"<p><span style=\"vertical-align: inherit;\">ToeJam y Earl aterrizaron de nuevo en la Tierra en ToeJam &amp; Earl: Back in the Groove !, una aventura fresca y funky parecida a un p\u00edcaro infundida con hip-hop de la vieja escuela y repleta de incre\u00edbles retrocesos al cl\u00e1sico de 1991. Original Funk Lord (y co-creador) Greg Johnson est\u00e1 de vuelta al tim\u00f3n con la secuela que los fan\u00e1ticos de ToeJam y Earl estaban esperando. <\/span><\/p>\n<p><span style=\"vertical-align: inherit;\">El d\u00fao ic\u00f3nico de los 90 est\u00e1 de vuelta en el ritmo con regalos completamente nuevos para ayudarlos a navegar por este loco planeta &#8220;Tierra&#8221; y recuperar todas las piezas perdidas en el Rapmaster Rocket. \u00a1\u00danete a un juego cooperativo para descubrir ubicaciones secretas, regalos ocultos y nuevos amigos mientras te abres camino a trav\u00e9s de un mundo impredecible y en constante cambio! Tal vez ToeJam y Earl no deber\u00edan haber vuelto a llevar el Rapmaster Rocket a un paseo intergal\u00e1ctico, pero probablemente tengan una buena raz\u00f3n &#8230; \u00bfderecho? Derecha.<\/span><\/p>\n<p><span style=\"vertical-align: inherit;\">El juego es una combinaci\u00f3n de las mejores caracter\u00edsticas de los juegos de consola cl\u00e1sicos con un mont\u00f3n de nuevas mejoras. Coge algunos amigos y prep\u00e1rate para una explosi\u00f3n de nostalgia funky mientras ayudas a ToeJam y Earl a regresar una vez m\u00e1s a Funkotron.<\/span><\/p>\n<h3><span style=\"vertical-align: inherit;\">CARACTER\u00cdSTICAS:\u00a0<\/span><\/h3>\n<p><span style=\"vertical-align: inherit;\">ToeJam and Earl es el juego multijugador DEFINITIVO! Un mont\u00f3n de nuevas caracter\u00edsticas y regalos para ayudar a tu amigo &#8230; o um &#8230; jugar con ellos por completo, si eso es lo tuyo. <\/span><br \/>\n<span style=\"vertical-align: inherit;\">\u00a19 personajes jugables cada uno con estilos de juego \u00fanicos que incluyen caras conocidas como ToeJam y Earl, as\u00ed como algunos viejos y nuevos amigos! <\/span><br \/>\n<span style=\"vertical-align: inherit;\">Explora m\u00e1s de 30 melod\u00edas maravillosas que incluyen remezclas inolvidables y nuevas l\u00edneas de bajo frescas y funky interpretadas por el m\u00fasico funkmeister Cody Wright.<\/span><\/p>\n<p><span style=\"vertical-align: inherit;\">Usa todo lo que tengas a tu disposici\u00f3n para desbloquear todas las golosinas secretas: nuevos regalos, sombreros de poder, personajes, niveles y m\u00e1s. Recuerde, algunas cosas pueden ser un poco &#8230; impredecibles. \u00a1No digas que no te lo advertimos!<\/span><\/p>\n<p><span style=\"vertical-align: inherit;\">Regresa a la Zona HyperFunk para potenciar a tu personaje o estilo libre con incre\u00edbles ritmos en el cl\u00e1sico minijuego de combinaci\u00f3n de ritmos. <\/span><br \/>\n<span style=\"vertical-align: inherit;\">\u00a1M\u00e1s de 50 terr\u00edcolas y m\u00e1s de 60 regalos poderosos, todos empaquetados en una Tierra loca en constante cambio, hacen de esta la experiencia ToeJam &amp; Earl m\u00e1s completa hasta la fecha!<\/span><\/p>","protected":false},"excerpt":{"rendered":"<p>ToeJam y Earl aterrizaron de nuevo en la Tierra en ToeJam &amp; Earl: Back in the Groove !, una aventura fresca y funky parecida a un p\u00edcaro infundida con hip-hop de la vieja escuela y repleta de incre\u00edbles retrocesos al cl\u00e1sico de 1991. Original Funk Lord (y co-creador) Greg Johnson est\u00e1 de vuelta al tim\u00f3n&#8230;<\/p>","protected":false},"featured_media":118679,"template":"","meta":{"_monsterinsights_skip_tracking":false,"_monsterinsights_sitenote_active":false,"_monsterinsights_sitenote_note":"","_monsterinsights_sitenote_category":0},"product_brand":[],"product_cat":[1501,2981,3596,1271,3164,1420,1283,1280,1273,1395,1428],"product_tag":[1526,1595,1596],"class_list":{"0":"post-113175","1":"product","2":"type-product","3":"status-publish","4":"has-post-thumbnail","6":"product_cat-tienda-de-videojuegos-ultimos-juegos-tijuana-mexico","7":"product_cat-destacados","8":"product_cat-tienda-de-videojuegos-steam-recomendados-en-tijuana-mexico","9":"product_cat-tienda-de-videojuegos-tijuana-mexico","10":"product_cat-tienda-de-videojuegos-baratos-economicos-tijuana-mexico","11":"product_cat-tienda-de-videojuegos-populares-tijuana-mexico","12":"product_cat-tienda-de-videojuegos-plataformas-tijuana-mexico","13":"product_cat-tienda-de-videojuegos-pc-tijuana-mexico","14":"product_cat-tienda-de-videojuegos-steam-key-tijuana-mexico","15":"product_cat-tienda-de-videojuegos-casual-tijuana-mexico","16":"product_cat-tienda-de-videojuegos-cooperativos-tijuana-mexico","17":"product_tag-steam","18":"product_tag-toejam-earl","19":"product_tag-toejam-earl-back-in-the-groove","21":"first","22":"instock","23":"shipping-taxable","24":"purchasable","25":"product-type-simple"},"yoast_head":"<!-- This site is optimized with the Yoast SEO plugin v27.0 - https:\/\/yoast.com\/product\/yoast-seo-wordpress\/ -->\n<title>ToeJam &amp; Earl: Back in the Groove! Steam CD Key - MERCADOKEYS<\/title>\n<meta name=\"description\" content=\"ToeJam y Earl aterrizaron de nuevo en la Tierra en ToeJam &amp; Earl: Back in the Groove, una aventura fresca y funky parecida a un p\u00edcaro infundida con hip-hop\" \/>\n<meta name=\"robots\" content=\"index, follow, max-snippet:-1, max-image-preview:large, max-video-preview:-1\" \/>\n<link rel=\"canonical\" href=\"https:\/\/www.mercadokeys.com\/product\/toejam-earl-back-in-the-groove-steam-cd-key\/\" \/>\n<meta property=\"og:locale\" content=\"en_GB\" \/>\n<meta property=\"og:type\" content=\"article\" \/>\n<meta property=\"og:title\" content=\"ToeJam &amp; Earl: Back in the Groove! Steam CD Key - MERCADOKEYS\" \/>\n<meta property=\"og:description\" content=\"ToeJam y Earl aterrizaron de nuevo en la Tierra en ToeJam &amp; Earl: Back in the Groove, una aventura fresca y funky parecida a un p\u00edcaro infundida con hip-hop\" \/>\n<meta property=\"og:url\" content=\"https:\/\/www.mercadokeys.com\/product\/toejam-earl-back-in-the-groove-steam-cd-key\/\" \/>\n<meta property=\"og:site_name\" content=\"MERCADOKEYS\" \/>\n<meta property=\"article:modified_time\" content=\"2022-06-28T13:13:15+00:00\" \/>\n<meta property=\"og:image\" content=\"https:\/\/www.mercadokeys.com\/wp-content\/uploads\/2021\/04\/TOEJAM-EARL-BACK-IN-THE-GROOVE.jpg\" \/>\n\t<meta property=\"og:image:width\" content=\"230\" \/>\n\t<meta property=\"og:image:height\" content=\"336\" \/>\n\t<meta property=\"og:image:type\" content=\"image\/jpeg\" \/>\n<meta name=\"twitter:card\" content=\"summary_large_image\" \/>\n<meta name=\"twitter:label1\" content=\"Estimated reading time\" \/>\n\t<meta name=\"twitter:data1\" content=\"2 minutes\" \/>\n<script type=\"application\/ld+json\" class=\"yoast-schema-graph\">{\"@context\":\"https:\/\/schema.org\",\"@graph\":[{\"@type\":\"WebPage\",\"@id\":\"https:\/\/www.mercadokeys.com\/product\/toejam-earl-back-in-the-groove-steam-cd-key\/\",\"url\":\"https:\/\/www.mercadokeys.com\/product\/toejam-earl-back-in-the-groove-steam-cd-key\/\",\"name\":\"ToeJam &amp; Earl: Back in the Groove! Steam CD Key - MERCADOKEYS\",\"isPartOf\":{\"@id\":\"https:\/\/www.mercadokeys.com\/eng\/#website\"},\"primaryImageOfPage\":{\"@id\":\"https:\/\/www.mercadokeys.com\/product\/toejam-earl-back-in-the-groove-steam-cd-key\/#primaryimage\"},\"image\":{\"@id\":\"https:\/\/www.mercadokeys.com\/product\/toejam-earl-back-in-the-groove-steam-cd-key\/#primaryimage\"},\"thumbnailUrl\":\"https:\/\/www.mercadokeys.com.mx\/wp-content\/uploads\/2021\/04\/TOEJAM-EARL-BACK-IN-THE-GROOVE.jpg\",\"datePublished\":\"2021-04-28T17:39:57+00:00\",\"dateModified\":\"2022-06-28T13:13:15+00:00\",\"description\":\"ToeJam y Earl aterrizaron de nuevo en la Tierra en ToeJam & Earl: Back in the Groove, una aventura fresca y funky parecida a un p\u00edcaro infundida con hip-hop\",\"breadcrumb\":{\"@id\":\"https:\/\/www.mercadokeys.com\/product\/toejam-earl-back-in-the-groove-steam-cd-key\/#breadcrumb\"},\"inLanguage\":\"en-GB\",\"potentialAction\":[{\"@type\":\"ReadAction\",\"target\":[\"https:\/\/www.mercadokeys.com\/product\/toejam-earl-back-in-the-groove-steam-cd-key\/\"]}]},{\"@type\":\"ImageObject\",\"inLanguage\":\"en-GB\",\"@id\":\"https:\/\/www.mercadokeys.com\/product\/toejam-earl-back-in-the-groove-steam-cd-key\/#primaryimage\",\"url\":\"https:\/\/www.mercadokeys.com.mx\/wp-content\/uploads\/2021\/04\/TOEJAM-EARL-BACK-IN-THE-GROOVE.jpg\",\"contentUrl\":\"https:\/\/www.mercadokeys.com.mx\/wp-content\/uploads\/2021\/04\/TOEJAM-EARL-BACK-IN-THE-GROOVE.jpg\",\"width\":230,\"height\":336},{\"@type\":\"BreadcrumbList\",\"@id\":\"https:\/\/www.mercadokeys.com\/product\/toejam-earl-back-in-the-groove-steam-cd-key\/#breadcrumb\",\"itemListElement\":[{\"@type\":\"ListItem\",\"position\":1,\"name\":\"Inicio\",\"item\":\"https:\/\/www.mercadokeys.com.mx\/\"},{\"@type\":\"ListItem\",\"position\":2,\"name\":\"Tienda\",\"item\":\"https:\/\/www.mercadokeys.com\/shop\/\"},{\"@type\":\"ListItem\",\"position\":3,\"name\":\"ToeJam &amp; Earl: Back in the Groove! Steam CD Key\"}]},{\"@type\":\"WebSite\",\"@id\":\"https:\/\/www.mercadokeys.com\/eng\/#website\",\"url\":\"https:\/\/www.mercadokeys.com\/eng\/\",\"name\":\"MERCADOKEYS\",\"description\":\"Tu Tienda de videojuegos digitales en Mexico!\",\"potentialAction\":[{\"@type\":\"SearchAction\",\"target\":{\"@type\":\"EntryPoint\",\"urlTemplate\":\"https:\/\/www.mercadokeys.com\/eng\/?s={search_term_string}\"},\"query-input\":{\"@type\":\"PropertyValueSpecification\",\"valueRequired\":true,\"valueName\":\"search_term_string\"}}],\"inLanguage\":\"en-GB\"}]}<\/script>\n<!-- \/ Yoast SEO plugin. -->","yoast_head_json":{"title":"ToeJam &amp; Earl: Back in the Groove! Steam CD Key - MERCADOKEYS","description":"ToeJam y Earl aterrizaron de nuevo en la Tierra en ToeJam & Earl: Back in the Groove, una aventura fresca y funky parecida a un p\u00edcaro infundida con hip-hop","robots":{"index":"index","follow":"follow","max-snippet":"max-snippet:-1","max-image-preview":"max-image-preview:large","max-video-preview":"max-video-preview:-1"},"canonical":"https:\/\/www.mercadokeys.com\/product\/toejam-earl-back-in-the-groove-steam-cd-key\/","og_locale":"en_GB","og_type":"article","og_title":"ToeJam &amp; Earl: Back in the Groove! Steam CD Key - MERCADOKEYS","og_description":"ToeJam y Earl aterrizaron de nuevo en la Tierra en ToeJam & Earl: Back in the Groove, una aventura fresca y funky parecida a un p\u00edcaro infundida con hip-hop","og_url":"https:\/\/www.mercadokeys.com\/product\/toejam-earl-back-in-the-groove-steam-cd-key\/","og_site_name":"MERCADOKEYS","article_modified_time":"2022-06-28T13:13:15+00:00","og_image":[{"width":230,"height":336,"url":"https:\/\/www.mercadokeys.com\/wp-content\/uploads\/2021\/04\/TOEJAM-EARL-BACK-IN-THE-GROOVE.jpg","type":"image\/jpeg"}],"twitter_card":"summary_large_image","twitter_misc":{"Estimated reading time":"2 minutes"},"schema":{"@context":"https:\/\/schema.org","@graph":[{"@type":"WebPage","@id":"https:\/\/www.mercadokeys.com\/product\/toejam-earl-back-in-the-groove-steam-cd-key\/","url":"https:\/\/www.mercadokeys.com\/product\/toejam-earl-back-in-the-groove-steam-cd-key\/","name":"ToeJam &amp; Earl: Back in the Groove! Steam CD Key - MERCADOKEYS","isPartOf":{"@id":"https:\/\/www.mercadokeys.com\/eng\/#website"},"primaryImageOfPage":{"@id":"https:\/\/www.mercadokeys.com\/product\/toejam-earl-back-in-the-groove-steam-cd-key\/#primaryimage"},"image":{"@id":"https:\/\/www.mercadokeys.com\/product\/toejam-earl-back-in-the-groove-steam-cd-key\/#primaryimage"},"thumbnailUrl":"https:\/\/www.mercadokeys.com.mx\/wp-content\/uploads\/2021\/04\/TOEJAM-EARL-BACK-IN-THE-GROOVE.jpg","datePublished":"2021-04-28T17:39:57+00:00","dateModified":"2022-06-28T13:13:15+00:00","description":"ToeJam y Earl aterrizaron de nuevo en la Tierra en ToeJam & Earl: Back in the Groove, una aventura fresca y funky parecida a un p\u00edcaro infundida con hip-hop","breadcrumb":{"@id":"https:\/\/www.mercadokeys.com\/product\/toejam-earl-back-in-the-groove-steam-cd-key\/#breadcrumb"},"inLanguage":"en-GB","potentialAction":[{"@type":"ReadAction","target":["https:\/\/www.mercadokeys.com\/product\/toejam-earl-back-in-the-groove-steam-cd-key\/"]}]},{"@type":"ImageObject","inLanguage":"en-GB","@id":"https:\/\/www.mercadokeys.com\/product\/toejam-earl-back-in-the-groove-steam-cd-key\/#primaryimage","url":"https:\/\/www.mercadokeys.com.mx\/wp-content\/uploads\/2021\/04\/TOEJAM-EARL-BACK-IN-THE-GROOVE.jpg","contentUrl":"https:\/\/www.mercadokeys.com.mx\/wp-content\/uploads\/2021\/04\/TOEJAM-EARL-BACK-IN-THE-GROOVE.jpg","width":230,"height":336},{"@type":"BreadcrumbList","@id":"https:\/\/www.mercadokeys.com\/product\/toejam-earl-back-in-the-groove-steam-cd-key\/#breadcrumb","itemListElement":[{"@type":"ListItem","position":1,"name":"Inicio","item":"https:\/\/www.mercadokeys.com.mx\/"},{"@type":"ListItem","position":2,"name":"Tienda","item":"https:\/\/www.mercadokeys.com\/shop\/"},{"@type":"ListItem","position":3,"name":"ToeJam &amp; Earl: Back in the Groove! Steam CD Key"}]},{"@type":"WebSite","@id":"https:\/\/www.mercadokeys.com\/eng\/#website","url":"https:\/\/www.mercadokeys.com\/eng\/","name":"MERCADOKEYS","description":"Tu Tienda de videojuegos digitales en Mexico!","potentialAction":[{"@type":"SearchAction","target":{"@type":"EntryPoint","urlTemplate":"https:\/\/www.mercadokeys.com\/eng\/?s={search_term_string}"},"query-input":{"@type":"PropertyValueSpecification","valueRequired":true,"valueName":"search_term_string"}}],"inLanguage":"en-GB"}]}},"df_price":21.846375,"df_sale_price":21.846375,"df_regular_price":21.846375,"df_image_link":"https:\/\/www.mercadokeys.com.mx\/wp-content\/uploads\/2021\/04\/TOEJAM-EARL-BACK-IN-THE-GROOVE-205x300.jpg","_links":{"self":[{"href":"https:\/\/www.mercadokeys.com.mx\/eng\/wp-json\/wp\/v2\/product\/113175","targetHints":{"allow":["GET"]}}],"collection":[{"href":"https:\/\/www.mercadokeys.com.mx\/eng\/wp-json\/wp\/v2\/product"}],"about":[{"href":"https:\/\/www.mercadokeys.com.mx\/eng\/wp-json\/wp\/v2\/types\/product"}],"wp:featuredmedia":[{"embeddable":true,"href":"https:\/\/www.mercadokeys.com.mx\/eng\/wp-json\/wp\/v2\/media\/118679"}],"wp:attachment":[{"href":"https:\/\/www.mercadokeys.com.mx\/eng\/wp-json\/wp\/v2\/media?parent=113175"}],"wp:term":[{"taxonomy":"product_brand","embeddable":true,"href":"https:\/\/www.mercadokeys.com.mx\/eng\/wp-json\/wp\/v2\/product_brand?post=113175"},{"taxonomy":"product_cat","embeddable":true,"href":"https:\/\/www.mercadokeys.com.mx\/eng\/wp-json\/wp\/v2\/product_cat?post=113175"},{"taxonomy":"product_tag","embeddable":true,"href":"https:\/\/www.mercadokeys.com.mx\/eng\/wp-json\/wp\/v2\/product_tag?post=113175"}],"curies":[{"name":"wp","href":"https:\/\/api.w.org\/{rel}","templated":true}]}}