{"id":113172,"date":"2021-04-28T10:39:48","date_gmt":"2021-04-28T17:39:48","guid":{"rendered":"https:\/\/www.mercadokeys.com\/product\/dungeon-siege-ii-steam-cd-key\/"},"modified":"2022-06-28T06:13:13","modified_gmt":"2022-06-28T13:13:13","slug":"dungeon-siege-ii-steam-cd-key","status":"publish","type":"product","link":"https:\/\/www.mercadokeys.com.mx\/eng\/product\/dungeon-siege-ii-steam-cd-key\/","title":{"rendered":"Dungeon Siege II Steam CD Key"},"content":{"rendered":"<p><span style=\"vertical-align: inherit\">Ha pasado una generaci\u00f3n desde que venciste el mal que asolaba la Tierra de Ehb, y ahora &#8230; una nueva amenaza ha despertado. En <\/span><strong><span style=\"vertical-align: inherit\">Dungeon Siege<\/span><\/strong><span style=\"vertical-align: inherit\"> II, la secuela del RPG m\u00e1s vendido de Gas Powered Games, se te pedir\u00e1 que vuelvas a empu\u00f1ar la espada y el hechizo para salvar al mundo de una abominaci\u00f3n cada vez mayor que lleva muchos a\u00f1os en proceso. <\/span><\/p>\n<p><span style=\"vertical-align: inherit\">Hace mil a\u00f1os, los cruzados de Azunai cruzaron espadas con las legiones de Zaramoth en la batalla final de una rebeli\u00f3n de un siglo. Cuando el dios tir\u00e1nico Zaramoth asest\u00f3 el golpe final a trav\u00e9s del tembloroso escudo de Azunai, la tierra tembl\u00f3. En ese momento, las fuerzas de la magia se desencadenaron y ambos ej\u00e9rcitos fueron consumidos en un cataclismo brillante que se extendi\u00f3 por leguas a trav\u00e9s de la Llanura de las L\u00e1grimas. Solo un p\u00e1ramo lleno de cicatrices qued\u00f3 como testimonio final de la Primera Edad del Hombre.<\/span><\/p>\n<p><span style=\"vertical-align: inherit\">Y durante un milenio, la magia ha continuado extendi\u00e9ndose a los rincones m\u00e1s lejanos del mundo, fluyendo libremente hacia cualquiera que la domine. Pero la marea de la magia ha comenzado a disminuir, atendiendo en cambio a la llamada de un antiguo legado. Desde la Llanura de las L\u00e1grimas llega un nuevo heredero, y cada d\u00eda su fuerza crece. Consumiendo a los que se someten, erradicando a los que resisten. Sin nadie que se oponga a su ascenso, el c\u00edrculo se completar\u00e1 y una edad antigua comenzar\u00e1 de nuevo. \u00bfQu\u00e9 destino le acontecer\u00e1 a la Segunda Edad del Hombre? Se acerca el momento del juicio.\u00a0<\/span><\/p>","protected":false},"excerpt":{"rendered":"<p>Ha pasado una generaci\u00f3n desde que venciste el mal que asolaba la Tierra de Ehb, y ahora &#8230; una nueva amenaza ha despertado. En Dungeon Siege II, la secuela del RPG m\u00e1s vendido de Gas Powered Games, se te pedir\u00e1 que vuelvas a empu\u00f1ar la espada y el hechizo para salvar al mundo de una&#8230;<\/p>","protected":false},"featured_media":113173,"template":"","meta":{"_monsterinsights_skip_tracking":false,"_monsterinsights_sitenote_active":false,"_monsterinsights_sitenote_note":"","_monsterinsights_sitenote_category":0},"product_brand":[],"product_cat":[1501,2981,3596,1271,3164,1420,1283,1273,1405,1428],"product_tag":[1597,1526],"class_list":{"0":"post-113172","1":"product","2":"type-product","3":"status-publish","4":"has-post-thumbnail","6":"product_cat-tienda-de-videojuegos-ultimos-juegos-tijuana-mexico","7":"product_cat-destacados","8":"product_cat-tienda-de-videojuegos-steam-recomendados-en-tijuana-mexico","9":"product_cat-tienda-de-videojuegos-tijuana-mexico","10":"product_cat-tienda-de-videojuegos-baratos-economicos-tijuana-mexico","11":"product_cat-tienda-de-videojuegos-populares-tijuana-mexico","12":"product_cat-tienda-de-videojuegos-plataformas-tijuana-mexico","13":"product_cat-tienda-de-videojuegos-steam-key-tijuana-mexico","14":"product_cat-tienda-de-videojuegos-rpg-tijuana-mexico","15":"product_cat-tienda-de-videojuegos-cooperativos-tijuana-mexico","16":"product_tag-dungeon-siege-ii","17":"product_tag-steam","19":"first","20":"instock","21":"shipping-taxable","22":"purchasable","23":"product-type-simple"},"yoast_head":"<!-- This site is optimized with the Yoast SEO plugin v27.0 - https:\/\/yoast.com\/product\/yoast-seo-wordpress\/ -->\n<title>Dungeon Siege II Steam CD Key - MERCADOKEYS<\/title>\n<meta name=\"description\" content=\"En Dungeon Siege II, la secuela del RPG m\u00e1s vendido de Gas Powered Games, se te pedir\u00e1 que vuelvas a empu\u00f1ar la espada y el hechizo\" \/>\n<meta name=\"robots\" content=\"index, follow, max-snippet:-1, max-image-preview:large, max-video-preview:-1\" \/>\n<link rel=\"canonical\" href=\"https:\/\/www.mercadokeys.com\/product\/dungeon-siege-ii-steam-cd-key\/\" \/>\n<meta property=\"og:locale\" content=\"en_GB\" \/>\n<meta property=\"og:type\" content=\"article\" \/>\n<meta property=\"og:title\" content=\"Dungeon Siege II Steam CD Key - MERCADOKEYS\" \/>\n<meta property=\"og:description\" content=\"En Dungeon Siege II, la secuela del RPG m\u00e1s vendido de Gas Powered Games, se te pedir\u00e1 que vuelvas a empu\u00f1ar la espada y el hechizo\" \/>\n<meta property=\"og:url\" content=\"https:\/\/www.mercadokeys.com\/product\/dungeon-siege-ii-steam-cd-key\/\" \/>\n<meta property=\"og:site_name\" content=\"MERCADOKEYS\" \/>\n<meta property=\"article:modified_time\" content=\"2022-06-28T13:13:13+00:00\" \/>\n<meta property=\"og:image\" content=\"https:\/\/www.mercadokeys.com\/wp-content\/uploads\/2021\/04\/dungeon-siege-ii_cover_original.jpg\" \/>\n\t<meta property=\"og:image:width\" content=\"420\" \/>\n\t<meta property=\"og:image:height\" content=\"600\" \/>\n\t<meta property=\"og:image:type\" content=\"image\/jpeg\" \/>\n<meta name=\"twitter:card\" content=\"summary_large_image\" \/>\n<meta name=\"twitter:label1\" content=\"Estimated reading time\" \/>\n\t<meta name=\"twitter:data1\" content=\"2 minutes\" \/>\n<script type=\"application\/ld+json\" class=\"yoast-schema-graph\">{\"@context\":\"https:\/\/schema.org\",\"@graph\":[{\"@type\":\"WebPage\",\"@id\":\"https:\/\/www.mercadokeys.com\/product\/dungeon-siege-ii-steam-cd-key\/\",\"url\":\"https:\/\/www.mercadokeys.com\/product\/dungeon-siege-ii-steam-cd-key\/\",\"name\":\"Dungeon Siege II Steam CD Key - MERCADOKEYS\",\"isPartOf\":{\"@id\":\"https:\/\/www.mercadokeys.com\/eng\/#website\"},\"primaryImageOfPage\":{\"@id\":\"https:\/\/www.mercadokeys.com\/product\/dungeon-siege-ii-steam-cd-key\/#primaryimage\"},\"image\":{\"@id\":\"https:\/\/www.mercadokeys.com\/product\/dungeon-siege-ii-steam-cd-key\/#primaryimage\"},\"thumbnailUrl\":\"https:\/\/www.mercadokeys.com.mx\/wp-content\/uploads\/2021\/04\/dungeon-siege-ii_cover_original.jpg\",\"datePublished\":\"2021-04-28T17:39:48+00:00\",\"dateModified\":\"2022-06-28T13:13:13+00:00\",\"description\":\"En Dungeon Siege II, la secuela del RPG m\u00e1s vendido de Gas Powered Games, se te pedir\u00e1 que vuelvas a empu\u00f1ar la espada y el hechizo\",\"breadcrumb\":{\"@id\":\"https:\/\/www.mercadokeys.com\/product\/dungeon-siege-ii-steam-cd-key\/#breadcrumb\"},\"inLanguage\":\"en-GB\",\"potentialAction\":[{\"@type\":\"ReadAction\",\"target\":[\"https:\/\/www.mercadokeys.com\/product\/dungeon-siege-ii-steam-cd-key\/\"]}]},{\"@type\":\"ImageObject\",\"inLanguage\":\"en-GB\",\"@id\":\"https:\/\/www.mercadokeys.com\/product\/dungeon-siege-ii-steam-cd-key\/#primaryimage\",\"url\":\"https:\/\/www.mercadokeys.com.mx\/wp-content\/uploads\/2021\/04\/dungeon-siege-ii_cover_original.jpg\",\"contentUrl\":\"https:\/\/www.mercadokeys.com.mx\/wp-content\/uploads\/2021\/04\/dungeon-siege-ii_cover_original.jpg\",\"width\":420,\"height\":600},{\"@type\":\"BreadcrumbList\",\"@id\":\"https:\/\/www.mercadokeys.com\/product\/dungeon-siege-ii-steam-cd-key\/#breadcrumb\",\"itemListElement\":[{\"@type\":\"ListItem\",\"position\":1,\"name\":\"Inicio\",\"item\":\"https:\/\/www.mercadokeys.com.mx\/\"},{\"@type\":\"ListItem\",\"position\":2,\"name\":\"Tienda\",\"item\":\"https:\/\/www.mercadokeys.com\/shop\/\"},{\"@type\":\"ListItem\",\"position\":3,\"name\":\"Dungeon Siege II Steam CD Key\"}]},{\"@type\":\"WebSite\",\"@id\":\"https:\/\/www.mercadokeys.com\/eng\/#website\",\"url\":\"https:\/\/www.mercadokeys.com\/eng\/\",\"name\":\"MERCADOKEYS\",\"description\":\"Tu Tienda de videojuegos digitales en Mexico!\",\"potentialAction\":[{\"@type\":\"SearchAction\",\"target\":{\"@type\":\"EntryPoint\",\"urlTemplate\":\"https:\/\/www.mercadokeys.com\/eng\/?s={search_term_string}\"},\"query-input\":{\"@type\":\"PropertyValueSpecification\",\"valueRequired\":true,\"valueName\":\"search_term_string\"}}],\"inLanguage\":\"en-GB\"}]}<\/script>\n<!-- \/ Yoast SEO plugin. -->","yoast_head_json":{"title":"Dungeon Siege II Steam CD Key - MERCADOKEYS","description":"En Dungeon Siege II, la secuela del RPG m\u00e1s vendido de Gas Powered Games, se te pedir\u00e1 que vuelvas a empu\u00f1ar la espada y el hechizo","robots":{"index":"index","follow":"follow","max-snippet":"max-snippet:-1","max-image-preview":"max-image-preview:large","max-video-preview":"max-video-preview:-1"},"canonical":"https:\/\/www.mercadokeys.com\/product\/dungeon-siege-ii-steam-cd-key\/","og_locale":"en_GB","og_type":"article","og_title":"Dungeon Siege II Steam CD Key - MERCADOKEYS","og_description":"En Dungeon Siege II, la secuela del RPG m\u00e1s vendido de Gas Powered Games, se te pedir\u00e1 que vuelvas a empu\u00f1ar la espada y el hechizo","og_url":"https:\/\/www.mercadokeys.com\/product\/dungeon-siege-ii-steam-cd-key\/","og_site_name":"MERCADOKEYS","article_modified_time":"2022-06-28T13:13:13+00:00","og_image":[{"width":420,"height":600,"url":"https:\/\/www.mercadokeys.com\/wp-content\/uploads\/2021\/04\/dungeon-siege-ii_cover_original.jpg","type":"image\/jpeg"}],"twitter_card":"summary_large_image","twitter_misc":{"Estimated reading time":"2 minutes"},"schema":{"@context":"https:\/\/schema.org","@graph":[{"@type":"WebPage","@id":"https:\/\/www.mercadokeys.com\/product\/dungeon-siege-ii-steam-cd-key\/","url":"https:\/\/www.mercadokeys.com\/product\/dungeon-siege-ii-steam-cd-key\/","name":"Dungeon Siege II Steam CD Key - MERCADOKEYS","isPartOf":{"@id":"https:\/\/www.mercadokeys.com\/eng\/#website"},"primaryImageOfPage":{"@id":"https:\/\/www.mercadokeys.com\/product\/dungeon-siege-ii-steam-cd-key\/#primaryimage"},"image":{"@id":"https:\/\/www.mercadokeys.com\/product\/dungeon-siege-ii-steam-cd-key\/#primaryimage"},"thumbnailUrl":"https:\/\/www.mercadokeys.com.mx\/wp-content\/uploads\/2021\/04\/dungeon-siege-ii_cover_original.jpg","datePublished":"2021-04-28T17:39:48+00:00","dateModified":"2022-06-28T13:13:13+00:00","description":"En Dungeon Siege II, la secuela del RPG m\u00e1s vendido de Gas Powered Games, se te pedir\u00e1 que vuelvas a empu\u00f1ar la espada y el hechizo","breadcrumb":{"@id":"https:\/\/www.mercadokeys.com\/product\/dungeon-siege-ii-steam-cd-key\/#breadcrumb"},"inLanguage":"en-GB","potentialAction":[{"@type":"ReadAction","target":["https:\/\/www.mercadokeys.com\/product\/dungeon-siege-ii-steam-cd-key\/"]}]},{"@type":"ImageObject","inLanguage":"en-GB","@id":"https:\/\/www.mercadokeys.com\/product\/dungeon-siege-ii-steam-cd-key\/#primaryimage","url":"https:\/\/www.mercadokeys.com.mx\/wp-content\/uploads\/2021\/04\/dungeon-siege-ii_cover_original.jpg","contentUrl":"https:\/\/www.mercadokeys.com.mx\/wp-content\/uploads\/2021\/04\/dungeon-siege-ii_cover_original.jpg","width":420,"height":600},{"@type":"BreadcrumbList","@id":"https:\/\/www.mercadokeys.com\/product\/dungeon-siege-ii-steam-cd-key\/#breadcrumb","itemListElement":[{"@type":"ListItem","position":1,"name":"Inicio","item":"https:\/\/www.mercadokeys.com.mx\/"},{"@type":"ListItem","position":2,"name":"Tienda","item":"https:\/\/www.mercadokeys.com\/shop\/"},{"@type":"ListItem","position":3,"name":"Dungeon Siege II Steam CD Key"}]},{"@type":"WebSite","@id":"https:\/\/www.mercadokeys.com\/eng\/#website","url":"https:\/\/www.mercadokeys.com\/eng\/","name":"MERCADOKEYS","description":"Tu Tienda de videojuegos digitales en Mexico!","potentialAction":[{"@type":"SearchAction","target":{"@type":"EntryPoint","urlTemplate":"https:\/\/www.mercadokeys.com\/eng\/?s={search_term_string}"},"query-input":{"@type":"PropertyValueSpecification","valueRequired":true,"valueName":"search_term_string"}}],"inLanguage":"en-GB"}]}},"df_price":35.097455,"df_sale_price":35.097455,"df_regular_price":35.097455,"df_image_link":"https:\/\/www.mercadokeys.com.mx\/wp-content\/uploads\/2021\/04\/dungeon-siege-ii_cover_original-210x300.jpg","_links":{"self":[{"href":"https:\/\/www.mercadokeys.com.mx\/eng\/wp-json\/wp\/v2\/product\/113172","targetHints":{"allow":["GET"]}}],"collection":[{"href":"https:\/\/www.mercadokeys.com.mx\/eng\/wp-json\/wp\/v2\/product"}],"about":[{"href":"https:\/\/www.mercadokeys.com.mx\/eng\/wp-json\/wp\/v2\/types\/product"}],"wp:featuredmedia":[{"embeddable":true,"href":"https:\/\/www.mercadokeys.com.mx\/eng\/wp-json\/wp\/v2\/media\/113173"}],"wp:attachment":[{"href":"https:\/\/www.mercadokeys.com.mx\/eng\/wp-json\/wp\/v2\/media?parent=113172"}],"wp:term":[{"taxonomy":"product_brand","embeddable":true,"href":"https:\/\/www.mercadokeys.com.mx\/eng\/wp-json\/wp\/v2\/product_brand?post=113172"},{"taxonomy":"product_cat","embeddable":true,"href":"https:\/\/www.mercadokeys.com.mx\/eng\/wp-json\/wp\/v2\/product_cat?post=113172"},{"taxonomy":"product_tag","embeddable":true,"href":"https:\/\/www.mercadokeys.com.mx\/eng\/wp-json\/wp\/v2\/product_tag?post=113172"}],"curies":[{"name":"wp","href":"https:\/\/api.w.org\/{rel}","templated":true}]}}