{"id":113118,"date":"2021-04-28T09:48:32","date_gmt":"2021-04-28T16:48:32","guid":{"rendered":"https:\/\/www.mercadokeys.com\/product\/neverwinter-nights-enhanced-edition-steam-cd-key\/"},"modified":"2022-06-28T06:12:59","modified_gmt":"2022-06-28T13:12:59","slug":"neverwinter-nights-enhanced-edition-steam-cd-key","status":"publish","type":"product","link":"https:\/\/www.mercadokeys.com.mx\/eng\/product\/neverwinter-nights-enhanced-edition-steam-cd-key\/","title":{"rendered":"Neverwinter Nights: Enhanced Edition Steam CD Key"},"content":{"rendered":"<ul>\n<li><span style=\"color: inherit;\"><span style=\"vertical-align: inherit;\">Ne<\/span><\/span><span style=\"color: inherit;\"><span style=\"vertical-align: inherit;\">verwinter Nights: Enhanced Edition agrega funciones mejoradas completamente nuevas al contenido de Neverwinter Nights Diamond Edition.<\/span><\/span><span style=\"color: inherit;\"><span style=\"vertical-align: inherit;\">Escurre entre las sombras como un p\u00edcaro semielfo mortal; ejerce magias temibles como un poderoso hechicero gnomo, vence a tus enemigos como un palad\u00edn enano con armadura; sea cual sea el h\u00e9roe que crees, te esperan incre\u00edbles aventuras.<\/span><\/span><span style=\"color: inherit;\"><span style=\"vertical-align: inherit;\">Descubre la magia, las maravillas y el peligro a cada paso por tu cuenta o con amigos en estas aventuras cl\u00e1sicas de Dungeons &amp; Dragons.<\/span><\/span>\n<p><b style=\"color: inherit;\"><span style=\"vertical-align: inherit;\">Caracter\u00edsticas mejoradas en Neverwinter Nights: Enhanced Edition<\/span><\/b><\/p>\n<ul>\n<li><span style=\"vertical-align: inherit;\">Pantalla mejorada: su retrato, barra de combate, inventario y otros elementos de la interfaz de usuario se ajustan en tama\u00f1o seg\u00fan la resoluci\u00f3n elegida, incluidos 1080p y 4k.<\/span><\/li>\n<li><span style=\"vertical-align: inherit;\">Opciones gr\u00e1ficas avanzadas: los sombreadores de p\u00edxeles y los efectos de posprocesamiento ofrecen im\u00e1genes m\u00e1s n\u00edtidas y limpias. Habilite las opciones de contraste, intensidad y profundidad de campo como prefiera.<\/span><\/li>\n<li><span style=\"vertical-align: inherit;\">Respaldado por la comunidad: los desarrolladores originales se han asociado con miembros clave de la comunidad de Neverwinter Nights para seleccionar importantes mejoras solicitadas por los fan\u00e1ticos para apoyar a los jugadores, narradores y modders.\u00a0<\/span><\/li>\n<li><span style=\"vertical-align: inherit;\">Compatibilidad con versiones anteriores: funciona con juegos guardados, m\u00f3dulos y modificaciones del Neverwinter Nights original. Te espera una galaxia de contenido creado por la comunidad.<\/span><\/li>\n<\/ul>\n<\/li>\n<\/ul>","protected":false},"excerpt":{"rendered":"<p>Neverwinter Nights: Enhanced Edition agrega funciones mejoradas completamente nuevas al contenido de Neverwinter Nights Diamond Edition.Escurre entre las sombras como un p\u00edcaro semielfo mortal; ejerce magias temibles como un poderoso hechicero gnomo, vence a tus enemigos como un palad\u00edn enano con armadura; sea cual sea el h\u00e9roe que crees, te esperan incre\u00edbles aventuras.Descubre la magia,&#8230;<\/p>","protected":false},"featured_media":118682,"template":"","meta":{"_monsterinsights_skip_tracking":false,"_monsterinsights_sitenote_active":false,"_monsterinsights_sitenote_note":"","_monsterinsights_sitenote_category":0},"product_brand":[],"product_cat":[1501,2981,3596,1271,3164,1420,1283,1280,1273,1428],"product_tag":[1706,1707,1526],"class_list":{"0":"post-113118","1":"product","2":"type-product","3":"status-publish","4":"has-post-thumbnail","6":"product_cat-tienda-de-videojuegos-ultimos-juegos-tijuana-mexico","7":"product_cat-destacados","8":"product_cat-tienda-de-videojuegos-steam-recomendados-en-tijuana-mexico","9":"product_cat-tienda-de-videojuegos-tijuana-mexico","10":"product_cat-tienda-de-videojuegos-baratos-economicos-tijuana-mexico","11":"product_cat-tienda-de-videojuegos-populares-tijuana-mexico","12":"product_cat-tienda-de-videojuegos-plataformas-tijuana-mexico","13":"product_cat-tienda-de-videojuegos-pc-tijuana-mexico","14":"product_cat-tienda-de-videojuegos-steam-key-tijuana-mexico","15":"product_cat-tienda-de-videojuegos-cooperativos-tijuana-mexico","16":"product_tag-neverwinter-nights-enhanced-edition","17":"product_tag-neverwinter-nights-enhanced-edition-steam","18":"product_tag-steam","20":"first","21":"instock","22":"shipping-taxable","23":"purchasable","24":"product-type-simple"},"yoast_head":"<!-- This site is optimized with the Yoast SEO plugin v27.0 - https:\/\/yoast.com\/product\/yoast-seo-wordpress\/ -->\n<title>Neverwinter Nights: Enhanced Edition Steam CD Key - MERCADOKEYS<\/title>\n<meta name=\"description\" content=\"Neverwinter Nights: Enhanced Edition agrega funciones mejoradas completamente nuevas al contenido de Neverwinter Nights Diamond Edition.\" \/>\n<meta name=\"robots\" content=\"index, follow, max-snippet:-1, max-image-preview:large, max-video-preview:-1\" \/>\n<link rel=\"canonical\" href=\"https:\/\/www.mercadokeys.com\/product\/neverwinter-nights-enhanced-edition-steam-cd-key\/\" \/>\n<meta property=\"og:locale\" content=\"en_GB\" \/>\n<meta property=\"og:type\" content=\"article\" \/>\n<meta property=\"og:title\" content=\"Neverwinter Nights: Enhanced Edition Steam CD Key - MERCADOKEYS\" \/>\n<meta property=\"og:description\" content=\"Neverwinter Nights: Enhanced Edition agrega funciones mejoradas completamente nuevas al contenido de Neverwinter Nights Diamond Edition.\" \/>\n<meta property=\"og:url\" content=\"https:\/\/www.mercadokeys.com\/product\/neverwinter-nights-enhanced-edition-steam-cd-key\/\" \/>\n<meta property=\"og:site_name\" content=\"MERCADOKEYS\" \/>\n<meta property=\"article:modified_time\" content=\"2022-06-28T13:12:59+00:00\" \/>\n<meta property=\"og:image\" content=\"https:\/\/www.mercadokeys.com\/wp-content\/uploads\/2021\/04\/Neverwinter-Nights-Enhanced-STEAM-MERCADOKEYS.jpg\" \/>\n\t<meta property=\"og:image:width\" content=\"230\" \/>\n\t<meta property=\"og:image:height\" content=\"336\" \/>\n\t<meta property=\"og:image:type\" content=\"image\/jpeg\" \/>\n<meta name=\"twitter:card\" content=\"summary_large_image\" \/>\n<meta name=\"twitter:label1\" content=\"Estimated reading time\" \/>\n\t<meta name=\"twitter:data1\" content=\"1 minute\" \/>\n<script type=\"application\/ld+json\" class=\"yoast-schema-graph\">{\"@context\":\"https:\/\/schema.org\",\"@graph\":[{\"@type\":\"WebPage\",\"@id\":\"https:\/\/www.mercadokeys.com\/product\/neverwinter-nights-enhanced-edition-steam-cd-key\/\",\"url\":\"https:\/\/www.mercadokeys.com\/product\/neverwinter-nights-enhanced-edition-steam-cd-key\/\",\"name\":\"Neverwinter Nights: Enhanced Edition Steam CD Key - MERCADOKEYS\",\"isPartOf\":{\"@id\":\"https:\/\/www.mercadokeys.com\/eng\/#website\"},\"primaryImageOfPage\":{\"@id\":\"https:\/\/www.mercadokeys.com\/product\/neverwinter-nights-enhanced-edition-steam-cd-key\/#primaryimage\"},\"image\":{\"@id\":\"https:\/\/www.mercadokeys.com\/product\/neverwinter-nights-enhanced-edition-steam-cd-key\/#primaryimage\"},\"thumbnailUrl\":\"https:\/\/www.mercadokeys.com.mx\/wp-content\/uploads\/2021\/04\/Neverwinter-Nights-Enhanced-STEAM-MERCADOKEYS.jpg\",\"datePublished\":\"2021-04-28T16:48:32+00:00\",\"dateModified\":\"2022-06-28T13:12:59+00:00\",\"description\":\"Neverwinter Nights: Enhanced Edition agrega funciones mejoradas completamente nuevas al contenido de Neverwinter Nights Diamond Edition.\",\"breadcrumb\":{\"@id\":\"https:\/\/www.mercadokeys.com\/product\/neverwinter-nights-enhanced-edition-steam-cd-key\/#breadcrumb\"},\"inLanguage\":\"en-GB\",\"potentialAction\":[{\"@type\":\"ReadAction\",\"target\":[\"https:\/\/www.mercadokeys.com\/product\/neverwinter-nights-enhanced-edition-steam-cd-key\/\"]}]},{\"@type\":\"ImageObject\",\"inLanguage\":\"en-GB\",\"@id\":\"https:\/\/www.mercadokeys.com\/product\/neverwinter-nights-enhanced-edition-steam-cd-key\/#primaryimage\",\"url\":\"https:\/\/www.mercadokeys.com.mx\/wp-content\/uploads\/2021\/04\/Neverwinter-Nights-Enhanced-STEAM-MERCADOKEYS.jpg\",\"contentUrl\":\"https:\/\/www.mercadokeys.com.mx\/wp-content\/uploads\/2021\/04\/Neverwinter-Nights-Enhanced-STEAM-MERCADOKEYS.jpg\",\"width\":230,\"height\":336},{\"@type\":\"BreadcrumbList\",\"@id\":\"https:\/\/www.mercadokeys.com\/product\/neverwinter-nights-enhanced-edition-steam-cd-key\/#breadcrumb\",\"itemListElement\":[{\"@type\":\"ListItem\",\"position\":1,\"name\":\"Inicio\",\"item\":\"https:\/\/www.mercadokeys.com.mx\/\"},{\"@type\":\"ListItem\",\"position\":2,\"name\":\"Tienda\",\"item\":\"https:\/\/www.mercadokeys.com\/shop\/\"},{\"@type\":\"ListItem\",\"position\":3,\"name\":\"Neverwinter Nights: Enhanced Edition Steam CD Key\"}]},{\"@type\":\"WebSite\",\"@id\":\"https:\/\/www.mercadokeys.com\/eng\/#website\",\"url\":\"https:\/\/www.mercadokeys.com\/eng\/\",\"name\":\"MERCADOKEYS\",\"description\":\"Tu Tienda de videojuegos digitales en Mexico!\",\"potentialAction\":[{\"@type\":\"SearchAction\",\"target\":{\"@type\":\"EntryPoint\",\"urlTemplate\":\"https:\/\/www.mercadokeys.com\/eng\/?s={search_term_string}\"},\"query-input\":{\"@type\":\"PropertyValueSpecification\",\"valueRequired\":true,\"valueName\":\"search_term_string\"}}],\"inLanguage\":\"en-GB\"}]}<\/script>\n<!-- \/ Yoast SEO plugin. -->","yoast_head_json":{"title":"Neverwinter Nights: Enhanced Edition Steam CD Key - MERCADOKEYS","description":"Neverwinter Nights: Enhanced Edition agrega funciones mejoradas completamente nuevas al contenido de Neverwinter Nights Diamond Edition.","robots":{"index":"index","follow":"follow","max-snippet":"max-snippet:-1","max-image-preview":"max-image-preview:large","max-video-preview":"max-video-preview:-1"},"canonical":"https:\/\/www.mercadokeys.com\/product\/neverwinter-nights-enhanced-edition-steam-cd-key\/","og_locale":"en_GB","og_type":"article","og_title":"Neverwinter Nights: Enhanced Edition Steam CD Key - MERCADOKEYS","og_description":"Neverwinter Nights: Enhanced Edition agrega funciones mejoradas completamente nuevas al contenido de Neverwinter Nights Diamond Edition.","og_url":"https:\/\/www.mercadokeys.com\/product\/neverwinter-nights-enhanced-edition-steam-cd-key\/","og_site_name":"MERCADOKEYS","article_modified_time":"2022-06-28T13:12:59+00:00","og_image":[{"width":230,"height":336,"url":"https:\/\/www.mercadokeys.com\/wp-content\/uploads\/2021\/04\/Neverwinter-Nights-Enhanced-STEAM-MERCADOKEYS.jpg","type":"image\/jpeg"}],"twitter_card":"summary_large_image","twitter_misc":{"Estimated reading time":"1 minute"},"schema":{"@context":"https:\/\/schema.org","@graph":[{"@type":"WebPage","@id":"https:\/\/www.mercadokeys.com\/product\/neverwinter-nights-enhanced-edition-steam-cd-key\/","url":"https:\/\/www.mercadokeys.com\/product\/neverwinter-nights-enhanced-edition-steam-cd-key\/","name":"Neverwinter Nights: Enhanced Edition Steam CD Key - MERCADOKEYS","isPartOf":{"@id":"https:\/\/www.mercadokeys.com\/eng\/#website"},"primaryImageOfPage":{"@id":"https:\/\/www.mercadokeys.com\/product\/neverwinter-nights-enhanced-edition-steam-cd-key\/#primaryimage"},"image":{"@id":"https:\/\/www.mercadokeys.com\/product\/neverwinter-nights-enhanced-edition-steam-cd-key\/#primaryimage"},"thumbnailUrl":"https:\/\/www.mercadokeys.com.mx\/wp-content\/uploads\/2021\/04\/Neverwinter-Nights-Enhanced-STEAM-MERCADOKEYS.jpg","datePublished":"2021-04-28T16:48:32+00:00","dateModified":"2022-06-28T13:12:59+00:00","description":"Neverwinter Nights: Enhanced Edition agrega funciones mejoradas completamente nuevas al contenido de Neverwinter Nights Diamond Edition.","breadcrumb":{"@id":"https:\/\/www.mercadokeys.com\/product\/neverwinter-nights-enhanced-edition-steam-cd-key\/#breadcrumb"},"inLanguage":"en-GB","potentialAction":[{"@type":"ReadAction","target":["https:\/\/www.mercadokeys.com\/product\/neverwinter-nights-enhanced-edition-steam-cd-key\/"]}]},{"@type":"ImageObject","inLanguage":"en-GB","@id":"https:\/\/www.mercadokeys.com\/product\/neverwinter-nights-enhanced-edition-steam-cd-key\/#primaryimage","url":"https:\/\/www.mercadokeys.com.mx\/wp-content\/uploads\/2021\/04\/Neverwinter-Nights-Enhanced-STEAM-MERCADOKEYS.jpg","contentUrl":"https:\/\/www.mercadokeys.com.mx\/wp-content\/uploads\/2021\/04\/Neverwinter-Nights-Enhanced-STEAM-MERCADOKEYS.jpg","width":230,"height":336},{"@type":"BreadcrumbList","@id":"https:\/\/www.mercadokeys.com\/product\/neverwinter-nights-enhanced-edition-steam-cd-key\/#breadcrumb","itemListElement":[{"@type":"ListItem","position":1,"name":"Inicio","item":"https:\/\/www.mercadokeys.com.mx\/"},{"@type":"ListItem","position":2,"name":"Tienda","item":"https:\/\/www.mercadokeys.com\/shop\/"},{"@type":"ListItem","position":3,"name":"Neverwinter Nights: Enhanced Edition Steam CD Key"}]},{"@type":"WebSite","@id":"https:\/\/www.mercadokeys.com\/eng\/#website","url":"https:\/\/www.mercadokeys.com\/eng\/","name":"MERCADOKEYS","description":"Tu Tienda de videojuegos digitales en Mexico!","potentialAction":[{"@type":"SearchAction","target":{"@type":"EntryPoint","urlTemplate":"https:\/\/www.mercadokeys.com\/eng\/?s={search_term_string}"},"query-input":{"@type":"PropertyValueSpecification","valueRequired":true,"valueName":"search_term_string"}}],"inLanguage":"en-GB"}]}},"df_price":109.21081,"df_sale_price":109.21081,"df_regular_price":109.21081,"df_image_link":"https:\/\/www.mercadokeys.com.mx\/wp-content\/uploads\/2021\/04\/Neverwinter-Nights-Enhanced-STEAM-MERCADOKEYS-205x300.jpg","_links":{"self":[{"href":"https:\/\/www.mercadokeys.com.mx\/eng\/wp-json\/wp\/v2\/product\/113118","targetHints":{"allow":["GET"]}}],"collection":[{"href":"https:\/\/www.mercadokeys.com.mx\/eng\/wp-json\/wp\/v2\/product"}],"about":[{"href":"https:\/\/www.mercadokeys.com.mx\/eng\/wp-json\/wp\/v2\/types\/product"}],"wp:featuredmedia":[{"embeddable":true,"href":"https:\/\/www.mercadokeys.com.mx\/eng\/wp-json\/wp\/v2\/media\/118682"}],"wp:attachment":[{"href":"https:\/\/www.mercadokeys.com.mx\/eng\/wp-json\/wp\/v2\/media?parent=113118"}],"wp:term":[{"taxonomy":"product_brand","embeddable":true,"href":"https:\/\/www.mercadokeys.com.mx\/eng\/wp-json\/wp\/v2\/product_brand?post=113118"},{"taxonomy":"product_cat","embeddable":true,"href":"https:\/\/www.mercadokeys.com.mx\/eng\/wp-json\/wp\/v2\/product_cat?post=113118"},{"taxonomy":"product_tag","embeddable":true,"href":"https:\/\/www.mercadokeys.com.mx\/eng\/wp-json\/wp\/v2\/product_tag?post=113118"}],"curies":[{"name":"wp","href":"https:\/\/api.w.org\/{rel}","templated":true}]}}