{"id":113117,"date":"2021-04-28T09:48:30","date_gmt":"2021-04-28T16:48:30","guid":{"rendered":"https:\/\/www.mercadokeys.com\/product\/the-lego-movie-videogame-steam-cd-key\/"},"modified":"2022-06-28T06:12:57","modified_gmt":"2022-06-28T13:12:57","slug":"the-lego-movie-videogame-steam-cd-key","status":"publish","type":"product","link":"https:\/\/www.mercadokeys.com.mx\/eng\/product\/the-lego-movie-videogame-steam-cd-key\/","title":{"rendered":"The LEGO Movie &#8211; Videogame Steam CD Key"},"content":{"rendered":"<p><span style=\"vertical-align: inherit\">Transforme lo ordinario en extraordinario y experimente la mejor experiencia de construcci\u00f3n con LEGO en el nuevo The LEGO Movie Videogame<\/span><span style=\"vertical-align: inherit\">\u00a0<\/span><\/p>\n<p><span style=\"vertical-align: inherit\">Ad\u00e9ntrate en el mundo de Emmet, un ciudadano corriente, seguidor de reglas y perfectamente normalizado que se identifica err\u00f3neamente como la persona m\u00e1s extraordinaria y la clave para salvar el mundo. Los jugadores lo gu\u00edan mientras lo reclutan en una hermandad de extra\u00f1os en una b\u00fasqueda \u00e9pica para detener a un tirano malvado; un viaje para el que Emmet est\u00e1 desesperada e hilarantemente mal preparado.\u00a0<\/span><\/p>","protected":false},"excerpt":{"rendered":"<p>Transforme lo ordinario en extraordinario y experimente la mejor experiencia de construcci\u00f3n con LEGO en el nuevo The LEGO Movie Videogame\u00a0 Ad\u00e9ntrate en el mundo de Emmet, un ciudadano corriente, seguidor de reglas y perfectamente normalizado que se identifica err\u00f3neamente como la persona m\u00e1s extraordinaria y la clave para salvar el mundo. Los jugadores lo&#8230;<\/p>","protected":false},"featured_media":113119,"template":"","meta":{"_monsterinsights_skip_tracking":false,"_monsterinsights_sitenote_active":false,"_monsterinsights_sitenote_note":"","_monsterinsights_sitenote_category":0},"product_brand":[],"product_cat":[1501,2981,3596,1271,3164,1420,1283,1280,1273,1394,1312,1428],"product_tag":[1526,1708,1709],"class_list":{"0":"post-113117","1":"product","2":"type-product","3":"status-publish","4":"has-post-thumbnail","6":"product_cat-tienda-de-videojuegos-ultimos-juegos-tijuana-mexico","7":"product_cat-destacados","8":"product_cat-tienda-de-videojuegos-steam-recomendados-en-tijuana-mexico","9":"product_cat-tienda-de-videojuegos-tijuana-mexico","10":"product_cat-tienda-de-videojuegos-baratos-economicos-tijuana-mexico","11":"product_cat-tienda-de-videojuegos-populares-tijuana-mexico","12":"product_cat-tienda-de-videojuegos-plataformas-tijuana-mexico","13":"product_cat-tienda-de-videojuegos-pc-tijuana-mexico","14":"product_cat-tienda-de-videojuegos-steam-key-tijuana-mexico","15":"product_cat-tienda-de-videojuegos-aventura-tijuana-mexico","16":"product_cat-tienda-de-videojuegos-arcade-tijuana-mexico","17":"product_cat-tienda-de-videojuegos-cooperativos-tijuana-mexico","18":"product_tag-steam","19":"product_tag-the-lego-movie-videogam","20":"product_tag-the-lego-movie-videogam-steam","22":"first","23":"instock","24":"shipping-taxable","25":"purchasable","26":"product-type-simple"},"yoast_head":"<!-- This site is optimized with the Yoast SEO plugin v27.0 - https:\/\/yoast.com\/product\/yoast-seo-wordpress\/ -->\n<title>The LEGO Movie - Videogame Steam CD Key - MERCADOKEYS<\/title>\n<meta name=\"description\" content=\"Transforme lo ordinario en extraordinario y experimente la mejor experiencia de construcci\u00f3n con LEGO en el nuevo The LEGO Movie Videogame\u00a0\" \/>\n<meta name=\"robots\" content=\"index, follow, max-snippet:-1, max-image-preview:large, max-video-preview:-1\" \/>\n<link rel=\"canonical\" href=\"https:\/\/www.mercadokeys.com\/product\/the-lego-movie-videogame-steam-cd-key\/\" \/>\n<meta property=\"og:locale\" content=\"en_GB\" \/>\n<meta property=\"og:type\" content=\"article\" \/>\n<meta property=\"og:title\" content=\"The LEGO Movie - Videogame Steam CD Key - MERCADOKEYS\" \/>\n<meta property=\"og:description\" content=\"Transforme lo ordinario en extraordinario y experimente la mejor experiencia de construcci\u00f3n con LEGO en el nuevo The LEGO Movie Videogame\u00a0\" \/>\n<meta property=\"og:url\" content=\"https:\/\/www.mercadokeys.com\/product\/the-lego-movie-videogame-steam-cd-key\/\" \/>\n<meta property=\"og:site_name\" content=\"MERCADOKEYS\" \/>\n<meta property=\"article:modified_time\" content=\"2022-06-28T13:12:57+00:00\" \/>\n<meta property=\"og:image\" content=\"https:\/\/www.mercadokeys.com\/wp-content\/uploads\/2021\/04\/the-lego-movie-videogame_cover_original.jpg\" \/>\n\t<meta property=\"og:image:width\" content=\"600\" \/>\n\t<meta property=\"og:image:height\" content=\"800\" \/>\n\t<meta property=\"og:image:type\" content=\"image\/jpeg\" \/>\n<meta name=\"twitter:card\" content=\"summary_large_image\" \/>\n<meta name=\"twitter:label1\" content=\"Estimated reading time\" \/>\n\t<meta name=\"twitter:data1\" content=\"1 minute\" \/>\n<script type=\"application\/ld+json\" class=\"yoast-schema-graph\">{\"@context\":\"https:\/\/schema.org\",\"@graph\":[{\"@type\":\"WebPage\",\"@id\":\"https:\/\/www.mercadokeys.com\/product\/the-lego-movie-videogame-steam-cd-key\/\",\"url\":\"https:\/\/www.mercadokeys.com\/product\/the-lego-movie-videogame-steam-cd-key\/\",\"name\":\"The LEGO Movie - Videogame Steam CD Key - MERCADOKEYS\",\"isPartOf\":{\"@id\":\"https:\/\/www.mercadokeys.com\/eng\/#website\"},\"primaryImageOfPage\":{\"@id\":\"https:\/\/www.mercadokeys.com\/product\/the-lego-movie-videogame-steam-cd-key\/#primaryimage\"},\"image\":{\"@id\":\"https:\/\/www.mercadokeys.com\/product\/the-lego-movie-videogame-steam-cd-key\/#primaryimage\"},\"thumbnailUrl\":\"https:\/\/www.mercadokeys.com.mx\/wp-content\/uploads\/2021\/04\/the-lego-movie-videogame_cover_original.jpg\",\"datePublished\":\"2021-04-28T16:48:30+00:00\",\"dateModified\":\"2022-06-28T13:12:57+00:00\",\"description\":\"Transforme lo ordinario en extraordinario y experimente la mejor experiencia de construcci\u00f3n con LEGO en el nuevo The LEGO Movie Videogame\u00a0\",\"breadcrumb\":{\"@id\":\"https:\/\/www.mercadokeys.com\/product\/the-lego-movie-videogame-steam-cd-key\/#breadcrumb\"},\"inLanguage\":\"en-GB\",\"potentialAction\":[{\"@type\":\"ReadAction\",\"target\":[\"https:\/\/www.mercadokeys.com\/product\/the-lego-movie-videogame-steam-cd-key\/\"]}]},{\"@type\":\"ImageObject\",\"inLanguage\":\"en-GB\",\"@id\":\"https:\/\/www.mercadokeys.com\/product\/the-lego-movie-videogame-steam-cd-key\/#primaryimage\",\"url\":\"https:\/\/www.mercadokeys.com.mx\/wp-content\/uploads\/2021\/04\/the-lego-movie-videogame_cover_original.jpg\",\"contentUrl\":\"https:\/\/www.mercadokeys.com.mx\/wp-content\/uploads\/2021\/04\/the-lego-movie-videogame_cover_original.jpg\",\"width\":600,\"height\":800},{\"@type\":\"BreadcrumbList\",\"@id\":\"https:\/\/www.mercadokeys.com\/product\/the-lego-movie-videogame-steam-cd-key\/#breadcrumb\",\"itemListElement\":[{\"@type\":\"ListItem\",\"position\":1,\"name\":\"Inicio\",\"item\":\"https:\/\/www.mercadokeys.com.mx\/\"},{\"@type\":\"ListItem\",\"position\":2,\"name\":\"Tienda\",\"item\":\"https:\/\/www.mercadokeys.com\/shop\/\"},{\"@type\":\"ListItem\",\"position\":3,\"name\":\"The LEGO Movie &#8211; Videogame Steam CD Key\"}]},{\"@type\":\"WebSite\",\"@id\":\"https:\/\/www.mercadokeys.com\/eng\/#website\",\"url\":\"https:\/\/www.mercadokeys.com\/eng\/\",\"name\":\"MERCADOKEYS\",\"description\":\"Tu Tienda de videojuegos digitales en Mexico!\",\"potentialAction\":[{\"@type\":\"SearchAction\",\"target\":{\"@type\":\"EntryPoint\",\"urlTemplate\":\"https:\/\/www.mercadokeys.com\/eng\/?s={search_term_string}\"},\"query-input\":{\"@type\":\"PropertyValueSpecification\",\"valueRequired\":true,\"valueName\":\"search_term_string\"}}],\"inLanguage\":\"en-GB\"}]}<\/script>\n<!-- \/ Yoast SEO plugin. -->","yoast_head_json":{"title":"The LEGO Movie - Videogame Steam CD Key - MERCADOKEYS","description":"Transforme lo ordinario en extraordinario y experimente la mejor experiencia de construcci\u00f3n con LEGO en el nuevo The LEGO Movie Videogame\u00a0","robots":{"index":"index","follow":"follow","max-snippet":"max-snippet:-1","max-image-preview":"max-image-preview:large","max-video-preview":"max-video-preview:-1"},"canonical":"https:\/\/www.mercadokeys.com\/product\/the-lego-movie-videogame-steam-cd-key\/","og_locale":"en_GB","og_type":"article","og_title":"The LEGO Movie - Videogame Steam CD Key - MERCADOKEYS","og_description":"Transforme lo ordinario en extraordinario y experimente la mejor experiencia de construcci\u00f3n con LEGO en el nuevo The LEGO Movie Videogame\u00a0","og_url":"https:\/\/www.mercadokeys.com\/product\/the-lego-movie-videogame-steam-cd-key\/","og_site_name":"MERCADOKEYS","article_modified_time":"2022-06-28T13:12:57+00:00","og_image":[{"width":600,"height":800,"url":"https:\/\/www.mercadokeys.com\/wp-content\/uploads\/2021\/04\/the-lego-movie-videogame_cover_original.jpg","type":"image\/jpeg"}],"twitter_card":"summary_large_image","twitter_misc":{"Estimated reading time":"1 minute"},"schema":{"@context":"https:\/\/schema.org","@graph":[{"@type":"WebPage","@id":"https:\/\/www.mercadokeys.com\/product\/the-lego-movie-videogame-steam-cd-key\/","url":"https:\/\/www.mercadokeys.com\/product\/the-lego-movie-videogame-steam-cd-key\/","name":"The LEGO Movie - Videogame Steam CD Key - MERCADOKEYS","isPartOf":{"@id":"https:\/\/www.mercadokeys.com\/eng\/#website"},"primaryImageOfPage":{"@id":"https:\/\/www.mercadokeys.com\/product\/the-lego-movie-videogame-steam-cd-key\/#primaryimage"},"image":{"@id":"https:\/\/www.mercadokeys.com\/product\/the-lego-movie-videogame-steam-cd-key\/#primaryimage"},"thumbnailUrl":"https:\/\/www.mercadokeys.com.mx\/wp-content\/uploads\/2021\/04\/the-lego-movie-videogame_cover_original.jpg","datePublished":"2021-04-28T16:48:30+00:00","dateModified":"2022-06-28T13:12:57+00:00","description":"Transforme lo ordinario en extraordinario y experimente la mejor experiencia de construcci\u00f3n con LEGO en el nuevo The LEGO Movie Videogame\u00a0","breadcrumb":{"@id":"https:\/\/www.mercadokeys.com\/product\/the-lego-movie-videogame-steam-cd-key\/#breadcrumb"},"inLanguage":"en-GB","potentialAction":[{"@type":"ReadAction","target":["https:\/\/www.mercadokeys.com\/product\/the-lego-movie-videogame-steam-cd-key\/"]}]},{"@type":"ImageObject","inLanguage":"en-GB","@id":"https:\/\/www.mercadokeys.com\/product\/the-lego-movie-videogame-steam-cd-key\/#primaryimage","url":"https:\/\/www.mercadokeys.com.mx\/wp-content\/uploads\/2021\/04\/the-lego-movie-videogame_cover_original.jpg","contentUrl":"https:\/\/www.mercadokeys.com.mx\/wp-content\/uploads\/2021\/04\/the-lego-movie-videogame_cover_original.jpg","width":600,"height":800},{"@type":"BreadcrumbList","@id":"https:\/\/www.mercadokeys.com\/product\/the-lego-movie-videogame-steam-cd-key\/#breadcrumb","itemListElement":[{"@type":"ListItem","position":1,"name":"Inicio","item":"https:\/\/www.mercadokeys.com.mx\/"},{"@type":"ListItem","position":2,"name":"Tienda","item":"https:\/\/www.mercadokeys.com\/shop\/"},{"@type":"ListItem","position":3,"name":"The LEGO Movie &#8211; Videogame Steam CD Key"}]},{"@type":"WebSite","@id":"https:\/\/www.mercadokeys.com\/eng\/#website","url":"https:\/\/www.mercadokeys.com\/eng\/","name":"MERCADOKEYS","description":"Tu Tienda de videojuegos digitales en Mexico!","potentialAction":[{"@type":"SearchAction","target":{"@type":"EntryPoint","urlTemplate":"https:\/\/www.mercadokeys.com\/eng\/?s={search_term_string}"},"query-input":{"@type":"PropertyValueSpecification","valueRequired":true,"valueName":"search_term_string"}}],"inLanguage":"en-GB"}]}},"df_price":67.403547,"df_sale_price":67.403547,"df_regular_price":67.403547,"df_image_link":"https:\/\/www.mercadokeys.com.mx\/wp-content\/uploads\/2021\/04\/the-lego-movie-videogame_cover_original-225x300.jpg","_links":{"self":[{"href":"https:\/\/www.mercadokeys.com.mx\/eng\/wp-json\/wp\/v2\/product\/113117","targetHints":{"allow":["GET"]}}],"collection":[{"href":"https:\/\/www.mercadokeys.com.mx\/eng\/wp-json\/wp\/v2\/product"}],"about":[{"href":"https:\/\/www.mercadokeys.com.mx\/eng\/wp-json\/wp\/v2\/types\/product"}],"wp:featuredmedia":[{"embeddable":true,"href":"https:\/\/www.mercadokeys.com.mx\/eng\/wp-json\/wp\/v2\/media\/113119"}],"wp:attachment":[{"href":"https:\/\/www.mercadokeys.com.mx\/eng\/wp-json\/wp\/v2\/media?parent=113117"}],"wp:term":[{"taxonomy":"product_brand","embeddable":true,"href":"https:\/\/www.mercadokeys.com.mx\/eng\/wp-json\/wp\/v2\/product_brand?post=113117"},{"taxonomy":"product_cat","embeddable":true,"href":"https:\/\/www.mercadokeys.com.mx\/eng\/wp-json\/wp\/v2\/product_cat?post=113117"},{"taxonomy":"product_tag","embeddable":true,"href":"https:\/\/www.mercadokeys.com.mx\/eng\/wp-json\/wp\/v2\/product_tag?post=113117"}],"curies":[{"name":"wp","href":"https:\/\/api.w.org\/{rel}","templated":true}]}}