{"id":113110,"date":"2021-04-28T09:46:17","date_gmt":"2021-04-28T16:46:17","guid":{"rendered":"https:\/\/www.mercadokeys.com\/product\/warhammer-vermintide-2-steam-cd-key\/"},"modified":"2022-06-28T06:14:41","modified_gmt":"2022-06-28T13:14:41","slug":"warhammer-vermintide-2-steam-cd-key","status":"publish","type":"product","link":"https:\/\/www.mercadokeys.com.mx\/eng\/product\/warhammer-vermintide-2-steam-cd-key\/","title":{"rendered":"Warhammer: Vermintide 2 Steam CD Key"},"content":{"rendered":"<p><strong><span style=\"vertical-align: inherit;\">Warhammer: Vermintide 2<\/span><\/strong><span style=\"vertical-align: inherit;\"> es un videojuego de acci\u00f3n en primera persona desarrollado y publicado por Fatshark en 2018. El juego est\u00e1 ambientado en un universo de Warhammer y se centra en un combate din\u00e1mico de ritmo r\u00e1pido basado en el trabajo en equipo lleno de sangre y sangre. En cuanto a la historia, es una continuaci\u00f3n directa del primer t\u00edtulo de la serie: los cinco h\u00e9roes marcan su regreso para salvar el mundo una vez m\u00e1s. El juego est\u00e1 disponible para PC (Windows).<\/span><\/p>\n<h3><span style=\"vertical-align: inherit;\">Historia y personajes<\/span><\/h3>\n<p><span style=\"vertical-align: inherit;\">El juego tiene lugar en un universo de Warhammer durante los primeros tiempos del fin de los tiempos y contin\u00faa los eventos del primer juego, Warhammer: End Times &#8211; Vermintide. El principal antagonista del t\u00edtulo anterior, Rasknitt, logr\u00f3 secuestrar a los cinco h\u00e9roes de la ciudad Ubersreik que luego se sent\u00edan bajo el mando de Rasknitt y sus hombres rata. Desde entonces orden\u00f3 construir el portal conocido como Skittergate para convocar al Campe\u00f3n del Caos, B\u00f6dvarr Ribspreader, y su ej\u00e9rcito del caos siguiendo a Nurgle, el Dios de la Pestilencia. Sin embargo, el portal falla y solo se invoca una parte del ej\u00e9rcito. Los hombres rata intentan activar el portal una vez m\u00e1s, pero falla nuevamente, esta vez creando una serie de temblores en el suelo, liberando accidentalmente a los h\u00e9roes de Ubersreik secuestrados del cautiverio.<\/span><\/p>\n<p><span style=\"vertical-align: inherit;\">Ahora son lo \u00fanico que se interpone entre el Imperio y la malvada alianza de los hombres rata Skaven y los Guerreros del Caos. Tendr\u00e1n que luchar juntos cortando las hordas de enemigos para destruir el portal y derrotar al Rasknitt de una vez por todas.<\/span><\/p>\n<h3><span style=\"vertical-align: inherit;\">Modos de juego y de juego<\/span><\/h3>\n<p><strong><span style=\"vertical-align: inherit;\">Vermintide 2<\/span><\/strong><span style=\"vertical-align: inherit;\"> se puede jugar en un modo de un solo jugador donde el jugador se <strong>une<\/strong> a los bots, pero se recomienda encarecidamente jugar con personas reales en el modo de cooperaci\u00f3n en l\u00ednea, especialmente en dificultades m\u00e1s altas, donde los enemigos son mucho m\u00e1s inteligentes, m\u00e1s fuertes y proporcionan un desaf\u00edo mucho mayor.\u00a0<\/span><\/p>\n<p><span style=\"color: inherit;\"><span style=\"vertical-align: inherit;\">El juego se enfoca en desarrollar el car\u00e1cter de un jugador y construir su Hero Power. Los h\u00e9roes pueden ganar niveles que desbloquean el acceso a carreras de h\u00e9roes adicionales (especializaciones), talentos y recompensar al jugador con cajas de bot\u00edn. Los h\u00e9roes tambi\u00e9n pueden equiparse con un conjunto de elementos: armas cuerpo a cuerpo y de distancia, collares, amuletos y baratijas. Cada art\u00edculo viene en una de las cinco rarezas. Las rarezas m\u00e1s altas proporcionan bonificaciones adicionales en forma de propiedades y rasgos poderosos, que aumentan a\u00fan m\u00e1s el poder del h\u00e9roe. Una vez que el jugador alcanza uno de los puntos de interrupci\u00f3n de Hero Power, desbloquear\u00e1 niveles de dificultad m\u00e1s altos con enemigos m\u00e1s fuertes y un bot\u00edn a\u00fan mejor.<\/span><\/span><\/p>\n<h3><span style=\"vertical-align: inherit;\">Reception<\/span><\/h3>\n<p><strong><span style=\"vertical-align: inherit;\">Warhammer Vermintide 2<\/span><\/strong><span style=\"vertical-align: inherit;\"> recibi\u00f3 muy buenas cr\u00edticas con m\u00e1s de 1 mill\u00f3n de copias vendidas despu\u00e9s de un mes desde el lanzamiento para PC, y fue una secuela muy bien recibida de <\/span><a href=\"https:\/\/www.g2a.com\/warhammer-end-times-vermintide-steam-key-global-i10000006028006\" target=\"_blank\" rel=\"noopener\"><span style=\"vertical-align: inherit;\">Warhammer: End Times &#8211; Vermintide<\/span><\/a><span style=\"vertical-align: inherit;\"> con mejoras en casi todos los aspectos del t\u00edtulo original.<\/span><\/p>\n<p><span style=\"vertical-align: inherit;\">Los revisores elogiaron la mec\u00e1nica de combate, las im\u00e1genes de primer nivel, el audio de alta calidad, los mapas detallados bien hechos, las conversaciones divertidas entre h\u00e9roes y la buena optimizaci\u00f3n, gracias a la cual el juego se ejecuta sin problemas incluso en computadoras m\u00e1s d\u00e9biles. Tambi\u00e9n se not\u00f3 la capacidad de saltar r\u00e1pidamente a la batalla para una pelea casual corta sin necesidad de participar o pensar demasiado.<\/span><\/p>\n<h3><span style=\"vertical-align: inherit;\">Vermintide 2 en G2A.COM<\/span><\/h3>\n<p><span style=\"vertical-align: inherit;\">Puede comprar <\/span><b><span style=\"vertical-align: inherit;\">Vermintide II<\/span><\/b><span style=\"vertical-align: inherit;\"> a precios competitivos de vendedores confirmados. Consulta sus valoraciones y elige la que m\u00e1s te guste. La clave digital se puede activar directamente en la plataforma Steam, desde donde podr\u00e1s descargar el juego. Es posible que tambi\u00e9n te interesen los DLC lanzados para el t\u00edtulo, ya que expanden el juego y brindan horas adicionales de diversi\u00f3n para ti y tus amigos.<\/span><\/p>","protected":false},"excerpt":{"rendered":"<p>Warhammer: Vermintide 2 es un videojuego de acci\u00f3n en primera persona desarrollado y publicado por Fatshark en 2018. El juego est\u00e1 ambientado en un universo de Warhammer y se centra en un combate din\u00e1mico de ritmo r\u00e1pido basado en el trabajo en equipo lleno de sangre y sangre. En cuanto a la historia, es una&#8230;<\/p>","protected":false},"featured_media":113112,"template":"","meta":{"_monsterinsights_skip_tracking":false,"_monsterinsights_sitenote_active":false,"_monsterinsights_sitenote_note":"","_monsterinsights_sitenote_category":0},"product_brand":[],"product_cat":[1501,2981,3596,1271,3164,1420,1283,1280,1273,1316,1428],"product_tag":[1526,1712,1713],"class_list":{"0":"post-113110","1":"product","2":"type-product","3":"status-publish","4":"has-post-thumbnail","6":"product_cat-tienda-de-videojuegos-ultimos-juegos-tijuana-mexico","7":"product_cat-destacados","8":"product_cat-tienda-de-videojuegos-steam-recomendados-en-tijuana-mexico","9":"product_cat-tienda-de-videojuegos-tijuana-mexico","10":"product_cat-tienda-de-videojuegos-baratos-economicos-tijuana-mexico","11":"product_cat-tienda-de-videojuegos-populares-tijuana-mexico","12":"product_cat-tienda-de-videojuegos-plataformas-tijuana-mexico","13":"product_cat-tienda-de-videojuegos-pc-tijuana-mexico","14":"product_cat-tienda-de-videojuegos-steam-key-tijuana-mexico","15":"product_cat-tienda-de-videojuegos-fps-tijuana-mexico","16":"product_cat-tienda-de-videojuegos-cooperativos-tijuana-mexico","17":"product_tag-steam","18":"product_tag-warhammer-vermintide","19":"product_tag-warhammer-vermintide-steam","21":"first","22":"instock","23":"shipping-taxable","24":"purchasable","25":"product-type-simple"},"yoast_head":"<!-- This site is optimized with the Yoast SEO plugin v27.0 - https:\/\/yoast.com\/product\/yoast-seo-wordpress\/ -->\n<title>Warhammer: Vermintide 2 Steam CD Key - MERCADOKEYS<\/title>\n<meta name=\"description\" content=\"Warhammer: Vermintide 2 es un videojuego de acci\u00f3n en primera persona desarrollado y publicado por Fatshark en 2018\" \/>\n<meta name=\"robots\" content=\"index, follow, max-snippet:-1, max-image-preview:large, max-video-preview:-1\" \/>\n<link rel=\"canonical\" href=\"https:\/\/www.mercadokeys.com\/product\/warhammer-vermintide-2-steam-cd-key\/\" \/>\n<meta property=\"og:locale\" content=\"en_GB\" \/>\n<meta property=\"og:type\" content=\"article\" \/>\n<meta property=\"og:title\" content=\"Warhammer: Vermintide 2 Steam CD Key - MERCADOKEYS\" \/>\n<meta property=\"og:description\" content=\"Warhammer: Vermintide 2 es un videojuego de acci\u00f3n en primera persona desarrollado y publicado por Fatshark en 2018\" \/>\n<meta property=\"og:url\" content=\"https:\/\/www.mercadokeys.com\/product\/warhammer-vermintide-2-steam-cd-key\/\" \/>\n<meta property=\"og:site_name\" content=\"MERCADOKEYS\" \/>\n<meta property=\"article:modified_time\" content=\"2022-06-28T13:14:41+00:00\" \/>\n<meta property=\"og:image\" content=\"https:\/\/www.mercadokeys.com\/wp-content\/uploads\/2021\/04\/warhammer-vermintide-2_cover_original.jpg\" \/>\n\t<meta property=\"og:image:width\" content=\"271\" \/>\n\t<meta property=\"og:image:height\" content=\"377\" \/>\n\t<meta property=\"og:image:type\" content=\"image\/jpeg\" \/>\n<meta name=\"twitter:card\" content=\"summary_large_image\" \/>\n<meta name=\"twitter:label1\" content=\"Estimated reading time\" \/>\n\t<meta name=\"twitter:data1\" content=\"3 minutes\" \/>\n<script type=\"application\/ld+json\" class=\"yoast-schema-graph\">{\"@context\":\"https:\/\/schema.org\",\"@graph\":[{\"@type\":\"WebPage\",\"@id\":\"https:\/\/www.mercadokeys.com\/product\/warhammer-vermintide-2-steam-cd-key\/\",\"url\":\"https:\/\/www.mercadokeys.com\/product\/warhammer-vermintide-2-steam-cd-key\/\",\"name\":\"Warhammer: Vermintide 2 Steam CD Key - MERCADOKEYS\",\"isPartOf\":{\"@id\":\"https:\/\/www.mercadokeys.com\/eng\/#website\"},\"primaryImageOfPage\":{\"@id\":\"https:\/\/www.mercadokeys.com\/product\/warhammer-vermintide-2-steam-cd-key\/#primaryimage\"},\"image\":{\"@id\":\"https:\/\/www.mercadokeys.com\/product\/warhammer-vermintide-2-steam-cd-key\/#primaryimage\"},\"thumbnailUrl\":\"https:\/\/www.mercadokeys.com.mx\/wp-content\/uploads\/2021\/04\/warhammer-vermintide-2_cover_original.jpg\",\"datePublished\":\"2021-04-28T16:46:17+00:00\",\"dateModified\":\"2022-06-28T13:14:41+00:00\",\"description\":\"Warhammer: Vermintide 2 es un videojuego de acci\u00f3n en primera persona desarrollado y publicado por Fatshark en 2018\",\"breadcrumb\":{\"@id\":\"https:\/\/www.mercadokeys.com\/product\/warhammer-vermintide-2-steam-cd-key\/#breadcrumb\"},\"inLanguage\":\"en-GB\",\"potentialAction\":[{\"@type\":\"ReadAction\",\"target\":[\"https:\/\/www.mercadokeys.com\/product\/warhammer-vermintide-2-steam-cd-key\/\"]}]},{\"@type\":\"ImageObject\",\"inLanguage\":\"en-GB\",\"@id\":\"https:\/\/www.mercadokeys.com\/product\/warhammer-vermintide-2-steam-cd-key\/#primaryimage\",\"url\":\"https:\/\/www.mercadokeys.com.mx\/wp-content\/uploads\/2021\/04\/warhammer-vermintide-2_cover_original.jpg\",\"contentUrl\":\"https:\/\/www.mercadokeys.com.mx\/wp-content\/uploads\/2021\/04\/warhammer-vermintide-2_cover_original.jpg\",\"width\":271,\"height\":377},{\"@type\":\"BreadcrumbList\",\"@id\":\"https:\/\/www.mercadokeys.com\/product\/warhammer-vermintide-2-steam-cd-key\/#breadcrumb\",\"itemListElement\":[{\"@type\":\"ListItem\",\"position\":1,\"name\":\"Inicio\",\"item\":\"https:\/\/www.mercadokeys.com.mx\/\"},{\"@type\":\"ListItem\",\"position\":2,\"name\":\"Tienda\",\"item\":\"https:\/\/www.mercadokeys.com\/shop\/\"},{\"@type\":\"ListItem\",\"position\":3,\"name\":\"Warhammer: Vermintide 2 Steam CD Key\"}]},{\"@type\":\"WebSite\",\"@id\":\"https:\/\/www.mercadokeys.com\/eng\/#website\",\"url\":\"https:\/\/www.mercadokeys.com\/eng\/\",\"name\":\"MERCADOKEYS\",\"description\":\"Tu Tienda de videojuegos digitales en Mexico!\",\"potentialAction\":[{\"@type\":\"SearchAction\",\"target\":{\"@type\":\"EntryPoint\",\"urlTemplate\":\"https:\/\/www.mercadokeys.com\/eng\/?s={search_term_string}\"},\"query-input\":{\"@type\":\"PropertyValueSpecification\",\"valueRequired\":true,\"valueName\":\"search_term_string\"}}],\"inLanguage\":\"en-GB\"}]}<\/script>\n<!-- \/ Yoast SEO plugin. -->","yoast_head_json":{"title":"Warhammer: Vermintide 2 Steam CD Key - MERCADOKEYS","description":"Warhammer: Vermintide 2 es un videojuego de acci\u00f3n en primera persona desarrollado y publicado por Fatshark en 2018","robots":{"index":"index","follow":"follow","max-snippet":"max-snippet:-1","max-image-preview":"max-image-preview:large","max-video-preview":"max-video-preview:-1"},"canonical":"https:\/\/www.mercadokeys.com\/product\/warhammer-vermintide-2-steam-cd-key\/","og_locale":"en_GB","og_type":"article","og_title":"Warhammer: Vermintide 2 Steam CD Key - MERCADOKEYS","og_description":"Warhammer: Vermintide 2 es un videojuego de acci\u00f3n en primera persona desarrollado y publicado por Fatshark en 2018","og_url":"https:\/\/www.mercadokeys.com\/product\/warhammer-vermintide-2-steam-cd-key\/","og_site_name":"MERCADOKEYS","article_modified_time":"2022-06-28T13:14:41+00:00","og_image":[{"width":271,"height":377,"url":"https:\/\/www.mercadokeys.com\/wp-content\/uploads\/2021\/04\/warhammer-vermintide-2_cover_original.jpg","type":"image\/jpeg"}],"twitter_card":"summary_large_image","twitter_misc":{"Estimated reading time":"3 minutes"},"schema":{"@context":"https:\/\/schema.org","@graph":[{"@type":"WebPage","@id":"https:\/\/www.mercadokeys.com\/product\/warhammer-vermintide-2-steam-cd-key\/","url":"https:\/\/www.mercadokeys.com\/product\/warhammer-vermintide-2-steam-cd-key\/","name":"Warhammer: Vermintide 2 Steam CD Key - MERCADOKEYS","isPartOf":{"@id":"https:\/\/www.mercadokeys.com\/eng\/#website"},"primaryImageOfPage":{"@id":"https:\/\/www.mercadokeys.com\/product\/warhammer-vermintide-2-steam-cd-key\/#primaryimage"},"image":{"@id":"https:\/\/www.mercadokeys.com\/product\/warhammer-vermintide-2-steam-cd-key\/#primaryimage"},"thumbnailUrl":"https:\/\/www.mercadokeys.com.mx\/wp-content\/uploads\/2021\/04\/warhammer-vermintide-2_cover_original.jpg","datePublished":"2021-04-28T16:46:17+00:00","dateModified":"2022-06-28T13:14:41+00:00","description":"Warhammer: Vermintide 2 es un videojuego de acci\u00f3n en primera persona desarrollado y publicado por Fatshark en 2018","breadcrumb":{"@id":"https:\/\/www.mercadokeys.com\/product\/warhammer-vermintide-2-steam-cd-key\/#breadcrumb"},"inLanguage":"en-GB","potentialAction":[{"@type":"ReadAction","target":["https:\/\/www.mercadokeys.com\/product\/warhammer-vermintide-2-steam-cd-key\/"]}]},{"@type":"ImageObject","inLanguage":"en-GB","@id":"https:\/\/www.mercadokeys.com\/product\/warhammer-vermintide-2-steam-cd-key\/#primaryimage","url":"https:\/\/www.mercadokeys.com.mx\/wp-content\/uploads\/2021\/04\/warhammer-vermintide-2_cover_original.jpg","contentUrl":"https:\/\/www.mercadokeys.com.mx\/wp-content\/uploads\/2021\/04\/warhammer-vermintide-2_cover_original.jpg","width":271,"height":377},{"@type":"BreadcrumbList","@id":"https:\/\/www.mercadokeys.com\/product\/warhammer-vermintide-2-steam-cd-key\/#breadcrumb","itemListElement":[{"@type":"ListItem","position":1,"name":"Inicio","item":"https:\/\/www.mercadokeys.com.mx\/"},{"@type":"ListItem","position":2,"name":"Tienda","item":"https:\/\/www.mercadokeys.com\/shop\/"},{"@type":"ListItem","position":3,"name":"Warhammer: Vermintide 2 Steam CD Key"}]},{"@type":"WebSite","@id":"https:\/\/www.mercadokeys.com\/eng\/#website","url":"https:\/\/www.mercadokeys.com\/eng\/","name":"MERCADOKEYS","description":"Tu Tienda de videojuegos digitales en Mexico!","potentialAction":[{"@type":"SearchAction","target":{"@type":"EntryPoint","urlTemplate":"https:\/\/www.mercadokeys.com\/eng\/?s={search_term_string}"},"query-input":{"@type":"PropertyValueSpecification","valueRequired":true,"valueName":"search_term_string"}}],"inLanguage":"en-GB"}]}},"df_price":122.008951,"df_sale_price":122.008951,"df_regular_price":122.008951,"df_image_link":"https:\/\/www.mercadokeys.com.mx\/wp-content\/uploads\/2021\/04\/warhammer-vermintide-2_cover_original-216x300.jpg","_links":{"self":[{"href":"https:\/\/www.mercadokeys.com.mx\/eng\/wp-json\/wp\/v2\/product\/113110","targetHints":{"allow":["GET"]}}],"collection":[{"href":"https:\/\/www.mercadokeys.com.mx\/eng\/wp-json\/wp\/v2\/product"}],"about":[{"href":"https:\/\/www.mercadokeys.com.mx\/eng\/wp-json\/wp\/v2\/types\/product"}],"wp:featuredmedia":[{"embeddable":true,"href":"https:\/\/www.mercadokeys.com.mx\/eng\/wp-json\/wp\/v2\/media\/113112"}],"wp:attachment":[{"href":"https:\/\/www.mercadokeys.com.mx\/eng\/wp-json\/wp\/v2\/media?parent=113110"}],"wp:term":[{"taxonomy":"product_brand","embeddable":true,"href":"https:\/\/www.mercadokeys.com.mx\/eng\/wp-json\/wp\/v2\/product_brand?post=113110"},{"taxonomy":"product_cat","embeddable":true,"href":"https:\/\/www.mercadokeys.com.mx\/eng\/wp-json\/wp\/v2\/product_cat?post=113110"},{"taxonomy":"product_tag","embeddable":true,"href":"https:\/\/www.mercadokeys.com.mx\/eng\/wp-json\/wp\/v2\/product_tag?post=113110"}],"curies":[{"name":"wp","href":"https:\/\/api.w.org\/{rel}","templated":true}]}}