{"id":113071,"date":"2021-04-28T09:42:57","date_gmt":"2021-04-28T16:42:57","guid":{"rendered":"https:\/\/www.mercadokeys.com\/product\/dead-rising-4-steam-cd-key\/"},"modified":"2026-04-25T06:24:49","modified_gmt":"2026-04-25T13:24:49","slug":"dead-rising-4-steam-cd-key","status":"publish","type":"product","link":"https:\/\/www.mercadokeys.com.mx\/eng\/product\/dead-rising-4-steam-cd-key\/","title":{"rendered":"Dead Rising 4 Steam CD Key"},"content":{"rendered":"<p><span style=\"vertical-align: inherit;\">Dead Rising 4 marca el regreso del fotoperiodista Frank West en un cap\u00edtulo completamente nuevo de una de las franquicias de juegos de zombies m\u00e1s populares de todos los tiempos. Todos los sellos cl\u00e1sicos de la innovadora serie regresan, incluida una gran variedad de armas y veh\u00edculos que los jugadores pueden combinar para combatir a la horda; desde lo pr\u00e1ctico hasta lo pr\u00e1cticamente loco. Los jugadores tambi\u00e9n disfrutar\u00e1n de nuevas y ambiciosas caracter\u00edsticas que incluyen nuevas clases de zombies, trajes EXO y multijugador cooperativo para 4 jugadores. Con acci\u00f3n intensa y un nivel inigualable de personalizaci\u00f3n de armas y personajes. Dead Rising 4 ofrece una experiencia trepidante mientras los jugadores exploran; hurgan y luchan por sobrevivir en una \u00e9pica caja de arena de mundo abierto.<\/span><\/p>","protected":false},"excerpt":{"rendered":"<p>Dead Rising 4 marca el regreso del fotoperiodista Frank West en un cap\u00edtulo completamente nuevo de una de las franquicias de juegos de zombies m\u00e1s populares de todos los tiempos. Todos los sellos cl\u00e1sicos de la innovadora serie regresan, incluida una gran variedad de armas y veh\u00edculos que los jugadores pueden combinar para combatir a&#8230;<\/p>","protected":false},"featured_media":121340,"template":"","meta":{"_monsterinsights_skip_tracking":false,"_monsterinsights_sitenote_active":false,"_monsterinsights_sitenote_note":"","_monsterinsights_sitenote_category":0},"product_brand":[],"product_cat":[1501,2981,3596,1271,3164,1420,1283,1280,1273,1395,1428],"product_tag":[1811,1810,1812,1526],"class_list":{"0":"post-113071","1":"product","2":"type-product","3":"status-publish","4":"has-post-thumbnail","6":"product_cat-tienda-de-videojuegos-ultimos-juegos-tijuana-mexico","7":"product_cat-destacados","8":"product_cat-tienda-de-videojuegos-steam-recomendados-en-tijuana-mexico","9":"product_cat-tienda-de-videojuegos-tijuana-mexico","10":"product_cat-tienda-de-videojuegos-baratos-economicos-tijuana-mexico","11":"product_cat-tienda-de-videojuegos-populares-tijuana-mexico","12":"product_cat-tienda-de-videojuegos-plataformas-tijuana-mexico","13":"product_cat-tienda-de-videojuegos-pc-tijuana-mexico","14":"product_cat-tienda-de-videojuegos-steam-key-tijuana-mexico","15":"product_cat-tienda-de-videojuegos-casual-tijuana-mexico","16":"product_cat-tienda-de-videojuegos-cooperativos-tijuana-mexico","17":"product_tag-dead-rising","18":"product_tag-dead-rising-4","19":"product_tag-dead-rising-4-steam","20":"product_tag-steam","22":"first","23":"instock","24":"shipping-taxable","25":"purchasable","26":"product-type-simple"},"yoast_head":"<!-- This site is optimized with the Yoast SEO plugin v27.0 - https:\/\/yoast.com\/product\/yoast-seo-wordpress\/ -->\n<title>Dead Rising 4 Steam CD Key - MERCADOKEYS<\/title>\n<meta name=\"description\" content=\"Dead Rising 4 marca el regreso del fotoperiodista Frank West en un cap\u00edtulo completamente nuevo de una de las franquicias de juegos de zombies\" \/>\n<meta name=\"robots\" content=\"index, follow, max-snippet:-1, max-image-preview:large, max-video-preview:-1\" \/>\n<link rel=\"canonical\" href=\"https:\/\/www.mercadokeys.com\/product\/dead-rising-4-steam-cd-key\/\" \/>\n<meta property=\"og:locale\" content=\"en_GB\" \/>\n<meta property=\"og:type\" content=\"article\" \/>\n<meta property=\"og:title\" content=\"Dead Rising 4 Steam CD Key - MERCADOKEYS\" \/>\n<meta property=\"og:description\" content=\"Dead Rising 4 marca el regreso del fotoperiodista Frank West en un cap\u00edtulo completamente nuevo de una de las franquicias de juegos de zombies\" \/>\n<meta property=\"og:url\" content=\"https:\/\/www.mercadokeys.com\/product\/dead-rising-4-steam-cd-key\/\" \/>\n<meta property=\"og:site_name\" content=\"MERCADOKEYS\" \/>\n<meta property=\"article:modified_time\" content=\"2026-04-25T13:24:49+00:00\" \/>\n<meta property=\"og:image\" content=\"https:\/\/www.mercadokeys.com\/wp-content\/uploads\/2021\/04\/Dead-Rising-4-Steam-CD-Key.jpg\" \/>\n\t<meta property=\"og:image:width\" content=\"460\" \/>\n\t<meta property=\"og:image:height\" content=\"672\" \/>\n\t<meta property=\"og:image:type\" content=\"image\/jpeg\" \/>\n<meta name=\"twitter:card\" content=\"summary_large_image\" \/>\n<meta name=\"twitter:label1\" content=\"Estimated reading time\" \/>\n\t<meta name=\"twitter:data1\" content=\"1 minute\" \/>\n<script type=\"application\/ld+json\" class=\"yoast-schema-graph\">{\"@context\":\"https:\/\/schema.org\",\"@graph\":[{\"@type\":\"WebPage\",\"@id\":\"https:\/\/www.mercadokeys.com\/product\/dead-rising-4-steam-cd-key\/\",\"url\":\"https:\/\/www.mercadokeys.com\/product\/dead-rising-4-steam-cd-key\/\",\"name\":\"Dead Rising 4 Steam CD Key - MERCADOKEYS\",\"isPartOf\":{\"@id\":\"https:\/\/www.mercadokeys.com\/eng\/#website\"},\"primaryImageOfPage\":{\"@id\":\"https:\/\/www.mercadokeys.com\/product\/dead-rising-4-steam-cd-key\/#primaryimage\"},\"image\":{\"@id\":\"https:\/\/www.mercadokeys.com\/product\/dead-rising-4-steam-cd-key\/#primaryimage\"},\"thumbnailUrl\":\"https:\/\/www.mercadokeys.com.mx\/wp-content\/uploads\/2021\/04\/Dead-Rising-4-Steam-CD-Key.jpg\",\"datePublished\":\"2021-04-28T16:42:57+00:00\",\"dateModified\":\"2026-04-25T13:24:49+00:00\",\"description\":\"Dead Rising 4 marca el regreso del fotoperiodista Frank West en un cap\u00edtulo completamente nuevo de una de las franquicias de juegos de zombies\",\"breadcrumb\":{\"@id\":\"https:\/\/www.mercadokeys.com\/product\/dead-rising-4-steam-cd-key\/#breadcrumb\"},\"inLanguage\":\"en-GB\",\"potentialAction\":[{\"@type\":\"ReadAction\",\"target\":[\"https:\/\/www.mercadokeys.com\/product\/dead-rising-4-steam-cd-key\/\"]}]},{\"@type\":\"ImageObject\",\"inLanguage\":\"en-GB\",\"@id\":\"https:\/\/www.mercadokeys.com\/product\/dead-rising-4-steam-cd-key\/#primaryimage\",\"url\":\"https:\/\/www.mercadokeys.com.mx\/wp-content\/uploads\/2021\/04\/Dead-Rising-4-Steam-CD-Key.jpg\",\"contentUrl\":\"https:\/\/www.mercadokeys.com.mx\/wp-content\/uploads\/2021\/04\/Dead-Rising-4-Steam-CD-Key.jpg\",\"width\":460,\"height\":672,\"caption\":\"Dead Rising 4 Steam CD Key\"},{\"@type\":\"BreadcrumbList\",\"@id\":\"https:\/\/www.mercadokeys.com\/product\/dead-rising-4-steam-cd-key\/#breadcrumb\",\"itemListElement\":[{\"@type\":\"ListItem\",\"position\":1,\"name\":\"Inicio\",\"item\":\"https:\/\/www.mercadokeys.com.mx\/\"},{\"@type\":\"ListItem\",\"position\":2,\"name\":\"Tienda\",\"item\":\"https:\/\/www.mercadokeys.com\/shop\/\"},{\"@type\":\"ListItem\",\"position\":3,\"name\":\"Dead Rising 4 Steam CD Key\"}]},{\"@type\":\"WebSite\",\"@id\":\"https:\/\/www.mercadokeys.com\/eng\/#website\",\"url\":\"https:\/\/www.mercadokeys.com\/eng\/\",\"name\":\"MERCADOKEYS\",\"description\":\"Tu Tienda de videojuegos digitales en Mexico!\",\"potentialAction\":[{\"@type\":\"SearchAction\",\"target\":{\"@type\":\"EntryPoint\",\"urlTemplate\":\"https:\/\/www.mercadokeys.com\/eng\/?s={search_term_string}\"},\"query-input\":{\"@type\":\"PropertyValueSpecification\",\"valueRequired\":true,\"valueName\":\"search_term_string\"}}],\"inLanguage\":\"en-GB\"}]}<\/script>\n<!-- \/ Yoast SEO plugin. -->","yoast_head_json":{"title":"Dead Rising 4 Steam CD Key - MERCADOKEYS","description":"Dead Rising 4 marca el regreso del fotoperiodista Frank West en un cap\u00edtulo completamente nuevo de una de las franquicias de juegos de zombies","robots":{"index":"index","follow":"follow","max-snippet":"max-snippet:-1","max-image-preview":"max-image-preview:large","max-video-preview":"max-video-preview:-1"},"canonical":"https:\/\/www.mercadokeys.com\/product\/dead-rising-4-steam-cd-key\/","og_locale":"en_GB","og_type":"article","og_title":"Dead Rising 4 Steam CD Key - MERCADOKEYS","og_description":"Dead Rising 4 marca el regreso del fotoperiodista Frank West en un cap\u00edtulo completamente nuevo de una de las franquicias de juegos de zombies","og_url":"https:\/\/www.mercadokeys.com\/product\/dead-rising-4-steam-cd-key\/","og_site_name":"MERCADOKEYS","article_modified_time":"2026-04-25T13:24:49+00:00","og_image":[{"width":460,"height":672,"url":"https:\/\/www.mercadokeys.com\/wp-content\/uploads\/2021\/04\/Dead-Rising-4-Steam-CD-Key.jpg","type":"image\/jpeg"}],"twitter_card":"summary_large_image","twitter_misc":{"Estimated reading time":"1 minute"},"schema":{"@context":"https:\/\/schema.org","@graph":[{"@type":"WebPage","@id":"https:\/\/www.mercadokeys.com\/product\/dead-rising-4-steam-cd-key\/","url":"https:\/\/www.mercadokeys.com\/product\/dead-rising-4-steam-cd-key\/","name":"Dead Rising 4 Steam CD Key - MERCADOKEYS","isPartOf":{"@id":"https:\/\/www.mercadokeys.com\/eng\/#website"},"primaryImageOfPage":{"@id":"https:\/\/www.mercadokeys.com\/product\/dead-rising-4-steam-cd-key\/#primaryimage"},"image":{"@id":"https:\/\/www.mercadokeys.com\/product\/dead-rising-4-steam-cd-key\/#primaryimage"},"thumbnailUrl":"https:\/\/www.mercadokeys.com.mx\/wp-content\/uploads\/2021\/04\/Dead-Rising-4-Steam-CD-Key.jpg","datePublished":"2021-04-28T16:42:57+00:00","dateModified":"2026-04-25T13:24:49+00:00","description":"Dead Rising 4 marca el regreso del fotoperiodista Frank West en un cap\u00edtulo completamente nuevo de una de las franquicias de juegos de zombies","breadcrumb":{"@id":"https:\/\/www.mercadokeys.com\/product\/dead-rising-4-steam-cd-key\/#breadcrumb"},"inLanguage":"en-GB","potentialAction":[{"@type":"ReadAction","target":["https:\/\/www.mercadokeys.com\/product\/dead-rising-4-steam-cd-key\/"]}]},{"@type":"ImageObject","inLanguage":"en-GB","@id":"https:\/\/www.mercadokeys.com\/product\/dead-rising-4-steam-cd-key\/#primaryimage","url":"https:\/\/www.mercadokeys.com.mx\/wp-content\/uploads\/2021\/04\/Dead-Rising-4-Steam-CD-Key.jpg","contentUrl":"https:\/\/www.mercadokeys.com.mx\/wp-content\/uploads\/2021\/04\/Dead-Rising-4-Steam-CD-Key.jpg","width":460,"height":672,"caption":"Dead Rising 4 Steam CD Key"},{"@type":"BreadcrumbList","@id":"https:\/\/www.mercadokeys.com\/product\/dead-rising-4-steam-cd-key\/#breadcrumb","itemListElement":[{"@type":"ListItem","position":1,"name":"Inicio","item":"https:\/\/www.mercadokeys.com.mx\/"},{"@type":"ListItem","position":2,"name":"Tienda","item":"https:\/\/www.mercadokeys.com\/shop\/"},{"@type":"ListItem","position":3,"name":"Dead Rising 4 Steam CD Key"}]},{"@type":"WebSite","@id":"https:\/\/www.mercadokeys.com\/eng\/#website","url":"https:\/\/www.mercadokeys.com\/eng\/","name":"MERCADOKEYS","description":"Tu Tienda de videojuegos digitales en Mexico!","potentialAction":[{"@type":"SearchAction","target":{"@type":"EntryPoint","urlTemplate":"https:\/\/www.mercadokeys.com\/eng\/?s={search_term_string}"},"query-input":{"@type":"PropertyValueSpecification","valueRequired":true,"valueName":"search_term_string"}}],"inLanguage":"en-GB"}]}},"df_price":270.498996,"df_sale_price":270.498996,"df_regular_price":270.498996,"df_image_link":"https:\/\/www.mercadokeys.com.mx\/wp-content\/uploads\/2021\/04\/Dead-Rising-4-Steam-CD-Key-205x300.jpg","_links":{"self":[{"href":"https:\/\/www.mercadokeys.com.mx\/eng\/wp-json\/wp\/v2\/product\/113071","targetHints":{"allow":["GET"]}}],"collection":[{"href":"https:\/\/www.mercadokeys.com.mx\/eng\/wp-json\/wp\/v2\/product"}],"about":[{"href":"https:\/\/www.mercadokeys.com.mx\/eng\/wp-json\/wp\/v2\/types\/product"}],"wp:featuredmedia":[{"embeddable":true,"href":"https:\/\/www.mercadokeys.com.mx\/eng\/wp-json\/wp\/v2\/media\/121340"}],"wp:attachment":[{"href":"https:\/\/www.mercadokeys.com.mx\/eng\/wp-json\/wp\/v2\/media?parent=113071"}],"wp:term":[{"taxonomy":"product_brand","embeddable":true,"href":"https:\/\/www.mercadokeys.com.mx\/eng\/wp-json\/wp\/v2\/product_brand?post=113071"},{"taxonomy":"product_cat","embeddable":true,"href":"https:\/\/www.mercadokeys.com.mx\/eng\/wp-json\/wp\/v2\/product_cat?post=113071"},{"taxonomy":"product_tag","embeddable":true,"href":"https:\/\/www.mercadokeys.com.mx\/eng\/wp-json\/wp\/v2\/product_tag?post=113071"}],"curies":[{"name":"wp","href":"https:\/\/api.w.org\/{rel}","templated":true}]}}