{"id":113068,"date":"2021-04-28T09:42:13","date_gmt":"2021-04-28T16:42:13","guid":{"rendered":"https:\/\/www.mercadokeys.com\/product\/blackwake-steam-cd-key-2\/"},"modified":"2022-06-28T06:14:18","modified_gmt":"2022-06-28T13:14:18","slug":"blackwake-steam-cd-key-2","status":"publish","type":"product","link":"https:\/\/www.mercadokeys.com.mx\/eng\/product\/blackwake-steam-cd-key-2\/","title":{"rendered":"Blackwake Steam CD Key"},"content":{"rendered":"<p><span style=\"vertical-align: inherit;\">Blackwake es un FPS naval multijugador centrado en el trabajo en equipo y la cooperaci\u00f3n. <\/span><span style=\"vertical-align: inherit;\">Embarque o aborde barcos enemigos como tripulaci\u00f3n con un intenso combate naval de FPS basado en la Era de la Vela<\/span><\/p>\n<p>&nbsp;<\/p>\n<p><span style=\"vertical-align: inherit;\">Maneja los ca\u00f1ones y dispara andanadas coordinadas con otros jugadores para hundir el barco contrario. Luchar\u00e1s como una tripulaci\u00f3n de hasta 16 jugadores reales en un barco dirigido por otro jugador que ha sido votado como capit\u00e1n. \u00a1Los modos pueden tener hasta 54 jugadores en una batalla!<\/span><\/p>","protected":false},"excerpt":{"rendered":"<p>Blackwake es un FPS naval multijugador centrado en el trabajo en equipo y la cooperaci\u00f3n. Embarque o aborde barcos enemigos como tripulaci\u00f3n con un intenso combate naval de FPS basado en la Era de la Vela &nbsp; Maneja los ca\u00f1ones y dispara andanadas coordinadas con otros jugadores para hundir el barco contrario. Luchar\u00e1s como una&#8230;<\/p>","protected":false},"featured_media":113069,"template":"","meta":{"_monsterinsights_skip_tracking":false,"_monsterinsights_sitenote_active":false,"_monsterinsights_sitenote_note":"","_monsterinsights_sitenote_category":0},"product_brand":[],"product_cat":[1501,2981,1271,1420,1283,1280,1273,1395,1393,1428],"product_tag":[1816,1817,1526],"class_list":{"0":"post-113068","1":"product","2":"type-product","3":"status-publish","4":"has-post-thumbnail","6":"product_cat-tienda-de-videojuegos-ultimos-juegos-tijuana-mexico","7":"product_cat-destacados","8":"product_cat-tienda-de-videojuegos-tijuana-mexico","9":"product_cat-tienda-de-videojuegos-populares-tijuana-mexico","10":"product_cat-tienda-de-videojuegos-plataformas-tijuana-mexico","11":"product_cat-tienda-de-videojuegos-pc-tijuana-mexico","12":"product_cat-tienda-de-videojuegos-steam-key-tijuana-mexico","13":"product_cat-tienda-de-videojuegos-casual-tijuana-mexico","14":"product_cat-tienda-de-videojuegos-indie-tijuana-mexico","15":"product_cat-tienda-de-videojuegos-cooperativos-tijuana-mexico","16":"product_tag-blackwake","17":"product_tag-blackwake-steam","18":"product_tag-steam","20":"first","21":"instock","22":"shipping-taxable","23":"purchasable","24":"product-type-simple"},"yoast_head":"<!-- This site is optimized with the Yoast SEO plugin v27.0 - https:\/\/yoast.com\/product\/yoast-seo-wordpress\/ -->\n<title>Blackwake Steam CD Key - MERCADOKEYS<\/title>\n<meta name=\"description\" content=\"Blackwake es un FPS naval multijugador centrado en el trabajo en equipo y la cooperaci\u00f3n. Embarque o aborde barcos enemigos en un combate naval\" \/>\n<meta name=\"robots\" content=\"index, follow, max-snippet:-1, max-image-preview:large, max-video-preview:-1\" \/>\n<link rel=\"canonical\" href=\"https:\/\/www.mercadokeys.com\/product\/blackwake-steam-cd-key-2\/\" \/>\n<meta property=\"og:locale\" content=\"en_GB\" \/>\n<meta property=\"og:type\" content=\"article\" \/>\n<meta property=\"og:title\" content=\"Blackwake Steam CD Key - MERCADOKEYS\" \/>\n<meta property=\"og:description\" content=\"Blackwake es un FPS naval multijugador centrado en el trabajo en equipo y la cooperaci\u00f3n. Embarque o aborde barcos enemigos en un combate naval\" \/>\n<meta property=\"og:url\" content=\"https:\/\/www.mercadokeys.com\/product\/blackwake-steam-cd-key-2\/\" \/>\n<meta property=\"og:site_name\" content=\"MERCADOKEYS\" \/>\n<meta property=\"article:modified_time\" content=\"2022-06-28T13:14:18+00:00\" \/>\n<meta property=\"og:image\" content=\"https:\/\/www.mercadokeys.com\/wp-content\/uploads\/2021\/04\/blackwake_cover_original.jpg\" \/>\n\t<meta property=\"og:image:width\" content=\"480\" \/>\n\t<meta property=\"og:image:height\" content=\"671\" \/>\n\t<meta property=\"og:image:type\" content=\"image\/jpeg\" \/>\n<meta name=\"twitter:card\" content=\"summary_large_image\" \/>\n<meta name=\"twitter:label1\" content=\"Estimated reading time\" \/>\n\t<meta name=\"twitter:data1\" content=\"1 minute\" \/>\n<script type=\"application\/ld+json\" class=\"yoast-schema-graph\">{\"@context\":\"https:\/\/schema.org\",\"@graph\":[{\"@type\":\"WebPage\",\"@id\":\"https:\/\/www.mercadokeys.com\/product\/blackwake-steam-cd-key-2\/\",\"url\":\"https:\/\/www.mercadokeys.com\/product\/blackwake-steam-cd-key-2\/\",\"name\":\"Blackwake Steam CD Key - MERCADOKEYS\",\"isPartOf\":{\"@id\":\"https:\/\/www.mercadokeys.com\/eng\/#website\"},\"primaryImageOfPage\":{\"@id\":\"https:\/\/www.mercadokeys.com\/product\/blackwake-steam-cd-key-2\/#primaryimage\"},\"image\":{\"@id\":\"https:\/\/www.mercadokeys.com\/product\/blackwake-steam-cd-key-2\/#primaryimage\"},\"thumbnailUrl\":\"https:\/\/www.mercadokeys.com.mx\/wp-content\/uploads\/2021\/04\/blackwake_cover_original.jpg\",\"datePublished\":\"2021-04-28T16:42:13+00:00\",\"dateModified\":\"2022-06-28T13:14:18+00:00\",\"description\":\"Blackwake es un FPS naval multijugador centrado en el trabajo en equipo y la cooperaci\u00f3n. Embarque o aborde barcos enemigos en un combate naval\",\"breadcrumb\":{\"@id\":\"https:\/\/www.mercadokeys.com\/product\/blackwake-steam-cd-key-2\/#breadcrumb\"},\"inLanguage\":\"en-GB\",\"potentialAction\":[{\"@type\":\"ReadAction\",\"target\":[\"https:\/\/www.mercadokeys.com\/product\/blackwake-steam-cd-key-2\/\"]}]},{\"@type\":\"ImageObject\",\"inLanguage\":\"en-GB\",\"@id\":\"https:\/\/www.mercadokeys.com\/product\/blackwake-steam-cd-key-2\/#primaryimage\",\"url\":\"https:\/\/www.mercadokeys.com.mx\/wp-content\/uploads\/2021\/04\/blackwake_cover_original.jpg\",\"contentUrl\":\"https:\/\/www.mercadokeys.com.mx\/wp-content\/uploads\/2021\/04\/blackwake_cover_original.jpg\",\"width\":480,\"height\":671},{\"@type\":\"BreadcrumbList\",\"@id\":\"https:\/\/www.mercadokeys.com\/product\/blackwake-steam-cd-key-2\/#breadcrumb\",\"itemListElement\":[{\"@type\":\"ListItem\",\"position\":1,\"name\":\"Inicio\",\"item\":\"https:\/\/www.mercadokeys.com.mx\/\"},{\"@type\":\"ListItem\",\"position\":2,\"name\":\"Tienda\",\"item\":\"https:\/\/www.mercadokeys.com\/shop\/\"},{\"@type\":\"ListItem\",\"position\":3,\"name\":\"Blackwake Steam CD Key\"}]},{\"@type\":\"WebSite\",\"@id\":\"https:\/\/www.mercadokeys.com\/eng\/#website\",\"url\":\"https:\/\/www.mercadokeys.com\/eng\/\",\"name\":\"MERCADOKEYS\",\"description\":\"Tu Tienda de videojuegos digitales en Mexico!\",\"potentialAction\":[{\"@type\":\"SearchAction\",\"target\":{\"@type\":\"EntryPoint\",\"urlTemplate\":\"https:\/\/www.mercadokeys.com\/eng\/?s={search_term_string}\"},\"query-input\":{\"@type\":\"PropertyValueSpecification\",\"valueRequired\":true,\"valueName\":\"search_term_string\"}}],\"inLanguage\":\"en-GB\"}]}<\/script>\n<!-- \/ Yoast SEO plugin. -->","yoast_head_json":{"title":"Blackwake Steam CD Key - MERCADOKEYS","description":"Blackwake es un FPS naval multijugador centrado en el trabajo en equipo y la cooperaci\u00f3n. Embarque o aborde barcos enemigos en un combate naval","robots":{"index":"index","follow":"follow","max-snippet":"max-snippet:-1","max-image-preview":"max-image-preview:large","max-video-preview":"max-video-preview:-1"},"canonical":"https:\/\/www.mercadokeys.com\/product\/blackwake-steam-cd-key-2\/","og_locale":"en_GB","og_type":"article","og_title":"Blackwake Steam CD Key - MERCADOKEYS","og_description":"Blackwake es un FPS naval multijugador centrado en el trabajo en equipo y la cooperaci\u00f3n. Embarque o aborde barcos enemigos en un combate naval","og_url":"https:\/\/www.mercadokeys.com\/product\/blackwake-steam-cd-key-2\/","og_site_name":"MERCADOKEYS","article_modified_time":"2022-06-28T13:14:18+00:00","og_image":[{"width":480,"height":671,"url":"https:\/\/www.mercadokeys.com\/wp-content\/uploads\/2021\/04\/blackwake_cover_original.jpg","type":"image\/jpeg"}],"twitter_card":"summary_large_image","twitter_misc":{"Estimated reading time":"1 minute"},"schema":{"@context":"https:\/\/schema.org","@graph":[{"@type":"WebPage","@id":"https:\/\/www.mercadokeys.com\/product\/blackwake-steam-cd-key-2\/","url":"https:\/\/www.mercadokeys.com\/product\/blackwake-steam-cd-key-2\/","name":"Blackwake Steam CD Key - MERCADOKEYS","isPartOf":{"@id":"https:\/\/www.mercadokeys.com\/eng\/#website"},"primaryImageOfPage":{"@id":"https:\/\/www.mercadokeys.com\/product\/blackwake-steam-cd-key-2\/#primaryimage"},"image":{"@id":"https:\/\/www.mercadokeys.com\/product\/blackwake-steam-cd-key-2\/#primaryimage"},"thumbnailUrl":"https:\/\/www.mercadokeys.com.mx\/wp-content\/uploads\/2021\/04\/blackwake_cover_original.jpg","datePublished":"2021-04-28T16:42:13+00:00","dateModified":"2022-06-28T13:14:18+00:00","description":"Blackwake es un FPS naval multijugador centrado en el trabajo en equipo y la cooperaci\u00f3n. Embarque o aborde barcos enemigos en un combate naval","breadcrumb":{"@id":"https:\/\/www.mercadokeys.com\/product\/blackwake-steam-cd-key-2\/#breadcrumb"},"inLanguage":"en-GB","potentialAction":[{"@type":"ReadAction","target":["https:\/\/www.mercadokeys.com\/product\/blackwake-steam-cd-key-2\/"]}]},{"@type":"ImageObject","inLanguage":"en-GB","@id":"https:\/\/www.mercadokeys.com\/product\/blackwake-steam-cd-key-2\/#primaryimage","url":"https:\/\/www.mercadokeys.com.mx\/wp-content\/uploads\/2021\/04\/blackwake_cover_original.jpg","contentUrl":"https:\/\/www.mercadokeys.com.mx\/wp-content\/uploads\/2021\/04\/blackwake_cover_original.jpg","width":480,"height":671},{"@type":"BreadcrumbList","@id":"https:\/\/www.mercadokeys.com\/product\/blackwake-steam-cd-key-2\/#breadcrumb","itemListElement":[{"@type":"ListItem","position":1,"name":"Inicio","item":"https:\/\/www.mercadokeys.com.mx\/"},{"@type":"ListItem","position":2,"name":"Tienda","item":"https:\/\/www.mercadokeys.com\/shop\/"},{"@type":"ListItem","position":3,"name":"Blackwake Steam CD Key"}]},{"@type":"WebSite","@id":"https:\/\/www.mercadokeys.com\/eng\/#website","url":"https:\/\/www.mercadokeys.com\/eng\/","name":"MERCADOKEYS","description":"Tu Tienda de videojuegos digitales en Mexico!","potentialAction":[{"@type":"SearchAction","target":{"@type":"EntryPoint","urlTemplate":"https:\/\/www.mercadokeys.com\/eng\/?s={search_term_string}"},"query-input":{"@type":"PropertyValueSpecification","valueRequired":true,"valueName":"search_term_string"}}],"inLanguage":"en-GB"}]}},"df_price":118.880517,"df_sale_price":118.880517,"df_regular_price":118.880517,"df_image_link":"https:\/\/www.mercadokeys.com.mx\/wp-content\/uploads\/2021\/04\/blackwake_cover_original-215x300.jpg","_links":{"self":[{"href":"https:\/\/www.mercadokeys.com.mx\/eng\/wp-json\/wp\/v2\/product\/113068","targetHints":{"allow":["GET"]}}],"collection":[{"href":"https:\/\/www.mercadokeys.com.mx\/eng\/wp-json\/wp\/v2\/product"}],"about":[{"href":"https:\/\/www.mercadokeys.com.mx\/eng\/wp-json\/wp\/v2\/types\/product"}],"wp:featuredmedia":[{"embeddable":true,"href":"https:\/\/www.mercadokeys.com.mx\/eng\/wp-json\/wp\/v2\/media\/113069"}],"wp:attachment":[{"href":"https:\/\/www.mercadokeys.com.mx\/eng\/wp-json\/wp\/v2\/media?parent=113068"}],"wp:term":[{"taxonomy":"product_brand","embeddable":true,"href":"https:\/\/www.mercadokeys.com.mx\/eng\/wp-json\/wp\/v2\/product_brand?post=113068"},{"taxonomy":"product_cat","embeddable":true,"href":"https:\/\/www.mercadokeys.com.mx\/eng\/wp-json\/wp\/v2\/product_cat?post=113068"},{"taxonomy":"product_tag","embeddable":true,"href":"https:\/\/www.mercadokeys.com.mx\/eng\/wp-json\/wp\/v2\/product_tag?post=113068"}],"curies":[{"name":"wp","href":"https:\/\/api.w.org\/{rel}","templated":true}]}}