{"id":113051,"date":"2021-04-27T13:43:58","date_gmt":"2021-04-27T20:43:58","guid":{"rendered":"https:\/\/www.mercadokeys.com\/product\/serious-sam-vr-the-last-hope-steam-cd-key-2\/"},"modified":"2022-06-28T06:14:16","modified_gmt":"2022-06-28T13:14:16","slug":"serious-sam-vr-the-last-hope-steam-cd-key-2","status":"publish","type":"product","link":"https:\/\/www.mercadokeys.com.mx\/eng\/product\/serious-sam-vr-the-last-hope-steam-cd-key-2\/","title":{"rendered":"Serious Sam VR: The Last Hope Steam CD Key"},"content":{"rendered":"<p><span style=\"vertical-align: inherit\">\u00bfAlguna vez te has preguntado c\u00f3mo es realmente ser Serious Sam? \u00bfAlguna vez has querido luchar contra las hordas alien\u00edgenas de Mental con tus propias manos? Bueno, \u00a1ahora puedes!. En Serious Sam VR: The Last Hope ponte en la piel del h\u00e9roe m\u00e1s grande de Earth Defense Force en esta simulaci\u00f3n de realidad virtual \u00fanica basada en los propios archivos de registro de Sam Stone de su \u00e9poca como capit\u00e1n del Battlecruiser Saratoga. Experimente las misiones que convirtieron al Capit\u00e1n Stone en la leyenda que es hoy.<\/span><\/p>","protected":false},"excerpt":{"rendered":"<p>\u00bfAlguna vez te has preguntado c\u00f3mo es realmente ser Serious Sam? \u00bfAlguna vez has querido luchar contra las hordas alien\u00edgenas de Mental con tus propias manos? Bueno, \u00a1ahora puedes!. En Serious Sam VR: The Last Hope ponte en la piel del h\u00e9roe m\u00e1s grande de Earth Defense Force en esta simulaci\u00f3n de realidad virtual \u00fanica&#8230;<\/p>","protected":false},"featured_media":113052,"template":"","meta":{"_monsterinsights_skip_tracking":false,"_monsterinsights_sitenote_active":false,"_monsterinsights_sitenote_note":"","_monsterinsights_sitenote_category":0},"product_brand":[],"product_cat":[1501,2981,1271,1420,1283,1280,1273,1316,1428,1426],"product_tag":[1821,1820,1526],"class_list":{"0":"post-113051","1":"product","2":"type-product","3":"status-publish","4":"has-post-thumbnail","6":"product_cat-tienda-de-videojuegos-ultimos-juegos-tijuana-mexico","7":"product_cat-destacados","8":"product_cat-tienda-de-videojuegos-tijuana-mexico","9":"product_cat-tienda-de-videojuegos-populares-tijuana-mexico","10":"product_cat-tienda-de-videojuegos-plataformas-tijuana-mexico","11":"product_cat-tienda-de-videojuegos-pc-tijuana-mexico","12":"product_cat-tienda-de-videojuegos-steam-key-tijuana-mexico","13":"product_cat-tienda-de-videojuegos-fps-tijuana-mexico","14":"product_cat-tienda-de-videojuegos-cooperativos-tijuana-mexico","15":"product_cat-tienda-de-videojuegos-lo-mejor-del-vr-tijuana-mexico","16":"product_tag-serious-sam-vr-the-last-hope","17":"product_tag-serious-sam-vr-the-last-hope-steam","18":"product_tag-steam","20":"first","21":"instock","22":"shipping-taxable","23":"purchasable","24":"product-type-simple"},"yoast_head":"<!-- This site is optimized with the Yoast SEO plugin v27.0 - https:\/\/yoast.com\/product\/yoast-seo-wordpress\/ -->\n<title>Serious Sam VR: The Last Hope Steam CD Key - MERCADOKEYS<\/title>\n<meta name=\"description\" content=\"En Serious Sam VR: The Last Hope ponte en la piel del h\u00e9roe m\u00e1s grande de Earth Defense Force en esta simulaci\u00f3n de realidad virtual \u00fanica\" \/>\n<meta name=\"robots\" content=\"index, follow, max-snippet:-1, max-image-preview:large, max-video-preview:-1\" \/>\n<link rel=\"canonical\" href=\"https:\/\/www.mercadokeys.com\/product\/serious-sam-vr-the-last-hope-steam-cd-key-2\/\" \/>\n<meta property=\"og:locale\" content=\"en_GB\" \/>\n<meta property=\"og:type\" content=\"article\" \/>\n<meta property=\"og:title\" content=\"Serious Sam VR: The Last Hope Steam CD Key - MERCADOKEYS\" \/>\n<meta property=\"og:description\" content=\"En Serious Sam VR: The Last Hope ponte en la piel del h\u00e9roe m\u00e1s grande de Earth Defense Force en esta simulaci\u00f3n de realidad virtual \u00fanica\" \/>\n<meta property=\"og:url\" content=\"https:\/\/www.mercadokeys.com\/product\/serious-sam-vr-the-last-hope-steam-cd-key-2\/\" \/>\n<meta property=\"og:site_name\" content=\"MERCADOKEYS\" \/>\n<meta property=\"article:modified_time\" content=\"2022-06-28T13:14:16+00:00\" \/>\n<meta property=\"og:image\" content=\"https:\/\/www.mercadokeys.com\/wp-content\/uploads\/2021\/04\/serious-sam-vr-the-last-hope_cover_original-scaled.jpg\" \/>\n\t<meta property=\"og:image:width\" content=\"2560\" \/>\n\t<meta property=\"og:image:height\" content=\"1316\" \/>\n\t<meta property=\"og:image:type\" content=\"image\/jpeg\" \/>\n<meta name=\"twitter:card\" content=\"summary_large_image\" \/>\n<meta name=\"twitter:label1\" content=\"Estimated reading time\" \/>\n\t<meta name=\"twitter:data1\" content=\"1 minute\" \/>\n<script type=\"application\/ld+json\" class=\"yoast-schema-graph\">{\"@context\":\"https:\/\/schema.org\",\"@graph\":[{\"@type\":\"WebPage\",\"@id\":\"https:\/\/www.mercadokeys.com\/product\/serious-sam-vr-the-last-hope-steam-cd-key-2\/\",\"url\":\"https:\/\/www.mercadokeys.com\/product\/serious-sam-vr-the-last-hope-steam-cd-key-2\/\",\"name\":\"Serious Sam VR: The Last Hope Steam CD Key - MERCADOKEYS\",\"isPartOf\":{\"@id\":\"https:\/\/www.mercadokeys.com\/eng\/#website\"},\"primaryImageOfPage\":{\"@id\":\"https:\/\/www.mercadokeys.com\/product\/serious-sam-vr-the-last-hope-steam-cd-key-2\/#primaryimage\"},\"image\":{\"@id\":\"https:\/\/www.mercadokeys.com\/product\/serious-sam-vr-the-last-hope-steam-cd-key-2\/#primaryimage\"},\"thumbnailUrl\":\"https:\/\/www.mercadokeys.com.mx\/wp-content\/uploads\/2021\/04\/serious-sam-vr-the-last-hope_cover_original-scaled.jpg\",\"datePublished\":\"2021-04-27T20:43:58+00:00\",\"dateModified\":\"2022-06-28T13:14:16+00:00\",\"description\":\"En Serious Sam VR: The Last Hope ponte en la piel del h\u00e9roe m\u00e1s grande de Earth Defense Force en esta simulaci\u00f3n de realidad virtual \u00fanica\",\"breadcrumb\":{\"@id\":\"https:\/\/www.mercadokeys.com\/product\/serious-sam-vr-the-last-hope-steam-cd-key-2\/#breadcrumb\"},\"inLanguage\":\"en-GB\",\"potentialAction\":[{\"@type\":\"ReadAction\",\"target\":[\"https:\/\/www.mercadokeys.com\/product\/serious-sam-vr-the-last-hope-steam-cd-key-2\/\"]}]},{\"@type\":\"ImageObject\",\"inLanguage\":\"en-GB\",\"@id\":\"https:\/\/www.mercadokeys.com\/product\/serious-sam-vr-the-last-hope-steam-cd-key-2\/#primaryimage\",\"url\":\"https:\/\/www.mercadokeys.com.mx\/wp-content\/uploads\/2021\/04\/serious-sam-vr-the-last-hope_cover_original-scaled.jpg\",\"contentUrl\":\"https:\/\/www.mercadokeys.com.mx\/wp-content\/uploads\/2021\/04\/serious-sam-vr-the-last-hope_cover_original-scaled.jpg\",\"width\":2560,\"height\":1316},{\"@type\":\"BreadcrumbList\",\"@id\":\"https:\/\/www.mercadokeys.com\/product\/serious-sam-vr-the-last-hope-steam-cd-key-2\/#breadcrumb\",\"itemListElement\":[{\"@type\":\"ListItem\",\"position\":1,\"name\":\"Inicio\",\"item\":\"https:\/\/www.mercadokeys.com.mx\/\"},{\"@type\":\"ListItem\",\"position\":2,\"name\":\"Tienda\",\"item\":\"https:\/\/www.mercadokeys.com\/shop\/\"},{\"@type\":\"ListItem\",\"position\":3,\"name\":\"Serious Sam VR: The Last Hope Steam CD Key\"}]},{\"@type\":\"WebSite\",\"@id\":\"https:\/\/www.mercadokeys.com\/eng\/#website\",\"url\":\"https:\/\/www.mercadokeys.com\/eng\/\",\"name\":\"MERCADOKEYS\",\"description\":\"Tu Tienda de videojuegos digitales en Mexico!\",\"potentialAction\":[{\"@type\":\"SearchAction\",\"target\":{\"@type\":\"EntryPoint\",\"urlTemplate\":\"https:\/\/www.mercadokeys.com\/eng\/?s={search_term_string}\"},\"query-input\":{\"@type\":\"PropertyValueSpecification\",\"valueRequired\":true,\"valueName\":\"search_term_string\"}}],\"inLanguage\":\"en-GB\"}]}<\/script>\n<!-- \/ Yoast SEO plugin. -->","yoast_head_json":{"title":"Serious Sam VR: The Last Hope Steam CD Key - MERCADOKEYS","description":"En Serious Sam VR: The Last Hope ponte en la piel del h\u00e9roe m\u00e1s grande de Earth Defense Force en esta simulaci\u00f3n de realidad virtual \u00fanica","robots":{"index":"index","follow":"follow","max-snippet":"max-snippet:-1","max-image-preview":"max-image-preview:large","max-video-preview":"max-video-preview:-1"},"canonical":"https:\/\/www.mercadokeys.com\/product\/serious-sam-vr-the-last-hope-steam-cd-key-2\/","og_locale":"en_GB","og_type":"article","og_title":"Serious Sam VR: The Last Hope Steam CD Key - MERCADOKEYS","og_description":"En Serious Sam VR: The Last Hope ponte en la piel del h\u00e9roe m\u00e1s grande de Earth Defense Force en esta simulaci\u00f3n de realidad virtual \u00fanica","og_url":"https:\/\/www.mercadokeys.com\/product\/serious-sam-vr-the-last-hope-steam-cd-key-2\/","og_site_name":"MERCADOKEYS","article_modified_time":"2022-06-28T13:14:16+00:00","og_image":[{"width":2560,"height":1316,"url":"https:\/\/www.mercadokeys.com\/wp-content\/uploads\/2021\/04\/serious-sam-vr-the-last-hope_cover_original-scaled.jpg","type":"image\/jpeg"}],"twitter_card":"summary_large_image","twitter_misc":{"Estimated reading time":"1 minute"},"schema":{"@context":"https:\/\/schema.org","@graph":[{"@type":"WebPage","@id":"https:\/\/www.mercadokeys.com\/product\/serious-sam-vr-the-last-hope-steam-cd-key-2\/","url":"https:\/\/www.mercadokeys.com\/product\/serious-sam-vr-the-last-hope-steam-cd-key-2\/","name":"Serious Sam VR: The Last Hope Steam CD Key - MERCADOKEYS","isPartOf":{"@id":"https:\/\/www.mercadokeys.com\/eng\/#website"},"primaryImageOfPage":{"@id":"https:\/\/www.mercadokeys.com\/product\/serious-sam-vr-the-last-hope-steam-cd-key-2\/#primaryimage"},"image":{"@id":"https:\/\/www.mercadokeys.com\/product\/serious-sam-vr-the-last-hope-steam-cd-key-2\/#primaryimage"},"thumbnailUrl":"https:\/\/www.mercadokeys.com.mx\/wp-content\/uploads\/2021\/04\/serious-sam-vr-the-last-hope_cover_original-scaled.jpg","datePublished":"2021-04-27T20:43:58+00:00","dateModified":"2022-06-28T13:14:16+00:00","description":"En Serious Sam VR: The Last Hope ponte en la piel del h\u00e9roe m\u00e1s grande de Earth Defense Force en esta simulaci\u00f3n de realidad virtual \u00fanica","breadcrumb":{"@id":"https:\/\/www.mercadokeys.com\/product\/serious-sam-vr-the-last-hope-steam-cd-key-2\/#breadcrumb"},"inLanguage":"en-GB","potentialAction":[{"@type":"ReadAction","target":["https:\/\/www.mercadokeys.com\/product\/serious-sam-vr-the-last-hope-steam-cd-key-2\/"]}]},{"@type":"ImageObject","inLanguage":"en-GB","@id":"https:\/\/www.mercadokeys.com\/product\/serious-sam-vr-the-last-hope-steam-cd-key-2\/#primaryimage","url":"https:\/\/www.mercadokeys.com.mx\/wp-content\/uploads\/2021\/04\/serious-sam-vr-the-last-hope_cover_original-scaled.jpg","contentUrl":"https:\/\/www.mercadokeys.com.mx\/wp-content\/uploads\/2021\/04\/serious-sam-vr-the-last-hope_cover_original-scaled.jpg","width":2560,"height":1316},{"@type":"BreadcrumbList","@id":"https:\/\/www.mercadokeys.com\/product\/serious-sam-vr-the-last-hope-steam-cd-key-2\/#breadcrumb","itemListElement":[{"@type":"ListItem","position":1,"name":"Inicio","item":"https:\/\/www.mercadokeys.com.mx\/"},{"@type":"ListItem","position":2,"name":"Tienda","item":"https:\/\/www.mercadokeys.com\/shop\/"},{"@type":"ListItem","position":3,"name":"Serious Sam VR: The Last Hope Steam CD Key"}]},{"@type":"WebSite","@id":"https:\/\/www.mercadokeys.com\/eng\/#website","url":"https:\/\/www.mercadokeys.com\/eng\/","name":"MERCADOKEYS","description":"Tu Tienda de videojuegos digitales en Mexico!","potentialAction":[{"@type":"SearchAction","target":{"@type":"EntryPoint","urlTemplate":"https:\/\/www.mercadokeys.com\/eng\/?s={search_term_string}"},"query-input":{"@type":"PropertyValueSpecification","valueRequired":true,"valueName":"search_term_string"}}],"inLanguage":"en-GB"}]}},"df_price":418.357034,"df_sale_price":418.357034,"df_regular_price":418.357034,"df_image_link":"https:\/\/www.mercadokeys.com.mx\/wp-content\/uploads\/2021\/04\/serious-sam-vr-the-last-hope_cover_original-300x154.jpg","_links":{"self":[{"href":"https:\/\/www.mercadokeys.com.mx\/eng\/wp-json\/wp\/v2\/product\/113051","targetHints":{"allow":["GET"]}}],"collection":[{"href":"https:\/\/www.mercadokeys.com.mx\/eng\/wp-json\/wp\/v2\/product"}],"about":[{"href":"https:\/\/www.mercadokeys.com.mx\/eng\/wp-json\/wp\/v2\/types\/product"}],"wp:featuredmedia":[{"embeddable":true,"href":"https:\/\/www.mercadokeys.com.mx\/eng\/wp-json\/wp\/v2\/media\/113052"}],"wp:attachment":[{"href":"https:\/\/www.mercadokeys.com.mx\/eng\/wp-json\/wp\/v2\/media?parent=113051"}],"wp:term":[{"taxonomy":"product_brand","embeddable":true,"href":"https:\/\/www.mercadokeys.com.mx\/eng\/wp-json\/wp\/v2\/product_brand?post=113051"},{"taxonomy":"product_cat","embeddable":true,"href":"https:\/\/www.mercadokeys.com.mx\/eng\/wp-json\/wp\/v2\/product_cat?post=113051"},{"taxonomy":"product_tag","embeddable":true,"href":"https:\/\/www.mercadokeys.com.mx\/eng\/wp-json\/wp\/v2\/product_tag?post=113051"}],"curies":[{"name":"wp","href":"https:\/\/api.w.org\/{rel}","templated":true}]}}