{"id":112994,"date":"2021-04-27T11:17:37","date_gmt":"2021-04-27T18:17:37","guid":{"rendered":"https:\/\/www.mercadokeys.com\/product\/metal-slug-x-steam-cd-key-2\/"},"modified":"2022-06-28T06:13:49","modified_gmt":"2022-06-28T13:13:49","slug":"metal-slug-x-steam-cd-key-2","status":"publish","type":"product","link":"https:\/\/www.mercadokeys.com.mx\/eng\/product\/metal-slug-x-steam-cd-key-2\/","title":{"rendered":"METAL SLUG X Steam CD Key"},"content":{"rendered":"<p><strong><span style=\"vertical-align: inherit\">METAL SLUG X<\/span><\/strong><span style=\"vertical-align: inherit\">, una obra maestra de la emblem\u00e1tica serie de juegos de disparos de acci\u00f3n de disparos y carreras en 2D de SNK. Sigue fascinando a millones de fan\u00e1ticos en todo el mundo hasta el d\u00eda de hoy por sus intrincados gr\u00e1ficos de puntos y p\u00edxeles y sus controles de juego simples e intuitivos. \u00a1Uno de los t\u00edtulos m\u00e1s elogiados de la serie entre los fan\u00e1ticos de Metal Slug por su refinado equilibrio y volumen de juego, se dirige a la plataforma de juegos Steam!<\/span><\/p>","protected":false},"excerpt":{"rendered":"<p>METAL SLUG X, una obra maestra de la emblem\u00e1tica serie de juegos de disparos de acci\u00f3n de disparos y carreras en 2D de SNK. Sigue fascinando a millones de fan\u00e1ticos en todo el mundo hasta el d\u00eda de hoy por sus intrincados gr\u00e1ficos de puntos y p\u00edxeles y sus controles de juego simples e intuitivos&#8230;.<\/p>","protected":false},"featured_media":112995,"template":"","meta":{"_monsterinsights_skip_tracking":false,"_monsterinsights_sitenote_active":false,"_monsterinsights_sitenote_note":"","_monsterinsights_sitenote_category":0},"product_brand":[],"product_cat":[1501,2981,3596,1271,3164,1420,1283,1280,1273,1392,1428],"product_tag":[1927,1926,1526],"class_list":{"0":"post-112994","1":"product","2":"type-product","3":"status-publish","4":"has-post-thumbnail","6":"product_cat-tienda-de-videojuegos-ultimos-juegos-tijuana-mexico","7":"product_cat-destacados","8":"product_cat-tienda-de-videojuegos-steam-recomendados-en-tijuana-mexico","9":"product_cat-tienda-de-videojuegos-tijuana-mexico","10":"product_cat-tienda-de-videojuegos-baratos-economicos-tijuana-mexico","11":"product_cat-tienda-de-videojuegos-populares-tijuana-mexico","12":"product_cat-tienda-de-videojuegos-plataformas-tijuana-mexico","13":"product_cat-tienda-de-videojuegos-pc-tijuana-mexico","14":"product_cat-tienda-de-videojuegos-steam-key-tijuana-mexico","15":"product_cat-tienda-de-videojuegos-accion-tijuana-mexico","16":"product_cat-tienda-de-videojuegos-cooperativos-tijuana-mexico","17":"product_tag-metal-slug-x","18":"product_tag-metal-slug-x-steam","19":"product_tag-steam","21":"first","22":"instock","23":"shipping-taxable","24":"purchasable","25":"product-type-simple"},"yoast_head":"<!-- This site is optimized with the Yoast SEO plugin v27.0 - https:\/\/yoast.com\/product\/yoast-seo-wordpress\/ -->\n<title>METAL SLUG X Steam CD Key - MERCADOKEYS<\/title>\n<meta name=\"description\" content=\"METAL SLUG X, una obra maestra de la emblem\u00e1tica serie de juegos de disparos de acci\u00f3n de disparos y carreras en 2D de SNK\" \/>\n<meta name=\"robots\" content=\"index, follow, max-snippet:-1, max-image-preview:large, max-video-preview:-1\" \/>\n<link rel=\"canonical\" href=\"https:\/\/www.mercadokeys.com\/product\/metal-slug-x-steam-cd-key-2\/\" \/>\n<meta property=\"og:locale\" content=\"en_GB\" \/>\n<meta property=\"og:type\" content=\"article\" \/>\n<meta property=\"og:title\" content=\"METAL SLUG X Steam CD Key - MERCADOKEYS\" \/>\n<meta property=\"og:description\" content=\"METAL SLUG X, una obra maestra de la emblem\u00e1tica serie de juegos de disparos de acci\u00f3n de disparos y carreras en 2D de SNK\" \/>\n<meta property=\"og:url\" content=\"https:\/\/www.mercadokeys.com\/product\/metal-slug-x-steam-cd-key-2\/\" \/>\n<meta property=\"og:site_name\" content=\"MERCADOKEYS\" \/>\n<meta property=\"article:modified_time\" content=\"2022-06-28T13:13:49+00:00\" \/>\n<meta property=\"og:image\" content=\"https:\/\/www.mercadokeys.com\/wp-content\/uploads\/2021\/04\/metal-slug-x_cover_original.jpg\" \/>\n\t<meta property=\"og:image:width\" content=\"300\" \/>\n\t<meta property=\"og:image:height\" content=\"295\" \/>\n\t<meta property=\"og:image:type\" content=\"image\/jpeg\" \/>\n<meta name=\"twitter:card\" content=\"summary_large_image\" \/>\n<meta name=\"twitter:label1\" content=\"Estimated reading time\" \/>\n\t<meta name=\"twitter:data1\" content=\"1 minute\" \/>\n<script type=\"application\/ld+json\" class=\"yoast-schema-graph\">{\"@context\":\"https:\/\/schema.org\",\"@graph\":[{\"@type\":\"WebPage\",\"@id\":\"https:\/\/www.mercadokeys.com\/product\/metal-slug-x-steam-cd-key-2\/\",\"url\":\"https:\/\/www.mercadokeys.com\/product\/metal-slug-x-steam-cd-key-2\/\",\"name\":\"METAL SLUG X Steam CD Key - MERCADOKEYS\",\"isPartOf\":{\"@id\":\"https:\/\/www.mercadokeys.com\/eng\/#website\"},\"primaryImageOfPage\":{\"@id\":\"https:\/\/www.mercadokeys.com\/product\/metal-slug-x-steam-cd-key-2\/#primaryimage\"},\"image\":{\"@id\":\"https:\/\/www.mercadokeys.com\/product\/metal-slug-x-steam-cd-key-2\/#primaryimage\"},\"thumbnailUrl\":\"https:\/\/www.mercadokeys.com.mx\/wp-content\/uploads\/2021\/04\/metal-slug-x_cover_original.jpg\",\"datePublished\":\"2021-04-27T18:17:37+00:00\",\"dateModified\":\"2022-06-28T13:13:49+00:00\",\"description\":\"METAL SLUG X, una obra maestra de la emblem\u00e1tica serie de juegos de disparos de acci\u00f3n de disparos y carreras en 2D de SNK\",\"breadcrumb\":{\"@id\":\"https:\/\/www.mercadokeys.com\/product\/metal-slug-x-steam-cd-key-2\/#breadcrumb\"},\"inLanguage\":\"en-GB\",\"potentialAction\":[{\"@type\":\"ReadAction\",\"target\":[\"https:\/\/www.mercadokeys.com\/product\/metal-slug-x-steam-cd-key-2\/\"]}]},{\"@type\":\"ImageObject\",\"inLanguage\":\"en-GB\",\"@id\":\"https:\/\/www.mercadokeys.com\/product\/metal-slug-x-steam-cd-key-2\/#primaryimage\",\"url\":\"https:\/\/www.mercadokeys.com.mx\/wp-content\/uploads\/2021\/04\/metal-slug-x_cover_original.jpg\",\"contentUrl\":\"https:\/\/www.mercadokeys.com.mx\/wp-content\/uploads\/2021\/04\/metal-slug-x_cover_original.jpg\",\"width\":300,\"height\":295},{\"@type\":\"BreadcrumbList\",\"@id\":\"https:\/\/www.mercadokeys.com\/product\/metal-slug-x-steam-cd-key-2\/#breadcrumb\",\"itemListElement\":[{\"@type\":\"ListItem\",\"position\":1,\"name\":\"Inicio\",\"item\":\"https:\/\/www.mercadokeys.com.mx\/\"},{\"@type\":\"ListItem\",\"position\":2,\"name\":\"Tienda\",\"item\":\"https:\/\/www.mercadokeys.com\/shop\/\"},{\"@type\":\"ListItem\",\"position\":3,\"name\":\"METAL SLUG X Steam CD Key\"}]},{\"@type\":\"WebSite\",\"@id\":\"https:\/\/www.mercadokeys.com\/eng\/#website\",\"url\":\"https:\/\/www.mercadokeys.com\/eng\/\",\"name\":\"MERCADOKEYS\",\"description\":\"Tu Tienda de videojuegos digitales en Mexico!\",\"potentialAction\":[{\"@type\":\"SearchAction\",\"target\":{\"@type\":\"EntryPoint\",\"urlTemplate\":\"https:\/\/www.mercadokeys.com\/eng\/?s={search_term_string}\"},\"query-input\":{\"@type\":\"PropertyValueSpecification\",\"valueRequired\":true,\"valueName\":\"search_term_string\"}}],\"inLanguage\":\"en-GB\"}]}<\/script>\n<!-- \/ Yoast SEO plugin. -->","yoast_head_json":{"title":"METAL SLUG X Steam CD Key - MERCADOKEYS","description":"METAL SLUG X, una obra maestra de la emblem\u00e1tica serie de juegos de disparos de acci\u00f3n de disparos y carreras en 2D de SNK","robots":{"index":"index","follow":"follow","max-snippet":"max-snippet:-1","max-image-preview":"max-image-preview:large","max-video-preview":"max-video-preview:-1"},"canonical":"https:\/\/www.mercadokeys.com\/product\/metal-slug-x-steam-cd-key-2\/","og_locale":"en_GB","og_type":"article","og_title":"METAL SLUG X Steam CD Key - MERCADOKEYS","og_description":"METAL SLUG X, una obra maestra de la emblem\u00e1tica serie de juegos de disparos de acci\u00f3n de disparos y carreras en 2D de SNK","og_url":"https:\/\/www.mercadokeys.com\/product\/metal-slug-x-steam-cd-key-2\/","og_site_name":"MERCADOKEYS","article_modified_time":"2022-06-28T13:13:49+00:00","og_image":[{"width":300,"height":295,"url":"https:\/\/www.mercadokeys.com\/wp-content\/uploads\/2021\/04\/metal-slug-x_cover_original.jpg","type":"image\/jpeg"}],"twitter_card":"summary_large_image","twitter_misc":{"Estimated reading time":"1 minute"},"schema":{"@context":"https:\/\/schema.org","@graph":[{"@type":"WebPage","@id":"https:\/\/www.mercadokeys.com\/product\/metal-slug-x-steam-cd-key-2\/","url":"https:\/\/www.mercadokeys.com\/product\/metal-slug-x-steam-cd-key-2\/","name":"METAL SLUG X Steam CD Key - MERCADOKEYS","isPartOf":{"@id":"https:\/\/www.mercadokeys.com\/eng\/#website"},"primaryImageOfPage":{"@id":"https:\/\/www.mercadokeys.com\/product\/metal-slug-x-steam-cd-key-2\/#primaryimage"},"image":{"@id":"https:\/\/www.mercadokeys.com\/product\/metal-slug-x-steam-cd-key-2\/#primaryimage"},"thumbnailUrl":"https:\/\/www.mercadokeys.com.mx\/wp-content\/uploads\/2021\/04\/metal-slug-x_cover_original.jpg","datePublished":"2021-04-27T18:17:37+00:00","dateModified":"2022-06-28T13:13:49+00:00","description":"METAL SLUG X, una obra maestra de la emblem\u00e1tica serie de juegos de disparos de acci\u00f3n de disparos y carreras en 2D de SNK","breadcrumb":{"@id":"https:\/\/www.mercadokeys.com\/product\/metal-slug-x-steam-cd-key-2\/#breadcrumb"},"inLanguage":"en-GB","potentialAction":[{"@type":"ReadAction","target":["https:\/\/www.mercadokeys.com\/product\/metal-slug-x-steam-cd-key-2\/"]}]},{"@type":"ImageObject","inLanguage":"en-GB","@id":"https:\/\/www.mercadokeys.com\/product\/metal-slug-x-steam-cd-key-2\/#primaryimage","url":"https:\/\/www.mercadokeys.com.mx\/wp-content\/uploads\/2021\/04\/metal-slug-x_cover_original.jpg","contentUrl":"https:\/\/www.mercadokeys.com.mx\/wp-content\/uploads\/2021\/04\/metal-slug-x_cover_original.jpg","width":300,"height":295},{"@type":"BreadcrumbList","@id":"https:\/\/www.mercadokeys.com\/product\/metal-slug-x-steam-cd-key-2\/#breadcrumb","itemListElement":[{"@type":"ListItem","position":1,"name":"Inicio","item":"https:\/\/www.mercadokeys.com.mx\/"},{"@type":"ListItem","position":2,"name":"Tienda","item":"https:\/\/www.mercadokeys.com\/shop\/"},{"@type":"ListItem","position":3,"name":"METAL SLUG X Steam CD Key"}]},{"@type":"WebSite","@id":"https:\/\/www.mercadokeys.com\/eng\/#website","url":"https:\/\/www.mercadokeys.com\/eng\/","name":"MERCADOKEYS","description":"Tu Tienda de videojuegos digitales en Mexico!","potentialAction":[{"@type":"SearchAction","target":{"@type":"EntryPoint","urlTemplate":"https:\/\/www.mercadokeys.com\/eng\/?s={search_term_string}"},"query-input":{"@type":"PropertyValueSpecification","valueRequired":true,"valueName":"search_term_string"}}],"inLanguage":"en-GB"}]}},"df_price":136.229109,"df_sale_price":136.229109,"df_regular_price":136.229109,"df_image_link":"https:\/\/www.mercadokeys.com.mx\/wp-content\/uploads\/2021\/04\/metal-slug-x_cover_original.jpg","_links":{"self":[{"href":"https:\/\/www.mercadokeys.com.mx\/eng\/wp-json\/wp\/v2\/product\/112994","targetHints":{"allow":["GET"]}}],"collection":[{"href":"https:\/\/www.mercadokeys.com.mx\/eng\/wp-json\/wp\/v2\/product"}],"about":[{"href":"https:\/\/www.mercadokeys.com.mx\/eng\/wp-json\/wp\/v2\/types\/product"}],"wp:featuredmedia":[{"embeddable":true,"href":"https:\/\/www.mercadokeys.com.mx\/eng\/wp-json\/wp\/v2\/media\/112995"}],"wp:attachment":[{"href":"https:\/\/www.mercadokeys.com.mx\/eng\/wp-json\/wp\/v2\/media?parent=112994"}],"wp:term":[{"taxonomy":"product_brand","embeddable":true,"href":"https:\/\/www.mercadokeys.com.mx\/eng\/wp-json\/wp\/v2\/product_brand?post=112994"},{"taxonomy":"product_cat","embeddable":true,"href":"https:\/\/www.mercadokeys.com.mx\/eng\/wp-json\/wp\/v2\/product_cat?post=112994"},{"taxonomy":"product_tag","embeddable":true,"href":"https:\/\/www.mercadokeys.com.mx\/eng\/wp-json\/wp\/v2\/product_tag?post=112994"}],"curies":[{"name":"wp","href":"https:\/\/api.w.org\/{rel}","templated":true}]}}