{"id":112991,"date":"2021-04-27T11:17:25","date_gmt":"2021-04-27T18:17:25","guid":{"rendered":"https:\/\/www.mercadokeys.com\/product\/medal-of-honor-steam-cd-key-2\/"},"modified":"2023-10-15T05:37:27","modified_gmt":"2023-10-15T12:37:27","slug":"medal-of-honor-steam-cd-key-2","status":"publish","type":"product","link":"https:\/\/www.mercadokeys.com.mx\/eng\/product\/medal-of-honor-steam-cd-key-2\/","title":{"rendered":"Medal Of Honor Steam CD Key"},"content":{"rendered":"<p><span style=\"vertical-align: inherit;\">En Medal of Honor est\u00e1s operando directamente bajo la <\/span><strong><span style=\"vertical-align: inherit;\">Autoridad de Mando Nacional<\/span><\/strong><span style=\"vertical-align: inherit;\">, se selecciona una entidad relativamente desconocida de guerreros cuidadosamente seleccionados cuando es crucial que una misi\u00f3n no falle. Por su parte, son los operadores de nivel 1. Hay m\u00e1s de 2 millones de soldados activos. De ellos, aproximadamente 50 mil est\u00e1n bajo el control directo del <\/span><strong><span style=\"vertical-align: inherit;\">Comando de Operaciones Especiales<\/span><\/strong><span style=\"vertical-align: inherit;\">. El Operador de Nivel 1 funciona a un nivel superior incluso a las <\/span><strong><span style=\"vertical-align: inherit;\">Fuerzas de Operaciones Especiales<\/span><\/strong><span style=\"vertical-align: inherit;\"> m\u00e1s capacitadas.<\/span><\/p>\n<p><span style=\"vertical-align: inherit;\"> Del mismo modo, sus n\u00fameros exactos, aunque clasificados, rondan los cientos. Son instrumentos de guerra vivos, respiratorios y de precisi\u00f3n. Ellos son expertos en la aplicaci\u00f3n de la violencia. La nueva <\/span><strong><span style=\"vertical-align: inherit;\">medalla de honor<\/span><\/strong><span style=\"vertical-align: inherit;\"> est\u00e1 inspirado y desarrollado con operadores reales de nivel 1 de esta comunidad de \u00e9lite. Por su parte, los jugadores se ponen las botas de estos guerreros y aplican sus habilidades \u00fanicas para luchar contra un nuevo enemigo en las condiciones m\u00e1s implacables y hostiles del <\/span><strong><span style=\"vertical-align: inherit;\">Afganist\u00e1n<\/span><\/strong><span style=\"vertical-align: inherit;\"> actual. <\/span><br \/>\n<span style=\"vertical-align: inherit;\">Esta es una nueva guerra. Hay un nuevo guerrero. \u00c9l es de Nivel 1. <\/span><\/p>\n<p><strong><span style=\"vertical-align: inherit;\">Lucha Today&#8217;s War<\/span><\/strong><span style=\"vertical-align: inherit;\"> : Elite Special Forces en una valiente campa\u00f1a de combate utilizando las t\u00e1cticas quir\u00fargicas de los Operadores de Nivel 1 combinadas con la fuerza del mazo de los Army Rangers. <\/span><\/p>\n<p><strong><span style=\"vertical-align: inherit;\">Autenticidad incomparable;<\/span><\/strong><span style=\"vertical-align: inherit;\">\u00a0historia intensa con un ritmo y una variedad incre\u00edbles ambientada en el accidentado paisaje de Afganist\u00e1n, que crea una experiencia de disparos solo disponible en la famosa franquicia Medal of Honor.<\/span><\/p>","protected":false},"excerpt":{"rendered":"<p>En Medal of Honor est\u00e1s operando directamente bajo la Autoridad de Mando Nacional, se selecciona una entidad relativamente desconocida de guerreros cuidadosamente seleccionados cuando es crucial que una misi\u00f3n no falle. Por su parte, son los operadores de nivel 1. Hay m\u00e1s de 2 millones de soldados activos. De ellos, aproximadamente 50 mil est\u00e1n bajo&#8230;<\/p>","protected":false},"featured_media":115722,"template":"","meta":{"_monsterinsights_skip_tracking":false,"_monsterinsights_sitenote_active":false,"_monsterinsights_sitenote_note":"","_monsterinsights_sitenote_category":0},"product_brand":[],"product_cat":[1501,2981,3596,1271,1420,1283,1280,1273,1393,1316,1428],"product_tag":[1929,1928,1526],"class_list":{"0":"post-112991","1":"product","2":"type-product","3":"status-publish","4":"has-post-thumbnail","6":"product_cat-tienda-de-videojuegos-ultimos-juegos-tijuana-mexico","7":"product_cat-destacados","8":"product_cat-tienda-de-videojuegos-steam-recomendados-en-tijuana-mexico","9":"product_cat-tienda-de-videojuegos-tijuana-mexico","10":"product_cat-tienda-de-videojuegos-populares-tijuana-mexico","11":"product_cat-tienda-de-videojuegos-plataformas-tijuana-mexico","12":"product_cat-tienda-de-videojuegos-pc-tijuana-mexico","13":"product_cat-tienda-de-videojuegos-steam-key-tijuana-mexico","14":"product_cat-tienda-de-videojuegos-indie-tijuana-mexico","15":"product_cat-tienda-de-videojuegos-fps-tijuana-mexico","16":"product_cat-tienda-de-videojuegos-cooperativos-tijuana-mexico","17":"product_tag-medal-of-honor","18":"product_tag-medal-of-honor-steam","19":"product_tag-steam","21":"first","22":"instock","23":"shipping-taxable","24":"purchasable","25":"product-type-simple"},"yoast_head":"<!-- This site is optimized with the Yoast SEO plugin v27.0 - https:\/\/yoast.com\/product\/yoast-seo-wordpress\/ -->\n<title>Medal Of Honor Steam CD Key - MERCADOKEYS<\/title>\n<meta name=\"description\" content=\"En Medal of Honor est\u00e1s operando directamente bajo la Autoridad de Mando Nacional, se selecciona una entidad relativamente desconocida de guerreros\" \/>\n<meta name=\"robots\" content=\"index, follow, max-snippet:-1, max-image-preview:large, max-video-preview:-1\" \/>\n<link rel=\"canonical\" href=\"https:\/\/www.mercadokeys.com\/product\/medal-of-honor-steam-cd-key-2\/\" \/>\n<meta property=\"og:locale\" content=\"en_GB\" \/>\n<meta property=\"og:type\" content=\"article\" \/>\n<meta property=\"og:title\" content=\"Medal Of Honor Steam CD Key - MERCADOKEYS\" \/>\n<meta property=\"og:description\" content=\"En Medal of Honor est\u00e1s operando directamente bajo la Autoridad de Mando Nacional, se selecciona una entidad relativamente desconocida de guerreros\" \/>\n<meta property=\"og:url\" content=\"https:\/\/www.mercadokeys.com\/product\/medal-of-honor-steam-cd-key-2\/\" \/>\n<meta property=\"og:site_name\" content=\"MERCADOKEYS\" \/>\n<meta property=\"article:modified_time\" content=\"2023-10-15T12:37:27+00:00\" \/>\n<meta property=\"og:image\" content=\"https:\/\/www.mercadokeys.com\/wp-content\/uploads\/2021\/04\/Medal-Of-Honor-Steam-CD-Key.jpg\" \/>\n\t<meta property=\"og:image:width\" content=\"460\" \/>\n\t<meta property=\"og:image:height\" content=\"672\" \/>\n\t<meta property=\"og:image:type\" content=\"image\/jpeg\" \/>\n<meta name=\"twitter:card\" content=\"summary_large_image\" \/>\n<meta name=\"twitter:label1\" content=\"Estimated reading time\" \/>\n\t<meta name=\"twitter:data1\" content=\"2 minutes\" \/>\n<script type=\"application\/ld+json\" class=\"yoast-schema-graph\">{\"@context\":\"https:\/\/schema.org\",\"@graph\":[{\"@type\":\"WebPage\",\"@id\":\"https:\/\/www.mercadokeys.com\/product\/medal-of-honor-steam-cd-key-2\/\",\"url\":\"https:\/\/www.mercadokeys.com\/product\/medal-of-honor-steam-cd-key-2\/\",\"name\":\"Medal Of Honor Steam CD Key - MERCADOKEYS\",\"isPartOf\":{\"@id\":\"https:\/\/www.mercadokeys.com\/eng\/#website\"},\"primaryImageOfPage\":{\"@id\":\"https:\/\/www.mercadokeys.com\/product\/medal-of-honor-steam-cd-key-2\/#primaryimage\"},\"image\":{\"@id\":\"https:\/\/www.mercadokeys.com\/product\/medal-of-honor-steam-cd-key-2\/#primaryimage\"},\"thumbnailUrl\":\"https:\/\/www.mercadokeys.com.mx\/wp-content\/uploads\/2021\/04\/Medal-Of-Honor-Steam-CD-Key.jpg\",\"datePublished\":\"2021-04-27T18:17:25+00:00\",\"dateModified\":\"2023-10-15T12:37:27+00:00\",\"description\":\"En Medal of Honor est\u00e1s operando directamente bajo la Autoridad de Mando Nacional, se selecciona una entidad relativamente desconocida de guerreros\",\"breadcrumb\":{\"@id\":\"https:\/\/www.mercadokeys.com\/product\/medal-of-honor-steam-cd-key-2\/#breadcrumb\"},\"inLanguage\":\"en-GB\",\"potentialAction\":[{\"@type\":\"ReadAction\",\"target\":[\"https:\/\/www.mercadokeys.com\/product\/medal-of-honor-steam-cd-key-2\/\"]}]},{\"@type\":\"ImageObject\",\"inLanguage\":\"en-GB\",\"@id\":\"https:\/\/www.mercadokeys.com\/product\/medal-of-honor-steam-cd-key-2\/#primaryimage\",\"url\":\"https:\/\/www.mercadokeys.com.mx\/wp-content\/uploads\/2021\/04\/Medal-Of-Honor-Steam-CD-Key.jpg\",\"contentUrl\":\"https:\/\/www.mercadokeys.com.mx\/wp-content\/uploads\/2021\/04\/Medal-Of-Honor-Steam-CD-Key.jpg\",\"width\":460,\"height\":672,\"caption\":\"Medal Of Honor Steam CD Key\"},{\"@type\":\"BreadcrumbList\",\"@id\":\"https:\/\/www.mercadokeys.com\/product\/medal-of-honor-steam-cd-key-2\/#breadcrumb\",\"itemListElement\":[{\"@type\":\"ListItem\",\"position\":1,\"name\":\"Inicio\",\"item\":\"https:\/\/www.mercadokeys.com.mx\/\"},{\"@type\":\"ListItem\",\"position\":2,\"name\":\"Tienda\",\"item\":\"https:\/\/www.mercadokeys.com\/shop\/\"},{\"@type\":\"ListItem\",\"position\":3,\"name\":\"Medal Of Honor Steam CD Key\"}]},{\"@type\":\"WebSite\",\"@id\":\"https:\/\/www.mercadokeys.com\/eng\/#website\",\"url\":\"https:\/\/www.mercadokeys.com\/eng\/\",\"name\":\"MERCADOKEYS\",\"description\":\"Tu Tienda de videojuegos digitales en Mexico!\",\"potentialAction\":[{\"@type\":\"SearchAction\",\"target\":{\"@type\":\"EntryPoint\",\"urlTemplate\":\"https:\/\/www.mercadokeys.com\/eng\/?s={search_term_string}\"},\"query-input\":{\"@type\":\"PropertyValueSpecification\",\"valueRequired\":true,\"valueName\":\"search_term_string\"}}],\"inLanguage\":\"en-GB\"}]}<\/script>\n<!-- \/ Yoast SEO plugin. -->","yoast_head_json":{"title":"Medal Of Honor Steam CD Key - MERCADOKEYS","description":"En Medal of Honor est\u00e1s operando directamente bajo la Autoridad de Mando Nacional, se selecciona una entidad relativamente desconocida de guerreros","robots":{"index":"index","follow":"follow","max-snippet":"max-snippet:-1","max-image-preview":"max-image-preview:large","max-video-preview":"max-video-preview:-1"},"canonical":"https:\/\/www.mercadokeys.com\/product\/medal-of-honor-steam-cd-key-2\/","og_locale":"en_GB","og_type":"article","og_title":"Medal Of Honor Steam CD Key - MERCADOKEYS","og_description":"En Medal of Honor est\u00e1s operando directamente bajo la Autoridad de Mando Nacional, se selecciona una entidad relativamente desconocida de guerreros","og_url":"https:\/\/www.mercadokeys.com\/product\/medal-of-honor-steam-cd-key-2\/","og_site_name":"MERCADOKEYS","article_modified_time":"2023-10-15T12:37:27+00:00","og_image":[{"width":460,"height":672,"url":"https:\/\/www.mercadokeys.com\/wp-content\/uploads\/2021\/04\/Medal-Of-Honor-Steam-CD-Key.jpg","type":"image\/jpeg"}],"twitter_card":"summary_large_image","twitter_misc":{"Estimated reading time":"2 minutes"},"schema":{"@context":"https:\/\/schema.org","@graph":[{"@type":"WebPage","@id":"https:\/\/www.mercadokeys.com\/product\/medal-of-honor-steam-cd-key-2\/","url":"https:\/\/www.mercadokeys.com\/product\/medal-of-honor-steam-cd-key-2\/","name":"Medal Of Honor Steam CD Key - MERCADOKEYS","isPartOf":{"@id":"https:\/\/www.mercadokeys.com\/eng\/#website"},"primaryImageOfPage":{"@id":"https:\/\/www.mercadokeys.com\/product\/medal-of-honor-steam-cd-key-2\/#primaryimage"},"image":{"@id":"https:\/\/www.mercadokeys.com\/product\/medal-of-honor-steam-cd-key-2\/#primaryimage"},"thumbnailUrl":"https:\/\/www.mercadokeys.com.mx\/wp-content\/uploads\/2021\/04\/Medal-Of-Honor-Steam-CD-Key.jpg","datePublished":"2021-04-27T18:17:25+00:00","dateModified":"2023-10-15T12:37:27+00:00","description":"En Medal of Honor est\u00e1s operando directamente bajo la Autoridad de Mando Nacional, se selecciona una entidad relativamente desconocida de guerreros","breadcrumb":{"@id":"https:\/\/www.mercadokeys.com\/product\/medal-of-honor-steam-cd-key-2\/#breadcrumb"},"inLanguage":"en-GB","potentialAction":[{"@type":"ReadAction","target":["https:\/\/www.mercadokeys.com\/product\/medal-of-honor-steam-cd-key-2\/"]}]},{"@type":"ImageObject","inLanguage":"en-GB","@id":"https:\/\/www.mercadokeys.com\/product\/medal-of-honor-steam-cd-key-2\/#primaryimage","url":"https:\/\/www.mercadokeys.com.mx\/wp-content\/uploads\/2021\/04\/Medal-Of-Honor-Steam-CD-Key.jpg","contentUrl":"https:\/\/www.mercadokeys.com.mx\/wp-content\/uploads\/2021\/04\/Medal-Of-Honor-Steam-CD-Key.jpg","width":460,"height":672,"caption":"Medal Of Honor Steam CD Key"},{"@type":"BreadcrumbList","@id":"https:\/\/www.mercadokeys.com\/product\/medal-of-honor-steam-cd-key-2\/#breadcrumb","itemListElement":[{"@type":"ListItem","position":1,"name":"Inicio","item":"https:\/\/www.mercadokeys.com.mx\/"},{"@type":"ListItem","position":2,"name":"Tienda","item":"https:\/\/www.mercadokeys.com\/shop\/"},{"@type":"ListItem","position":3,"name":"Medal Of Honor Steam CD Key"}]},{"@type":"WebSite","@id":"https:\/\/www.mercadokeys.com\/eng\/#website","url":"https:\/\/www.mercadokeys.com\/eng\/","name":"MERCADOKEYS","description":"Tu Tienda de videojuegos digitales en Mexico!","potentialAction":[{"@type":"SearchAction","target":{"@type":"EntryPoint","urlTemplate":"https:\/\/www.mercadokeys.com\/eng\/?s={search_term_string}"},"query-input":{"@type":"PropertyValueSpecification","valueRequired":true,"valueName":"search_term_string"}}],"inLanguage":"en-GB"}]}},"df_price":246.293128,"df_sale_price":246.293128,"df_regular_price":246.293128,"df_image_link":"https:\/\/www.mercadokeys.com.mx\/wp-content\/uploads\/2021\/04\/Medal-Of-Honor-Steam-CD-Key-205x300.jpg","_links":{"self":[{"href":"https:\/\/www.mercadokeys.com.mx\/eng\/wp-json\/wp\/v2\/product\/112991","targetHints":{"allow":["GET"]}}],"collection":[{"href":"https:\/\/www.mercadokeys.com.mx\/eng\/wp-json\/wp\/v2\/product"}],"about":[{"href":"https:\/\/www.mercadokeys.com.mx\/eng\/wp-json\/wp\/v2\/types\/product"}],"wp:featuredmedia":[{"embeddable":true,"href":"https:\/\/www.mercadokeys.com.mx\/eng\/wp-json\/wp\/v2\/media\/115722"}],"wp:attachment":[{"href":"https:\/\/www.mercadokeys.com.mx\/eng\/wp-json\/wp\/v2\/media?parent=112991"}],"wp:term":[{"taxonomy":"product_brand","embeddable":true,"href":"https:\/\/www.mercadokeys.com.mx\/eng\/wp-json\/wp\/v2\/product_brand?post=112991"},{"taxonomy":"product_cat","embeddable":true,"href":"https:\/\/www.mercadokeys.com.mx\/eng\/wp-json\/wp\/v2\/product_cat?post=112991"},{"taxonomy":"product_tag","embeddable":true,"href":"https:\/\/www.mercadokeys.com.mx\/eng\/wp-json\/wp\/v2\/product_tag?post=112991"}],"curies":[{"name":"wp","href":"https:\/\/api.w.org\/{rel}","templated":true}]}}