{"id":112988,"date":"2021-04-27T11:17:07","date_gmt":"2021-04-27T18:17:07","guid":{"rendered":"https:\/\/www.mercadokeys.com\/product\/the-mean-greens-plastic-warfare-steam-cd-key-2\/"},"modified":"2022-06-28T06:13:45","modified_gmt":"2022-06-28T13:13:45","slug":"the-mean-greens-plastic-warfare-steam-cd-key-2","status":"publish","type":"product","link":"https:\/\/www.mercadokeys.com.mx\/eng\/product\/the-mean-greens-plastic-warfare-steam-cd-key-2\/","title":{"rendered":"The Mean Greens &#8211; Plastic Warfare Steam CD Key"},"content":{"rendered":"<p><span style=\"vertical-align: inherit\">En The Mean Greens &#8211; Plastic Warfare participa en la batalla m\u00e1s grande de la historia de Green VS. Broncearse. Lucha entre y contra otros en l\u00ednea. Salta, dispara y rueda hacia la victoria con un juego de ritmo r\u00e1pido basado en objetivos. A veces, las batallas m\u00e1s grandes las libran los soldados m\u00e1s peque\u00f1os. <\/span><\/p>\n<p><span style=\"vertical-align: inherit\">The Mean Greens es un juego de disparos en tercera persona que se juega desde la perspectiva de los soldados del ej\u00e9rcito de juguete. Haz coincidir con otros en l\u00ednea para una competencia multijugador amistosa. Disfruta de una gran batalla de hasta 10 jugadores en cada mapa ambientalmente \u00fanico.<\/span><\/p>","protected":false},"excerpt":{"rendered":"<p>En The Mean Greens &#8211; Plastic Warfare participa en la batalla m\u00e1s grande de la historia de Green VS. Broncearse. Lucha entre y contra otros en l\u00ednea. Salta, dispara y rueda hacia la victoria con un juego de ritmo r\u00e1pido basado en objetivos. A veces, las batallas m\u00e1s grandes las libran los soldados m\u00e1s peque\u00f1os&#8230;.<\/p>","protected":false},"featured_media":112989,"template":"","meta":{"_monsterinsights_skip_tracking":false,"_monsterinsights_sitenote_active":false,"_monsterinsights_sitenote_note":"","_monsterinsights_sitenote_category":0},"product_brand":[],"product_cat":[1501,2981,1271,1420,1283,1280,1273,1393,1428],"product_tag":[1526,1931,1930],"class_list":{"0":"post-112988","1":"product","2":"type-product","3":"status-publish","4":"has-post-thumbnail","6":"product_cat-tienda-de-videojuegos-ultimos-juegos-tijuana-mexico","7":"product_cat-destacados","8":"product_cat-tienda-de-videojuegos-tijuana-mexico","9":"product_cat-tienda-de-videojuegos-populares-tijuana-mexico","10":"product_cat-tienda-de-videojuegos-plataformas-tijuana-mexico","11":"product_cat-tienda-de-videojuegos-pc-tijuana-mexico","12":"product_cat-tienda-de-videojuegos-steam-key-tijuana-mexico","13":"product_cat-tienda-de-videojuegos-indie-tijuana-mexico","14":"product_cat-tienda-de-videojuegos-cooperativos-tijuana-mexico","15":"product_tag-steam","16":"product_tag-the-mean-greens-plastic-warfare","17":"product_tag-the-mean-greens-plastic-warfare-steam","19":"first","20":"instock","21":"shipping-taxable","22":"purchasable","23":"product-type-simple"},"yoast_head":"<!-- This site is optimized with the Yoast SEO plugin v27.0 - https:\/\/yoast.com\/product\/yoast-seo-wordpress\/ -->\n<title>The Mean Greens - Plastic Warfare Steam CD Key - MERCADOKEYS<\/title>\n<meta name=\"description\" content=\"En The Mean Greens - Plastic Warfare participa en la batalla m\u00e1s grande de la historia de Green VS. Broncearse. Lucha entre y contra otros en l\u00ednea\" \/>\n<meta name=\"robots\" content=\"index, follow, max-snippet:-1, max-image-preview:large, max-video-preview:-1\" \/>\n<link rel=\"canonical\" href=\"https:\/\/www.mercadokeys.com\/product\/the-mean-greens-plastic-warfare-steam-cd-key-2\/\" \/>\n<meta property=\"og:locale\" content=\"en_GB\" \/>\n<meta property=\"og:type\" content=\"article\" \/>\n<meta property=\"og:title\" content=\"The Mean Greens - Plastic Warfare Steam CD Key - MERCADOKEYS\" \/>\n<meta property=\"og:description\" content=\"En The Mean Greens - Plastic Warfare participa en la batalla m\u00e1s grande de la historia de Green VS. Broncearse. Lucha entre y contra otros en l\u00ednea\" \/>\n<meta property=\"og:url\" content=\"https:\/\/www.mercadokeys.com\/product\/the-mean-greens-plastic-warfare-steam-cd-key-2\/\" \/>\n<meta property=\"og:site_name\" content=\"MERCADOKEYS\" \/>\n<meta property=\"article:modified_time\" content=\"2022-06-28T13:13:45+00:00\" \/>\n<meta property=\"og:image\" content=\"https:\/\/www.mercadokeys.com\/wp-content\/uploads\/2021\/04\/the-mean-greens-plastic-warfare_cover_original.png\" \/>\n\t<meta property=\"og:image:width\" content=\"489\" \/>\n\t<meta property=\"og:image:height\" content=\"528\" \/>\n\t<meta property=\"og:image:type\" content=\"image\/png\" \/>\n<meta name=\"twitter:card\" content=\"summary_large_image\" \/>\n<meta name=\"twitter:label1\" content=\"Estimated reading time\" \/>\n\t<meta name=\"twitter:data1\" content=\"1 minute\" \/>\n<script type=\"application\/ld+json\" class=\"yoast-schema-graph\">{\"@context\":\"https:\/\/schema.org\",\"@graph\":[{\"@type\":\"WebPage\",\"@id\":\"https:\/\/www.mercadokeys.com\/product\/the-mean-greens-plastic-warfare-steam-cd-key-2\/\",\"url\":\"https:\/\/www.mercadokeys.com\/product\/the-mean-greens-plastic-warfare-steam-cd-key-2\/\",\"name\":\"The Mean Greens - Plastic Warfare Steam CD Key - MERCADOKEYS\",\"isPartOf\":{\"@id\":\"https:\/\/www.mercadokeys.com\/eng\/#website\"},\"primaryImageOfPage\":{\"@id\":\"https:\/\/www.mercadokeys.com\/product\/the-mean-greens-plastic-warfare-steam-cd-key-2\/#primaryimage\"},\"image\":{\"@id\":\"https:\/\/www.mercadokeys.com\/product\/the-mean-greens-plastic-warfare-steam-cd-key-2\/#primaryimage\"},\"thumbnailUrl\":\"https:\/\/www.mercadokeys.com.mx\/wp-content\/uploads\/2021\/04\/the-mean-greens-plastic-warfare_cover_original.png\",\"datePublished\":\"2021-04-27T18:17:07+00:00\",\"dateModified\":\"2022-06-28T13:13:45+00:00\",\"description\":\"En The Mean Greens - Plastic Warfare participa en la batalla m\u00e1s grande de la historia de Green VS. Broncearse. Lucha entre y contra otros en l\u00ednea\",\"breadcrumb\":{\"@id\":\"https:\/\/www.mercadokeys.com\/product\/the-mean-greens-plastic-warfare-steam-cd-key-2\/#breadcrumb\"},\"inLanguage\":\"en-GB\",\"potentialAction\":[{\"@type\":\"ReadAction\",\"target\":[\"https:\/\/www.mercadokeys.com\/product\/the-mean-greens-plastic-warfare-steam-cd-key-2\/\"]}]},{\"@type\":\"ImageObject\",\"inLanguage\":\"en-GB\",\"@id\":\"https:\/\/www.mercadokeys.com\/product\/the-mean-greens-plastic-warfare-steam-cd-key-2\/#primaryimage\",\"url\":\"https:\/\/www.mercadokeys.com.mx\/wp-content\/uploads\/2021\/04\/the-mean-greens-plastic-warfare_cover_original.png\",\"contentUrl\":\"https:\/\/www.mercadokeys.com.mx\/wp-content\/uploads\/2021\/04\/the-mean-greens-plastic-warfare_cover_original.png\",\"width\":489,\"height\":528,\"caption\":\"En The Mean Greens - Plastic Warfare participa en la batalla m\u00e1s grande de la historia de Green VS. Broncearse. Lucha entre y contra otros en l\u00ednea\"},{\"@type\":\"BreadcrumbList\",\"@id\":\"https:\/\/www.mercadokeys.com\/product\/the-mean-greens-plastic-warfare-steam-cd-key-2\/#breadcrumb\",\"itemListElement\":[{\"@type\":\"ListItem\",\"position\":1,\"name\":\"Inicio\",\"item\":\"https:\/\/www.mercadokeys.com.mx\/\"},{\"@type\":\"ListItem\",\"position\":2,\"name\":\"Tienda\",\"item\":\"https:\/\/www.mercadokeys.com\/shop\/\"},{\"@type\":\"ListItem\",\"position\":3,\"name\":\"The Mean Greens &#8211; Plastic Warfare Steam CD Key\"}]},{\"@type\":\"WebSite\",\"@id\":\"https:\/\/www.mercadokeys.com\/eng\/#website\",\"url\":\"https:\/\/www.mercadokeys.com\/eng\/\",\"name\":\"MERCADOKEYS\",\"description\":\"Tu Tienda de videojuegos digitales en Mexico!\",\"potentialAction\":[{\"@type\":\"SearchAction\",\"target\":{\"@type\":\"EntryPoint\",\"urlTemplate\":\"https:\/\/www.mercadokeys.com\/eng\/?s={search_term_string}\"},\"query-input\":{\"@type\":\"PropertyValueSpecification\",\"valueRequired\":true,\"valueName\":\"search_term_string\"}}],\"inLanguage\":\"en-GB\"}]}<\/script>\n<!-- \/ Yoast SEO plugin. -->","yoast_head_json":{"title":"The Mean Greens - Plastic Warfare Steam CD Key - MERCADOKEYS","description":"En The Mean Greens - Plastic Warfare participa en la batalla m\u00e1s grande de la historia de Green VS. Broncearse. Lucha entre y contra otros en l\u00ednea","robots":{"index":"index","follow":"follow","max-snippet":"max-snippet:-1","max-image-preview":"max-image-preview:large","max-video-preview":"max-video-preview:-1"},"canonical":"https:\/\/www.mercadokeys.com\/product\/the-mean-greens-plastic-warfare-steam-cd-key-2\/","og_locale":"en_GB","og_type":"article","og_title":"The Mean Greens - Plastic Warfare Steam CD Key - MERCADOKEYS","og_description":"En The Mean Greens - Plastic Warfare participa en la batalla m\u00e1s grande de la historia de Green VS. Broncearse. Lucha entre y contra otros en l\u00ednea","og_url":"https:\/\/www.mercadokeys.com\/product\/the-mean-greens-plastic-warfare-steam-cd-key-2\/","og_site_name":"MERCADOKEYS","article_modified_time":"2022-06-28T13:13:45+00:00","og_image":[{"width":489,"height":528,"url":"https:\/\/www.mercadokeys.com\/wp-content\/uploads\/2021\/04\/the-mean-greens-plastic-warfare_cover_original.png","type":"image\/png"}],"twitter_card":"summary_large_image","twitter_misc":{"Estimated reading time":"1 minute"},"schema":{"@context":"https:\/\/schema.org","@graph":[{"@type":"WebPage","@id":"https:\/\/www.mercadokeys.com\/product\/the-mean-greens-plastic-warfare-steam-cd-key-2\/","url":"https:\/\/www.mercadokeys.com\/product\/the-mean-greens-plastic-warfare-steam-cd-key-2\/","name":"The Mean Greens - Plastic Warfare Steam CD Key - MERCADOKEYS","isPartOf":{"@id":"https:\/\/www.mercadokeys.com\/eng\/#website"},"primaryImageOfPage":{"@id":"https:\/\/www.mercadokeys.com\/product\/the-mean-greens-plastic-warfare-steam-cd-key-2\/#primaryimage"},"image":{"@id":"https:\/\/www.mercadokeys.com\/product\/the-mean-greens-plastic-warfare-steam-cd-key-2\/#primaryimage"},"thumbnailUrl":"https:\/\/www.mercadokeys.com.mx\/wp-content\/uploads\/2021\/04\/the-mean-greens-plastic-warfare_cover_original.png","datePublished":"2021-04-27T18:17:07+00:00","dateModified":"2022-06-28T13:13:45+00:00","description":"En The Mean Greens - Plastic Warfare participa en la batalla m\u00e1s grande de la historia de Green VS. Broncearse. Lucha entre y contra otros en l\u00ednea","breadcrumb":{"@id":"https:\/\/www.mercadokeys.com\/product\/the-mean-greens-plastic-warfare-steam-cd-key-2\/#breadcrumb"},"inLanguage":"en-GB","potentialAction":[{"@type":"ReadAction","target":["https:\/\/www.mercadokeys.com\/product\/the-mean-greens-plastic-warfare-steam-cd-key-2\/"]}]},{"@type":"ImageObject","inLanguage":"en-GB","@id":"https:\/\/www.mercadokeys.com\/product\/the-mean-greens-plastic-warfare-steam-cd-key-2\/#primaryimage","url":"https:\/\/www.mercadokeys.com.mx\/wp-content\/uploads\/2021\/04\/the-mean-greens-plastic-warfare_cover_original.png","contentUrl":"https:\/\/www.mercadokeys.com.mx\/wp-content\/uploads\/2021\/04\/the-mean-greens-plastic-warfare_cover_original.png","width":489,"height":528,"caption":"En The Mean Greens - Plastic Warfare participa en la batalla m\u00e1s grande de la historia de Green VS. Broncearse. Lucha entre y contra otros en l\u00ednea"},{"@type":"BreadcrumbList","@id":"https:\/\/www.mercadokeys.com\/product\/the-mean-greens-plastic-warfare-steam-cd-key-2\/#breadcrumb","itemListElement":[{"@type":"ListItem","position":1,"name":"Inicio","item":"https:\/\/www.mercadokeys.com.mx\/"},{"@type":"ListItem","position":2,"name":"Tienda","item":"https:\/\/www.mercadokeys.com\/shop\/"},{"@type":"ListItem","position":3,"name":"The Mean Greens &#8211; Plastic Warfare Steam CD Key"}]},{"@type":"WebSite","@id":"https:\/\/www.mercadokeys.com\/eng\/#website","url":"https:\/\/www.mercadokeys.com\/eng\/","name":"MERCADOKEYS","description":"Tu Tienda de videojuegos digitales en Mexico!","potentialAction":[{"@type":"SearchAction","target":{"@type":"EntryPoint","urlTemplate":"https:\/\/www.mercadokeys.com\/eng\/?s={search_term_string}"},"query-input":{"@type":"PropertyValueSpecification","valueRequired":true,"valueName":"search_term_string"}}],"inLanguage":"en-GB"}]}},"df_price":277.577474,"df_sale_price":277.577474,"df_regular_price":277.577474,"df_image_link":"https:\/\/www.mercadokeys.com.mx\/wp-content\/uploads\/2021\/04\/the-mean-greens-plastic-warfare_cover_original-278x300.png","_links":{"self":[{"href":"https:\/\/www.mercadokeys.com.mx\/eng\/wp-json\/wp\/v2\/product\/112988","targetHints":{"allow":["GET"]}}],"collection":[{"href":"https:\/\/www.mercadokeys.com.mx\/eng\/wp-json\/wp\/v2\/product"}],"about":[{"href":"https:\/\/www.mercadokeys.com.mx\/eng\/wp-json\/wp\/v2\/types\/product"}],"wp:featuredmedia":[{"embeddable":true,"href":"https:\/\/www.mercadokeys.com.mx\/eng\/wp-json\/wp\/v2\/media\/112989"}],"wp:attachment":[{"href":"https:\/\/www.mercadokeys.com.mx\/eng\/wp-json\/wp\/v2\/media?parent=112988"}],"wp:term":[{"taxonomy":"product_brand","embeddable":true,"href":"https:\/\/www.mercadokeys.com.mx\/eng\/wp-json\/wp\/v2\/product_brand?post=112988"},{"taxonomy":"product_cat","embeddable":true,"href":"https:\/\/www.mercadokeys.com.mx\/eng\/wp-json\/wp\/v2\/product_cat?post=112988"},{"taxonomy":"product_tag","embeddable":true,"href":"https:\/\/www.mercadokeys.com.mx\/eng\/wp-json\/wp\/v2\/product_tag?post=112988"}],"curies":[{"name":"wp","href":"https:\/\/api.w.org\/{rel}","templated":true}]}}