{"id":112946,"date":"2021-04-27T10:29:30","date_gmt":"2021-04-27T17:29:30","guid":{"rendered":"https:\/\/www.mercadokeys.com\/product\/divinity-original-sin-enhanced-edition-gog-cd-key-2\/"},"modified":"2022-06-28T06:13:43","modified_gmt":"2022-06-28T13:13:43","slug":"divinity-original-sin-enhanced-edition-gog-cd-key-2","status":"publish","type":"product","link":"https:\/\/www.mercadokeys.com.mx\/eng\/product\/divinity-original-sin-enhanced-edition-gog-cd-key-2\/","title":{"rendered":"Divinity: Original Sin Enhanced Edition GOG CD Key"},"content":{"rendered":"<p><span style=\"vertical-align: inherit;\">En Divinity: Original Sin, \u00a1Re\u00fane a tu grupo y prep\u00e1rate para una nueva aventura de rol de regreso a las ra\u00edces! Discuta sus decisiones con sus compa\u00f1eros; luchar contra enemigos en combates por turnos; explora un mundo abierto e interact\u00faa con todo y con todos los que ves. \u00danete a un amigo para jugar en l\u00ednea en modo cooperativo y crea tus propias aventuras con el poderoso juego de herramientas RPG. <\/span><\/p>\n<p><span style=\"vertical-align: inherit;\">En Divinity: Original Sin, asumes el papel de un joven Source Hunter: tu trabajo es librar al mundo de aquellos que usan la magia m\u00e1s sucia. Cuando te embarcas en lo que deber\u00eda haber sido una investigaci\u00f3n de asesinato de rutina, de repente te encuentras en medio de una trama que sacudir\u00e1 el tejido del tiempo.<\/span><\/p>\n<p><span style=\"vertical-align: inherit;\">Divinity: Original Sin es un juego que te da mucha libertad y muchas mec\u00e1nicas de juego para usar o abusar. La historia \u00e9pica del juego puede llevarlo a alcanzar su objetivo final, pero la forma de llegar all\u00ed depende completamente de usted. <\/span><\/p>\n<p><span style=\"vertical-align: inherit;\">O depende de ti y de un amigo, porque Divinity: Original Sin se puede jugar de forma completamente cooperativa y cuenta con un modo multijugador local y en l\u00ednea. \u00a1Las grandes aventuras se vuelven a\u00fan mejores cuando se comparten con un compa\u00f1ero de armas de confianza!<\/span><\/p>","protected":false},"excerpt":{"rendered":"<p>En Divinity: Original Sin, \u00a1Re\u00fane a tu grupo y prep\u00e1rate para una nueva aventura de rol de regreso a las ra\u00edces! Discuta sus decisiones con sus compa\u00f1eros; luchar contra enemigos en combates por turnos; explora un mundo abierto e interact\u00faa con todo y con todos los que ves. \u00danete a un amigo para jugar en&#8230;<\/p>","protected":false},"featured_media":112947,"template":"","meta":{"_monsterinsights_skip_tracking":false,"_monsterinsights_sitenote_active":false,"_monsterinsights_sitenote_note":"","_monsterinsights_sitenote_category":0},"product_brand":[],"product_cat":[1501,1271,1283,1280,1276,1405,1381],"product_tag":[1939,1938,1695],"class_list":{"0":"post-112946","1":"product","2":"type-product","3":"status-publish","4":"has-post-thumbnail","6":"product_cat-tienda-de-videojuegos-ultimos-juegos-tijuana-mexico","7":"product_cat-tienda-de-videojuegos-tijuana-mexico","8":"product_cat-tienda-de-videojuegos-plataformas-tijuana-mexico","9":"product_cat-tienda-de-videojuegos-pc-tijuana-mexico","10":"product_cat-tienda-de-videojuegos-gog-tijuana-mexico","11":"product_cat-tienda-de-videojuegos-rpg-tijuana-mexico","12":"product_cat-sin-categorizar","13":"product_tag-divinity-original-sin-enhanced-edition","14":"product_tag-divinity-original-sin-enhanced-edition-gog","15":"product_tag-gog","17":"first","18":"instock","19":"shipping-taxable","20":"purchasable","21":"product-type-simple"},"yoast_head":"<!-- This site is optimized with the Yoast SEO plugin v27.0 - https:\/\/yoast.com\/product\/yoast-seo-wordpress\/ -->\n<title>Divinity: Original Sin Enhanced Edition GOG CD Key - MERCADOKEYS<\/title>\n<meta name=\"description\" content=\"En Divinity: Original Sin, asumes el papel de un joven Source Hunter: tu trabajo es librar al mundo de aquellos que usan la magia m\u00e1s sucia.\" \/>\n<meta name=\"robots\" content=\"index, follow, max-snippet:-1, max-image-preview:large, max-video-preview:-1\" \/>\n<link rel=\"canonical\" href=\"https:\/\/www.mercadokeys.com\/eng\/product\/divinity-original-sin-enhanced-edition-gog-cd-key-2\/\" \/>\n<meta property=\"og:locale\" content=\"en_GB\" \/>\n<meta property=\"og:type\" content=\"article\" \/>\n<meta property=\"og:title\" content=\"Divinity: Original Sin Enhanced Edition GOG CD Key - MERCADOKEYS\" \/>\n<meta property=\"og:description\" content=\"En Divinity: Original Sin, asumes el papel de un joven Source Hunter: tu trabajo es librar al mundo de aquellos que usan la magia m\u00e1s sucia.\" \/>\n<meta property=\"og:url\" content=\"https:\/\/www.mercadokeys.com\/eng\/product\/divinity-original-sin-enhanced-edition-gog-cd-key-2\/\" \/>\n<meta property=\"og:site_name\" content=\"MERCADOKEYS\" \/>\n<meta property=\"article:modified_time\" content=\"2022-06-28T13:13:43+00:00\" \/>\n<meta property=\"og:image\" content=\"https:\/\/www.mercadokeys.com\/wp-content\/uploads\/2021\/04\/divinity-original-sin_cover_original.jpg\" \/>\n\t<meta property=\"og:image:width\" content=\"831\" \/>\n\t<meta property=\"og:image:height\" content=\"1000\" \/>\n\t<meta property=\"og:image:type\" content=\"image\/jpeg\" \/>\n<meta name=\"twitter:card\" content=\"summary_large_image\" \/>\n<meta name=\"twitter:label1\" content=\"Estimated reading time\" \/>\n\t<meta name=\"twitter:data1\" content=\"1 minute\" \/>\n<script type=\"application\/ld+json\" class=\"yoast-schema-graph\">{\"@context\":\"https:\/\/schema.org\",\"@graph\":[{\"@type\":\"WebPage\",\"@id\":\"https:\/\/www.mercadokeys.com\/eng\/product\/divinity-original-sin-enhanced-edition-gog-cd-key-2\/\",\"url\":\"https:\/\/www.mercadokeys.com\/eng\/product\/divinity-original-sin-enhanced-edition-gog-cd-key-2\/\",\"name\":\"Divinity: Original Sin Enhanced Edition GOG CD Key - MERCADOKEYS\",\"isPartOf\":{\"@id\":\"https:\/\/www.mercadokeys.com\/eng\/#website\"},\"primaryImageOfPage\":{\"@id\":\"https:\/\/www.mercadokeys.com\/eng\/product\/divinity-original-sin-enhanced-edition-gog-cd-key-2\/#primaryimage\"},\"image\":{\"@id\":\"https:\/\/www.mercadokeys.com\/eng\/product\/divinity-original-sin-enhanced-edition-gog-cd-key-2\/#primaryimage\"},\"thumbnailUrl\":\"https:\/\/www.mercadokeys.com.mx\/wp-content\/uploads\/2021\/04\/divinity-original-sin_cover_original.jpg\",\"datePublished\":\"2021-04-27T17:29:30+00:00\",\"dateModified\":\"2022-06-28T13:13:43+00:00\",\"description\":\"En Divinity: Original Sin, asumes el papel de un joven Source Hunter: tu trabajo es librar al mundo de aquellos que usan la magia m\u00e1s sucia.\",\"breadcrumb\":{\"@id\":\"https:\/\/www.mercadokeys.com\/eng\/product\/divinity-original-sin-enhanced-edition-gog-cd-key-2\/#breadcrumb\"},\"inLanguage\":\"en-GB\",\"potentialAction\":[{\"@type\":\"ReadAction\",\"target\":[\"https:\/\/www.mercadokeys.com\/eng\/product\/divinity-original-sin-enhanced-edition-gog-cd-key-2\/\"]}]},{\"@type\":\"ImageObject\",\"inLanguage\":\"en-GB\",\"@id\":\"https:\/\/www.mercadokeys.com\/eng\/product\/divinity-original-sin-enhanced-edition-gog-cd-key-2\/#primaryimage\",\"url\":\"https:\/\/www.mercadokeys.com.mx\/wp-content\/uploads\/2021\/04\/divinity-original-sin_cover_original.jpg\",\"contentUrl\":\"https:\/\/www.mercadokeys.com.mx\/wp-content\/uploads\/2021\/04\/divinity-original-sin_cover_original.jpg\",\"width\":831,\"height\":1000},{\"@type\":\"BreadcrumbList\",\"@id\":\"https:\/\/www.mercadokeys.com\/eng\/product\/divinity-original-sin-enhanced-edition-gog-cd-key-2\/#breadcrumb\",\"itemListElement\":[{\"@type\":\"ListItem\",\"position\":1,\"name\":\"Inicio\",\"item\":\"https:\/\/www.mercadokeys.com.mx\/\"},{\"@type\":\"ListItem\",\"position\":2,\"name\":\"Tienda\",\"item\":\"https:\/\/www.mercadokeys.com\/shop\/\"},{\"@type\":\"ListItem\",\"position\":3,\"name\":\"Divinity: Original Sin Enhanced Edition GOG CD Key\"}]},{\"@type\":\"WebSite\",\"@id\":\"https:\/\/www.mercadokeys.com\/eng\/#website\",\"url\":\"https:\/\/www.mercadokeys.com\/eng\/\",\"name\":\"MERCADOKEYS\",\"description\":\"Tu Tienda de videojuegos digitales en Mexico!\",\"potentialAction\":[{\"@type\":\"SearchAction\",\"target\":{\"@type\":\"EntryPoint\",\"urlTemplate\":\"https:\/\/www.mercadokeys.com\/eng\/?s={search_term_string}\"},\"query-input\":{\"@type\":\"PropertyValueSpecification\",\"valueRequired\":true,\"valueName\":\"search_term_string\"}}],\"inLanguage\":\"en-GB\"}]}<\/script>\n<!-- \/ Yoast SEO plugin. -->","yoast_head_json":{"title":"Divinity: Original Sin Enhanced Edition GOG CD Key - MERCADOKEYS","description":"En Divinity: Original Sin, asumes el papel de un joven Source Hunter: tu trabajo es librar al mundo de aquellos que usan la magia m\u00e1s sucia.","robots":{"index":"index","follow":"follow","max-snippet":"max-snippet:-1","max-image-preview":"max-image-preview:large","max-video-preview":"max-video-preview:-1"},"canonical":"https:\/\/www.mercadokeys.com\/eng\/product\/divinity-original-sin-enhanced-edition-gog-cd-key-2\/","og_locale":"en_GB","og_type":"article","og_title":"Divinity: Original Sin Enhanced Edition GOG CD Key - MERCADOKEYS","og_description":"En Divinity: Original Sin, asumes el papel de un joven Source Hunter: tu trabajo es librar al mundo de aquellos que usan la magia m\u00e1s sucia.","og_url":"https:\/\/www.mercadokeys.com\/eng\/product\/divinity-original-sin-enhanced-edition-gog-cd-key-2\/","og_site_name":"MERCADOKEYS","article_modified_time":"2022-06-28T13:13:43+00:00","og_image":[{"width":831,"height":1000,"url":"https:\/\/www.mercadokeys.com\/wp-content\/uploads\/2021\/04\/divinity-original-sin_cover_original.jpg","type":"image\/jpeg"}],"twitter_card":"summary_large_image","twitter_misc":{"Estimated reading time":"1 minute"},"schema":{"@context":"https:\/\/schema.org","@graph":[{"@type":"WebPage","@id":"https:\/\/www.mercadokeys.com\/eng\/product\/divinity-original-sin-enhanced-edition-gog-cd-key-2\/","url":"https:\/\/www.mercadokeys.com\/eng\/product\/divinity-original-sin-enhanced-edition-gog-cd-key-2\/","name":"Divinity: Original Sin Enhanced Edition GOG CD Key - MERCADOKEYS","isPartOf":{"@id":"https:\/\/www.mercadokeys.com\/eng\/#website"},"primaryImageOfPage":{"@id":"https:\/\/www.mercadokeys.com\/eng\/product\/divinity-original-sin-enhanced-edition-gog-cd-key-2\/#primaryimage"},"image":{"@id":"https:\/\/www.mercadokeys.com\/eng\/product\/divinity-original-sin-enhanced-edition-gog-cd-key-2\/#primaryimage"},"thumbnailUrl":"https:\/\/www.mercadokeys.com.mx\/wp-content\/uploads\/2021\/04\/divinity-original-sin_cover_original.jpg","datePublished":"2021-04-27T17:29:30+00:00","dateModified":"2022-06-28T13:13:43+00:00","description":"En Divinity: Original Sin, asumes el papel de un joven Source Hunter: tu trabajo es librar al mundo de aquellos que usan la magia m\u00e1s sucia.","breadcrumb":{"@id":"https:\/\/www.mercadokeys.com\/eng\/product\/divinity-original-sin-enhanced-edition-gog-cd-key-2\/#breadcrumb"},"inLanguage":"en-GB","potentialAction":[{"@type":"ReadAction","target":["https:\/\/www.mercadokeys.com\/eng\/product\/divinity-original-sin-enhanced-edition-gog-cd-key-2\/"]}]},{"@type":"ImageObject","inLanguage":"en-GB","@id":"https:\/\/www.mercadokeys.com\/eng\/product\/divinity-original-sin-enhanced-edition-gog-cd-key-2\/#primaryimage","url":"https:\/\/www.mercadokeys.com.mx\/wp-content\/uploads\/2021\/04\/divinity-original-sin_cover_original.jpg","contentUrl":"https:\/\/www.mercadokeys.com.mx\/wp-content\/uploads\/2021\/04\/divinity-original-sin_cover_original.jpg","width":831,"height":1000},{"@type":"BreadcrumbList","@id":"https:\/\/www.mercadokeys.com\/eng\/product\/divinity-original-sin-enhanced-edition-gog-cd-key-2\/#breadcrumb","itemListElement":[{"@type":"ListItem","position":1,"name":"Inicio","item":"https:\/\/www.mercadokeys.com.mx\/"},{"@type":"ListItem","position":2,"name":"Tienda","item":"https:\/\/www.mercadokeys.com\/shop\/"},{"@type":"ListItem","position":3,"name":"Divinity: Original Sin Enhanced Edition GOG CD Key"}]},{"@type":"WebSite","@id":"https:\/\/www.mercadokeys.com\/eng\/#website","url":"https:\/\/www.mercadokeys.com\/eng\/","name":"MERCADOKEYS","description":"Tu Tienda de videojuegos digitales en Mexico!","potentialAction":[{"@type":"SearchAction","target":{"@type":"EntryPoint","urlTemplate":"https:\/\/www.mercadokeys.com\/eng\/?s={search_term_string}"},"query-input":{"@type":"PropertyValueSpecification","valueRequired":true,"valueName":"search_term_string"}}],"inLanguage":"en-GB"}]}},"df_price":406.980908,"df_sale_price":406.980908,"df_regular_price":406.980908,"df_image_link":"https:\/\/www.mercadokeys.com.mx\/wp-content\/uploads\/2021\/04\/divinity-original-sin_cover_original-249x300.jpg","_links":{"self":[{"href":"https:\/\/www.mercadokeys.com.mx\/eng\/wp-json\/wp\/v2\/product\/112946","targetHints":{"allow":["GET"]}}],"collection":[{"href":"https:\/\/www.mercadokeys.com.mx\/eng\/wp-json\/wp\/v2\/product"}],"about":[{"href":"https:\/\/www.mercadokeys.com.mx\/eng\/wp-json\/wp\/v2\/types\/product"}],"wp:featuredmedia":[{"embeddable":true,"href":"https:\/\/www.mercadokeys.com.mx\/eng\/wp-json\/wp\/v2\/media\/112947"}],"wp:attachment":[{"href":"https:\/\/www.mercadokeys.com.mx\/eng\/wp-json\/wp\/v2\/media?parent=112946"}],"wp:term":[{"taxonomy":"product_brand","embeddable":true,"href":"https:\/\/www.mercadokeys.com.mx\/eng\/wp-json\/wp\/v2\/product_brand?post=112946"},{"taxonomy":"product_cat","embeddable":true,"href":"https:\/\/www.mercadokeys.com.mx\/eng\/wp-json\/wp\/v2\/product_cat?post=112946"},{"taxonomy":"product_tag","embeddable":true,"href":"https:\/\/www.mercadokeys.com.mx\/eng\/wp-json\/wp\/v2\/product_tag?post=112946"}],"curies":[{"name":"wp","href":"https:\/\/api.w.org\/{rel}","templated":true}]}}