{"id":112925,"date":"2021-04-27T10:26:39","date_gmt":"2021-04-27T17:26:39","guid":{"rendered":"https:\/\/www.mercadokeys.com\/product\/running-with-rifles-steam-cd-key-2\/"},"modified":"2022-06-28T06:13:22","modified_gmt":"2022-06-28T13:13:22","slug":"running-with-rifles-steam-cd-key-2","status":"publish","type":"product","link":"https:\/\/www.mercadokeys.com.mx\/eng\/product\/running-with-rifles-steam-cd-key-2\/","title":{"rendered":"RUNNING WITH RIFLES Steam CD Key"},"content":{"rendered":"<p><span style=\"vertical-align: inherit\">RUNNING WITH RIFLES\u00a0 es un juego de disparos t\u00e1ctico de arriba hacia abajo con elementos de juego de rol de mundo abierto.\u00a0<\/span><\/p>\n<p><span style=\"vertical-align: inherit\">En RUNNING WITH RIFLES, te unes a las filas de un ej\u00e9rcito como soldado com\u00fan, al igual que los miles que te rodean. Para tus superiores, no eres m\u00e1s que carne de ca\u00f1\u00f3n &#8230; El enfoque de mundo abierto te permite definir tu propio camino e historia en la campa\u00f1a. Haz retroceder al enemigo con tus camaradas o ad\u00e9ntrate en las l\u00edneas enemigas para sabotear sus esfuerzos y saquear objetos valiosos.\u00a0<\/span><\/p>\n<p><span style=\"vertical-align: inherit\">A medida que gana experiencia, asciende a un mayor mando sobre los soldados y el equipo. \u00a1Solicite misiones de fuego de artiller\u00eda o refuerzos de paracaidistas cuando la situaci\u00f3n se ponga dif\u00edcil! Usa tu escuadr\u00f3n para manejar botes armados, tanques y veh\u00edculos blindados, o convi\u00e9rtete en el lobo solitario experto que siempre aspiraste a ser, \u00a1t\u00fa decides!<\/span><\/p>","protected":false},"excerpt":{"rendered":"<p>RUNNING WITH RIFLES\u00a0 es un juego de disparos t\u00e1ctico de arriba hacia abajo con elementos de juego de rol de mundo abierto.\u00a0 En RUNNING WITH RIFLES, te unes a las filas de un ej\u00e9rcito como soldado com\u00fan, al igual que los miles que te rodean. Para tus superiores, no eres m\u00e1s que carne de ca\u00f1\u00f3n&#8230;<\/p>","protected":false},"featured_media":112926,"template":"","meta":{"_monsterinsights_skip_tracking":false,"_monsterinsights_sitenote_active":false,"_monsterinsights_sitenote_note":"","_monsterinsights_sitenote_category":0},"product_brand":[],"product_cat":[1501,2981,3596,1271,3164,1420,1283,1280,1273,1393,1428],"product_tag":[2037,2036,1526],"class_list":{"0":"post-112925","1":"product","2":"type-product","3":"status-publish","4":"has-post-thumbnail","6":"product_cat-tienda-de-videojuegos-ultimos-juegos-tijuana-mexico","7":"product_cat-destacados","8":"product_cat-tienda-de-videojuegos-steam-recomendados-en-tijuana-mexico","9":"product_cat-tienda-de-videojuegos-tijuana-mexico","10":"product_cat-tienda-de-videojuegos-baratos-economicos-tijuana-mexico","11":"product_cat-tienda-de-videojuegos-populares-tijuana-mexico","12":"product_cat-tienda-de-videojuegos-plataformas-tijuana-mexico","13":"product_cat-tienda-de-videojuegos-pc-tijuana-mexico","14":"product_cat-tienda-de-videojuegos-steam-key-tijuana-mexico","15":"product_cat-tienda-de-videojuegos-indie-tijuana-mexico","16":"product_cat-tienda-de-videojuegos-cooperativos-tijuana-mexico","17":"product_tag-running-with-rifles","18":"product_tag-running-with-rifles-steam","19":"product_tag-steam","21":"first","22":"instock","23":"shipping-taxable","24":"purchasable","25":"product-type-simple"},"yoast_head":"<!-- This site is optimized with the Yoast SEO plugin v27.0 - https:\/\/yoast.com\/product\/yoast-seo-wordpress\/ -->\n<title>RUNNING WITH RIFLES Steam CD Key - MERCADOKEYS<\/title>\n<meta name=\"description\" content=\"En RUNNING WITH RIFLES, te unes a las filas de un ej\u00e9rcito como soldado com\u00fan, al igual que los miles que te rodean. Pero no eres m\u00e1s que carne de ca\u00f1\u00f3n\" \/>\n<meta name=\"robots\" content=\"index, follow, max-snippet:-1, max-image-preview:large, max-video-preview:-1\" \/>\n<link rel=\"canonical\" href=\"https:\/\/www.mercadokeys.com\/product\/running-with-rifles-steam-cd-key-2\/\" \/>\n<meta property=\"og:locale\" content=\"en_GB\" \/>\n<meta property=\"og:type\" content=\"article\" \/>\n<meta property=\"og:title\" content=\"RUNNING WITH RIFLES Steam CD Key - MERCADOKEYS\" \/>\n<meta property=\"og:description\" content=\"En RUNNING WITH RIFLES, te unes a las filas de un ej\u00e9rcito como soldado com\u00fan, al igual que los miles que te rodean. Pero no eres m\u00e1s que carne de ca\u00f1\u00f3n\" \/>\n<meta property=\"og:url\" content=\"https:\/\/www.mercadokeys.com\/product\/running-with-rifles-steam-cd-key-2\/\" \/>\n<meta property=\"og:site_name\" content=\"MERCADOKEYS\" \/>\n<meta property=\"article:modified_time\" content=\"2022-06-28T13:13:22+00:00\" \/>\n<meta property=\"og:image\" content=\"https:\/\/www.mercadokeys.com\/wp-content\/uploads\/2021\/04\/running-with-rifles_cover_original.jpg\" \/>\n\t<meta property=\"og:image:width\" content=\"560\" \/>\n\t<meta property=\"og:image:height\" content=\"300\" \/>\n\t<meta property=\"og:image:type\" content=\"image\/jpeg\" \/>\n<meta name=\"twitter:card\" content=\"summary_large_image\" \/>\n<meta name=\"twitter:label1\" content=\"Estimated reading time\" \/>\n\t<meta name=\"twitter:data1\" content=\"1 minute\" \/>\n<script type=\"application\/ld+json\" class=\"yoast-schema-graph\">{\"@context\":\"https:\/\/schema.org\",\"@graph\":[{\"@type\":\"WebPage\",\"@id\":\"https:\/\/www.mercadokeys.com\/product\/running-with-rifles-steam-cd-key-2\/\",\"url\":\"https:\/\/www.mercadokeys.com\/product\/running-with-rifles-steam-cd-key-2\/\",\"name\":\"RUNNING WITH RIFLES Steam CD Key - MERCADOKEYS\",\"isPartOf\":{\"@id\":\"https:\/\/www.mercadokeys.com\/eng\/#website\"},\"primaryImageOfPage\":{\"@id\":\"https:\/\/www.mercadokeys.com\/product\/running-with-rifles-steam-cd-key-2\/#primaryimage\"},\"image\":{\"@id\":\"https:\/\/www.mercadokeys.com\/product\/running-with-rifles-steam-cd-key-2\/#primaryimage\"},\"thumbnailUrl\":\"https:\/\/www.mercadokeys.com.mx\/wp-content\/uploads\/2021\/04\/running-with-rifles_cover_original.jpg\",\"datePublished\":\"2021-04-27T17:26:39+00:00\",\"dateModified\":\"2022-06-28T13:13:22+00:00\",\"description\":\"En RUNNING WITH RIFLES, te unes a las filas de un ej\u00e9rcito como soldado com\u00fan, al igual que los miles que te rodean. Pero no eres m\u00e1s que carne de ca\u00f1\u00f3n\",\"breadcrumb\":{\"@id\":\"https:\/\/www.mercadokeys.com\/product\/running-with-rifles-steam-cd-key-2\/#breadcrumb\"},\"inLanguage\":\"en-GB\",\"potentialAction\":[{\"@type\":\"ReadAction\",\"target\":[\"https:\/\/www.mercadokeys.com\/product\/running-with-rifles-steam-cd-key-2\/\"]}]},{\"@type\":\"ImageObject\",\"inLanguage\":\"en-GB\",\"@id\":\"https:\/\/www.mercadokeys.com\/product\/running-with-rifles-steam-cd-key-2\/#primaryimage\",\"url\":\"https:\/\/www.mercadokeys.com.mx\/wp-content\/uploads\/2021\/04\/running-with-rifles_cover_original.jpg\",\"contentUrl\":\"https:\/\/www.mercadokeys.com.mx\/wp-content\/uploads\/2021\/04\/running-with-rifles_cover_original.jpg\",\"width\":560,\"height\":300},{\"@type\":\"BreadcrumbList\",\"@id\":\"https:\/\/www.mercadokeys.com\/product\/running-with-rifles-steam-cd-key-2\/#breadcrumb\",\"itemListElement\":[{\"@type\":\"ListItem\",\"position\":1,\"name\":\"Inicio\",\"item\":\"https:\/\/www.mercadokeys.com.mx\/\"},{\"@type\":\"ListItem\",\"position\":2,\"name\":\"Tienda\",\"item\":\"https:\/\/www.mercadokeys.com\/shop\/\"},{\"@type\":\"ListItem\",\"position\":3,\"name\":\"RUNNING WITH RIFLES Steam CD Key\"}]},{\"@type\":\"WebSite\",\"@id\":\"https:\/\/www.mercadokeys.com\/eng\/#website\",\"url\":\"https:\/\/www.mercadokeys.com\/eng\/\",\"name\":\"MERCADOKEYS\",\"description\":\"Tu Tienda de videojuegos digitales en Mexico!\",\"potentialAction\":[{\"@type\":\"SearchAction\",\"target\":{\"@type\":\"EntryPoint\",\"urlTemplate\":\"https:\/\/www.mercadokeys.com\/eng\/?s={search_term_string}\"},\"query-input\":{\"@type\":\"PropertyValueSpecification\",\"valueRequired\":true,\"valueName\":\"search_term_string\"}}],\"inLanguage\":\"en-GB\"}]}<\/script>\n<!-- \/ Yoast SEO plugin. -->","yoast_head_json":{"title":"RUNNING WITH RIFLES Steam CD Key - MERCADOKEYS","description":"En RUNNING WITH RIFLES, te unes a las filas de un ej\u00e9rcito como soldado com\u00fan, al igual que los miles que te rodean. Pero no eres m\u00e1s que carne de ca\u00f1\u00f3n","robots":{"index":"index","follow":"follow","max-snippet":"max-snippet:-1","max-image-preview":"max-image-preview:large","max-video-preview":"max-video-preview:-1"},"canonical":"https:\/\/www.mercadokeys.com\/product\/running-with-rifles-steam-cd-key-2\/","og_locale":"en_GB","og_type":"article","og_title":"RUNNING WITH RIFLES Steam CD Key - MERCADOKEYS","og_description":"En RUNNING WITH RIFLES, te unes a las filas de un ej\u00e9rcito como soldado com\u00fan, al igual que los miles que te rodean. Pero no eres m\u00e1s que carne de ca\u00f1\u00f3n","og_url":"https:\/\/www.mercadokeys.com\/product\/running-with-rifles-steam-cd-key-2\/","og_site_name":"MERCADOKEYS","article_modified_time":"2022-06-28T13:13:22+00:00","og_image":[{"width":560,"height":300,"url":"https:\/\/www.mercadokeys.com\/wp-content\/uploads\/2021\/04\/running-with-rifles_cover_original.jpg","type":"image\/jpeg"}],"twitter_card":"summary_large_image","twitter_misc":{"Estimated reading time":"1 minute"},"schema":{"@context":"https:\/\/schema.org","@graph":[{"@type":"WebPage","@id":"https:\/\/www.mercadokeys.com\/product\/running-with-rifles-steam-cd-key-2\/","url":"https:\/\/www.mercadokeys.com\/product\/running-with-rifles-steam-cd-key-2\/","name":"RUNNING WITH RIFLES Steam CD Key - MERCADOKEYS","isPartOf":{"@id":"https:\/\/www.mercadokeys.com\/eng\/#website"},"primaryImageOfPage":{"@id":"https:\/\/www.mercadokeys.com\/product\/running-with-rifles-steam-cd-key-2\/#primaryimage"},"image":{"@id":"https:\/\/www.mercadokeys.com\/product\/running-with-rifles-steam-cd-key-2\/#primaryimage"},"thumbnailUrl":"https:\/\/www.mercadokeys.com.mx\/wp-content\/uploads\/2021\/04\/running-with-rifles_cover_original.jpg","datePublished":"2021-04-27T17:26:39+00:00","dateModified":"2022-06-28T13:13:22+00:00","description":"En RUNNING WITH RIFLES, te unes a las filas de un ej\u00e9rcito como soldado com\u00fan, al igual que los miles que te rodean. Pero no eres m\u00e1s que carne de ca\u00f1\u00f3n","breadcrumb":{"@id":"https:\/\/www.mercadokeys.com\/product\/running-with-rifles-steam-cd-key-2\/#breadcrumb"},"inLanguage":"en-GB","potentialAction":[{"@type":"ReadAction","target":["https:\/\/www.mercadokeys.com\/product\/running-with-rifles-steam-cd-key-2\/"]}]},{"@type":"ImageObject","inLanguage":"en-GB","@id":"https:\/\/www.mercadokeys.com\/product\/running-with-rifles-steam-cd-key-2\/#primaryimage","url":"https:\/\/www.mercadokeys.com.mx\/wp-content\/uploads\/2021\/04\/running-with-rifles_cover_original.jpg","contentUrl":"https:\/\/www.mercadokeys.com.mx\/wp-content\/uploads\/2021\/04\/running-with-rifles_cover_original.jpg","width":560,"height":300},{"@type":"BreadcrumbList","@id":"https:\/\/www.mercadokeys.com\/product\/running-with-rifles-steam-cd-key-2\/#breadcrumb","itemListElement":[{"@type":"ListItem","position":1,"name":"Inicio","item":"https:\/\/www.mercadokeys.com.mx\/"},{"@type":"ListItem","position":2,"name":"Tienda","item":"https:\/\/www.mercadokeys.com\/shop\/"},{"@type":"ListItem","position":3,"name":"RUNNING WITH RIFLES Steam CD Key"}]},{"@type":"WebSite","@id":"https:\/\/www.mercadokeys.com\/eng\/#website","url":"https:\/\/www.mercadokeys.com\/eng\/","name":"MERCADOKEYS","description":"Tu Tienda de videojuegos digitales en Mexico!","potentialAction":[{"@type":"SearchAction","target":{"@type":"EntryPoint","urlTemplate":"https:\/\/www.mercadokeys.com\/eng\/?s={search_term_string}"},"query-input":{"@type":"PropertyValueSpecification","valueRequired":true,"valueName":"search_term_string"}}],"inLanguage":"en-GB"}]}},"df_price":175.476744,"df_sale_price":175.476744,"df_regular_price":175.476744,"df_image_link":"https:\/\/www.mercadokeys.com.mx\/wp-content\/uploads\/2021\/04\/running-with-rifles_cover_original-300x161.jpg","_links":{"self":[{"href":"https:\/\/www.mercadokeys.com.mx\/eng\/wp-json\/wp\/v2\/product\/112925","targetHints":{"allow":["GET"]}}],"collection":[{"href":"https:\/\/www.mercadokeys.com.mx\/eng\/wp-json\/wp\/v2\/product"}],"about":[{"href":"https:\/\/www.mercadokeys.com.mx\/eng\/wp-json\/wp\/v2\/types\/product"}],"wp:featuredmedia":[{"embeddable":true,"href":"https:\/\/www.mercadokeys.com.mx\/eng\/wp-json\/wp\/v2\/media\/112926"}],"wp:attachment":[{"href":"https:\/\/www.mercadokeys.com.mx\/eng\/wp-json\/wp\/v2\/media?parent=112925"}],"wp:term":[{"taxonomy":"product_brand","embeddable":true,"href":"https:\/\/www.mercadokeys.com.mx\/eng\/wp-json\/wp\/v2\/product_brand?post=112925"},{"taxonomy":"product_cat","embeddable":true,"href":"https:\/\/www.mercadokeys.com.mx\/eng\/wp-json\/wp\/v2\/product_cat?post=112925"},{"taxonomy":"product_tag","embeddable":true,"href":"https:\/\/www.mercadokeys.com.mx\/eng\/wp-json\/wp\/v2\/product_tag?post=112925"}],"curies":[{"name":"wp","href":"https:\/\/api.w.org\/{rel}","templated":true}]}}