{"id":112922,"date":"2021-04-27T10:26:31","date_gmt":"2021-04-27T17:26:31","guid":{"rendered":"https:\/\/www.mercadokeys.com\/product\/beat-hazard-steam-cd-key-2\/"},"modified":"2022-06-28T06:13:20","modified_gmt":"2022-06-28T13:13:20","slug":"beat-hazard-steam-cd-key-2","status":"publish","type":"product","link":"https:\/\/www.mercadokeys.com.mx\/eng\/product\/beat-hazard-steam-cd-key-2\/","title":{"rendered":"Beat Hazard Steam CD Key"},"content":{"rendered":"<p><span style=\"vertical-align: inherit\">Bienvenido a una nueva experiencia en la mec\u00e1nica de juego: \u00a1Beat Hazard\u00a0 <\/span><br \/>\n<span style=\"vertical-align: inherit\">Gameplay impulsado por TU m\u00fasica!\u00a0<\/span><br \/>\n<span style=\"vertical-align: inherit\">Experimenta tu colecci\u00f3n de m\u00fasica como nunca antes con este arcade de disparos intenso impulsado por la m\u00fasica. Cada una de tus canciones tendr\u00e1 su propio flujo y reflujo \u00fanico basado en la m\u00fasica.\u00a0<\/span><br \/>\n<span style=\"vertical-align: inherit\">Enciende tu nave espacial y observa c\u00f3mo la m\u00fasica aumenta tu potencia de fuego. \u00a1Desata el infierno en las naves enemigas cuando alcances el m\u00e1ximo de recolecciones de armas!\u00a0<\/span><br \/>\n<span style=\"vertical-align: inherit\">Beat Hazard combina a la perfecci\u00f3n el amor por los juegos y la m\u00fasica. Juntos se vuelven m\u00e1s grandes que la suma de sus partes.<\/span><\/p>","protected":false},"excerpt":{"rendered":"<p>Bienvenido a una nueva experiencia en la mec\u00e1nica de juego: \u00a1Beat Hazard\u00a0 Gameplay impulsado por TU m\u00fasica!\u00a0 Experimenta tu colecci\u00f3n de m\u00fasica como nunca antes con este arcade de disparos intenso impulsado por la m\u00fasica. Cada una de tus canciones tendr\u00e1 su propio flujo y reflujo \u00fanico basado en la m\u00fasica.\u00a0 Enciende tu nave espacial&#8230;<\/p>","protected":false},"featured_media":112923,"template":"","meta":{"_monsterinsights_skip_tracking":false,"_monsterinsights_sitenote_active":false,"_monsterinsights_sitenote_note":"","_monsterinsights_sitenote_category":0},"product_brand":[],"product_cat":[1501,2981,3596,1271,3164,1420,1283,1280,1273,1395,1312,1428],"product_tag":[2034,2035,1526],"class_list":{"0":"post-112922","1":"product","2":"type-product","3":"status-publish","4":"has-post-thumbnail","6":"product_cat-tienda-de-videojuegos-ultimos-juegos-tijuana-mexico","7":"product_cat-destacados","8":"product_cat-tienda-de-videojuegos-steam-recomendados-en-tijuana-mexico","9":"product_cat-tienda-de-videojuegos-tijuana-mexico","10":"product_cat-tienda-de-videojuegos-baratos-economicos-tijuana-mexico","11":"product_cat-tienda-de-videojuegos-populares-tijuana-mexico","12":"product_cat-tienda-de-videojuegos-plataformas-tijuana-mexico","13":"product_cat-tienda-de-videojuegos-pc-tijuana-mexico","14":"product_cat-tienda-de-videojuegos-steam-key-tijuana-mexico","15":"product_cat-tienda-de-videojuegos-casual-tijuana-mexico","16":"product_cat-tienda-de-videojuegos-arcade-tijuana-mexico","17":"product_cat-tienda-de-videojuegos-cooperativos-tijuana-mexico","18":"product_tag-beat-hazard","19":"product_tag-beat-hazard-steam","20":"product_tag-steam","22":"first","23":"instock","24":"shipping-taxable","25":"purchasable","26":"product-type-simple"},"yoast_head":"<!-- This site is optimized with the Yoast SEO plugin v27.0 - https:\/\/yoast.com\/product\/yoast-seo-wordpress\/ -->\n<title>Beat Hazard Steam CD Key - MERCADOKEYS<\/title>\n<meta name=\"description\" content=\"En Beat Hazard\u00a0 experimenta tu colecci\u00f3n de m\u00fasica como nunca antes con este arcade de disparos intenso impulsado por la m\u00fasica.\" \/>\n<meta name=\"robots\" content=\"index, follow, max-snippet:-1, max-image-preview:large, max-video-preview:-1\" \/>\n<link rel=\"canonical\" href=\"https:\/\/www.mercadokeys.com\/product\/beat-hazard-steam-cd-key-2\/\" \/>\n<meta property=\"og:locale\" content=\"en_GB\" \/>\n<meta property=\"og:type\" content=\"article\" \/>\n<meta property=\"og:title\" content=\"Beat Hazard Steam CD Key - MERCADOKEYS\" \/>\n<meta property=\"og:description\" content=\"En Beat Hazard\u00a0 experimenta tu colecci\u00f3n de m\u00fasica como nunca antes con este arcade de disparos intenso impulsado por la m\u00fasica.\" \/>\n<meta property=\"og:url\" content=\"https:\/\/www.mercadokeys.com\/product\/beat-hazard-steam-cd-key-2\/\" \/>\n<meta property=\"og:site_name\" content=\"MERCADOKEYS\" \/>\n<meta property=\"article:modified_time\" content=\"2022-06-28T13:13:20+00:00\" \/>\n<meta property=\"og:image\" content=\"https:\/\/www.mercadokeys.com\/wp-content\/uploads\/2021\/04\/beat-hazard_cover_original.jpg\" \/>\n\t<meta property=\"og:image:width\" content=\"600\" \/>\n\t<meta property=\"og:image:height\" content=\"845\" \/>\n\t<meta property=\"og:image:type\" content=\"image\/jpeg\" \/>\n<meta name=\"twitter:card\" content=\"summary_large_image\" \/>\n<meta name=\"twitter:label1\" content=\"Estimated reading time\" \/>\n\t<meta name=\"twitter:data1\" content=\"1 minute\" \/>\n<script type=\"application\/ld+json\" class=\"yoast-schema-graph\">{\"@context\":\"https:\/\/schema.org\",\"@graph\":[{\"@type\":\"WebPage\",\"@id\":\"https:\/\/www.mercadokeys.com\/product\/beat-hazard-steam-cd-key-2\/\",\"url\":\"https:\/\/www.mercadokeys.com\/product\/beat-hazard-steam-cd-key-2\/\",\"name\":\"Beat Hazard Steam CD Key - MERCADOKEYS\",\"isPartOf\":{\"@id\":\"https:\/\/www.mercadokeys.com\/eng\/#website\"},\"primaryImageOfPage\":{\"@id\":\"https:\/\/www.mercadokeys.com\/product\/beat-hazard-steam-cd-key-2\/#primaryimage\"},\"image\":{\"@id\":\"https:\/\/www.mercadokeys.com\/product\/beat-hazard-steam-cd-key-2\/#primaryimage\"},\"thumbnailUrl\":\"https:\/\/www.mercadokeys.com.mx\/wp-content\/uploads\/2021\/04\/beat-hazard_cover_original.jpg\",\"datePublished\":\"2021-04-27T17:26:31+00:00\",\"dateModified\":\"2022-06-28T13:13:20+00:00\",\"description\":\"En Beat Hazard\u00a0 experimenta tu colecci\u00f3n de m\u00fasica como nunca antes con este arcade de disparos intenso impulsado por la m\u00fasica.\",\"breadcrumb\":{\"@id\":\"https:\/\/www.mercadokeys.com\/product\/beat-hazard-steam-cd-key-2\/#breadcrumb\"},\"inLanguage\":\"en-GB\",\"potentialAction\":[{\"@type\":\"ReadAction\",\"target\":[\"https:\/\/www.mercadokeys.com\/product\/beat-hazard-steam-cd-key-2\/\"]}]},{\"@type\":\"ImageObject\",\"inLanguage\":\"en-GB\",\"@id\":\"https:\/\/www.mercadokeys.com\/product\/beat-hazard-steam-cd-key-2\/#primaryimage\",\"url\":\"https:\/\/www.mercadokeys.com.mx\/wp-content\/uploads\/2021\/04\/beat-hazard_cover_original.jpg\",\"contentUrl\":\"https:\/\/www.mercadokeys.com.mx\/wp-content\/uploads\/2021\/04\/beat-hazard_cover_original.jpg\",\"width\":600,\"height\":845},{\"@type\":\"BreadcrumbList\",\"@id\":\"https:\/\/www.mercadokeys.com\/product\/beat-hazard-steam-cd-key-2\/#breadcrumb\",\"itemListElement\":[{\"@type\":\"ListItem\",\"position\":1,\"name\":\"Inicio\",\"item\":\"https:\/\/www.mercadokeys.com.mx\/\"},{\"@type\":\"ListItem\",\"position\":2,\"name\":\"Tienda\",\"item\":\"https:\/\/www.mercadokeys.com\/shop\/\"},{\"@type\":\"ListItem\",\"position\":3,\"name\":\"Beat Hazard Steam CD Key\"}]},{\"@type\":\"WebSite\",\"@id\":\"https:\/\/www.mercadokeys.com\/eng\/#website\",\"url\":\"https:\/\/www.mercadokeys.com\/eng\/\",\"name\":\"MERCADOKEYS\",\"description\":\"Tu Tienda de videojuegos digitales en Mexico!\",\"potentialAction\":[{\"@type\":\"SearchAction\",\"target\":{\"@type\":\"EntryPoint\",\"urlTemplate\":\"https:\/\/www.mercadokeys.com\/eng\/?s={search_term_string}\"},\"query-input\":{\"@type\":\"PropertyValueSpecification\",\"valueRequired\":true,\"valueName\":\"search_term_string\"}}],\"inLanguage\":\"en-GB\"}]}<\/script>\n<!-- \/ Yoast SEO plugin. -->","yoast_head_json":{"title":"Beat Hazard Steam CD Key - MERCADOKEYS","description":"En Beat Hazard\u00a0 experimenta tu colecci\u00f3n de m\u00fasica como nunca antes con este arcade de disparos intenso impulsado por la m\u00fasica.","robots":{"index":"index","follow":"follow","max-snippet":"max-snippet:-1","max-image-preview":"max-image-preview:large","max-video-preview":"max-video-preview:-1"},"canonical":"https:\/\/www.mercadokeys.com\/product\/beat-hazard-steam-cd-key-2\/","og_locale":"en_GB","og_type":"article","og_title":"Beat Hazard Steam CD Key - MERCADOKEYS","og_description":"En Beat Hazard\u00a0 experimenta tu colecci\u00f3n de m\u00fasica como nunca antes con este arcade de disparos intenso impulsado por la m\u00fasica.","og_url":"https:\/\/www.mercadokeys.com\/product\/beat-hazard-steam-cd-key-2\/","og_site_name":"MERCADOKEYS","article_modified_time":"2022-06-28T13:13:20+00:00","og_image":[{"width":600,"height":845,"url":"https:\/\/www.mercadokeys.com\/wp-content\/uploads\/2021\/04\/beat-hazard_cover_original.jpg","type":"image\/jpeg"}],"twitter_card":"summary_large_image","twitter_misc":{"Estimated reading time":"1 minute"},"schema":{"@context":"https:\/\/schema.org","@graph":[{"@type":"WebPage","@id":"https:\/\/www.mercadokeys.com\/product\/beat-hazard-steam-cd-key-2\/","url":"https:\/\/www.mercadokeys.com\/product\/beat-hazard-steam-cd-key-2\/","name":"Beat Hazard Steam CD Key - MERCADOKEYS","isPartOf":{"@id":"https:\/\/www.mercadokeys.com\/eng\/#website"},"primaryImageOfPage":{"@id":"https:\/\/www.mercadokeys.com\/product\/beat-hazard-steam-cd-key-2\/#primaryimage"},"image":{"@id":"https:\/\/www.mercadokeys.com\/product\/beat-hazard-steam-cd-key-2\/#primaryimage"},"thumbnailUrl":"https:\/\/www.mercadokeys.com.mx\/wp-content\/uploads\/2021\/04\/beat-hazard_cover_original.jpg","datePublished":"2021-04-27T17:26:31+00:00","dateModified":"2022-06-28T13:13:20+00:00","description":"En Beat Hazard\u00a0 experimenta tu colecci\u00f3n de m\u00fasica como nunca antes con este arcade de disparos intenso impulsado por la m\u00fasica.","breadcrumb":{"@id":"https:\/\/www.mercadokeys.com\/product\/beat-hazard-steam-cd-key-2\/#breadcrumb"},"inLanguage":"en-GB","potentialAction":[{"@type":"ReadAction","target":["https:\/\/www.mercadokeys.com\/product\/beat-hazard-steam-cd-key-2\/"]}]},{"@type":"ImageObject","inLanguage":"en-GB","@id":"https:\/\/www.mercadokeys.com\/product\/beat-hazard-steam-cd-key-2\/#primaryimage","url":"https:\/\/www.mercadokeys.com.mx\/wp-content\/uploads\/2021\/04\/beat-hazard_cover_original.jpg","contentUrl":"https:\/\/www.mercadokeys.com.mx\/wp-content\/uploads\/2021\/04\/beat-hazard_cover_original.jpg","width":600,"height":845},{"@type":"BreadcrumbList","@id":"https:\/\/www.mercadokeys.com\/product\/beat-hazard-steam-cd-key-2\/#breadcrumb","itemListElement":[{"@type":"ListItem","position":1,"name":"Inicio","item":"https:\/\/www.mercadokeys.com.mx\/"},{"@type":"ListItem","position":2,"name":"Tienda","item":"https:\/\/www.mercadokeys.com\/shop\/"},{"@type":"ListItem","position":3,"name":"Beat Hazard Steam CD Key"}]},{"@type":"WebSite","@id":"https:\/\/www.mercadokeys.com\/eng\/#website","url":"https:\/\/www.mercadokeys.com\/eng\/","name":"MERCADOKEYS","description":"Tu Tienda de videojuegos digitales en Mexico!","potentialAction":[{"@type":"SearchAction","target":{"@type":"EntryPoint","urlTemplate":"https:\/\/www.mercadokeys.com\/eng\/?s={search_term_string}"},"query-input":{"@type":"PropertyValueSpecification","valueRequired":true,"valueName":"search_term_string"}}],"inLanguage":"en-GB"}]}},"df_price":48.348536,"df_sale_price":48.348536,"df_regular_price":48.348536,"df_image_link":"https:\/\/www.mercadokeys.com.mx\/wp-content\/uploads\/2021\/04\/beat-hazard_cover_original-213x300.jpg","_links":{"self":[{"href":"https:\/\/www.mercadokeys.com.mx\/eng\/wp-json\/wp\/v2\/product\/112922","targetHints":{"allow":["GET"]}}],"collection":[{"href":"https:\/\/www.mercadokeys.com.mx\/eng\/wp-json\/wp\/v2\/product"}],"about":[{"href":"https:\/\/www.mercadokeys.com.mx\/eng\/wp-json\/wp\/v2\/types\/product"}],"wp:featuredmedia":[{"embeddable":true,"href":"https:\/\/www.mercadokeys.com.mx\/eng\/wp-json\/wp\/v2\/media\/112923"}],"wp:attachment":[{"href":"https:\/\/www.mercadokeys.com.mx\/eng\/wp-json\/wp\/v2\/media?parent=112922"}],"wp:term":[{"taxonomy":"product_brand","embeddable":true,"href":"https:\/\/www.mercadokeys.com.mx\/eng\/wp-json\/wp\/v2\/product_brand?post=112922"},{"taxonomy":"product_cat","embeddable":true,"href":"https:\/\/www.mercadokeys.com.mx\/eng\/wp-json\/wp\/v2\/product_cat?post=112922"},{"taxonomy":"product_tag","embeddable":true,"href":"https:\/\/www.mercadokeys.com.mx\/eng\/wp-json\/wp\/v2\/product_tag?post=112922"}],"curies":[{"name":"wp","href":"https:\/\/api.w.org\/{rel}","templated":true}]}}