{"id":112921,"date":"2021-04-27T10:26:19","date_gmt":"2021-04-27T17:26:19","guid":{"rendered":"https:\/\/www.mercadokeys.com\/product\/ibb-obb-steam-cd-key-2\/"},"modified":"2022-06-28T06:13:18","modified_gmt":"2022-06-28T13:13:18","slug":"ibb-obb-steam-cd-key-2","status":"publish","type":"product","link":"https:\/\/www.mercadokeys.com.mx\/eng\/product\/ibb-obb-steam-cd-key-2\/","title":{"rendered":"ibb &amp; obb Steam CD Key"},"content":{"rendered":"<p><span style=\"vertical-align: inherit\">ibb &amp; obb es un <\/span><strong><span style=\"vertical-align: inherit\">juego cooperativo para dos jugadores<\/span><\/strong><span style=\"vertical-align: inherit\"> ambientado en un mundo lleno de rompecabezas donde la gravedad sube y baja. Solo puede tener \u00e9xito si trabaja en estrecha colaboraci\u00f3n.\u00a0<\/span><br \/>\n<span style=\"vertical-align: inherit\">Encuentra un amigo para divertirte en el sof\u00e1 cooperativo local o haz coincidir en l\u00ednea.\u00a0<\/span><br \/>\n<span style=\"vertical-align: inherit\">Sube y salta a trav\u00e9s de <\/span><strong><span style=\"vertical-align: inherit\">15 niveles<\/span><\/strong><span style=\"vertical-align: inherit\"> llenos de rompecabezas de doble gravedad y descubre 8 mundos ocultos que pondr\u00e1n a prueba tus nuevas habilidades no newtonianas al m\u00e1ximo.\u00a0<\/span><br \/>\n<span style=\"vertical-align: inherit\">Todos los niveles tienen su propia m\u00fasica \u00fanica, compuesta por Kettel, conocido por su c\u00e1lida electr\u00f3nica mel\u00f3dica.<\/span><\/p>","protected":false},"excerpt":{"rendered":"<p>ibb &amp; obb es un juego cooperativo para dos jugadores ambientado en un mundo lleno de rompecabezas donde la gravedad sube y baja. Solo puede tener \u00e9xito si trabaja en estrecha colaboraci\u00f3n.\u00a0 Encuentra un amigo para divertirte en el sof\u00e1 cooperativo local o haz coincidir en l\u00ednea.\u00a0 Sube y salta a trav\u00e9s de 15 niveles&#8230;<\/p>","protected":false},"featured_media":112510,"template":"","meta":{"_monsterinsights_skip_tracking":false,"_monsterinsights_sitenote_active":false,"_monsterinsights_sitenote_note":"","_monsterinsights_sitenote_category":0},"product_brand":[],"product_cat":[1501,2981,3596,1271,3164,1420,1283,1280,1273,1393,1428],"product_tag":[2047,2048,1526],"class_list":{"0":"post-112921","1":"product","2":"type-product","3":"status-publish","4":"has-post-thumbnail","6":"product_cat-tienda-de-videojuegos-ultimos-juegos-tijuana-mexico","7":"product_cat-destacados","8":"product_cat-tienda-de-videojuegos-steam-recomendados-en-tijuana-mexico","9":"product_cat-tienda-de-videojuegos-tijuana-mexico","10":"product_cat-tienda-de-videojuegos-baratos-economicos-tijuana-mexico","11":"product_cat-tienda-de-videojuegos-populares-tijuana-mexico","12":"product_cat-tienda-de-videojuegos-plataformas-tijuana-mexico","13":"product_cat-tienda-de-videojuegos-pc-tijuana-mexico","14":"product_cat-tienda-de-videojuegos-steam-key-tijuana-mexico","15":"product_cat-tienda-de-videojuegos-indie-tijuana-mexico","16":"product_cat-tienda-de-videojuegos-cooperativos-tijuana-mexico","17":"product_tag-ibb-obb","18":"product_tag-ibb-obb-stea","19":"product_tag-steam","21":"first","22":"instock","23":"shipping-taxable","24":"purchasable","25":"product-type-simple"},"yoast_head":"<!-- This site is optimized with the Yoast SEO plugin v27.0 - https:\/\/yoast.com\/product\/yoast-seo-wordpress\/ -->\n<title>ibb &amp; obb Steam CD Key - MERCADOKEYS<\/title>\n<meta name=\"description\" content=\"ibb &amp; obb es un juego cooperativo para dos jugadores ambientado en un mundo lleno de rompecabezas donde la gravedad sube y baja\" \/>\n<meta name=\"robots\" content=\"index, follow, max-snippet:-1, max-image-preview:large, max-video-preview:-1\" \/>\n<link rel=\"canonical\" href=\"https:\/\/www.mercadokeys.com\/product\/ibb-obb-steam-cd-key-2\/\" \/>\n<meta property=\"og:locale\" content=\"en_GB\" \/>\n<meta property=\"og:type\" content=\"article\" \/>\n<meta property=\"og:title\" content=\"ibb &amp; obb Steam CD Key - MERCADOKEYS\" \/>\n<meta property=\"og:description\" content=\"ibb &amp; obb es un juego cooperativo para dos jugadores ambientado en un mundo lleno de rompecabezas donde la gravedad sube y baja\" \/>\n<meta property=\"og:url\" content=\"https:\/\/www.mercadokeys.com\/product\/ibb-obb-steam-cd-key-2\/\" \/>\n<meta property=\"og:site_name\" content=\"MERCADOKEYS\" \/>\n<meta property=\"article:modified_time\" content=\"2022-06-28T13:13:18+00:00\" \/>\n<meta property=\"og:image\" content=\"https:\/\/www.mercadokeys.com\/wp-content\/uploads\/2021\/04\/162026.jpg\" \/>\n\t<meta property=\"og:image:width\" content=\"230\" \/>\n\t<meta property=\"og:image:height\" content=\"336\" \/>\n\t<meta property=\"og:image:type\" content=\"image\/jpeg\" \/>\n<meta name=\"twitter:card\" content=\"summary_large_image\" \/>\n<meta name=\"twitter:label1\" content=\"Estimated reading time\" \/>\n\t<meta name=\"twitter:data1\" content=\"1 minute\" \/>\n<script type=\"application\/ld+json\" class=\"yoast-schema-graph\">{\"@context\":\"https:\/\/schema.org\",\"@graph\":[{\"@type\":\"WebPage\",\"@id\":\"https:\/\/www.mercadokeys.com\/product\/ibb-obb-steam-cd-key-2\/\",\"url\":\"https:\/\/www.mercadokeys.com\/product\/ibb-obb-steam-cd-key-2\/\",\"name\":\"ibb &amp; obb Steam CD Key - MERCADOKEYS\",\"isPartOf\":{\"@id\":\"https:\/\/www.mercadokeys.com\/eng\/#website\"},\"primaryImageOfPage\":{\"@id\":\"https:\/\/www.mercadokeys.com\/product\/ibb-obb-steam-cd-key-2\/#primaryimage\"},\"image\":{\"@id\":\"https:\/\/www.mercadokeys.com\/product\/ibb-obb-steam-cd-key-2\/#primaryimage\"},\"thumbnailUrl\":\"https:\/\/www.mercadokeys.com.mx\/wp-content\/uploads\/2021\/04\/162026.jpg\",\"datePublished\":\"2021-04-27T17:26:19+00:00\",\"dateModified\":\"2022-06-28T13:13:18+00:00\",\"description\":\"ibb & obb es un juego cooperativo para dos jugadores ambientado en un mundo lleno de rompecabezas donde la gravedad sube y baja\",\"breadcrumb\":{\"@id\":\"https:\/\/www.mercadokeys.com\/product\/ibb-obb-steam-cd-key-2\/#breadcrumb\"},\"inLanguage\":\"en-GB\",\"potentialAction\":[{\"@type\":\"ReadAction\",\"target\":[\"https:\/\/www.mercadokeys.com\/product\/ibb-obb-steam-cd-key-2\/\"]}]},{\"@type\":\"ImageObject\",\"inLanguage\":\"en-GB\",\"@id\":\"https:\/\/www.mercadokeys.com\/product\/ibb-obb-steam-cd-key-2\/#primaryimage\",\"url\":\"https:\/\/www.mercadokeys.com.mx\/wp-content\/uploads\/2021\/04\/162026.jpg\",\"contentUrl\":\"https:\/\/www.mercadokeys.com.mx\/wp-content\/uploads\/2021\/04\/162026.jpg\",\"width\":230,\"height\":336,\"caption\":\"ibb & obb es un juego cooperativo para dos jugadores ambientado en un mundo lleno de rompecabezas donde la gravedad sube y baja\"},{\"@type\":\"BreadcrumbList\",\"@id\":\"https:\/\/www.mercadokeys.com\/product\/ibb-obb-steam-cd-key-2\/#breadcrumb\",\"itemListElement\":[{\"@type\":\"ListItem\",\"position\":1,\"name\":\"Inicio\",\"item\":\"https:\/\/www.mercadokeys.com.mx\/\"},{\"@type\":\"ListItem\",\"position\":2,\"name\":\"Tienda\",\"item\":\"https:\/\/www.mercadokeys.com\/shop\/\"},{\"@type\":\"ListItem\",\"position\":3,\"name\":\"ibb &amp; obb Steam CD Key\"}]},{\"@type\":\"WebSite\",\"@id\":\"https:\/\/www.mercadokeys.com\/eng\/#website\",\"url\":\"https:\/\/www.mercadokeys.com\/eng\/\",\"name\":\"MERCADOKEYS\",\"description\":\"Tu Tienda de videojuegos digitales en Mexico!\",\"potentialAction\":[{\"@type\":\"SearchAction\",\"target\":{\"@type\":\"EntryPoint\",\"urlTemplate\":\"https:\/\/www.mercadokeys.com\/eng\/?s={search_term_string}\"},\"query-input\":{\"@type\":\"PropertyValueSpecification\",\"valueRequired\":true,\"valueName\":\"search_term_string\"}}],\"inLanguage\":\"en-GB\"}]}<\/script>\n<!-- \/ Yoast SEO plugin. -->","yoast_head_json":{"title":"ibb &amp; obb Steam CD Key - MERCADOKEYS","description":"ibb & obb es un juego cooperativo para dos jugadores ambientado en un mundo lleno de rompecabezas donde la gravedad sube y baja","robots":{"index":"index","follow":"follow","max-snippet":"max-snippet:-1","max-image-preview":"max-image-preview:large","max-video-preview":"max-video-preview:-1"},"canonical":"https:\/\/www.mercadokeys.com\/product\/ibb-obb-steam-cd-key-2\/","og_locale":"en_GB","og_type":"article","og_title":"ibb &amp; obb Steam CD Key - MERCADOKEYS","og_description":"ibb & obb es un juego cooperativo para dos jugadores ambientado en un mundo lleno de rompecabezas donde la gravedad sube y baja","og_url":"https:\/\/www.mercadokeys.com\/product\/ibb-obb-steam-cd-key-2\/","og_site_name":"MERCADOKEYS","article_modified_time":"2022-06-28T13:13:18+00:00","og_image":[{"width":230,"height":336,"url":"https:\/\/www.mercadokeys.com\/wp-content\/uploads\/2021\/04\/162026.jpg","type":"image\/jpeg"}],"twitter_card":"summary_large_image","twitter_misc":{"Estimated reading time":"1 minute"},"schema":{"@context":"https:\/\/schema.org","@graph":[{"@type":"WebPage","@id":"https:\/\/www.mercadokeys.com\/product\/ibb-obb-steam-cd-key-2\/","url":"https:\/\/www.mercadokeys.com\/product\/ibb-obb-steam-cd-key-2\/","name":"ibb &amp; obb Steam CD Key - MERCADOKEYS","isPartOf":{"@id":"https:\/\/www.mercadokeys.com\/eng\/#website"},"primaryImageOfPage":{"@id":"https:\/\/www.mercadokeys.com\/product\/ibb-obb-steam-cd-key-2\/#primaryimage"},"image":{"@id":"https:\/\/www.mercadokeys.com\/product\/ibb-obb-steam-cd-key-2\/#primaryimage"},"thumbnailUrl":"https:\/\/www.mercadokeys.com.mx\/wp-content\/uploads\/2021\/04\/162026.jpg","datePublished":"2021-04-27T17:26:19+00:00","dateModified":"2022-06-28T13:13:18+00:00","description":"ibb & obb es un juego cooperativo para dos jugadores ambientado en un mundo lleno de rompecabezas donde la gravedad sube y baja","breadcrumb":{"@id":"https:\/\/www.mercadokeys.com\/product\/ibb-obb-steam-cd-key-2\/#breadcrumb"},"inLanguage":"en-GB","potentialAction":[{"@type":"ReadAction","target":["https:\/\/www.mercadokeys.com\/product\/ibb-obb-steam-cd-key-2\/"]}]},{"@type":"ImageObject","inLanguage":"en-GB","@id":"https:\/\/www.mercadokeys.com\/product\/ibb-obb-steam-cd-key-2\/#primaryimage","url":"https:\/\/www.mercadokeys.com.mx\/wp-content\/uploads\/2021\/04\/162026.jpg","contentUrl":"https:\/\/www.mercadokeys.com.mx\/wp-content\/uploads\/2021\/04\/162026.jpg","width":230,"height":336,"caption":"ibb & obb es un juego cooperativo para dos jugadores ambientado en un mundo lleno de rompecabezas donde la gravedad sube y baja"},{"@type":"BreadcrumbList","@id":"https:\/\/www.mercadokeys.com\/product\/ibb-obb-steam-cd-key-2\/#breadcrumb","itemListElement":[{"@type":"ListItem","position":1,"name":"Inicio","item":"https:\/\/www.mercadokeys.com.mx\/"},{"@type":"ListItem","position":2,"name":"Tienda","item":"https:\/\/www.mercadokeys.com\/shop\/"},{"@type":"ListItem","position":3,"name":"ibb &amp; obb Steam CD Key"}]},{"@type":"WebSite","@id":"https:\/\/www.mercadokeys.com\/eng\/#website","url":"https:\/\/www.mercadokeys.com\/eng\/","name":"MERCADOKEYS","description":"Tu Tienda de videojuegos digitales en Mexico!","potentialAction":[{"@type":"SearchAction","target":{"@type":"EntryPoint","urlTemplate":"https:\/\/www.mercadokeys.com\/eng\/?s={search_term_string}"},"query-input":{"@type":"PropertyValueSpecification","valueRequired":true,"valueName":"search_term_string"}}],"inLanguage":"en-GB"}]}},"df_price":99.256699,"df_sale_price":99.256699,"df_regular_price":99.256699,"df_image_link":"https:\/\/www.mercadokeys.com.mx\/wp-content\/uploads\/2021\/04\/162026-205x300.jpg","_links":{"self":[{"href":"https:\/\/www.mercadokeys.com.mx\/eng\/wp-json\/wp\/v2\/product\/112921","targetHints":{"allow":["GET"]}}],"collection":[{"href":"https:\/\/www.mercadokeys.com.mx\/eng\/wp-json\/wp\/v2\/product"}],"about":[{"href":"https:\/\/www.mercadokeys.com.mx\/eng\/wp-json\/wp\/v2\/types\/product"}],"wp:featuredmedia":[{"embeddable":true,"href":"https:\/\/www.mercadokeys.com.mx\/eng\/wp-json\/wp\/v2\/media\/112510"}],"wp:attachment":[{"href":"https:\/\/www.mercadokeys.com.mx\/eng\/wp-json\/wp\/v2\/media?parent=112921"}],"wp:term":[{"taxonomy":"product_brand","embeddable":true,"href":"https:\/\/www.mercadokeys.com.mx\/eng\/wp-json\/wp\/v2\/product_brand?post=112921"},{"taxonomy":"product_cat","embeddable":true,"href":"https:\/\/www.mercadokeys.com.mx\/eng\/wp-json\/wp\/v2\/product_cat?post=112921"},{"taxonomy":"product_tag","embeddable":true,"href":"https:\/\/www.mercadokeys.com.mx\/eng\/wp-json\/wp\/v2\/product_tag?post=112921"}],"curies":[{"name":"wp","href":"https:\/\/api.w.org\/{rel}","templated":true}]}}