{"id":112918,"date":"2021-04-27T10:26:10","date_gmt":"2021-04-27T17:26:10","guid":{"rendered":"https:\/\/www.mercadokeys.com\/product\/renegade-ops-steam-cd-key-2\/"},"modified":"2022-06-28T06:13:16","modified_gmt":"2022-06-28T13:13:16","slug":"renegade-ops-steam-cd-key-2","status":"publish","type":"product","link":"https:\/\/www.mercadokeys.com.mx\/eng\/product\/renegade-ops-steam-cd-key-2\/","title":{"rendered":"Renegade Ops Steam CD Key"},"content":{"rendered":"<p><span style=\"vertical-align: inherit\">On <\/span><strong><span style=\"vertical-align: inherit\">Renegade Ops<\/span><\/strong><span style=\"vertical-align: inherit\"> debes derrotar a Inferno, un loco que intenta dominar el mundo. Destruye enemigos en una variedad de entornos asombrosos con una amplia variedad de veh\u00edculos. <\/span><\/p>\n<p><span style=\"vertical-align: inherit\">Por su parte, los jugadores tienen la opci\u00f3n de luchar solos en el modo para un jugador, formar equipo sin conexi\u00f3n con la pantalla dividida para dos jugadores o unirse a la din\u00e1mica experiencia cooperativa en l\u00ednea para 4 jugadores. Del mismo modo, \u00e1brete camino a trav\u00e9s de las l\u00edneas enemigas trabajando juntos; o compite por logros mientras t\u00fa y tus amigos aspiran a encabezar las tablas de clasificaci\u00f3n en l\u00ednea.<\/span><\/p>","protected":false},"excerpt":{"rendered":"<p>En Renegade Ops debes derrotar a Inferno, un loco que intenta dominar el mundo. Destruye enemigos en una variedad de entornos asombrosos con una amplia variedad de veh\u00edculos. Por su parte, los jugadores tienen la opci\u00f3n de luchar solos en el modo para un jugador, formar equipo sin conexi\u00f3n con la pantalla dividida para dos&#8230;<\/p>","protected":false},"featured_media":112919,"template":"","meta":{"_monsterinsights_skip_tracking":false,"_monsterinsights_sitenote_active":false,"_monsterinsights_sitenote_note":"","_monsterinsights_sitenote_category":0},"product_brand":[],"product_cat":[1501,2981,3596,1271,3164,1420,1283,1280,1273,1392,1428],"product_tag":[2046,2045,1526],"class_list":{"0":"post-112918","1":"product","2":"type-product","3":"status-publish","4":"has-post-thumbnail","6":"product_cat-tienda-de-videojuegos-ultimos-juegos-tijuana-mexico","7":"product_cat-destacados","8":"product_cat-tienda-de-videojuegos-steam-recomendados-en-tijuana-mexico","9":"product_cat-tienda-de-videojuegos-tijuana-mexico","10":"product_cat-tienda-de-videojuegos-baratos-economicos-tijuana-mexico","11":"product_cat-tienda-de-videojuegos-populares-tijuana-mexico","12":"product_cat-tienda-de-videojuegos-plataformas-tijuana-mexico","13":"product_cat-tienda-de-videojuegos-pc-tijuana-mexico","14":"product_cat-tienda-de-videojuegos-steam-key-tijuana-mexico","15":"product_cat-tienda-de-videojuegos-accion-tijuana-mexico","16":"product_cat-tienda-de-videojuegos-cooperativos-tijuana-mexico","17":"product_tag-renegade-ops","18":"product_tag-renegade-ops-steam","19":"product_tag-steam","21":"first","22":"instock","23":"shipping-taxable","24":"purchasable","25":"product-type-simple"},"yoast_head":"<!-- This site is optimized with the Yoast SEO plugin v27.0 - https:\/\/yoast.com\/product\/yoast-seo-wordpress\/ -->\n<title>Renegade Ops Steam CD Key - MERCADOKEYS<\/title>\n<meta name=\"description\" content=\"En Renegade Ops debes derrotar a Inferno, un loco que intenta dominar el mundo. Destruye enemigos en una variedad de entornos asombrosos\" \/>\n<meta name=\"robots\" content=\"index, follow, max-snippet:-1, max-image-preview:large, max-video-preview:-1\" \/>\n<link rel=\"canonical\" href=\"https:\/\/www.mercadokeys.com\/product\/renegade-ops-steam-cd-key-2\/\" \/>\n<meta property=\"og:locale\" content=\"en_GB\" \/>\n<meta property=\"og:type\" content=\"article\" \/>\n<meta property=\"og:title\" content=\"Renegade Ops Steam CD Key - MERCADOKEYS\" \/>\n<meta property=\"og:description\" content=\"En Renegade Ops debes derrotar a Inferno, un loco que intenta dominar el mundo. Destruye enemigos en una variedad de entornos asombrosos\" \/>\n<meta property=\"og:url\" content=\"https:\/\/www.mercadokeys.com\/product\/renegade-ops-steam-cd-key-2\/\" \/>\n<meta property=\"og:site_name\" content=\"MERCADOKEYS\" \/>\n<meta property=\"article:modified_time\" content=\"2022-06-28T13:13:16+00:00\" \/>\n<meta property=\"og:image\" content=\"https:\/\/www.mercadokeys.com\/wp-content\/uploads\/2021\/04\/renegade-ops_cover_original.png\" \/>\n\t<meta property=\"og:image:width\" content=\"328\" \/>\n\t<meta property=\"og:image:height\" content=\"408\" \/>\n\t<meta property=\"og:image:type\" content=\"image\/png\" \/>\n<meta name=\"twitter:card\" content=\"summary_large_image\" \/>\n<meta name=\"twitter:label1\" content=\"Estimated reading time\" \/>\n\t<meta name=\"twitter:data1\" content=\"1 minute\" \/>\n<script type=\"application\/ld+json\" class=\"yoast-schema-graph\">{\"@context\":\"https:\/\/schema.org\",\"@graph\":[{\"@type\":\"WebPage\",\"@id\":\"https:\/\/www.mercadokeys.com\/product\/renegade-ops-steam-cd-key-2\/\",\"url\":\"https:\/\/www.mercadokeys.com\/product\/renegade-ops-steam-cd-key-2\/\",\"name\":\"Renegade Ops Steam CD Key - MERCADOKEYS\",\"isPartOf\":{\"@id\":\"https:\/\/www.mercadokeys.com\/eng\/#website\"},\"primaryImageOfPage\":{\"@id\":\"https:\/\/www.mercadokeys.com\/product\/renegade-ops-steam-cd-key-2\/#primaryimage\"},\"image\":{\"@id\":\"https:\/\/www.mercadokeys.com\/product\/renegade-ops-steam-cd-key-2\/#primaryimage\"},\"thumbnailUrl\":\"https:\/\/www.mercadokeys.com.mx\/wp-content\/uploads\/2021\/04\/renegade-ops_cover_original.png\",\"datePublished\":\"2021-04-27T17:26:10+00:00\",\"dateModified\":\"2022-06-28T13:13:16+00:00\",\"description\":\"En Renegade Ops debes derrotar a Inferno, un loco que intenta dominar el mundo. Destruye enemigos en una variedad de entornos asombrosos\",\"breadcrumb\":{\"@id\":\"https:\/\/www.mercadokeys.com\/product\/renegade-ops-steam-cd-key-2\/#breadcrumb\"},\"inLanguage\":\"en-GB\",\"potentialAction\":[{\"@type\":\"ReadAction\",\"target\":[\"https:\/\/www.mercadokeys.com\/product\/renegade-ops-steam-cd-key-2\/\"]}]},{\"@type\":\"ImageObject\",\"inLanguage\":\"en-GB\",\"@id\":\"https:\/\/www.mercadokeys.com\/product\/renegade-ops-steam-cd-key-2\/#primaryimage\",\"url\":\"https:\/\/www.mercadokeys.com.mx\/wp-content\/uploads\/2021\/04\/renegade-ops_cover_original.png\",\"contentUrl\":\"https:\/\/www.mercadokeys.com.mx\/wp-content\/uploads\/2021\/04\/renegade-ops_cover_original.png\",\"width\":328,\"height\":408},{\"@type\":\"BreadcrumbList\",\"@id\":\"https:\/\/www.mercadokeys.com\/product\/renegade-ops-steam-cd-key-2\/#breadcrumb\",\"itemListElement\":[{\"@type\":\"ListItem\",\"position\":1,\"name\":\"Inicio\",\"item\":\"https:\/\/www.mercadokeys.com.mx\/\"},{\"@type\":\"ListItem\",\"position\":2,\"name\":\"Tienda\",\"item\":\"https:\/\/www.mercadokeys.com\/shop\/\"},{\"@type\":\"ListItem\",\"position\":3,\"name\":\"Renegade Ops Steam CD Key\"}]},{\"@type\":\"WebSite\",\"@id\":\"https:\/\/www.mercadokeys.com\/eng\/#website\",\"url\":\"https:\/\/www.mercadokeys.com\/eng\/\",\"name\":\"MERCADOKEYS\",\"description\":\"Tu Tienda de videojuegos digitales en Mexico!\",\"potentialAction\":[{\"@type\":\"SearchAction\",\"target\":{\"@type\":\"EntryPoint\",\"urlTemplate\":\"https:\/\/www.mercadokeys.com\/eng\/?s={search_term_string}\"},\"query-input\":{\"@type\":\"PropertyValueSpecification\",\"valueRequired\":true,\"valueName\":\"search_term_string\"}}],\"inLanguage\":\"en-GB\"}]}<\/script>\n<!-- \/ Yoast SEO plugin. -->","yoast_head_json":{"title":"Renegade Ops Steam CD Key - MERCADOKEYS","description":"En Renegade Ops debes derrotar a Inferno, un loco que intenta dominar el mundo. Destruye enemigos en una variedad de entornos asombrosos","robots":{"index":"index","follow":"follow","max-snippet":"max-snippet:-1","max-image-preview":"max-image-preview:large","max-video-preview":"max-video-preview:-1"},"canonical":"https:\/\/www.mercadokeys.com\/product\/renegade-ops-steam-cd-key-2\/","og_locale":"en_GB","og_type":"article","og_title":"Renegade Ops Steam CD Key - MERCADOKEYS","og_description":"En Renegade Ops debes derrotar a Inferno, un loco que intenta dominar el mundo. Destruye enemigos en una variedad de entornos asombrosos","og_url":"https:\/\/www.mercadokeys.com\/product\/renegade-ops-steam-cd-key-2\/","og_site_name":"MERCADOKEYS","article_modified_time":"2022-06-28T13:13:16+00:00","og_image":[{"width":328,"height":408,"url":"https:\/\/www.mercadokeys.com\/wp-content\/uploads\/2021\/04\/renegade-ops_cover_original.png","type":"image\/png"}],"twitter_card":"summary_large_image","twitter_misc":{"Estimated reading time":"1 minute"},"schema":{"@context":"https:\/\/schema.org","@graph":[{"@type":"WebPage","@id":"https:\/\/www.mercadokeys.com\/product\/renegade-ops-steam-cd-key-2\/","url":"https:\/\/www.mercadokeys.com\/product\/renegade-ops-steam-cd-key-2\/","name":"Renegade Ops Steam CD Key - MERCADOKEYS","isPartOf":{"@id":"https:\/\/www.mercadokeys.com\/eng\/#website"},"primaryImageOfPage":{"@id":"https:\/\/www.mercadokeys.com\/product\/renegade-ops-steam-cd-key-2\/#primaryimage"},"image":{"@id":"https:\/\/www.mercadokeys.com\/product\/renegade-ops-steam-cd-key-2\/#primaryimage"},"thumbnailUrl":"https:\/\/www.mercadokeys.com.mx\/wp-content\/uploads\/2021\/04\/renegade-ops_cover_original.png","datePublished":"2021-04-27T17:26:10+00:00","dateModified":"2022-06-28T13:13:16+00:00","description":"En Renegade Ops debes derrotar a Inferno, un loco que intenta dominar el mundo. Destruye enemigos en una variedad de entornos asombrosos","breadcrumb":{"@id":"https:\/\/www.mercadokeys.com\/product\/renegade-ops-steam-cd-key-2\/#breadcrumb"},"inLanguage":"en-GB","potentialAction":[{"@type":"ReadAction","target":["https:\/\/www.mercadokeys.com\/product\/renegade-ops-steam-cd-key-2\/"]}]},{"@type":"ImageObject","inLanguage":"en-GB","@id":"https:\/\/www.mercadokeys.com\/product\/renegade-ops-steam-cd-key-2\/#primaryimage","url":"https:\/\/www.mercadokeys.com.mx\/wp-content\/uploads\/2021\/04\/renegade-ops_cover_original.png","contentUrl":"https:\/\/www.mercadokeys.com.mx\/wp-content\/uploads\/2021\/04\/renegade-ops_cover_original.png","width":328,"height":408},{"@type":"BreadcrumbList","@id":"https:\/\/www.mercadokeys.com\/product\/renegade-ops-steam-cd-key-2\/#breadcrumb","itemListElement":[{"@type":"ListItem","position":1,"name":"Inicio","item":"https:\/\/www.mercadokeys.com.mx\/"},{"@type":"ListItem","position":2,"name":"Tienda","item":"https:\/\/www.mercadokeys.com\/shop\/"},{"@type":"ListItem","position":3,"name":"Renegade Ops Steam CD Key"}]},{"@type":"WebSite","@id":"https:\/\/www.mercadokeys.com\/eng\/#website","url":"https:\/\/www.mercadokeys.com\/eng\/","name":"MERCADOKEYS","description":"Tu Tienda de videojuegos digitales en Mexico!","potentialAction":[{"@type":"SearchAction","target":{"@type":"EntryPoint","urlTemplate":"https:\/\/www.mercadokeys.com\/eng\/?s={search_term_string}"},"query-input":{"@type":"PropertyValueSpecification","valueRequired":true,"valueName":"search_term_string"}}],"inLanguage":"en-GB"}]}},"df_price":224.394085,"df_sale_price":224.394085,"df_regular_price":224.394085,"df_image_link":"https:\/\/www.mercadokeys.com.mx\/wp-content\/uploads\/2021\/04\/renegade-ops_cover_original-241x300.png","_links":{"self":[{"href":"https:\/\/www.mercadokeys.com.mx\/eng\/wp-json\/wp\/v2\/product\/112918","targetHints":{"allow":["GET"]}}],"collection":[{"href":"https:\/\/www.mercadokeys.com.mx\/eng\/wp-json\/wp\/v2\/product"}],"about":[{"href":"https:\/\/www.mercadokeys.com.mx\/eng\/wp-json\/wp\/v2\/types\/product"}],"wp:featuredmedia":[{"embeddable":true,"href":"https:\/\/www.mercadokeys.com.mx\/eng\/wp-json\/wp\/v2\/media\/112919"}],"wp:attachment":[{"href":"https:\/\/www.mercadokeys.com.mx\/eng\/wp-json\/wp\/v2\/media?parent=112918"}],"wp:term":[{"taxonomy":"product_brand","embeddable":true,"href":"https:\/\/www.mercadokeys.com.mx\/eng\/wp-json\/wp\/v2\/product_brand?post=112918"},{"taxonomy":"product_cat","embeddable":true,"href":"https:\/\/www.mercadokeys.com.mx\/eng\/wp-json\/wp\/v2\/product_cat?post=112918"},{"taxonomy":"product_tag","embeddable":true,"href":"https:\/\/www.mercadokeys.com.mx\/eng\/wp-json\/wp\/v2\/product_tag?post=112918"}],"curies":[{"name":"wp","href":"https:\/\/api.w.org\/{rel}","templated":true}]}}