{"id":112912,"date":"2021-04-27T10:25:48","date_gmt":"2021-04-27T17:25:48","guid":{"rendered":"https:\/\/www.mercadokeys.com\/product\/crimzon-clover-world-ignition-steam-cd-key-2\/"},"modified":"2022-06-29T06:07:06","modified_gmt":"2022-06-29T13:07:06","slug":"crimzon-clover-world-ignition-steam-cd-key-2","status":"publish","type":"product","link":"https:\/\/www.mercadokeys.com.mx\/eng\/product\/crimzon-clover-world-ignition-steam-cd-key-2\/","title":{"rendered":"Crimzon Clover WORLD IGNITION Steam CD Key"},"content":{"rendered":"<p><span style=\"vertical-align: inherit\">Prep\u00e1rate para una lluvia insaciable de balas, bombas y rayos en <\/span><strong><span style=\"vertical-align: inherit\">Crimzon Clover<\/span><\/strong><span style=\"vertical-align: inherit\"> . Del desarrollador independiente japon\u00e9s.<\/span><span style=\"vertical-align: inherit\"> Este juego de disparos de arriba hacia abajo \u00fanico es un viaje salvaje que no querr\u00e1 perderse.\u00a0<\/span><\/p>\n<p><span style=\"vertical-align: inherit\">Tu primer paso en <\/span><strong><span style=\"vertical-align: inherit\">Crimzon Clover: World Ignition<\/span><\/strong><span style=\"vertical-align: inherit\"> es tan simple como elegir c\u00f3mo quieres jugar y qu\u00e9 poderosa nave ser\u00e1 tuya para comandar. Elija su dificultad entre ARCADE (fiel al juego de arcade original) o NOVICE (mejor si estos son su primer paso en el mundo de SHMUP de c\u00f3digo duro) y luego elija su modo entre Boost, Original, Unlimited y Time Attack.\u00a0<\/span><\/p>\n<p><span style=\"vertical-align: inherit\">Original es EL modo principal, en el que te abres camino a trav\u00e9s del escenario en busca del \u00faltimo jefe. El modo Boost ajustar\u00e1 la dificultad en funci\u00f3n de lo competente que seas para devastar a tus enemigos. Unlimited convierte cada etapa en un intenso campo de batalla de balas en el que solo los jugadores m\u00e1s expertos podr\u00e1n sobrevivir. Time Attack te enfrenta a contrarreloj mientras corres para conseguir la mejor puntuaci\u00f3n posible en unos 3 minutos.\u00a0<\/span><\/p>\n<p><span style=\"vertical-align: inherit\">Toma el papel de un piloto experto en la lucha para destruir oleadas masivas de enemigos mientras esquivas su interminable lluvia de balas. Cada uno de los tres barcos tiene su propio estilo de disparo est\u00e1ndar y una apariencia \u00fanica. \u00a1El estilo de disparo se traduce maravillosamente a medida que amplifica su camino hacia el modo de ruptura y el modo de ruptura doble! A medida que atraviesas a tus enemigos en cada etapa, puedes recolectar estrellas que aumentar\u00e1n tu puntuaci\u00f3n. <\/span><\/p>\n<p><span style=\"vertical-align: inherit\">Cada enemigo destruido ayuda a llenar tu Medidor de ruptura, lo que te permite limpiar la pantalla con bombas poderosas o, si tienes paciencia, dispara al Modo de ruptura para agregar un gran impulso a tu potencia de fuego y permitirte atravesar enemigos con facilidad. Sin embargo, ese no es el alcance de su fuerza, ya que tener un medidor de ruptura completo mientras est\u00e1 en el modo de ruptura le permitir\u00e1 ingresar al modo de ruptura doble, en \u00faltima instancia, destructivo.\u00a0<\/span><\/p>\n<p><span style=\"vertical-align: inherit\">\u00bfTiene dificultades para despejar el juego usando no continuar? Sin preocupaciones. Accede a la pantalla de Entrenamiento para configurar tu propio escenario usando tu elecci\u00f3n de modo, barco, escenario y personaliza libremente otras variables para practicar la lucha por la supervivencia. Entrenar no parece una mala idea despu\u00e9s de ver de lo que son capaces los enemigos. \u00bfPuedes pilotar tu nave a trav\u00e9s de la masacre de balas que los enemigos han preparado para ti? \u00a1Desc\u00fabrelo jugando Crimzon Clover: World Ignition!\u00a0<\/span><\/p>","protected":false},"excerpt":{"rendered":"<p>Prep\u00e1rate para una lluvia insaciable de balas, bombas y rayos en Crimzon Clover . Del desarrollador independiente japon\u00e9s. Este juego de disparos de arriba hacia abajo \u00fanico es un viaje salvaje que no querr\u00e1 perderse.\u00a0 Tu primer paso en Crimzon Clover: World Ignition es tan simple como elegir c\u00f3mo quieres jugar y qu\u00e9 poderosa nave&#8230;<\/p>","protected":false},"featured_media":112913,"template":"","meta":{"_monsterinsights_skip_tracking":false,"_monsterinsights_sitenote_active":false,"_monsterinsights_sitenote_note":"","_monsterinsights_sitenote_category":0},"product_brand":[],"product_cat":[1501,2981,1271,1420,1283,1280,1394,1393,1428],"product_tag":[2020,2019,2018,2504],"class_list":{"0":"post-112912","1":"product","2":"type-product","3":"status-publish","4":"has-post-thumbnail","6":"product_cat-tienda-de-videojuegos-ultimos-juegos-tijuana-mexico","7":"product_cat-destacados","8":"product_cat-tienda-de-videojuegos-tijuana-mexico","9":"product_cat-tienda-de-videojuegos-populares-tijuana-mexico","10":"product_cat-tienda-de-videojuegos-plataformas-tijuana-mexico","11":"product_cat-tienda-de-videojuegos-pc-tijuana-mexico","12":"product_cat-tienda-de-videojuegos-aventura-tijuana-mexico","13":"product_cat-tienda-de-videojuegos-indie-tijuana-mexico","14":"product_cat-tienda-de-videojuegos-cooperativos-tijuana-mexico","15":"product_tag-crimzon-clover","16":"product_tag-crimzon-clover-world-ignition","17":"product_tag-crimzon-clover-world-ignition-steam","18":"product_tag-steam-no","20":"first","21":"instock","22":"shipping-taxable","23":"purchasable","24":"product-type-simple"},"yoast_head":"<!-- This site is optimized with the Yoast SEO plugin v27.0 - https:\/\/yoast.com\/product\/yoast-seo-wordpress\/ -->\n<title>Crimzon Clover WORLD IGNITION Steam CD Key - MERCADOKEYS<\/title>\n<meta name=\"description\" content=\"Tu primer paso en Crimzon Clover: World Ignition es tan simple como elegir c\u00f3mo quieres jugar y qu\u00e9 poderosa nave ser\u00e1 tuya para comandar.\" \/>\n<meta name=\"robots\" content=\"index, follow, max-snippet:-1, max-image-preview:large, max-video-preview:-1\" \/>\n<link rel=\"canonical\" href=\"https:\/\/www.mercadokeys.com\/product\/crimzon-clover-world-ignition-steam-cd-key-2\/\" \/>\n<meta property=\"og:locale\" content=\"en_GB\" \/>\n<meta property=\"og:type\" content=\"article\" \/>\n<meta property=\"og:title\" content=\"Crimzon Clover WORLD IGNITION Steam CD Key - MERCADOKEYS\" \/>\n<meta property=\"og:description\" content=\"Tu primer paso en Crimzon Clover: World Ignition es tan simple como elegir c\u00f3mo quieres jugar y qu\u00e9 poderosa nave ser\u00e1 tuya para comandar.\" \/>\n<meta property=\"og:url\" content=\"https:\/\/www.mercadokeys.com\/product\/crimzon-clover-world-ignition-steam-cd-key-2\/\" \/>\n<meta property=\"og:site_name\" content=\"MERCADOKEYS\" \/>\n<meta property=\"article:modified_time\" content=\"2022-06-29T13:07:06+00:00\" \/>\n<meta property=\"og:image\" content=\"https:\/\/www.mercadokeys.com\/wp-content\/uploads\/2021\/04\/crimzon-clover-world-ignition_cover_original.jpg\" \/>\n\t<meta property=\"og:image:width\" content=\"447\" \/>\n\t<meta property=\"og:image:height\" content=\"640\" \/>\n\t<meta property=\"og:image:type\" content=\"image\/jpeg\" \/>\n<meta name=\"twitter:card\" content=\"summary_large_image\" \/>\n<meta name=\"twitter:label1\" content=\"Estimated reading time\" \/>\n\t<meta name=\"twitter:data1\" content=\"2 minutes\" \/>\n<script type=\"application\/ld+json\" class=\"yoast-schema-graph\">{\"@context\":\"https:\/\/schema.org\",\"@graph\":[{\"@type\":\"WebPage\",\"@id\":\"https:\/\/www.mercadokeys.com\/product\/crimzon-clover-world-ignition-steam-cd-key-2\/\",\"url\":\"https:\/\/www.mercadokeys.com\/product\/crimzon-clover-world-ignition-steam-cd-key-2\/\",\"name\":\"Crimzon Clover WORLD IGNITION Steam CD Key - MERCADOKEYS\",\"isPartOf\":{\"@id\":\"https:\/\/www.mercadokeys.com\/eng\/#website\"},\"primaryImageOfPage\":{\"@id\":\"https:\/\/www.mercadokeys.com\/product\/crimzon-clover-world-ignition-steam-cd-key-2\/#primaryimage\"},\"image\":{\"@id\":\"https:\/\/www.mercadokeys.com\/product\/crimzon-clover-world-ignition-steam-cd-key-2\/#primaryimage\"},\"thumbnailUrl\":\"https:\/\/www.mercadokeys.com.mx\/wp-content\/uploads\/2021\/04\/crimzon-clover-world-ignition_cover_original.jpg\",\"datePublished\":\"2021-04-27T17:25:48+00:00\",\"dateModified\":\"2022-06-29T13:07:06+00:00\",\"description\":\"Tu primer paso en Crimzon Clover: World Ignition es tan simple como elegir c\u00f3mo quieres jugar y qu\u00e9 poderosa nave ser\u00e1 tuya para comandar.\",\"breadcrumb\":{\"@id\":\"https:\/\/www.mercadokeys.com\/product\/crimzon-clover-world-ignition-steam-cd-key-2\/#breadcrumb\"},\"inLanguage\":\"en-GB\",\"potentialAction\":[{\"@type\":\"ReadAction\",\"target\":[\"https:\/\/www.mercadokeys.com\/product\/crimzon-clover-world-ignition-steam-cd-key-2\/\"]}]},{\"@type\":\"ImageObject\",\"inLanguage\":\"en-GB\",\"@id\":\"https:\/\/www.mercadokeys.com\/product\/crimzon-clover-world-ignition-steam-cd-key-2\/#primaryimage\",\"url\":\"https:\/\/www.mercadokeys.com.mx\/wp-content\/uploads\/2021\/04\/crimzon-clover-world-ignition_cover_original.jpg\",\"contentUrl\":\"https:\/\/www.mercadokeys.com.mx\/wp-content\/uploads\/2021\/04\/crimzon-clover-world-ignition_cover_original.jpg\",\"width\":447,\"height\":640},{\"@type\":\"BreadcrumbList\",\"@id\":\"https:\/\/www.mercadokeys.com\/product\/crimzon-clover-world-ignition-steam-cd-key-2\/#breadcrumb\",\"itemListElement\":[{\"@type\":\"ListItem\",\"position\":1,\"name\":\"Inicio\",\"item\":\"https:\/\/www.mercadokeys.com.mx\/\"},{\"@type\":\"ListItem\",\"position\":2,\"name\":\"Tienda\",\"item\":\"https:\/\/www.mercadokeys.com\/shop\/\"},{\"@type\":\"ListItem\",\"position\":3,\"name\":\"Crimzon Clover WORLD IGNITION Steam CD Key\"}]},{\"@type\":\"WebSite\",\"@id\":\"https:\/\/www.mercadokeys.com\/eng\/#website\",\"url\":\"https:\/\/www.mercadokeys.com\/eng\/\",\"name\":\"MERCADOKEYS\",\"description\":\"Tu Tienda de videojuegos digitales en Mexico!\",\"potentialAction\":[{\"@type\":\"SearchAction\",\"target\":{\"@type\":\"EntryPoint\",\"urlTemplate\":\"https:\/\/www.mercadokeys.com\/eng\/?s={search_term_string}\"},\"query-input\":{\"@type\":\"PropertyValueSpecification\",\"valueRequired\":true,\"valueName\":\"search_term_string\"}}],\"inLanguage\":\"en-GB\"}]}<\/script>\n<!-- \/ Yoast SEO plugin. -->","yoast_head_json":{"title":"Crimzon Clover WORLD IGNITION Steam CD Key - MERCADOKEYS","description":"Tu primer paso en Crimzon Clover: World Ignition es tan simple como elegir c\u00f3mo quieres jugar y qu\u00e9 poderosa nave ser\u00e1 tuya para comandar.","robots":{"index":"index","follow":"follow","max-snippet":"max-snippet:-1","max-image-preview":"max-image-preview:large","max-video-preview":"max-video-preview:-1"},"canonical":"https:\/\/www.mercadokeys.com\/product\/crimzon-clover-world-ignition-steam-cd-key-2\/","og_locale":"en_GB","og_type":"article","og_title":"Crimzon Clover WORLD IGNITION Steam CD Key - MERCADOKEYS","og_description":"Tu primer paso en Crimzon Clover: World Ignition es tan simple como elegir c\u00f3mo quieres jugar y qu\u00e9 poderosa nave ser\u00e1 tuya para comandar.","og_url":"https:\/\/www.mercadokeys.com\/product\/crimzon-clover-world-ignition-steam-cd-key-2\/","og_site_name":"MERCADOKEYS","article_modified_time":"2022-06-29T13:07:06+00:00","og_image":[{"width":447,"height":640,"url":"https:\/\/www.mercadokeys.com\/wp-content\/uploads\/2021\/04\/crimzon-clover-world-ignition_cover_original.jpg","type":"image\/jpeg"}],"twitter_card":"summary_large_image","twitter_misc":{"Estimated reading time":"2 minutes"},"schema":{"@context":"https:\/\/schema.org","@graph":[{"@type":"WebPage","@id":"https:\/\/www.mercadokeys.com\/product\/crimzon-clover-world-ignition-steam-cd-key-2\/","url":"https:\/\/www.mercadokeys.com\/product\/crimzon-clover-world-ignition-steam-cd-key-2\/","name":"Crimzon Clover WORLD IGNITION Steam CD Key - MERCADOKEYS","isPartOf":{"@id":"https:\/\/www.mercadokeys.com\/eng\/#website"},"primaryImageOfPage":{"@id":"https:\/\/www.mercadokeys.com\/product\/crimzon-clover-world-ignition-steam-cd-key-2\/#primaryimage"},"image":{"@id":"https:\/\/www.mercadokeys.com\/product\/crimzon-clover-world-ignition-steam-cd-key-2\/#primaryimage"},"thumbnailUrl":"https:\/\/www.mercadokeys.com.mx\/wp-content\/uploads\/2021\/04\/crimzon-clover-world-ignition_cover_original.jpg","datePublished":"2021-04-27T17:25:48+00:00","dateModified":"2022-06-29T13:07:06+00:00","description":"Tu primer paso en Crimzon Clover: World Ignition es tan simple como elegir c\u00f3mo quieres jugar y qu\u00e9 poderosa nave ser\u00e1 tuya para comandar.","breadcrumb":{"@id":"https:\/\/www.mercadokeys.com\/product\/crimzon-clover-world-ignition-steam-cd-key-2\/#breadcrumb"},"inLanguage":"en-GB","potentialAction":[{"@type":"ReadAction","target":["https:\/\/www.mercadokeys.com\/product\/crimzon-clover-world-ignition-steam-cd-key-2\/"]}]},{"@type":"ImageObject","inLanguage":"en-GB","@id":"https:\/\/www.mercadokeys.com\/product\/crimzon-clover-world-ignition-steam-cd-key-2\/#primaryimage","url":"https:\/\/www.mercadokeys.com.mx\/wp-content\/uploads\/2021\/04\/crimzon-clover-world-ignition_cover_original.jpg","contentUrl":"https:\/\/www.mercadokeys.com.mx\/wp-content\/uploads\/2021\/04\/crimzon-clover-world-ignition_cover_original.jpg","width":447,"height":640},{"@type":"BreadcrumbList","@id":"https:\/\/www.mercadokeys.com\/product\/crimzon-clover-world-ignition-steam-cd-key-2\/#breadcrumb","itemListElement":[{"@type":"ListItem","position":1,"name":"Inicio","item":"https:\/\/www.mercadokeys.com.mx\/"},{"@type":"ListItem","position":2,"name":"Tienda","item":"https:\/\/www.mercadokeys.com\/shop\/"},{"@type":"ListItem","position":3,"name":"Crimzon Clover WORLD IGNITION Steam CD Key"}]},{"@type":"WebSite","@id":"https:\/\/www.mercadokeys.com\/eng\/#website","url":"https:\/\/www.mercadokeys.com\/eng\/","name":"MERCADOKEYS","description":"Tu Tienda de videojuegos digitales en Mexico!","potentialAction":[{"@type":"SearchAction","target":{"@type":"EntryPoint","urlTemplate":"https:\/\/www.mercadokeys.com\/eng\/?s={search_term_string}"},"query-input":{"@type":"PropertyValueSpecification","valueRequired":true,"valueName":"search_term_string"}}],"inLanguage":"en-GB"}]}},"df_price":236.158108,"df_sale_price":236.158108,"df_regular_price":236.158108,"df_image_link":"https:\/\/www.mercadokeys.com.mx\/wp-content\/uploads\/2021\/04\/crimzon-clover-world-ignition_cover_original-210x300.jpg","_links":{"self":[{"href":"https:\/\/www.mercadokeys.com.mx\/eng\/wp-json\/wp\/v2\/product\/112912","targetHints":{"allow":["GET"]}}],"collection":[{"href":"https:\/\/www.mercadokeys.com.mx\/eng\/wp-json\/wp\/v2\/product"}],"about":[{"href":"https:\/\/www.mercadokeys.com.mx\/eng\/wp-json\/wp\/v2\/types\/product"}],"wp:featuredmedia":[{"embeddable":true,"href":"https:\/\/www.mercadokeys.com.mx\/eng\/wp-json\/wp\/v2\/media\/112913"}],"wp:attachment":[{"href":"https:\/\/www.mercadokeys.com.mx\/eng\/wp-json\/wp\/v2\/media?parent=112912"}],"wp:term":[{"taxonomy":"product_brand","embeddable":true,"href":"https:\/\/www.mercadokeys.com.mx\/eng\/wp-json\/wp\/v2\/product_brand?post=112912"},{"taxonomy":"product_cat","embeddable":true,"href":"https:\/\/www.mercadokeys.com.mx\/eng\/wp-json\/wp\/v2\/product_cat?post=112912"},{"taxonomy":"product_tag","embeddable":true,"href":"https:\/\/www.mercadokeys.com.mx\/eng\/wp-json\/wp\/v2\/product_tag?post=112912"}],"curies":[{"name":"wp","href":"https:\/\/api.w.org\/{rel}","templated":true}]}}