{"id":112895,"date":"2021-04-27T10:04:30","date_gmt":"2021-04-27T17:04:30","guid":{"rendered":"https:\/\/www.mercadokeys.com\/product\/titanfall-2-origin-cd-key-2\/"},"modified":"2026-04-27T12:47:46","modified_gmt":"2026-04-27T19:47:46","slug":"titanfall-2-origin-cd-key-2","status":"publish","type":"product","link":"https:\/\/www.mercadokeys.com.mx\/eng\/product\/titanfall-2-origin-cd-key-2\/","title":{"rendered":"Titanfall 2 Origin CD Key"},"content":{"rendered":"<p><span style=\"vertical-align: inherit;\">Unique man and machine teams return in <\/span><strong><span style=\"vertical-align: inherit;\">Titanfall 2<\/span><\/strong><span style=\"vertical-align: inherit;\">. Become the pilot of a huge titan, a powerful robot equipped for many ways to lay waste to your enemies. Learn about the world in a robust single player campaign and challenge yourself against other players in various engaging multiplayer modes. The fate of the interstellar conflict is in your hands and in those of your robot.<\/span><\/p>\n<h3 style=\"text-align: center; font-size: 16px;\"><span style=\"vertical-align: inherit;\">Jugabilidad piloto r\u00e1pida y tridimensional<\/span><\/h3>\n<p><span style=\"vertical-align: inherit;\">Con la adici\u00f3n del gancho de agarre y las habilidades de Cambio de fase a la carga potencial de su Piloto, el recorrido y la movilidad alcanzan un nivel nunca antes visto. Phase Shift te ayuda a apu\u00f1alar a los enemigos por la espalda. El gancho de agarre te har\u00e1 girar por los mapas, arrastrar a tus enemigos m\u00e1s cerca para recibir una bala en la cara o te ayudar\u00e1 a rodear a los titanes enemigos en un sistema de derribo de Tit\u00e1n renovado. Con las mochilas de salto y la carrera por la pared que regresan de Titanfall 1, jugar como piloto es una danza de la muerte acrob\u00e1tica y elegante.<\/span><\/p>\n<h3 style=\"text-align: center; font-size: 16px;\"><span style=\"vertical-align: inherit;\">New Titans<\/span><\/h3>\n<p><strong><span style=\"vertical-align: inherit;\">Titanfall 2 presenta<\/span><\/strong><span style=\"vertical-align: inherit;\"> seis nuevos titanes reci\u00e9n fabricados con diversas habilidades. Desde Scorch que escupe fuego capaz de crear muros de fuego y escudos llameantes hasta Ronin con espada capaz de atravesar el campo de batalla, los mechs de Titanfall 2 tienen algo para todos. Los fan\u00e1ticos de los francotiradores m\u00f3viles disfrutar\u00e1n de Northstar, mientras que los entusiastas de las armas pesadas encontrar\u00e1n el Ca\u00f1\u00f3n Predator tipo Gatling de Legion como una maravilla. Cada Tit\u00e1n tiene cuatro habilidades activas para usar en cualquier momento.<\/span><\/p>\n<h3 style=\"text-align: center; font-size: 16px;\"><span style=\"vertical-align: inherit;\">Full single player campaign<\/span><\/h3>\n<p><span style=\"vertical-align: inherit;\">El conflicto entre Interstellar Manufacturing Corporation y la Milicia se vuelve personal. Juega como el fusilero Jack Cooper, un soldado regular al que de repente se le otorga un veterano Vanguard Class BT-7274 Titan, BT para amigos. V\u00e9alos progresar a trav\u00e9s de un mundo hostil, compartiendo historias de guerra, interactuando y creando una conexi\u00f3n, cuya naturaleza determinar\u00e1 con la ayuda de un sistema de di\u00e1logo. Experimente lo que los desarrolladores llaman &#8220;una visi\u00f3n de la gran guerra colonial global, volviendo a contar la historia de la Revoluci\u00f3n Estadounidense y la Guerra Civil Estadounidense en el espacio&#8221;.<\/span><\/p>\n<h3 style=\"text-align: center; font-size: 16px;\"><span style=\"vertical-align: inherit;\">Los gadgets futuristas enriquecen el juego de Titanfall 2<\/span><\/h3>\n<p><span style=\"vertical-align: inherit;\">On <\/span><strong><span style=\"vertical-align: inherit;\">Titanfall 2 (PC),<\/span><\/strong><span style=\"vertical-align: inherit;\"> los Pilotos tienen una tecnolog\u00eda interesante y devastadora con la que jugar incluso fuera de sus Titanes. Desde una estrella de fuego que enciende a los enemigos que golpea, hasta una estrella de gravedad que cambia el juego y que crea una esfera de mayor gravedad que atrae a los pilotos y te permite dispararles cuando quieras. Usa sistemas de camuflaje, escudos de part\u00edculas desplegables o espadas de pulso de detecci\u00f3n de enemigos y define tu estilo de juego.<\/span><\/p>\n<h3 style=\"text-align: center; font-size: 16px;\"><span style=\"vertical-align: inherit;\">Tres nuevos modos multijugador en <strong>Titanfall 2<\/strong><\/span><\/h3>\n<p><strong><span style=\"vertical-align: inherit;\">El multijugador de Titanfall 2<\/span><\/strong><span style=\"vertical-align: inherit;\"> presenta tres modos nuevos en la franquicia. Bounty Hunt ofrece objetivos aleatorios a ambos equipos, enfocados en cazar gru\u00f1idos de IA, titanes rebeldes o pilotos enemigos para recolectar recompensas en dinero. Pero ten cuidado, morir antes de poner el dinero en efectivo en el banco te quita la mitad del dinero. Pilot vs Pilot saca a los Titanes de la ecuaci\u00f3n y deja que los Pilotos se enfrenten entre ellos. \u00a1Finalmente Amped Hardpoint es un modo de dominaci\u00f3n, donde puedes capturar el mismo punto dos veces para obtener puntos dobles!<\/span><\/p>","protected":false},"excerpt":{"rendered":"<p>Los equipos \u00fanicos de hombre y m\u00e1quina regresan en Titanfall 2. Convi\u00e9rtete en piloto de un tit\u00e1n enorme, un poderoso robot equipado para muchas formas de arrasar con tus enemigos. Aprende sobre el mundo en una s\u00f3lida campa\u00f1a para un jugador y ponte a prueba contra otros jugadores en varios modos multijugador atractivos. El destino&#8230;<\/p>","protected":false},"featured_media":121344,"template":"","meta":{"_monsterinsights_skip_tracking":false,"_monsterinsights_sitenote_active":false,"_monsterinsights_sitenote_note":"","_monsterinsights_sitenote_category":0},"product_brand":[],"product_cat":[1501,2981,1271,1283,1280,1277,1392,1423],"product_tag":[1632,2126,2125,2124],"class_list":{"0":"post-112895","1":"product","2":"type-product","3":"status-publish","4":"has-post-thumbnail","6":"product_cat-tienda-de-videojuegos-ultimos-juegos-tijuana-mexico","7":"product_cat-destacados","8":"product_cat-tienda-de-videojuegos-tijuana-mexico","9":"product_cat-tienda-de-videojuegos-plataformas-tijuana-mexico","10":"product_cat-tienda-de-videojuegos-pc-tijuana-mexico","11":"product_cat-tienda-de-videojuegos-origin-tijuana-mexico","12":"product_cat-tienda-de-videojuegos-accion-tijuana-mexico","13":"product_cat-tienda-de-videojuegos-nuevos-lanzamientos-tijuana-mexico","14":"product_tag-origin","15":"product_tag-titanfall","16":"product_tag-titanfall-2","17":"product_tag-titanfall-2-origin","19":"first","20":"instock","21":"shipping-taxable","22":"purchasable","23":"product-type-simple"},"yoast_head":"<!-- This site is optimized with the Yoast SEO plugin v27.0 - https:\/\/yoast.com\/product\/yoast-seo-wordpress\/ -->\n<title>Titanfall 2 Origin CD Key - MERCADOKEYS<\/title>\n<meta name=\"description\" content=\"Los equipos \u00fanicos de hombre y m\u00e1quina regresan en Titanfall 2. Convi\u00e9rtete en piloto de un tit\u00e1n enorme, un poderoso robot\" \/>\n<meta name=\"robots\" content=\"index, follow, max-snippet:-1, max-image-preview:large, max-video-preview:-1\" \/>\n<link rel=\"canonical\" href=\"https:\/\/www.mercadokeys.com\/product\/titanfall-2-origin-cd-key-2\/\" \/>\n<meta property=\"og:locale\" content=\"en_GB\" \/>\n<meta property=\"og:type\" content=\"article\" \/>\n<meta property=\"og:title\" content=\"Titanfall 2 Origin CD Key - MERCADOKEYS\" \/>\n<meta property=\"og:description\" content=\"Los equipos \u00fanicos de hombre y m\u00e1quina regresan en Titanfall 2. Convi\u00e9rtete en piloto de un tit\u00e1n enorme, un poderoso robot\" \/>\n<meta property=\"og:url\" content=\"https:\/\/www.mercadokeys.com\/product\/titanfall-2-origin-cd-key-2\/\" \/>\n<meta property=\"og:site_name\" content=\"MERCADOKEYS\" \/>\n<meta property=\"article:modified_time\" content=\"2026-04-27T19:47:46+00:00\" \/>\n<meta property=\"og:image\" content=\"https:\/\/www.mercadokeys.com\/wp-content\/uploads\/2021\/04\/Titanfall-2-Origin-CD-Key.jpg\" \/>\n\t<meta property=\"og:image:width\" content=\"460\" \/>\n\t<meta property=\"og:image:height\" content=\"672\" \/>\n\t<meta property=\"og:image:type\" content=\"image\/jpeg\" \/>\n<meta name=\"twitter:card\" content=\"summary_large_image\" \/>\n<meta name=\"twitter:label1\" content=\"Estimated reading time\" \/>\n\t<meta name=\"twitter:data1\" content=\"3 minutes\" \/>\n<script type=\"application\/ld+json\" class=\"yoast-schema-graph\">{\"@context\":\"https:\/\/schema.org\",\"@graph\":[{\"@type\":\"WebPage\",\"@id\":\"https:\/\/www.mercadokeys.com\/product\/titanfall-2-origin-cd-key-2\/\",\"url\":\"https:\/\/www.mercadokeys.com\/product\/titanfall-2-origin-cd-key-2\/\",\"name\":\"Titanfall 2 Origin CD Key - MERCADOKEYS\",\"isPartOf\":{\"@id\":\"https:\/\/www.mercadokeys.com\/eng\/#website\"},\"primaryImageOfPage\":{\"@id\":\"https:\/\/www.mercadokeys.com\/product\/titanfall-2-origin-cd-key-2\/#primaryimage\"},\"image\":{\"@id\":\"https:\/\/www.mercadokeys.com\/product\/titanfall-2-origin-cd-key-2\/#primaryimage\"},\"thumbnailUrl\":\"https:\/\/www.mercadokeys.com.mx\/wp-content\/uploads\/2021\/04\/Titanfall-2-Origin-CD-Key.jpg\",\"datePublished\":\"2021-04-27T17:04:30+00:00\",\"dateModified\":\"2026-04-27T19:47:46+00:00\",\"description\":\"Los equipos \u00fanicos de hombre y m\u00e1quina regresan en Titanfall 2. Convi\u00e9rtete en piloto de un tit\u00e1n enorme, un poderoso robot\",\"breadcrumb\":{\"@id\":\"https:\/\/www.mercadokeys.com\/product\/titanfall-2-origin-cd-key-2\/#breadcrumb\"},\"inLanguage\":\"en-GB\",\"potentialAction\":[{\"@type\":\"ReadAction\",\"target\":[\"https:\/\/www.mercadokeys.com\/product\/titanfall-2-origin-cd-key-2\/\"]}]},{\"@type\":\"ImageObject\",\"inLanguage\":\"en-GB\",\"@id\":\"https:\/\/www.mercadokeys.com\/product\/titanfall-2-origin-cd-key-2\/#primaryimage\",\"url\":\"https:\/\/www.mercadokeys.com.mx\/wp-content\/uploads\/2021\/04\/Titanfall-2-Origin-CD-Key.jpg\",\"contentUrl\":\"https:\/\/www.mercadokeys.com.mx\/wp-content\/uploads\/2021\/04\/Titanfall-2-Origin-CD-Key.jpg\",\"width\":460,\"height\":672,\"caption\":\"Titanfall 2 Origin CD Key\"},{\"@type\":\"BreadcrumbList\",\"@id\":\"https:\/\/www.mercadokeys.com\/product\/titanfall-2-origin-cd-key-2\/#breadcrumb\",\"itemListElement\":[{\"@type\":\"ListItem\",\"position\":1,\"name\":\"Inicio\",\"item\":\"https:\/\/www.mercadokeys.com.mx\/\"},{\"@type\":\"ListItem\",\"position\":2,\"name\":\"Tienda\",\"item\":\"https:\/\/www.mercadokeys.com\/shop\/\"},{\"@type\":\"ListItem\",\"position\":3,\"name\":\"Titanfall 2 Origin CD Key\"}]},{\"@type\":\"WebSite\",\"@id\":\"https:\/\/www.mercadokeys.com\/eng\/#website\",\"url\":\"https:\/\/www.mercadokeys.com\/eng\/\",\"name\":\"MERCADOKEYS\",\"description\":\"Tu Tienda de videojuegos digitales en Mexico!\",\"potentialAction\":[{\"@type\":\"SearchAction\",\"target\":{\"@type\":\"EntryPoint\",\"urlTemplate\":\"https:\/\/www.mercadokeys.com\/eng\/?s={search_term_string}\"},\"query-input\":{\"@type\":\"PropertyValueSpecification\",\"valueRequired\":true,\"valueName\":\"search_term_string\"}}],\"inLanguage\":\"en-GB\"}]}<\/script>\n<!-- \/ Yoast SEO plugin. -->","yoast_head_json":{"title":"Titanfall 2 Origin CD Key - MERCADOKEYS","description":"Los equipos \u00fanicos de hombre y m\u00e1quina regresan en Titanfall 2. Convi\u00e9rtete en piloto de un tit\u00e1n enorme, un poderoso robot","robots":{"index":"index","follow":"follow","max-snippet":"max-snippet:-1","max-image-preview":"max-image-preview:large","max-video-preview":"max-video-preview:-1"},"canonical":"https:\/\/www.mercadokeys.com\/product\/titanfall-2-origin-cd-key-2\/","og_locale":"en_GB","og_type":"article","og_title":"Titanfall 2 Origin CD Key - MERCADOKEYS","og_description":"Los equipos \u00fanicos de hombre y m\u00e1quina regresan en Titanfall 2. Convi\u00e9rtete en piloto de un tit\u00e1n enorme, un poderoso robot","og_url":"https:\/\/www.mercadokeys.com\/product\/titanfall-2-origin-cd-key-2\/","og_site_name":"MERCADOKEYS","article_modified_time":"2026-04-27T19:47:46+00:00","og_image":[{"width":460,"height":672,"url":"https:\/\/www.mercadokeys.com\/wp-content\/uploads\/2021\/04\/Titanfall-2-Origin-CD-Key.jpg","type":"image\/jpeg"}],"twitter_card":"summary_large_image","twitter_misc":{"Estimated reading time":"3 minutes"},"schema":{"@context":"https:\/\/schema.org","@graph":[{"@type":"WebPage","@id":"https:\/\/www.mercadokeys.com\/product\/titanfall-2-origin-cd-key-2\/","url":"https:\/\/www.mercadokeys.com\/product\/titanfall-2-origin-cd-key-2\/","name":"Titanfall 2 Origin CD Key - MERCADOKEYS","isPartOf":{"@id":"https:\/\/www.mercadokeys.com\/eng\/#website"},"primaryImageOfPage":{"@id":"https:\/\/www.mercadokeys.com\/product\/titanfall-2-origin-cd-key-2\/#primaryimage"},"image":{"@id":"https:\/\/www.mercadokeys.com\/product\/titanfall-2-origin-cd-key-2\/#primaryimage"},"thumbnailUrl":"https:\/\/www.mercadokeys.com.mx\/wp-content\/uploads\/2021\/04\/Titanfall-2-Origin-CD-Key.jpg","datePublished":"2021-04-27T17:04:30+00:00","dateModified":"2026-04-27T19:47:46+00:00","description":"Los equipos \u00fanicos de hombre y m\u00e1quina regresan en Titanfall 2. Convi\u00e9rtete en piloto de un tit\u00e1n enorme, un poderoso robot","breadcrumb":{"@id":"https:\/\/www.mercadokeys.com\/product\/titanfall-2-origin-cd-key-2\/#breadcrumb"},"inLanguage":"en-GB","potentialAction":[{"@type":"ReadAction","target":["https:\/\/www.mercadokeys.com\/product\/titanfall-2-origin-cd-key-2\/"]}]},{"@type":"ImageObject","inLanguage":"en-GB","@id":"https:\/\/www.mercadokeys.com\/product\/titanfall-2-origin-cd-key-2\/#primaryimage","url":"https:\/\/www.mercadokeys.com.mx\/wp-content\/uploads\/2021\/04\/Titanfall-2-Origin-CD-Key.jpg","contentUrl":"https:\/\/www.mercadokeys.com.mx\/wp-content\/uploads\/2021\/04\/Titanfall-2-Origin-CD-Key.jpg","width":460,"height":672,"caption":"Titanfall 2 Origin CD Key"},{"@type":"BreadcrumbList","@id":"https:\/\/www.mercadokeys.com\/product\/titanfall-2-origin-cd-key-2\/#breadcrumb","itemListElement":[{"@type":"ListItem","position":1,"name":"Inicio","item":"https:\/\/www.mercadokeys.com.mx\/"},{"@type":"ListItem","position":2,"name":"Tienda","item":"https:\/\/www.mercadokeys.com\/shop\/"},{"@type":"ListItem","position":3,"name":"Titanfall 2 Origin CD Key"}]},{"@type":"WebSite","@id":"https:\/\/www.mercadokeys.com\/eng\/#website","url":"https:\/\/www.mercadokeys.com\/eng\/","name":"MERCADOKEYS","description":"Tu Tienda de videojuegos digitales en Mexico!","potentialAction":[{"@type":"SearchAction","target":{"@type":"EntryPoint","urlTemplate":"https:\/\/www.mercadokeys.com\/eng\/?s={search_term_string}"},"query-input":{"@type":"PropertyValueSpecification","valueRequired":true,"valueName":"search_term_string"}}],"inLanguage":"en-GB"}]}},"df_price":301.916419,"df_sale_price":301.916419,"df_regular_price":301.916419,"df_image_link":"https:\/\/www.mercadokeys.com.mx\/wp-content\/uploads\/2021\/04\/Titanfall-2-Origin-CD-Key-205x300.jpg","_links":{"self":[{"href":"https:\/\/www.mercadokeys.com.mx\/eng\/wp-json\/wp\/v2\/product\/112895","targetHints":{"allow":["GET"]}}],"collection":[{"href":"https:\/\/www.mercadokeys.com.mx\/eng\/wp-json\/wp\/v2\/product"}],"about":[{"href":"https:\/\/www.mercadokeys.com.mx\/eng\/wp-json\/wp\/v2\/types\/product"}],"wp:featuredmedia":[{"embeddable":true,"href":"https:\/\/www.mercadokeys.com.mx\/eng\/wp-json\/wp\/v2\/media\/121344"}],"wp:attachment":[{"href":"https:\/\/www.mercadokeys.com.mx\/eng\/wp-json\/wp\/v2\/media?parent=112895"}],"wp:term":[{"taxonomy":"product_brand","embeddable":true,"href":"https:\/\/www.mercadokeys.com.mx\/eng\/wp-json\/wp\/v2\/product_brand?post=112895"},{"taxonomy":"product_cat","embeddable":true,"href":"https:\/\/www.mercadokeys.com.mx\/eng\/wp-json\/wp\/v2\/product_cat?post=112895"},{"taxonomy":"product_tag","embeddable":true,"href":"https:\/\/www.mercadokeys.com.mx\/eng\/wp-json\/wp\/v2\/product_tag?post=112895"}],"curies":[{"name":"wp","href":"https:\/\/api.w.org\/{rel}","templated":true}]}}