{"id":112892,"date":"2021-04-26T14:44:13","date_gmt":"2021-04-26T21:44:13","guid":{"rendered":"https:\/\/www.mercadokeys.com\/product\/wasteland-2-steam-cd-key-2\/"},"modified":"2022-06-29T06:16:33","modified_gmt":"2022-06-29T13:16:33","slug":"wasteland-2-steam-cd-key-2","status":"publish","type":"product","link":"https:\/\/www.mercadokeys.com.mx\/eng\/product\/wasteland-2-steam-cd-key-2\/","title":{"rendered":"Wasteland 2 Steam CD Key"},"content":{"rendered":"<p><span style=\"vertical-align: inherit\">\u00a1Bienvenidos de nuevo a la Ciudadela; Rangers! \u00danase en Wasteland 2\u00a0 a los m\u00e1s de 70.000 patrocinadores de Kickstarter e interact\u00fae con el equipo de desarrollo para ayudar a dar forma al final de una historia posapocal\u00edptica ya hist\u00f3rica. El paisaje infernal de Wasteland te ha estado esperando para dejar tu huella &#8230; o morir en el intento.\u00a0 <\/span><strong><span style=\"vertical-align: inherit\">Wasteland 2 <\/span><\/strong><span style=\"vertical-align: inherit\">es la secuela directa de Wasteland de 1988. El primer juego de rol de computadora post-apocal\u00edptico y la inspiraci\u00f3n detr\u00e1s de la serie Fallout. <\/span><\/p>\n<p><span style=\"vertical-align: inherit\">Hasta Wasteland, ning\u00fan otro CRPG hab\u00eda permitido a los jugadores controlar y comandar a miembros individuales del grupo con fines t\u00e1cticos o les hab\u00eda dado la oportunidad de tomar decisiones morales que afectar\u00edan directamente al mundo que los rodeaba. Wasteland fue un pionero en la resoluci\u00f3n de problemas de m\u00faltiples caminos, goteando en elecciones y consecuencias y evitando los m\u00e9todos t\u00edpicos de resoluci\u00f3n de acertijos de una llave por cerradura de sus compa\u00f1eros; a favor de poner el poder en las manos de los jugadores para avanzar en funci\u00f3n de los suyos.\u00a0 Estilo de juego particular.\u00a0<\/span><\/p>","protected":false},"excerpt":{"rendered":"<p>\u00a1Bienvenidos de nuevo a la Ciudadela; Rangers! \u00danase en Wasteland 2\u00a0 a los m\u00e1s de 70.000 patrocinadores de Kickstarter e interact\u00fae con el equipo de desarrollo para ayudar a dar forma al final de una historia posapocal\u00edptica ya hist\u00f3rica. El paisaje infernal de Wasteland te ha estado esperando para dejar tu huella &#8230; o morir&#8230;<\/p>","protected":false},"featured_media":112893,"template":"","meta":{"_monsterinsights_skip_tracking":false,"_monsterinsights_sitenote_active":false,"_monsterinsights_sitenote_note":"","_monsterinsights_sitenote_category":0},"product_brand":[],"product_cat":[1501,1271,1283,1280,1273,1405,1423],"product_tag":[1526,2131,2130,2129],"class_list":{"0":"post-112892","1":"product","2":"type-product","3":"status-publish","4":"has-post-thumbnail","6":"product_cat-tienda-de-videojuegos-ultimos-juegos-tijuana-mexico","7":"product_cat-tienda-de-videojuegos-tijuana-mexico","8":"product_cat-tienda-de-videojuegos-plataformas-tijuana-mexico","9":"product_cat-tienda-de-videojuegos-pc-tijuana-mexico","10":"product_cat-tienda-de-videojuegos-steam-key-tijuana-mexico","11":"product_cat-tienda-de-videojuegos-rpg-tijuana-mexico","12":"product_cat-tienda-de-videojuegos-nuevos-lanzamientos-tijuana-mexico","13":"product_tag-steam","14":"product_tag-wasteland","15":"product_tag-wasteland-2","16":"product_tag-wasteland-2-steam","18":"first","19":"instock","20":"shipping-taxable","21":"purchasable","22":"product-type-simple"},"yoast_head":"<!-- This site is optimized with the Yoast SEO plugin v27.0 - https:\/\/yoast.com\/product\/yoast-seo-wordpress\/ -->\n<title>Wasteland 2 Steam CD Key - MERCADOKEYS<\/title>\n<meta name=\"description\" content=\"Wasteland 2 es la secuela directa de Wasteland de 1988, el primer juego de rol de computadora post-apocal\u00edptico y la inspiraci\u00f3n detr\u00e1s de la serie Fallout.\" \/>\n<meta name=\"robots\" content=\"index, follow, max-snippet:-1, max-image-preview:large, max-video-preview:-1\" \/>\n<link rel=\"canonical\" href=\"https:\/\/www.mercadokeys.com\/product\/wasteland-2-steam-cd-key-2\/\" \/>\n<meta property=\"og:locale\" content=\"en_GB\" \/>\n<meta property=\"og:type\" content=\"article\" \/>\n<meta property=\"og:title\" content=\"Wasteland 2 Steam CD Key - MERCADOKEYS\" \/>\n<meta property=\"og:description\" content=\"Wasteland 2 es la secuela directa de Wasteland de 1988, el primer juego de rol de computadora post-apocal\u00edptico y la inspiraci\u00f3n detr\u00e1s de la serie Fallout.\" \/>\n<meta property=\"og:url\" content=\"https:\/\/www.mercadokeys.com\/product\/wasteland-2-steam-cd-key-2\/\" \/>\n<meta property=\"og:site_name\" content=\"MERCADOKEYS\" \/>\n<meta property=\"article:modified_time\" content=\"2022-06-29T13:16:33+00:00\" \/>\n<meta property=\"og:image\" content=\"https:\/\/www.mercadokeys.com\/wp-content\/uploads\/2021\/04\/wasteland-2_cover_original.png\" \/>\n\t<meta property=\"og:image:width\" content=\"600\" \/>\n\t<meta property=\"og:image:height\" content=\"800\" \/>\n\t<meta property=\"og:image:type\" content=\"image\/png\" \/>\n<meta name=\"twitter:card\" content=\"summary_large_image\" \/>\n<meta name=\"twitter:label1\" content=\"Estimated reading time\" \/>\n\t<meta name=\"twitter:data1\" content=\"1 minute\" \/>\n<script type=\"application\/ld+json\" class=\"yoast-schema-graph\">{\"@context\":\"https:\/\/schema.org\",\"@graph\":[{\"@type\":\"WebPage\",\"@id\":\"https:\/\/www.mercadokeys.com\/product\/wasteland-2-steam-cd-key-2\/\",\"url\":\"https:\/\/www.mercadokeys.com\/product\/wasteland-2-steam-cd-key-2\/\",\"name\":\"Wasteland 2 Steam CD Key - MERCADOKEYS\",\"isPartOf\":{\"@id\":\"https:\/\/www.mercadokeys.com\/eng\/#website\"},\"primaryImageOfPage\":{\"@id\":\"https:\/\/www.mercadokeys.com\/product\/wasteland-2-steam-cd-key-2\/#primaryimage\"},\"image\":{\"@id\":\"https:\/\/www.mercadokeys.com\/product\/wasteland-2-steam-cd-key-2\/#primaryimage\"},\"thumbnailUrl\":\"https:\/\/www.mercadokeys.com.mx\/wp-content\/uploads\/2021\/04\/wasteland-2_cover_original.png\",\"datePublished\":\"2021-04-26T21:44:13+00:00\",\"dateModified\":\"2022-06-29T13:16:33+00:00\",\"description\":\"Wasteland 2 es la secuela directa de Wasteland de 1988, el primer juego de rol de computadora post-apocal\u00edptico y la inspiraci\u00f3n detr\u00e1s de la serie Fallout.\",\"breadcrumb\":{\"@id\":\"https:\/\/www.mercadokeys.com\/product\/wasteland-2-steam-cd-key-2\/#breadcrumb\"},\"inLanguage\":\"en-GB\",\"potentialAction\":[{\"@type\":\"ReadAction\",\"target\":[\"https:\/\/www.mercadokeys.com\/product\/wasteland-2-steam-cd-key-2\/\"]}]},{\"@type\":\"ImageObject\",\"inLanguage\":\"en-GB\",\"@id\":\"https:\/\/www.mercadokeys.com\/product\/wasteland-2-steam-cd-key-2\/#primaryimage\",\"url\":\"https:\/\/www.mercadokeys.com.mx\/wp-content\/uploads\/2021\/04\/wasteland-2_cover_original.png\",\"contentUrl\":\"https:\/\/www.mercadokeys.com.mx\/wp-content\/uploads\/2021\/04\/wasteland-2_cover_original.png\",\"width\":600,\"height\":800},{\"@type\":\"BreadcrumbList\",\"@id\":\"https:\/\/www.mercadokeys.com\/product\/wasteland-2-steam-cd-key-2\/#breadcrumb\",\"itemListElement\":[{\"@type\":\"ListItem\",\"position\":1,\"name\":\"Inicio\",\"item\":\"https:\/\/www.mercadokeys.com.mx\/\"},{\"@type\":\"ListItem\",\"position\":2,\"name\":\"Tienda\",\"item\":\"https:\/\/www.mercadokeys.com\/shop\/\"},{\"@type\":\"ListItem\",\"position\":3,\"name\":\"Wasteland 2 Steam CD Key\"}]},{\"@type\":\"WebSite\",\"@id\":\"https:\/\/www.mercadokeys.com\/eng\/#website\",\"url\":\"https:\/\/www.mercadokeys.com\/eng\/\",\"name\":\"MERCADOKEYS\",\"description\":\"Tu Tienda de videojuegos digitales en Mexico!\",\"potentialAction\":[{\"@type\":\"SearchAction\",\"target\":{\"@type\":\"EntryPoint\",\"urlTemplate\":\"https:\/\/www.mercadokeys.com\/eng\/?s={search_term_string}\"},\"query-input\":{\"@type\":\"PropertyValueSpecification\",\"valueRequired\":true,\"valueName\":\"search_term_string\"}}],\"inLanguage\":\"en-GB\"}]}<\/script>\n<!-- \/ Yoast SEO plugin. -->","yoast_head_json":{"title":"Wasteland 2 Steam CD Key - MERCADOKEYS","description":"Wasteland 2 es la secuela directa de Wasteland de 1988, el primer juego de rol de computadora post-apocal\u00edptico y la inspiraci\u00f3n detr\u00e1s de la serie Fallout.","robots":{"index":"index","follow":"follow","max-snippet":"max-snippet:-1","max-image-preview":"max-image-preview:large","max-video-preview":"max-video-preview:-1"},"canonical":"https:\/\/www.mercadokeys.com\/product\/wasteland-2-steam-cd-key-2\/","og_locale":"en_GB","og_type":"article","og_title":"Wasteland 2 Steam CD Key - MERCADOKEYS","og_description":"Wasteland 2 es la secuela directa de Wasteland de 1988, el primer juego de rol de computadora post-apocal\u00edptico y la inspiraci\u00f3n detr\u00e1s de la serie Fallout.","og_url":"https:\/\/www.mercadokeys.com\/product\/wasteland-2-steam-cd-key-2\/","og_site_name":"MERCADOKEYS","article_modified_time":"2022-06-29T13:16:33+00:00","og_image":[{"width":600,"height":800,"url":"https:\/\/www.mercadokeys.com\/wp-content\/uploads\/2021\/04\/wasteland-2_cover_original.png","type":"image\/png"}],"twitter_card":"summary_large_image","twitter_misc":{"Estimated reading time":"1 minute"},"schema":{"@context":"https:\/\/schema.org","@graph":[{"@type":"WebPage","@id":"https:\/\/www.mercadokeys.com\/product\/wasteland-2-steam-cd-key-2\/","url":"https:\/\/www.mercadokeys.com\/product\/wasteland-2-steam-cd-key-2\/","name":"Wasteland 2 Steam CD Key - MERCADOKEYS","isPartOf":{"@id":"https:\/\/www.mercadokeys.com\/eng\/#website"},"primaryImageOfPage":{"@id":"https:\/\/www.mercadokeys.com\/product\/wasteland-2-steam-cd-key-2\/#primaryimage"},"image":{"@id":"https:\/\/www.mercadokeys.com\/product\/wasteland-2-steam-cd-key-2\/#primaryimage"},"thumbnailUrl":"https:\/\/www.mercadokeys.com.mx\/wp-content\/uploads\/2021\/04\/wasteland-2_cover_original.png","datePublished":"2021-04-26T21:44:13+00:00","dateModified":"2022-06-29T13:16:33+00:00","description":"Wasteland 2 es la secuela directa de Wasteland de 1988, el primer juego de rol de computadora post-apocal\u00edptico y la inspiraci\u00f3n detr\u00e1s de la serie Fallout.","breadcrumb":{"@id":"https:\/\/www.mercadokeys.com\/product\/wasteland-2-steam-cd-key-2\/#breadcrumb"},"inLanguage":"en-GB","potentialAction":[{"@type":"ReadAction","target":["https:\/\/www.mercadokeys.com\/product\/wasteland-2-steam-cd-key-2\/"]}]},{"@type":"ImageObject","inLanguage":"en-GB","@id":"https:\/\/www.mercadokeys.com\/product\/wasteland-2-steam-cd-key-2\/#primaryimage","url":"https:\/\/www.mercadokeys.com.mx\/wp-content\/uploads\/2021\/04\/wasteland-2_cover_original.png","contentUrl":"https:\/\/www.mercadokeys.com.mx\/wp-content\/uploads\/2021\/04\/wasteland-2_cover_original.png","width":600,"height":800},{"@type":"BreadcrumbList","@id":"https:\/\/www.mercadokeys.com\/product\/wasteland-2-steam-cd-key-2\/#breadcrumb","itemListElement":[{"@type":"ListItem","position":1,"name":"Inicio","item":"https:\/\/www.mercadokeys.com.mx\/"},{"@type":"ListItem","position":2,"name":"Tienda","item":"https:\/\/www.mercadokeys.com\/shop\/"},{"@type":"ListItem","position":3,"name":"Wasteland 2 Steam CD Key"}]},{"@type":"WebSite","@id":"https:\/\/www.mercadokeys.com\/eng\/#website","url":"https:\/\/www.mercadokeys.com\/eng\/","name":"MERCADOKEYS","description":"Tu Tienda de videojuegos digitales en Mexico!","potentialAction":[{"@type":"SearchAction","target":{"@type":"EntryPoint","urlTemplate":"https:\/\/www.mercadokeys.com\/eng\/?s={search_term_string}"},"query-input":{"@type":"PropertyValueSpecification","valueRequired":true,"valueName":"search_term_string"}}],"inLanguage":"en-GB"}]}},"df_price":399.696169,"df_sale_price":399.696169,"df_regular_price":399.696169,"df_image_link":"https:\/\/www.mercadokeys.com.mx\/wp-content\/uploads\/2021\/04\/wasteland-2_cover_original-225x300.png","_links":{"self":[{"href":"https:\/\/www.mercadokeys.com.mx\/eng\/wp-json\/wp\/v2\/product\/112892","targetHints":{"allow":["GET"]}}],"collection":[{"href":"https:\/\/www.mercadokeys.com.mx\/eng\/wp-json\/wp\/v2\/product"}],"about":[{"href":"https:\/\/www.mercadokeys.com.mx\/eng\/wp-json\/wp\/v2\/types\/product"}],"wp:featuredmedia":[{"embeddable":true,"href":"https:\/\/www.mercadokeys.com.mx\/eng\/wp-json\/wp\/v2\/media\/112893"}],"wp:attachment":[{"href":"https:\/\/www.mercadokeys.com.mx\/eng\/wp-json\/wp\/v2\/media?parent=112892"}],"wp:term":[{"taxonomy":"product_brand","embeddable":true,"href":"https:\/\/www.mercadokeys.com.mx\/eng\/wp-json\/wp\/v2\/product_brand?post=112892"},{"taxonomy":"product_cat","embeddable":true,"href":"https:\/\/www.mercadokeys.com.mx\/eng\/wp-json\/wp\/v2\/product_cat?post=112892"},{"taxonomy":"product_tag","embeddable":true,"href":"https:\/\/www.mercadokeys.com.mx\/eng\/wp-json\/wp\/v2\/product_tag?post=112892"}],"curies":[{"name":"wp","href":"https:\/\/api.w.org\/{rel}","templated":true}]}}