{"id":112886,"date":"2021-04-26T14:42:30","date_gmt":"2021-04-26T21:42:30","guid":{"rendered":"https:\/\/www.mercadokeys.com\/product\/5d-chess-with-multiverse-time-travel-steam-cd-key-2\/"},"modified":"2022-06-29T06:14:14","modified_gmt":"2022-06-29T13:14:14","slug":"5d-chess-with-multiverse-time-travel-steam-cd-key-2","status":"publish","type":"product","link":"https:\/\/www.mercadokeys.com.mx\/eng\/product\/5d-chess-with-multiverse-time-travel-steam-cd-key-2\/","title":{"rendered":"5D Chess With Multiverse Time Travel Steam CD Key"},"content":{"rendered":"<p><span style=\"vertical-align: inherit\">5D Chess With Multiverse Time Travel la primera variante de ajedrez con dimensiones espaciales; temporales y paralelas. \u00a1Es la primera variante de ajedrez con viajes en el tiempo multiverso!<\/span><\/p>\n<h2 class=\"bb_tag\"><span style=\"vertical-align: inherit\">Caracter\u00edsticas de 5D Chess With Multiverse Time Travel<\/span><\/h2>\n<ul class=\"bb_ul\">\n<li><span style=\"vertical-align: inherit\">Agudiza tus t\u00e1cticas resolviendo una colecci\u00f3n de rompecabezas de ajedrez multiverso.<\/span><\/li>\n<li><span style=\"vertical-align: inherit\">Del mismo modo, practica contra cuatro personalidades de IA diferentes; cada una con diferentes fortalezas y estilos.<\/span><\/li>\n<li><span style=\"vertical-align: inherit\">Por su p\u00e1rte pruebe una variedad de diferentes posiciones y escenarios de partida.<\/span><\/li>\n<li><span style=\"vertical-align: inherit\">Juega online con tus amigos o contra extra\u00f1os.<\/span><\/li>\n<\/ul>","protected":false},"excerpt":{"rendered":"<p>5D Chess With Multiverse Time Travel la primera variante de ajedrez con dimensiones espaciales; temporales y paralelas. \u00a1Es la primera variante de ajedrez con viajes en el tiempo multiverso! Caracter\u00edsticas de 5D Chess With Multiverse Time Travel Agudiza tus t\u00e1cticas resolviendo una colecci\u00f3n de rompecabezas de ajedrez multiverso. Del mismo modo, practica contra cuatro personalidades&#8230;<\/p>","protected":false},"featured_media":112887,"template":"","meta":{"_monsterinsights_skip_tracking":false,"_monsterinsights_sitenote_active":false,"_monsterinsights_sitenote_note":"","_monsterinsights_sitenote_category":0},"product_brand":[],"product_cat":[1501,2981,1271,1283,1280,1273,1393,1423],"product_tag":[2151,2150,1526],"class_list":{"0":"post-112886","1":"product","2":"type-product","3":"status-publish","4":"has-post-thumbnail","6":"product_cat-tienda-de-videojuegos-ultimos-juegos-tijuana-mexico","7":"product_cat-destacados","8":"product_cat-tienda-de-videojuegos-tijuana-mexico","9":"product_cat-tienda-de-videojuegos-plataformas-tijuana-mexico","10":"product_cat-tienda-de-videojuegos-pc-tijuana-mexico","11":"product_cat-tienda-de-videojuegos-steam-key-tijuana-mexico","12":"product_cat-tienda-de-videojuegos-indie-tijuana-mexico","13":"product_cat-tienda-de-videojuegos-nuevos-lanzamientos-tijuana-mexico","14":"product_tag-5d-chess-with-multiverse-time-travel","15":"product_tag-5d-chess-with-multiverse-time-travel-steam","16":"product_tag-steam","18":"first","19":"instock","20":"shipping-taxable","21":"purchasable","22":"product-type-simple"},"yoast_head":"<!-- This site is optimized with the Yoast SEO plugin v27.0 - https:\/\/yoast.com\/product\/yoast-seo-wordpress\/ -->\n<title>5D Chess With Multiverse Time Travel Steam CD Key - MERCADOKEYS<\/title>\n<meta name=\"description\" content=\"5D Chess With Multiverse Time Travel la primera variante de ajedrez con dimensiones espaciales, temporales y paralelas.\" \/>\n<meta name=\"robots\" content=\"index, follow, max-snippet:-1, max-image-preview:large, max-video-preview:-1\" \/>\n<link rel=\"canonical\" href=\"https:\/\/www.mercadokeys.com\/product\/5d-chess-with-multiverse-time-travel-steam-cd-key-2\/\" \/>\n<meta property=\"og:locale\" content=\"en_GB\" \/>\n<meta property=\"og:type\" content=\"article\" \/>\n<meta property=\"og:title\" content=\"5D Chess With Multiverse Time Travel Steam CD Key - MERCADOKEYS\" \/>\n<meta property=\"og:description\" content=\"5D Chess With Multiverse Time Travel la primera variante de ajedrez con dimensiones espaciales, temporales y paralelas.\" \/>\n<meta property=\"og:url\" content=\"https:\/\/www.mercadokeys.com\/product\/5d-chess-with-multiverse-time-travel-steam-cd-key-2\/\" \/>\n<meta property=\"og:site_name\" content=\"MERCADOKEYS\" \/>\n<meta property=\"article:modified_time\" content=\"2022-06-29T13:14:14+00:00\" \/>\n<meta property=\"og:image\" content=\"https:\/\/www.mercadokeys.com\/wp-content\/uploads\/2021\/04\/5d-chess-with-multiverse-time-travel_cover_original.jpg\" \/>\n\t<meta property=\"og:image:width\" content=\"600\" \/>\n\t<meta property=\"og:image:height\" content=\"900\" \/>\n\t<meta property=\"og:image:type\" content=\"image\/jpeg\" \/>\n<meta name=\"twitter:card\" content=\"summary_large_image\" \/>\n<meta name=\"twitter:label1\" content=\"Estimated reading time\" \/>\n\t<meta name=\"twitter:data1\" content=\"1 minute\" \/>\n<script type=\"application\/ld+json\" class=\"yoast-schema-graph\">{\"@context\":\"https:\/\/schema.org\",\"@graph\":[{\"@type\":\"WebPage\",\"@id\":\"https:\/\/www.mercadokeys.com\/product\/5d-chess-with-multiverse-time-travel-steam-cd-key-2\/\",\"url\":\"https:\/\/www.mercadokeys.com\/product\/5d-chess-with-multiverse-time-travel-steam-cd-key-2\/\",\"name\":\"5D Chess With Multiverse Time Travel Steam CD Key - MERCADOKEYS\",\"isPartOf\":{\"@id\":\"https:\/\/www.mercadokeys.com\/eng\/#website\"},\"primaryImageOfPage\":{\"@id\":\"https:\/\/www.mercadokeys.com\/product\/5d-chess-with-multiverse-time-travel-steam-cd-key-2\/#primaryimage\"},\"image\":{\"@id\":\"https:\/\/www.mercadokeys.com\/product\/5d-chess-with-multiverse-time-travel-steam-cd-key-2\/#primaryimage\"},\"thumbnailUrl\":\"https:\/\/www.mercadokeys.com.mx\/wp-content\/uploads\/2021\/04\/5d-chess-with-multiverse-time-travel_cover_original.jpg\",\"datePublished\":\"2021-04-26T21:42:30+00:00\",\"dateModified\":\"2022-06-29T13:14:14+00:00\",\"description\":\"5D Chess With Multiverse Time Travel la primera variante de ajedrez con dimensiones espaciales, temporales y paralelas.\",\"breadcrumb\":{\"@id\":\"https:\/\/www.mercadokeys.com\/product\/5d-chess-with-multiverse-time-travel-steam-cd-key-2\/#breadcrumb\"},\"inLanguage\":\"en-GB\",\"potentialAction\":[{\"@type\":\"ReadAction\",\"target\":[\"https:\/\/www.mercadokeys.com\/product\/5d-chess-with-multiverse-time-travel-steam-cd-key-2\/\"]}]},{\"@type\":\"ImageObject\",\"inLanguage\":\"en-GB\",\"@id\":\"https:\/\/www.mercadokeys.com\/product\/5d-chess-with-multiverse-time-travel-steam-cd-key-2\/#primaryimage\",\"url\":\"https:\/\/www.mercadokeys.com.mx\/wp-content\/uploads\/2021\/04\/5d-chess-with-multiverse-time-travel_cover_original.jpg\",\"contentUrl\":\"https:\/\/www.mercadokeys.com.mx\/wp-content\/uploads\/2021\/04\/5d-chess-with-multiverse-time-travel_cover_original.jpg\",\"width\":600,\"height\":900},{\"@type\":\"BreadcrumbList\",\"@id\":\"https:\/\/www.mercadokeys.com\/product\/5d-chess-with-multiverse-time-travel-steam-cd-key-2\/#breadcrumb\",\"itemListElement\":[{\"@type\":\"ListItem\",\"position\":1,\"name\":\"Inicio\",\"item\":\"https:\/\/www.mercadokeys.com.mx\/\"},{\"@type\":\"ListItem\",\"position\":2,\"name\":\"Tienda\",\"item\":\"https:\/\/www.mercadokeys.com\/shop\/\"},{\"@type\":\"ListItem\",\"position\":3,\"name\":\"5D Chess With Multiverse Time Travel Steam CD Key\"}]},{\"@type\":\"WebSite\",\"@id\":\"https:\/\/www.mercadokeys.com\/eng\/#website\",\"url\":\"https:\/\/www.mercadokeys.com\/eng\/\",\"name\":\"MERCADOKEYS\",\"description\":\"Tu Tienda de videojuegos digitales en Mexico!\",\"potentialAction\":[{\"@type\":\"SearchAction\",\"target\":{\"@type\":\"EntryPoint\",\"urlTemplate\":\"https:\/\/www.mercadokeys.com\/eng\/?s={search_term_string}\"},\"query-input\":{\"@type\":\"PropertyValueSpecification\",\"valueRequired\":true,\"valueName\":\"search_term_string\"}}],\"inLanguage\":\"en-GB\"}]}<\/script>\n<!-- \/ Yoast SEO plugin. -->","yoast_head_json":{"title":"5D Chess With Multiverse Time Travel Steam CD Key - MERCADOKEYS","description":"5D Chess With Multiverse Time Travel la primera variante de ajedrez con dimensiones espaciales, temporales y paralelas.","robots":{"index":"index","follow":"follow","max-snippet":"max-snippet:-1","max-image-preview":"max-image-preview:large","max-video-preview":"max-video-preview:-1"},"canonical":"https:\/\/www.mercadokeys.com\/product\/5d-chess-with-multiverse-time-travel-steam-cd-key-2\/","og_locale":"en_GB","og_type":"article","og_title":"5D Chess With Multiverse Time Travel Steam CD Key - MERCADOKEYS","og_description":"5D Chess With Multiverse Time Travel la primera variante de ajedrez con dimensiones espaciales, temporales y paralelas.","og_url":"https:\/\/www.mercadokeys.com\/product\/5d-chess-with-multiverse-time-travel-steam-cd-key-2\/","og_site_name":"MERCADOKEYS","article_modified_time":"2022-06-29T13:14:14+00:00","og_image":[{"width":600,"height":900,"url":"https:\/\/www.mercadokeys.com\/wp-content\/uploads\/2021\/04\/5d-chess-with-multiverse-time-travel_cover_original.jpg","type":"image\/jpeg"}],"twitter_card":"summary_large_image","twitter_misc":{"Estimated reading time":"1 minute"},"schema":{"@context":"https:\/\/schema.org","@graph":[{"@type":"WebPage","@id":"https:\/\/www.mercadokeys.com\/product\/5d-chess-with-multiverse-time-travel-steam-cd-key-2\/","url":"https:\/\/www.mercadokeys.com\/product\/5d-chess-with-multiverse-time-travel-steam-cd-key-2\/","name":"5D Chess With Multiverse Time Travel Steam CD Key - MERCADOKEYS","isPartOf":{"@id":"https:\/\/www.mercadokeys.com\/eng\/#website"},"primaryImageOfPage":{"@id":"https:\/\/www.mercadokeys.com\/product\/5d-chess-with-multiverse-time-travel-steam-cd-key-2\/#primaryimage"},"image":{"@id":"https:\/\/www.mercadokeys.com\/product\/5d-chess-with-multiverse-time-travel-steam-cd-key-2\/#primaryimage"},"thumbnailUrl":"https:\/\/www.mercadokeys.com.mx\/wp-content\/uploads\/2021\/04\/5d-chess-with-multiverse-time-travel_cover_original.jpg","datePublished":"2021-04-26T21:42:30+00:00","dateModified":"2022-06-29T13:14:14+00:00","description":"5D Chess With Multiverse Time Travel la primera variante de ajedrez con dimensiones espaciales, temporales y paralelas.","breadcrumb":{"@id":"https:\/\/www.mercadokeys.com\/product\/5d-chess-with-multiverse-time-travel-steam-cd-key-2\/#breadcrumb"},"inLanguage":"en-GB","potentialAction":[{"@type":"ReadAction","target":["https:\/\/www.mercadokeys.com\/product\/5d-chess-with-multiverse-time-travel-steam-cd-key-2\/"]}]},{"@type":"ImageObject","inLanguage":"en-GB","@id":"https:\/\/www.mercadokeys.com\/product\/5d-chess-with-multiverse-time-travel-steam-cd-key-2\/#primaryimage","url":"https:\/\/www.mercadokeys.com.mx\/wp-content\/uploads\/2021\/04\/5d-chess-with-multiverse-time-travel_cover_original.jpg","contentUrl":"https:\/\/www.mercadokeys.com.mx\/wp-content\/uploads\/2021\/04\/5d-chess-with-multiverse-time-travel_cover_original.jpg","width":600,"height":900},{"@type":"BreadcrumbList","@id":"https:\/\/www.mercadokeys.com\/product\/5d-chess-with-multiverse-time-travel-steam-cd-key-2\/#breadcrumb","itemListElement":[{"@type":"ListItem","position":1,"name":"Inicio","item":"https:\/\/www.mercadokeys.com.mx\/"},{"@type":"ListItem","position":2,"name":"Tienda","item":"https:\/\/www.mercadokeys.com\/shop\/"},{"@type":"ListItem","position":3,"name":"5D Chess With Multiverse Time Travel Steam CD Key"}]},{"@type":"WebSite","@id":"https:\/\/www.mercadokeys.com\/eng\/#website","url":"https:\/\/www.mercadokeys.com\/eng\/","name":"MERCADOKEYS","description":"Tu Tienda de videojuegos digitales en Mexico!","potentialAction":[{"@type":"SearchAction","target":{"@type":"EntryPoint","urlTemplate":"https:\/\/www.mercadokeys.com\/eng\/?s={search_term_string}"},"query-input":{"@type":"PropertyValueSpecification","valueRequired":true,"valueName":"search_term_string"}}],"inLanguage":"en-GB"}]}},"df_price":304.775476,"df_sale_price":304.775476,"df_regular_price":304.775476,"df_image_link":"https:\/\/www.mercadokeys.com.mx\/wp-content\/uploads\/2021\/04\/5d-chess-with-multiverse-time-travel_cover_original-200x300.jpg","_links":{"self":[{"href":"https:\/\/www.mercadokeys.com.mx\/eng\/wp-json\/wp\/v2\/product\/112886","targetHints":{"allow":["GET"]}}],"collection":[{"href":"https:\/\/www.mercadokeys.com.mx\/eng\/wp-json\/wp\/v2\/product"}],"about":[{"href":"https:\/\/www.mercadokeys.com.mx\/eng\/wp-json\/wp\/v2\/types\/product"}],"wp:featuredmedia":[{"embeddable":true,"href":"https:\/\/www.mercadokeys.com.mx\/eng\/wp-json\/wp\/v2\/media\/112887"}],"wp:attachment":[{"href":"https:\/\/www.mercadokeys.com.mx\/eng\/wp-json\/wp\/v2\/media?parent=112886"}],"wp:term":[{"taxonomy":"product_brand","embeddable":true,"href":"https:\/\/www.mercadokeys.com.mx\/eng\/wp-json\/wp\/v2\/product_brand?post=112886"},{"taxonomy":"product_cat","embeddable":true,"href":"https:\/\/www.mercadokeys.com.mx\/eng\/wp-json\/wp\/v2\/product_cat?post=112886"},{"taxonomy":"product_tag","embeddable":true,"href":"https:\/\/www.mercadokeys.com.mx\/eng\/wp-json\/wp\/v2\/product_tag?post=112886"}],"curies":[{"name":"wp","href":"https:\/\/api.w.org\/{rel}","templated":true}]}}