{"id":112851,"date":"2021-04-26T13:59:02","date_gmt":"2021-04-26T20:59:02","guid":{"rendered":"https:\/\/www.mercadokeys.com\/product\/grand-theft-auto-iv-steam-cd-key-2\/"},"modified":"2022-06-29T06:16:08","modified_gmt":"2022-06-29T13:16:08","slug":"grand-theft-auto-iv-steam-cd-key-2","status":"publish","type":"product","link":"https:\/\/www.mercadokeys.com.mx\/eng\/product\/grand-theft-auto-iv-steam-cd-key-2\/","title":{"rendered":"Grand Theft Auto IV Steam CD Key"},"content":{"rendered":"<p><strong><span style=\"vertical-align: inherit\">Grand Theft Auto IV<\/span><\/strong><span style=\"vertical-align: inherit\"> es un juego de acci\u00f3n y aventuras en perspectiva en tercera persona, desarrollado por Rockstar North y publicado por Rockstar Games. El juego tiene lugar en Liberty City, la favorita de los fan\u00e1ticos, actualizada para parecerse mucho a la ciudad de Nueva York. El jugador toma el control del inmigrante de Europa del Este Niko Bellic, un ex soldado, que llega a Liberty para terminar algunos asuntos viejos. Al llegar, es recibido por su primo Rom\u00e1n, quien presenta al protagonista las duras realidades de la ciudad. El juego hace que el jugador lleve a cabo una serie de misiones para diferentes personajes, participe en misiones secundarias y actividades opcionales, adem\u00e1s de completar desaf\u00edos, como cazar gaviotas. El juego recibi\u00f3 elogios de la cr\u00edtica por su historia, toneladas de contenido de juego y gr\u00e1ficos de \u00faltima generaci\u00f3n.<\/span><\/p>\n<h3><span style=\"vertical-align: inherit\">Jugabilidad de pr\u00f3xima generaci\u00f3n<\/span><\/h3>\n<p><strong><span style=\"vertical-align: inherit\">GTA IV <\/span><\/strong> <b><span style=\"vertical-align: inherit\">presenta al jugador una mec\u00e1nica de juego completamente nueva<\/span><\/b><span style=\"vertical-align: inherit\"> . De manera similar a Grand Theft Auto III y San Andreas, la acci\u00f3n se observa desde la perspectiva de la tercera persona. Se ha mejorado el movimiento de la c\u00e1mara, lo que ofrece m\u00e1s maniobrabilidad, especialmente al disparar y conducir. El jugador ahora puede ponerse a cubierto durante los tiroteos y disparar desde atr\u00e1s evitando da\u00f1os. <\/span><strong><span style=\"vertical-align: inherit\">GTA IV<\/span><\/strong><span style=\"vertical-align: inherit\"> proporciona al jugador varios tipos de armas cuerpo a cuerpo y armas de fuego, desde cuchillos y bates de b\u00e9isbol hasta pistolas y lanzacohetes. El jugador tambi\u00e9n puede tomar el volante de varios veh\u00edculos: motocicletas, autom\u00f3viles, camiones, helic\u00f3pteros y lanchas r\u00e1pidas.<\/span><\/p>\n<p><img decoding=\"async\" src=\"https:\/\/images.g2a.com\/newlayout\/880x400\/1x1x0\/8d7695ce0cec\/5e0e049546177c41bd012ca2\" alt=\"Nico Bellic en coche de polic\u00eda\" width=\"100%\" \/><\/p>\n<h3><span style=\"vertical-align: inherit\">Vida de ciudad grande<\/span><\/h3>\n<p><b><span style=\"vertical-align: inherit\">Liberty City<\/span><\/b><span style=\"vertical-align: inherit\"> se ha actualizado a la era de los juegos HD. La bulliciosa metr\u00f3polis est\u00e1 repleta de actividad, las calles est\u00e1n pobladas por diferentes tipos de personas, desde peque\u00f1os delincuentes hasta grandes empresarios. Liberty City ofrece al jugador una multitud de actividades en las que participar, a menudo acompa\u00f1ado por uno de los personajes secundarios: los amigos del personaje principal. Niko puede ir a jugar a los bolos, ver un programa de comedia (protagonizado por un comediante brit\u00e1nico muy real, Ricky Gervais), ir a beber con un amigo o en solitario y m\u00e1s.\u00a0<\/span><\/p>\n<p><span style=\"vertical-align: inherit\">La ciudad tambi\u00e9n ofrece algunas misiones secundarias espec\u00edficas para autom\u00f3viles. Despu\u00e9s de tomar un taxi, Niko puede llevar a los peatones desprevenidos en locos paseos por las calles de Liberty. Robar un coche de polic\u00eda convierte al protagonista en un cazarrecompensas que persigue a criminales notorios. Tomar prestado un cami\u00f3n de bomberos del dep\u00f3sito le permite al jugador canalizar a su Sam el Bombero interior, extinguiendo los veh\u00edculos en llamas dentro del l\u00edmite de tiempo.<\/span><\/p>\n<p><img decoding=\"async\" src=\"https:\/\/images.g2a.com\/newlayout\/880x400\/1x1x0\/7fbdf42d51d1\/5e0e04957e696c3bd766ba12\" alt=\"Niko Bellic - Grand Theft Auto IV\" width=\"100%\" \/><\/p>\n<h3><span style=\"vertical-align: inherit\">Historia de venganza y redenci\u00f3n en Grand Theft Auto IV<\/span><\/h3>\n<p><b><span style=\"vertical-align: inherit\">La vida de Niko Bellic no fue f\u00e1cil<\/span><\/b><span style=\"vertical-align: inherit\"> . Enlistado en el ej\u00e9rcito a una edad temprana, sab\u00eda muy poco que el fuego de la guerra. Despu\u00e9s de una traici\u00f3n que le cost\u00f3 la vida a casi todos los miembros de su escuadr\u00f3n, Niko decide localizar al traidor, que ha huido a Liberty City, una de las metr\u00f3polis m\u00e1s grandes de Estados Unidos. All\u00ed, se re\u00fane con su primo, Roman, y comienza un arduo ascenso por la escalera del inframundo de Liberty, haciendo amigos y enemigos en el camino, en una b\u00fasqueda de venganza por la muerte de sus compa\u00f1eros de escuadr\u00f3n y redenci\u00f3n por los pecados de su propio pasado. . \u00a0<\/span><\/p>\n<p><img decoding=\"async\" src=\"https:\/\/images.g2a.com\/newlayout\/880x400\/1x1x0\/9b8e6f42b7e4\/5e0e049646177c44bb2384e2\" alt=\"Polic\u00eda en GTA 4\" width=\"100%\" \/><\/p>\n<h3><span style=\"vertical-align: inherit\">Reception<\/span><\/h3>\n<p><strong><span style=\"vertical-align: inherit\">GTA 4 para PC <\/span><\/strong> <b><span style=\"vertical-align: inherit\">recibi\u00f3 elogios casi universales tanto de cr\u00edticos como de jugadores<\/span><\/b><span style=\"vertical-align: inherit\"> . El juego fue elogiado por el detalle que se puso en la creaci\u00f3n de Liberty City, inspirado en lugares de la vida real en la ciudad de Nueva York, lleno de cosas para ver actividades opcionales para hacer. Las mejoras en la jugabilidad con respecto a las entregas anteriores tambi\u00e9n se recibieron de manera positiva, especialmente en la mec\u00e1nica de conducci\u00f3n y disparo.\u00a0<\/span><\/p>\n<p><span style=\"vertical-align: inherit\">La historia y los personajes del juego fueron muy elogiados como uno de los m\u00e1s complejos e intrigantes de la historia de la serie. GTA IV fue considerado un hito en los juegos de mundo abierto y recibi\u00f3 premios de varios medios, incluido el Juego del a\u00f1o 2008 de IGN, GameSpot y Kotaku.<\/span><\/p>","protected":false},"excerpt":{"rendered":"<p>Grand Theft Auto IV es un juego de acci\u00f3n y aventuras en perspectiva en tercera persona, desarrollado por Rockstar North y publicado por Rockstar Games. El juego tiene lugar en Liberty City, la favorita de los fan\u00e1ticos, actualizada para parecerse mucho a la ciudad de Nueva York. El jugador toma el control del inmigrante de&#8230;<\/p>","protected":false},"featured_media":112852,"template":"","meta":{"_monsterinsights_skip_tracking":false,"_monsterinsights_sitenote_active":false,"_monsterinsights_sitenote_note":"","_monsterinsights_sitenote_category":0},"product_brand":[],"product_cat":[1501,1271,1283,1280,1273,1394,1424],"product_tag":[2276,2275,2274,1526],"class_list":{"0":"post-112851","1":"product","2":"type-product","3":"status-publish","4":"has-post-thumbnail","6":"product_cat-tienda-de-videojuegos-ultimos-juegos-tijuana-mexico","7":"product_cat-tienda-de-videojuegos-tijuana-mexico","8":"product_cat-tienda-de-videojuegos-plataformas-tijuana-mexico","9":"product_cat-tienda-de-videojuegos-pc-tijuana-mexico","10":"product_cat-tienda-de-videojuegos-steam-key-tijuana-mexico","11":"product_cat-tienda-de-videojuegos-aventura-tijuana-mexico","12":"product_cat-tienda-de-videojuegos-lo-mas-jugados-tijuana-mexico","13":"product_tag-grand-theft-auto","14":"product_tag-grand-theft-auto-iv","15":"product_tag-grand-theft-auto-iv-steam","16":"product_tag-steam","18":"first","19":"instock","20":"shipping-taxable","21":"purchasable","22":"product-type-simple"},"yoast_head":"<!-- This site is optimized with the Yoast SEO plugin v27.0 - https:\/\/yoast.com\/product\/yoast-seo-wordpress\/ -->\n<title>Grand Theft Auto IV Steam CD Key - MERCADOKEYS<\/title>\n<meta name=\"description\" content=\"Grand Theft Auto IV es un juego de acci\u00f3n y aventuras en perspectiva en tercera persona, desarrollado por Rockstar North y por Rockstar Games.\" \/>\n<meta name=\"robots\" content=\"index, follow, max-snippet:-1, max-image-preview:large, max-video-preview:-1\" \/>\n<link rel=\"canonical\" href=\"https:\/\/www.mercadokeys.com\/product\/grand-theft-auto-iv-steam-cd-key-2\/\" \/>\n<meta property=\"og:locale\" content=\"en_GB\" \/>\n<meta property=\"og:type\" content=\"article\" \/>\n<meta property=\"og:title\" content=\"Grand Theft Auto IV Steam CD Key - MERCADOKEYS\" \/>\n<meta property=\"og:description\" content=\"Grand Theft Auto IV es un juego de acci\u00f3n y aventuras en perspectiva en tercera persona, desarrollado por Rockstar North y por Rockstar Games.\" \/>\n<meta property=\"og:url\" content=\"https:\/\/www.mercadokeys.com\/product\/grand-theft-auto-iv-steam-cd-key-2\/\" \/>\n<meta property=\"og:site_name\" content=\"MERCADOKEYS\" \/>\n<meta property=\"article:modified_time\" content=\"2022-06-29T13:16:08+00:00\" \/>\n<meta property=\"og:image\" content=\"https:\/\/www.mercadokeys.com\/wp-content\/uploads\/2021\/04\/grand-theft-auto-iv_cover_original.jpg\" \/>\n\t<meta property=\"og:image:width\" content=\"800\" \/>\n\t<meta property=\"og:image:height\" content=\"998\" \/>\n\t<meta property=\"og:image:type\" content=\"image\/jpeg\" \/>\n<meta name=\"twitter:card\" content=\"summary_large_image\" \/>\n<meta name=\"twitter:label1\" content=\"Estimated reading time\" \/>\n\t<meta name=\"twitter:data1\" content=\"4 minutes\" \/>\n<script type=\"application\/ld+json\" class=\"yoast-schema-graph\">{\"@context\":\"https:\/\/schema.org\",\"@graph\":[{\"@type\":\"WebPage\",\"@id\":\"https:\/\/www.mercadokeys.com\/product\/grand-theft-auto-iv-steam-cd-key-2\/\",\"url\":\"https:\/\/www.mercadokeys.com\/product\/grand-theft-auto-iv-steam-cd-key-2\/\",\"name\":\"Grand Theft Auto IV Steam CD Key - MERCADOKEYS\",\"isPartOf\":{\"@id\":\"https:\/\/www.mercadokeys.com\/eng\/#website\"},\"primaryImageOfPage\":{\"@id\":\"https:\/\/www.mercadokeys.com\/product\/grand-theft-auto-iv-steam-cd-key-2\/#primaryimage\"},\"image\":{\"@id\":\"https:\/\/www.mercadokeys.com\/product\/grand-theft-auto-iv-steam-cd-key-2\/#primaryimage\"},\"thumbnailUrl\":\"https:\/\/www.mercadokeys.com.mx\/wp-content\/uploads\/2021\/04\/grand-theft-auto-iv_cover_original.jpg\",\"datePublished\":\"2021-04-26T20:59:02+00:00\",\"dateModified\":\"2022-06-29T13:16:08+00:00\",\"description\":\"Grand Theft Auto IV es un juego de acci\u00f3n y aventuras en perspectiva en tercera persona, desarrollado por Rockstar North y por Rockstar Games.\",\"breadcrumb\":{\"@id\":\"https:\/\/www.mercadokeys.com\/product\/grand-theft-auto-iv-steam-cd-key-2\/#breadcrumb\"},\"inLanguage\":\"en-GB\",\"potentialAction\":[{\"@type\":\"ReadAction\",\"target\":[\"https:\/\/www.mercadokeys.com\/product\/grand-theft-auto-iv-steam-cd-key-2\/\"]}]},{\"@type\":\"ImageObject\",\"inLanguage\":\"en-GB\",\"@id\":\"https:\/\/www.mercadokeys.com\/product\/grand-theft-auto-iv-steam-cd-key-2\/#primaryimage\",\"url\":\"https:\/\/www.mercadokeys.com.mx\/wp-content\/uploads\/2021\/04\/grand-theft-auto-iv_cover_original.jpg\",\"contentUrl\":\"https:\/\/www.mercadokeys.com.mx\/wp-content\/uploads\/2021\/04\/grand-theft-auto-iv_cover_original.jpg\",\"width\":800,\"height\":998},{\"@type\":\"BreadcrumbList\",\"@id\":\"https:\/\/www.mercadokeys.com\/product\/grand-theft-auto-iv-steam-cd-key-2\/#breadcrumb\",\"itemListElement\":[{\"@type\":\"ListItem\",\"position\":1,\"name\":\"Inicio\",\"item\":\"https:\/\/www.mercadokeys.com.mx\/\"},{\"@type\":\"ListItem\",\"position\":2,\"name\":\"Tienda\",\"item\":\"https:\/\/www.mercadokeys.com\/shop\/\"},{\"@type\":\"ListItem\",\"position\":3,\"name\":\"Grand Theft Auto IV Steam CD Key\"}]},{\"@type\":\"WebSite\",\"@id\":\"https:\/\/www.mercadokeys.com\/eng\/#website\",\"url\":\"https:\/\/www.mercadokeys.com\/eng\/\",\"name\":\"MERCADOKEYS\",\"description\":\"Tu Tienda de videojuegos digitales en Mexico!\",\"potentialAction\":[{\"@type\":\"SearchAction\",\"target\":{\"@type\":\"EntryPoint\",\"urlTemplate\":\"https:\/\/www.mercadokeys.com\/eng\/?s={search_term_string}\"},\"query-input\":{\"@type\":\"PropertyValueSpecification\",\"valueRequired\":true,\"valueName\":\"search_term_string\"}}],\"inLanguage\":\"en-GB\"}]}<\/script>\n<!-- \/ Yoast SEO plugin. -->","yoast_head_json":{"title":"Grand Theft Auto IV Steam CD Key - MERCADOKEYS","description":"Grand Theft Auto IV es un juego de acci\u00f3n y aventuras en perspectiva en tercera persona, desarrollado por Rockstar North y por Rockstar Games.","robots":{"index":"index","follow":"follow","max-snippet":"max-snippet:-1","max-image-preview":"max-image-preview:large","max-video-preview":"max-video-preview:-1"},"canonical":"https:\/\/www.mercadokeys.com\/product\/grand-theft-auto-iv-steam-cd-key-2\/","og_locale":"en_GB","og_type":"article","og_title":"Grand Theft Auto IV Steam CD Key - MERCADOKEYS","og_description":"Grand Theft Auto IV es un juego de acci\u00f3n y aventuras en perspectiva en tercera persona, desarrollado por Rockstar North y por Rockstar Games.","og_url":"https:\/\/www.mercadokeys.com\/product\/grand-theft-auto-iv-steam-cd-key-2\/","og_site_name":"MERCADOKEYS","article_modified_time":"2022-06-29T13:16:08+00:00","og_image":[{"width":800,"height":998,"url":"https:\/\/www.mercadokeys.com\/wp-content\/uploads\/2021\/04\/grand-theft-auto-iv_cover_original.jpg","type":"image\/jpeg"}],"twitter_card":"summary_large_image","twitter_misc":{"Estimated reading time":"4 minutes"},"schema":{"@context":"https:\/\/schema.org","@graph":[{"@type":"WebPage","@id":"https:\/\/www.mercadokeys.com\/product\/grand-theft-auto-iv-steam-cd-key-2\/","url":"https:\/\/www.mercadokeys.com\/product\/grand-theft-auto-iv-steam-cd-key-2\/","name":"Grand Theft Auto IV Steam CD Key - MERCADOKEYS","isPartOf":{"@id":"https:\/\/www.mercadokeys.com\/eng\/#website"},"primaryImageOfPage":{"@id":"https:\/\/www.mercadokeys.com\/product\/grand-theft-auto-iv-steam-cd-key-2\/#primaryimage"},"image":{"@id":"https:\/\/www.mercadokeys.com\/product\/grand-theft-auto-iv-steam-cd-key-2\/#primaryimage"},"thumbnailUrl":"https:\/\/www.mercadokeys.com.mx\/wp-content\/uploads\/2021\/04\/grand-theft-auto-iv_cover_original.jpg","datePublished":"2021-04-26T20:59:02+00:00","dateModified":"2022-06-29T13:16:08+00:00","description":"Grand Theft Auto IV es un juego de acci\u00f3n y aventuras en perspectiva en tercera persona, desarrollado por Rockstar North y por Rockstar Games.","breadcrumb":{"@id":"https:\/\/www.mercadokeys.com\/product\/grand-theft-auto-iv-steam-cd-key-2\/#breadcrumb"},"inLanguage":"en-GB","potentialAction":[{"@type":"ReadAction","target":["https:\/\/www.mercadokeys.com\/product\/grand-theft-auto-iv-steam-cd-key-2\/"]}]},{"@type":"ImageObject","inLanguage":"en-GB","@id":"https:\/\/www.mercadokeys.com\/product\/grand-theft-auto-iv-steam-cd-key-2\/#primaryimage","url":"https:\/\/www.mercadokeys.com.mx\/wp-content\/uploads\/2021\/04\/grand-theft-auto-iv_cover_original.jpg","contentUrl":"https:\/\/www.mercadokeys.com.mx\/wp-content\/uploads\/2021\/04\/grand-theft-auto-iv_cover_original.jpg","width":800,"height":998},{"@type":"BreadcrumbList","@id":"https:\/\/www.mercadokeys.com\/product\/grand-theft-auto-iv-steam-cd-key-2\/#breadcrumb","itemListElement":[{"@type":"ListItem","position":1,"name":"Inicio","item":"https:\/\/www.mercadokeys.com.mx\/"},{"@type":"ListItem","position":2,"name":"Tienda","item":"https:\/\/www.mercadokeys.com\/shop\/"},{"@type":"ListItem","position":3,"name":"Grand Theft Auto IV Steam CD Key"}]},{"@type":"WebSite","@id":"https:\/\/www.mercadokeys.com\/eng\/#website","url":"https:\/\/www.mercadokeys.com\/eng\/","name":"MERCADOKEYS","description":"Tu Tienda de videojuegos digitales en Mexico!","potentialAction":[{"@type":"SearchAction","target":{"@type":"EntryPoint","urlTemplate":"https:\/\/www.mercadokeys.com\/eng\/?s={search_term_string}"},"query-input":{"@type":"PropertyValueSpecification","valueRequired":true,"valueName":"search_term_string"}}],"inLanguage":"en-GB"}]}},"df_price":257.029224,"df_sale_price":257.029224,"df_regular_price":257.029224,"df_image_link":"https:\/\/www.mercadokeys.com.mx\/wp-content\/uploads\/2021\/04\/grand-theft-auto-iv_cover_original-240x300.jpg","_links":{"self":[{"href":"https:\/\/www.mercadokeys.com.mx\/eng\/wp-json\/wp\/v2\/product\/112851","targetHints":{"allow":["GET"]}}],"collection":[{"href":"https:\/\/www.mercadokeys.com.mx\/eng\/wp-json\/wp\/v2\/product"}],"about":[{"href":"https:\/\/www.mercadokeys.com.mx\/eng\/wp-json\/wp\/v2\/types\/product"}],"wp:featuredmedia":[{"embeddable":true,"href":"https:\/\/www.mercadokeys.com.mx\/eng\/wp-json\/wp\/v2\/media\/112852"}],"wp:attachment":[{"href":"https:\/\/www.mercadokeys.com.mx\/eng\/wp-json\/wp\/v2\/media?parent=112851"}],"wp:term":[{"taxonomy":"product_brand","embeddable":true,"href":"https:\/\/www.mercadokeys.com.mx\/eng\/wp-json\/wp\/v2\/product_brand?post=112851"},{"taxonomy":"product_cat","embeddable":true,"href":"https:\/\/www.mercadokeys.com.mx\/eng\/wp-json\/wp\/v2\/product_cat?post=112851"},{"taxonomy":"product_tag","embeddable":true,"href":"https:\/\/www.mercadokeys.com.mx\/eng\/wp-json\/wp\/v2\/product_tag?post=112851"}],"curies":[{"name":"wp","href":"https:\/\/api.w.org\/{rel}","templated":true}]}}