{"id":112839,"date":"2021-04-26T13:56:02","date_gmt":"2021-04-26T20:56:02","guid":{"rendered":"https:\/\/www.mercadokeys.com\/product\/holdfast-nations-at-war-steam-cd-key-2\/"},"modified":"2022-06-29T06:10:23","modified_gmt":"2022-06-29T13:10:23","slug":"holdfast-nations-at-war-steam-cd-key-2","status":"publish","type":"product","link":"https:\/\/www.mercadokeys.com.mx\/eng\/product\/holdfast-nations-at-war-steam-cd-key-2\/","title":{"rendered":"Holdfast: Nations At War Steam CD Key"},"content":{"rendered":"<p><span style=\"vertical-align: inherit\">Holdfast: Nations At War es un juego de disparos en primera y tercera persona multijugador en l\u00ednea que se centra en una combinaci\u00f3n de trabajo en equipo y habilidad individual. Participa en los enfrentamientos hist\u00f3ricos en tierra y mar librados por las naciones m\u00e1s poderosas durante la gran Era Napole\u00f3nica.\u00a0<\/span><\/p>\n<p><span style=\"color: inherit\"><span style=\"vertical-align: inherit\">\u00a1Entra en batalla con m\u00e1s de 125 jugadores por servidor!<\/span><\/span><\/p>\n<p><span style=\"color: inherit\"><i><span style=\"vertical-align: inherit\">\u00a1Juega como quieras! <\/span><br \/>\n<\/i><\/span><span style=\"color: inherit\"><span style=\"vertical-align: inherit\">El mando y la tripulaci\u00f3n han inspirado hist\u00f3ricamente a los veleros en poderosos duelos o dentro de las operaciones de escuadr\u00f3n donde la cooperaci\u00f3n en el manejo de sus buques conduce a la victoria. La guerra en el mar es un escenario completamente diferente y estos enfrentamientos tendr\u00e1n lugar frente a la costa en una selecci\u00f3n de hermosos escenarios.<\/span><\/span><\/p>\n<p><span style=\"vertical-align: inherit\">En Holdfast: Nations At War toma el chel\u00edn del rey o lucha por el emperador en gloriosas batallas de campo napole\u00f3nicas. \u00danete a las filas y mant\u00e9n la l\u00ednea estable o brinda apoyo desde la retaguardia con fuego de ca\u00f1\u00f3n mientras luchas por dominar el campo de batalla.<\/span><\/p>","protected":false},"excerpt":{"rendered":"<p>Holdfast: Nations At War es un juego de disparos en primera y tercera persona multijugador en l\u00ednea que se centra en una combinaci\u00f3n de trabajo en equipo y habilidad individual. Participa en los enfrentamientos hist\u00f3ricos en tierra y mar librados por las naciones m\u00e1s poderosas durante la gran Era Napole\u00f3nica.\u00a0 \u00a1Entra en batalla con m\u00e1s&#8230;<\/p>","protected":false},"featured_media":112840,"template":"","meta":{"_monsterinsights_skip_tracking":false,"_monsterinsights_sitenote_active":false,"_monsterinsights_sitenote_note":"","_monsterinsights_sitenote_category":0},"product_brand":[],"product_cat":[1501,2981,1271,1283,1280,1273,1393,1425],"product_tag":[2369,2370,1526],"class_list":{"0":"post-112839","1":"product","2":"type-product","3":"status-publish","4":"has-post-thumbnail","6":"product_cat-tienda-de-videojuegos-ultimos-juegos-tijuana-mexico","7":"product_cat-destacados","8":"product_cat-tienda-de-videojuegos-tijuana-mexico","9":"product_cat-tienda-de-videojuegos-plataformas-tijuana-mexico","10":"product_cat-tienda-de-videojuegos-pc-tijuana-mexico","11":"product_cat-tienda-de-videojuegos-steam-key-tijuana-mexico","12":"product_cat-tienda-de-videojuegos-indie-tijuana-mexico","13":"product_cat-tienda-de-videojuegos-acceso-anticipado-tijuana-mexico","14":"product_tag-holdfast-nations-at-war","15":"product_tag-holdfast-nations-at-war-steam","16":"product_tag-steam","18":"first","19":"instock","20":"shipping-taxable","21":"purchasable","22":"product-type-simple"},"yoast_head":"<!-- This site is optimized with the Yoast SEO plugin v27.0 - https:\/\/yoast.com\/product\/yoast-seo-wordpress\/ -->\n<title>Holdfast: Nations At War Steam CD Key - MERCADOKEYS<\/title>\n<meta name=\"description\" content=\"Holdfast: Nations At War es un juego de disparos en primera y tercera persona multijugador en l\u00ednea que se centra en una combinaci\u00f3n de trabajo en equipo\" \/>\n<meta name=\"robots\" content=\"index, follow, max-snippet:-1, max-image-preview:large, max-video-preview:-1\" \/>\n<link rel=\"canonical\" href=\"https:\/\/www.mercadokeys.com\/product\/holdfast-nations-at-war-steam-cd-key-2\/\" \/>\n<meta property=\"og:locale\" content=\"en_GB\" \/>\n<meta property=\"og:type\" content=\"article\" \/>\n<meta property=\"og:title\" content=\"Holdfast: Nations At War Steam CD Key - MERCADOKEYS\" \/>\n<meta property=\"og:description\" content=\"Holdfast: Nations At War es un juego de disparos en primera y tercera persona multijugador en l\u00ednea que se centra en una combinaci\u00f3n de trabajo en equipo\" \/>\n<meta property=\"og:url\" content=\"https:\/\/www.mercadokeys.com\/product\/holdfast-nations-at-war-steam-cd-key-2\/\" \/>\n<meta property=\"og:site_name\" content=\"MERCADOKEYS\" \/>\n<meta property=\"article:modified_time\" content=\"2022-06-29T13:10:23+00:00\" \/>\n<meta property=\"og:image\" content=\"https:\/\/www.mercadokeys.com\/wp-content\/uploads\/2021\/04\/holdfast-nations-at-war_cover_original.jpg\" \/>\n\t<meta property=\"og:image:width\" content=\"600\" \/>\n\t<meta property=\"og:image:height\" content=\"800\" \/>\n\t<meta property=\"og:image:type\" content=\"image\/jpeg\" \/>\n<meta name=\"twitter:card\" content=\"summary_large_image\" \/>\n<meta name=\"twitter:label1\" content=\"Estimated reading time\" \/>\n\t<meta name=\"twitter:data1\" content=\"1 minute\" \/>\n<script type=\"application\/ld+json\" class=\"yoast-schema-graph\">{\"@context\":\"https:\/\/schema.org\",\"@graph\":[{\"@type\":\"WebPage\",\"@id\":\"https:\/\/www.mercadokeys.com\/product\/holdfast-nations-at-war-steam-cd-key-2\/\",\"url\":\"https:\/\/www.mercadokeys.com\/product\/holdfast-nations-at-war-steam-cd-key-2\/\",\"name\":\"Holdfast: Nations At War Steam CD Key - MERCADOKEYS\",\"isPartOf\":{\"@id\":\"https:\/\/www.mercadokeys.com\/eng\/#website\"},\"primaryImageOfPage\":{\"@id\":\"https:\/\/www.mercadokeys.com\/product\/holdfast-nations-at-war-steam-cd-key-2\/#primaryimage\"},\"image\":{\"@id\":\"https:\/\/www.mercadokeys.com\/product\/holdfast-nations-at-war-steam-cd-key-2\/#primaryimage\"},\"thumbnailUrl\":\"https:\/\/www.mercadokeys.com.mx\/wp-content\/uploads\/2021\/04\/holdfast-nations-at-war_cover_original.jpg\",\"datePublished\":\"2021-04-26T20:56:02+00:00\",\"dateModified\":\"2022-06-29T13:10:23+00:00\",\"description\":\"Holdfast: Nations At War es un juego de disparos en primera y tercera persona multijugador en l\u00ednea que se centra en una combinaci\u00f3n de trabajo en equipo\",\"breadcrumb\":{\"@id\":\"https:\/\/www.mercadokeys.com\/product\/holdfast-nations-at-war-steam-cd-key-2\/#breadcrumb\"},\"inLanguage\":\"en-GB\",\"potentialAction\":[{\"@type\":\"ReadAction\",\"target\":[\"https:\/\/www.mercadokeys.com\/product\/holdfast-nations-at-war-steam-cd-key-2\/\"]}]},{\"@type\":\"ImageObject\",\"inLanguage\":\"en-GB\",\"@id\":\"https:\/\/www.mercadokeys.com\/product\/holdfast-nations-at-war-steam-cd-key-2\/#primaryimage\",\"url\":\"https:\/\/www.mercadokeys.com.mx\/wp-content\/uploads\/2021\/04\/holdfast-nations-at-war_cover_original.jpg\",\"contentUrl\":\"https:\/\/www.mercadokeys.com.mx\/wp-content\/uploads\/2021\/04\/holdfast-nations-at-war_cover_original.jpg\",\"width\":600,\"height\":800},{\"@type\":\"BreadcrumbList\",\"@id\":\"https:\/\/www.mercadokeys.com\/product\/holdfast-nations-at-war-steam-cd-key-2\/#breadcrumb\",\"itemListElement\":[{\"@type\":\"ListItem\",\"position\":1,\"name\":\"Inicio\",\"item\":\"https:\/\/www.mercadokeys.com.mx\/\"},{\"@type\":\"ListItem\",\"position\":2,\"name\":\"Tienda\",\"item\":\"https:\/\/www.mercadokeys.com\/shop\/\"},{\"@type\":\"ListItem\",\"position\":3,\"name\":\"Holdfast: Nations At War Steam CD Key\"}]},{\"@type\":\"WebSite\",\"@id\":\"https:\/\/www.mercadokeys.com\/eng\/#website\",\"url\":\"https:\/\/www.mercadokeys.com\/eng\/\",\"name\":\"MERCADOKEYS\",\"description\":\"Tu Tienda de videojuegos digitales en Mexico!\",\"potentialAction\":[{\"@type\":\"SearchAction\",\"target\":{\"@type\":\"EntryPoint\",\"urlTemplate\":\"https:\/\/www.mercadokeys.com\/eng\/?s={search_term_string}\"},\"query-input\":{\"@type\":\"PropertyValueSpecification\",\"valueRequired\":true,\"valueName\":\"search_term_string\"}}],\"inLanguage\":\"en-GB\"}]}<\/script>\n<!-- \/ Yoast SEO plugin. -->","yoast_head_json":{"title":"Holdfast: Nations At War Steam CD Key - MERCADOKEYS","description":"Holdfast: Nations At War es un juego de disparos en primera y tercera persona multijugador en l\u00ednea que se centra en una combinaci\u00f3n de trabajo en equipo","robots":{"index":"index","follow":"follow","max-snippet":"max-snippet:-1","max-image-preview":"max-image-preview:large","max-video-preview":"max-video-preview:-1"},"canonical":"https:\/\/www.mercadokeys.com\/product\/holdfast-nations-at-war-steam-cd-key-2\/","og_locale":"en_GB","og_type":"article","og_title":"Holdfast: Nations At War Steam CD Key - MERCADOKEYS","og_description":"Holdfast: Nations At War es un juego de disparos en primera y tercera persona multijugador en l\u00ednea que se centra en una combinaci\u00f3n de trabajo en equipo","og_url":"https:\/\/www.mercadokeys.com\/product\/holdfast-nations-at-war-steam-cd-key-2\/","og_site_name":"MERCADOKEYS","article_modified_time":"2022-06-29T13:10:23+00:00","og_image":[{"width":600,"height":800,"url":"https:\/\/www.mercadokeys.com\/wp-content\/uploads\/2021\/04\/holdfast-nations-at-war_cover_original.jpg","type":"image\/jpeg"}],"twitter_card":"summary_large_image","twitter_misc":{"Estimated reading time":"1 minute"},"schema":{"@context":"https:\/\/schema.org","@graph":[{"@type":"WebPage","@id":"https:\/\/www.mercadokeys.com\/product\/holdfast-nations-at-war-steam-cd-key-2\/","url":"https:\/\/www.mercadokeys.com\/product\/holdfast-nations-at-war-steam-cd-key-2\/","name":"Holdfast: Nations At War Steam CD Key - MERCADOKEYS","isPartOf":{"@id":"https:\/\/www.mercadokeys.com\/eng\/#website"},"primaryImageOfPage":{"@id":"https:\/\/www.mercadokeys.com\/product\/holdfast-nations-at-war-steam-cd-key-2\/#primaryimage"},"image":{"@id":"https:\/\/www.mercadokeys.com\/product\/holdfast-nations-at-war-steam-cd-key-2\/#primaryimage"},"thumbnailUrl":"https:\/\/www.mercadokeys.com.mx\/wp-content\/uploads\/2021\/04\/holdfast-nations-at-war_cover_original.jpg","datePublished":"2021-04-26T20:56:02+00:00","dateModified":"2022-06-29T13:10:23+00:00","description":"Holdfast: Nations At War es un juego de disparos en primera y tercera persona multijugador en l\u00ednea que se centra en una combinaci\u00f3n de trabajo en equipo","breadcrumb":{"@id":"https:\/\/www.mercadokeys.com\/product\/holdfast-nations-at-war-steam-cd-key-2\/#breadcrumb"},"inLanguage":"en-GB","potentialAction":[{"@type":"ReadAction","target":["https:\/\/www.mercadokeys.com\/product\/holdfast-nations-at-war-steam-cd-key-2\/"]}]},{"@type":"ImageObject","inLanguage":"en-GB","@id":"https:\/\/www.mercadokeys.com\/product\/holdfast-nations-at-war-steam-cd-key-2\/#primaryimage","url":"https:\/\/www.mercadokeys.com.mx\/wp-content\/uploads\/2021\/04\/holdfast-nations-at-war_cover_original.jpg","contentUrl":"https:\/\/www.mercadokeys.com.mx\/wp-content\/uploads\/2021\/04\/holdfast-nations-at-war_cover_original.jpg","width":600,"height":800},{"@type":"BreadcrumbList","@id":"https:\/\/www.mercadokeys.com\/product\/holdfast-nations-at-war-steam-cd-key-2\/#breadcrumb","itemListElement":[{"@type":"ListItem","position":1,"name":"Inicio","item":"https:\/\/www.mercadokeys.com.mx\/"},{"@type":"ListItem","position":2,"name":"Tienda","item":"https:\/\/www.mercadokeys.com\/shop\/"},{"@type":"ListItem","position":3,"name":"Holdfast: Nations At War Steam CD Key"}]},{"@type":"WebSite","@id":"https:\/\/www.mercadokeys.com\/eng\/#website","url":"https:\/\/www.mercadokeys.com\/eng\/","name":"MERCADOKEYS","description":"Tu Tienda de videojuegos digitales en Mexico!","potentialAction":[{"@type":"SearchAction","target":{"@type":"EntryPoint","urlTemplate":"https:\/\/www.mercadokeys.com\/eng\/?s={search_term_string}"},"query-input":{"@type":"PropertyValueSpecification","valueRequired":true,"valueName":"search_term_string"}}],"inLanguage":"en-GB"}]}},"df_price":300.200985,"df_sale_price":300.200985,"df_regular_price":300.200985,"df_image_link":"https:\/\/www.mercadokeys.com.mx\/wp-content\/uploads\/2021\/04\/holdfast-nations-at-war_cover_original-225x300.jpg","_links":{"self":[{"href":"https:\/\/www.mercadokeys.com.mx\/eng\/wp-json\/wp\/v2\/product\/112839","targetHints":{"allow":["GET"]}}],"collection":[{"href":"https:\/\/www.mercadokeys.com.mx\/eng\/wp-json\/wp\/v2\/product"}],"about":[{"href":"https:\/\/www.mercadokeys.com.mx\/eng\/wp-json\/wp\/v2\/types\/product"}],"wp:featuredmedia":[{"embeddable":true,"href":"https:\/\/www.mercadokeys.com.mx\/eng\/wp-json\/wp\/v2\/media\/112840"}],"wp:attachment":[{"href":"https:\/\/www.mercadokeys.com.mx\/eng\/wp-json\/wp\/v2\/media?parent=112839"}],"wp:term":[{"taxonomy":"product_brand","embeddable":true,"href":"https:\/\/www.mercadokeys.com.mx\/eng\/wp-json\/wp\/v2\/product_brand?post=112839"},{"taxonomy":"product_cat","embeddable":true,"href":"https:\/\/www.mercadokeys.com.mx\/eng\/wp-json\/wp\/v2\/product_cat?post=112839"},{"taxonomy":"product_tag","embeddable":true,"href":"https:\/\/www.mercadokeys.com.mx\/eng\/wp-json\/wp\/v2\/product_tag?post=112839"}],"curies":[{"name":"wp","href":"https:\/\/api.w.org\/{rel}","templated":true}]}}