{"id":112170,"date":"2021-04-02T08:18:31","date_gmt":"2021-04-02T15:18:31","guid":{"rendered":"https:\/\/www.mercadokeys.com\/product\/39-days-to-mars-steam-key-global\/"},"modified":"2022-06-29T06:05:05","modified_gmt":"2022-06-29T13:05:05","slug":"39-days-to-mars-steam-key-global","status":"publish","type":"product","link":"https:\/\/www.mercadokeys.com.mx\/eng\/product\/39-days-to-mars-steam-key-global\/","title":{"rendered":"39 Days to Mars Steam CD Key"},"content":{"rendered":"<p>39 Days to Mars es un juego cooperativo de aventura tipo puzzle de estilo steampunk. P\u00f3ngase en los zapatos de Sir Albert Wickes y el Muy Honorable Clarence Baxter, dos exploradores del siglo XIX; que han elegido pilotar el Temeroso HMS en su viaje inaugural a Marte.<\/p>\n<p>En 39 Days to Mars cuando la m\u00e1quina de vapor se queda sin carb\u00f3n, el gato de a bordo hace trizas la carta de navegaci\u00f3n y adem\u00e1s el t\u00e9 se enfr\u00eda, hace evidente que esto de los viajes interestelares no es solo un paseo por el parque. Ser\u00e1 necesario el trabajo en equipo de dos jugadores para resolver los problemas y llegar a Marte sanos y salvos.<\/p>","protected":false},"excerpt":{"rendered":"<p>39 Days to Mars es un juego cooperativo de aventura tipo puzzle de estilo steampunk. P\u00f3ngase en los zapatos de Sir Albert Wickes y el Muy Honorable Clarence Baxter, dos exploradores del siglo XIX; que han elegido pilotar el Temeroso HMS en su viaje inaugural a Marte. En 39 Days to Mars cuando la m\u00e1quina&#8230;<\/p>","protected":false},"featured_media":110839,"template":"","meta":{"_monsterinsights_skip_tracking":false,"_monsterinsights_sitenote_active":false,"_monsterinsights_sitenote_note":"","_monsterinsights_sitenote_category":0},"product_brand":[],"product_cat":[1501,2981,1271,1420,1283,1280,1273,1393,1428],"product_tag":[1700,1701,1526],"class_list":{"0":"post-112170","1":"product","2":"type-product","3":"status-publish","4":"has-post-thumbnail","6":"product_cat-tienda-de-videojuegos-ultimos-juegos-tijuana-mexico","7":"product_cat-destacados","8":"product_cat-tienda-de-videojuegos-tijuana-mexico","9":"product_cat-tienda-de-videojuegos-populares-tijuana-mexico","10":"product_cat-tienda-de-videojuegos-plataformas-tijuana-mexico","11":"product_cat-tienda-de-videojuegos-pc-tijuana-mexico","12":"product_cat-tienda-de-videojuegos-steam-key-tijuana-mexico","13":"product_cat-tienda-de-videojuegos-indie-tijuana-mexico","14":"product_cat-tienda-de-videojuegos-cooperativos-tijuana-mexico","15":"product_tag-39-days-to-mars","16":"product_tag-39-days-to-mars-steam","17":"product_tag-steam","19":"first","20":"instock","21":"shipping-taxable","22":"purchasable","23":"product-type-simple"},"yoast_head":"<!-- This site is optimized with the Yoast SEO plugin v27.0 - https:\/\/yoast.com\/product\/yoast-seo-wordpress\/ -->\n<title>39 Days to Mars Steam CD Key - MERCADOKEYS<\/title>\n<meta name=\"description\" content=\"39 Days to Mars es un juego cooperativo de aventura tipo puzzle de estilo steampunk. Ponte en los zapatos de Sir Albert Wickes y Clarence Baxter\" \/>\n<meta name=\"robots\" content=\"index, follow, max-snippet:-1, max-image-preview:large, max-video-preview:-1\" \/>\n<link rel=\"canonical\" href=\"https:\/\/www.mercadokeys.com\/product\/39-days-to-mars-steam-key-global\/\" \/>\n<meta property=\"og:locale\" content=\"en_GB\" \/>\n<meta property=\"og:type\" content=\"article\" \/>\n<meta property=\"og:title\" content=\"39 Days to Mars Steam CD Key - MERCADOKEYS\" \/>\n<meta property=\"og:description\" content=\"39 Days to Mars es un juego cooperativo de aventura tipo puzzle de estilo steampunk. Ponte en los zapatos de Sir Albert Wickes y Clarence Baxter\" \/>\n<meta property=\"og:url\" content=\"https:\/\/www.mercadokeys.com\/product\/39-days-to-mars-steam-key-global\/\" \/>\n<meta property=\"og:site_name\" content=\"MERCADOKEYS\" \/>\n<meta property=\"article:modified_time\" content=\"2022-06-29T13:05:05+00:00\" \/>\n<meta property=\"og:image\" content=\"https:\/\/www.mercadokeys.com\/wp-content\/uploads\/2021\/01\/39-Days-to-Mars-Steam-CD-Key.jpg\" \/>\n\t<meta property=\"og:image:width\" content=\"500\" \/>\n\t<meta property=\"og:image:height\" content=\"500\" \/>\n\t<meta property=\"og:image:type\" content=\"image\/jpeg\" \/>\n<meta name=\"twitter:card\" content=\"summary_large_image\" \/>\n<meta name=\"twitter:label1\" content=\"Estimated reading time\" \/>\n\t<meta name=\"twitter:data1\" content=\"1 minute\" \/>\n<script type=\"application\/ld+json\" class=\"yoast-schema-graph\">{\"@context\":\"https:\/\/schema.org\",\"@graph\":[{\"@type\":\"WebPage\",\"@id\":\"https:\/\/www.mercadokeys.com\/product\/39-days-to-mars-steam-key-global\/\",\"url\":\"https:\/\/www.mercadokeys.com\/product\/39-days-to-mars-steam-key-global\/\",\"name\":\"39 Days to Mars Steam CD Key - MERCADOKEYS\",\"isPartOf\":{\"@id\":\"https:\/\/www.mercadokeys.com\/eng\/#website\"},\"primaryImageOfPage\":{\"@id\":\"https:\/\/www.mercadokeys.com\/product\/39-days-to-mars-steam-key-global\/#primaryimage\"},\"image\":{\"@id\":\"https:\/\/www.mercadokeys.com\/product\/39-days-to-mars-steam-key-global\/#primaryimage\"},\"thumbnailUrl\":\"https:\/\/www.mercadokeys.com.mx\/wp-content\/uploads\/2021\/01\/39-Days-to-Mars-Steam-CD-Key.jpg\",\"datePublished\":\"2021-04-02T15:18:31+00:00\",\"dateModified\":\"2022-06-29T13:05:05+00:00\",\"description\":\"39 Days to Mars es un juego cooperativo de aventura tipo puzzle de estilo steampunk. Ponte en los zapatos de Sir Albert Wickes y Clarence Baxter\",\"breadcrumb\":{\"@id\":\"https:\/\/www.mercadokeys.com\/product\/39-days-to-mars-steam-key-global\/#breadcrumb\"},\"inLanguage\":\"en-GB\",\"potentialAction\":[{\"@type\":\"ReadAction\",\"target\":[\"https:\/\/www.mercadokeys.com\/product\/39-days-to-mars-steam-key-global\/\"]}]},{\"@type\":\"ImageObject\",\"inLanguage\":\"en-GB\",\"@id\":\"https:\/\/www.mercadokeys.com\/product\/39-days-to-mars-steam-key-global\/#primaryimage\",\"url\":\"https:\/\/www.mercadokeys.com.mx\/wp-content\/uploads\/2021\/01\/39-Days-to-Mars-Steam-CD-Key.jpg\",\"contentUrl\":\"https:\/\/www.mercadokeys.com.mx\/wp-content\/uploads\/2021\/01\/39-Days-to-Mars-Steam-CD-Key.jpg\",\"width\":500,\"height\":500,\"caption\":\"39 Days to Mars es un juego cooperativo de aventura tipo puzzle de estilo steampunk. P\u00f3ngase en los zapatos de Sir Albert Wickes y el Muy Honorable Clarence Baxter\"},{\"@type\":\"BreadcrumbList\",\"@id\":\"https:\/\/www.mercadokeys.com\/product\/39-days-to-mars-steam-key-global\/#breadcrumb\",\"itemListElement\":[{\"@type\":\"ListItem\",\"position\":1,\"name\":\"Inicio\",\"item\":\"https:\/\/www.mercadokeys.com.mx\/\"},{\"@type\":\"ListItem\",\"position\":2,\"name\":\"Tienda\",\"item\":\"https:\/\/www.mercadokeys.com\/shop\/\"},{\"@type\":\"ListItem\",\"position\":3,\"name\":\"39 Days to Mars Steam CD Key\"}]},{\"@type\":\"WebSite\",\"@id\":\"https:\/\/www.mercadokeys.com\/eng\/#website\",\"url\":\"https:\/\/www.mercadokeys.com\/eng\/\",\"name\":\"MERCADOKEYS\",\"description\":\"Tu Tienda de videojuegos digitales en Mexico!\",\"potentialAction\":[{\"@type\":\"SearchAction\",\"target\":{\"@type\":\"EntryPoint\",\"urlTemplate\":\"https:\/\/www.mercadokeys.com\/eng\/?s={search_term_string}\"},\"query-input\":{\"@type\":\"PropertyValueSpecification\",\"valueRequired\":true,\"valueName\":\"search_term_string\"}}],\"inLanguage\":\"en-GB\"}]}<\/script>\n<!-- \/ Yoast SEO plugin. -->","yoast_head_json":{"title":"39 Days to Mars Steam CD Key - MERCADOKEYS","description":"39 Days to Mars es un juego cooperativo de aventura tipo puzzle de estilo steampunk. Ponte en los zapatos de Sir Albert Wickes y Clarence Baxter","robots":{"index":"index","follow":"follow","max-snippet":"max-snippet:-1","max-image-preview":"max-image-preview:large","max-video-preview":"max-video-preview:-1"},"canonical":"https:\/\/www.mercadokeys.com\/product\/39-days-to-mars-steam-key-global\/","og_locale":"en_GB","og_type":"article","og_title":"39 Days to Mars Steam CD Key - MERCADOKEYS","og_description":"39 Days to Mars es un juego cooperativo de aventura tipo puzzle de estilo steampunk. Ponte en los zapatos de Sir Albert Wickes y Clarence Baxter","og_url":"https:\/\/www.mercadokeys.com\/product\/39-days-to-mars-steam-key-global\/","og_site_name":"MERCADOKEYS","article_modified_time":"2022-06-29T13:05:05+00:00","og_image":[{"width":500,"height":500,"url":"https:\/\/www.mercadokeys.com\/wp-content\/uploads\/2021\/01\/39-Days-to-Mars-Steam-CD-Key.jpg","type":"image\/jpeg"}],"twitter_card":"summary_large_image","twitter_misc":{"Estimated reading time":"1 minute"},"schema":{"@context":"https:\/\/schema.org","@graph":[{"@type":"WebPage","@id":"https:\/\/www.mercadokeys.com\/product\/39-days-to-mars-steam-key-global\/","url":"https:\/\/www.mercadokeys.com\/product\/39-days-to-mars-steam-key-global\/","name":"39 Days to Mars Steam CD Key - MERCADOKEYS","isPartOf":{"@id":"https:\/\/www.mercadokeys.com\/eng\/#website"},"primaryImageOfPage":{"@id":"https:\/\/www.mercadokeys.com\/product\/39-days-to-mars-steam-key-global\/#primaryimage"},"image":{"@id":"https:\/\/www.mercadokeys.com\/product\/39-days-to-mars-steam-key-global\/#primaryimage"},"thumbnailUrl":"https:\/\/www.mercadokeys.com.mx\/wp-content\/uploads\/2021\/01\/39-Days-to-Mars-Steam-CD-Key.jpg","datePublished":"2021-04-02T15:18:31+00:00","dateModified":"2022-06-29T13:05:05+00:00","description":"39 Days to Mars es un juego cooperativo de aventura tipo puzzle de estilo steampunk. Ponte en los zapatos de Sir Albert Wickes y Clarence Baxter","breadcrumb":{"@id":"https:\/\/www.mercadokeys.com\/product\/39-days-to-mars-steam-key-global\/#breadcrumb"},"inLanguage":"en-GB","potentialAction":[{"@type":"ReadAction","target":["https:\/\/www.mercadokeys.com\/product\/39-days-to-mars-steam-key-global\/"]}]},{"@type":"ImageObject","inLanguage":"en-GB","@id":"https:\/\/www.mercadokeys.com\/product\/39-days-to-mars-steam-key-global\/#primaryimage","url":"https:\/\/www.mercadokeys.com.mx\/wp-content\/uploads\/2021\/01\/39-Days-to-Mars-Steam-CD-Key.jpg","contentUrl":"https:\/\/www.mercadokeys.com.mx\/wp-content\/uploads\/2021\/01\/39-Days-to-Mars-Steam-CD-Key.jpg","width":500,"height":500,"caption":"39 Days to Mars es un juego cooperativo de aventura tipo puzzle de estilo steampunk. P\u00f3ngase en los zapatos de Sir Albert Wickes y el Muy Honorable Clarence Baxter"},{"@type":"BreadcrumbList","@id":"https:\/\/www.mercadokeys.com\/product\/39-days-to-mars-steam-key-global\/#breadcrumb","itemListElement":[{"@type":"ListItem","position":1,"name":"Inicio","item":"https:\/\/www.mercadokeys.com.mx\/"},{"@type":"ListItem","position":2,"name":"Tienda","item":"https:\/\/www.mercadokeys.com\/shop\/"},{"@type":"ListItem","position":3,"name":"39 Days to Mars Steam CD Key"}]},{"@type":"WebSite","@id":"https:\/\/www.mercadokeys.com\/eng\/#website","url":"https:\/\/www.mercadokeys.com\/eng\/","name":"MERCADOKEYS","description":"Tu Tienda de videojuegos digitales en Mexico!","potentialAction":[{"@type":"SearchAction","target":{"@type":"EntryPoint","urlTemplate":"https:\/\/www.mercadokeys.com\/eng\/?s={search_term_string}"},"query-input":{"@type":"PropertyValueSpecification","valueRequired":true,"valueName":"search_term_string"}}],"inLanguage":"en-GB"}]}},"df_price":6405.431303,"df_sale_price":6405.431303,"df_regular_price":6405.431303,"df_image_link":"https:\/\/www.mercadokeys.com.mx\/wp-content\/uploads\/2021\/01\/39-Days-to-Mars-Steam-CD-Key-300x300.jpg","_links":{"self":[{"href":"https:\/\/www.mercadokeys.com.mx\/eng\/wp-json\/wp\/v2\/product\/112170","targetHints":{"allow":["GET"]}}],"collection":[{"href":"https:\/\/www.mercadokeys.com.mx\/eng\/wp-json\/wp\/v2\/product"}],"about":[{"href":"https:\/\/www.mercadokeys.com.mx\/eng\/wp-json\/wp\/v2\/types\/product"}],"wp:featuredmedia":[{"embeddable":true,"href":"https:\/\/www.mercadokeys.com.mx\/eng\/wp-json\/wp\/v2\/media\/110839"}],"wp:attachment":[{"href":"https:\/\/www.mercadokeys.com.mx\/eng\/wp-json\/wp\/v2\/media?parent=112170"}],"wp:term":[{"taxonomy":"product_brand","embeddable":true,"href":"https:\/\/www.mercadokeys.com.mx\/eng\/wp-json\/wp\/v2\/product_brand?post=112170"},{"taxonomy":"product_cat","embeddable":true,"href":"https:\/\/www.mercadokeys.com.mx\/eng\/wp-json\/wp\/v2\/product_cat?post=112170"},{"taxonomy":"product_tag","embeddable":true,"href":"https:\/\/www.mercadokeys.com.mx\/eng\/wp-json\/wp\/v2\/product_tag?post=112170"}],"curies":[{"name":"wp","href":"https:\/\/api.w.org\/{rel}","templated":true}]}}