{"id":110749,"date":"2021-01-27T14:47:25","date_gmt":"2021-01-27T22:47:25","guid":{"rendered":"https:\/\/www.mercadokeys.com\/product\/levelhead-steam-cd-key\/"},"modified":"2022-06-29T06:11:53","modified_gmt":"2022-06-29T13:11:53","slug":"levelhead-steam-cd-key","status":"publish","type":"product","link":"https:\/\/www.mercadokeys.com.mx\/eng\/product\/levelhead-steam-cd-key\/","title":{"rendered":"Levelhead Steam CD Key"},"content":{"rendered":"<p>La Agencia de Env\u00edos es la corporaci\u00f3n de entrega de paquetes n\u00famero uno de la galaxia. Desde hace cientos de a\u00f1os, nuestros clientes conf\u00edan en nosotros para que sus bienes sean bien despachados. Y ahora, t\u00fa podr\u00e1s formar parte de esas entregas m\u00e1gicas. Como nueva incorporaci\u00f3n del Departamento de Levelhead, es tu responsabilidad capacitar a tu robot de env\u00edos GR-18 para que pueda superar cualquier desaf\u00edo de entrega. Crea niveles (Nuevas Instancias de evaluaci\u00f3n de Empleados de Levelhead) con el intuitivo editor de niveles del taller y publ\u00edcalos para que todo el mundo los pueda disfrutar.<\/p>\n<p>Construye m\u00e1quinas y artilugios incre\u00edbles, crea expediciones peligrosas que se deben superar con astucia y fuerza bruta, o dise\u00f1a un nivel musical relajante para que los dem\u00e1s Levelheads pasen un buen rato. Cuando completes tu nivel, podr\u00e1s compartirlo con el resto del mundo&#8230; \u00a1y ganar seguidores! El Departamento de Levelhead tiene un potente sistema de selecci\u00f3n y seguimiento, as\u00ed que siempre encontrar\u00e1s los mejores niveles nuevos que hayan creado tus colegas.<\/p>","protected":false},"excerpt":{"rendered":"<p>La Agencia de Env\u00edos es la corporaci\u00f3n de entrega de paquetes n\u00famero uno de la galaxia. Desde hace cientos de a\u00f1os, nuestros clientes conf\u00edan en nosotros para que sus bienes sean bien despachados. Y ahora, t\u00fa podr\u00e1s formar parte de esas entregas m\u00e1gicas. Como nueva incorporaci\u00f3n del Departamento de Levelhead, es tu responsabilidad capacitar a&#8230;<\/p>","protected":false},"featured_media":110841,"template":"","meta":{"_monsterinsights_skip_tracking":false,"_monsterinsights_sitenote_active":false,"_monsterinsights_sitenote_note":"","_monsterinsights_sitenote_category":0},"product_brand":[],"product_cat":[1501,2981,1271,1420,1283,1280,1273,1428,1381],"product_tag":[1627,1628,1526],"class_list":{"0":"post-110749","1":"product","2":"type-product","3":"status-publish","4":"has-post-thumbnail","6":"product_cat-tienda-de-videojuegos-ultimos-juegos-tijuana-mexico","7":"product_cat-destacados","8":"product_cat-tienda-de-videojuegos-tijuana-mexico","9":"product_cat-tienda-de-videojuegos-populares-tijuana-mexico","10":"product_cat-tienda-de-videojuegos-plataformas-tijuana-mexico","11":"product_cat-tienda-de-videojuegos-pc-tijuana-mexico","12":"product_cat-tienda-de-videojuegos-steam-key-tijuana-mexico","13":"product_cat-tienda-de-videojuegos-cooperativos-tijuana-mexico","14":"product_cat-sin-categorizar","15":"product_tag-levelhead","16":"product_tag-levelhead-steam","17":"product_tag-steam","19":"first","20":"instock","21":"shipping-taxable","22":"purchasable","23":"product-type-simple"},"yoast_head":"<!-- This site is optimized with the Yoast SEO plugin v27.0 - https:\/\/yoast.com\/product\/yoast-seo-wordpress\/ -->\n<title>Levelhead Steam CD Key - MERCADOKEYS<\/title>\n<meta name=\"description\" content=\"Como nueva incorporaci\u00f3n del Departamento de Levelhead, es tu responsabilidad capacitar a tu robot de env\u00edos GR-18 para superar cualquier desaf\u00edo\" \/>\n<meta name=\"robots\" content=\"index, follow, max-snippet:-1, max-image-preview:large, max-video-preview:-1\" \/>\n<link rel=\"canonical\" href=\"https:\/\/www.mercadokeys.com\/product\/levelhead-steam-cd-key\/\" \/>\n<meta property=\"og:locale\" content=\"en_GB\" \/>\n<meta property=\"og:type\" content=\"article\" \/>\n<meta property=\"og:title\" content=\"Levelhead Steam CD Key - MERCADOKEYS\" \/>\n<meta property=\"og:description\" content=\"Como nueva incorporaci\u00f3n del Departamento de Levelhead, es tu responsabilidad capacitar a tu robot de env\u00edos GR-18 para superar cualquier desaf\u00edo\" \/>\n<meta property=\"og:url\" content=\"https:\/\/www.mercadokeys.com\/product\/levelhead-steam-cd-key\/\" \/>\n<meta property=\"og:site_name\" content=\"MERCADOKEYS\" \/>\n<meta property=\"article:modified_time\" content=\"2022-06-29T13:11:53+00:00\" \/>\n<meta property=\"og:image\" content=\"https:\/\/www.mercadokeys.com\/wp-content\/uploads\/2021\/01\/Levelhead-Steam-CD-Key.jpg\" \/>\n\t<meta property=\"og:image:width\" content=\"500\" \/>\n\t<meta property=\"og:image:height\" content=\"500\" \/>\n\t<meta property=\"og:image:type\" content=\"image\/jpeg\" \/>\n<meta name=\"twitter:card\" content=\"summary_large_image\" \/>\n<meta name=\"twitter:label1\" content=\"Estimated reading time\" \/>\n\t<meta name=\"twitter:data1\" content=\"1 minute\" \/>\n<script type=\"application\/ld+json\" class=\"yoast-schema-graph\">{\"@context\":\"https:\/\/schema.org\",\"@graph\":[{\"@type\":\"WebPage\",\"@id\":\"https:\/\/www.mercadokeys.com\/product\/levelhead-steam-cd-key\/\",\"url\":\"https:\/\/www.mercadokeys.com\/product\/levelhead-steam-cd-key\/\",\"name\":\"Levelhead Steam CD Key - MERCADOKEYS\",\"isPartOf\":{\"@id\":\"https:\/\/www.mercadokeys.com\/eng\/#website\"},\"primaryImageOfPage\":{\"@id\":\"https:\/\/www.mercadokeys.com\/product\/levelhead-steam-cd-key\/#primaryimage\"},\"image\":{\"@id\":\"https:\/\/www.mercadokeys.com\/product\/levelhead-steam-cd-key\/#primaryimage\"},\"thumbnailUrl\":\"https:\/\/www.mercadokeys.com.mx\/wp-content\/uploads\/2021\/01\/Levelhead-Steam-CD-Key.jpg\",\"datePublished\":\"2021-01-27T22:47:25+00:00\",\"dateModified\":\"2022-06-29T13:11:53+00:00\",\"description\":\"Como nueva incorporaci\u00f3n del Departamento de Levelhead, es tu responsabilidad capacitar a tu robot de env\u00edos GR-18 para superar cualquier desaf\u00edo\",\"breadcrumb\":{\"@id\":\"https:\/\/www.mercadokeys.com\/product\/levelhead-steam-cd-key\/#breadcrumb\"},\"inLanguage\":\"en-GB\",\"potentialAction\":[{\"@type\":\"ReadAction\",\"target\":[\"https:\/\/www.mercadokeys.com\/product\/levelhead-steam-cd-key\/\"]}]},{\"@type\":\"ImageObject\",\"inLanguage\":\"en-GB\",\"@id\":\"https:\/\/www.mercadokeys.com\/product\/levelhead-steam-cd-key\/#primaryimage\",\"url\":\"https:\/\/www.mercadokeys.com.mx\/wp-content\/uploads\/2021\/01\/Levelhead-Steam-CD-Key.jpg\",\"contentUrl\":\"https:\/\/www.mercadokeys.com.mx\/wp-content\/uploads\/2021\/01\/Levelhead-Steam-CD-Key.jpg\",\"width\":500,\"height\":500,\"caption\":\"Como nueva incorporaci\u00f3n del Departamento de Levelhead, es tu responsabilidad capacitar a tu robot de env\u00edos GR-18\"},{\"@type\":\"BreadcrumbList\",\"@id\":\"https:\/\/www.mercadokeys.com\/product\/levelhead-steam-cd-key\/#breadcrumb\",\"itemListElement\":[{\"@type\":\"ListItem\",\"position\":1,\"name\":\"Inicio\",\"item\":\"https:\/\/www.mercadokeys.com.mx\/\"},{\"@type\":\"ListItem\",\"position\":2,\"name\":\"Tienda\",\"item\":\"https:\/\/www.mercadokeys.com\/shop\/\"},{\"@type\":\"ListItem\",\"position\":3,\"name\":\"Levelhead Steam CD Key\"}]},{\"@type\":\"WebSite\",\"@id\":\"https:\/\/www.mercadokeys.com\/eng\/#website\",\"url\":\"https:\/\/www.mercadokeys.com\/eng\/\",\"name\":\"MERCADOKEYS\",\"description\":\"Tu Tienda de videojuegos digitales en Mexico!\",\"potentialAction\":[{\"@type\":\"SearchAction\",\"target\":{\"@type\":\"EntryPoint\",\"urlTemplate\":\"https:\/\/www.mercadokeys.com\/eng\/?s={search_term_string}\"},\"query-input\":{\"@type\":\"PropertyValueSpecification\",\"valueRequired\":true,\"valueName\":\"search_term_string\"}}],\"inLanguage\":\"en-GB\"}]}<\/script>\n<!-- \/ Yoast SEO plugin. -->","yoast_head_json":{"title":"Levelhead Steam CD Key - MERCADOKEYS","description":"Como nueva incorporaci\u00f3n del Departamento de Levelhead, es tu responsabilidad capacitar a tu robot de env\u00edos GR-18 para superar cualquier desaf\u00edo","robots":{"index":"index","follow":"follow","max-snippet":"max-snippet:-1","max-image-preview":"max-image-preview:large","max-video-preview":"max-video-preview:-1"},"canonical":"https:\/\/www.mercadokeys.com\/product\/levelhead-steam-cd-key\/","og_locale":"en_GB","og_type":"article","og_title":"Levelhead Steam CD Key - MERCADOKEYS","og_description":"Como nueva incorporaci\u00f3n del Departamento de Levelhead, es tu responsabilidad capacitar a tu robot de env\u00edos GR-18 para superar cualquier desaf\u00edo","og_url":"https:\/\/www.mercadokeys.com\/product\/levelhead-steam-cd-key\/","og_site_name":"MERCADOKEYS","article_modified_time":"2022-06-29T13:11:53+00:00","og_image":[{"width":500,"height":500,"url":"https:\/\/www.mercadokeys.com\/wp-content\/uploads\/2021\/01\/Levelhead-Steam-CD-Key.jpg","type":"image\/jpeg"}],"twitter_card":"summary_large_image","twitter_misc":{"Estimated reading time":"1 minute"},"schema":{"@context":"https:\/\/schema.org","@graph":[{"@type":"WebPage","@id":"https:\/\/www.mercadokeys.com\/product\/levelhead-steam-cd-key\/","url":"https:\/\/www.mercadokeys.com\/product\/levelhead-steam-cd-key\/","name":"Levelhead Steam CD Key - MERCADOKEYS","isPartOf":{"@id":"https:\/\/www.mercadokeys.com\/eng\/#website"},"primaryImageOfPage":{"@id":"https:\/\/www.mercadokeys.com\/product\/levelhead-steam-cd-key\/#primaryimage"},"image":{"@id":"https:\/\/www.mercadokeys.com\/product\/levelhead-steam-cd-key\/#primaryimage"},"thumbnailUrl":"https:\/\/www.mercadokeys.com.mx\/wp-content\/uploads\/2021\/01\/Levelhead-Steam-CD-Key.jpg","datePublished":"2021-01-27T22:47:25+00:00","dateModified":"2022-06-29T13:11:53+00:00","description":"Como nueva incorporaci\u00f3n del Departamento de Levelhead, es tu responsabilidad capacitar a tu robot de env\u00edos GR-18 para superar cualquier desaf\u00edo","breadcrumb":{"@id":"https:\/\/www.mercadokeys.com\/product\/levelhead-steam-cd-key\/#breadcrumb"},"inLanguage":"en-GB","potentialAction":[{"@type":"ReadAction","target":["https:\/\/www.mercadokeys.com\/product\/levelhead-steam-cd-key\/"]}]},{"@type":"ImageObject","inLanguage":"en-GB","@id":"https:\/\/www.mercadokeys.com\/product\/levelhead-steam-cd-key\/#primaryimage","url":"https:\/\/www.mercadokeys.com.mx\/wp-content\/uploads\/2021\/01\/Levelhead-Steam-CD-Key.jpg","contentUrl":"https:\/\/www.mercadokeys.com.mx\/wp-content\/uploads\/2021\/01\/Levelhead-Steam-CD-Key.jpg","width":500,"height":500,"caption":"Como nueva incorporaci\u00f3n del Departamento de Levelhead, es tu responsabilidad capacitar a tu robot de env\u00edos GR-18"},{"@type":"BreadcrumbList","@id":"https:\/\/www.mercadokeys.com\/product\/levelhead-steam-cd-key\/#breadcrumb","itemListElement":[{"@type":"ListItem","position":1,"name":"Inicio","item":"https:\/\/www.mercadokeys.com.mx\/"},{"@type":"ListItem","position":2,"name":"Tienda","item":"https:\/\/www.mercadokeys.com\/shop\/"},{"@type":"ListItem","position":3,"name":"Levelhead Steam CD Key"}]},{"@type":"WebSite","@id":"https:\/\/www.mercadokeys.com\/eng\/#website","url":"https:\/\/www.mercadokeys.com\/eng\/","name":"MERCADOKEYS","description":"Tu Tienda de videojuegos digitales en Mexico!","potentialAction":[{"@type":"SearchAction","target":{"@type":"EntryPoint","urlTemplate":"https:\/\/www.mercadokeys.com\/eng\/?s={search_term_string}"},"query-input":{"@type":"PropertyValueSpecification","valueRequired":true,"valueName":"search_term_string"}}],"inLanguage":"en-GB"}]}},"df_price":12.601029,"df_sale_price":12.601029,"df_regular_price":12.601029,"df_image_link":"https:\/\/www.mercadokeys.com.mx\/wp-content\/uploads\/2021\/01\/Levelhead-Steam-CD-Key-300x300.jpg","_links":{"self":[{"href":"https:\/\/www.mercadokeys.com.mx\/eng\/wp-json\/wp\/v2\/product\/110749","targetHints":{"allow":["GET"]}}],"collection":[{"href":"https:\/\/www.mercadokeys.com.mx\/eng\/wp-json\/wp\/v2\/product"}],"about":[{"href":"https:\/\/www.mercadokeys.com.mx\/eng\/wp-json\/wp\/v2\/types\/product"}],"wp:featuredmedia":[{"embeddable":true,"href":"https:\/\/www.mercadokeys.com.mx\/eng\/wp-json\/wp\/v2\/media\/110841"}],"wp:attachment":[{"href":"https:\/\/www.mercadokeys.com.mx\/eng\/wp-json\/wp\/v2\/media?parent=110749"}],"wp:term":[{"taxonomy":"product_brand","embeddable":true,"href":"https:\/\/www.mercadokeys.com.mx\/eng\/wp-json\/wp\/v2\/product_brand?post=110749"},{"taxonomy":"product_cat","embeddable":true,"href":"https:\/\/www.mercadokeys.com.mx\/eng\/wp-json\/wp\/v2\/product_cat?post=110749"},{"taxonomy":"product_tag","embeddable":true,"href":"https:\/\/www.mercadokeys.com.mx\/eng\/wp-json\/wp\/v2\/product_tag?post=110749"}],"curies":[{"name":"wp","href":"https:\/\/api.w.org\/{rel}","templated":true}]}}