{"id":110592,"date":"2021-01-23T20:06:52","date_gmt":"2021-01-24T04:06:52","guid":{"rendered":"https:\/\/www.mercadokeys.com\/product\/river-city-girls-steam-key-global\/"},"modified":"2022-06-29T06:05:39","modified_gmt":"2022-06-29T13:05:39","slug":"river-city-girls-steam-key-global","status":"publish","type":"product","link":"https:\/\/www.mercadokeys.com.mx\/eng\/product\/river-city-girls-steam-key-global\/","title":{"rendered":"River City Girls Steam CD Key"},"content":{"rendered":"<p><span style=\"vertical-align: inherit\">Hay problemas una vez m\u00e1s en las malas calles de River City, \u00a1pero esta vez los chicos est\u00e1n por encima de sus cabezas! En esta nueva entrada de la legendaria serie beat-&#8216;em-up, los h\u00e9roes de sangre caliente Kuni y Riki han sido capturados; dej\u00e1ndolos en manos de sus contundentes novias, Kyoko y Misako, para que sirvan de venganza. A medida que atraviesas la ciudad con pu\u00f1etazos y patadas, ya sea solo o con un amigo en la cooperativa local, obtendr\u00e1s nuevas habilidades, comer\u00e1s potenciadores, empu\u00f1ar\u00e1s una variedad de armas y desatar\u00e1s un arsenal de combos y tiros. y ataques especiales que dejar\u00e1n a los malos llorando por mam\u00e1, \u00a1todo en un escandaloso estilo de 16 bits! La incre\u00edble acci\u00f3n est\u00e1 marcada por paneles de historias de manga, escenas de anime y una banda sonora \u00e9pica de synth-pop. \u00a1Es un estruendo de la vieja escuela para una nueva generaci\u00f3n! <\/span><\/p>\n<p><span style=\"vertical-align: inherit\">Caracter\u00edsticas principales:<\/span><\/p>\n<ul>\n<li>\n<span style=\"vertical-align: inherit\">\u2022 \u00a1Acci\u00f3n salvaje de beat-&#8216;em-up para uno o dos jugadores!<\/span><\/li>\n<li>\n<span style=\"vertical-align: inherit\">\u2022 \u00a1Gr\u00e1ficos de pixel art gloriosos m\u00e1s escenas de anime y manga!<\/span><\/li>\n<li>\n<span style=\"vertical-align: inherit\">\u2022 \u00a1Fant\u00e1stica banda sonora con Chipzel, Christina Vee y NateWantsToBattle!<\/span><\/li>\n<li>\n<span style=\"vertical-align: inherit\">\u2022 Seis grandes regiones urbanas por las que luchar, \u00a1con tiendas y misiones secundarias!<\/span><\/li>\n<li>\n<span style=\"vertical-align: inherit\">\u2022 \u00a1Un mont\u00f3n de armas, objetos y habilidades para potenciar a tus hero\u00ednas!<\/span><\/li>\n<li>\n<span style=\"vertical-align: inherit\">\u2022 \u00a1Apariciones de invitados de personajes cl\u00e1sicos de River City!<\/span><\/li>\n<\/ul>\n<p>&nbsp;<\/p>","protected":false},"excerpt":{"rendered":"<p>Hay problemas una vez m\u00e1s en las malas calles de River City, \u00a1pero esta vez los chicos est\u00e1n por encima de sus cabezas! En esta nueva entrada de la legendaria serie beat-&#8216;em-up, los h\u00e9roes de sangre caliente Kuni y Riki han sido capturados; dej\u00e1ndolos en manos de sus contundentes novias, Kyoko y Misako, para que&#8230;<\/p>","protected":false},"featured_media":110593,"template":"","meta":{"_monsterinsights_skip_tracking":false,"_monsterinsights_sitenote_active":false,"_monsterinsights_sitenote_note":"","_monsterinsights_sitenote_category":0},"product_brand":[],"product_cat":[1501,2981,1271,1420,1283,1280,1273,1428],"product_tag":[2608,2607,1526],"class_list":{"0":"post-110592","1":"product","2":"type-product","3":"status-publish","4":"has-post-thumbnail","6":"product_cat-tienda-de-videojuegos-ultimos-juegos-tijuana-mexico","7":"product_cat-destacados","8":"product_cat-tienda-de-videojuegos-tijuana-mexico","9":"product_cat-tienda-de-videojuegos-populares-tijuana-mexico","10":"product_cat-tienda-de-videojuegos-plataformas-tijuana-mexico","11":"product_cat-tienda-de-videojuegos-pc-tijuana-mexico","12":"product_cat-tienda-de-videojuegos-steam-key-tijuana-mexico","13":"product_cat-tienda-de-videojuegos-cooperativos-tijuana-mexico","14":"product_tag-river-city-girls","15":"product_tag-river-city-girls-steam","16":"product_tag-steam","18":"first","19":"instock","20":"shipping-taxable","21":"purchasable","22":"product-type-simple"},"yoast_head":"<!-- This site is optimized with the Yoast SEO plugin v27.0 - https:\/\/yoast.com\/product\/yoast-seo-wordpress\/ -->\n<title>River City Girls Steam CD Key - MERCADOKEYS<\/title>\n<meta name=\"description\" content=\"Hay problemas una vez m\u00e1s en las malas calles de River City, \u00a1pero esta vez los chicos est\u00e1n por encima de sus cabezas! en el juego\" \/>\n<meta name=\"robots\" content=\"index, follow, max-snippet:-1, max-image-preview:large, max-video-preview:-1\" \/>\n<link rel=\"canonical\" href=\"https:\/\/www.mercadokeys.com\/product\/river-city-girls-steam-key-global\/\" \/>\n<meta property=\"og:locale\" content=\"en_GB\" \/>\n<meta property=\"og:type\" content=\"article\" \/>\n<meta property=\"og:title\" content=\"River City Girls Steam CD Key - MERCADOKEYS\" \/>\n<meta property=\"og:description\" content=\"Hay problemas una vez m\u00e1s en las malas calles de River City, \u00a1pero esta vez los chicos est\u00e1n por encima de sus cabezas! en el juego\" \/>\n<meta property=\"og:url\" content=\"https:\/\/www.mercadokeys.com\/product\/river-city-girls-steam-key-global\/\" \/>\n<meta property=\"og:site_name\" content=\"MERCADOKEYS\" \/>\n<meta property=\"article:modified_time\" content=\"2022-06-29T13:05:39+00:00\" \/>\n<meta property=\"og:image\" content=\"https:\/\/www.mercadokeys.com\/wp-content\/uploads\/2021\/01\/180095.jpg\" \/>\n\t<meta property=\"og:image:width\" content=\"230\" \/>\n\t<meta property=\"og:image:height\" content=\"336\" \/>\n\t<meta property=\"og:image:type\" content=\"image\/jpeg\" \/>\n<meta name=\"twitter:card\" content=\"summary_large_image\" \/>\n<meta name=\"twitter:label1\" content=\"Estimated reading time\" \/>\n\t<meta name=\"twitter:data1\" content=\"1 minute\" \/>\n<script type=\"application\/ld+json\" class=\"yoast-schema-graph\">{\"@context\":\"https:\/\/schema.org\",\"@graph\":[{\"@type\":\"WebPage\",\"@id\":\"https:\/\/www.mercadokeys.com\/product\/river-city-girls-steam-key-global\/\",\"url\":\"https:\/\/www.mercadokeys.com\/product\/river-city-girls-steam-key-global\/\",\"name\":\"River City Girls Steam CD Key - MERCADOKEYS\",\"isPartOf\":{\"@id\":\"https:\/\/www.mercadokeys.com\/eng\/#website\"},\"primaryImageOfPage\":{\"@id\":\"https:\/\/www.mercadokeys.com\/product\/river-city-girls-steam-key-global\/#primaryimage\"},\"image\":{\"@id\":\"https:\/\/www.mercadokeys.com\/product\/river-city-girls-steam-key-global\/#primaryimage\"},\"thumbnailUrl\":\"https:\/\/www.mercadokeys.com.mx\/wp-content\/uploads\/2021\/01\/180095.jpg\",\"datePublished\":\"2021-01-24T04:06:52+00:00\",\"dateModified\":\"2022-06-29T13:05:39+00:00\",\"description\":\"Hay problemas una vez m\u00e1s en las malas calles de River City, \u00a1pero esta vez los chicos est\u00e1n por encima de sus cabezas! en el juego\",\"breadcrumb\":{\"@id\":\"https:\/\/www.mercadokeys.com\/product\/river-city-girls-steam-key-global\/#breadcrumb\"},\"inLanguage\":\"en-GB\",\"potentialAction\":[{\"@type\":\"ReadAction\",\"target\":[\"https:\/\/www.mercadokeys.com\/product\/river-city-girls-steam-key-global\/\"]}]},{\"@type\":\"ImageObject\",\"inLanguage\":\"en-GB\",\"@id\":\"https:\/\/www.mercadokeys.com\/product\/river-city-girls-steam-key-global\/#primaryimage\",\"url\":\"https:\/\/www.mercadokeys.com.mx\/wp-content\/uploads\/2021\/01\/180095.jpg\",\"contentUrl\":\"https:\/\/www.mercadokeys.com.mx\/wp-content\/uploads\/2021\/01\/180095.jpg\",\"width\":230,\"height\":336,\"caption\":\"Hay problemas una vez m\u00e1s en las malas calles de River City, \u00a1pero esta vez los chicos est\u00e1n por encima de sus cabezas! en el juego\"},{\"@type\":\"BreadcrumbList\",\"@id\":\"https:\/\/www.mercadokeys.com\/product\/river-city-girls-steam-key-global\/#breadcrumb\",\"itemListElement\":[{\"@type\":\"ListItem\",\"position\":1,\"name\":\"Inicio\",\"item\":\"https:\/\/www.mercadokeys.com.mx\/\"},{\"@type\":\"ListItem\",\"position\":2,\"name\":\"Tienda\",\"item\":\"https:\/\/www.mercadokeys.com\/shop\/\"},{\"@type\":\"ListItem\",\"position\":3,\"name\":\"River City Girls Steam CD Key\"}]},{\"@type\":\"WebSite\",\"@id\":\"https:\/\/www.mercadokeys.com\/eng\/#website\",\"url\":\"https:\/\/www.mercadokeys.com\/eng\/\",\"name\":\"MERCADOKEYS\",\"description\":\"Tu Tienda de videojuegos digitales en Mexico!\",\"potentialAction\":[{\"@type\":\"SearchAction\",\"target\":{\"@type\":\"EntryPoint\",\"urlTemplate\":\"https:\/\/www.mercadokeys.com\/eng\/?s={search_term_string}\"},\"query-input\":{\"@type\":\"PropertyValueSpecification\",\"valueRequired\":true,\"valueName\":\"search_term_string\"}}],\"inLanguage\":\"en-GB\"}]}<\/script>\n<!-- \/ Yoast SEO plugin. -->","yoast_head_json":{"title":"River City Girls Steam CD Key - MERCADOKEYS","description":"Hay problemas una vez m\u00e1s en las malas calles de River City, \u00a1pero esta vez los chicos est\u00e1n por encima de sus cabezas! en el juego","robots":{"index":"index","follow":"follow","max-snippet":"max-snippet:-1","max-image-preview":"max-image-preview:large","max-video-preview":"max-video-preview:-1"},"canonical":"https:\/\/www.mercadokeys.com\/product\/river-city-girls-steam-key-global\/","og_locale":"en_GB","og_type":"article","og_title":"River City Girls Steam CD Key - MERCADOKEYS","og_description":"Hay problemas una vez m\u00e1s en las malas calles de River City, \u00a1pero esta vez los chicos est\u00e1n por encima de sus cabezas! en el juego","og_url":"https:\/\/www.mercadokeys.com\/product\/river-city-girls-steam-key-global\/","og_site_name":"MERCADOKEYS","article_modified_time":"2022-06-29T13:05:39+00:00","og_image":[{"width":230,"height":336,"url":"https:\/\/www.mercadokeys.com\/wp-content\/uploads\/2021\/01\/180095.jpg","type":"image\/jpeg"}],"twitter_card":"summary_large_image","twitter_misc":{"Estimated reading time":"1 minute"},"schema":{"@context":"https:\/\/schema.org","@graph":[{"@type":"WebPage","@id":"https:\/\/www.mercadokeys.com\/product\/river-city-girls-steam-key-global\/","url":"https:\/\/www.mercadokeys.com\/product\/river-city-girls-steam-key-global\/","name":"River City Girls Steam CD Key - MERCADOKEYS","isPartOf":{"@id":"https:\/\/www.mercadokeys.com\/eng\/#website"},"primaryImageOfPage":{"@id":"https:\/\/www.mercadokeys.com\/product\/river-city-girls-steam-key-global\/#primaryimage"},"image":{"@id":"https:\/\/www.mercadokeys.com\/product\/river-city-girls-steam-key-global\/#primaryimage"},"thumbnailUrl":"https:\/\/www.mercadokeys.com.mx\/wp-content\/uploads\/2021\/01\/180095.jpg","datePublished":"2021-01-24T04:06:52+00:00","dateModified":"2022-06-29T13:05:39+00:00","description":"Hay problemas una vez m\u00e1s en las malas calles de River City, \u00a1pero esta vez los chicos est\u00e1n por encima de sus cabezas! en el juego","breadcrumb":{"@id":"https:\/\/www.mercadokeys.com\/product\/river-city-girls-steam-key-global\/#breadcrumb"},"inLanguage":"en-GB","potentialAction":[{"@type":"ReadAction","target":["https:\/\/www.mercadokeys.com\/product\/river-city-girls-steam-key-global\/"]}]},{"@type":"ImageObject","inLanguage":"en-GB","@id":"https:\/\/www.mercadokeys.com\/product\/river-city-girls-steam-key-global\/#primaryimage","url":"https:\/\/www.mercadokeys.com.mx\/wp-content\/uploads\/2021\/01\/180095.jpg","contentUrl":"https:\/\/www.mercadokeys.com.mx\/wp-content\/uploads\/2021\/01\/180095.jpg","width":230,"height":336,"caption":"Hay problemas una vez m\u00e1s en las malas calles de River City, \u00a1pero esta vez los chicos est\u00e1n por encima de sus cabezas! en el juego"},{"@type":"BreadcrumbList","@id":"https:\/\/www.mercadokeys.com\/product\/river-city-girls-steam-key-global\/#breadcrumb","itemListElement":[{"@type":"ListItem","position":1,"name":"Inicio","item":"https:\/\/www.mercadokeys.com.mx\/"},{"@type":"ListItem","position":2,"name":"Tienda","item":"https:\/\/www.mercadokeys.com\/shop\/"},{"@type":"ListItem","position":3,"name":"River City Girls Steam CD Key"}]},{"@type":"WebSite","@id":"https:\/\/www.mercadokeys.com\/eng\/#website","url":"https:\/\/www.mercadokeys.com\/eng\/","name":"MERCADOKEYS","description":"Tu Tienda de videojuegos digitales en Mexico!","potentialAction":[{"@type":"SearchAction","target":{"@type":"EntryPoint","urlTemplate":"https:\/\/www.mercadokeys.com\/eng\/?s={search_term_string}"},"query-input":{"@type":"PropertyValueSpecification","valueRequired":true,"valueName":"search_term_string"}}],"inLanguage":"en-GB"}]}},"df_price":223.864163,"df_sale_price":223.864163,"df_regular_price":223.864163,"df_image_link":"https:\/\/www.mercadokeys.com.mx\/wp-content\/uploads\/2021\/01\/180095-205x300.jpg","_links":{"self":[{"href":"https:\/\/www.mercadokeys.com.mx\/eng\/wp-json\/wp\/v2\/product\/110592","targetHints":{"allow":["GET"]}}],"collection":[{"href":"https:\/\/www.mercadokeys.com.mx\/eng\/wp-json\/wp\/v2\/product"}],"about":[{"href":"https:\/\/www.mercadokeys.com.mx\/eng\/wp-json\/wp\/v2\/types\/product"}],"wp:featuredmedia":[{"embeddable":true,"href":"https:\/\/www.mercadokeys.com.mx\/eng\/wp-json\/wp\/v2\/media\/110593"}],"wp:attachment":[{"href":"https:\/\/www.mercadokeys.com.mx\/eng\/wp-json\/wp\/v2\/media?parent=110592"}],"wp:term":[{"taxonomy":"product_brand","embeddable":true,"href":"https:\/\/www.mercadokeys.com.mx\/eng\/wp-json\/wp\/v2\/product_brand?post=110592"},{"taxonomy":"product_cat","embeddable":true,"href":"https:\/\/www.mercadokeys.com.mx\/eng\/wp-json\/wp\/v2\/product_cat?post=110592"},{"taxonomy":"product_tag","embeddable":true,"href":"https:\/\/www.mercadokeys.com.mx\/eng\/wp-json\/wp\/v2\/product_tag?post=110592"}],"curies":[{"name":"wp","href":"https:\/\/api.w.org\/{rel}","templated":true}]}}