{"id":110581,"date":"2021-01-23T16:43:14","date_gmt":"2021-01-24T00:43:14","guid":{"rendered":"https:\/\/www.mercadokeys.com\/product\/killsquad-steam-key-global\/"},"modified":"2022-06-29T06:05:18","modified_gmt":"2022-06-29T13:05:18","slug":"killsquad-steam-cd-key","status":"publish","type":"product","link":"https:\/\/www.mercadokeys.com.mx\/eng\/product\/killsquad-steam-cd-key\/","title":{"rendered":"Killsquad Steam CD Key"},"content":{"rendered":"<p><span style=\"vertical-align: inherit\">Este no es el futuro con el que so\u00f1abas. La Galaxia est\u00e1 sumida en el caos, los planetas se vuelven rebeldes y las megacorporaciones re\u00fanen Killsquads para asaltar las riquezas y las recompensas que quedan. Bienvenido a Killsquad: un juego de rol de acci\u00f3n incondicional creado por fan\u00e1ticos de los juegos de rol incondicionales. Un juego que combina lo mejor del g\u00e9nero y presenta un nuevo universo para que lo descubras. Configura tu equipo, elige a tus h\u00e9roes, armas y equipo, y desata el infierno en una batalla trepidante a trav\u00e9s de hordas de monstruos y jefes mortales.<\/span><\/p>","protected":false},"excerpt":{"rendered":"<p>Este no es el futuro con el que so\u00f1abas. La Galaxia est\u00e1 sumida en el caos, los planetas se vuelven rebeldes y las megacorporaciones re\u00fanen Killsquads para asaltar las riquezas y las recompensas que quedan. Bienvenido a Killsquad: un juego de rol de acci\u00f3n incondicional creado por fan\u00e1ticos de los juegos de rol incondicionales. Un&#8230;<\/p>","protected":false},"featured_media":110582,"template":"","meta":{"_monsterinsights_skip_tracking":false,"_monsterinsights_sitenote_active":false,"_monsterinsights_sitenote_note":"","_monsterinsights_sitenote_category":0},"product_brand":[],"product_cat":[1501,2981,1271,1420,1283,1280,1428],"product_tag":[2622,2621,1526],"class_list":{"0":"post-110581","1":"product","2":"type-product","3":"status-publish","4":"has-post-thumbnail","6":"product_cat-tienda-de-videojuegos-ultimos-juegos-tijuana-mexico","7":"product_cat-destacados","8":"product_cat-tienda-de-videojuegos-tijuana-mexico","9":"product_cat-tienda-de-videojuegos-populares-tijuana-mexico","10":"product_cat-tienda-de-videojuegos-plataformas-tijuana-mexico","11":"product_cat-tienda-de-videojuegos-pc-tijuana-mexico","12":"product_cat-tienda-de-videojuegos-cooperativos-tijuana-mexico","13":"product_tag-killsquad","14":"product_tag-killsquad-steam","15":"product_tag-steam","17":"first","18":"instock","19":"shipping-taxable","20":"purchasable","21":"product-type-simple"},"yoast_head":"<!-- This site is optimized with the Yoast SEO plugin v27.0 - https:\/\/yoast.com\/product\/yoast-seo-wordpress\/ -->\n<title>Killsquad Steam CD Key - MERCADOKEYS<\/title>\n<meta name=\"description\" content=\"Bienvenido a Killsquad: un juego de rol de acci\u00f3n incondicional creado por fan\u00e1ticos de los juegos de rol incondicionales. Combina lo mejor del g\u00e9nero\" \/>\n<meta name=\"robots\" content=\"index, follow, max-snippet:-1, max-image-preview:large, max-video-preview:-1\" \/>\n<link rel=\"canonical\" href=\"https:\/\/www.mercadokeys.com\/eng\/product\/killsquad-steam-cd-key\/\" \/>\n<meta property=\"og:locale\" content=\"en_GB\" \/>\n<meta property=\"og:type\" content=\"article\" \/>\n<meta property=\"og:title\" content=\"Killsquad Steam CD Key - MERCADOKEYS\" \/>\n<meta property=\"og:description\" content=\"Bienvenido a Killsquad: un juego de rol de acci\u00f3n incondicional creado por fan\u00e1ticos de los juegos de rol incondicionales. Combina lo mejor del g\u00e9nero\" \/>\n<meta property=\"og:url\" content=\"https:\/\/www.mercadokeys.com\/eng\/product\/killsquad-steam-cd-key\/\" \/>\n<meta property=\"og:site_name\" content=\"MERCADOKEYS\" \/>\n<meta property=\"article:modified_time\" content=\"2022-06-29T13:05:18+00:00\" \/>\n<meta property=\"og:image\" content=\"https:\/\/www.mercadokeys.com\/wp-content\/uploads\/2021\/01\/148769.jpg\" \/>\n\t<meta property=\"og:image:width\" content=\"230\" \/>\n\t<meta property=\"og:image:height\" content=\"336\" \/>\n\t<meta property=\"og:image:type\" content=\"image\/jpeg\" \/>\n<meta name=\"twitter:card\" content=\"summary_large_image\" \/>\n<meta name=\"twitter:label1\" content=\"Estimated reading time\" \/>\n\t<meta name=\"twitter:data1\" content=\"1 minute\" \/>\n<script type=\"application\/ld+json\" class=\"yoast-schema-graph\">{\"@context\":\"https:\/\/schema.org\",\"@graph\":[{\"@type\":\"WebPage\",\"@id\":\"https:\/\/www.mercadokeys.com\/eng\/product\/killsquad-steam-cd-key\/\",\"url\":\"https:\/\/www.mercadokeys.com\/eng\/product\/killsquad-steam-cd-key\/\",\"name\":\"Killsquad Steam CD Key - MERCADOKEYS\",\"isPartOf\":{\"@id\":\"https:\/\/www.mercadokeys.com\/eng\/#website\"},\"primaryImageOfPage\":{\"@id\":\"https:\/\/www.mercadokeys.com\/eng\/product\/killsquad-steam-cd-key\/#primaryimage\"},\"image\":{\"@id\":\"https:\/\/www.mercadokeys.com\/eng\/product\/killsquad-steam-cd-key\/#primaryimage\"},\"thumbnailUrl\":\"https:\/\/www.mercadokeys.com.mx\/wp-content\/uploads\/2021\/01\/148769.jpg\",\"datePublished\":\"2021-01-24T00:43:14+00:00\",\"dateModified\":\"2022-06-29T13:05:18+00:00\",\"description\":\"Bienvenido a Killsquad: un juego de rol de acci\u00f3n incondicional creado por fan\u00e1ticos de los juegos de rol incondicionales. Combina lo mejor del g\u00e9nero\",\"breadcrumb\":{\"@id\":\"https:\/\/www.mercadokeys.com\/eng\/product\/killsquad-steam-cd-key\/#breadcrumb\"},\"inLanguage\":\"en-GB\",\"potentialAction\":[{\"@type\":\"ReadAction\",\"target\":[\"https:\/\/www.mercadokeys.com\/eng\/product\/killsquad-steam-cd-key\/\"]}]},{\"@type\":\"ImageObject\",\"inLanguage\":\"en-GB\",\"@id\":\"https:\/\/www.mercadokeys.com\/eng\/product\/killsquad-steam-cd-key\/#primaryimage\",\"url\":\"https:\/\/www.mercadokeys.com.mx\/wp-content\/uploads\/2021\/01\/148769.jpg\",\"contentUrl\":\"https:\/\/www.mercadokeys.com.mx\/wp-content\/uploads\/2021\/01\/148769.jpg\",\"width\":230,\"height\":336,\"caption\":\"Bienvenido a Killsquad: un juego de rol de acci\u00f3n incondicional creado por fan\u00e1ticos de los juegos de rol incondicionales. Combina lo mejor del g\u00e9nero\"},{\"@type\":\"BreadcrumbList\",\"@id\":\"https:\/\/www.mercadokeys.com\/eng\/product\/killsquad-steam-cd-key\/#breadcrumb\",\"itemListElement\":[{\"@type\":\"ListItem\",\"position\":1,\"name\":\"Inicio\",\"item\":\"https:\/\/www.mercadokeys.com.mx\/\"},{\"@type\":\"ListItem\",\"position\":2,\"name\":\"Tienda\",\"item\":\"https:\/\/www.mercadokeys.com\/shop\/\"},{\"@type\":\"ListItem\",\"position\":3,\"name\":\"Killsquad Steam CD Key\"}]},{\"@type\":\"WebSite\",\"@id\":\"https:\/\/www.mercadokeys.com\/eng\/#website\",\"url\":\"https:\/\/www.mercadokeys.com\/eng\/\",\"name\":\"MERCADOKEYS\",\"description\":\"Tu Tienda de videojuegos digitales en Mexico!\",\"potentialAction\":[{\"@type\":\"SearchAction\",\"target\":{\"@type\":\"EntryPoint\",\"urlTemplate\":\"https:\/\/www.mercadokeys.com\/eng\/?s={search_term_string}\"},\"query-input\":{\"@type\":\"PropertyValueSpecification\",\"valueRequired\":true,\"valueName\":\"search_term_string\"}}],\"inLanguage\":\"en-GB\"}]}<\/script>\n<!-- \/ Yoast SEO plugin. -->","yoast_head_json":{"title":"Killsquad Steam CD Key - MERCADOKEYS","description":"Bienvenido a Killsquad: un juego de rol de acci\u00f3n incondicional creado por fan\u00e1ticos de los juegos de rol incondicionales. Combina lo mejor del g\u00e9nero","robots":{"index":"index","follow":"follow","max-snippet":"max-snippet:-1","max-image-preview":"max-image-preview:large","max-video-preview":"max-video-preview:-1"},"canonical":"https:\/\/www.mercadokeys.com\/eng\/product\/killsquad-steam-cd-key\/","og_locale":"en_GB","og_type":"article","og_title":"Killsquad Steam CD Key - MERCADOKEYS","og_description":"Bienvenido a Killsquad: un juego de rol de acci\u00f3n incondicional creado por fan\u00e1ticos de los juegos de rol incondicionales. Combina lo mejor del g\u00e9nero","og_url":"https:\/\/www.mercadokeys.com\/eng\/product\/killsquad-steam-cd-key\/","og_site_name":"MERCADOKEYS","article_modified_time":"2022-06-29T13:05:18+00:00","og_image":[{"width":230,"height":336,"url":"https:\/\/www.mercadokeys.com\/wp-content\/uploads\/2021\/01\/148769.jpg","type":"image\/jpeg"}],"twitter_card":"summary_large_image","twitter_misc":{"Estimated reading time":"1 minute"},"schema":{"@context":"https:\/\/schema.org","@graph":[{"@type":"WebPage","@id":"https:\/\/www.mercadokeys.com\/eng\/product\/killsquad-steam-cd-key\/","url":"https:\/\/www.mercadokeys.com\/eng\/product\/killsquad-steam-cd-key\/","name":"Killsquad Steam CD Key - MERCADOKEYS","isPartOf":{"@id":"https:\/\/www.mercadokeys.com\/eng\/#website"},"primaryImageOfPage":{"@id":"https:\/\/www.mercadokeys.com\/eng\/product\/killsquad-steam-cd-key\/#primaryimage"},"image":{"@id":"https:\/\/www.mercadokeys.com\/eng\/product\/killsquad-steam-cd-key\/#primaryimage"},"thumbnailUrl":"https:\/\/www.mercadokeys.com.mx\/wp-content\/uploads\/2021\/01\/148769.jpg","datePublished":"2021-01-24T00:43:14+00:00","dateModified":"2022-06-29T13:05:18+00:00","description":"Bienvenido a Killsquad: un juego de rol de acci\u00f3n incondicional creado por fan\u00e1ticos de los juegos de rol incondicionales. Combina lo mejor del g\u00e9nero","breadcrumb":{"@id":"https:\/\/www.mercadokeys.com\/eng\/product\/killsquad-steam-cd-key\/#breadcrumb"},"inLanguage":"en-GB","potentialAction":[{"@type":"ReadAction","target":["https:\/\/www.mercadokeys.com\/eng\/product\/killsquad-steam-cd-key\/"]}]},{"@type":"ImageObject","inLanguage":"en-GB","@id":"https:\/\/www.mercadokeys.com\/eng\/product\/killsquad-steam-cd-key\/#primaryimage","url":"https:\/\/www.mercadokeys.com.mx\/wp-content\/uploads\/2021\/01\/148769.jpg","contentUrl":"https:\/\/www.mercadokeys.com.mx\/wp-content\/uploads\/2021\/01\/148769.jpg","width":230,"height":336,"caption":"Bienvenido a Killsquad: un juego de rol de acci\u00f3n incondicional creado por fan\u00e1ticos de los juegos de rol incondicionales. Combina lo mejor del g\u00e9nero"},{"@type":"BreadcrumbList","@id":"https:\/\/www.mercadokeys.com\/eng\/product\/killsquad-steam-cd-key\/#breadcrumb","itemListElement":[{"@type":"ListItem","position":1,"name":"Inicio","item":"https:\/\/www.mercadokeys.com.mx\/"},{"@type":"ListItem","position":2,"name":"Tienda","item":"https:\/\/www.mercadokeys.com\/shop\/"},{"@type":"ListItem","position":3,"name":"Killsquad Steam CD Key"}]},{"@type":"WebSite","@id":"https:\/\/www.mercadokeys.com\/eng\/#website","url":"https:\/\/www.mercadokeys.com\/eng\/","name":"MERCADOKEYS","description":"Tu Tienda de videojuegos digitales en Mexico!","potentialAction":[{"@type":"SearchAction","target":{"@type":"EntryPoint","urlTemplate":"https:\/\/www.mercadokeys.com\/eng\/?s={search_term_string}"},"query-input":{"@type":"PropertyValueSpecification","valueRequired":true,"valueName":"search_term_string"}}],"inLanguage":"en-GB"}]}},"df_price":50.404116,"df_sale_price":50.404116,"df_regular_price":50.404116,"df_image_link":"https:\/\/www.mercadokeys.com.mx\/wp-content\/uploads\/2021\/01\/148769-205x300.jpg","_links":{"self":[{"href":"https:\/\/www.mercadokeys.com.mx\/eng\/wp-json\/wp\/v2\/product\/110581","targetHints":{"allow":["GET"]}}],"collection":[{"href":"https:\/\/www.mercadokeys.com.mx\/eng\/wp-json\/wp\/v2\/product"}],"about":[{"href":"https:\/\/www.mercadokeys.com.mx\/eng\/wp-json\/wp\/v2\/types\/product"}],"wp:featuredmedia":[{"embeddable":true,"href":"https:\/\/www.mercadokeys.com.mx\/eng\/wp-json\/wp\/v2\/media\/110582"}],"wp:attachment":[{"href":"https:\/\/www.mercadokeys.com.mx\/eng\/wp-json\/wp\/v2\/media?parent=110581"}],"wp:term":[{"taxonomy":"product_brand","embeddable":true,"href":"https:\/\/www.mercadokeys.com.mx\/eng\/wp-json\/wp\/v2\/product_brand?post=110581"},{"taxonomy":"product_cat","embeddable":true,"href":"https:\/\/www.mercadokeys.com.mx\/eng\/wp-json\/wp\/v2\/product_cat?post=110581"},{"taxonomy":"product_tag","embeddable":true,"href":"https:\/\/www.mercadokeys.com.mx\/eng\/wp-json\/wp\/v2\/product_tag?post=110581"}],"curies":[{"name":"wp","href":"https:\/\/api.w.org\/{rel}","templated":true}]}}