{"id":110532,"date":"2021-01-21T10:28:42","date_gmt":"2021-01-21T18:28:42","guid":{"rendered":"https:\/\/www.mercadokeys.com\/?post_type=product&#038;p=110532"},"modified":"2022-02-04T21:15:51","modified_gmt":"2022-02-05T05:15:51","slug":"steam-random-key-bronce-global","status":"publish","type":"product","link":"https:\/\/www.mercadokeys.com.mx\/eng\/product\/steam-random-key-bronce-global\/","title":{"rendered":"Steam Random Key Bronce GLOBAL"},"content":{"rendered":"<p><img loading=\"lazy\" decoding=\"async\" class=\"wp-image-110784 size-full aligncenter\" src=\"https:\/\/www.mercadokeys.com.mx\/wp-content\/uploads\/2021\/01\/CHICO-CON-SUERTE-MERCADO-KEYS-RANDO-KEY-BRONCE-x.png\" alt=\"\" width=\"1077\" height=\"216\" srcset=\"https:\/\/www.mercadokeys.com.mx\/wp-content\/uploads\/2021\/01\/CHICO-CON-SUERTE-MERCADO-KEYS-RANDO-KEY-BRONCE-x.png 1077w, https:\/\/www.mercadokeys.com.mx\/wp-content\/uploads\/2021\/01\/CHICO-CON-SUERTE-MERCADO-KEYS-RANDO-KEY-BRONCE-x-300x60.png 300w, https:\/\/www.mercadokeys.com.mx\/wp-content\/uploads\/2021\/01\/CHICO-CON-SUERTE-MERCADO-KEYS-RANDO-KEY-BRONCE-x-600x120.png 600w, https:\/\/www.mercadokeys.com.mx\/wp-content\/uploads\/2021\/01\/CHICO-CON-SUERTE-MERCADO-KEYS-RANDO-KEY-BRONCE-x-1024x205.png 1024w, https:\/\/www.mercadokeys.com.mx\/wp-content\/uploads\/2021\/01\/CHICO-CON-SUERTE-MERCADO-KEYS-RANDO-KEY-BRONCE-x-768x154.png 768w, https:\/\/www.mercadokeys.com.mx\/wp-content\/uploads\/2021\/01\/CHICO-CON-SUERTE-MERCADO-KEYS-RANDO-KEY-BRONCE-x-16x3.png 16w\" sizes=\"auto, (max-width: 1077px) 100vw, 1077px\" \/><\/p>\n<h5 style=\"text-align: center;\"><iframe loading=\"lazy\" src=\"https:\/\/www.youtube.com\/embed\/ZNqPM5cG8cQ\" width=\"560\" height=\"315\" frameborder=\"0\" allowfullscreen=\"allowfullscreen\"><\/iframe><\/h5>\n<p><strong>\u00bfLooking for cheap video games?<\/strong> \u00a1This is the product for you! Our <span style=\"color: #ffcc00;\"><strong>Steam Random Key Bronce<\/strong> <\/span>has a wide variety of independent and studio video games at a super price! In this great selection with a little fortune you could find everything, innovative video games with unique game methods as well as video games <strong><span style=\"color: #ffcc00;\">Everything will depend on your luck!<\/span><\/strong><\/p>\n<p>All you have to do is buy one of our <span style=\"color: #ffcc00;\"><strong>Steam Random Ke<span style=\"color: #ffcc00;\">y<\/span> Bronce <\/strong><span style=\"color: #000000;\">and our automated system will sign you a random Steam video game.<br \/>\n<\/span><\/span><\/p>\n<p><span style=\"color: #ffcc00;\"><span style=\"color: #000000;\"><strong>GAME QUALITY GUARANTEE:<\/strong><\/span><\/span><\/p>\n<ol>\n<li>Each key in this product includes an Indie video game redeemable on the platform<\/li>\n<li>No DLC\u2019s.<\/li>\n<li>No free games.<\/li>\n<\/ol>\n<p><span style=\"color: #ffcc00;\"><strong>This product provides a unique random video game key that can be activated on the Steam platform.<\/strong><\/span><\/p>","protected":false},"excerpt":{"rendered":"<p>\u00bfBuscas videojuegos econ\u00f3micos? \u00a1Este es el producto para ti!\u00a0 Nuestra Steam Random Key Bronce cuenta con una gran variedad de videojuegos independientes\u00a0 y de estudio \u00a1A un super precio! en esta gran selecci\u00f3n con un poco de fortuna podr\u00edas encontrarte\u00a0 de todo, videojuegos innovadores y con m\u00e9todos de juego \u00fanicos as\u00ed como videojuegos sinceramente raros&#8230;<\/p>","protected":false},"featured_media":110677,"template":"","meta":{"_monsterinsights_skip_tracking":false,"_monsterinsights_sitenote_active":false,"_monsterinsights_sitenote_note":"","_monsterinsights_sitenote_category":0},"product_brand":[],"product_cat":[1501,1271,1280,1273,1454,1378],"product_tag":[1576,1582,1526,1581],"class_list":{"0":"post-110532","1":"product","2":"type-product","3":"status-publish","4":"has-post-thumbnail","6":"product_cat-tienda-de-videojuegos-ultimos-juegos-tijuana-mexico","7":"product_cat-tienda-de-videojuegos-tijuana-mexico","8":"product_cat-tienda-de-videojuegos-pc-tijuana-mexico","9":"product_cat-tienda-de-videojuegos-steam-key-tijuana-mexico","10":"product_cat-tienda-de-videojuegos-steam-random-keys-tijuana-mexico","11":"product_cat-tienda-de-videojuegos-mas-vendidos-tijuana-mexico","12":"product_tag-random-key","13":"product_tag-random-key-bronce","14":"product_tag-steam","15":"product_tag-steam-random-key-bronce","17":"first","18":"instock","19":"sale","20":"shipping-taxable","21":"purchasable","22":"product-type-simple"},"yoast_head":"<!-- This site is optimized with the Yoast SEO plugin v27.0 - https:\/\/yoast.com\/product\/yoast-seo-wordpress\/ -->\n<title>Steam Random Key Bronce GLOBAL - MERCADOKEYS<\/title>\n<meta name=\"description\" content=\"Nuestra Steam Random Key Bronce cuenta con una gran variedad de videojuegos independientes\u00a0 y de estudio \u00a1A un super precio! en esta gran selecci\u00f3n!\" \/>\n<meta name=\"robots\" content=\"index, follow, max-snippet:-1, max-image-preview:large, max-video-preview:-1\" \/>\n<link rel=\"canonical\" href=\"https:\/\/www.mercadokeys.com\/product\/steam-random-key-bronce-global\/\" \/>\n<meta property=\"og:locale\" content=\"en_GB\" \/>\n<meta property=\"og:type\" content=\"article\" \/>\n<meta property=\"og:title\" content=\"Steam Random Key Bronce GLOBAL - MERCADOKEYS\" \/>\n<meta property=\"og:description\" content=\"Nuestra Steam Random Key Bronce cuenta con una gran variedad de videojuegos independientes\u00a0 y de estudio \u00a1A un super precio! en esta gran selecci\u00f3n!\" \/>\n<meta property=\"og:url\" content=\"https:\/\/www.mercadokeys.com\/product\/steam-random-key-bronce-global\/\" \/>\n<meta property=\"og:site_name\" content=\"MERCADOKEYS\" \/>\n<meta property=\"article:modified_time\" content=\"2022-02-05T05:15:51+00:00\" \/>\n<meta property=\"og:image\" content=\"https:\/\/www.mercadokeys.com\/wp-content\/uploads\/2021\/01\/Random-Steam-Key-Cobre-GX2-01.jpg\" \/>\n\t<meta property=\"og:image:width\" content=\"230\" \/>\n\t<meta property=\"og:image:height\" content=\"336\" \/>\n\t<meta property=\"og:image:type\" content=\"image\/jpeg\" \/>\n<meta name=\"twitter:card\" content=\"summary_large_image\" \/>\n<meta name=\"twitter:label1\" content=\"Estimated reading time\" \/>\n\t<meta name=\"twitter:data1\" content=\"1 minute\" \/>\n<script type=\"application\/ld+json\" class=\"yoast-schema-graph\">{\"@context\":\"https:\/\/schema.org\",\"@graph\":[{\"@type\":\"WebPage\",\"@id\":\"https:\/\/www.mercadokeys.com\/product\/steam-random-key-bronce-global\/\",\"url\":\"https:\/\/www.mercadokeys.com\/product\/steam-random-key-bronce-global\/\",\"name\":\"Steam Random Key Bronce GLOBAL - MERCADOKEYS\",\"isPartOf\":{\"@id\":\"https:\/\/www.mercadokeys.com\/eng\/#website\"},\"primaryImageOfPage\":{\"@id\":\"https:\/\/www.mercadokeys.com\/product\/steam-random-key-bronce-global\/#primaryimage\"},\"image\":{\"@id\":\"https:\/\/www.mercadokeys.com\/product\/steam-random-key-bronce-global\/#primaryimage\"},\"thumbnailUrl\":\"https:\/\/www.mercadokeys.com.mx\/wp-content\/uploads\/2021\/01\/Random-Steam-Key-Cobre-GX2-01.jpg\",\"datePublished\":\"2021-01-21T18:28:42+00:00\",\"dateModified\":\"2022-02-05T05:15:51+00:00\",\"description\":\"Nuestra Steam Random Key Bronce cuenta con una gran variedad de videojuegos independientes\u00a0 y de estudio \u00a1A un super precio! en esta gran selecci\u00f3n!\",\"breadcrumb\":{\"@id\":\"https:\/\/www.mercadokeys.com\/product\/steam-random-key-bronce-global\/#breadcrumb\"},\"inLanguage\":\"en-GB\",\"potentialAction\":[{\"@type\":\"ReadAction\",\"target\":[\"https:\/\/www.mercadokeys.com\/product\/steam-random-key-bronce-global\/\"]}]},{\"@type\":\"ImageObject\",\"inLanguage\":\"en-GB\",\"@id\":\"https:\/\/www.mercadokeys.com\/product\/steam-random-key-bronce-global\/#primaryimage\",\"url\":\"https:\/\/www.mercadokeys.com.mx\/wp-content\/uploads\/2021\/01\/Random-Steam-Key-Cobre-GX2-01.jpg\",\"contentUrl\":\"https:\/\/www.mercadokeys.com.mx\/wp-content\/uploads\/2021\/01\/Random-Steam-Key-Cobre-GX2-01.jpg\",\"width\":230,\"height\":336,\"caption\":\"Nuestra Steam Random Key Bronce cuenta con una gran variedad de videojuegos independientes\u00a0 y de estudio \u00a1A un super precio! en esta gran selecci\u00f3n!\"},{\"@type\":\"BreadcrumbList\",\"@id\":\"https:\/\/www.mercadokeys.com\/product\/steam-random-key-bronce-global\/#breadcrumb\",\"itemListElement\":[{\"@type\":\"ListItem\",\"position\":1,\"name\":\"Inicio\",\"item\":\"https:\/\/www.mercadokeys.com.mx\/\"},{\"@type\":\"ListItem\",\"position\":2,\"name\":\"Tienda\",\"item\":\"https:\/\/www.mercadokeys.com\/shop\/\"},{\"@type\":\"ListItem\",\"position\":3,\"name\":\"Steam Random Key Bronce GLOBAL\"}]},{\"@type\":\"WebSite\",\"@id\":\"https:\/\/www.mercadokeys.com\/eng\/#website\",\"url\":\"https:\/\/www.mercadokeys.com\/eng\/\",\"name\":\"MERCADOKEYS\",\"description\":\"Tu Tienda de videojuegos digitales en Mexico!\",\"potentialAction\":[{\"@type\":\"SearchAction\",\"target\":{\"@type\":\"EntryPoint\",\"urlTemplate\":\"https:\/\/www.mercadokeys.com\/eng\/?s={search_term_string}\"},\"query-input\":{\"@type\":\"PropertyValueSpecification\",\"valueRequired\":true,\"valueName\":\"search_term_string\"}}],\"inLanguage\":\"en-GB\"}]}<\/script>\n<!-- \/ Yoast SEO plugin. -->","yoast_head_json":{"title":"Steam Random Key Bronce GLOBAL - MERCADOKEYS","description":"Nuestra Steam Random Key Bronce cuenta con una gran variedad de videojuegos independientes\u00a0 y de estudio \u00a1A un super precio! en esta gran selecci\u00f3n!","robots":{"index":"index","follow":"follow","max-snippet":"max-snippet:-1","max-image-preview":"max-image-preview:large","max-video-preview":"max-video-preview:-1"},"canonical":"https:\/\/www.mercadokeys.com\/product\/steam-random-key-bronce-global\/","og_locale":"en_GB","og_type":"article","og_title":"Steam Random Key Bronce GLOBAL - MERCADOKEYS","og_description":"Nuestra Steam Random Key Bronce cuenta con una gran variedad de videojuegos independientes\u00a0 y de estudio \u00a1A un super precio! en esta gran selecci\u00f3n!","og_url":"https:\/\/www.mercadokeys.com\/product\/steam-random-key-bronce-global\/","og_site_name":"MERCADOKEYS","article_modified_time":"2022-02-05T05:15:51+00:00","og_image":[{"width":230,"height":336,"url":"https:\/\/www.mercadokeys.com\/wp-content\/uploads\/2021\/01\/Random-Steam-Key-Cobre-GX2-01.jpg","type":"image\/jpeg"}],"twitter_card":"summary_large_image","twitter_misc":{"Estimated reading time":"1 minute"},"schema":{"@context":"https:\/\/schema.org","@graph":[{"@type":"WebPage","@id":"https:\/\/www.mercadokeys.com\/product\/steam-random-key-bronce-global\/","url":"https:\/\/www.mercadokeys.com\/product\/steam-random-key-bronce-global\/","name":"Steam Random Key Bronce GLOBAL - MERCADOKEYS","isPartOf":{"@id":"https:\/\/www.mercadokeys.com\/eng\/#website"},"primaryImageOfPage":{"@id":"https:\/\/www.mercadokeys.com\/product\/steam-random-key-bronce-global\/#primaryimage"},"image":{"@id":"https:\/\/www.mercadokeys.com\/product\/steam-random-key-bronce-global\/#primaryimage"},"thumbnailUrl":"https:\/\/www.mercadokeys.com.mx\/wp-content\/uploads\/2021\/01\/Random-Steam-Key-Cobre-GX2-01.jpg","datePublished":"2021-01-21T18:28:42+00:00","dateModified":"2022-02-05T05:15:51+00:00","description":"Nuestra Steam Random Key Bronce cuenta con una gran variedad de videojuegos independientes\u00a0 y de estudio \u00a1A un super precio! en esta gran selecci\u00f3n!","breadcrumb":{"@id":"https:\/\/www.mercadokeys.com\/product\/steam-random-key-bronce-global\/#breadcrumb"},"inLanguage":"en-GB","potentialAction":[{"@type":"ReadAction","target":["https:\/\/www.mercadokeys.com\/product\/steam-random-key-bronce-global\/"]}]},{"@type":"ImageObject","inLanguage":"en-GB","@id":"https:\/\/www.mercadokeys.com\/product\/steam-random-key-bronce-global\/#primaryimage","url":"https:\/\/www.mercadokeys.com.mx\/wp-content\/uploads\/2021\/01\/Random-Steam-Key-Cobre-GX2-01.jpg","contentUrl":"https:\/\/www.mercadokeys.com.mx\/wp-content\/uploads\/2021\/01\/Random-Steam-Key-Cobre-GX2-01.jpg","width":230,"height":336,"caption":"Nuestra Steam Random Key Bronce cuenta con una gran variedad de videojuegos independientes\u00a0 y de estudio \u00a1A un super precio! en esta gran selecci\u00f3n!"},{"@type":"BreadcrumbList","@id":"https:\/\/www.mercadokeys.com\/product\/steam-random-key-bronce-global\/#breadcrumb","itemListElement":[{"@type":"ListItem","position":1,"name":"Inicio","item":"https:\/\/www.mercadokeys.com.mx\/"},{"@type":"ListItem","position":2,"name":"Tienda","item":"https:\/\/www.mercadokeys.com\/shop\/"},{"@type":"ListItem","position":3,"name":"Steam Random Key Bronce GLOBAL"}]},{"@type":"WebSite","@id":"https:\/\/www.mercadokeys.com\/eng\/#website","url":"https:\/\/www.mercadokeys.com\/eng\/","name":"MERCADOKEYS","description":"Tu Tienda de videojuegos digitales en Mexico!","potentialAction":[{"@type":"SearchAction","target":{"@type":"EntryPoint","urlTemplate":"https:\/\/www.mercadokeys.com\/eng\/?s={search_term_string}"},"query-input":{"@type":"PropertyValueSpecification","valueRequired":true,"valueName":"search_term_string"}}],"inLanguage":"en-GB"}]}},"df_price":14.55,"df_sale_price":14.55,"df_regular_price":15,"df_image_link":"https:\/\/www.mercadokeys.com.mx\/wp-content\/uploads\/2021\/01\/Random-Steam-Key-Cobre-GX2-01-205x300.jpg","_links":{"self":[{"href":"https:\/\/www.mercadokeys.com.mx\/eng\/wp-json\/wp\/v2\/product\/110532","targetHints":{"allow":["GET"]}}],"collection":[{"href":"https:\/\/www.mercadokeys.com.mx\/eng\/wp-json\/wp\/v2\/product"}],"about":[{"href":"https:\/\/www.mercadokeys.com.mx\/eng\/wp-json\/wp\/v2\/types\/product"}],"wp:featuredmedia":[{"embeddable":true,"href":"https:\/\/www.mercadokeys.com.mx\/eng\/wp-json\/wp\/v2\/media\/110677"}],"wp:attachment":[{"href":"https:\/\/www.mercadokeys.com.mx\/eng\/wp-json\/wp\/v2\/media?parent=110532"}],"wp:term":[{"taxonomy":"product_brand","embeddable":true,"href":"https:\/\/www.mercadokeys.com.mx\/eng\/wp-json\/wp\/v2\/product_brand?post=110532"},{"taxonomy":"product_cat","embeddable":true,"href":"https:\/\/www.mercadokeys.com.mx\/eng\/wp-json\/wp\/v2\/product_cat?post=110532"},{"taxonomy":"product_tag","embeddable":true,"href":"https:\/\/www.mercadokeys.com.mx\/eng\/wp-json\/wp\/v2\/product_tag?post=110532"}],"curies":[{"name":"wp","href":"https:\/\/api.w.org\/{rel}","templated":true}]}}