{"id":110508,"date":"2021-01-20T10:50:40","date_gmt":"2021-01-20T18:50:40","guid":{"rendered":"https:\/\/www.mercadokeys.com\/product\/wreckfest-steam-cd-key\/"},"modified":"2022-06-29T06:15:17","modified_gmt":"2022-06-29T13:15:17","slug":"wreckfest-steam-cd-key","status":"publish","type":"product","link":"https:\/\/www.mercadokeys.com.mx\/eng\/product\/wreckfest-steam-cd-key\/","title":{"rendered":"Wreckfest Steam CD Key"},"content":{"rendered":"<p><span style=\"vertical-align: inherit;\">Wreckfest (anteriormente conocido por su t\u00edtulo provisional Next Car Game y actualmente incluido en Steam como Next Car Game: Wreckfest). Es un videojuego de carreras desarrollado por Bugbear Entertainment, creadores de la conocida serie de carreras estilo derby de demolici\u00f3n FlatOut. Wreckfest se describe como el sucesor espiritual de la serie FlatOut y un cruce entre FlatOut, Destruction Derby y el corredor de PC de culto de 1989 Street Rod. Una caracter\u00edstica notable del motor del juego es el uso del modelado de da\u00f1os de cuerpos blandos. Esto permite da\u00f1os basados \u200b\u200ben la ubicaci\u00f3n que afectan la din\u00e1mica de conducci\u00f3n de los veh\u00edculos de una manera realista.<\/span><\/p>","protected":false},"excerpt":{"rendered":"<p>Wreckfest (anteriormente conocido por su t\u00edtulo provisional Next Car Game y actualmente incluido en Steam como Next Car Game: Wreckfest). Es un videojuego de carreras desarrollado por Bugbear Entertainment, creadores de la conocida serie de carreras estilo derby de demolici\u00f3n FlatOut. Wreckfest se describe como el sucesor espiritual de la serie FlatOut y un cruce&#8230;<\/p>","protected":false},"featured_media":110509,"template":"","meta":{"_monsterinsights_skip_tracking":false,"_monsterinsights_sitenote_active":false,"_monsterinsights_sitenote_note":"","_monsterinsights_sitenote_category":0},"product_brand":[],"product_cat":[1501,2981,1271,1283,1280,1273,1393,1427],"product_tag":[1526,2467,2466],"class_list":{"0":"post-110508","1":"product","2":"type-product","3":"status-publish","4":"has-post-thumbnail","6":"product_cat-tienda-de-videojuegos-ultimos-juegos-tijuana-mexico","7":"product_cat-destacados","8":"product_cat-tienda-de-videojuegos-tijuana-mexico","9":"product_cat-tienda-de-videojuegos-plataformas-tijuana-mexico","10":"product_cat-tienda-de-videojuegos-pc-tijuana-mexico","11":"product_cat-tienda-de-videojuegos-steam-key-tijuana-mexico","12":"product_cat-tienda-de-videojuegos-indie-tijuana-mexico","13":"product_cat-tienda-de-videojuegos-juegos-para-mando-tijuana-mexico","14":"product_tag-steam","15":"product_tag-wreckfest","16":"product_tag-wreckfest-steam","18":"first","19":"instock","20":"shipping-taxable","21":"purchasable","22":"product-type-simple"},"yoast_head":"<!-- This site is optimized with the Yoast SEO plugin v27.0 - https:\/\/yoast.com\/product\/yoast-seo-wordpress\/ -->\n<title>Wreckfest Steam CD Key - MERCADOKEYS<\/title>\n<meta name=\"description\" content=\"Wreckfest (anteriormente conocido por su t\u00edtulo provisional Next Car Game y actualmente incluido en Steam como Next Car Game: Wreckfest)\" \/>\n<meta name=\"robots\" content=\"index, follow, max-snippet:-1, max-image-preview:large, max-video-preview:-1\" \/>\n<link rel=\"canonical\" href=\"https:\/\/www.mercadokeys.com\/product\/wreckfest-steam-cd-key\/\" \/>\n<meta property=\"og:locale\" content=\"en_GB\" \/>\n<meta property=\"og:type\" content=\"article\" \/>\n<meta property=\"og:title\" content=\"Wreckfest Steam CD Key - MERCADOKEYS\" \/>\n<meta property=\"og:description\" content=\"Wreckfest (anteriormente conocido por su t\u00edtulo provisional Next Car Game y actualmente incluido en Steam como Next Car Game: Wreckfest)\" \/>\n<meta property=\"og:url\" content=\"https:\/\/www.mercadokeys.com\/product\/wreckfest-steam-cd-key\/\" \/>\n<meta property=\"og:site_name\" content=\"MERCADOKEYS\" \/>\n<meta property=\"article:modified_time\" content=\"2022-06-29T13:15:17+00:00\" \/>\n<meta property=\"og:image\" content=\"https:\/\/www.mercadokeys.com\/wp-content\/uploads\/2021\/01\/wreckfest_cover_original.jpg\" \/>\n\t<meta property=\"og:image:width\" content=\"460\" \/>\n\t<meta property=\"og:image:height\" content=\"215\" \/>\n\t<meta property=\"og:image:type\" content=\"image\/jpeg\" \/>\n<meta name=\"twitter:card\" content=\"summary_large_image\" \/>\n<meta name=\"twitter:label1\" content=\"Estimated reading time\" \/>\n\t<meta name=\"twitter:data1\" content=\"1 minute\" \/>\n<script type=\"application\/ld+json\" class=\"yoast-schema-graph\">{\"@context\":\"https:\/\/schema.org\",\"@graph\":[{\"@type\":\"WebPage\",\"@id\":\"https:\/\/www.mercadokeys.com\/product\/wreckfest-steam-cd-key\/\",\"url\":\"https:\/\/www.mercadokeys.com\/product\/wreckfest-steam-cd-key\/\",\"name\":\"Wreckfest Steam CD Key - MERCADOKEYS\",\"isPartOf\":{\"@id\":\"https:\/\/www.mercadokeys.com\/eng\/#website\"},\"primaryImageOfPage\":{\"@id\":\"https:\/\/www.mercadokeys.com\/product\/wreckfest-steam-cd-key\/#primaryimage\"},\"image\":{\"@id\":\"https:\/\/www.mercadokeys.com\/product\/wreckfest-steam-cd-key\/#primaryimage\"},\"thumbnailUrl\":\"https:\/\/www.mercadokeys.com.mx\/wp-content\/uploads\/2021\/01\/wreckfest_cover_original.jpg\",\"datePublished\":\"2021-01-20T18:50:40+00:00\",\"dateModified\":\"2022-06-29T13:15:17+00:00\",\"description\":\"Wreckfest (anteriormente conocido por su t\u00edtulo provisional Next Car Game y actualmente incluido en Steam como Next Car Game: Wreckfest)\",\"breadcrumb\":{\"@id\":\"https:\/\/www.mercadokeys.com\/product\/wreckfest-steam-cd-key\/#breadcrumb\"},\"inLanguage\":\"en-GB\",\"potentialAction\":[{\"@type\":\"ReadAction\",\"target\":[\"https:\/\/www.mercadokeys.com\/product\/wreckfest-steam-cd-key\/\"]}]},{\"@type\":\"ImageObject\",\"inLanguage\":\"en-GB\",\"@id\":\"https:\/\/www.mercadokeys.com\/product\/wreckfest-steam-cd-key\/#primaryimage\",\"url\":\"https:\/\/www.mercadokeys.com.mx\/wp-content\/uploads\/2021\/01\/wreckfest_cover_original.jpg\",\"contentUrl\":\"https:\/\/www.mercadokeys.com.mx\/wp-content\/uploads\/2021\/01\/wreckfest_cover_original.jpg\",\"width\":460,\"height\":215,\"caption\":\"Wreckfest (anteriormente conocido por su t\u00edtulo provisional Next Car Game y actualmente incluido en Steam como Next Car Game: Wreckfest)\"},{\"@type\":\"BreadcrumbList\",\"@id\":\"https:\/\/www.mercadokeys.com\/product\/wreckfest-steam-cd-key\/#breadcrumb\",\"itemListElement\":[{\"@type\":\"ListItem\",\"position\":1,\"name\":\"Inicio\",\"item\":\"https:\/\/www.mercadokeys.com.mx\/\"},{\"@type\":\"ListItem\",\"position\":2,\"name\":\"Tienda\",\"item\":\"https:\/\/www.mercadokeys.com\/shop\/\"},{\"@type\":\"ListItem\",\"position\":3,\"name\":\"Wreckfest Steam CD Key\"}]},{\"@type\":\"WebSite\",\"@id\":\"https:\/\/www.mercadokeys.com\/eng\/#website\",\"url\":\"https:\/\/www.mercadokeys.com\/eng\/\",\"name\":\"MERCADOKEYS\",\"description\":\"Tu Tienda de videojuegos digitales en Mexico!\",\"potentialAction\":[{\"@type\":\"SearchAction\",\"target\":{\"@type\":\"EntryPoint\",\"urlTemplate\":\"https:\/\/www.mercadokeys.com\/eng\/?s={search_term_string}\"},\"query-input\":{\"@type\":\"PropertyValueSpecification\",\"valueRequired\":true,\"valueName\":\"search_term_string\"}}],\"inLanguage\":\"en-GB\"}]}<\/script>\n<!-- \/ Yoast SEO plugin. -->","yoast_head_json":{"title":"Wreckfest Steam CD Key - MERCADOKEYS","description":"Wreckfest (anteriormente conocido por su t\u00edtulo provisional Next Car Game y actualmente incluido en Steam como Next Car Game: Wreckfest)","robots":{"index":"index","follow":"follow","max-snippet":"max-snippet:-1","max-image-preview":"max-image-preview:large","max-video-preview":"max-video-preview:-1"},"canonical":"https:\/\/www.mercadokeys.com\/product\/wreckfest-steam-cd-key\/","og_locale":"en_GB","og_type":"article","og_title":"Wreckfest Steam CD Key - MERCADOKEYS","og_description":"Wreckfest (anteriormente conocido por su t\u00edtulo provisional Next Car Game y actualmente incluido en Steam como Next Car Game: Wreckfest)","og_url":"https:\/\/www.mercadokeys.com\/product\/wreckfest-steam-cd-key\/","og_site_name":"MERCADOKEYS","article_modified_time":"2022-06-29T13:15:17+00:00","og_image":[{"width":460,"height":215,"url":"https:\/\/www.mercadokeys.com\/wp-content\/uploads\/2021\/01\/wreckfest_cover_original.jpg","type":"image\/jpeg"}],"twitter_card":"summary_large_image","twitter_misc":{"Estimated reading time":"1 minute"},"schema":{"@context":"https:\/\/schema.org","@graph":[{"@type":"WebPage","@id":"https:\/\/www.mercadokeys.com\/product\/wreckfest-steam-cd-key\/","url":"https:\/\/www.mercadokeys.com\/product\/wreckfest-steam-cd-key\/","name":"Wreckfest Steam CD Key - MERCADOKEYS","isPartOf":{"@id":"https:\/\/www.mercadokeys.com\/eng\/#website"},"primaryImageOfPage":{"@id":"https:\/\/www.mercadokeys.com\/product\/wreckfest-steam-cd-key\/#primaryimage"},"image":{"@id":"https:\/\/www.mercadokeys.com\/product\/wreckfest-steam-cd-key\/#primaryimage"},"thumbnailUrl":"https:\/\/www.mercadokeys.com.mx\/wp-content\/uploads\/2021\/01\/wreckfest_cover_original.jpg","datePublished":"2021-01-20T18:50:40+00:00","dateModified":"2022-06-29T13:15:17+00:00","description":"Wreckfest (anteriormente conocido por su t\u00edtulo provisional Next Car Game y actualmente incluido en Steam como Next Car Game: Wreckfest)","breadcrumb":{"@id":"https:\/\/www.mercadokeys.com\/product\/wreckfest-steam-cd-key\/#breadcrumb"},"inLanguage":"en-GB","potentialAction":[{"@type":"ReadAction","target":["https:\/\/www.mercadokeys.com\/product\/wreckfest-steam-cd-key\/"]}]},{"@type":"ImageObject","inLanguage":"en-GB","@id":"https:\/\/www.mercadokeys.com\/product\/wreckfest-steam-cd-key\/#primaryimage","url":"https:\/\/www.mercadokeys.com.mx\/wp-content\/uploads\/2021\/01\/wreckfest_cover_original.jpg","contentUrl":"https:\/\/www.mercadokeys.com.mx\/wp-content\/uploads\/2021\/01\/wreckfest_cover_original.jpg","width":460,"height":215,"caption":"Wreckfest (anteriormente conocido por su t\u00edtulo provisional Next Car Game y actualmente incluido en Steam como Next Car Game: Wreckfest)"},{"@type":"BreadcrumbList","@id":"https:\/\/www.mercadokeys.com\/product\/wreckfest-steam-cd-key\/#breadcrumb","itemListElement":[{"@type":"ListItem","position":1,"name":"Inicio","item":"https:\/\/www.mercadokeys.com.mx\/"},{"@type":"ListItem","position":2,"name":"Tienda","item":"https:\/\/www.mercadokeys.com\/shop\/"},{"@type":"ListItem","position":3,"name":"Wreckfest Steam CD Key"}]},{"@type":"WebSite","@id":"https:\/\/www.mercadokeys.com\/eng\/#website","url":"https:\/\/www.mercadokeys.com\/eng\/","name":"MERCADOKEYS","description":"Tu Tienda de videojuegos digitales en Mexico!","potentialAction":[{"@type":"SearchAction","target":{"@type":"EntryPoint","urlTemplate":"https:\/\/www.mercadokeys.com\/eng\/?s={search_term_string}"},"query-input":{"@type":"PropertyValueSpecification","valueRequired":true,"valueName":"search_term_string"}}],"inLanguage":"en-GB"}]}},"df_price":231.869523,"df_sale_price":231.869523,"df_regular_price":231.869523,"df_image_link":"https:\/\/www.mercadokeys.com.mx\/wp-content\/uploads\/2021\/01\/wreckfest_cover_original-300x140.jpg","_links":{"self":[{"href":"https:\/\/www.mercadokeys.com.mx\/eng\/wp-json\/wp\/v2\/product\/110508","targetHints":{"allow":["GET"]}}],"collection":[{"href":"https:\/\/www.mercadokeys.com.mx\/eng\/wp-json\/wp\/v2\/product"}],"about":[{"href":"https:\/\/www.mercadokeys.com.mx\/eng\/wp-json\/wp\/v2\/types\/product"}],"wp:featuredmedia":[{"embeddable":true,"href":"https:\/\/www.mercadokeys.com.mx\/eng\/wp-json\/wp\/v2\/media\/110509"}],"wp:attachment":[{"href":"https:\/\/www.mercadokeys.com.mx\/eng\/wp-json\/wp\/v2\/media?parent=110508"}],"wp:term":[{"taxonomy":"product_brand","embeddable":true,"href":"https:\/\/www.mercadokeys.com.mx\/eng\/wp-json\/wp\/v2\/product_brand?post=110508"},{"taxonomy":"product_cat","embeddable":true,"href":"https:\/\/www.mercadokeys.com.mx\/eng\/wp-json\/wp\/v2\/product_cat?post=110508"},{"taxonomy":"product_tag","embeddable":true,"href":"https:\/\/www.mercadokeys.com.mx\/eng\/wp-json\/wp\/v2\/product_tag?post=110508"}],"curies":[{"name":"wp","href":"https:\/\/api.w.org\/{rel}","templated":true}]}}