{"id":110465,"date":"2021-01-18T20:25:14","date_gmt":"2021-01-19T04:25:14","guid":{"rendered":"https:\/\/www.mercadokeys.com\/product\/powerbeatsvr-steam-cd-key\/"},"modified":"2022-06-29T06:12:33","modified_gmt":"2022-06-29T13:12:33","slug":"powerbeatsvr-steam-cd-key","status":"publish","type":"product","link":"https:\/\/www.mercadokeys.com.mx\/eng\/product\/powerbeatsvr-steam-cd-key\/","title":{"rendered":"PowerBeatsVR Steam CD Key"},"content":{"rendered":"<p><span style=\"vertical-align: inherit\">En PowerBeatsVR\u00a0 mu\u00e9vase con el ritmo mientras golpea, agacha y esquiva su camino a trav\u00e9s de desafiantes pistas de obst\u00e1culos en varias arenas virtuales. Rompe los cantos rodados entrantes en pedazos y observa c\u00f3mo se queman esas calor\u00edas con facilidad. <\/span><\/p>\n<p><strong><span style=\"vertical-align: inherit\">Cuanto m\u00e1s te muevas y m\u00e1s fuerte golpees, mayor ser\u00e1 tu puntuaci\u00f3n. Divi\u00e9rtete mientras entrenas tu resistencia, fuerza y \u200b\u200breflejos. <\/span><\/strong><\/p>\n<p><span style=\"vertical-align: inherit\">Del mismo modo, experimente intensos entrenamientos de realidad virtual en niveles m\u00e1s altos de dificultad. O elija los modos m\u00e1s f\u00e1ciles y simplemente disfrute rompiendo cosas al ritmo de una banda sonora diversa y en\u00e9rgica. En cualquier caso, hay una tabla de clasificaci\u00f3n esper\u00e1ndote. <\/span><\/p>\n<p><span style=\"vertical-align: inherit\">\u00bfQuieres usar tu propia m\u00fasica? Solo hazlo. Deje que el juego genere autom\u00e1ticamente todo de la manera que desee o realice entrenamientos creativos y construidos para sus canciones personalizadas con el editor. Todo esto en PowerBeatsVR\u00a0<\/span><\/p>","protected":false},"excerpt":{"rendered":"<p>En PowerBeatsVR\u00a0 mu\u00e9vase con el ritmo mientras golpea, agacha y esquiva su camino a trav\u00e9s de desafiantes pistas de obst\u00e1culos en varias arenas virtuales. Rompe los cantos rodados entrantes en pedazos y observa c\u00f3mo se queman esas calor\u00edas con facilidad. Cuanto m\u00e1s te muevas y m\u00e1s fuerte golpees, mayor ser\u00e1 tu puntuaci\u00f3n. Divi\u00e9rtete mientras entrenas&#8230;<\/p>","protected":false},"featured_media":110897,"template":"","meta":{"_monsterinsights_skip_tracking":false,"_monsterinsights_sitenote_active":false,"_monsterinsights_sitenote_note":"","_monsterinsights_sitenote_category":0},"product_brand":[],"product_cat":[1501,2981,1271,1283,1280,1273,1393,1426],"product_tag":[2407,2406,1526],"class_list":{"0":"post-110465","1":"product","2":"type-product","3":"status-publish","4":"has-post-thumbnail","6":"product_cat-tienda-de-videojuegos-ultimos-juegos-tijuana-mexico","7":"product_cat-destacados","8":"product_cat-tienda-de-videojuegos-tijuana-mexico","9":"product_cat-tienda-de-videojuegos-plataformas-tijuana-mexico","10":"product_cat-tienda-de-videojuegos-pc-tijuana-mexico","11":"product_cat-tienda-de-videojuegos-steam-key-tijuana-mexico","12":"product_cat-tienda-de-videojuegos-indie-tijuana-mexico","13":"product_cat-tienda-de-videojuegos-lo-mejor-del-vr-tijuana-mexico","14":"product_tag-powerbeatsvr","15":"product_tag-powerbeatsvr-steam","16":"product_tag-steam","18":"first","19":"instock","20":"shipping-taxable","21":"purchasable","22":"product-type-simple"},"yoast_head":"<!-- This site is optimized with the Yoast SEO plugin v27.0 - https:\/\/yoast.com\/product\/yoast-seo-wordpress\/ -->\n<title>PowerBeatsVR Steam CD Key - MERCADOKEYS<\/title>\n<meta name=\"description\" content=\"En PowerBeatsVR\u00a0 mu\u00e9vase con el ritmo mientras golpea, agacha y esquiva su camino a trav\u00e9s de desafiantes pistas de obst\u00e1culos en varias arenas virtuales\" \/>\n<meta name=\"robots\" content=\"index, follow, max-snippet:-1, max-image-preview:large, max-video-preview:-1\" \/>\n<link rel=\"canonical\" href=\"https:\/\/www.mercadokeys.com\/product\/powerbeatsvr-steam-cd-key\/\" \/>\n<meta property=\"og:locale\" content=\"en_GB\" \/>\n<meta property=\"og:type\" content=\"article\" \/>\n<meta property=\"og:title\" content=\"PowerBeatsVR Steam CD Key - MERCADOKEYS\" \/>\n<meta property=\"og:description\" content=\"En PowerBeatsVR\u00a0 mu\u00e9vase con el ritmo mientras golpea, agacha y esquiva su camino a trav\u00e9s de desafiantes pistas de obst\u00e1culos en varias arenas virtuales\" \/>\n<meta property=\"og:url\" content=\"https:\/\/www.mercadokeys.com\/product\/powerbeatsvr-steam-cd-key\/\" \/>\n<meta property=\"og:site_name\" content=\"MERCADOKEYS\" \/>\n<meta property=\"article:modified_time\" content=\"2022-06-29T13:12:33+00:00\" \/>\n<meta property=\"og:image\" content=\"https:\/\/www.mercadokeys.com\/wp-content\/uploads\/2021\/01\/PowerBeatsVR-Steam-CD-Key.jpg\" \/>\n\t<meta property=\"og:image:width\" content=\"500\" \/>\n\t<meta property=\"og:image:height\" content=\"500\" \/>\n\t<meta property=\"og:image:type\" content=\"image\/jpeg\" \/>\n<meta name=\"twitter:card\" content=\"summary_large_image\" \/>\n<meta name=\"twitter:label1\" content=\"Estimated reading time\" \/>\n\t<meta name=\"twitter:data1\" content=\"1 minute\" \/>\n<script type=\"application\/ld+json\" class=\"yoast-schema-graph\">{\"@context\":\"https:\/\/schema.org\",\"@graph\":[{\"@type\":\"WebPage\",\"@id\":\"https:\/\/www.mercadokeys.com\/product\/powerbeatsvr-steam-cd-key\/\",\"url\":\"https:\/\/www.mercadokeys.com\/product\/powerbeatsvr-steam-cd-key\/\",\"name\":\"PowerBeatsVR Steam CD Key - MERCADOKEYS\",\"isPartOf\":{\"@id\":\"https:\/\/www.mercadokeys.com\/eng\/#website\"},\"primaryImageOfPage\":{\"@id\":\"https:\/\/www.mercadokeys.com\/product\/powerbeatsvr-steam-cd-key\/#primaryimage\"},\"image\":{\"@id\":\"https:\/\/www.mercadokeys.com\/product\/powerbeatsvr-steam-cd-key\/#primaryimage\"},\"thumbnailUrl\":\"https:\/\/www.mercadokeys.com.mx\/wp-content\/uploads\/2021\/01\/PowerBeatsVR-Steam-CD-Key.jpg\",\"datePublished\":\"2021-01-19T04:25:14+00:00\",\"dateModified\":\"2022-06-29T13:12:33+00:00\",\"description\":\"En PowerBeatsVR\u00a0 mu\u00e9vase con el ritmo mientras golpea, agacha y esquiva su camino a trav\u00e9s de desafiantes pistas de obst\u00e1culos en varias arenas virtuales\",\"breadcrumb\":{\"@id\":\"https:\/\/www.mercadokeys.com\/product\/powerbeatsvr-steam-cd-key\/#breadcrumb\"},\"inLanguage\":\"en-GB\",\"potentialAction\":[{\"@type\":\"ReadAction\",\"target\":[\"https:\/\/www.mercadokeys.com\/product\/powerbeatsvr-steam-cd-key\/\"]}]},{\"@type\":\"ImageObject\",\"inLanguage\":\"en-GB\",\"@id\":\"https:\/\/www.mercadokeys.com\/product\/powerbeatsvr-steam-cd-key\/#primaryimage\",\"url\":\"https:\/\/www.mercadokeys.com.mx\/wp-content\/uploads\/2021\/01\/PowerBeatsVR-Steam-CD-Key.jpg\",\"contentUrl\":\"https:\/\/www.mercadokeys.com.mx\/wp-content\/uploads\/2021\/01\/PowerBeatsVR-Steam-CD-Key.jpg\",\"width\":500,\"height\":500,\"caption\":\"En PowerBeatsVR\u00a0 mu\u00e9vase con el ritmo mientras golpea, agacha y esquiva su camino a trav\u00e9s de desafiantes pistas de obst\u00e1culos en varias arenas virtuales\"},{\"@type\":\"BreadcrumbList\",\"@id\":\"https:\/\/www.mercadokeys.com\/product\/powerbeatsvr-steam-cd-key\/#breadcrumb\",\"itemListElement\":[{\"@type\":\"ListItem\",\"position\":1,\"name\":\"Inicio\",\"item\":\"https:\/\/www.mercadokeys.com.mx\/\"},{\"@type\":\"ListItem\",\"position\":2,\"name\":\"Tienda\",\"item\":\"https:\/\/www.mercadokeys.com\/shop\/\"},{\"@type\":\"ListItem\",\"position\":3,\"name\":\"PowerBeatsVR Steam CD Key\"}]},{\"@type\":\"WebSite\",\"@id\":\"https:\/\/www.mercadokeys.com\/eng\/#website\",\"url\":\"https:\/\/www.mercadokeys.com\/eng\/\",\"name\":\"MERCADOKEYS\",\"description\":\"Tu Tienda de videojuegos digitales en Mexico!\",\"potentialAction\":[{\"@type\":\"SearchAction\",\"target\":{\"@type\":\"EntryPoint\",\"urlTemplate\":\"https:\/\/www.mercadokeys.com\/eng\/?s={search_term_string}\"},\"query-input\":{\"@type\":\"PropertyValueSpecification\",\"valueRequired\":true,\"valueName\":\"search_term_string\"}}],\"inLanguage\":\"en-GB\"}]}<\/script>\n<!-- \/ Yoast SEO plugin. -->","yoast_head_json":{"title":"PowerBeatsVR Steam CD Key - MERCADOKEYS","description":"En PowerBeatsVR\u00a0 mu\u00e9vase con el ritmo mientras golpea, agacha y esquiva su camino a trav\u00e9s de desafiantes pistas de obst\u00e1culos en varias arenas virtuales","robots":{"index":"index","follow":"follow","max-snippet":"max-snippet:-1","max-image-preview":"max-image-preview:large","max-video-preview":"max-video-preview:-1"},"canonical":"https:\/\/www.mercadokeys.com\/product\/powerbeatsvr-steam-cd-key\/","og_locale":"en_GB","og_type":"article","og_title":"PowerBeatsVR Steam CD Key - MERCADOKEYS","og_description":"En PowerBeatsVR\u00a0 mu\u00e9vase con el ritmo mientras golpea, agacha y esquiva su camino a trav\u00e9s de desafiantes pistas de obst\u00e1culos en varias arenas virtuales","og_url":"https:\/\/www.mercadokeys.com\/product\/powerbeatsvr-steam-cd-key\/","og_site_name":"MERCADOKEYS","article_modified_time":"2022-06-29T13:12:33+00:00","og_image":[{"width":500,"height":500,"url":"https:\/\/www.mercadokeys.com\/wp-content\/uploads\/2021\/01\/PowerBeatsVR-Steam-CD-Key.jpg","type":"image\/jpeg"}],"twitter_card":"summary_large_image","twitter_misc":{"Estimated reading time":"1 minute"},"schema":{"@context":"https:\/\/schema.org","@graph":[{"@type":"WebPage","@id":"https:\/\/www.mercadokeys.com\/product\/powerbeatsvr-steam-cd-key\/","url":"https:\/\/www.mercadokeys.com\/product\/powerbeatsvr-steam-cd-key\/","name":"PowerBeatsVR Steam CD Key - MERCADOKEYS","isPartOf":{"@id":"https:\/\/www.mercadokeys.com\/eng\/#website"},"primaryImageOfPage":{"@id":"https:\/\/www.mercadokeys.com\/product\/powerbeatsvr-steam-cd-key\/#primaryimage"},"image":{"@id":"https:\/\/www.mercadokeys.com\/product\/powerbeatsvr-steam-cd-key\/#primaryimage"},"thumbnailUrl":"https:\/\/www.mercadokeys.com.mx\/wp-content\/uploads\/2021\/01\/PowerBeatsVR-Steam-CD-Key.jpg","datePublished":"2021-01-19T04:25:14+00:00","dateModified":"2022-06-29T13:12:33+00:00","description":"En PowerBeatsVR\u00a0 mu\u00e9vase con el ritmo mientras golpea, agacha y esquiva su camino a trav\u00e9s de desafiantes pistas de obst\u00e1culos en varias arenas virtuales","breadcrumb":{"@id":"https:\/\/www.mercadokeys.com\/product\/powerbeatsvr-steam-cd-key\/#breadcrumb"},"inLanguage":"en-GB","potentialAction":[{"@type":"ReadAction","target":["https:\/\/www.mercadokeys.com\/product\/powerbeatsvr-steam-cd-key\/"]}]},{"@type":"ImageObject","inLanguage":"en-GB","@id":"https:\/\/www.mercadokeys.com\/product\/powerbeatsvr-steam-cd-key\/#primaryimage","url":"https:\/\/www.mercadokeys.com.mx\/wp-content\/uploads\/2021\/01\/PowerBeatsVR-Steam-CD-Key.jpg","contentUrl":"https:\/\/www.mercadokeys.com.mx\/wp-content\/uploads\/2021\/01\/PowerBeatsVR-Steam-CD-Key.jpg","width":500,"height":500,"caption":"En PowerBeatsVR\u00a0 mu\u00e9vase con el ritmo mientras golpea, agacha y esquiva su camino a trav\u00e9s de desafiantes pistas de obst\u00e1culos en varias arenas virtuales"},{"@type":"BreadcrumbList","@id":"https:\/\/www.mercadokeys.com\/product\/powerbeatsvr-steam-cd-key\/#breadcrumb","itemListElement":[{"@type":"ListItem","position":1,"name":"Inicio","item":"https:\/\/www.mercadokeys.com.mx\/"},{"@type":"ListItem","position":2,"name":"Tienda","item":"https:\/\/www.mercadokeys.com\/shop\/"},{"@type":"ListItem","position":3,"name":"PowerBeatsVR Steam CD Key"}]},{"@type":"WebSite","@id":"https:\/\/www.mercadokeys.com\/eng\/#website","url":"https:\/\/www.mercadokeys.com\/eng\/","name":"MERCADOKEYS","description":"Tu Tienda de videojuegos digitales en Mexico!","potentialAction":[{"@type":"SearchAction","target":{"@type":"EntryPoint","urlTemplate":"https:\/\/www.mercadokeys.com\/eng\/?s={search_term_string}"},"query-input":{"@type":"PropertyValueSpecification","valueRequired":true,"valueName":"search_term_string"}}],"inLanguage":"en-GB"}]}},"df_price":57.467046,"df_sale_price":57.467046,"df_regular_price":57.467046,"df_image_link":"https:\/\/www.mercadokeys.com.mx\/wp-content\/uploads\/2021\/01\/PowerBeatsVR-Steam-CD-Key-300x300.jpg","_links":{"self":[{"href":"https:\/\/www.mercadokeys.com.mx\/eng\/wp-json\/wp\/v2\/product\/110465","targetHints":{"allow":["GET"]}}],"collection":[{"href":"https:\/\/www.mercadokeys.com.mx\/eng\/wp-json\/wp\/v2\/product"}],"about":[{"href":"https:\/\/www.mercadokeys.com.mx\/eng\/wp-json\/wp\/v2\/types\/product"}],"wp:featuredmedia":[{"embeddable":true,"href":"https:\/\/www.mercadokeys.com.mx\/eng\/wp-json\/wp\/v2\/media\/110897"}],"wp:attachment":[{"href":"https:\/\/www.mercadokeys.com.mx\/eng\/wp-json\/wp\/v2\/media?parent=110465"}],"wp:term":[{"taxonomy":"product_brand","embeddable":true,"href":"https:\/\/www.mercadokeys.com.mx\/eng\/wp-json\/wp\/v2\/product_brand?post=110465"},{"taxonomy":"product_cat","embeddable":true,"href":"https:\/\/www.mercadokeys.com.mx\/eng\/wp-json\/wp\/v2\/product_cat?post=110465"},{"taxonomy":"product_tag","embeddable":true,"href":"https:\/\/www.mercadokeys.com.mx\/eng\/wp-json\/wp\/v2\/product_tag?post=110465"}],"curies":[{"name":"wp","href":"https:\/\/api.w.org\/{rel}","templated":true}]}}