{"id":110463,"date":"2021-01-18T17:06:27","date_gmt":"2021-01-19T01:06:27","guid":{"rendered":"https:\/\/www.mercadokeys.com\/product\/the-talos-principle-vr-steam-cd-key\/"},"modified":"2022-06-29T06:12:15","modified_gmt":"2022-06-29T13:12:15","slug":"the-talos-principle-vr-steam-cd-key","status":"publish","type":"product","link":"https:\/\/www.mercadokeys.com.mx\/eng\/product\/the-talos-principle-vr-steam-cd-key\/","title":{"rendered":"The Talos Principle VR Steam CD Key"},"content":{"rendered":"<p><span style=\"vertical-align: inherit\">The Talos Principle VR es una versi\u00f3n de realidad virtual del juego de rompecabezas en primera persona aclamado por la cr\u00edtica de Croteam en la tradici\u00f3n de la ciencia ficci\u00f3n filos\u00f3fica. <\/span><\/p>\n<p><span style=\"vertical-align: inherit\">Como si despertara de un sue\u00f1o profundo, se encuentra en un mundo extra\u00f1o y contradictorio de ruinas antiguas y tecnolog\u00eda avanzada. Encargado por su creador de resolver una serie de acertijos cada vez m\u00e1s complejos, debe decidir si tener fe o hacer las preguntas dif\u00edciles: \u00bfQui\u00e9n es usted? \u00bfCual es tu prop\u00f3sito? \u00bfY qu\u00e9 vas a hacer al respecto?<\/span><\/p>","protected":false},"excerpt":{"rendered":"<p>The Talos Principle VR es una versi\u00f3n de realidad virtual del juego de rompecabezas en primera persona aclamado por la cr\u00edtica de Croteam en la tradici\u00f3n de la ciencia ficci\u00f3n filos\u00f3fica. Como si despertara de un sue\u00f1o profundo, se encuentra en un mundo extra\u00f1o y contradictorio de ruinas antiguas y tecnolog\u00eda avanzada. Encargado por su&#8230;<\/p>","protected":false},"featured_media":110898,"template":"","meta":{"_monsterinsights_skip_tracking":false,"_monsterinsights_sitenote_active":false,"_monsterinsights_sitenote_note":"","_monsterinsights_sitenote_category":0},"product_brand":[],"product_cat":[1501,2981,1271,1283,1280,1273,1393,1426],"product_tag":[1526,2450,2449,2448],"class_list":{"0":"post-110463","1":"product","2":"type-product","3":"status-publish","4":"has-post-thumbnail","6":"product_cat-tienda-de-videojuegos-ultimos-juegos-tijuana-mexico","7":"product_cat-destacados","8":"product_cat-tienda-de-videojuegos-tijuana-mexico","9":"product_cat-tienda-de-videojuegos-plataformas-tijuana-mexico","10":"product_cat-tienda-de-videojuegos-pc-tijuana-mexico","11":"product_cat-tienda-de-videojuegos-steam-key-tijuana-mexico","12":"product_cat-tienda-de-videojuegos-indie-tijuana-mexico","13":"product_cat-tienda-de-videojuegos-lo-mejor-del-vr-tijuana-mexico","14":"product_tag-steam","15":"product_tag-the-talos-principle","16":"product_tag-the-talos-principle-vr","17":"product_tag-the-talos-principle-vr-steam","19":"first","20":"instock","21":"shipping-taxable","22":"purchasable","23":"product-type-simple"},"yoast_head":"<!-- This site is optimized with the Yoast SEO plugin v27.0 - https:\/\/yoast.com\/product\/yoast-seo-wordpress\/ -->\n<title>The Talos Principle VR Steam CD Key - MERCADOKEYS<\/title>\n<meta name=\"description\" content=\"The Talos Principle VR es una versi\u00f3n de realidad virtual del juego de rompecabezas en primera persona aclamado por la cr\u00edtica de Croteam\" \/>\n<meta name=\"robots\" content=\"index, follow, max-snippet:-1, max-image-preview:large, max-video-preview:-1\" \/>\n<link rel=\"canonical\" href=\"https:\/\/www.mercadokeys.com\/product\/the-talos-principle-vr-steam-cd-key\/\" \/>\n<meta property=\"og:locale\" content=\"en_GB\" \/>\n<meta property=\"og:type\" content=\"article\" \/>\n<meta property=\"og:title\" content=\"The Talos Principle VR Steam CD Key - MERCADOKEYS\" \/>\n<meta property=\"og:description\" content=\"The Talos Principle VR es una versi\u00f3n de realidad virtual del juego de rompecabezas en primera persona aclamado por la cr\u00edtica de Croteam\" \/>\n<meta property=\"og:url\" content=\"https:\/\/www.mercadokeys.com\/product\/the-talos-principle-vr-steam-cd-key\/\" \/>\n<meta property=\"og:site_name\" content=\"MERCADOKEYS\" \/>\n<meta property=\"article:modified_time\" content=\"2022-06-29T13:12:15+00:00\" \/>\n<meta property=\"og:image\" content=\"https:\/\/www.mercadokeys.com\/wp-content\/uploads\/2021\/01\/The-Talos-Principle-VR-Steam-CD-Key.jpg\" \/>\n\t<meta property=\"og:image:width\" content=\"500\" \/>\n\t<meta property=\"og:image:height\" content=\"500\" \/>\n\t<meta property=\"og:image:type\" content=\"image\/jpeg\" \/>\n<meta name=\"twitter:card\" content=\"summary_large_image\" \/>\n<meta name=\"twitter:label1\" content=\"Estimated reading time\" \/>\n\t<meta name=\"twitter:data1\" content=\"1 minute\" \/>\n<script type=\"application\/ld+json\" class=\"yoast-schema-graph\">{\"@context\":\"https:\/\/schema.org\",\"@graph\":[{\"@type\":\"WebPage\",\"@id\":\"https:\/\/www.mercadokeys.com\/product\/the-talos-principle-vr-steam-cd-key\/\",\"url\":\"https:\/\/www.mercadokeys.com\/product\/the-talos-principle-vr-steam-cd-key\/\",\"name\":\"The Talos Principle VR Steam CD Key - MERCADOKEYS\",\"isPartOf\":{\"@id\":\"https:\/\/www.mercadokeys.com\/eng\/#website\"},\"primaryImageOfPage\":{\"@id\":\"https:\/\/www.mercadokeys.com\/product\/the-talos-principle-vr-steam-cd-key\/#primaryimage\"},\"image\":{\"@id\":\"https:\/\/www.mercadokeys.com\/product\/the-talos-principle-vr-steam-cd-key\/#primaryimage\"},\"thumbnailUrl\":\"https:\/\/www.mercadokeys.com.mx\/wp-content\/uploads\/2021\/01\/The-Talos-Principle-VR-Steam-CD-Key.jpg\",\"datePublished\":\"2021-01-19T01:06:27+00:00\",\"dateModified\":\"2022-06-29T13:12:15+00:00\",\"description\":\"The Talos Principle VR es una versi\u00f3n de realidad virtual del juego de rompecabezas en primera persona aclamado por la cr\u00edtica de Croteam\",\"breadcrumb\":{\"@id\":\"https:\/\/www.mercadokeys.com\/product\/the-talos-principle-vr-steam-cd-key\/#breadcrumb\"},\"inLanguage\":\"en-GB\",\"potentialAction\":[{\"@type\":\"ReadAction\",\"target\":[\"https:\/\/www.mercadokeys.com\/product\/the-talos-principle-vr-steam-cd-key\/\"]}]},{\"@type\":\"ImageObject\",\"inLanguage\":\"en-GB\",\"@id\":\"https:\/\/www.mercadokeys.com\/product\/the-talos-principle-vr-steam-cd-key\/#primaryimage\",\"url\":\"https:\/\/www.mercadokeys.com.mx\/wp-content\/uploads\/2021\/01\/The-Talos-Principle-VR-Steam-CD-Key.jpg\",\"contentUrl\":\"https:\/\/www.mercadokeys.com.mx\/wp-content\/uploads\/2021\/01\/The-Talos-Principle-VR-Steam-CD-Key.jpg\",\"width\":500,\"height\":500,\"caption\":\"Talos Principle VR es una versi\u00f3n de realidad virtual del juego de rompecabezas en primera persona aclamado por la cr\u00edtica de Croteam e\"},{\"@type\":\"BreadcrumbList\",\"@id\":\"https:\/\/www.mercadokeys.com\/product\/the-talos-principle-vr-steam-cd-key\/#breadcrumb\",\"itemListElement\":[{\"@type\":\"ListItem\",\"position\":1,\"name\":\"Inicio\",\"item\":\"https:\/\/www.mercadokeys.com.mx\/\"},{\"@type\":\"ListItem\",\"position\":2,\"name\":\"Tienda\",\"item\":\"https:\/\/www.mercadokeys.com\/shop\/\"},{\"@type\":\"ListItem\",\"position\":3,\"name\":\"The Talos Principle VR Steam CD Key\"}]},{\"@type\":\"WebSite\",\"@id\":\"https:\/\/www.mercadokeys.com\/eng\/#website\",\"url\":\"https:\/\/www.mercadokeys.com\/eng\/\",\"name\":\"MERCADOKEYS\",\"description\":\"Tu Tienda de videojuegos digitales en Mexico!\",\"potentialAction\":[{\"@type\":\"SearchAction\",\"target\":{\"@type\":\"EntryPoint\",\"urlTemplate\":\"https:\/\/www.mercadokeys.com\/eng\/?s={search_term_string}\"},\"query-input\":{\"@type\":\"PropertyValueSpecification\",\"valueRequired\":true,\"valueName\":\"search_term_string\"}}],\"inLanguage\":\"en-GB\"}]}<\/script>\n<!-- \/ Yoast SEO plugin. -->","yoast_head_json":{"title":"The Talos Principle VR Steam CD Key - MERCADOKEYS","description":"The Talos Principle VR es una versi\u00f3n de realidad virtual del juego de rompecabezas en primera persona aclamado por la cr\u00edtica de Croteam","robots":{"index":"index","follow":"follow","max-snippet":"max-snippet:-1","max-image-preview":"max-image-preview:large","max-video-preview":"max-video-preview:-1"},"canonical":"https:\/\/www.mercadokeys.com\/product\/the-talos-principle-vr-steam-cd-key\/","og_locale":"en_GB","og_type":"article","og_title":"The Talos Principle VR Steam CD Key - MERCADOKEYS","og_description":"The Talos Principle VR es una versi\u00f3n de realidad virtual del juego de rompecabezas en primera persona aclamado por la cr\u00edtica de Croteam","og_url":"https:\/\/www.mercadokeys.com\/product\/the-talos-principle-vr-steam-cd-key\/","og_site_name":"MERCADOKEYS","article_modified_time":"2022-06-29T13:12:15+00:00","og_image":[{"width":500,"height":500,"url":"https:\/\/www.mercadokeys.com\/wp-content\/uploads\/2021\/01\/The-Talos-Principle-VR-Steam-CD-Key.jpg","type":"image\/jpeg"}],"twitter_card":"summary_large_image","twitter_misc":{"Estimated reading time":"1 minute"},"schema":{"@context":"https:\/\/schema.org","@graph":[{"@type":"WebPage","@id":"https:\/\/www.mercadokeys.com\/product\/the-talos-principle-vr-steam-cd-key\/","url":"https:\/\/www.mercadokeys.com\/product\/the-talos-principle-vr-steam-cd-key\/","name":"The Talos Principle VR Steam CD Key - MERCADOKEYS","isPartOf":{"@id":"https:\/\/www.mercadokeys.com\/eng\/#website"},"primaryImageOfPage":{"@id":"https:\/\/www.mercadokeys.com\/product\/the-talos-principle-vr-steam-cd-key\/#primaryimage"},"image":{"@id":"https:\/\/www.mercadokeys.com\/product\/the-talos-principle-vr-steam-cd-key\/#primaryimage"},"thumbnailUrl":"https:\/\/www.mercadokeys.com.mx\/wp-content\/uploads\/2021\/01\/The-Talos-Principle-VR-Steam-CD-Key.jpg","datePublished":"2021-01-19T01:06:27+00:00","dateModified":"2022-06-29T13:12:15+00:00","description":"The Talos Principle VR es una versi\u00f3n de realidad virtual del juego de rompecabezas en primera persona aclamado por la cr\u00edtica de Croteam","breadcrumb":{"@id":"https:\/\/www.mercadokeys.com\/product\/the-talos-principle-vr-steam-cd-key\/#breadcrumb"},"inLanguage":"en-GB","potentialAction":[{"@type":"ReadAction","target":["https:\/\/www.mercadokeys.com\/product\/the-talos-principle-vr-steam-cd-key\/"]}]},{"@type":"ImageObject","inLanguage":"en-GB","@id":"https:\/\/www.mercadokeys.com\/product\/the-talos-principle-vr-steam-cd-key\/#primaryimage","url":"https:\/\/www.mercadokeys.com.mx\/wp-content\/uploads\/2021\/01\/The-Talos-Principle-VR-Steam-CD-Key.jpg","contentUrl":"https:\/\/www.mercadokeys.com.mx\/wp-content\/uploads\/2021\/01\/The-Talos-Principle-VR-Steam-CD-Key.jpg","width":500,"height":500,"caption":"Talos Principle VR es una versi\u00f3n de realidad virtual del juego de rompecabezas en primera persona aclamado por la cr\u00edtica de Croteam e"},{"@type":"BreadcrumbList","@id":"https:\/\/www.mercadokeys.com\/product\/the-talos-principle-vr-steam-cd-key\/#breadcrumb","itemListElement":[{"@type":"ListItem","position":1,"name":"Inicio","item":"https:\/\/www.mercadokeys.com.mx\/"},{"@type":"ListItem","position":2,"name":"Tienda","item":"https:\/\/www.mercadokeys.com\/shop\/"},{"@type":"ListItem","position":3,"name":"The Talos Principle VR Steam CD Key"}]},{"@type":"WebSite","@id":"https:\/\/www.mercadokeys.com\/eng\/#website","url":"https:\/\/www.mercadokeys.com\/eng\/","name":"MERCADOKEYS","description":"Tu Tienda de videojuegos digitales en Mexico!","potentialAction":[{"@type":"SearchAction","target":{"@type":"EntryPoint","urlTemplate":"https:\/\/www.mercadokeys.com\/eng\/?s={search_term_string}"},"query-input":{"@type":"PropertyValueSpecification","valueRequired":true,"valueName":"search_term_string"}}],"inLanguage":"en-GB"}]}},"df_price":510.341675,"df_sale_price":510.341675,"df_regular_price":510.341675,"df_image_link":"https:\/\/www.mercadokeys.com.mx\/wp-content\/uploads\/2021\/01\/The-Talos-Principle-VR-Steam-CD-Key-300x300.jpg","_links":{"self":[{"href":"https:\/\/www.mercadokeys.com.mx\/eng\/wp-json\/wp\/v2\/product\/110463","targetHints":{"allow":["GET"]}}],"collection":[{"href":"https:\/\/www.mercadokeys.com.mx\/eng\/wp-json\/wp\/v2\/product"}],"about":[{"href":"https:\/\/www.mercadokeys.com.mx\/eng\/wp-json\/wp\/v2\/types\/product"}],"wp:featuredmedia":[{"embeddable":true,"href":"https:\/\/www.mercadokeys.com.mx\/eng\/wp-json\/wp\/v2\/media\/110898"}],"wp:attachment":[{"href":"https:\/\/www.mercadokeys.com.mx\/eng\/wp-json\/wp\/v2\/media?parent=110463"}],"wp:term":[{"taxonomy":"product_brand","embeddable":true,"href":"https:\/\/www.mercadokeys.com.mx\/eng\/wp-json\/wp\/v2\/product_brand?post=110463"},{"taxonomy":"product_cat","embeddable":true,"href":"https:\/\/www.mercadokeys.com.mx\/eng\/wp-json\/wp\/v2\/product_cat?post=110463"},{"taxonomy":"product_tag","embeddable":true,"href":"https:\/\/www.mercadokeys.com.mx\/eng\/wp-json\/wp\/v2\/product_tag?post=110463"}],"curies":[{"name":"wp","href":"https:\/\/api.w.org\/{rel}","templated":true}]}}