{"id":110452,"date":"2021-01-18T13:30:40","date_gmt":"2021-01-18T21:30:40","guid":{"rendered":"https:\/\/www.mercadokeys.com\/product\/vacation-simulator-steam-key-global\/"},"modified":"2022-06-29T06:06:16","modified_gmt":"2022-06-29T13:06:16","slug":"vacation-simulator-steam-cd-key","status":"publish","type":"product","link":"https:\/\/www.mercadokeys.com.mx\/eng\/product\/vacation-simulator-steam-cd-key\/","title":{"rendered":"Vacation Simulator Steam CD Key"},"content":{"rendered":"<p><span style=\"vertical-align: inherit\">\u00a1La \u00faltima sensaci\u00f3n de realidad virtual de los creadores del \u00e9xito platino &#8216;Job Simulator&#8217;! Bienvenido al simulador de vacaciones: una aproximaci\u00f3n aproximada de VACACIONES inspirada en el NO TRABAJO humano real. Por su parte, en Vacation Simulator \u00a1Reasigne su ancho de banda y prep\u00e1rese para chapotear, disfrutar, hacer bolas de nieve y hacer selfies en su camino hacia una relajaci\u00f3n \u00f3ptima!. Todo esto en Vacation Simulator.<\/span><\/p>","protected":false},"excerpt":{"rendered":"<p>\u00a1La \u00faltima sensaci\u00f3n de realidad virtual de los creadores del \u00e9xito platino &#8216;Job Simulator&#8217;! Bienvenido al simulador de vacaciones: una aproximaci\u00f3n aproximada de VACACIONES inspirada en el NO TRABAJO humano real. Por su parte, en Vacation Simulator \u00a1Reasigne su ancho de banda y prep\u00e1rese para chapotear, disfrutar, hacer bolas de nieve y hacer selfies en&#8230;<\/p>","protected":false},"featured_media":110902,"template":"","meta":{"_monsterinsights_skip_tracking":false,"_monsterinsights_sitenote_active":false,"_monsterinsights_sitenote_note":"","_monsterinsights_sitenote_category":0},"product_brand":[],"product_cat":[1501,2981,1271,1283,1280,1273,1392,1394,1396,1426],"product_tag":[1526,2759,2760],"class_list":{"0":"post-110452","1":"product","2":"type-product","3":"status-publish","4":"has-post-thumbnail","6":"product_cat-tienda-de-videojuegos-ultimos-juegos-tijuana-mexico","7":"product_cat-destacados","8":"product_cat-tienda-de-videojuegos-tijuana-mexico","9":"product_cat-tienda-de-videojuegos-plataformas-tijuana-mexico","10":"product_cat-tienda-de-videojuegos-pc-tijuana-mexico","11":"product_cat-tienda-de-videojuegos-steam-key-tijuana-mexico","12":"product_cat-tienda-de-videojuegos-accion-tijuana-mexico","13":"product_cat-tienda-de-videojuegos-aventura-tijuana-mexico","14":"product_cat-tienda-de-videojuegos-simulacion-tijuana-mexico","15":"product_cat-tienda-de-videojuegos-lo-mejor-del-vr-tijuana-mexico","16":"product_tag-steam","17":"product_tag-vacation-simulator","18":"product_tag-vacation-simulator-steam","20":"first","21":"instock","22":"shipping-taxable","23":"purchasable","24":"product-type-simple"},"yoast_head":"<!-- This site is optimized with the Yoast SEO plugin v27.0 - https:\/\/yoast.com\/product\/yoast-seo-wordpress\/ -->\n<title>Vacation Simulator Steam CD Key - MERCADOKEYS<\/title>\n<meta name=\"description\" content=\"En Vacation Simulator \u00a1Reasigne su ancho de banda y prep\u00e1rese para chapotear, disfrutar, hacer bolas de nieve y hacer selfies\" \/>\n<meta name=\"robots\" content=\"index, follow, max-snippet:-1, max-image-preview:large, max-video-preview:-1\" \/>\n<link rel=\"canonical\" href=\"https:\/\/www.mercadokeys.com\/product\/vacation-simulator-steam-cd-key\/\" \/>\n<meta property=\"og:locale\" content=\"en_GB\" \/>\n<meta property=\"og:type\" content=\"article\" \/>\n<meta property=\"og:title\" content=\"Vacation Simulator Steam CD Key - MERCADOKEYS\" \/>\n<meta property=\"og:description\" content=\"En Vacation Simulator \u00a1Reasigne su ancho de banda y prep\u00e1rese para chapotear, disfrutar, hacer bolas de nieve y hacer selfies\" \/>\n<meta property=\"og:url\" content=\"https:\/\/www.mercadokeys.com\/product\/vacation-simulator-steam-cd-key\/\" \/>\n<meta property=\"og:site_name\" content=\"MERCADOKEYS\" \/>\n<meta property=\"article:modified_time\" content=\"2022-06-29T13:06:16+00:00\" \/>\n<meta property=\"og:image\" content=\"https:\/\/www.mercadokeys.com\/wp-content\/uploads\/2021\/01\/Vacation-Simulator-Steam-CD-Key.jpg\" \/>\n\t<meta property=\"og:image:width\" content=\"500\" \/>\n\t<meta property=\"og:image:height\" content=\"500\" \/>\n\t<meta property=\"og:image:type\" content=\"image\/jpeg\" \/>\n<meta name=\"twitter:card\" content=\"summary_large_image\" \/>\n<meta name=\"twitter:label1\" content=\"Estimated reading time\" \/>\n\t<meta name=\"twitter:data1\" content=\"1 minute\" \/>\n<script type=\"application\/ld+json\" class=\"yoast-schema-graph\">{\"@context\":\"https:\/\/schema.org\",\"@graph\":[{\"@type\":\"WebPage\",\"@id\":\"https:\/\/www.mercadokeys.com\/product\/vacation-simulator-steam-cd-key\/\",\"url\":\"https:\/\/www.mercadokeys.com\/product\/vacation-simulator-steam-cd-key\/\",\"name\":\"Vacation Simulator Steam CD Key - MERCADOKEYS\",\"isPartOf\":{\"@id\":\"https:\/\/www.mercadokeys.com\/eng\/#website\"},\"primaryImageOfPage\":{\"@id\":\"https:\/\/www.mercadokeys.com\/product\/vacation-simulator-steam-cd-key\/#primaryimage\"},\"image\":{\"@id\":\"https:\/\/www.mercadokeys.com\/product\/vacation-simulator-steam-cd-key\/#primaryimage\"},\"thumbnailUrl\":\"https:\/\/www.mercadokeys.com.mx\/wp-content\/uploads\/2021\/01\/Vacation-Simulator-Steam-CD-Key.jpg\",\"datePublished\":\"2021-01-18T21:30:40+00:00\",\"dateModified\":\"2022-06-29T13:06:16+00:00\",\"description\":\"En Vacation Simulator \u00a1Reasigne su ancho de banda y prep\u00e1rese para chapotear, disfrutar, hacer bolas de nieve y hacer selfies\",\"breadcrumb\":{\"@id\":\"https:\/\/www.mercadokeys.com\/product\/vacation-simulator-steam-cd-key\/#breadcrumb\"},\"inLanguage\":\"en-GB\",\"potentialAction\":[{\"@type\":\"ReadAction\",\"target\":[\"https:\/\/www.mercadokeys.com\/product\/vacation-simulator-steam-cd-key\/\"]}]},{\"@type\":\"ImageObject\",\"inLanguage\":\"en-GB\",\"@id\":\"https:\/\/www.mercadokeys.com\/product\/vacation-simulator-steam-cd-key\/#primaryimage\",\"url\":\"https:\/\/www.mercadokeys.com.mx\/wp-content\/uploads\/2021\/01\/Vacation-Simulator-Steam-CD-Key.jpg\",\"contentUrl\":\"https:\/\/www.mercadokeys.com.mx\/wp-content\/uploads\/2021\/01\/Vacation-Simulator-Steam-CD-Key.jpg\",\"width\":500,\"height\":500,\"caption\":\"En Vacation Simulator \u00a1Reasigne su ancho de banda y prep\u00e1rese para chapotear, disfrutar, hacer bolas de nieve y hacer selfies\"},{\"@type\":\"BreadcrumbList\",\"@id\":\"https:\/\/www.mercadokeys.com\/product\/vacation-simulator-steam-cd-key\/#breadcrumb\",\"itemListElement\":[{\"@type\":\"ListItem\",\"position\":1,\"name\":\"Inicio\",\"item\":\"https:\/\/www.mercadokeys.com.mx\/\"},{\"@type\":\"ListItem\",\"position\":2,\"name\":\"Tienda\",\"item\":\"https:\/\/www.mercadokeys.com\/shop\/\"},{\"@type\":\"ListItem\",\"position\":3,\"name\":\"Vacation Simulator Steam CD Key\"}]},{\"@type\":\"WebSite\",\"@id\":\"https:\/\/www.mercadokeys.com\/eng\/#website\",\"url\":\"https:\/\/www.mercadokeys.com\/eng\/\",\"name\":\"MERCADOKEYS\",\"description\":\"Tu Tienda de videojuegos digitales en Mexico!\",\"potentialAction\":[{\"@type\":\"SearchAction\",\"target\":{\"@type\":\"EntryPoint\",\"urlTemplate\":\"https:\/\/www.mercadokeys.com\/eng\/?s={search_term_string}\"},\"query-input\":{\"@type\":\"PropertyValueSpecification\",\"valueRequired\":true,\"valueName\":\"search_term_string\"}}],\"inLanguage\":\"en-GB\"}]}<\/script>\n<!-- \/ Yoast SEO plugin. -->","yoast_head_json":{"title":"Vacation Simulator Steam CD Key - MERCADOKEYS","description":"En Vacation Simulator \u00a1Reasigne su ancho de banda y prep\u00e1rese para chapotear, disfrutar, hacer bolas de nieve y hacer selfies","robots":{"index":"index","follow":"follow","max-snippet":"max-snippet:-1","max-image-preview":"max-image-preview:large","max-video-preview":"max-video-preview:-1"},"canonical":"https:\/\/www.mercadokeys.com\/product\/vacation-simulator-steam-cd-key\/","og_locale":"en_GB","og_type":"article","og_title":"Vacation Simulator Steam CD Key - MERCADOKEYS","og_description":"En Vacation Simulator \u00a1Reasigne su ancho de banda y prep\u00e1rese para chapotear, disfrutar, hacer bolas de nieve y hacer selfies","og_url":"https:\/\/www.mercadokeys.com\/product\/vacation-simulator-steam-cd-key\/","og_site_name":"MERCADOKEYS","article_modified_time":"2022-06-29T13:06:16+00:00","og_image":[{"width":500,"height":500,"url":"https:\/\/www.mercadokeys.com\/wp-content\/uploads\/2021\/01\/Vacation-Simulator-Steam-CD-Key.jpg","type":"image\/jpeg"}],"twitter_card":"summary_large_image","twitter_misc":{"Estimated reading time":"1 minute"},"schema":{"@context":"https:\/\/schema.org","@graph":[{"@type":"WebPage","@id":"https:\/\/www.mercadokeys.com\/product\/vacation-simulator-steam-cd-key\/","url":"https:\/\/www.mercadokeys.com\/product\/vacation-simulator-steam-cd-key\/","name":"Vacation Simulator Steam CD Key - MERCADOKEYS","isPartOf":{"@id":"https:\/\/www.mercadokeys.com\/eng\/#website"},"primaryImageOfPage":{"@id":"https:\/\/www.mercadokeys.com\/product\/vacation-simulator-steam-cd-key\/#primaryimage"},"image":{"@id":"https:\/\/www.mercadokeys.com\/product\/vacation-simulator-steam-cd-key\/#primaryimage"},"thumbnailUrl":"https:\/\/www.mercadokeys.com.mx\/wp-content\/uploads\/2021\/01\/Vacation-Simulator-Steam-CD-Key.jpg","datePublished":"2021-01-18T21:30:40+00:00","dateModified":"2022-06-29T13:06:16+00:00","description":"En Vacation Simulator \u00a1Reasigne su ancho de banda y prep\u00e1rese para chapotear, disfrutar, hacer bolas de nieve y hacer selfies","breadcrumb":{"@id":"https:\/\/www.mercadokeys.com\/product\/vacation-simulator-steam-cd-key\/#breadcrumb"},"inLanguage":"en-GB","potentialAction":[{"@type":"ReadAction","target":["https:\/\/www.mercadokeys.com\/product\/vacation-simulator-steam-cd-key\/"]}]},{"@type":"ImageObject","inLanguage":"en-GB","@id":"https:\/\/www.mercadokeys.com\/product\/vacation-simulator-steam-cd-key\/#primaryimage","url":"https:\/\/www.mercadokeys.com.mx\/wp-content\/uploads\/2021\/01\/Vacation-Simulator-Steam-CD-Key.jpg","contentUrl":"https:\/\/www.mercadokeys.com.mx\/wp-content\/uploads\/2021\/01\/Vacation-Simulator-Steam-CD-Key.jpg","width":500,"height":500,"caption":"En Vacation Simulator \u00a1Reasigne su ancho de banda y prep\u00e1rese para chapotear, disfrutar, hacer bolas de nieve y hacer selfies"},{"@type":"BreadcrumbList","@id":"https:\/\/www.mercadokeys.com\/product\/vacation-simulator-steam-cd-key\/#breadcrumb","itemListElement":[{"@type":"ListItem","position":1,"name":"Inicio","item":"https:\/\/www.mercadokeys.com.mx\/"},{"@type":"ListItem","position":2,"name":"Tienda","item":"https:\/\/www.mercadokeys.com\/shop\/"},{"@type":"ListItem","position":3,"name":"Vacation Simulator Steam CD Key"}]},{"@type":"WebSite","@id":"https:\/\/www.mercadokeys.com\/eng\/#website","url":"https:\/\/www.mercadokeys.com\/eng\/","name":"MERCADOKEYS","description":"Tu Tienda de videojuegos digitales en Mexico!","potentialAction":[{"@type":"SearchAction","target":{"@type":"EntryPoint","urlTemplate":"https:\/\/www.mercadokeys.com\/eng\/?s={search_term_string}"},"query-input":{"@type":"PropertyValueSpecification","valueRequired":true,"valueName":"search_term_string"}}],"inLanguage":"en-GB"}]}},"df_price":308.49225,"df_sale_price":308.49225,"df_regular_price":308.49225,"df_image_link":"https:\/\/www.mercadokeys.com.mx\/wp-content\/uploads\/2021\/01\/Vacation-Simulator-Steam-CD-Key-300x300.jpg","_links":{"self":[{"href":"https:\/\/www.mercadokeys.com.mx\/eng\/wp-json\/wp\/v2\/product\/110452","targetHints":{"allow":["GET"]}}],"collection":[{"href":"https:\/\/www.mercadokeys.com.mx\/eng\/wp-json\/wp\/v2\/product"}],"about":[{"href":"https:\/\/www.mercadokeys.com.mx\/eng\/wp-json\/wp\/v2\/types\/product"}],"wp:featuredmedia":[{"embeddable":true,"href":"https:\/\/www.mercadokeys.com.mx\/eng\/wp-json\/wp\/v2\/media\/110902"}],"wp:attachment":[{"href":"https:\/\/www.mercadokeys.com.mx\/eng\/wp-json\/wp\/v2\/media?parent=110452"}],"wp:term":[{"taxonomy":"product_brand","embeddable":true,"href":"https:\/\/www.mercadokeys.com.mx\/eng\/wp-json\/wp\/v2\/product_brand?post=110452"},{"taxonomy":"product_cat","embeddable":true,"href":"https:\/\/www.mercadokeys.com.mx\/eng\/wp-json\/wp\/v2\/product_cat?post=110452"},{"taxonomy":"product_tag","embeddable":true,"href":"https:\/\/www.mercadokeys.com.mx\/eng\/wp-json\/wp\/v2\/product_tag?post=110452"}],"curies":[{"name":"wp","href":"https:\/\/api.w.org\/{rel}","templated":true}]}}