{"id":110451,"date":"2021-01-18T12:04:44","date_gmt":"2021-01-18T20:04:44","guid":{"rendered":"https:\/\/www.mercadokeys.com\/product\/borderlands-2-vr-steam-cd-key\/"},"modified":"2026-02-09T19:58:59","modified_gmt":"2026-02-10T03:58:59","slug":"borderlands-2-vr-steam-cd-key","status":"publish","type":"product","link":"https:\/\/www.mercadokeys.com.mx\/eng\/product\/borderlands-2-vr-steam-cd-key\/","title":{"rendered":"Borderlands 2 VR Steam CD Key"},"content":{"rendered":"<p>Borderlands 2 est\u00e1 repleto de objetos te est\u00e1 esperando! Sum\u00e9rgete en el ind\u00f3mito mundo de Borderlands. Consigue much\u00edsimas armas y ponte en la piel de un Vault Hunter cazatesoros que desea llenarse los bolsillos. \u00a1Apunta en tiempo real y acaba con los bandidos, golpea a los psychos en la cara, pilotea veh\u00edculos robados y libera Pandora de las garras de Handsome Jack!<\/p>","protected":false},"excerpt":{"rendered":"<p>Borderlands 2 est\u00e1 repleto de objetos te est\u00e1 esperando! Sum\u00e9rgete en el ind\u00f3mito mundo de Borderlands. Consigue much\u00edsimas armas y ponte en la piel de un Vault Hunter cazatesoros que desea llenarse los bolsillos. \u00a1Apunta en tiempo real y acaba con los bandidos, golpea a los psychos en la cara, pilotea veh\u00edculos robados y libera&#8230;<\/p>","protected":false},"featured_media":118105,"template":"","meta":{"_monsterinsights_skip_tracking":false,"_monsterinsights_sitenote_active":false,"_monsterinsights_sitenote_note":"","_monsterinsights_sitenote_category":0},"product_brand":[],"product_cat":[1501,2981,3596,1271,1283,1280,1273,1316,1426],"product_tag":[1871,1970,2455,2454,1526],"class_list":{"0":"post-110451","1":"product","2":"type-product","3":"status-publish","4":"has-post-thumbnail","6":"product_cat-tienda-de-videojuegos-ultimos-juegos-tijuana-mexico","7":"product_cat-destacados","8":"product_cat-tienda-de-videojuegos-steam-recomendados-en-tijuana-mexico","9":"product_cat-tienda-de-videojuegos-tijuana-mexico","10":"product_cat-tienda-de-videojuegos-plataformas-tijuana-mexico","11":"product_cat-tienda-de-videojuegos-pc-tijuana-mexico","12":"product_cat-tienda-de-videojuegos-steam-key-tijuana-mexico","13":"product_cat-tienda-de-videojuegos-fps-tijuana-mexico","14":"product_cat-tienda-de-videojuegos-lo-mejor-del-vr-tijuana-mexico","15":"product_tag-borderlands","16":"product_tag-borderlands-2","17":"product_tag-borderlands-2-vr","18":"product_tag-borderlands-2-vr-steam","19":"product_tag-steam","21":"first","22":"instock","23":"shipping-taxable","24":"purchasable","25":"product-type-simple"},"yoast_head":"<!-- This site is optimized with the Yoast SEO plugin v27.0 - https:\/\/yoast.com\/product\/yoast-seo-wordpress\/ -->\n<title>Borderlands 2 VR Steam CD Key - MERCADOKEYS<\/title>\n<meta name=\"description\" content=\"Borderlands 2 est\u00e1 repleto de objetos te est\u00e1 esperando! Sum\u00e9rgete en el ind\u00f3mito mundo de Borderlands. Consigue much\u00edsimas armas\" \/>\n<meta name=\"robots\" content=\"index, follow, max-snippet:-1, max-image-preview:large, max-video-preview:-1\" \/>\n<link rel=\"canonical\" href=\"https:\/\/www.mercadokeys.com\/product\/borderlands-2-vr-steam-cd-key\/\" \/>\n<meta property=\"og:locale\" content=\"en_GB\" \/>\n<meta property=\"og:type\" content=\"article\" \/>\n<meta property=\"og:title\" content=\"Borderlands 2 VR Steam CD Key - MERCADOKEYS\" \/>\n<meta property=\"og:description\" content=\"Borderlands 2 est\u00e1 repleto de objetos te est\u00e1 esperando! Sum\u00e9rgete en el ind\u00f3mito mundo de Borderlands. Consigue much\u00edsimas armas\" \/>\n<meta property=\"og:url\" content=\"https:\/\/www.mercadokeys.com\/product\/borderlands-2-vr-steam-cd-key\/\" \/>\n<meta property=\"og:site_name\" content=\"MERCADOKEYS\" \/>\n<meta property=\"article:modified_time\" content=\"2026-02-10T03:58:59+00:00\" \/>\n<meta property=\"og:image\" content=\"https:\/\/www.mercadokeys.com\/wp-content\/uploads\/2021\/01\/Borderlands-2-VR-Steam-CD-Key-1.jpg\" \/>\n\t<meta property=\"og:image:width\" content=\"400\" \/>\n\t<meta property=\"og:image:height\" content=\"584\" \/>\n\t<meta property=\"og:image:type\" content=\"image\/jpeg\" \/>\n<meta name=\"twitter:card\" content=\"summary_large_image\" \/>\n<meta name=\"twitter:label1\" content=\"Estimated reading time\" \/>\n\t<meta name=\"twitter:data1\" content=\"1 minute\" \/>\n<script type=\"application\/ld+json\" class=\"yoast-schema-graph\">{\"@context\":\"https:\/\/schema.org\",\"@graph\":[{\"@type\":\"WebPage\",\"@id\":\"https:\/\/www.mercadokeys.com\/product\/borderlands-2-vr-steam-cd-key\/\",\"url\":\"https:\/\/www.mercadokeys.com\/product\/borderlands-2-vr-steam-cd-key\/\",\"name\":\"Borderlands 2 VR Steam CD Key - MERCADOKEYS\",\"isPartOf\":{\"@id\":\"https:\/\/www.mercadokeys.com\/eng\/#website\"},\"primaryImageOfPage\":{\"@id\":\"https:\/\/www.mercadokeys.com\/product\/borderlands-2-vr-steam-cd-key\/#primaryimage\"},\"image\":{\"@id\":\"https:\/\/www.mercadokeys.com\/product\/borderlands-2-vr-steam-cd-key\/#primaryimage\"},\"thumbnailUrl\":\"https:\/\/www.mercadokeys.com.mx\/wp-content\/uploads\/2021\/01\/Borderlands-2-VR-Steam-CD-Key-1.jpg\",\"datePublished\":\"2021-01-18T20:04:44+00:00\",\"dateModified\":\"2026-02-10T03:58:59+00:00\",\"description\":\"Borderlands 2 est\u00e1 repleto de objetos te est\u00e1 esperando! Sum\u00e9rgete en el ind\u00f3mito mundo de Borderlands. Consigue much\u00edsimas armas\",\"breadcrumb\":{\"@id\":\"https:\/\/www.mercadokeys.com\/product\/borderlands-2-vr-steam-cd-key\/#breadcrumb\"},\"inLanguage\":\"en-GB\",\"potentialAction\":[{\"@type\":\"ReadAction\",\"target\":[\"https:\/\/www.mercadokeys.com\/product\/borderlands-2-vr-steam-cd-key\/\"]}]},{\"@type\":\"ImageObject\",\"inLanguage\":\"en-GB\",\"@id\":\"https:\/\/www.mercadokeys.com\/product\/borderlands-2-vr-steam-cd-key\/#primaryimage\",\"url\":\"https:\/\/www.mercadokeys.com.mx\/wp-content\/uploads\/2021\/01\/Borderlands-2-VR-Steam-CD-Key-1.jpg\",\"contentUrl\":\"https:\/\/www.mercadokeys.com.mx\/wp-content\/uploads\/2021\/01\/Borderlands-2-VR-Steam-CD-Key-1.jpg\",\"width\":400,\"height\":584},{\"@type\":\"BreadcrumbList\",\"@id\":\"https:\/\/www.mercadokeys.com\/product\/borderlands-2-vr-steam-cd-key\/#breadcrumb\",\"itemListElement\":[{\"@type\":\"ListItem\",\"position\":1,\"name\":\"Inicio\",\"item\":\"https:\/\/www.mercadokeys.com.mx\/\"},{\"@type\":\"ListItem\",\"position\":2,\"name\":\"Tienda\",\"item\":\"https:\/\/www.mercadokeys.com\/shop\/\"},{\"@type\":\"ListItem\",\"position\":3,\"name\":\"Borderlands 2 VR Steam CD Key\"}]},{\"@type\":\"WebSite\",\"@id\":\"https:\/\/www.mercadokeys.com\/eng\/#website\",\"url\":\"https:\/\/www.mercadokeys.com\/eng\/\",\"name\":\"MERCADOKEYS\",\"description\":\"Tu Tienda de videojuegos digitales en Mexico!\",\"potentialAction\":[{\"@type\":\"SearchAction\",\"target\":{\"@type\":\"EntryPoint\",\"urlTemplate\":\"https:\/\/www.mercadokeys.com\/eng\/?s={search_term_string}\"},\"query-input\":{\"@type\":\"PropertyValueSpecification\",\"valueRequired\":true,\"valueName\":\"search_term_string\"}}],\"inLanguage\":\"en-GB\"}]}<\/script>\n<!-- \/ Yoast SEO plugin. -->","yoast_head_json":{"title":"Borderlands 2 VR Steam CD Key - MERCADOKEYS","description":"Borderlands 2 est\u00e1 repleto de objetos te est\u00e1 esperando! Sum\u00e9rgete en el ind\u00f3mito mundo de Borderlands. Consigue much\u00edsimas armas","robots":{"index":"index","follow":"follow","max-snippet":"max-snippet:-1","max-image-preview":"max-image-preview:large","max-video-preview":"max-video-preview:-1"},"canonical":"https:\/\/www.mercadokeys.com\/product\/borderlands-2-vr-steam-cd-key\/","og_locale":"en_GB","og_type":"article","og_title":"Borderlands 2 VR Steam CD Key - MERCADOKEYS","og_description":"Borderlands 2 est\u00e1 repleto de objetos te est\u00e1 esperando! Sum\u00e9rgete en el ind\u00f3mito mundo de Borderlands. Consigue much\u00edsimas armas","og_url":"https:\/\/www.mercadokeys.com\/product\/borderlands-2-vr-steam-cd-key\/","og_site_name":"MERCADOKEYS","article_modified_time":"2026-02-10T03:58:59+00:00","og_image":[{"width":400,"height":584,"url":"https:\/\/www.mercadokeys.com\/wp-content\/uploads\/2021\/01\/Borderlands-2-VR-Steam-CD-Key-1.jpg","type":"image\/jpeg"}],"twitter_card":"summary_large_image","twitter_misc":{"Estimated reading time":"1 minute"},"schema":{"@context":"https:\/\/schema.org","@graph":[{"@type":"WebPage","@id":"https:\/\/www.mercadokeys.com\/product\/borderlands-2-vr-steam-cd-key\/","url":"https:\/\/www.mercadokeys.com\/product\/borderlands-2-vr-steam-cd-key\/","name":"Borderlands 2 VR Steam CD Key - MERCADOKEYS","isPartOf":{"@id":"https:\/\/www.mercadokeys.com\/eng\/#website"},"primaryImageOfPage":{"@id":"https:\/\/www.mercadokeys.com\/product\/borderlands-2-vr-steam-cd-key\/#primaryimage"},"image":{"@id":"https:\/\/www.mercadokeys.com\/product\/borderlands-2-vr-steam-cd-key\/#primaryimage"},"thumbnailUrl":"https:\/\/www.mercadokeys.com.mx\/wp-content\/uploads\/2021\/01\/Borderlands-2-VR-Steam-CD-Key-1.jpg","datePublished":"2021-01-18T20:04:44+00:00","dateModified":"2026-02-10T03:58:59+00:00","description":"Borderlands 2 est\u00e1 repleto de objetos te est\u00e1 esperando! Sum\u00e9rgete en el ind\u00f3mito mundo de Borderlands. Consigue much\u00edsimas armas","breadcrumb":{"@id":"https:\/\/www.mercadokeys.com\/product\/borderlands-2-vr-steam-cd-key\/#breadcrumb"},"inLanguage":"en-GB","potentialAction":[{"@type":"ReadAction","target":["https:\/\/www.mercadokeys.com\/product\/borderlands-2-vr-steam-cd-key\/"]}]},{"@type":"ImageObject","inLanguage":"en-GB","@id":"https:\/\/www.mercadokeys.com\/product\/borderlands-2-vr-steam-cd-key\/#primaryimage","url":"https:\/\/www.mercadokeys.com.mx\/wp-content\/uploads\/2021\/01\/Borderlands-2-VR-Steam-CD-Key-1.jpg","contentUrl":"https:\/\/www.mercadokeys.com.mx\/wp-content\/uploads\/2021\/01\/Borderlands-2-VR-Steam-CD-Key-1.jpg","width":400,"height":584},{"@type":"BreadcrumbList","@id":"https:\/\/www.mercadokeys.com\/product\/borderlands-2-vr-steam-cd-key\/#breadcrumb","itemListElement":[{"@type":"ListItem","position":1,"name":"Inicio","item":"https:\/\/www.mercadokeys.com.mx\/"},{"@type":"ListItem","position":2,"name":"Tienda","item":"https:\/\/www.mercadokeys.com\/shop\/"},{"@type":"ListItem","position":3,"name":"Borderlands 2 VR Steam CD Key"}]},{"@type":"WebSite","@id":"https:\/\/www.mercadokeys.com\/eng\/#website","url":"https:\/\/www.mercadokeys.com\/eng\/","name":"MERCADOKEYS","description":"Tu Tienda de videojuegos digitales en Mexico!","potentialAction":[{"@type":"SearchAction","target":{"@type":"EntryPoint","urlTemplate":"https:\/\/www.mercadokeys.com\/eng\/?s={search_term_string}"},"query-input":{"@type":"PropertyValueSpecification","valueRequired":true,"valueName":"search_term_string"}}],"inLanguage":"en-GB"}]}},"df_price":404.588333,"df_sale_price":404.588333,"df_regular_price":404.588333,"df_image_link":"https:\/\/www.mercadokeys.com.mx\/wp-content\/uploads\/2021\/01\/Borderlands-2-VR-Steam-CD-Key-1-205x300.jpg","_links":{"self":[{"href":"https:\/\/www.mercadokeys.com.mx\/eng\/wp-json\/wp\/v2\/product\/110451","targetHints":{"allow":["GET"]}}],"collection":[{"href":"https:\/\/www.mercadokeys.com.mx\/eng\/wp-json\/wp\/v2\/product"}],"about":[{"href":"https:\/\/www.mercadokeys.com.mx\/eng\/wp-json\/wp\/v2\/types\/product"}],"wp:featuredmedia":[{"embeddable":true,"href":"https:\/\/www.mercadokeys.com.mx\/eng\/wp-json\/wp\/v2\/media\/118105"}],"wp:attachment":[{"href":"https:\/\/www.mercadokeys.com.mx\/eng\/wp-json\/wp\/v2\/media?parent=110451"}],"wp:term":[{"taxonomy":"product_brand","embeddable":true,"href":"https:\/\/www.mercadokeys.com.mx\/eng\/wp-json\/wp\/v2\/product_brand?post=110451"},{"taxonomy":"product_cat","embeddable":true,"href":"https:\/\/www.mercadokeys.com.mx\/eng\/wp-json\/wp\/v2\/product_cat?post=110451"},{"taxonomy":"product_tag","embeddable":true,"href":"https:\/\/www.mercadokeys.com.mx\/eng\/wp-json\/wp\/v2\/product_tag?post=110451"}],"curies":[{"name":"wp","href":"https:\/\/api.w.org\/{rel}","templated":true}]}}