{"id":110399,"date":"2021-01-15T16:41:41","date_gmt":"2021-01-16T00:41:41","guid":{"rendered":"https:\/\/www.mercadokeys.com\/product\/sid-meiers-civilization-vi-gold-edition-steam-key-global\/"},"modified":"2022-06-29T06:05:02","modified_gmt":"2022-06-29T13:05:02","slug":"sid-meiers-civilization-vi-gold-edition-steam-cd-key-2","status":"publish","type":"product","link":"https:\/\/www.mercadokeys.com.mx\/eng\/product\/sid-meiers-civilization-vi-gold-edition-steam-cd-key-2\/","title":{"rendered":"Sid Meier&#8217;s Civilization VI Gold Edition Steam CD Key"},"content":{"rendered":"<h2 style=\"font-size: 14px\"><b><span style=\"vertical-align: inherit\">Sid Meier&#8217;s Civilization VI Gold Edition incluye:\u00a0<\/span><\/b><\/h2>\n<ul>\n<li><span style=\"vertical-align: inherit\"><span class=\"\" style=\"vertical-align: inherit\">Sid Meier&#8217;s Civilization VI<\/span><\/span><\/li>\n<li><span style=\"vertical-align: inherit\"><span class=\"\" style=\"vertical-align: inherit\">Vikings Scenario Pack<\/span><\/span><\/li>\n<li><span style=\"vertical-align: inherit\"><span class=\"\" style=\"vertical-align: inherit\">Polonia Civilization &amp; Scenario Pack<\/span><\/span><\/li>\n<li><span style=\"vertical-align: inherit\"><span class=\"\" style=\"vertical-align: inherit\">\u00a0Australia Civilization &amp; Scenario Pack<\/span><\/span><\/li>\n<li><span style=\"vertical-align: inherit\"><span class=\"\" style=\"vertical-align: inherit\">\u00a0Persia y Macedonia Civilization &amp; Scenario Pack<\/span><\/span><\/li>\n<li><span style=\"vertical-align: inherit\"><span class=\"\" style=\"vertical-align: inherit\">Nubia Civilization &amp; Scenario Pack<\/span><\/span><\/li>\n<li><span style=\"vertical-align: inherit\"><span class=\"\" style=\"vertical-align: inherit\">Khmer e Indonesia Civilization &amp; Scenario Pack<\/span><\/span><\/li>\n<li><span style=\"vertical-align: inherit\"><span class=\"\" style=\"vertical-align: inherit\">Civilization VI: expansi\u00f3n Rise and Fall<\/span><\/span><\/li>\n<\/ul>\n<p>&nbsp;<\/p>\n<p><span style=\"vertical-align: inherit\">Sid Meier&#8217;s Civilization VI es la nueva entrega de la serie de juegos de estrategia de larga duraci\u00f3n, y la primera de la serie principal desde Civilization V.Civ 6 de 2010 ha mejorado los gr\u00e1ficos y el estilo art\u00edstico renovado, pero lo m\u00e1s importante es que tiene numerosas mejoras en los sistemas anteriores. encarnaciones. <\/span><br \/>\n<span style=\"vertical-align: inherit\">Conserva las caracter\u00edsticas que hicieron popular a la serie: mapas similares a la Tierra generados aleatoriamente, se centran en las interacciones entre civilizaciones y le dan al jugador la oportunidad de convertirse en uno de los l\u00edderes hist\u00f3ricos inmortales que gu\u00edan sus culturas hacia la dominaci\u00f3n global a trav\u00e9s de los siglos.<\/span><\/p>\n<p>&nbsp;<\/p>\n<p><span style=\"vertical-align: inherit\">Urbanismo m\u00e1s profundo<\/span><\/p>\n<p>&nbsp;<\/p>\n<p><span style=\"vertical-align: inherit\">Las ciudades se encuentran entre los componentes clave de un buen juego de Civilization, y una gesti\u00f3n h\u00e1bil de ellas es lo que decide la derrota o la victoria. Civilization VI introduce distritos: zonas especializadas que apoyan a las ciudades. La construcci\u00f3n de un distrito requiere una ficha gratuita y est\u00e1 sujeta a ciertos requisitos. Un campus que apoye proyectos cient\u00edficos puede requerir una monta\u00f1a cercana, por ejemplo. Los campus fomentan la especializaci\u00f3n de sus ciudades y una planificaci\u00f3n cuidadosa para asegurarse de que se puedan construir los distritos que desea.<\/span><\/p>\n<p>&nbsp;<\/p>\n<h3><span style=\"vertical-align: inherit\">Diplomacia mejorada\u00a0<\/span><\/h3>\n<p>&nbsp;<\/p>\n<p><span style=\"vertical-align: inherit\">El sistema de diplomacia de Civilization VI proporciona una jugabilidad m\u00e1s comprensible y clara que nunca. Todos los l\u00edderes gestionados por IA ahora tienen un conjunto de dos agendas que definen sus pol\u00edticas y actitudes. Si bien uno se conoce desde el principio, el otro estar\u00e1 oculto para su propio l\u00edder hasta que se haga un mayor esfuerzo para descubrirlo a trav\u00e9s de contactos futuros. De manera similar, la interacci\u00f3n de la nueva caracter\u00edstica de Civilization V, ciudades-estado, se ha mejorado en Civ VI. Ahora tu influencia sobre ellos debe ganarse mediante misiones especiales, y est\u00e1 representada por el n\u00famero de enviados que tiene tu civilizaci\u00f3n en una ciudad-estado determinada.<\/span><\/p>\n<p>&nbsp;<\/p>\n<p><span style=\"vertical-align: inherit\">Jugabilidad equilibrada entre cultura y ciencia<\/span><\/p>\n<p>&nbsp;<\/p>\n<p><span style=\"vertical-align: inherit\">Civilization VI resuelve un viejo dilema de establecer prioridades en el crecimiento de Civilization. Introduce \u00e1rboles duales para tecnolog\u00eda y educaci\u00f3n c\u00edvica. Este \u00faltimo contiene ciertos descubrimientos relacionados con la cultura que anteriormente formaban parte de los \u00e1rboles tecnol\u00f3gicos. Drama, Filosof\u00eda y m\u00e1s ahora son parte del \u00e1rbol de Civics, para una victoria cultural m\u00e1s accesible. Completar ciertas C\u00edvicas incluso desbloquear\u00e1 pol\u00edticas que pueden ser empleadas por el gobierno.<\/span><\/p>\n<p>&nbsp;<\/p>\n<h3><span style=\"vertical-align: inherit\">Jugabilidad cient\u00edfica m\u00e1s activa en Sid Meier&#8217;s Civilization VI<\/span><\/h3>\n<p>&nbsp;<\/p>\n<p><span style=\"vertical-align: inherit\">El \u00e1rbol de tecnolog\u00eda se ha modificado para convertirse en el sistema de investigaci\u00f3n activo que ofrece impulsos de investigaci\u00f3n si se cumplen ciertas condiciones. La investigaci\u00f3n de la mamposter\u00eda ser\u00e1 m\u00e1s f\u00e1cil si se construye una cantera. Por el contrario, la eliminaci\u00f3n de los recursos de apoyo afectar\u00e1 negativamente su capacidad para investigar tecnolog\u00edas conectadas. <\/span><br \/>\n<span style=\"vertical-align: inherit\">Los momentos Eureka, por otro lado, mueven a Civs m\u00e1s hacia ciertas tecnolog\u00edas basadas en acciones dentro del juego. Derrotar enemigos ahora puede ser un gran avance para la investigaci\u00f3n de armas.<\/span><\/p>","protected":false},"excerpt":{"rendered":"<p>Sid Meier&#8217;s Civilization VI Gold Edition incluye:\u00a0 Sid Meier&#8217;s Civilization VI Vikings Scenario Pack Polonia Civilization &amp; Scenario Pack \u00a0Australia Civilization &amp; Scenario Pack \u00a0Persia y Macedonia Civilization &amp; Scenario Pack Nubia Civilization &amp; Scenario Pack Khmer e Indonesia Civilization &amp; Scenario Pack Civilization VI: expansi\u00f3n Rise and Fall &nbsp; Sid Meier&#8217;s Civilization VI es&#8230;<\/p>","protected":false},"featured_media":110916,"template":"","meta":{"_monsterinsights_skip_tracking":false,"_monsterinsights_sitenote_active":false,"_monsterinsights_sitenote_note":"","_monsterinsights_sitenote_category":0},"product_brand":[],"product_cat":[1501,1271,1283,1280,1273,1424,1423],"product_tag":[2723,2727,2726,1526],"class_list":{"0":"post-110399","1":"product","2":"type-product","3":"status-publish","4":"has-post-thumbnail","6":"product_cat-tienda-de-videojuegos-ultimos-juegos-tijuana-mexico","7":"product_cat-tienda-de-videojuegos-tijuana-mexico","8":"product_cat-tienda-de-videojuegos-plataformas-tijuana-mexico","9":"product_cat-tienda-de-videojuegos-pc-tijuana-mexico","10":"product_cat-tienda-de-videojuegos-steam-key-tijuana-mexico","11":"product_cat-tienda-de-videojuegos-lo-mas-jugados-tijuana-mexico","12":"product_cat-tienda-de-videojuegos-nuevos-lanzamientos-tijuana-mexico","13":"product_tag-sid-meiers-civilization-vi","14":"product_tag-sid-meiers-civilization-vi-gold-edition","15":"product_tag-sid-meiers-civilization-vi-gold-edition-steam","16":"product_tag-steam","18":"first","19":"instock","20":"shipping-taxable","21":"purchasable","22":"product-type-simple"},"yoast_head":"<!-- This site is optimized with the Yoast SEO plugin v27.0 - https:\/\/yoast.com\/product\/yoast-seo-wordpress\/ -->\n<title>Sid Meier&#039;s Civilization VI Gold Edition Steam CD Key - MERCADOKEYS<\/title>\n<meta name=\"description\" content=\"Sid Meier&#039;s Civilization VI es la nueva entrega de la serie de juegos de estrategia de larga duraci\u00f3n, y la primera de la serie principal\" \/>\n<meta name=\"robots\" content=\"index, follow, max-snippet:-1, max-image-preview:large, max-video-preview:-1\" \/>\n<link rel=\"canonical\" href=\"https:\/\/www.mercadokeys.com\/product\/sid-meiers-civilization-vi-gold-edition-steam-cd-key-2\/\" \/>\n<meta property=\"og:locale\" content=\"en_GB\" \/>\n<meta property=\"og:type\" content=\"article\" \/>\n<meta property=\"og:title\" content=\"Sid Meier&#039;s Civilization VI Gold Edition Steam CD Key - MERCADOKEYS\" \/>\n<meta property=\"og:description\" content=\"Sid Meier&#039;s Civilization VI es la nueva entrega de la serie de juegos de estrategia de larga duraci\u00f3n, y la primera de la serie principal\" \/>\n<meta property=\"og:url\" content=\"https:\/\/www.mercadokeys.com\/product\/sid-meiers-civilization-vi-gold-edition-steam-cd-key-2\/\" \/>\n<meta property=\"og:site_name\" content=\"MERCADOKEYS\" \/>\n<meta property=\"article:modified_time\" content=\"2022-06-29T13:05:02+00:00\" \/>\n<meta property=\"og:image\" content=\"https:\/\/www.mercadokeys.com\/wp-content\/uploads\/2021\/01\/Sid-Meiers-Civilization-VI-Gold-Edition-Steam-CD-Key.jpg\" \/>\n\t<meta property=\"og:image:width\" content=\"500\" \/>\n\t<meta property=\"og:image:height\" content=\"500\" \/>\n\t<meta property=\"og:image:type\" content=\"image\/jpeg\" \/>\n<meta name=\"twitter:card\" content=\"summary_large_image\" \/>\n<meta name=\"twitter:label1\" content=\"Estimated reading time\" \/>\n\t<meta name=\"twitter:data1\" content=\"3 minutes\" \/>\n<script type=\"application\/ld+json\" class=\"yoast-schema-graph\">{\"@context\":\"https:\/\/schema.org\",\"@graph\":[{\"@type\":\"WebPage\",\"@id\":\"https:\/\/www.mercadokeys.com\/product\/sid-meiers-civilization-vi-gold-edition-steam-cd-key-2\/\",\"url\":\"https:\/\/www.mercadokeys.com\/product\/sid-meiers-civilization-vi-gold-edition-steam-cd-key-2\/\",\"name\":\"Sid Meier's Civilization VI Gold Edition Steam CD Key - MERCADOKEYS\",\"isPartOf\":{\"@id\":\"https:\/\/www.mercadokeys.com\/eng\/#website\"},\"primaryImageOfPage\":{\"@id\":\"https:\/\/www.mercadokeys.com\/product\/sid-meiers-civilization-vi-gold-edition-steam-cd-key-2\/#primaryimage\"},\"image\":{\"@id\":\"https:\/\/www.mercadokeys.com\/product\/sid-meiers-civilization-vi-gold-edition-steam-cd-key-2\/#primaryimage\"},\"thumbnailUrl\":\"https:\/\/www.mercadokeys.com.mx\/wp-content\/uploads\/2021\/01\/Sid-Meiers-Civilization-VI-Gold-Edition-Steam-CD-Key.jpg\",\"datePublished\":\"2021-01-16T00:41:41+00:00\",\"dateModified\":\"2022-06-29T13:05:02+00:00\",\"description\":\"Sid Meier's Civilization VI es la nueva entrega de la serie de juegos de estrategia de larga duraci\u00f3n, y la primera de la serie principal\",\"breadcrumb\":{\"@id\":\"https:\/\/www.mercadokeys.com\/product\/sid-meiers-civilization-vi-gold-edition-steam-cd-key-2\/#breadcrumb\"},\"inLanguage\":\"en-GB\",\"potentialAction\":[{\"@type\":\"ReadAction\",\"target\":[\"https:\/\/www.mercadokeys.com\/product\/sid-meiers-civilization-vi-gold-edition-steam-cd-key-2\/\"]}]},{\"@type\":\"ImageObject\",\"inLanguage\":\"en-GB\",\"@id\":\"https:\/\/www.mercadokeys.com\/product\/sid-meiers-civilization-vi-gold-edition-steam-cd-key-2\/#primaryimage\",\"url\":\"https:\/\/www.mercadokeys.com.mx\/wp-content\/uploads\/2021\/01\/Sid-Meiers-Civilization-VI-Gold-Edition-Steam-CD-Key.jpg\",\"contentUrl\":\"https:\/\/www.mercadokeys.com.mx\/wp-content\/uploads\/2021\/01\/Sid-Meiers-Civilization-VI-Gold-Edition-Steam-CD-Key.jpg\",\"width\":500,\"height\":500,\"caption\":\"Sid Meier's Civilization VI es la nueva entrega de la serie de juegos de estrategia de larga duraci\u00f3n, y la primera de la serie principal\"},{\"@type\":\"BreadcrumbList\",\"@id\":\"https:\/\/www.mercadokeys.com\/product\/sid-meiers-civilization-vi-gold-edition-steam-cd-key-2\/#breadcrumb\",\"itemListElement\":[{\"@type\":\"ListItem\",\"position\":1,\"name\":\"Inicio\",\"item\":\"https:\/\/www.mercadokeys.com.mx\/\"},{\"@type\":\"ListItem\",\"position\":2,\"name\":\"Tienda\",\"item\":\"https:\/\/www.mercadokeys.com\/shop\/\"},{\"@type\":\"ListItem\",\"position\":3,\"name\":\"Sid Meier&#8217;s Civilization VI Gold Edition Steam CD Key\"}]},{\"@type\":\"WebSite\",\"@id\":\"https:\/\/www.mercadokeys.com\/eng\/#website\",\"url\":\"https:\/\/www.mercadokeys.com\/eng\/\",\"name\":\"MERCADOKEYS\",\"description\":\"Tu Tienda de videojuegos digitales en Mexico!\",\"potentialAction\":[{\"@type\":\"SearchAction\",\"target\":{\"@type\":\"EntryPoint\",\"urlTemplate\":\"https:\/\/www.mercadokeys.com\/eng\/?s={search_term_string}\"},\"query-input\":{\"@type\":\"PropertyValueSpecification\",\"valueRequired\":true,\"valueName\":\"search_term_string\"}}],\"inLanguage\":\"en-GB\"}]}<\/script>\n<!-- \/ Yoast SEO plugin. -->","yoast_head_json":{"title":"Sid Meier's Civilization VI Gold Edition Steam CD Key - MERCADOKEYS","description":"Sid Meier's Civilization VI es la nueva entrega de la serie de juegos de estrategia de larga duraci\u00f3n, y la primera de la serie principal","robots":{"index":"index","follow":"follow","max-snippet":"max-snippet:-1","max-image-preview":"max-image-preview:large","max-video-preview":"max-video-preview:-1"},"canonical":"https:\/\/www.mercadokeys.com\/product\/sid-meiers-civilization-vi-gold-edition-steam-cd-key-2\/","og_locale":"en_GB","og_type":"article","og_title":"Sid Meier's Civilization VI Gold Edition Steam CD Key - MERCADOKEYS","og_description":"Sid Meier's Civilization VI es la nueva entrega de la serie de juegos de estrategia de larga duraci\u00f3n, y la primera de la serie principal","og_url":"https:\/\/www.mercadokeys.com\/product\/sid-meiers-civilization-vi-gold-edition-steam-cd-key-2\/","og_site_name":"MERCADOKEYS","article_modified_time":"2022-06-29T13:05:02+00:00","og_image":[{"width":500,"height":500,"url":"https:\/\/www.mercadokeys.com\/wp-content\/uploads\/2021\/01\/Sid-Meiers-Civilization-VI-Gold-Edition-Steam-CD-Key.jpg","type":"image\/jpeg"}],"twitter_card":"summary_large_image","twitter_misc":{"Estimated reading time":"3 minutes"},"schema":{"@context":"https:\/\/schema.org","@graph":[{"@type":"WebPage","@id":"https:\/\/www.mercadokeys.com\/product\/sid-meiers-civilization-vi-gold-edition-steam-cd-key-2\/","url":"https:\/\/www.mercadokeys.com\/product\/sid-meiers-civilization-vi-gold-edition-steam-cd-key-2\/","name":"Sid Meier's Civilization VI Gold Edition Steam CD Key - MERCADOKEYS","isPartOf":{"@id":"https:\/\/www.mercadokeys.com\/eng\/#website"},"primaryImageOfPage":{"@id":"https:\/\/www.mercadokeys.com\/product\/sid-meiers-civilization-vi-gold-edition-steam-cd-key-2\/#primaryimage"},"image":{"@id":"https:\/\/www.mercadokeys.com\/product\/sid-meiers-civilization-vi-gold-edition-steam-cd-key-2\/#primaryimage"},"thumbnailUrl":"https:\/\/www.mercadokeys.com.mx\/wp-content\/uploads\/2021\/01\/Sid-Meiers-Civilization-VI-Gold-Edition-Steam-CD-Key.jpg","datePublished":"2021-01-16T00:41:41+00:00","dateModified":"2022-06-29T13:05:02+00:00","description":"Sid Meier's Civilization VI es la nueva entrega de la serie de juegos de estrategia de larga duraci\u00f3n, y la primera de la serie principal","breadcrumb":{"@id":"https:\/\/www.mercadokeys.com\/product\/sid-meiers-civilization-vi-gold-edition-steam-cd-key-2\/#breadcrumb"},"inLanguage":"en-GB","potentialAction":[{"@type":"ReadAction","target":["https:\/\/www.mercadokeys.com\/product\/sid-meiers-civilization-vi-gold-edition-steam-cd-key-2\/"]}]},{"@type":"ImageObject","inLanguage":"en-GB","@id":"https:\/\/www.mercadokeys.com\/product\/sid-meiers-civilization-vi-gold-edition-steam-cd-key-2\/#primaryimage","url":"https:\/\/www.mercadokeys.com.mx\/wp-content\/uploads\/2021\/01\/Sid-Meiers-Civilization-VI-Gold-Edition-Steam-CD-Key.jpg","contentUrl":"https:\/\/www.mercadokeys.com.mx\/wp-content\/uploads\/2021\/01\/Sid-Meiers-Civilization-VI-Gold-Edition-Steam-CD-Key.jpg","width":500,"height":500,"caption":"Sid Meier's Civilization VI es la nueva entrega de la serie de juegos de estrategia de larga duraci\u00f3n, y la primera de la serie principal"},{"@type":"BreadcrumbList","@id":"https:\/\/www.mercadokeys.com\/product\/sid-meiers-civilization-vi-gold-edition-steam-cd-key-2\/#breadcrumb","itemListElement":[{"@type":"ListItem","position":1,"name":"Inicio","item":"https:\/\/www.mercadokeys.com.mx\/"},{"@type":"ListItem","position":2,"name":"Tienda","item":"https:\/\/www.mercadokeys.com\/shop\/"},{"@type":"ListItem","position":3,"name":"Sid Meier&#8217;s Civilization VI Gold Edition Steam CD Key"}]},{"@type":"WebSite","@id":"https:\/\/www.mercadokeys.com\/eng\/#website","url":"https:\/\/www.mercadokeys.com\/eng\/","name":"MERCADOKEYS","description":"Tu Tienda de videojuegos digitales en Mexico!","potentialAction":[{"@type":"SearchAction","target":{"@type":"EntryPoint","urlTemplate":"https:\/\/www.mercadokeys.com\/eng\/?s={search_term_string}"},"query-input":{"@type":"PropertyValueSpecification","valueRequired":true,"valueName":"search_term_string"}}],"inLanguage":"en-GB"}]}},"df_price":606.691895,"df_sale_price":606.691895,"df_regular_price":606.691895,"df_image_link":"https:\/\/www.mercadokeys.com.mx\/wp-content\/uploads\/2021\/01\/Sid-Meiers-Civilization-VI-Gold-Edition-Steam-CD-Key-300x300.jpg","_links":{"self":[{"href":"https:\/\/www.mercadokeys.com.mx\/eng\/wp-json\/wp\/v2\/product\/110399","targetHints":{"allow":["GET"]}}],"collection":[{"href":"https:\/\/www.mercadokeys.com.mx\/eng\/wp-json\/wp\/v2\/product"}],"about":[{"href":"https:\/\/www.mercadokeys.com.mx\/eng\/wp-json\/wp\/v2\/types\/product"}],"wp:featuredmedia":[{"embeddable":true,"href":"https:\/\/www.mercadokeys.com.mx\/eng\/wp-json\/wp\/v2\/media\/110916"}],"wp:attachment":[{"href":"https:\/\/www.mercadokeys.com.mx\/eng\/wp-json\/wp\/v2\/media?parent=110399"}],"wp:term":[{"taxonomy":"product_brand","embeddable":true,"href":"https:\/\/www.mercadokeys.com.mx\/eng\/wp-json\/wp\/v2\/product_brand?post=110399"},{"taxonomy":"product_cat","embeddable":true,"href":"https:\/\/www.mercadokeys.com.mx\/eng\/wp-json\/wp\/v2\/product_cat?post=110399"},{"taxonomy":"product_tag","embeddable":true,"href":"https:\/\/www.mercadokeys.com.mx\/eng\/wp-json\/wp\/v2\/product_tag?post=110399"}],"curies":[{"name":"wp","href":"https:\/\/api.w.org\/{rel}","templated":true}]}}