{"id":110350,"date":"2021-01-13T15:43:38","date_gmt":"2021-01-13T23:43:38","guid":{"rendered":"https:\/\/www.mercadokeys.com\/product\/the-night-of-the-rabbit-steam-key-global\/"},"modified":"2022-06-29T06:04:10","modified_gmt":"2022-06-29T13:04:10","slug":"the-night-of-the-rabbit-steam-cd-key-2","status":"publish","type":"product","link":"https:\/\/www.mercadokeys.com.mx\/eng\/product\/the-night-of-the-rabbit-steam-cd-key-2\/","title":{"rendered":"The Night of the Rabbit Steam CD Key"},"content":{"rendered":"<p><span style=\"vertical-align: inherit\">En The Night of the Rabbit pi\u00e9rdete en una historia de magia y maravillas, donde todo es posible y donde nada es lo que parece: \u00fanete al joven Jerry y sigue a un peculiar conejo blanco hasta el maravilloso reino de Mousewood, una tierra donde las criaturas pueden hablar y donde abunda el misterio.\u00a0<\/span><\/p>\n<p><span style=\"vertical-align: inherit\">Es aqu\u00ed donde el sue\u00f1o de Jerry de ser un mago se hace realidad, aunque una fuerza inquietante y siniestra proyecta una larga sombra sobre el bosque. Alguien les ofrece a los residentes de Mousewood la mejor oferta de su vida: entradas para el mayor espect\u00e1culo de magia que el mundo haya visto jam\u00e1s. Pero el precio es elevado, ya que tendr\u00e1n que apostar sus posesiones m\u00e1s preciadas y tambi\u00e9n sus vidas.\u00a0<\/span><\/p>\n<p>&nbsp;<\/p>\n<h3>Sombras en The Night of the Rabbit<\/h3>\n<p><span style=\"vertical-align: inherit\">Por su parte, mientras que las sombras se hacen m\u00e1s profundas, los residentes de Mousewood solo tienen a Jerry a quien acudir. En una aventura llena de risas y l\u00e1grimas, alegr\u00eda y miedo, el joven se enfrentar\u00e1 a la prueba definitiva; dejando atr\u00e1s el mundo que una vez conoci\u00f3, y su infancia tambi\u00e9n se convertir\u00e1 en una cosa del pasado.<\/span><\/p>","protected":false},"excerpt":{"rendered":"<p>En The Night of the Rabbit pi\u00e9rdete en una historia de magia y maravillas, donde todo es posible y donde nada es lo que parece: \u00fanete al joven Jerry y sigue a un peculiar conejo blanco hasta el maravilloso reino de Mousewood, una tierra donde las criaturas pueden hablar y donde abunda el misterio.\u00a0 Es&#8230;<\/p>","protected":false},"featured_media":110352,"template":"","meta":{"_monsterinsights_skip_tracking":false,"_monsterinsights_sitenote_active":false,"_monsterinsights_sitenote_note":"","_monsterinsights_sitenote_category":0},"product_brand":[],"product_cat":[2981,3596,1271,3164,1283,1280,1273,1396,1423],"product_tag":[1526,2825,2824],"class_list":{"0":"post-110350","1":"product","2":"type-product","3":"status-publish","4":"has-post-thumbnail","6":"product_cat-destacados","7":"product_cat-tienda-de-videojuegos-steam-recomendados-en-tijuana-mexico","8":"product_cat-tienda-de-videojuegos-tijuana-mexico","9":"product_cat-tienda-de-videojuegos-baratos-economicos-tijuana-mexico","10":"product_cat-tienda-de-videojuegos-plataformas-tijuana-mexico","11":"product_cat-tienda-de-videojuegos-pc-tijuana-mexico","12":"product_cat-tienda-de-videojuegos-steam-key-tijuana-mexico","13":"product_cat-tienda-de-videojuegos-simulacion-tijuana-mexico","14":"product_cat-tienda-de-videojuegos-nuevos-lanzamientos-tijuana-mexico","15":"product_tag-steam","16":"product_tag-the-night-of-the-rabbit","17":"product_tag-the-night-of-the-rabbit-steam","19":"first","20":"instock","21":"shipping-taxable","22":"purchasable","23":"product-type-simple"},"yoast_head":"<!-- This site is optimized with the Yoast SEO plugin v27.0 - https:\/\/yoast.com\/product\/yoast-seo-wordpress\/ -->\n<title>The Night of the Rabbit Steam CD Key - MERCADOKEYS<\/title>\n<meta name=\"description\" content=\"En The Night of the Rabbit pi\u00e9rdete en una historia de magia y maravillas, donde todo es posible y donde nada es lo que parece\" \/>\n<meta name=\"robots\" content=\"index, follow, max-snippet:-1, max-image-preview:large, max-video-preview:-1\" \/>\n<link rel=\"canonical\" href=\"https:\/\/www.mercadokeys.com\/product\/the-night-of-the-rabbit-steam-cd-key-2\/\" \/>\n<meta property=\"og:locale\" content=\"en_GB\" \/>\n<meta property=\"og:type\" content=\"article\" \/>\n<meta property=\"og:title\" content=\"The Night of the Rabbit Steam CD Key - MERCADOKEYS\" \/>\n<meta property=\"og:description\" content=\"En The Night of the Rabbit pi\u00e9rdete en una historia de magia y maravillas, donde todo es posible y donde nada es lo que parece\" \/>\n<meta property=\"og:url\" content=\"https:\/\/www.mercadokeys.com\/product\/the-night-of-the-rabbit-steam-cd-key-2\/\" \/>\n<meta property=\"og:site_name\" content=\"MERCADOKEYS\" \/>\n<meta property=\"article:modified_time\" content=\"2022-06-29T13:04:10+00:00\" \/>\n<meta property=\"og:image\" content=\"https:\/\/www.mercadokeys.com\/wp-content\/uploads\/2021\/01\/159230.jpg\" \/>\n\t<meta property=\"og:image:width\" content=\"230\" \/>\n\t<meta property=\"og:image:height\" content=\"336\" \/>\n\t<meta property=\"og:image:type\" content=\"image\/jpeg\" \/>\n<meta name=\"twitter:card\" content=\"summary_large_image\" \/>\n<meta name=\"twitter:label1\" content=\"Estimated reading time\" \/>\n\t<meta name=\"twitter:data1\" content=\"1 minute\" \/>\n<script type=\"application\/ld+json\" class=\"yoast-schema-graph\">{\"@context\":\"https:\/\/schema.org\",\"@graph\":[{\"@type\":\"WebPage\",\"@id\":\"https:\/\/www.mercadokeys.com\/product\/the-night-of-the-rabbit-steam-cd-key-2\/\",\"url\":\"https:\/\/www.mercadokeys.com\/product\/the-night-of-the-rabbit-steam-cd-key-2\/\",\"name\":\"The Night of the Rabbit Steam CD Key - MERCADOKEYS\",\"isPartOf\":{\"@id\":\"https:\/\/www.mercadokeys.com\/eng\/#website\"},\"primaryImageOfPage\":{\"@id\":\"https:\/\/www.mercadokeys.com\/product\/the-night-of-the-rabbit-steam-cd-key-2\/#primaryimage\"},\"image\":{\"@id\":\"https:\/\/www.mercadokeys.com\/product\/the-night-of-the-rabbit-steam-cd-key-2\/#primaryimage\"},\"thumbnailUrl\":\"https:\/\/www.mercadokeys.com.mx\/wp-content\/uploads\/2021\/01\/159230.jpg\",\"datePublished\":\"2021-01-13T23:43:38+00:00\",\"dateModified\":\"2022-06-29T13:04:10+00:00\",\"description\":\"En The Night of the Rabbit pi\u00e9rdete en una historia de magia y maravillas, donde todo es posible y donde nada es lo que parece\",\"breadcrumb\":{\"@id\":\"https:\/\/www.mercadokeys.com\/product\/the-night-of-the-rabbit-steam-cd-key-2\/#breadcrumb\"},\"inLanguage\":\"en-GB\",\"potentialAction\":[{\"@type\":\"ReadAction\",\"target\":[\"https:\/\/www.mercadokeys.com\/product\/the-night-of-the-rabbit-steam-cd-key-2\/\"]}]},{\"@type\":\"ImageObject\",\"inLanguage\":\"en-GB\",\"@id\":\"https:\/\/www.mercadokeys.com\/product\/the-night-of-the-rabbit-steam-cd-key-2\/#primaryimage\",\"url\":\"https:\/\/www.mercadokeys.com.mx\/wp-content\/uploads\/2021\/01\/159230.jpg\",\"contentUrl\":\"https:\/\/www.mercadokeys.com.mx\/wp-content\/uploads\/2021\/01\/159230.jpg\",\"width\":230,\"height\":336,\"caption\":\"En The Night of the Rabbit pi\u00e9rdete en una historia de magia y maravillas, donde todo es posible y donde nada es lo que parece\"},{\"@type\":\"BreadcrumbList\",\"@id\":\"https:\/\/www.mercadokeys.com\/product\/the-night-of-the-rabbit-steam-cd-key-2\/#breadcrumb\",\"itemListElement\":[{\"@type\":\"ListItem\",\"position\":1,\"name\":\"Inicio\",\"item\":\"https:\/\/www.mercadokeys.com.mx\/\"},{\"@type\":\"ListItem\",\"position\":2,\"name\":\"Tienda\",\"item\":\"https:\/\/www.mercadokeys.com\/shop\/\"},{\"@type\":\"ListItem\",\"position\":3,\"name\":\"The Night of the Rabbit Steam CD Key\"}]},{\"@type\":\"WebSite\",\"@id\":\"https:\/\/www.mercadokeys.com\/eng\/#website\",\"url\":\"https:\/\/www.mercadokeys.com\/eng\/\",\"name\":\"MERCADOKEYS\",\"description\":\"Tu Tienda de videojuegos digitales en Mexico!\",\"potentialAction\":[{\"@type\":\"SearchAction\",\"target\":{\"@type\":\"EntryPoint\",\"urlTemplate\":\"https:\/\/www.mercadokeys.com\/eng\/?s={search_term_string}\"},\"query-input\":{\"@type\":\"PropertyValueSpecification\",\"valueRequired\":true,\"valueName\":\"search_term_string\"}}],\"inLanguage\":\"en-GB\"}]}<\/script>\n<!-- \/ Yoast SEO plugin. -->","yoast_head_json":{"title":"The Night of the Rabbit Steam CD Key - MERCADOKEYS","description":"En The Night of the Rabbit pi\u00e9rdete en una historia de magia y maravillas, donde todo es posible y donde nada es lo que parece","robots":{"index":"index","follow":"follow","max-snippet":"max-snippet:-1","max-image-preview":"max-image-preview:large","max-video-preview":"max-video-preview:-1"},"canonical":"https:\/\/www.mercadokeys.com\/product\/the-night-of-the-rabbit-steam-cd-key-2\/","og_locale":"en_GB","og_type":"article","og_title":"The Night of the Rabbit Steam CD Key - MERCADOKEYS","og_description":"En The Night of the Rabbit pi\u00e9rdete en una historia de magia y maravillas, donde todo es posible y donde nada es lo que parece","og_url":"https:\/\/www.mercadokeys.com\/product\/the-night-of-the-rabbit-steam-cd-key-2\/","og_site_name":"MERCADOKEYS","article_modified_time":"2022-06-29T13:04:10+00:00","og_image":[{"width":230,"height":336,"url":"https:\/\/www.mercadokeys.com\/wp-content\/uploads\/2021\/01\/159230.jpg","type":"image\/jpeg"}],"twitter_card":"summary_large_image","twitter_misc":{"Estimated reading time":"1 minute"},"schema":{"@context":"https:\/\/schema.org","@graph":[{"@type":"WebPage","@id":"https:\/\/www.mercadokeys.com\/product\/the-night-of-the-rabbit-steam-cd-key-2\/","url":"https:\/\/www.mercadokeys.com\/product\/the-night-of-the-rabbit-steam-cd-key-2\/","name":"The Night of the Rabbit Steam CD Key - MERCADOKEYS","isPartOf":{"@id":"https:\/\/www.mercadokeys.com\/eng\/#website"},"primaryImageOfPage":{"@id":"https:\/\/www.mercadokeys.com\/product\/the-night-of-the-rabbit-steam-cd-key-2\/#primaryimage"},"image":{"@id":"https:\/\/www.mercadokeys.com\/product\/the-night-of-the-rabbit-steam-cd-key-2\/#primaryimage"},"thumbnailUrl":"https:\/\/www.mercadokeys.com.mx\/wp-content\/uploads\/2021\/01\/159230.jpg","datePublished":"2021-01-13T23:43:38+00:00","dateModified":"2022-06-29T13:04:10+00:00","description":"En The Night of the Rabbit pi\u00e9rdete en una historia de magia y maravillas, donde todo es posible y donde nada es lo que parece","breadcrumb":{"@id":"https:\/\/www.mercadokeys.com\/product\/the-night-of-the-rabbit-steam-cd-key-2\/#breadcrumb"},"inLanguage":"en-GB","potentialAction":[{"@type":"ReadAction","target":["https:\/\/www.mercadokeys.com\/product\/the-night-of-the-rabbit-steam-cd-key-2\/"]}]},{"@type":"ImageObject","inLanguage":"en-GB","@id":"https:\/\/www.mercadokeys.com\/product\/the-night-of-the-rabbit-steam-cd-key-2\/#primaryimage","url":"https:\/\/www.mercadokeys.com.mx\/wp-content\/uploads\/2021\/01\/159230.jpg","contentUrl":"https:\/\/www.mercadokeys.com.mx\/wp-content\/uploads\/2021\/01\/159230.jpg","width":230,"height":336,"caption":"En The Night of the Rabbit pi\u00e9rdete en una historia de magia y maravillas, donde todo es posible y donde nada es lo que parece"},{"@type":"BreadcrumbList","@id":"https:\/\/www.mercadokeys.com\/product\/the-night-of-the-rabbit-steam-cd-key-2\/#breadcrumb","itemListElement":[{"@type":"ListItem","position":1,"name":"Inicio","item":"https:\/\/www.mercadokeys.com.mx\/"},{"@type":"ListItem","position":2,"name":"Tienda","item":"https:\/\/www.mercadokeys.com\/shop\/"},{"@type":"ListItem","position":3,"name":"The Night of the Rabbit Steam CD Key"}]},{"@type":"WebSite","@id":"https:\/\/www.mercadokeys.com\/eng\/#website","url":"https:\/\/www.mercadokeys.com\/eng\/","name":"MERCADOKEYS","description":"Tu Tienda de videojuegos digitales en Mexico!","potentialAction":[{"@type":"SearchAction","target":{"@type":"EntryPoint","urlTemplate":"https:\/\/www.mercadokeys.com\/eng\/?s={search_term_string}"},"query-input":{"@type":"PropertyValueSpecification","valueRequired":true,"valueName":"search_term_string"}}],"inLanguage":"en-GB"}]}},"df_price":63.18516,"df_sale_price":63.18516,"df_regular_price":63.18516,"df_image_link":"https:\/\/www.mercadokeys.com.mx\/wp-content\/uploads\/2021\/01\/159230-205x300.jpg","_links":{"self":[{"href":"https:\/\/www.mercadokeys.com.mx\/eng\/wp-json\/wp\/v2\/product\/110350","targetHints":{"allow":["GET"]}}],"collection":[{"href":"https:\/\/www.mercadokeys.com.mx\/eng\/wp-json\/wp\/v2\/product"}],"about":[{"href":"https:\/\/www.mercadokeys.com.mx\/eng\/wp-json\/wp\/v2\/types\/product"}],"wp:featuredmedia":[{"embeddable":true,"href":"https:\/\/www.mercadokeys.com.mx\/eng\/wp-json\/wp\/v2\/media\/110352"}],"wp:attachment":[{"href":"https:\/\/www.mercadokeys.com.mx\/eng\/wp-json\/wp\/v2\/media?parent=110350"}],"wp:term":[{"taxonomy":"product_brand","embeddable":true,"href":"https:\/\/www.mercadokeys.com.mx\/eng\/wp-json\/wp\/v2\/product_brand?post=110350"},{"taxonomy":"product_cat","embeddable":true,"href":"https:\/\/www.mercadokeys.com.mx\/eng\/wp-json\/wp\/v2\/product_cat?post=110350"},{"taxonomy":"product_tag","embeddable":true,"href":"https:\/\/www.mercadokeys.com.mx\/eng\/wp-json\/wp\/v2\/product_tag?post=110350"}],"curies":[{"name":"wp","href":"https:\/\/api.w.org\/{rel}","templated":true}]}}